{"id":982,"date":"2025-12-22T16:14:59","date_gmt":"2025-12-22T16:14:59","guid":{"rendered":"https:\/\/espacemenager2000.fr\/?post_type=product&#038;p=982"},"modified":"2026-05-10T20:42:19","modified_gmt":"2026-05-10T20:42:19","slug":"velo-elliptique-bh-athlon-program","status":"publish","type":"product","link":"https:\/\/espacemenager2000.fr\/en\/product\/velo-elliptique-bh-athlon-program\/","title":{"rendered":"V\u00e9lo Elliptique BH Athlon Program"},"content":{"rendered":"<h2>V\u00e9lo Elliptique BH Athlon Program<\/h2>\n<p>Le V\u00e9lo Elliptique BH Athlon Program ou\u00a0 <strong>BH Athlon Program\u00a0<\/strong>\u00a0est un\u00a0\u00a0V\u00e9lo elliptique\u00a0\u00a0pour une utilisation domestique r\u00e9guli\u00e8re (de 3 \u00e0 7 heures par semaine) qui poss\u00e8de\u00a0<strong>Syst\u00e8me de frein magn\u00e9tique et une console\u00a0<\/strong><strong>LCD avec\u00a0<\/strong>12 profils pr\u00e9d\u00e9finis et 24 niveaux d&#8217;intensit\u00e9.<\/p>\n<h3>Caract\u00e9ristiques V\u00e9lo Elliptique BH Athlon Program<\/h3>\n<div class=\"contenido\">\n<div><\/div>\n<div>\n<p>Le\u00a0<strong>BH Athlon Program\u00a0<\/strong>\u00a0est un\u00a0\u00a0V\u00e9lo elliptique\u00a0\u00a0pour une utilisation domestique r\u00e9guli\u00e8re (de 3 \u00e0 7 heures par semaine) qui poss\u00e8de\u00a0<strong>Syst\u00e8me de frein magn\u00e9tique et une console\u00a0<\/strong><strong>LCD avec\u00a0<\/strong>12 profils pr\u00e9d\u00e9finis et 24 niveaux d&#8217;intensit\u00e9.<\/p>\n<div>\n<p><strong>Points cl\u00e9s V\u00e9lo Elliptique BH Athlon Program<\/strong><\/p>\n<div><strong>Mesure de l&#8217;impulsion de contact<\/strong><\/div>\n<div>Mesure du pouls par contact sur le guidon.<\/div>\n<div><img decoding=\"async\" class=\"lazy-content img-fluid\" src=\"https:\/\/www.fitnessdigital.fr\/images\/productos\/detalles\/bh\/bh-g2336b-1.jpg\" alt=\"bh-g2336b-1\" \/><\/div>\n<p><strong>30 cm<\/strong><br \/>\nId\u00e9al pour les petits utilisateurs et les d\u00e9butants en formation.<\/p>\n<div><img decoding=\"async\" class=\"lazy-content img-fluid\" src=\"https:\/\/www.fitnessdigital.fr\/images\/productos\/detalles\/bh\/bh-g2336b-2.jpg\" alt=\"bh-g2336b-2\" \/><\/div>\n<div><strong>Stabilit\u00e9 maximale<\/strong><\/div>\n<div>Syst\u00e8me de stabilisation sur les pieds arri\u00e8re.<\/div>\n<div><img decoding=\"async\" class=\"lazy-content img-fluid\" src=\"https:\/\/www.fitnessdigital.fr\/images\/productos\/detalles\/bh\/bh-g2336b-3.jpg\" alt=\"bh-g2336b-3\" \/><\/div>\n<div><strong>Moniteur du programme M2<\/strong><\/div>\n<div>Moniteur LCD avec 12 programmes et 24 niveaux d&#8217;intensit\u00e9.<\/div>\n<div>\n<div><img decoding=\"async\" class=\"lazy-content img-fluid\" src=\"https:\/\/www.fitnessdigital.fr\/images\/productos\/detalles\/bh\/BH-Athlon-ProgramFTP.jpg\" alt=\"BH-Athlon-ProgramFTP\" \/><\/div>\n<\/div>\n<\/div>\n<div>\n<div><strong>Roulements dans la zone du p\u00e9dalier<\/strong><\/div>\n<div>Aucun roulement dans les joints.<\/div>\n<\/div>\n<\/div>\n<div>\n<h4><strong>Caract\u00e9ristiques V\u00e9lo BH Athlon Program<\/strong><\/h4>\n<ul>\n<li><strong>Con\u00e7u pour une utilisation domestique r\u00e9guli\u00e8re<\/strong><br \/>\nPour entra\u00eenements de 3 \u00e0 7 heures par semaine.<\/li>\n<li><strong>Syst\u00e8me de frein magn\u00e9tique<\/strong><br \/>\nSans entretien. P\u00e9dalage silencieux et en douceur avec diff\u00e9rentes tensions.<\/li>\n<li><strong>Mesure du pouls par contact sur le guidon<\/strong><br \/>\nFournit objectifs pour un entra\u00eenement avanc\u00e9.<\/li>\n<\/ul>\n<h4><strong>Console et programmes<br \/>\n<\/strong><\/h4>\n<ul>\n<li><strong>Console LCD avec 12 profils d\u2019exercice diff\u00e9rents avec 24 niveaux d\u2019intensit\u00e9 chacun<\/strong><br \/>\nFournit objectifs qui aident \u00e0 r\u00e9duire le stress.<\/li>\n<li><strong>4 Programmes de contr\u00f4le de la fr\u00e9quence cardiaque (HRC)<\/strong><br \/>\nPermet choisir les zones cardiovasculaires durant l\u2019exercice. Contr\u00f4le automatiquement l&#8217;intensit\u00e9 de l&#8217;exercice pour maintenir l&#8217;effort dans les limites des pulsations.<\/li>\n<li><strong>Random program<\/strong><br \/>\nEn s\u00e9lectionnant ce programme, le moniteur cr\u00e9era et affi chera \u00e0 chaque fois un nouveau programme sur l&#8217;\u00e9cran, cr\u00e9\u00e9 de fa\u00e7on al\u00e9atoire.<\/li>\n<li>\n<div><strong>Roulements dans la zone du p\u00e9dalier<\/strong><\/div>\n<div>Aucun roulement dans les joints.<\/div>\n<\/li>\n<\/ul>\n<h5><strong>Sp\u00e9cification BH Athlon Program<\/strong><\/h5>\n<ul>\n<li><strong>R\u00e9glage horizontal du repose-pied<\/strong><br \/>\nModifie la distance des bras mobiles.<\/li>\n<li><strong>P\u00e9dales plus resserr\u00e9es<\/strong><br \/>\nOffrant une position de p\u00e9dalage plus naturelle.<\/li>\n<li><strong>Roulettes de transport<\/strong><br \/>\nPour d\u00e9placer facilement la machine chez soi.<\/li>\n<\/ul>\n<div><strong>Poids et Dimensions<\/strong><\/div>\n<div><\/div>\n<ul>\n<li><strong>Longueur\u00a0(x) :<\/strong>\u00a0132 cm<\/li>\n<li><strong>Largeur\u00a0(y) :<\/strong>\u00a062 cm<\/li>\n<li><strong>Hauteur\u00a0(z) :<\/strong>\u00a0160 cm<\/li>\n<li><strong>Poids\u00a0:<\/strong>\u00a043 Kg<\/li>\n<li><strong>Poids maximum de l&#8217;utilisateur\u00a0:<\/strong>\u00a0105 Kg<\/li>\n<li><strong>Syst\u00e8me inertiel\u00a0:<\/strong>\u00a010 Kg<\/li>\n<li><strong>Foul\u00e9e\u00a0:<\/strong>\u00a030 cm<\/li>\n<li><strong>Distance entre p\u00e9dales (largeur)\u00a0:<\/strong>\u00a017 cm<\/li>\n<\/ul>\n<\/div>\n<\/div>","protected":false},"excerpt":{"rendered":"<div class=\"product attribute overview\">\n<div class=\"value\">Le\u00a0<strong>BH Athlon Program\u00a0<\/strong>\u00a0est un\u00a0\u00a0V\u00e9lo elliptique\u00a0\u00a0pour une utilisation domestique r\u00e9guli\u00e8re (de 3 \u00e0 7 heures par semaine) qui poss\u00e8de\u00a0<strong>Syst\u00e8me de frein magn\u00e9tique et une console\u00a0<\/strong><strong>LCD avec\u00a0<\/strong>12 profils pr\u00e9d\u00e9finis et 24 niveaux d&#8217;intensit\u00e9.<\/div>\n<\/div>","protected":false},"featured_media":983,"comment_status":"open","ping_status":"closed","template":"","meta":[],"product_brand":[16],"product_cat":[17,18,19,58],"product_tag":[47,59],"class_list":{"0":"post-982","1":"product","2":"type-product","3":"status-publish","4":"has-post-thumbnail","6":"product_brand-bh","7":"product_cat-bons-plans","8":"product_cat-promotions","9":"product_cat-training-fitness","10":"product_cat-velos-elliptiques","11":"product_tag-velo-dappartement","12":"product_tag-velo-elliptique","14":"first","15":"instock","16":"shipping-taxable","17":"purchasable","18":"product-type-simple"},"yoast_head":"<!-- This site is optimized with the Yoast SEO plugin v27.6 - https:\/\/yoast.com\/product\/yoast-seo-wordpress\/ -->\n<title>V\u00e9lo Elliptique BH Athlon Program - Promotion - Vente d&#039;\u00c9lectrom\u00e9nager Neuf et Garanti \u00e0 Paris<\/title>\n<meta name=\"description\" content=\"V\u00e9lo Elliptique BH Athlon Program - utilisation domestique r\u00e9guli\u00e8re (de 3 \u00e0 7 heures par semaine) qui poss\u00e8de Syst\u00e8me de frein magn\u00e9tique et une console LCD avec 12 profils pr\u00e9d\u00e9finis et 24 niveaux d&#039;intensit\u00e9.\" \/>\n<meta name=\"robots\" content=\"index, follow, max-snippet:-1, max-image-preview:large, max-video-preview:-1\" \/>\n<link rel=\"canonical\" href=\"https:\/\/espacemenager2000.fr\/en\/product\/velo-elliptique-bh-athlon-program\/\" \/>\n<meta property=\"og:locale\" content=\"en_US\" \/>\n<meta property=\"og:type\" content=\"article\" \/>\n<meta property=\"og:title\" content=\"V\u00e9lo Elliptique BH Athlon Program - Promotion - Vente d&#039;\u00c9lectrom\u00e9nager Neuf et Garanti \u00e0 Paris\" \/>\n<meta property=\"og:description\" content=\"V\u00e9lo Elliptique BH Athlon Program - utilisation domestique r\u00e9guli\u00e8re (de 3 \u00e0 7 heures par semaine) qui poss\u00e8de Syst\u00e8me de frein magn\u00e9tique et une console LCD avec 12 profils pr\u00e9d\u00e9finis et 24 niveaux d&#039;intensit\u00e9.\" \/>\n<meta property=\"og:url\" content=\"https:\/\/espacemenager2000.fr\/en\/product\/velo-elliptique-bh-athlon-program\/\" \/>\n<meta property=\"og:site_name\" content=\"Vente d&#039;\u00c9lectrom\u00e9nager Neuf et Garanti \u00e0 Paris\" \/>\n<meta property=\"article:publisher\" content=\"https:\/\/www.facebook.com\/p\/Espace-menager-2000-100068469618146\/\" \/>\n<meta property=\"article:modified_time\" content=\"2026-05-10T20:42:19+00:00\" \/>\n<meta property=\"og:image\" content=\"https:\/\/espacemenager2000.fr\/wp-content\/uploads\/2026\/05\/Velo-Elliptique-BH-Athlon-Program-.jpg\" \/>\n\t<meta property=\"og:image:width\" content=\"800\" \/>\n\t<meta property=\"og:image:height\" content=\"800\" \/>\n\t<meta property=\"og:image:type\" content=\"image\/jpeg\" \/>\n<meta name=\"twitter:card\" content=\"summary_large_image\" \/>\n<meta name=\"twitter:label1\" content=\"Est. reading time\" \/>\n\t<meta name=\"twitter:data1\" content=\"4 minutes\" \/>\n<script type=\"application\/ld+json\" class=\"yoast-schema-graph\">{\"@context\":\"https:\\\/\\\/schema.org\",\"@graph\":[{\"@type\":\"WebPage\",\"@id\":\"https:\\\/\\\/espacemenager2000.fr\\\/produit\\\/velo-elliptique-bh-athlon-program\\\/\",\"url\":\"https:\\\/\\\/espacemenager2000.fr\\\/produit\\\/velo-elliptique-bh-athlon-program\\\/\",\"name\":\"V\u00e9lo Elliptique BH Athlon Program - Promotion - Vente d&#039;\u00c9lectrom\u00e9nager Neuf et Garanti \u00e0 Paris\",\"isPartOf\":{\"@id\":\"https:\\\/\\\/espacemenager2000.fr\\\/#website\"},\"primaryImageOfPage\":{\"@id\":\"https:\\\/\\\/espacemenager2000.fr\\\/produit\\\/velo-elliptique-bh-athlon-program\\\/#primaryimage\"},\"image\":{\"@id\":\"https:\\\/\\\/espacemenager2000.fr\\\/produit\\\/velo-elliptique-bh-athlon-program\\\/#primaryimage\"},\"thumbnailUrl\":\"https:\\\/\\\/espacemenager2000.fr\\\/wp-content\\\/uploads\\\/2026\\\/05\\\/Velo-Elliptique-BH-Athlon-Program-.jpg\",\"datePublished\":\"2025-12-22T16:14:59+00:00\",\"dateModified\":\"2026-05-10T20:42:19+00:00\",\"description\":\"V\u00e9lo Elliptique BH Athlon Program - utilisation domestique r\u00e9guli\u00e8re (de 3 \u00e0 7 heures par semaine) qui poss\u00e8de Syst\u00e8me de frein magn\u00e9tique et une console LCD avec 12 profils pr\u00e9d\u00e9finis et 24 niveaux d'intensit\u00e9.\",\"breadcrumb\":{\"@id\":\"https:\\\/\\\/espacemenager2000.fr\\\/produit\\\/velo-elliptique-bh-athlon-program\\\/#breadcrumb\"},\"inLanguage\":\"en-US\",\"potentialAction\":[{\"@type\":\"ReadAction\",\"target\":[\"https:\\\/\\\/espacemenager2000.fr\\\/produit\\\/velo-elliptique-bh-athlon-program\\\/\"]}]},{\"@type\":\"ImageObject\",\"inLanguage\":\"en-US\",\"@id\":\"https:\\\/\\\/espacemenager2000.fr\\\/produit\\\/velo-elliptique-bh-athlon-program\\\/#primaryimage\",\"url\":\"https:\\\/\\\/espacemenager2000.fr\\\/wp-content\\\/uploads\\\/2026\\\/05\\\/Velo-Elliptique-BH-Athlon-Program-.jpg\",\"contentUrl\":\"https:\\\/\\\/espacemenager2000.fr\\\/wp-content\\\/uploads\\\/2026\\\/05\\\/Velo-Elliptique-BH-Athlon-Program-.jpg\",\"width\":800,\"height\":800},{\"@type\":\"BreadcrumbList\",\"@id\":\"https:\\\/\\\/espacemenager2000.fr\\\/produit\\\/velo-elliptique-bh-athlon-program\\\/#breadcrumb\",\"itemListElement\":[{\"@type\":\"ListItem\",\"position\":1,\"name\":\"Accueil\",\"item\":\"https:\\\/\\\/espacemenager2000.fr\\\/\"},{\"@type\":\"ListItem\",\"position\":2,\"name\":\"Boutique\",\"item\":\"https:\\\/\\\/espacemenager2000.fr\\\/boutique\\\/\"},{\"@type\":\"ListItem\",\"position\":3,\"name\":\"V\u00e9lo Elliptique BH Athlon Program\"}]},{\"@type\":\"WebSite\",\"@id\":\"https:\\\/\\\/espacemenager2000.fr\\\/#website\",\"url\":\"https:\\\/\\\/espacemenager2000.fr\\\/\",\"name\":\"Espace Menager 2000\",\"description\":\"Expert en \u00e9lectrom\u00e9nager depuis 2001, Espace M\u00e9nager 2000 vous propose une large gamme de produits : lave-linge, r\u00e9frig\u00e9rateurs, \u00e9lectronique et fitness. Profitez de notre savoir-faire en vente, r\u00e9paration et d\u00e9pannage. Livraison rapide dans toute la zone Euro. Qualit\u00e9 et service garantis.\",\"publisher\":{\"@id\":\"https:\\\/\\\/espacemenager2000.fr\\\/#organization\"},\"potentialAction\":[{\"@type\":\"SearchAction\",\"target\":{\"@type\":\"EntryPoint\",\"urlTemplate\":\"https:\\\/\\\/espacemenager2000.fr\\\/?s={search_term_string}\"},\"query-input\":{\"@type\":\"PropertyValueSpecification\",\"valueRequired\":true,\"valueName\":\"search_term_string\"}}],\"inLanguage\":\"en-US\"},{\"@type\":\"Organization\",\"@id\":\"https:\\\/\\\/espacemenager2000.fr\\\/#organization\",\"name\":\"Espace Menager 2000\",\"url\":\"https:\\\/\\\/espacemenager2000.fr\\\/\",\"logo\":{\"@type\":\"ImageObject\",\"inLanguage\":\"en-US\",\"@id\":\"https:\\\/\\\/espacemenager2000.fr\\\/#\\\/schema\\\/logo\\\/image\\\/\",\"url\":\"https:\\\/\\\/espacemenager2000.fr\\\/wp-content\\\/uploads\\\/2026\\\/05\\\/Fav-Em2000.png\",\"contentUrl\":\"https:\\\/\\\/espacemenager2000.fr\\\/wp-content\\\/uploads\\\/2026\\\/05\\\/Fav-Em2000.png\",\"width\":369,\"height\":369,\"caption\":\"Espace Menager 2000\"},\"image\":{\"@id\":\"https:\\\/\\\/espacemenager2000.fr\\\/#\\\/schema\\\/logo\\\/image\\\/\"},\"sameAs\":[\"https:\\\/\\\/www.facebook.com\\\/p\\\/Espace-menager-2000-100068469618146\\\/\"]}]}<\/script>\n<!-- \/ Yoast SEO plugin. -->","yoast_head_json":{"title":"V\u00e9lo Elliptique BH Athlon Program - Promotion - Vente d&#039;\u00c9lectrom\u00e9nager Neuf et Garanti \u00e0 Paris","description":"V\u00e9lo Elliptique BH Athlon Program - utilisation domestique r\u00e9guli\u00e8re (de 3 \u00e0 7 heures par semaine) qui poss\u00e8de Syst\u00e8me de frein magn\u00e9tique et une console LCD avec 12 profils pr\u00e9d\u00e9finis et 24 niveaux d'intensit\u00e9.","robots":{"index":"index","follow":"follow","max-snippet":"max-snippet:-1","max-image-preview":"max-image-preview:large","max-video-preview":"max-video-preview:-1"},"canonical":"https:\/\/espacemenager2000.fr\/en\/product\/velo-elliptique-bh-athlon-program\/","og_locale":"en_US","og_type":"article","og_title":"V\u00e9lo Elliptique BH Athlon Program - Promotion - Vente d&#039;\u00c9lectrom\u00e9nager Neuf et Garanti \u00e0 Paris","og_description":"V\u00e9lo Elliptique BH Athlon Program - utilisation domestique r\u00e9guli\u00e8re (de 3 \u00e0 7 heures par semaine) qui poss\u00e8de Syst\u00e8me de frein magn\u00e9tique et une console LCD avec 12 profils pr\u00e9d\u00e9finis et 24 niveaux d'intensit\u00e9.","og_url":"https:\/\/espacemenager2000.fr\/en\/product\/velo-elliptique-bh-athlon-program\/","og_site_name":"Vente d&#039;\u00c9lectrom\u00e9nager Neuf et Garanti \u00e0 Paris","article_publisher":"https:\/\/www.facebook.com\/p\/Espace-menager-2000-100068469618146\/","article_modified_time":"2026-05-10T20:42:19+00:00","og_image":[{"width":800,"height":800,"url":"https:\/\/espacemenager2000.fr\/wp-content\/uploads\/2026\/05\/Velo-Elliptique-BH-Athlon-Program-.jpg","type":"image\/jpeg"}],"twitter_card":"summary_large_image","twitter_misc":{"Est. reading time":"4 minutes"},"schema":{"@context":"https:\/\/schema.org","@graph":[{"@type":"WebPage","@id":"https:\/\/espacemenager2000.fr\/produit\/velo-elliptique-bh-athlon-program\/","url":"https:\/\/espacemenager2000.fr\/produit\/velo-elliptique-bh-athlon-program\/","name":"V\u00e9lo Elliptique BH Athlon Program - Promotion - Vente d&#039;\u00c9lectrom\u00e9nager Neuf et Garanti \u00e0 Paris","isPartOf":{"@id":"https:\/\/espacemenager2000.fr\/#website"},"primaryImageOfPage":{"@id":"https:\/\/espacemenager2000.fr\/produit\/velo-elliptique-bh-athlon-program\/#primaryimage"},"image":{"@id":"https:\/\/espacemenager2000.fr\/produit\/velo-elliptique-bh-athlon-program\/#primaryimage"},"thumbnailUrl":"https:\/\/espacemenager2000.fr\/wp-content\/uploads\/2026\/05\/Velo-Elliptique-BH-Athlon-Program-.jpg","datePublished":"2025-12-22T16:14:59+00:00","dateModified":"2026-05-10T20:42:19+00:00","description":"V\u00e9lo Elliptique BH Athlon Program - utilisation domestique r\u00e9guli\u00e8re (de 3 \u00e0 7 heures par semaine) qui poss\u00e8de Syst\u00e8me de frein magn\u00e9tique et une console LCD avec 12 profils pr\u00e9d\u00e9finis et 24 niveaux d'intensit\u00e9.","breadcrumb":{"@id":"https:\/\/espacemenager2000.fr\/produit\/velo-elliptique-bh-athlon-program\/#breadcrumb"},"inLanguage":"en-US","potentialAction":[{"@type":"ReadAction","target":["https:\/\/espacemenager2000.fr\/produit\/velo-elliptique-bh-athlon-program\/"]}]},{"@type":"ImageObject","inLanguage":"en-US","@id":"https:\/\/espacemenager2000.fr\/produit\/velo-elliptique-bh-athlon-program\/#primaryimage","url":"https:\/\/espacemenager2000.fr\/wp-content\/uploads\/2026\/05\/Velo-Elliptique-BH-Athlon-Program-.jpg","contentUrl":"https:\/\/espacemenager2000.fr\/wp-content\/uploads\/2026\/05\/Velo-Elliptique-BH-Athlon-Program-.jpg","width":800,"height":800},{"@type":"BreadcrumbList","@id":"https:\/\/espacemenager2000.fr\/produit\/velo-elliptique-bh-athlon-program\/#breadcrumb","itemListElement":[{"@type":"ListItem","position":1,"name":"Accueil","item":"https:\/\/espacemenager2000.fr\/"},{"@type":"ListItem","position":2,"name":"Boutique","item":"https:\/\/espacemenager2000.fr\/boutique\/"},{"@type":"ListItem","position":3,"name":"V\u00e9lo Elliptique BH Athlon Program"}]},{"@type":"WebSite","@id":"https:\/\/espacemenager2000.fr\/#website","url":"https:\/\/espacemenager2000.fr\/","name":"Espace Menager 2000","description":"Expert en \u00e9lectrom\u00e9nager depuis 2001, Espace M\u00e9nager 2000 vous propose une large gamme de produits : lave-linge, r\u00e9frig\u00e9rateurs, \u00e9lectronique et fitness. Profitez de notre savoir-faire en vente, r\u00e9paration et d\u00e9pannage. Livraison rapide dans toute la zone Euro. Qualit\u00e9 et service garantis.","publisher":{"@id":"https:\/\/espacemenager2000.fr\/#organization"},"potentialAction":[{"@type":"SearchAction","target":{"@type":"EntryPoint","urlTemplate":"https:\/\/espacemenager2000.fr\/?s={search_term_string}"},"query-input":{"@type":"PropertyValueSpecification","valueRequired":true,"valueName":"search_term_string"}}],"inLanguage":"en-US"},{"@type":"Organization","@id":"https:\/\/espacemenager2000.fr\/#organization","name":"Espace Menager 2000","url":"https:\/\/espacemenager2000.fr\/","logo":{"@type":"ImageObject","inLanguage":"en-US","@id":"https:\/\/espacemenager2000.fr\/#\/schema\/logo\/image\/","url":"https:\/\/espacemenager2000.fr\/wp-content\/uploads\/2026\/05\/Fav-Em2000.png","contentUrl":"https:\/\/espacemenager2000.fr\/wp-content\/uploads\/2026\/05\/Fav-Em2000.png","width":369,"height":369,"caption":"Espace Menager 2000"},"image":{"@id":"https:\/\/espacemenager2000.fr\/#\/schema\/logo\/image\/"},"sameAs":["https:\/\/www.facebook.com\/p\/Espace-menager-2000-100068469618146\/"]}]}},"_links":{"self":[{"href":"https:\/\/espacemenager2000.fr\/en\/wp-json\/wp\/v2\/product\/982","targetHints":{"allow":["GET"]}}],"collection":[{"href":"https:\/\/espacemenager2000.fr\/en\/wp-json\/wp\/v2\/product"}],"about":[{"href":"https:\/\/espacemenager2000.fr\/en\/wp-json\/wp\/v2\/types\/product"}],"replies":[{"embeddable":true,"href":"https:\/\/espacemenager2000.fr\/en\/wp-json\/wp\/v2\/comments?post=982"}],"wp:featuredmedia":[{"embeddable":true,"href":"https:\/\/espacemenager2000.fr\/en\/wp-json\/wp\/v2\/media\/983"}],"wp:attachment":[{"href":"https:\/\/espacemenager2000.fr\/en\/wp-json\/wp\/v2\/media?parent=982"}],"wp:term":[{"taxonomy":"product_brand","embeddable":true,"href":"https:\/\/espacemenager2000.fr\/en\/wp-json\/wp\/v2\/product_brand?post=982"},{"taxonomy":"product_cat","embeddable":true,"href":"https:\/\/espacemenager2000.fr\/en\/wp-json\/wp\/v2\/product_cat?post=982"},{"taxonomy":"product_tag","embeddable":true,"href":"https:\/\/espacemenager2000.fr\/en\/wp-json\/wp\/v2\/product_tag?post=982"}],"curies":[{"name":"wp","href":"https:\/\/api.w.org\/{rel}","templated":true}]}}