{"id":927,"date":"2025-12-22T16:14:37","date_gmt":"2025-12-22T16:14:37","guid":{"rendered":"https:\/\/espacemenager2000.fr\/?post_type=product&#038;p=927"},"modified":"2026-05-10T20:42:16","modified_gmt":"2026-05-10T20:42:16","slug":"velo-elliptique-bh-super-khronos-g2488","status":"publish","type":"product","link":"https:\/\/espacemenager2000.fr\/en\/product\/velo-elliptique-bh-super-khronos-g2488\/","title":{"rendered":"V\u00e9lo Elliptique BH Super Khronos G2488"},"content":{"rendered":"<h2>V\u00e9lo Elliptique BH Super Khronos G2488<\/h2>\n<div><strong>V\u00e9lo Elliptique BH Super Khronos G2488: Avec son esth\u00e9tique agressive et sa foul\u00e9e de 51 cm, cet elliptique apporte toute la puissance et l&#8217;intensit\u00e9 de la salle de sport \u00e0 votre domicile.<\/strong>\u00a0Profitez d&#8217;un appareil semi-professionnel pr\u00eat \u00e0 supporter les s\u00e9ances de cardio les plus intenses.<\/div>\n<div><\/div>\n<div>\n<h3>Caract\u00e9ristiques V\u00e9lo Elliptique BH Super Khronos G2488<\/h3>\n<div class=\"inner entradilla\">\n<h4 class=\"title-level2\">Pour quel public est destin\u00e9 cet appareil semi-professionnel?<\/h4>\n<ul class=\"lista-bloques\">\n<li>Pour les\u00a0<strong>particuliers les plus exigeants<\/strong>\u00a0qui ont besoin d\u2019appareils de cardio ou de musculation qui offrent de grandes prestations.<\/li>\n<li>Pour les petites salles de sport en\u00a0<strong>entreprises, communaut\u00e9s de voisins, h\u00f4tels, centres de physioth\u00e9rapie et r\u00e9habilitation, EPAH, Communes, clubs sportifs, forces de l\u2019arm\u00e9e, la police et les pompiers<\/strong>. Ces appareils sont sp\u00e9cialement con\u00e7us en mati\u00e8re de\u00a0<strong>qualit\u00e9, garantie et prix<\/strong>\u00a0pour les besoins r\u00e9els de ce secteur. Si vous voulez plus d\u2019informations, visitez notre section sp\u00e9cifique\u00a0professionnelle.<\/li>\n<\/ul>\n<\/div>\n<div class=\"contenido\">\n<div><strong>Avec son esth\u00e9tique agressive et sa foul\u00e9e de 51 cm, cet elliptique apporte toute la puissance et l&#8217;intensit\u00e9 de la salle de sport \u00e0 votre domicile.<\/strong>\u00a0Profitez d&#8217;un appareil semi-professionnel pr\u00eat \u00e0 supporter les s\u00e9ances de cardio les plus intenses.<\/div>\n<h4><strong>Points cl\u00e9s V\u00e9lo Elliptique BH Super Khronos G2488<\/strong><\/h4>\n<div><strong>Longueur de la foul\u00e9e<\/strong><br \/>\nGr\u00e2ce \u00e0 la foul\u00e9e de 51 cm, vous pouvez vous entra\u00eener de mani\u00e8re confortable et naturelle sans sacrifier l&#8217;intensit\u00e9 de vos s\u00e9ances d&#8217;entra\u00eenement.<\/div>\n<div><\/div>\n<div><strong>Bluetooth ftms<\/strong><br \/>\nGr\u00e2ce \u00e0 la connexion Bluetooth FTMS, vous pouvez tirer le meilleur parti de vos applications de fitness pr\u00e9f\u00e9r\u00e9es.<\/div>\n<div><\/div>\n<div><img fetchpriority=\"high\" decoding=\"async\" class=\"lazy-content img-fluid\" src=\"https:\/\/www.fitnessdigital.fr\/images\/productos\/detalles\/bh\/BH-Super-khronos-G2488-02.jpg\" alt=\"\" width=\"415\" height=\"440\" \/><\/div>\n<div><\/div>\n<div><strong>Centrale inertielle<\/strong><br \/>\nLe Super Khronos est \u00e9quip\u00e9 d&#8217;une centrale inertielle de 35 kg pour un entra\u00eenement en douceur mais exigeant.<\/div>\n<div><\/div>\n<div><strong>Espace minimal entre les p\u00e9dales<\/strong><br \/>\nGr\u00e2ce \u00e0 l&#8217;espacement minimal entre les p\u00e9dales, le mouvement ressemble \u00e0 une marche ordinaire et la foul\u00e9e est beaucoup plus fluide.<\/div>\n<div><\/div>\n<div><img decoding=\"async\" class=\"lazy-content img-fluid\" src=\"https:\/\/www.fitnessdigital.fr\/images\/productos\/detalles\/bh\/BH-Super-khronos-G2488-04.jpg\" alt=\"\" width=\"415\" height=\"440\" \/><\/div>\n<h4><strong>Programmes V\u00e9lo Elliptique BH Super Khronos G2488<br \/>\n<\/strong><\/h4>\n<div>\n<ul>\n<li><strong>Programmes pr\u00e9r\u00e9gl\u00e9s (Prg):\u00a0<\/strong>30<\/li>\n<li><strong>Niveaux d&#8217;intensit\u00e9:<\/strong>\u00a024<\/li>\n<li><strong>Profils personnalisables (uprg)<\/strong>: 2<\/li>\n<li><strong>Programme de contr\u00f4le de la fr\u00e9quence cardiaque (HRC):<\/strong>\u00a03<\/li>\n<li><strong>Test de graisse corporelle (BF)<\/strong>: Oui<\/li>\n<\/ul>\n<\/div>\n<h4><strong>Moniteur<\/strong><\/h4>\n<div><\/div>\n<div><strong><img decoding=\"async\" class=\"lazy-content img-fluid\" src=\"https:\/\/www.fitnessdigital.fr\/images\/productos\/detalles\/bh\/bh-monitor-g2488-01.jpg\" alt=\"\" width=\"415\" height=\"440\" \/><\/strong><\/div>\n<div><\/div>\n<div>\n<ul>\n<li><strong>Affichage<\/strong>: LCD<\/li>\n<li><strong>Support universel pour smartphones et\/ou tablettes:<\/strong>\u00a0Oui<\/li>\n<li><strong>Pouls t\u00e9l\u00e9m\u00e9trique:\u00a0<\/strong>Oui, ceinture thoracique en option<\/li>\n<li><strong>Pouls Bluetooth:<\/strong>\u00a0Oui, ceinture thoracique en option<\/li>\n<li><strong>iConcept<\/strong>: Oui<\/li>\n<\/ul>\n<\/div>\n<h5><strong>Sp\u00e9cifications V\u00e9lo Elliptique BH Super Khronos G2488<\/strong><\/h5>\n<div>\n<ul>\n<li><strong>Fr\u00e9quence d&#8217;utilisation<\/strong>: LCU<\/li>\n<li><strong>Poids maximum de l&#8217;utilisateur:\u00a0<\/strong>150Kg<\/li>\n<li><strong>Syst\u00e8me de r\u00e9sistance:<\/strong>\u00a0magn\u00e9tique<\/li>\n<li><strong>Longueur de la foul\u00e9e:\u00a0<\/strong>51cm<\/li>\n<li><strong>Distance entre les p\u00e9dales (largeur):\u00a0<\/strong>11cm<\/li>\n<li><strong>Affichage<\/strong>: LED<\/li>\n<li><strong>Programme de watts constants (SRV):<\/strong>\u00a0Oui<\/li>\n<li><strong>Mesure du pouls par contact:<\/strong>\u00a0Oui<\/li>\n<li><strong>Porte-bouteille:\u00a0<\/strong>Oui<\/li>\n<li><strong>Roues de transport:<\/strong>\u00a0Oui<\/li>\n<li><strong>Longueur<\/strong>: 210cm<\/li>\n<li><strong>Largeur<\/strong>: 64cm<\/li>\n<li><strong>Hauteur<\/strong>: 170cm<\/li>\n<li><strong>Poids<\/strong>: 74 kg<\/li>\n<li><strong>Masse de rotation du syst\u00e8me inertiel:<\/strong>\u00a035kg<\/li>\n<li><strong>Distance entre la selle et la p\u00e9dale:<\/strong>\u00a0Min. 76cm et Max. 94cm<\/li>\n<\/ul>\n<\/div>\n<h5><strong>Entra\u00eenements interactifs avec la technologie \u00a0i.Concept 3.0 FTMS<br \/>\n<\/strong><\/h5>\n<div><\/div>\n<div>Vous souhaitez d\u00e9fier d&#8217;autres utilisateurs ou vous mesurer \u00e0 vos amis ? Parcourir les rues de grandes villes comme New York, Rome ou Paris, tout en vous entra\u00eenant pour votre prochain marathon ? Et&#8230; regarder des vid\u00e9os, consulter les actualit\u00e9s ou vos r\u00e9seaux sociaux ? \u00a0Gardez la forme et br\u00fblez des calories d&#8217;une mani\u00e8re beaucoup plus amusante avec toutes ces applications sp\u00e9cialement con\u00e7ues pour un entra\u00eenement interactif. Int\u00e9grez les derni\u00e8res technologies \u00e0 votre entra\u00eenement!<\/div>\n<div><\/div>\n<div><img loading=\"lazy\" decoding=\"async\" class=\"lazy-content img-fluid\" src=\"https:\/\/www.fitnessdigital.fr\/images\/productos\/detalles\/reebok\/reebok-sl8-i18n.jpg\" width=\"520\" height=\"315\" \/><\/div>\n<div><\/div>\n<div>i.Concept 3.0 FTMS Votre machine est d\u00e9sormais compatible avec encore plus d&#8217;applications d&#8217;entra\u00eenement ! De Zwift ou\u00a0<a href=\"https:\/\/www.fitnessdigital.com\/suscripcion-a-kinomap\/p\/10015486\/\"><strong>Kinomap\u00a0<\/strong><\/a>hasta\u00a0<strong>The Sufferfest<\/strong>\u00a0y \u00a1muchas m\u00e1s!.\u00a0 Cette technologie, d\u00e9sormais appel\u00e9e i.Concept 3.0, vous permettra de connecter plus facilement votre application pr\u00e9f\u00e9r\u00e9e \u00e0 votre appareil de fitness. Qu&#8217;attendez-vous pour la tester ?<\/div>\n<div>\n<p>&nbsp;<\/p>\n<p>&nbsp;<\/p>\n<\/div>\n<div><img decoding=\"async\" class=\"lazy-content img-fluid\" src=\"https:\/\/www.fitnessdigital.fr\/images\/productos\/detalles\/bh\/iconcept-eschema.gif\" alt=\"\" \/><\/div>\n<div><\/div>\n<div><\/div>\n<h4><strong>Entra\u00eenements interactifs avec Zwift et Kinomap<\/strong><\/h4>\n<h5><strong>App de Kinomap<\/strong><\/h5>\n<div>\n<ul>\n<li>Entra\u00eenez-vous dans le monde entier gr\u00e2ce \u00e0 des milliers de vid\u00e9os disponibles.<\/li>\n<li>Entra\u00eenements structur\u00e9s, y compris l&#8217;entra\u00eenement par intervalles et le coaching.<\/li>\n<li>Partagez vos r\u00e9sultats avec la communaut\u00e9 kinomap.<\/li>\n<li>D\u00e9fiez vos amis avec le mode multijoueur de kinomap.<\/li>\n<\/ul>\n<\/div>\n<h5><strong>App de Zwift<\/strong><\/h5>\n<ul>\n<li>\n<div>Motivateur de type jeu vid\u00e9o.<\/div>\n<\/li>\n<li>\n<div>Plus de 1000 entra\u00eenements s\u00e9lectionn\u00e9s par les entra\u00eeneurs.<\/div>\n<\/li>\n<li>\n<div>Courses de groupe, comp\u00e9titions et courses.<\/div>\n<\/li>\n<li>\n<div>Connectivit\u00e9 et communaut\u00e9 mondiales.<\/div>\n<\/li>\n<\/ul>\n<\/div>\n<\/div>\n<div><\/div>\n<div><\/div>\n<div><\/div>","protected":false},"excerpt":{"rendered":"<div class=\"product attribute overview\">\n<div class=\"value\">\n<div><strong>Avec son esth\u00e9tique agressive et sa foul\u00e9e de 51 cm, cet elliptique apporte toute la puissance et l&#8217;intensit\u00e9 de la salle de sport \u00e0 votre domicile.<\/strong>\u00a0Profitez d&#8217;un appareil semi-professionnel pr\u00eat \u00e0 supporter les s\u00e9ances de cardio les plus intenses.<\/div>\n<\/div>\n<\/div>","protected":false},"featured_media":928,"comment_status":"open","ping_status":"closed","template":"","meta":[],"product_brand":[16],"product_cat":[17,18,19,58],"product_tag":[47,59],"class_list":{"0":"post-927","1":"product","2":"type-product","3":"status-publish","4":"has-post-thumbnail","6":"product_brand-bh","7":"product_cat-bons-plans","8":"product_cat-promotions","9":"product_cat-training-fitness","10":"product_cat-velos-elliptiques","11":"product_tag-velo-dappartement","12":"product_tag-velo-elliptique","14":"first","15":"instock","16":"shipping-taxable","17":"purchasable","18":"product-type-simple"},"yoast_head":"<!-- This site is optimized with the Yoast SEO plugin v27.6 - https:\/\/yoast.com\/product\/yoast-seo-wordpress\/ -->\n<title>V\u00e9lo Elliptique BH Super Khronos G2488 - Promotion - Vente d&#039;\u00c9lectrom\u00e9nager Neuf et Garanti \u00e0 Paris<\/title>\n<meta name=\"description\" content=\"V\u00e9lo Elliptique BH Super Khronos G2488 - Avec son esth\u00e9tique agressive et sa foul\u00e9e de 51 cm, cet elliptique apporte toute la puissance et l&#039;intensit\u00e9 de la salle de sport \u00e0 votre domicile.\" \/>\n<meta name=\"robots\" content=\"index, follow, max-snippet:-1, max-image-preview:large, max-video-preview:-1\" \/>\n<link rel=\"canonical\" href=\"https:\/\/espacemenager2000.fr\/en\/product\/velo-elliptique-bh-super-khronos-g2488\/\" \/>\n<meta property=\"og:locale\" content=\"en_US\" \/>\n<meta property=\"og:type\" content=\"article\" \/>\n<meta property=\"og:title\" content=\"V\u00e9lo Elliptique BH Super Khronos G2488 - Promotion - Vente d&#039;\u00c9lectrom\u00e9nager Neuf et Garanti \u00e0 Paris\" \/>\n<meta property=\"og:description\" content=\"V\u00e9lo Elliptique BH Super Khronos G2488 - Avec son esth\u00e9tique agressive et sa foul\u00e9e de 51 cm, cet elliptique apporte toute la puissance et l&#039;intensit\u00e9 de la salle de sport \u00e0 votre domicile.\" \/>\n<meta property=\"og:url\" content=\"https:\/\/espacemenager2000.fr\/en\/product\/velo-elliptique-bh-super-khronos-g2488\/\" \/>\n<meta property=\"og:site_name\" content=\"Vente d&#039;\u00c9lectrom\u00e9nager Neuf et Garanti \u00e0 Paris\" \/>\n<meta property=\"article:publisher\" content=\"https:\/\/www.facebook.com\/p\/Espace-menager-2000-100068469618146\/\" \/>\n<meta property=\"article:modified_time\" content=\"2026-05-10T20:42:16+00:00\" \/>\n<meta property=\"og:image\" content=\"https:\/\/espacemenager2000.fr\/wp-content\/uploads\/2026\/05\/Velo-Elliptique-BH-Super-Khronos-G2488-.jpg\" \/>\n\t<meta property=\"og:image:width\" content=\"800\" \/>\n\t<meta property=\"og:image:height\" content=\"800\" \/>\n\t<meta property=\"og:image:type\" content=\"image\/jpeg\" \/>\n<meta name=\"twitter:card\" content=\"summary_large_image\" \/>\n<meta name=\"twitter:label1\" content=\"Est. reading time\" \/>\n\t<meta name=\"twitter:data1\" content=\"6 minutes\" \/>\n<script type=\"application\/ld+json\" class=\"yoast-schema-graph\">{\"@context\":\"https:\\\/\\\/schema.org\",\"@graph\":[{\"@type\":\"WebPage\",\"@id\":\"https:\\\/\\\/espacemenager2000.fr\\\/produit\\\/velo-elliptique-bh-super-khronos-g2488\\\/\",\"url\":\"https:\\\/\\\/espacemenager2000.fr\\\/produit\\\/velo-elliptique-bh-super-khronos-g2488\\\/\",\"name\":\"V\u00e9lo Elliptique BH Super Khronos G2488 - Promotion - Vente d&#039;\u00c9lectrom\u00e9nager Neuf et Garanti \u00e0 Paris\",\"isPartOf\":{\"@id\":\"https:\\\/\\\/espacemenager2000.fr\\\/#website\"},\"primaryImageOfPage\":{\"@id\":\"https:\\\/\\\/espacemenager2000.fr\\\/produit\\\/velo-elliptique-bh-super-khronos-g2488\\\/#primaryimage\"},\"image\":{\"@id\":\"https:\\\/\\\/espacemenager2000.fr\\\/produit\\\/velo-elliptique-bh-super-khronos-g2488\\\/#primaryimage\"},\"thumbnailUrl\":\"https:\\\/\\\/espacemenager2000.fr\\\/wp-content\\\/uploads\\\/2026\\\/05\\\/Velo-Elliptique-BH-Super-Khronos-G2488-.jpg\",\"datePublished\":\"2025-12-22T16:14:37+00:00\",\"dateModified\":\"2026-05-10T20:42:16+00:00\",\"description\":\"V\u00e9lo Elliptique BH Super Khronos G2488 - Avec son esth\u00e9tique agressive et sa foul\u00e9e de 51 cm, cet elliptique apporte toute la puissance et l'intensit\u00e9 de la salle de sport \u00e0 votre domicile.\",\"breadcrumb\":{\"@id\":\"https:\\\/\\\/espacemenager2000.fr\\\/produit\\\/velo-elliptique-bh-super-khronos-g2488\\\/#breadcrumb\"},\"inLanguage\":\"en-US\",\"potentialAction\":[{\"@type\":\"ReadAction\",\"target\":[\"https:\\\/\\\/espacemenager2000.fr\\\/produit\\\/velo-elliptique-bh-super-khronos-g2488\\\/\"]}]},{\"@type\":\"ImageObject\",\"inLanguage\":\"en-US\",\"@id\":\"https:\\\/\\\/espacemenager2000.fr\\\/produit\\\/velo-elliptique-bh-super-khronos-g2488\\\/#primaryimage\",\"url\":\"https:\\\/\\\/espacemenager2000.fr\\\/wp-content\\\/uploads\\\/2026\\\/05\\\/Velo-Elliptique-BH-Super-Khronos-G2488-.jpg\",\"contentUrl\":\"https:\\\/\\\/espacemenager2000.fr\\\/wp-content\\\/uploads\\\/2026\\\/05\\\/Velo-Elliptique-BH-Super-Khronos-G2488-.jpg\",\"width\":800,\"height\":800},{\"@type\":\"BreadcrumbList\",\"@id\":\"https:\\\/\\\/espacemenager2000.fr\\\/produit\\\/velo-elliptique-bh-super-khronos-g2488\\\/#breadcrumb\",\"itemListElement\":[{\"@type\":\"ListItem\",\"position\":1,\"name\":\"Accueil\",\"item\":\"https:\\\/\\\/espacemenager2000.fr\\\/\"},{\"@type\":\"ListItem\",\"position\":2,\"name\":\"Boutique\",\"item\":\"https:\\\/\\\/espacemenager2000.fr\\\/boutique\\\/\"},{\"@type\":\"ListItem\",\"position\":3,\"name\":\"V\u00e9lo Elliptique BH Super Khronos G2488\"}]},{\"@type\":\"WebSite\",\"@id\":\"https:\\\/\\\/espacemenager2000.fr\\\/#website\",\"url\":\"https:\\\/\\\/espacemenager2000.fr\\\/\",\"name\":\"Espace Menager 2000\",\"description\":\"Expert en \u00e9lectrom\u00e9nager depuis 2001, Espace M\u00e9nager 2000 vous propose une large gamme de produits : lave-linge, r\u00e9frig\u00e9rateurs, \u00e9lectronique et fitness. Profitez de notre savoir-faire en vente, r\u00e9paration et d\u00e9pannage. Livraison rapide dans toute la zone Euro. Qualit\u00e9 et service garantis.\",\"publisher\":{\"@id\":\"https:\\\/\\\/espacemenager2000.fr\\\/#organization\"},\"potentialAction\":[{\"@type\":\"SearchAction\",\"target\":{\"@type\":\"EntryPoint\",\"urlTemplate\":\"https:\\\/\\\/espacemenager2000.fr\\\/?s={search_term_string}\"},\"query-input\":{\"@type\":\"PropertyValueSpecification\",\"valueRequired\":true,\"valueName\":\"search_term_string\"}}],\"inLanguage\":\"en-US\"},{\"@type\":\"Organization\",\"@id\":\"https:\\\/\\\/espacemenager2000.fr\\\/#organization\",\"name\":\"Espace Menager 2000\",\"url\":\"https:\\\/\\\/espacemenager2000.fr\\\/\",\"logo\":{\"@type\":\"ImageObject\",\"inLanguage\":\"en-US\",\"@id\":\"https:\\\/\\\/espacemenager2000.fr\\\/#\\\/schema\\\/logo\\\/image\\\/\",\"url\":\"https:\\\/\\\/espacemenager2000.fr\\\/wp-content\\\/uploads\\\/2026\\\/05\\\/Fav-Em2000.png\",\"contentUrl\":\"https:\\\/\\\/espacemenager2000.fr\\\/wp-content\\\/uploads\\\/2026\\\/05\\\/Fav-Em2000.png\",\"width\":369,\"height\":369,\"caption\":\"Espace Menager 2000\"},\"image\":{\"@id\":\"https:\\\/\\\/espacemenager2000.fr\\\/#\\\/schema\\\/logo\\\/image\\\/\"},\"sameAs\":[\"https:\\\/\\\/www.facebook.com\\\/p\\\/Espace-menager-2000-100068469618146\\\/\"]}]}<\/script>\n<!-- \/ Yoast SEO plugin. -->","yoast_head_json":{"title":"V\u00e9lo Elliptique BH Super Khronos G2488 - Promotion - Vente d&#039;\u00c9lectrom\u00e9nager Neuf et Garanti \u00e0 Paris","description":"V\u00e9lo Elliptique BH Super Khronos G2488 - Avec son esth\u00e9tique agressive et sa foul\u00e9e de 51 cm, cet elliptique apporte toute la puissance et l'intensit\u00e9 de la salle de sport \u00e0 votre domicile.","robots":{"index":"index","follow":"follow","max-snippet":"max-snippet:-1","max-image-preview":"max-image-preview:large","max-video-preview":"max-video-preview:-1"},"canonical":"https:\/\/espacemenager2000.fr\/en\/product\/velo-elliptique-bh-super-khronos-g2488\/","og_locale":"en_US","og_type":"article","og_title":"V\u00e9lo Elliptique BH Super Khronos G2488 - Promotion - Vente d&#039;\u00c9lectrom\u00e9nager Neuf et Garanti \u00e0 Paris","og_description":"V\u00e9lo Elliptique BH Super Khronos G2488 - Avec son esth\u00e9tique agressive et sa foul\u00e9e de 51 cm, cet elliptique apporte toute la puissance et l'intensit\u00e9 de la salle de sport \u00e0 votre domicile.","og_url":"https:\/\/espacemenager2000.fr\/en\/product\/velo-elliptique-bh-super-khronos-g2488\/","og_site_name":"Vente d&#039;\u00c9lectrom\u00e9nager Neuf et Garanti \u00e0 Paris","article_publisher":"https:\/\/www.facebook.com\/p\/Espace-menager-2000-100068469618146\/","article_modified_time":"2026-05-10T20:42:16+00:00","og_image":[{"width":800,"height":800,"url":"https:\/\/espacemenager2000.fr\/wp-content\/uploads\/2026\/05\/Velo-Elliptique-BH-Super-Khronos-G2488-.jpg","type":"image\/jpeg"}],"twitter_card":"summary_large_image","twitter_misc":{"Est. reading time":"6 minutes"},"schema":{"@context":"https:\/\/schema.org","@graph":[{"@type":"WebPage","@id":"https:\/\/espacemenager2000.fr\/produit\/velo-elliptique-bh-super-khronos-g2488\/","url":"https:\/\/espacemenager2000.fr\/produit\/velo-elliptique-bh-super-khronos-g2488\/","name":"V\u00e9lo Elliptique BH Super Khronos G2488 - Promotion - Vente d&#039;\u00c9lectrom\u00e9nager Neuf et Garanti \u00e0 Paris","isPartOf":{"@id":"https:\/\/espacemenager2000.fr\/#website"},"primaryImageOfPage":{"@id":"https:\/\/espacemenager2000.fr\/produit\/velo-elliptique-bh-super-khronos-g2488\/#primaryimage"},"image":{"@id":"https:\/\/espacemenager2000.fr\/produit\/velo-elliptique-bh-super-khronos-g2488\/#primaryimage"},"thumbnailUrl":"https:\/\/espacemenager2000.fr\/wp-content\/uploads\/2026\/05\/Velo-Elliptique-BH-Super-Khronos-G2488-.jpg","datePublished":"2025-12-22T16:14:37+00:00","dateModified":"2026-05-10T20:42:16+00:00","description":"V\u00e9lo Elliptique BH Super Khronos G2488 - Avec son esth\u00e9tique agressive et sa foul\u00e9e de 51 cm, cet elliptique apporte toute la puissance et l'intensit\u00e9 de la salle de sport \u00e0 votre domicile.","breadcrumb":{"@id":"https:\/\/espacemenager2000.fr\/produit\/velo-elliptique-bh-super-khronos-g2488\/#breadcrumb"},"inLanguage":"en-US","potentialAction":[{"@type":"ReadAction","target":["https:\/\/espacemenager2000.fr\/produit\/velo-elliptique-bh-super-khronos-g2488\/"]}]},{"@type":"ImageObject","inLanguage":"en-US","@id":"https:\/\/espacemenager2000.fr\/produit\/velo-elliptique-bh-super-khronos-g2488\/#primaryimage","url":"https:\/\/espacemenager2000.fr\/wp-content\/uploads\/2026\/05\/Velo-Elliptique-BH-Super-Khronos-G2488-.jpg","contentUrl":"https:\/\/espacemenager2000.fr\/wp-content\/uploads\/2026\/05\/Velo-Elliptique-BH-Super-Khronos-G2488-.jpg","width":800,"height":800},{"@type":"BreadcrumbList","@id":"https:\/\/espacemenager2000.fr\/produit\/velo-elliptique-bh-super-khronos-g2488\/#breadcrumb","itemListElement":[{"@type":"ListItem","position":1,"name":"Accueil","item":"https:\/\/espacemenager2000.fr\/"},{"@type":"ListItem","position":2,"name":"Boutique","item":"https:\/\/espacemenager2000.fr\/boutique\/"},{"@type":"ListItem","position":3,"name":"V\u00e9lo Elliptique BH Super Khronos G2488"}]},{"@type":"WebSite","@id":"https:\/\/espacemenager2000.fr\/#website","url":"https:\/\/espacemenager2000.fr\/","name":"Espace Menager 2000","description":"Expert en \u00e9lectrom\u00e9nager depuis 2001, Espace M\u00e9nager 2000 vous propose une large gamme de produits : lave-linge, r\u00e9frig\u00e9rateurs, \u00e9lectronique et fitness. Profitez de notre savoir-faire en vente, r\u00e9paration et d\u00e9pannage. Livraison rapide dans toute la zone Euro. Qualit\u00e9 et service garantis.","publisher":{"@id":"https:\/\/espacemenager2000.fr\/#organization"},"potentialAction":[{"@type":"SearchAction","target":{"@type":"EntryPoint","urlTemplate":"https:\/\/espacemenager2000.fr\/?s={search_term_string}"},"query-input":{"@type":"PropertyValueSpecification","valueRequired":true,"valueName":"search_term_string"}}],"inLanguage":"en-US"},{"@type":"Organization","@id":"https:\/\/espacemenager2000.fr\/#organization","name":"Espace Menager 2000","url":"https:\/\/espacemenager2000.fr\/","logo":{"@type":"ImageObject","inLanguage":"en-US","@id":"https:\/\/espacemenager2000.fr\/#\/schema\/logo\/image\/","url":"https:\/\/espacemenager2000.fr\/wp-content\/uploads\/2026\/05\/Fav-Em2000.png","contentUrl":"https:\/\/espacemenager2000.fr\/wp-content\/uploads\/2026\/05\/Fav-Em2000.png","width":369,"height":369,"caption":"Espace Menager 2000"},"image":{"@id":"https:\/\/espacemenager2000.fr\/#\/schema\/logo\/image\/"},"sameAs":["https:\/\/www.facebook.com\/p\/Espace-menager-2000-100068469618146\/"]}]}},"_links":{"self":[{"href":"https:\/\/espacemenager2000.fr\/en\/wp-json\/wp\/v2\/product\/927","targetHints":{"allow":["GET"]}}],"collection":[{"href":"https:\/\/espacemenager2000.fr\/en\/wp-json\/wp\/v2\/product"}],"about":[{"href":"https:\/\/espacemenager2000.fr\/en\/wp-json\/wp\/v2\/types\/product"}],"replies":[{"embeddable":true,"href":"https:\/\/espacemenager2000.fr\/en\/wp-json\/wp\/v2\/comments?post=927"}],"wp:featuredmedia":[{"embeddable":true,"href":"https:\/\/espacemenager2000.fr\/en\/wp-json\/wp\/v2\/media\/928"}],"wp:attachment":[{"href":"https:\/\/espacemenager2000.fr\/en\/wp-json\/wp\/v2\/media?parent=927"}],"wp:term":[{"taxonomy":"product_brand","embeddable":true,"href":"https:\/\/espacemenager2000.fr\/en\/wp-json\/wp\/v2\/product_brand?post=927"},{"taxonomy":"product_cat","embeddable":true,"href":"https:\/\/espacemenager2000.fr\/en\/wp-json\/wp\/v2\/product_cat?post=927"},{"taxonomy":"product_tag","embeddable":true,"href":"https:\/\/espacemenager2000.fr\/en\/wp-json\/wp\/v2\/product_tag?post=927"}],"curies":[{"name":"wp","href":"https:\/\/api.w.org\/{rel}","templated":true}]}}