{"id":907,"date":"2025-12-22T16:14:37","date_gmt":"2025-12-22T16:14:37","guid":{"rendered":"https:\/\/espacemenager2000.fr\/?post_type=product&#038;p=907"},"modified":"2026-05-10T20:42:15","modified_gmt":"2026-05-10T20:42:15","slug":"velo-elliptique-bh-crystal-2-0","status":"publish","type":"product","link":"https:\/\/espacemenager2000.fr\/en\/product\/velo-elliptique-bh-crystal-2-0\/","title":{"rendered":"V\u00e9lo Elliptique BH Crystal 2.0"},"content":{"rendered":"<h2>V\u00e9lo Elliptique BH Crystal 2.0<\/h2>\n<p>V\u00e9lo Elliptique BH Crystal 2.0 de conception ergonomique avec une structure facile d&#8217;acc\u00e8s avec un look moderne et un volant arri\u00e8re.<\/p>\n<h3>Caract\u00e9ristiques V\u00e9lo BH Crystal 2.0<\/h3>\n<div class=\"contenido\"><strong>V\u00e9lo elliptique<\/strong> de conception ergonomique avec une structure facile d&#8217;acc\u00e8s avec un look moderne et un volant arri\u00e8re.<\/div>\n<div><\/div>\n<h4 class=\"contenido\"><strong>Points cl\u00e9s V\u00e9lo Elliptique BH Crystal 2.0<\/strong><\/h4>\n<div class=\"contenido\">\n<p><strong style=\"font-size: 1rem;\">Con\u00e7u pour un usage domestique intensive<\/strong><\/p>\n<div>Pour une formation entre 7 et 20 heures par semaine.<\/div>\n<div><strong>Acc\u00e8s facile<\/strong><\/div>\n<div>La conception du cadre ouvert rend l&#8217;acc\u00e8s \u00e0 la machine extr\u00eamement facile.<\/div>\n<div><img decoding=\"async\" class=\"lazy-content img-fluid\" src=\"https:\/\/www.fitnessdigital.fr\/images\/productos\/detalles\/bh\/BH-Crystal2-D1.gif\" alt=\"BH-Crystal-2.0-Open\" \/><\/div>\n<div><strong>Repose-pieds XXL<\/strong><\/div>\n<div>Entra\u00eenez-vous confortablement sur cet elliptique, quelle que soit votre taille de pied.<\/div>\n<div><img fetchpriority=\"high\" decoding=\"async\" class=\"lazy-content img-fluid alignnone\" src=\"https:\/\/www.fitnessdigital.fr\/images\/productos\/detalles\/bh\/BH-Crystal2-D2.gif\" alt=\"V\u00e9lo Elliptique BH Crystal 2.0\" width=\"520\" height=\"315\" \/><\/div>\n<div><strong>Syst\u00e8me inertiel de 18 kg<\/strong><\/div>\n<div>Con\u00e7u pour les utilisateurs qui souhaitent rester en forme gr\u00e2ce \u00e0 un entra\u00eenement mod\u00e9r\u00e9 \u00e0 domicile.<\/div>\n<div><img decoding=\"async\" class=\"lazy-content img-fluid\" src=\"https:\/\/www.fitnessdigital.fr\/images\/productos\/detalles\/bh\/BH-Crystal2-D3.gif\" alt=\"BH-Crystal-2.0-Flywheel\" \/><\/div>\n<div><strong>Double<\/strong><\/div>\n<div>Transformez votre \u00e9quipement en un i.Concept en achetant le Dual Kit vendu s\u00e9par\u00e9ment.<\/div>\n<div><\/div>\n<h5><strong style=\"font-size: 1rem;\">Entra\u00eenements interactifs avec Dual Kit BE &#8211; EN OPTION<\/strong><\/h5>\n<\/div>\n<div class=\"contenido\">Vous voulez d\u00e9fier d&#8217;autres utilisateurs ou vous mesurer \u00e0 vos amis ? Marchez dans les rues de grandes villes comme New York, Rome ou Paris, tout en vous entra\u00eenant pour votre prochain marathon ? Y&#8230; Vous regardez des vid\u00e9os, vous consultez les actualit\u00e9s ou vous consultez vos r\u00e9seaux sociaux ? Gardez la forme et br\u00fblez des calories d&#8217;une mani\u00e8re beaucoup plus amusante avec toutes ces applications sp\u00e9cialement con\u00e7ues pour un entra\u00eenement interactif, en associant les derni\u00e8res technologies \u00e0 vos s\u00e9ances d&#8217;entra\u00eenement !<\/div>\n<div><\/div>\n<h5 class=\"contenido\"><strong style=\"font-size: 1rem;\">Moniteur V\u00e9lo Elliptique BH Crystal 2.0<\/strong><\/h5>\n<div class=\"contenido\">\n<div>\n<ul>\n<li><strong>Affichez :\u00a0<\/strong>LCD<\/li>\n<li><strong>Programmes pr\u00e9d\u00e9finis (Prg) :\u00a0<\/strong>12<\/li>\n<li><strong>Niveaux d&#8217;intensit\u00e9 :\u00a0<\/strong>24<\/li>\n<li><strong>Profils d&#8217;utilisateurs (uPrg) :\u00a0<\/strong>5<\/li>\n<li><strong>Programme al\u00e9atoire :\u00a0<\/strong>Oui<\/li>\n<li><strong>Test d&#8217;aptitude physique :\u00a0<\/strong>Oui<\/li>\n<li><strong>HRC :\u00a0<\/strong>4<\/li>\n<li><strong>Programme \u00e0 puissance constante (SRV) :\u00a0<\/strong>Oui<\/li>\n<li><strong>Indicateurs :\u00a0<\/strong>distance, pouls, temps, watts\/calories, vitesse\/rpm.<\/li>\n<li><strong>Impulsion Bluetooth :\u00a0<\/strong>Oui<\/li>\n<li><strong>Compatibilit\u00e9 avec les applications de fitness :\u00a0<\/strong>Oui<\/li>\n<li><strong>Prise en charge des smartphones\/tablettes :\u00a0<\/strong>Oui<\/li>\n<\/ul>\n<p><strong>Sp\u00e9cifications V\u00e9lo Elliptique BH Crystal 2.0<\/strong><\/p>\n<ul>\n<li><strong>Fr\u00e9quence d&#8217;utilisation :\u00a0<\/strong>intensive<\/li>\n<li><strong>Poids maximal de l&#8217;utilisateur :\u00a0<\/strong>150Kg<\/li>\n<li><strong>Syst\u00e8me de freinage :\u00a0<\/strong>magn\u00e9tique<\/li>\n<li><strong>Syst\u00e8me inertiel (Kg) :\u00a0<\/strong>18<\/li>\n<li><strong>Longueur de la foul\u00e9e (cm) :<\/strong>\u00a043,5<\/li>\n<li><strong>Distance entre les p\u00e9dales (cm) :\u00a0<\/strong>18<\/li>\n<li><strong>Mesure de l&#8217;impulsion de contact :\u00a0<\/strong>Oui<\/li>\n<li><strong>Porte-bouteilles :<\/strong>\u00a0Oui<\/li>\n<li><strong>Roues de transport :\u00a0<\/strong>Oui<\/li>\n<li><strong>Longueur (cm) :\u00a0<\/strong>166<\/li>\n<li><strong>Largeur (cm) :\u00a0<\/strong>70<\/li>\n<li><strong>Hauteur (cm) :\u00a0<\/strong>158<\/li>\n<li><strong>Poids :<\/strong>\u00a058 kg<\/li>\n<\/ul>\n<\/div>\n<\/div>","protected":false},"excerpt":{"rendered":"<div class=\"product attribute overview\">\n<div class=\"value\">V\u00e9lo Elliptique BH Crystal 2.0 de conception ergonomique avec une structure facile d&#8217;acc\u00e8s avec un look moderne et un volant arri\u00e8re.<\/div>\n<\/div>","protected":false},"featured_media":908,"comment_status":"open","ping_status":"closed","template":"","meta":[],"product_brand":[16],"product_cat":[17,18,19,58],"product_tag":[47,59],"class_list":{"0":"post-907","1":"product","2":"type-product","3":"status-publish","4":"has-post-thumbnail","6":"product_brand-bh","7":"product_cat-bons-plans","8":"product_cat-promotions","9":"product_cat-training-fitness","10":"product_cat-velos-elliptiques","11":"product_tag-velo-dappartement","12":"product_tag-velo-elliptique","14":"first","15":"instock","16":"shipping-taxable","17":"purchasable","18":"product-type-simple"},"yoast_head":"<!-- This site is optimized with the Yoast SEO plugin v27.6 - https:\/\/yoast.com\/product\/yoast-seo-wordpress\/ -->\n<title>V\u00e9lo Elliptique BH Crystal 2.0 - Promotion - Vente d&#039;\u00c9lectrom\u00e9nager Neuf et Garanti \u00e0 Paris<\/title>\n<meta name=\"description\" content=\"V\u00e9lo Elliptique BH Crystal 2.0 - de conception ergonomique avec une structure facile d&#039;acc\u00e8s avec un look moderne et un volant arri\u00e8re - Promotion\" \/>\n<meta name=\"robots\" content=\"index, follow, max-snippet:-1, max-image-preview:large, max-video-preview:-1\" \/>\n<link rel=\"canonical\" href=\"https:\/\/espacemenager2000.fr\/en\/product\/velo-elliptique-bh-crystal-2-0\/\" \/>\n<meta property=\"og:locale\" content=\"en_US\" \/>\n<meta property=\"og:type\" content=\"article\" \/>\n<meta property=\"og:title\" content=\"V\u00e9lo Elliptique BH Crystal 2.0 - Promotion - Vente d&#039;\u00c9lectrom\u00e9nager Neuf et Garanti \u00e0 Paris\" \/>\n<meta property=\"og:description\" content=\"V\u00e9lo Elliptique BH Crystal 2.0 - de conception ergonomique avec une structure facile d&#039;acc\u00e8s avec un look moderne et un volant arri\u00e8re - Promotion\" \/>\n<meta property=\"og:url\" content=\"https:\/\/espacemenager2000.fr\/en\/product\/velo-elliptique-bh-crystal-2-0\/\" \/>\n<meta property=\"og:site_name\" content=\"Vente d&#039;\u00c9lectrom\u00e9nager Neuf et Garanti \u00e0 Paris\" \/>\n<meta property=\"article:publisher\" content=\"https:\/\/www.facebook.com\/p\/Espace-menager-2000-100068469618146\/\" \/>\n<meta property=\"article:modified_time\" content=\"2026-05-10T20:42:15+00:00\" \/>\n<meta property=\"og:image\" content=\"https:\/\/espacemenager2000.fr\/wp-content\/uploads\/2026\/05\/Velo-Elliptique-BH-Crystal-2.0-.gif\" \/>\n\t<meta property=\"og:image:width\" content=\"800\" \/>\n\t<meta property=\"og:image:height\" content=\"800\" \/>\n\t<meta property=\"og:image:type\" content=\"image\/gif\" \/>\n<meta name=\"twitter:card\" content=\"summary_large_image\" \/>\n<meta name=\"twitter:label1\" content=\"Est. reading time\" \/>\n\t<meta name=\"twitter:data1\" content=\"4 minutes\" \/>\n<script type=\"application\/ld+json\" class=\"yoast-schema-graph\">{\"@context\":\"https:\\\/\\\/schema.org\",\"@graph\":[{\"@type\":\"WebPage\",\"@id\":\"https:\\\/\\\/espacemenager2000.fr\\\/produit\\\/velo-elliptique-bh-crystal-2-0\\\/\",\"url\":\"https:\\\/\\\/espacemenager2000.fr\\\/produit\\\/velo-elliptique-bh-crystal-2-0\\\/\",\"name\":\"V\u00e9lo Elliptique BH Crystal 2.0 - Promotion - Vente d&#039;\u00c9lectrom\u00e9nager Neuf et Garanti \u00e0 Paris\",\"isPartOf\":{\"@id\":\"https:\\\/\\\/espacemenager2000.fr\\\/#website\"},\"primaryImageOfPage\":{\"@id\":\"https:\\\/\\\/espacemenager2000.fr\\\/produit\\\/velo-elliptique-bh-crystal-2-0\\\/#primaryimage\"},\"image\":{\"@id\":\"https:\\\/\\\/espacemenager2000.fr\\\/produit\\\/velo-elliptique-bh-crystal-2-0\\\/#primaryimage\"},\"thumbnailUrl\":\"https:\\\/\\\/espacemenager2000.fr\\\/wp-content\\\/uploads\\\/2026\\\/05\\\/Velo-Elliptique-BH-Crystal-2.0-.gif\",\"datePublished\":\"2025-12-22T16:14:37+00:00\",\"dateModified\":\"2026-05-10T20:42:15+00:00\",\"description\":\"V\u00e9lo Elliptique BH Crystal 2.0 - de conception ergonomique avec une structure facile d'acc\u00e8s avec un look moderne et un volant arri\u00e8re - Promotion\",\"breadcrumb\":{\"@id\":\"https:\\\/\\\/espacemenager2000.fr\\\/produit\\\/velo-elliptique-bh-crystal-2-0\\\/#breadcrumb\"},\"inLanguage\":\"en-US\",\"potentialAction\":[{\"@type\":\"ReadAction\",\"target\":[\"https:\\\/\\\/espacemenager2000.fr\\\/produit\\\/velo-elliptique-bh-crystal-2-0\\\/\"]}]},{\"@type\":\"ImageObject\",\"inLanguage\":\"en-US\",\"@id\":\"https:\\\/\\\/espacemenager2000.fr\\\/produit\\\/velo-elliptique-bh-crystal-2-0\\\/#primaryimage\",\"url\":\"https:\\\/\\\/espacemenager2000.fr\\\/wp-content\\\/uploads\\\/2026\\\/05\\\/Velo-Elliptique-BH-Crystal-2.0-.gif\",\"contentUrl\":\"https:\\\/\\\/espacemenager2000.fr\\\/wp-content\\\/uploads\\\/2026\\\/05\\\/Velo-Elliptique-BH-Crystal-2.0-.gif\",\"width\":800,\"height\":800},{\"@type\":\"BreadcrumbList\",\"@id\":\"https:\\\/\\\/espacemenager2000.fr\\\/produit\\\/velo-elliptique-bh-crystal-2-0\\\/#breadcrumb\",\"itemListElement\":[{\"@type\":\"ListItem\",\"position\":1,\"name\":\"Accueil\",\"item\":\"https:\\\/\\\/espacemenager2000.fr\\\/\"},{\"@type\":\"ListItem\",\"position\":2,\"name\":\"Boutique\",\"item\":\"https:\\\/\\\/espacemenager2000.fr\\\/boutique\\\/\"},{\"@type\":\"ListItem\",\"position\":3,\"name\":\"V\u00e9lo Elliptique BH Crystal 2.0\"}]},{\"@type\":\"WebSite\",\"@id\":\"https:\\\/\\\/espacemenager2000.fr\\\/#website\",\"url\":\"https:\\\/\\\/espacemenager2000.fr\\\/\",\"name\":\"Espace Menager 2000\",\"description\":\"Expert en \u00e9lectrom\u00e9nager depuis 2001, Espace M\u00e9nager 2000 vous propose une large gamme de produits : lave-linge, r\u00e9frig\u00e9rateurs, \u00e9lectronique et fitness. Profitez de notre savoir-faire en vente, r\u00e9paration et d\u00e9pannage. Livraison rapide dans toute la zone Euro. Qualit\u00e9 et service garantis.\",\"publisher\":{\"@id\":\"https:\\\/\\\/espacemenager2000.fr\\\/#organization\"},\"potentialAction\":[{\"@type\":\"SearchAction\",\"target\":{\"@type\":\"EntryPoint\",\"urlTemplate\":\"https:\\\/\\\/espacemenager2000.fr\\\/?s={search_term_string}\"},\"query-input\":{\"@type\":\"PropertyValueSpecification\",\"valueRequired\":true,\"valueName\":\"search_term_string\"}}],\"inLanguage\":\"en-US\"},{\"@type\":\"Organization\",\"@id\":\"https:\\\/\\\/espacemenager2000.fr\\\/#organization\",\"name\":\"Espace Menager 2000\",\"url\":\"https:\\\/\\\/espacemenager2000.fr\\\/\",\"logo\":{\"@type\":\"ImageObject\",\"inLanguage\":\"en-US\",\"@id\":\"https:\\\/\\\/espacemenager2000.fr\\\/#\\\/schema\\\/logo\\\/image\\\/\",\"url\":\"https:\\\/\\\/espacemenager2000.fr\\\/wp-content\\\/uploads\\\/2026\\\/05\\\/Fav-Em2000.png\",\"contentUrl\":\"https:\\\/\\\/espacemenager2000.fr\\\/wp-content\\\/uploads\\\/2026\\\/05\\\/Fav-Em2000.png\",\"width\":369,\"height\":369,\"caption\":\"Espace Menager 2000\"},\"image\":{\"@id\":\"https:\\\/\\\/espacemenager2000.fr\\\/#\\\/schema\\\/logo\\\/image\\\/\"},\"sameAs\":[\"https:\\\/\\\/www.facebook.com\\\/p\\\/Espace-menager-2000-100068469618146\\\/\"]}]}<\/script>\n<!-- \/ Yoast SEO plugin. -->","yoast_head_json":{"title":"V\u00e9lo Elliptique BH Crystal 2.0 - Promotion - Vente d&#039;\u00c9lectrom\u00e9nager Neuf et Garanti \u00e0 Paris","description":"V\u00e9lo Elliptique BH Crystal 2.0 - de conception ergonomique avec une structure facile d'acc\u00e8s avec un look moderne et un volant arri\u00e8re - Promotion","robots":{"index":"index","follow":"follow","max-snippet":"max-snippet:-1","max-image-preview":"max-image-preview:large","max-video-preview":"max-video-preview:-1"},"canonical":"https:\/\/espacemenager2000.fr\/en\/product\/velo-elliptique-bh-crystal-2-0\/","og_locale":"en_US","og_type":"article","og_title":"V\u00e9lo Elliptique BH Crystal 2.0 - Promotion - Vente d&#039;\u00c9lectrom\u00e9nager Neuf et Garanti \u00e0 Paris","og_description":"V\u00e9lo Elliptique BH Crystal 2.0 - de conception ergonomique avec une structure facile d'acc\u00e8s avec un look moderne et un volant arri\u00e8re - Promotion","og_url":"https:\/\/espacemenager2000.fr\/en\/product\/velo-elliptique-bh-crystal-2-0\/","og_site_name":"Vente d&#039;\u00c9lectrom\u00e9nager Neuf et Garanti \u00e0 Paris","article_publisher":"https:\/\/www.facebook.com\/p\/Espace-menager-2000-100068469618146\/","article_modified_time":"2026-05-10T20:42:15+00:00","og_image":[{"width":800,"height":800,"url":"https:\/\/espacemenager2000.fr\/wp-content\/uploads\/2026\/05\/Velo-Elliptique-BH-Crystal-2.0-.gif","type":"image\/gif"}],"twitter_card":"summary_large_image","twitter_misc":{"Est. reading time":"4 minutes"},"schema":{"@context":"https:\/\/schema.org","@graph":[{"@type":"WebPage","@id":"https:\/\/espacemenager2000.fr\/produit\/velo-elliptique-bh-crystal-2-0\/","url":"https:\/\/espacemenager2000.fr\/produit\/velo-elliptique-bh-crystal-2-0\/","name":"V\u00e9lo Elliptique BH Crystal 2.0 - Promotion - Vente d&#039;\u00c9lectrom\u00e9nager Neuf et Garanti \u00e0 Paris","isPartOf":{"@id":"https:\/\/espacemenager2000.fr\/#website"},"primaryImageOfPage":{"@id":"https:\/\/espacemenager2000.fr\/produit\/velo-elliptique-bh-crystal-2-0\/#primaryimage"},"image":{"@id":"https:\/\/espacemenager2000.fr\/produit\/velo-elliptique-bh-crystal-2-0\/#primaryimage"},"thumbnailUrl":"https:\/\/espacemenager2000.fr\/wp-content\/uploads\/2026\/05\/Velo-Elliptique-BH-Crystal-2.0-.gif","datePublished":"2025-12-22T16:14:37+00:00","dateModified":"2026-05-10T20:42:15+00:00","description":"V\u00e9lo Elliptique BH Crystal 2.0 - de conception ergonomique avec une structure facile d'acc\u00e8s avec un look moderne et un volant arri\u00e8re - Promotion","breadcrumb":{"@id":"https:\/\/espacemenager2000.fr\/produit\/velo-elliptique-bh-crystal-2-0\/#breadcrumb"},"inLanguage":"en-US","potentialAction":[{"@type":"ReadAction","target":["https:\/\/espacemenager2000.fr\/produit\/velo-elliptique-bh-crystal-2-0\/"]}]},{"@type":"ImageObject","inLanguage":"en-US","@id":"https:\/\/espacemenager2000.fr\/produit\/velo-elliptique-bh-crystal-2-0\/#primaryimage","url":"https:\/\/espacemenager2000.fr\/wp-content\/uploads\/2026\/05\/Velo-Elliptique-BH-Crystal-2.0-.gif","contentUrl":"https:\/\/espacemenager2000.fr\/wp-content\/uploads\/2026\/05\/Velo-Elliptique-BH-Crystal-2.0-.gif","width":800,"height":800},{"@type":"BreadcrumbList","@id":"https:\/\/espacemenager2000.fr\/produit\/velo-elliptique-bh-crystal-2-0\/#breadcrumb","itemListElement":[{"@type":"ListItem","position":1,"name":"Accueil","item":"https:\/\/espacemenager2000.fr\/"},{"@type":"ListItem","position":2,"name":"Boutique","item":"https:\/\/espacemenager2000.fr\/boutique\/"},{"@type":"ListItem","position":3,"name":"V\u00e9lo Elliptique BH Crystal 2.0"}]},{"@type":"WebSite","@id":"https:\/\/espacemenager2000.fr\/#website","url":"https:\/\/espacemenager2000.fr\/","name":"Espace Menager 2000","description":"Expert en \u00e9lectrom\u00e9nager depuis 2001, Espace M\u00e9nager 2000 vous propose une large gamme de produits : lave-linge, r\u00e9frig\u00e9rateurs, \u00e9lectronique et fitness. Profitez de notre savoir-faire en vente, r\u00e9paration et d\u00e9pannage. Livraison rapide dans toute la zone Euro. Qualit\u00e9 et service garantis.","publisher":{"@id":"https:\/\/espacemenager2000.fr\/#organization"},"potentialAction":[{"@type":"SearchAction","target":{"@type":"EntryPoint","urlTemplate":"https:\/\/espacemenager2000.fr\/?s={search_term_string}"},"query-input":{"@type":"PropertyValueSpecification","valueRequired":true,"valueName":"search_term_string"}}],"inLanguage":"en-US"},{"@type":"Organization","@id":"https:\/\/espacemenager2000.fr\/#organization","name":"Espace Menager 2000","url":"https:\/\/espacemenager2000.fr\/","logo":{"@type":"ImageObject","inLanguage":"en-US","@id":"https:\/\/espacemenager2000.fr\/#\/schema\/logo\/image\/","url":"https:\/\/espacemenager2000.fr\/wp-content\/uploads\/2026\/05\/Fav-Em2000.png","contentUrl":"https:\/\/espacemenager2000.fr\/wp-content\/uploads\/2026\/05\/Fav-Em2000.png","width":369,"height":369,"caption":"Espace Menager 2000"},"image":{"@id":"https:\/\/espacemenager2000.fr\/#\/schema\/logo\/image\/"},"sameAs":["https:\/\/www.facebook.com\/p\/Espace-menager-2000-100068469618146\/"]}]}},"_links":{"self":[{"href":"https:\/\/espacemenager2000.fr\/en\/wp-json\/wp\/v2\/product\/907","targetHints":{"allow":["GET"]}}],"collection":[{"href":"https:\/\/espacemenager2000.fr\/en\/wp-json\/wp\/v2\/product"}],"about":[{"href":"https:\/\/espacemenager2000.fr\/en\/wp-json\/wp\/v2\/types\/product"}],"replies":[{"embeddable":true,"href":"https:\/\/espacemenager2000.fr\/en\/wp-json\/wp\/v2\/comments?post=907"}],"wp:featuredmedia":[{"embeddable":true,"href":"https:\/\/espacemenager2000.fr\/en\/wp-json\/wp\/v2\/media\/908"}],"wp:attachment":[{"href":"https:\/\/espacemenager2000.fr\/en\/wp-json\/wp\/v2\/media?parent=907"}],"wp:term":[{"taxonomy":"product_brand","embeddable":true,"href":"https:\/\/espacemenager2000.fr\/en\/wp-json\/wp\/v2\/product_brand?post=907"},{"taxonomy":"product_cat","embeddable":true,"href":"https:\/\/espacemenager2000.fr\/en\/wp-json\/wp\/v2\/product_cat?post=907"},{"taxonomy":"product_tag","embeddable":true,"href":"https:\/\/espacemenager2000.fr\/en\/wp-json\/wp\/v2\/product_tag?post=907"}],"curies":[{"name":"wp","href":"https:\/\/api.w.org\/{rel}","templated":true}]}}