{"id":8819,"date":"2025-12-22T17:05:53","date_gmt":"2025-12-22T17:05:53","guid":{"rendered":"https:\/\/espacemenager2000.fr\/?post_type=product&#038;p=8819"},"modified":"2026-05-10T20:42:46","modified_gmt":"2026-05-10T20:42:46","slug":"montre-casio-pro-trek-prw-35-1aer","status":"publish","type":"product","link":"https:\/\/espacemenager2000.fr\/en\/product\/montre-casio-pro-trek-prw-35-1aer\/","title":{"rendered":"Montre Casio Pro Trek PRW-35-1AER"},"content":{"rendered":"<p>La\u00a0<strong>montre Casio Pro Trek PRW-35-1AER<\/strong>\u00a0se r\u00e9v\u00e8le \u00eatre une partenaire de choix pour profiter pleinement de vos\u00a0<strong>sessions outdoor<\/strong>.<\/p>\n<h2><span class=\"m-accordion__header\"><span class=\"m-accordion__header__title\">Description<\/span><\/span><\/h2>\n<div class=\"m-accordion__content js-readMore\">\n<div class=\"m-readMore__content js-readMore-container\">\n<div class=\"prdDtl__contentSection__content\">\n<p>La\u00a0<strong>montre Casio Pro Trek PRW-35-1AER<\/strong>\u00a0se r\u00e9v\u00e8le \u00eatre une partenaire de choix pour profiter pleinement de vos\u00a0<strong>sessions outdoor<\/strong>.<\/p>\n<p>Vous disposez d&#8217;une\u00a0<strong>boussole<\/strong>\u00a0num\u00e9rique, d&#8217;un\u00a0<strong>barom\u00e8tre<\/strong>, d&#8217;un\u00a0<strong>altim\u00e8tre<\/strong>\u00a0et d&#8217;un\u00a0<strong>thermom\u00e8tre<\/strong>\u00a0afin d&#8217;appr\u00e9hender au mieux chacune de vos sorties.<\/p>\n<p>Son\u00a0<strong>\u00e9tanch\u00e9it\u00e9 de 100 m\u00e8tres<\/strong>\u00a0vous permet d&#8217;aborder sereinement vos passages dans l&#8217;eau. Sa r\u00e9sistance aux basses temp\u00e9ratures est indispensable pour vos aventures hivernales.<\/p>\n<p>Tr\u00e8s\u00a0<strong>ergonomique<\/strong>, vous acc\u00e9dez rapidement aux fonctions souhait\u00e9es via les boutons pr\u00e9vus \u00e0 cet effet. L&#8217;<strong>\u00e9cran<\/strong>\u00a0<strong>LCD \u00e0 r\u00e9tro\u00e9clairage LED<\/strong>\u00a0assure une visibilit\u00e9 toujours optimale.<\/p>\n<p>Compatible \u00e0 la\u00a0<strong>recharge via l&#8217;\u00e9nergie solaire<\/strong>, elle arbore une autonomie pouvant aller jusqu&#8217;\u00e0 22 mois.<\/p>\n<p>&nbsp;<\/p>\n<h3>Points cl\u00e9s de la\u00a0<strong>montre Casio Pro Trek PRW-35-1AER<\/strong><\/h3>\n<ul>\n<li><strong>Boussole num\u00e9rique<\/strong><\/li>\n<li><strong>Barom\u00e8tre<\/strong><\/li>\n<li><strong>Altim\u00e8tre<\/strong><\/li>\n<li><strong>Thermom\u00e8tre<\/strong><\/li>\n<li><strong>\u00c9tanch\u00e9it\u00e9<\/strong>\u00a0: 100 m\u00e8tres<\/li>\n<li><strong>R\u00e9sistance aux basses temp\u00e9ratures jusqu&#8217;\u00e0 -10\u00b0C<\/strong><\/li>\n<li><strong>Boutons pression<\/strong>\u00a0: ergonomie et navigation<\/li>\n<li><strong>\u00c9cran LCD STN<\/strong>\u00a0: visibilit\u00e9 optimale<\/li>\n<li><strong>R\u00e9tro\u00e9clairage LED<\/strong>\u00a0: lisibilit\u00e9 dans l&#8217;obscurit\u00e9<\/li>\n<li><strong>Recharge possible via l&#8217;\u00e9nergie solaire<\/strong><\/li>\n<li><strong>Bo\u00eetier et bracelet en r\u00e9sine bio<\/strong><\/li>\n<li><strong>Lunette en acier inoxydable<\/strong><\/li>\n<li><strong>Verre min\u00e9ral<\/strong><\/li>\n<li><strong>Taille de bracelet<\/strong>\u00a0: 145 a 215 mm<\/li>\n<li><strong>Autonomie<\/strong>\u00a0: 6 mois pour une utilisation de jour et 22 mois pour un stockage dans l&#8217;obscurit\u00e9 avec mode \u00e9conomie d&#8217;\u00e9nergie activ\u00e9<\/li>\n<li><strong>Dimensions<\/strong>\u00a0: 51.2 x 44.6 x 13 mm<\/li>\n<li><strong>Poids<\/strong>\u00a0: 45 g<\/li>\n<li><strong>Coloris<\/strong>\u00a0: noir, gris et rouge<\/li>\n<\/ul>\n<h2><span class=\"m-accordion__header\"><span class=\"m-accordion__header__title\">Points cl\u00e9s<\/span><\/span><\/h2>\n<div class=\"m-accordion__content js-readMore\">\n<div class=\"m-readMore__content js-readMore-container\">\n<div class=\"prdDtl__contentSection__content\">\n<h3><strong>Caract\u00e9ristiques physiques :<\/strong><\/h3>\n<ul>\n<li>\u00c9cran LCD STN<\/li>\n<li>Taille du bo\u00eetier : 51.2 x 44.6 x 13 mm<\/li>\n<li>Poids : 45 g<\/li>\n<li>Mat\u00e9riau du bo\u00eetier\/de la lunette : r\u00e9sine bio\/acier inoxydable<\/li>\n<li>Bracelet en r\u00e9sine bio<\/li>\n<li>\u00c9tanch\u00e9it\u00e9 \u00e0 100 m\u00e8tres \/ 10 bars<\/li>\n<li>R\u00e9sistance aux basses temp\u00e9ratures (-10\u00b0C)<\/li>\n<li>Fonctionnement solaire<\/li>\n<\/ul>\n<p>&nbsp;<\/p>\n<h3><strong>Caract\u00e9ristiques principales :<\/strong><\/h3>\n<ul>\n<li>Triple capteur (boussole num\u00e9rique, barom\u00e8tre\/thermom\u00e8tre et altim\u00e8tre)<\/li>\n<li>Montre solaire radio-pilot\u00e9e Multiband 6<\/li>\n<li>R\u00e9tro\u00e9clairage LED automatique<\/li>\n<li>Heure universelle<\/li>\n<li>Affichage du lever et coucher du soleil<\/li>\n<li>Chronom\u00e8tre<\/li>\n<li>Compte \u00e0 rebours<\/li>\n<li>5 alarmes quotidiennes<\/li>\n<li>Calendrier automatique<\/li>\n<li>Fonction de mise en sourdine<\/li>\n<li>Mode \u00e9conomie d&#8217;\u00e9nergie<\/li>\n<li>Affichage et alerte du niveau de batterie<\/li>\n<\/ul>\n<p>&nbsp;<\/p>\n<h3><strong>Autonomie :<\/strong><\/h3>\n<ul>\n<li>6 mois sur batterie rechargeable (p\u00e9riode de fonctionnement avec une utilisation normale sans exposition \u00e0 la lumi\u00e8re apr\u00e8s la charge)<\/li>\n<li>22 mois sur batterie rechargeable (p\u00e9riode de fonctionnement en cas de stockage dans l&#8217;obscurit\u00e9 totale avec fonction d&#8217;\u00e9conomie d&#8217;\u00e9nergie activ\u00e9e apr\u00e8s une charge compl\u00e8te)<\/li>\n<\/ul>\n<h2><span class=\"m-accordion__header\"><span class=\"m-accordion__header__title\">Technologies<\/span><\/span><\/h2>\n<h2><span style=\"font-size: 16px;\">Eclairage LED<\/span><\/h2>\n<div class=\"m-accordion__content js-readMore\">\n<div class=\"m-readMore__content js-readMore-container\">\n<div class=\"prdDtl__contentSection__content\">\n<dl>\n<dd>Le cadran de la montre est \u00e9clair\u00e9 par une diode \u00e9lectroluminescente<\/dd>\n<dt>Fonctionnement solaire<\/dt>\n<dd>Des cellules solaires procurent une alimentation en \u00e9nergie autonome et respectueuse de l&#8217;environnement.<\/p>\n<p>Le surplus d&#8217;\u00e9nergie solaire est stock\u00e9 dans un accumulateur.<\/dd>\n<dt>Fonction d&#8217;heure universelle<\/dt>\n<dd>La fonction d&#8217;heure universelle affiche l&#8217;heure dans 29 fuseaux horaires et grandes villes du monde.<\/dd>\n<dt>Alarme quotidienne<\/dt>\n<dd>L&#8217;alarme quotidienne se d\u00e9clenche tous les jours \u00e0 l&#8217;heure que vous programmez.<\/p>\n<p>La valeur indiqu\u00e9e correspond au nombre d&#8217;alarmes quotidiennes disponibles.<\/dd>\n<dt>Marche\/Arr\u00eat bip sonore des touches<\/dt>\n<dd>Le bip sonore des touches peut \u00eatre d\u00e9sactiv\u00e9 avec la touche de mode. Apr\u00e8s la d\u00e9sactivation, il n&#8217;y a plus de bip sonore au passage d&#8217;une fonction \u00e0 l&#8217;autre.<\/p>\n<p>Les alarmes ou comptes \u00e0 rebours programm\u00e9s restent cependant actifs apr\u00e8s la d\u00e9sactivation du bip sonore des touches.<\/dd>\n<dt>Calendrier automatique<\/dt>\n<dd>Une fois programm\u00e9, le calendrier automatique affiche toujours la date correcte.<\/p>\n<p>&nbsp;<\/dd>\n<dt>Bracelet en r\u00e9sine<\/dt>\n<dd>Gr\u00e2ce \u00e0 son extr\u00eame durabilit\u00e9 et sa souplesse, la r\u00e9sine synth\u00e9tique constitue un mat\u00e9riau id\u00e9al pour les bracelets.<\/dd>\n<dt>Indicateur de niveau des batteries<\/dt>\n<dd>Affiche le niveau actuel des batteries.<\/dd>\n<dt>Classe d&#8217;\u00e9tanch\u00e9it\u00e9 ( 10 bars )<\/dt>\n<dd>Parfait pour nager et faire de la plong\u00e9e avec un tuba : la montre \u00e9tanche jusqu&#8217;\u00e0 10 bars ( ISO 22810 )<\/dd>\n<dt>Insensible au froid ( -10 \u00b0c )<\/dt>\n<dd>Cette montre r\u00e9siste \u00e9galement \u00e0 des temp\u00e9ratures jusqu&#8217;\u00e0 -10\u00b0c<\/dd>\n<dt>Mise \u00e0 l&#8217;heure automatique via r\u00e9ception de signaux de radio-pilotage<\/dt>\n<dd>Que ce soit en Europe, en Am\u00e9rique du Nord ou au Japon, dans les vastes territoires du Canada, de l&#8217;Am\u00e9rique centrale ou de la Chine &#8211; une fois la montre ajust\u00e9e au fuseau horaire local, elle re\u00e7oit le signal radio correspondant et indique toujours la date et l&#8217;heure exactes. Dans de nombreux pays, elle passe automatiquement de l&#8217;heure d&#8217;\u00e9t\u00e9 \u00e0 l&#8217;heure d&#8217;hiver et inversement.<\/dd>\n<dt>Boussole<\/dt>\n<dd>Un capteur de direction int\u00e9gr\u00e9 d\u00e9tecte le nord magn\u00e9tique<\/dd>\n<dt>Barom\u00e8tre (260 \/ 1.100 hPa )<\/dt>\n<dd>Un capteur sp\u00e9cial mesure la pression atmosph\u00e9rique (plage de mesure\u00a0: 260\/1100\u00a0hPa) et l&#8217;affiche sur l&#8217;\u00e9cran sous forme de symbole. Ceci permet de conna\u00eetre \u00e0 temps les pr\u00e9visions m\u00e9t\u00e9orologiques.<\/dd>\n<dt>Thermom\u00e8tre ( -10\u00b0c\/+60\u00b0c)<\/dt>\n<dd>Un capteur mesure la temp\u00e9rature ambiante et l&#8217;affiche en degr\u00e9s Celsius (-10\u00b0C \/+60\u00b0C).<\/dd>\n<dt>Verre min\u00e9ral<\/dt>\n<dd>Le verre min\u00e9ral dur et r\u00e9sistant aux rayures prot\u00e8ge la montre des dommages inesth\u00e9tiques.<\/dd>\n<dt>Lever et coucher du soleil<\/dt>\n<dd>Apr\u00e8s saisie de la position g\u00e9ographique, il est possible d&#8217;afficher l&#8217;heure du lever et du coucher du soleil pour n&#8217;importe quelle date.<\/p>\n<p>&nbsp;<\/dd>\n<dt>Comptes \u00e0 rebours 1\/1 min &#8211; 24 heures<\/dt>\n<dd>Pour tous ceux qui aiment la pr\u00e9cision : les comptes \u00e0 rebours vous rappellent les \u00e9v\u00e8nements importants ou r\u00e9currents en \u00e9mettant un signal acoustique \u00e0 la date et l&#8217;heure programm\u00e9es. Le temps peut \u00eatre programm\u00e9 en minutes, 24 heures maximum \u00e0 l&#8217;avance. Un atout particuli\u00e8rement appr\u00e9ciable pour la prise quotidienne de m\u00e9dicaments ou les entra\u00eenements r\u00e9p\u00e9t\u00e9s.<\/p>\n<p>&nbsp;<\/dd>\n<dt>Fonction de chronom\u00e9trage 1\/10sec-1000h<\/dt>\n<dd>Permet la mesure pr\u00e9cise du temps \u00e9coul\u00e9 par simple pression d&#8217;un bouton. La fraction indique l&#8217;unit\u00e9 de mesure, tandis que le chiffre indique le temps maximum pouvant \u00eatre chronom\u00e9tr\u00e9.<\/dd>\n<dt>Bo\u00eetier en r\u00e9sine<\/dt>\n<dd>Bo\u00eetier souple pour un confort accru et une durabilit\u00e9 maximale.<\/dd>\n<dt>Bracelet en ur\u00e9thane souple<\/dt>\n<dd>Bracelet souple et durable, r\u00e9sistant \u00e0 la transpiration pour un confort optimal.<\/dd>\n<\/dl>\n<\/div>\n<\/div>\n<\/div>\n<\/div>\n<\/div>\n<\/div>\n<\/div>\n<\/div>\n<\/div>","protected":false},"excerpt":{"rendered":"<div class=\"app__overview__intro__description\">\n<p>La\u00a0<strong>montre Casio Pro Trek PRW-35-1AER<\/strong>\u00a0se r\u00e9v\u00e8le \u00eatre une partenaire de choix pour profiter pleinement de vos\u00a0<strong>sessions outdoor<\/strong>.<\/p>\n<\/div>\n<div class=\"app__column-layout app__column-layout__column--6 app__column-layout__column__mobile--2 app__overview__intro__icons\"><\/div>","protected":false},"featured_media":8820,"comment_status":"open","ping_status":"closed","template":"","meta":[],"product_brand":[96],"product_cat":[17,87,98,99,97,84,18,85],"product_tag":[100,101],"class_list":{"0":"post-8819","1":"product","2":"type-product","3":"status-publish","4":"has-post-thumbnail","6":"product_brand-casio","7":"product_cat-bons-plans","8":"product_cat-electronique","9":"product_cat-montres-connectees","10":"product_cat-montres-de-sport","11":"product_cat-montres-et-bracelets-connectes","12":"product_cat-nouveautes","13":"product_cat-promotions","14":"product_cat-top-ventes","15":"product_tag-montres-connectees","16":"product_tag-montres-de-sport","18":"first","19":"instock","20":"sale","21":"shipping-taxable","22":"purchasable","23":"product-type-simple"},"yoast_head":"<!-- This site is optimized with the Yoast SEO plugin v27.6 - https:\/\/yoast.com\/product\/yoast-seo-wordpress\/ -->\n<title>Montre Casio Pro Trek PRW-35-1AER - 229 \u20ac - Vente d&#039;\u00c9lectrom\u00e9nager Neuf et Garanti \u00e0 Paris<\/title>\n<meta name=\"description\" content=\"La montre Casio Pro Trek PRW-35-1AER se r\u00e9v\u00e8le \u00eatre une partenaire de choix pour profiter pleinement de vos sessions outdoor.\" \/>\n<meta name=\"robots\" content=\"index, follow, max-snippet:-1, max-image-preview:large, max-video-preview:-1\" \/>\n<link rel=\"canonical\" href=\"https:\/\/espacemenager2000.fr\/en\/product\/montre-casio-pro-trek-prw-35-1aer\/\" \/>\n<meta property=\"og:locale\" content=\"en_US\" \/>\n<meta property=\"og:type\" content=\"article\" \/>\n<meta property=\"og:title\" content=\"Montre Casio Pro Trek PRW-35-1AER - 229 \u20ac - Vente d&#039;\u00c9lectrom\u00e9nager Neuf et Garanti \u00e0 Paris\" \/>\n<meta property=\"og:description\" content=\"La montre Casio Pro Trek PRW-35-1AER se r\u00e9v\u00e8le \u00eatre une partenaire de choix pour profiter pleinement de vos sessions outdoor.\" \/>\n<meta property=\"og:url\" content=\"https:\/\/espacemenager2000.fr\/en\/product\/montre-casio-pro-trek-prw-35-1aer\/\" \/>\n<meta property=\"og:site_name\" content=\"Vente d&#039;\u00c9lectrom\u00e9nager Neuf et Garanti \u00e0 Paris\" \/>\n<meta property=\"article:publisher\" content=\"https:\/\/www.facebook.com\/p\/Espace-menager-2000-100068469618146\/\" \/>\n<meta property=\"article:modified_time\" content=\"2026-05-10T20:42:46+00:00\" \/>\n<meta property=\"og:image\" content=\"https:\/\/espacemenager2000.fr\/wp-content\/uploads\/2026\/05\/Montre-Casio-Pro-Trek-PRW-35-1AER.jpg\" \/>\n\t<meta property=\"og:image:width\" content=\"800\" \/>\n\t<meta property=\"og:image:height\" content=\"800\" \/>\n\t<meta property=\"og:image:type\" content=\"image\/jpeg\" \/>\n<meta name=\"twitter:card\" content=\"summary_large_image\" \/>\n<meta name=\"twitter:label1\" content=\"Est. reading time\" \/>\n\t<meta name=\"twitter:data1\" content=\"5 minutes\" \/>\n<script type=\"application\/ld+json\" class=\"yoast-schema-graph\">{\"@context\":\"https:\\\/\\\/schema.org\",\"@graph\":[{\"@type\":\"WebPage\",\"@id\":\"https:\\\/\\\/espacemenager2000.fr\\\/produit\\\/montre-casio-pro-trek-prw-35-1aer\\\/\",\"url\":\"https:\\\/\\\/espacemenager2000.fr\\\/produit\\\/montre-casio-pro-trek-prw-35-1aer\\\/\",\"name\":\"Montre Casio Pro Trek PRW-35-1AER - 229 \u20ac - Vente d&#039;\u00c9lectrom\u00e9nager Neuf et Garanti \u00e0 Paris\",\"isPartOf\":{\"@id\":\"https:\\\/\\\/espacemenager2000.fr\\\/#website\"},\"primaryImageOfPage\":{\"@id\":\"https:\\\/\\\/espacemenager2000.fr\\\/produit\\\/montre-casio-pro-trek-prw-35-1aer\\\/#primaryimage\"},\"image\":{\"@id\":\"https:\\\/\\\/espacemenager2000.fr\\\/produit\\\/montre-casio-pro-trek-prw-35-1aer\\\/#primaryimage\"},\"thumbnailUrl\":\"https:\\\/\\\/espacemenager2000.fr\\\/wp-content\\\/uploads\\\/2026\\\/05\\\/Montre-Casio-Pro-Trek-PRW-35-1AER.jpg\",\"datePublished\":\"2025-12-22T17:05:53+00:00\",\"dateModified\":\"2026-05-10T20:42:46+00:00\",\"description\":\"La montre Casio Pro Trek PRW-35-1AER se r\u00e9v\u00e8le \u00eatre une partenaire de choix pour profiter pleinement de vos sessions outdoor.\",\"breadcrumb\":{\"@id\":\"https:\\\/\\\/espacemenager2000.fr\\\/produit\\\/montre-casio-pro-trek-prw-35-1aer\\\/#breadcrumb\"},\"inLanguage\":\"en-US\",\"potentialAction\":[{\"@type\":\"ReadAction\",\"target\":[\"https:\\\/\\\/espacemenager2000.fr\\\/produit\\\/montre-casio-pro-trek-prw-35-1aer\\\/\"]}]},{\"@type\":\"ImageObject\",\"inLanguage\":\"en-US\",\"@id\":\"https:\\\/\\\/espacemenager2000.fr\\\/produit\\\/montre-casio-pro-trek-prw-35-1aer\\\/#primaryimage\",\"url\":\"https:\\\/\\\/espacemenager2000.fr\\\/wp-content\\\/uploads\\\/2026\\\/05\\\/Montre-Casio-Pro-Trek-PRW-35-1AER.jpg\",\"contentUrl\":\"https:\\\/\\\/espacemenager2000.fr\\\/wp-content\\\/uploads\\\/2026\\\/05\\\/Montre-Casio-Pro-Trek-PRW-35-1AER.jpg\",\"width\":800,\"height\":800},{\"@type\":\"BreadcrumbList\",\"@id\":\"https:\\\/\\\/espacemenager2000.fr\\\/produit\\\/montre-casio-pro-trek-prw-35-1aer\\\/#breadcrumb\",\"itemListElement\":[{\"@type\":\"ListItem\",\"position\":1,\"name\":\"Accueil\",\"item\":\"https:\\\/\\\/espacemenager2000.fr\\\/\"},{\"@type\":\"ListItem\",\"position\":2,\"name\":\"Boutique\",\"item\":\"https:\\\/\\\/espacemenager2000.fr\\\/boutique\\\/\"},{\"@type\":\"ListItem\",\"position\":3,\"name\":\"Montre Casio Pro Trek PRW-35-1AER\"}]},{\"@type\":\"WebSite\",\"@id\":\"https:\\\/\\\/espacemenager2000.fr\\\/#website\",\"url\":\"https:\\\/\\\/espacemenager2000.fr\\\/\",\"name\":\"Espace Menager 2000\",\"description\":\"Expert en \u00e9lectrom\u00e9nager depuis 2001, Espace M\u00e9nager 2000 vous propose une large gamme de produits : lave-linge, r\u00e9frig\u00e9rateurs, \u00e9lectronique et fitness. Profitez de notre savoir-faire en vente, r\u00e9paration et d\u00e9pannage. Livraison rapide dans toute la zone Euro. Qualit\u00e9 et service garantis.\",\"publisher\":{\"@id\":\"https:\\\/\\\/espacemenager2000.fr\\\/#organization\"},\"potentialAction\":[{\"@type\":\"SearchAction\",\"target\":{\"@type\":\"EntryPoint\",\"urlTemplate\":\"https:\\\/\\\/espacemenager2000.fr\\\/?s={search_term_string}\"},\"query-input\":{\"@type\":\"PropertyValueSpecification\",\"valueRequired\":true,\"valueName\":\"search_term_string\"}}],\"inLanguage\":\"en-US\"},{\"@type\":\"Organization\",\"@id\":\"https:\\\/\\\/espacemenager2000.fr\\\/#organization\",\"name\":\"Espace Menager 2000\",\"url\":\"https:\\\/\\\/espacemenager2000.fr\\\/\",\"logo\":{\"@type\":\"ImageObject\",\"inLanguage\":\"en-US\",\"@id\":\"https:\\\/\\\/espacemenager2000.fr\\\/#\\\/schema\\\/logo\\\/image\\\/\",\"url\":\"https:\\\/\\\/espacemenager2000.fr\\\/wp-content\\\/uploads\\\/2026\\\/05\\\/Fav-Em2000.png\",\"contentUrl\":\"https:\\\/\\\/espacemenager2000.fr\\\/wp-content\\\/uploads\\\/2026\\\/05\\\/Fav-Em2000.png\",\"width\":369,\"height\":369,\"caption\":\"Espace Menager 2000\"},\"image\":{\"@id\":\"https:\\\/\\\/espacemenager2000.fr\\\/#\\\/schema\\\/logo\\\/image\\\/\"},\"sameAs\":[\"https:\\\/\\\/www.facebook.com\\\/p\\\/Espace-menager-2000-100068469618146\\\/\"]}]}<\/script>\n<!-- \/ Yoast SEO plugin. -->","yoast_head_json":{"title":"Montre Casio Pro Trek PRW-35-1AER - 229 \u20ac - Vente d&#039;\u00c9lectrom\u00e9nager Neuf et Garanti \u00e0 Paris","description":"La montre Casio Pro Trek PRW-35-1AER se r\u00e9v\u00e8le \u00eatre une partenaire de choix pour profiter pleinement de vos sessions outdoor.","robots":{"index":"index","follow":"follow","max-snippet":"max-snippet:-1","max-image-preview":"max-image-preview:large","max-video-preview":"max-video-preview:-1"},"canonical":"https:\/\/espacemenager2000.fr\/en\/product\/montre-casio-pro-trek-prw-35-1aer\/","og_locale":"en_US","og_type":"article","og_title":"Montre Casio Pro Trek PRW-35-1AER - 229 \u20ac - Vente d&#039;\u00c9lectrom\u00e9nager Neuf et Garanti \u00e0 Paris","og_description":"La montre Casio Pro Trek PRW-35-1AER se r\u00e9v\u00e8le \u00eatre une partenaire de choix pour profiter pleinement de vos sessions outdoor.","og_url":"https:\/\/espacemenager2000.fr\/en\/product\/montre-casio-pro-trek-prw-35-1aer\/","og_site_name":"Vente d&#039;\u00c9lectrom\u00e9nager Neuf et Garanti \u00e0 Paris","article_publisher":"https:\/\/www.facebook.com\/p\/Espace-menager-2000-100068469618146\/","article_modified_time":"2026-05-10T20:42:46+00:00","og_image":[{"width":800,"height":800,"url":"https:\/\/espacemenager2000.fr\/wp-content\/uploads\/2026\/05\/Montre-Casio-Pro-Trek-PRW-35-1AER.jpg","type":"image\/jpeg"}],"twitter_card":"summary_large_image","twitter_misc":{"Est. reading time":"5 minutes"},"schema":{"@context":"https:\/\/schema.org","@graph":[{"@type":"WebPage","@id":"https:\/\/espacemenager2000.fr\/produit\/montre-casio-pro-trek-prw-35-1aer\/","url":"https:\/\/espacemenager2000.fr\/produit\/montre-casio-pro-trek-prw-35-1aer\/","name":"Montre Casio Pro Trek PRW-35-1AER - 229 \u20ac - Vente d&#039;\u00c9lectrom\u00e9nager Neuf et Garanti \u00e0 Paris","isPartOf":{"@id":"https:\/\/espacemenager2000.fr\/#website"},"primaryImageOfPage":{"@id":"https:\/\/espacemenager2000.fr\/produit\/montre-casio-pro-trek-prw-35-1aer\/#primaryimage"},"image":{"@id":"https:\/\/espacemenager2000.fr\/produit\/montre-casio-pro-trek-prw-35-1aer\/#primaryimage"},"thumbnailUrl":"https:\/\/espacemenager2000.fr\/wp-content\/uploads\/2026\/05\/Montre-Casio-Pro-Trek-PRW-35-1AER.jpg","datePublished":"2025-12-22T17:05:53+00:00","dateModified":"2026-05-10T20:42:46+00:00","description":"La montre Casio Pro Trek PRW-35-1AER se r\u00e9v\u00e8le \u00eatre une partenaire de choix pour profiter pleinement de vos sessions outdoor.","breadcrumb":{"@id":"https:\/\/espacemenager2000.fr\/produit\/montre-casio-pro-trek-prw-35-1aer\/#breadcrumb"},"inLanguage":"en-US","potentialAction":[{"@type":"ReadAction","target":["https:\/\/espacemenager2000.fr\/produit\/montre-casio-pro-trek-prw-35-1aer\/"]}]},{"@type":"ImageObject","inLanguage":"en-US","@id":"https:\/\/espacemenager2000.fr\/produit\/montre-casio-pro-trek-prw-35-1aer\/#primaryimage","url":"https:\/\/espacemenager2000.fr\/wp-content\/uploads\/2026\/05\/Montre-Casio-Pro-Trek-PRW-35-1AER.jpg","contentUrl":"https:\/\/espacemenager2000.fr\/wp-content\/uploads\/2026\/05\/Montre-Casio-Pro-Trek-PRW-35-1AER.jpg","width":800,"height":800},{"@type":"BreadcrumbList","@id":"https:\/\/espacemenager2000.fr\/produit\/montre-casio-pro-trek-prw-35-1aer\/#breadcrumb","itemListElement":[{"@type":"ListItem","position":1,"name":"Accueil","item":"https:\/\/espacemenager2000.fr\/"},{"@type":"ListItem","position":2,"name":"Boutique","item":"https:\/\/espacemenager2000.fr\/boutique\/"},{"@type":"ListItem","position":3,"name":"Montre Casio Pro Trek PRW-35-1AER"}]},{"@type":"WebSite","@id":"https:\/\/espacemenager2000.fr\/#website","url":"https:\/\/espacemenager2000.fr\/","name":"Espace Menager 2000","description":"Expert en \u00e9lectrom\u00e9nager depuis 2001, Espace M\u00e9nager 2000 vous propose une large gamme de produits : lave-linge, r\u00e9frig\u00e9rateurs, \u00e9lectronique et fitness. Profitez de notre savoir-faire en vente, r\u00e9paration et d\u00e9pannage. Livraison rapide dans toute la zone Euro. Qualit\u00e9 et service garantis.","publisher":{"@id":"https:\/\/espacemenager2000.fr\/#organization"},"potentialAction":[{"@type":"SearchAction","target":{"@type":"EntryPoint","urlTemplate":"https:\/\/espacemenager2000.fr\/?s={search_term_string}"},"query-input":{"@type":"PropertyValueSpecification","valueRequired":true,"valueName":"search_term_string"}}],"inLanguage":"en-US"},{"@type":"Organization","@id":"https:\/\/espacemenager2000.fr\/#organization","name":"Espace Menager 2000","url":"https:\/\/espacemenager2000.fr\/","logo":{"@type":"ImageObject","inLanguage":"en-US","@id":"https:\/\/espacemenager2000.fr\/#\/schema\/logo\/image\/","url":"https:\/\/espacemenager2000.fr\/wp-content\/uploads\/2026\/05\/Fav-Em2000.png","contentUrl":"https:\/\/espacemenager2000.fr\/wp-content\/uploads\/2026\/05\/Fav-Em2000.png","width":369,"height":369,"caption":"Espace Menager 2000"},"image":{"@id":"https:\/\/espacemenager2000.fr\/#\/schema\/logo\/image\/"},"sameAs":["https:\/\/www.facebook.com\/p\/Espace-menager-2000-100068469618146\/"]}]}},"_links":{"self":[{"href":"https:\/\/espacemenager2000.fr\/en\/wp-json\/wp\/v2\/product\/8819","targetHints":{"allow":["GET"]}}],"collection":[{"href":"https:\/\/espacemenager2000.fr\/en\/wp-json\/wp\/v2\/product"}],"about":[{"href":"https:\/\/espacemenager2000.fr\/en\/wp-json\/wp\/v2\/types\/product"}],"replies":[{"embeddable":true,"href":"https:\/\/espacemenager2000.fr\/en\/wp-json\/wp\/v2\/comments?post=8819"}],"wp:featuredmedia":[{"embeddable":true,"href":"https:\/\/espacemenager2000.fr\/en\/wp-json\/wp\/v2\/media\/8820"}],"wp:attachment":[{"href":"https:\/\/espacemenager2000.fr\/en\/wp-json\/wp\/v2\/media?parent=8819"}],"wp:term":[{"taxonomy":"product_brand","embeddable":true,"href":"https:\/\/espacemenager2000.fr\/en\/wp-json\/wp\/v2\/product_brand?post=8819"},{"taxonomy":"product_cat","embeddable":true,"href":"https:\/\/espacemenager2000.fr\/en\/wp-json\/wp\/v2\/product_cat?post=8819"},{"taxonomy":"product_tag","embeddable":true,"href":"https:\/\/espacemenager2000.fr\/en\/wp-json\/wp\/v2\/product_tag?post=8819"}],"curies":[{"name":"wp","href":"https:\/\/api.w.org\/{rel}","templated":true}]}}