{"id":8795,"date":"2025-12-22T17:05:53","date_gmt":"2025-12-22T17:05:53","guid":{"rendered":"https:\/\/espacemenager2000.fr\/?post_type=product&#038;p=8795"},"modified":"2026-05-14T00:38:37","modified_gmt":"2026-05-14T00:38:37","slug":"gps-portable-garmin-gpsmap-h1i","status":"publish","type":"product","link":"https:\/\/espacemenager2000.fr\/en\/product\/gps-portable-garmin-gpsmap-h1i\/","title":{"rendered":"GPS portable Garmin GPSMAP H1i"},"content":{"rendered":"<p>Le\u00a0<strong>GPS portable Garmin GPSMAP H1i<\/strong>\u00a0vous permet de gagner en s\u00e9r\u00e9nit\u00e9 lors de toutes vos sorties de\u00a0<strong>randonn\u00e9e<\/strong>. Ergonomique, il accompagne chacune de vos\u00a0<strong>aventures<\/strong>.<\/p>\n<h2><span class=\"m-accordion__header\"><span class=\"m-accordion__header__title\">Description<\/span><\/span><\/h2>\n<div class=\"m-accordion__content js-readMore\">\n<div class=\"m-readMore__content js-readMore-container\">\n<div class=\"prdDtl__contentSection__content\">\n<p>Le\u00a0<strong>GPS portable Garmin GPSMAP H1i<\/strong>\u00a0vous permet de gagner en s\u00e9r\u00e9nit\u00e9 lors de toutes vos sorties de\u00a0<strong>randonn\u00e9e<\/strong>. Ergonomique, il accompagne chacune de vos\u00a0<strong>aventures<\/strong>.<\/p>\n<p>Les\u00a0<strong>cartes<\/strong>\u00a0Topoactives pr\u00e9charg\u00e9es et l&#8217;acc\u00e8s \u00e0 des\u00a0<strong>images satellites<\/strong>\u00a0vous donnent la possibilit\u00e9 d&#8217;appr\u00e9hender au mieux votre environnement. Vous visualisez les\u00a0<strong>d\u00e9nivel\u00e9s<\/strong>, les particularit\u00e9s des terrains, les diff\u00e9rents\u00a0<strong>points d&#8217;int\u00e9r\u00eat<\/strong>\u00a0et cr\u00e9ez vos propres rep\u00e8res.<\/p>\n<p>&nbsp;<\/p>\n<p>Le multi-bandes promet une\u00a0<strong>g\u00e9olocalisation<\/strong>\u00a0d&#8217;une\u00a0<strong>pr\u00e9cision<\/strong>\u00a0maximale \u00e0 tout moment de votre progression. Le LiveTrack permet \u00e0 vos proches de suivre votre position en temps r\u00e9el et d&#8217;\u00e9changer avec vous.<\/p>\n<p>&nbsp;<\/p>\n<p>L&#8217;<strong>\u00e9cran tactile<\/strong>\u00a0est compl\u00e9t\u00e9 par\u00a0des\u00a0<strong>boutons<\/strong>\u00a0et r\u00e9siste efficacement aux rayures pour une\u00a0<strong>durabilit\u00e9<\/strong>\u00a0exceptionnelle. En couleur et\u00a0<strong>antireflet<\/strong>, vous profitez d&#8217;une lisibilit\u00e9 optimale en toutes circonstances.<\/p>\n<p>&nbsp;<\/p>\n<p>La certification MIL-STD-810 atteste d&#8217;une\u00a0<strong>robustesse<\/strong>\u00a0irr\u00e9prochable face aux chocs, aux intemp\u00e9ries et aux temp\u00e9ratures extr\u00eames. Une\u00a0<strong>lampe LED int\u00e9gr\u00e9e<\/strong>\u00a0apporte un surplus de s\u00e9curit\u00e9 pour vos\u00a0trac\u00e9s nocturnes. Pratique, elle est munie d&#8217;une\u00a0<strong>sir\u00e8ne<\/strong>\u00a0pour attirer l&#8217;attention\u00a0au besoin.<\/p>\n<p>L&#8217;<strong>autonomie de<\/strong>\u00a0<strong>145h<\/strong>\u00a0vous accompagne sans difficult\u00e9 tout au long de vos escapades outdoor.<\/p>\n<p>&nbsp;<\/p>\n<h3>Points cl\u00e9s du\u00a0<strong>GPS Garmin GPSMAP H1i<\/strong><\/h3>\n<ul>\n<li><strong>Cartes topographiques Topoactives pr\u00e9charg\u00e9es<\/strong>\u00a0: contours et d\u00e9nivel\u00e9s du terrain, points g\u00e9ographiques etc.<\/li>\n<li><strong>GPS multi-bandes<\/strong>\u00a0: localisation pr\u00e9cise<\/li>\n<li><strong>LiveTrack<\/strong>\u00a0: suivi de position et \u00e9changes en temps r\u00e9el<\/li>\n<li><strong>Certification militaire MIL-STD-810<\/strong>\u00a0: durabilit\u00e9, r\u00e9sistance aux chocs, intemp\u00e9ries et temp\u00e9ratures extr\u00eames<\/li>\n<li><strong>\u00c9cran tactile couleur de 3.5&#8243;<\/strong>: antireflet, r\u00e9sistant aux rayures et compatible avec des gants<\/li>\n<li><strong>Lampe LED int\u00e9gr\u00e9e avec sir\u00e8ne<\/strong>\u00a0: visibilit\u00e9 et s\u00e9curit\u00e9<\/li>\n<li><strong>Autonomie<\/strong>\u00a0: 145 heures<\/li>\n<\/ul>\n<h2><span class=\"m-accordion__header\"><span class=\"m-accordion__header__title\">Points cl\u00e9s<\/span><\/span><\/h2>\n<div class=\"m-accordion__content js-readMore\">\n<div class=\"m-readMore__content js-readMore-container\">\n<div class=\"prdDtl__contentSection__content\">\n<h3><strong>Contenu de la bo\u00eete :<\/strong><\/h3>\n<ul>\n<li>GPS<\/li>\n<li>Mousqueton \u00e0 boucle<\/li>\n<li>C\u00e2ble USB<\/li>\n<li>Documentation<\/li>\n<\/ul>\n<p>&nbsp;<\/p>\n<h3><strong>Caract\u00e9ristiques g\u00e9n\u00e9rales :<\/strong><\/h3>\n<ul>\n<li>Mat\u00e9riau du verre : verre chimiquement renforc\u00e9<\/li>\n<li>Dimensions : 6.7 x 17.9 x 3.3 cm<\/li>\n<li>R\u00e9sistance \u00e0 l&#8217;eau : IP67<\/li>\n<li>MIL-STD-810 : oui (temp\u00e9rature, choc, eau) ; appareil seul uniquement<\/li>\n<li>\u00c9cran tactile<\/li>\n<li>Type d&#8217;affichage : \u00e9cran couleur transflectif TFT<\/li>\n<li>Format d&#8217;affichage (largeur par hauteur) : 4.7 x 7.7 x 8.9 cm (3.5&#8243; de diagonale)<\/li>\n<li>D\u00e9finition d&#8217;\u00e9cran : 282 x 470 pixels<\/li>\n<li>Batterie : Lithium-ion interne et rechargeable<\/li>\n<li>M\u00e9moire\/historique : 64 Go (l&#8217;espace utilisateur varie en fonction des cartes incluses)<\/li>\n<li>Interface : USB-C<\/li>\n<\/ul>\n<p>&nbsp;<\/p>\n<h3><strong>Autonomie :<\/strong><\/h3>\n<ul>\n<li>Jusqu&#8217;\u00e0 145 heures en mode GPS<\/li>\n<li>Jusqu&#8217;\u00e0 840 heures en mode exp\u00e9dition<\/li>\n<\/ul>\n<p>&nbsp;<\/p>\n<h3><strong>Cartes et m\u00e9moire :<\/strong><\/h3>\n<ul>\n<li>Cartes pr\u00e9charg\u00e9es<\/li>\n<li>Possibilit\u00e9 d&#8217;ajouter des cartes<\/li>\n<li>Carte de base<\/li>\n<li>D\u00e9finition automatique d&#8217;itin\u00e9raires (fonction d&#8217;itin\u00e9raire virage par virage)<\/li>\n<li>Segments de carte : oui (15 000)<\/li>\n<li>Birdseye : oui (directement sur l&#8217;appareil)<\/li>\n<li>Inclut des caract\u00e9ristiques hydrographiques d\u00e9taill\u00e9es (trac\u00e9s littoraux, les rives des lacs et rivi\u00e8res, les mar\u00e9cages et les cours d&#8217;eau saisonniers et permanents)<\/li>\n<li>Inclut des points d&#8217;int\u00e9r\u00eat avec fonction de recherche (parcs, terrains de camping, points de vue et aires de pique-nique)<\/li>\n<li>Affiche les parcs nationaux, f\u00e9d\u00e9raux et locaux, les for\u00eats, ainsi que les parcs naturels<\/li>\n<li>Capacit\u00e9 de stockage et puissance : oui (carte microSD de 1 To max)<\/li>\n<li>Waypoints<\/li>\n<li>Parcours : illimit\u00e9<\/li>\n<li>Activit\u00e9s : illimit\u00e9<\/li>\n<li>Profils d&#8217;activit\u00e9<\/li>\n<li>Importations GPX<\/li>\n<li>Connexion Rinex<\/li>\n<\/ul>\n<p>&nbsp;<\/p>\n<h3><strong>Capteurs :<\/strong><\/h3>\n<ul>\n<li>GPS<\/li>\n<li>GALILEO<\/li>\n<li>QZSS<\/li>\n<li>BEIDOU<\/li>\n<li>IRNSS<\/li>\n<li>Altim\u00e8tre barom\u00e9trique<\/li>\n<li>Compas : oui (3 axes avec compensation d&#8217;inclinaison)<\/li>\n<li>R\u00e9cepteur haute sensibilit\u00e9<\/li>\n<li>Compas GPS (en mouvement<\/li>\n<li>Fr\u00e9quences multi-bandes<\/li>\n<\/ul>\n<p>&nbsp;<\/p>\n<h3><strong>Fonctions intelligentes quotidiennes :<\/strong><\/h3>\n<ul>\n<li>Connect IQ (cadrans de montre, champs de donn\u00e9es et applications t\u00e9l\u00e9chargeables\u00e0<\/li>\n<li>Smart notifications sur l&#8217;appareil portable<\/li>\n<li>M\u00e9t\u00e9o<\/li>\n<li>Compatible avec l&#8217;application Garmin Messenger<\/li>\n<li>Compatible avec Garmin Connect Mobile<\/li>\n<li>Notes vocales<\/li>\n<li>Garmin Share<\/li>\n<li>Code<\/li>\n<li>Correction automatique de la saisie<\/li>\n<\/ul>\n<p>&nbsp;<\/p>\n<h3><strong>Fonctions de suivi et de s\u00e9curit\u00e9 :<\/strong><\/h3>\n<ul>\n<li>LiveTrack<\/li>\n<li>Sir\u00e8ne de s\u00e9curit\u00e9<\/li>\n<\/ul>\n<p>&nbsp;<\/p>\n<p><strong>Fonctions tactiques :<\/strong><\/p>\n<ul>\n<li>Compatible avec AB Synapse<\/li>\n<li>Calculateur balistique : oui (d\u00e9verrouillage requis)<\/li>\n<li>Syst\u00e8me de coordonn\u00e9es double<\/li>\n<li>Mode vision nocturne<\/li>\n<\/ul>\n<p>&nbsp;<\/p>\n<h3><strong>Fonctions de loisirs en ext\u00e9rieur :<\/strong><\/h3>\n<ul>\n<li>Navigation point \u00e0 point<\/li>\n<li>Instructions vocales d\u00e9taill\u00e9es<\/li>\n<li>TracBack<\/li>\n<li>Calcul de zone<\/li>\n<li>Informations lune\/soleil<\/li>\n<li>Mode geocache : oui (cache au tr\u00e9sor en temps r\u00e9el)<\/li>\n<li>Cartes personnalis\u00e9es compatibles : oui (500 zones de carte personnalis\u00e9es)<\/li>\n<li>Visionneuse JPEG<\/li>\n<li>Appareil photo : avant 5 MP ; arri\u00e8re 8 MP<\/li>\n<li>Lampe torche<\/li>\n<\/ul>\n<p>&nbsp;<\/p>\n<h3><strong>Applications ext\u00e9rieures :<\/strong><\/h3>\n<ul>\n<li>Compatible avec Garmin Explore pour les waypoints, trac\u00e9s, routes et activit\u00e9s<\/li>\n<li>Compatible avec le site web Garmin Explore<\/li>\n<li>Basculement intelligent entre Wi-Fi, cellulaire et satellite avec l&#8217;application Garmin Messenger<\/li>\n<li>Suivi de chien : oui (lorsque l&#8217;appareil est coupl\u00e9 \u00e0 un syst\u00e8me de suivi de ce chiens compatible)<\/li>\n<\/ul>\n<p>&nbsp;<\/p>\n<p><strong>Connexions<\/strong>\u00a0:<\/p>\n<ul>\n<li>Connectivit\u00e9 sans fil : oui (Wi-Fi, Bluetooth, ANT+)<\/li>\n<\/ul>\n<\/div>\n<\/div>\n<\/div>\n<\/div>\n<\/div>\n<\/div>","protected":false},"excerpt":{"rendered":"<p>Le\u00a0<strong>GPS portable Garmin GPSMAP H1i<\/strong>\u00a0vous permet de gagner en s\u00e9r\u00e9nit\u00e9 lors de toutes vos sorties de\u00a0<strong>randonn\u00e9e<\/strong>. Ergonomique, il accompagne chacune de vos\u00a0<strong>aventures<\/strong>.<\/p>\n<p>&nbsp;<\/p>","protected":false},"featured_media":8796,"comment_status":"open","ping_status":"closed","template":"","meta":[],"product_brand":[64],"product_cat":[17,88,87,84,18,85],"product_tag":[89,90,91],"class_list":{"0":"post-8795","1":"product","2":"type-product","3":"status-publish","4":"has-post-thumbnail","6":"product_brand-garmin","7":"product_cat-bons-plans","8":"product_cat-compteurs-gps","9":"product_cat-electronique","10":"product_cat-nouveautes","11":"product_cat-promotions","12":"product_cat-top-ventes","13":"product_tag-accessoire-velo","14":"product_tag-accessoires","15":"product_tag-batterie","17":"first","18":"instock","19":"sale","20":"featured","21":"shipping-taxable","22":"purchasable","23":"product-type-simple"},"yoast_head":"<!-- This site is optimized with the Yoast SEO plugin v27.6 - https:\/\/yoast.com\/product\/yoast-seo-wordpress\/ -->\n<title>GPS portable Garmin GPSMAP H1i - 549 \u20ac - Vente d&#039;\u00c9lectrom\u00e9nager Neuf et Garanti \u00e0 Paris<\/title>\n<meta name=\"description\" content=\"Le\u00a0GPS portable Garmin GPSMAP H1i\u00a0vous permet de gagner en s\u00e9r\u00e9nit\u00e9 lors de toutes vos sorties de\u00a0randonn\u00e9e. Ergonomique, il accompagne chacune de vos\u00a0aventures.\" \/>\n<meta name=\"robots\" content=\"index, follow, max-snippet:-1, max-image-preview:large, max-video-preview:-1\" \/>\n<link rel=\"canonical\" href=\"https:\/\/espacemenager2000.fr\/en\/product\/gps-portable-garmin-gpsmap-h1i\/\" \/>\n<meta property=\"og:locale\" content=\"en_US\" \/>\n<meta property=\"og:type\" content=\"article\" \/>\n<meta property=\"og:title\" content=\"GPS portable Garmin GPSMAP H1i - 549 \u20ac - Vente d&#039;\u00c9lectrom\u00e9nager Neuf et Garanti \u00e0 Paris\" \/>\n<meta property=\"og:description\" content=\"Le\u00a0GPS portable Garmin GPSMAP H1i\u00a0vous permet de gagner en s\u00e9r\u00e9nit\u00e9 lors de toutes vos sorties de\u00a0randonn\u00e9e. Ergonomique, il accompagne chacune de vos\u00a0aventures.\" \/>\n<meta property=\"og:url\" content=\"https:\/\/espacemenager2000.fr\/en\/product\/gps-portable-garmin-gpsmap-h1i\/\" \/>\n<meta property=\"og:site_name\" content=\"Vente d&#039;\u00c9lectrom\u00e9nager Neuf et Garanti \u00e0 Paris\" \/>\n<meta property=\"article:publisher\" content=\"https:\/\/www.facebook.com\/p\/Espace-menager-2000-100068469618146\/\" \/>\n<meta property=\"article:modified_time\" content=\"2026-05-14T00:38:37+00:00\" \/>\n<meta property=\"og:image\" content=\"https:\/\/espacemenager2000.fr\/wp-content\/uploads\/2026\/05\/GPS-portable-Garmin-GPSMAP-H1i.jpg\" \/>\n\t<meta property=\"og:image:width\" content=\"800\" \/>\n\t<meta property=\"og:image:height\" content=\"800\" \/>\n\t<meta property=\"og:image:type\" content=\"image\/jpeg\" \/>\n<meta name=\"twitter:card\" content=\"summary_large_image\" \/>\n<meta name=\"twitter:label1\" content=\"Est. reading time\" \/>\n\t<meta name=\"twitter:data1\" content=\"4 minutes\" \/>\n<script type=\"application\/ld+json\" class=\"yoast-schema-graph\">{\"@context\":\"https:\\\/\\\/schema.org\",\"@graph\":[{\"@type\":\"WebPage\",\"@id\":\"https:\\\/\\\/espacemenager2000.fr\\\/produit\\\/gps-portable-garmin-gpsmap-h1i\\\/\",\"url\":\"https:\\\/\\\/espacemenager2000.fr\\\/produit\\\/gps-portable-garmin-gpsmap-h1i\\\/\",\"name\":\"GPS portable Garmin GPSMAP H1i - 549 \u20ac - Vente d&#039;\u00c9lectrom\u00e9nager Neuf et Garanti \u00e0 Paris\",\"isPartOf\":{\"@id\":\"https:\\\/\\\/espacemenager2000.fr\\\/#website\"},\"primaryImageOfPage\":{\"@id\":\"https:\\\/\\\/espacemenager2000.fr\\\/produit\\\/gps-portable-garmin-gpsmap-h1i\\\/#primaryimage\"},\"image\":{\"@id\":\"https:\\\/\\\/espacemenager2000.fr\\\/produit\\\/gps-portable-garmin-gpsmap-h1i\\\/#primaryimage\"},\"thumbnailUrl\":\"https:\\\/\\\/espacemenager2000.fr\\\/wp-content\\\/uploads\\\/2026\\\/05\\\/GPS-portable-Garmin-GPSMAP-H1i.jpg\",\"datePublished\":\"2025-12-22T17:05:53+00:00\",\"dateModified\":\"2026-05-14T00:38:37+00:00\",\"description\":\"Le\u00a0GPS portable Garmin GPSMAP H1i\u00a0vous permet de gagner en s\u00e9r\u00e9nit\u00e9 lors de toutes vos sorties de\u00a0randonn\u00e9e. Ergonomique, il accompagne chacune de vos\u00a0aventures.\",\"breadcrumb\":{\"@id\":\"https:\\\/\\\/espacemenager2000.fr\\\/produit\\\/gps-portable-garmin-gpsmap-h1i\\\/#breadcrumb\"},\"inLanguage\":\"en-US\",\"potentialAction\":[{\"@type\":\"ReadAction\",\"target\":[\"https:\\\/\\\/espacemenager2000.fr\\\/produit\\\/gps-portable-garmin-gpsmap-h1i\\\/\"]}]},{\"@type\":\"ImageObject\",\"inLanguage\":\"en-US\",\"@id\":\"https:\\\/\\\/espacemenager2000.fr\\\/produit\\\/gps-portable-garmin-gpsmap-h1i\\\/#primaryimage\",\"url\":\"https:\\\/\\\/espacemenager2000.fr\\\/wp-content\\\/uploads\\\/2026\\\/05\\\/GPS-portable-Garmin-GPSMAP-H1i.jpg\",\"contentUrl\":\"https:\\\/\\\/espacemenager2000.fr\\\/wp-content\\\/uploads\\\/2026\\\/05\\\/GPS-portable-Garmin-GPSMAP-H1i.jpg\",\"width\":800,\"height\":800},{\"@type\":\"BreadcrumbList\",\"@id\":\"https:\\\/\\\/espacemenager2000.fr\\\/produit\\\/gps-portable-garmin-gpsmap-h1i\\\/#breadcrumb\",\"itemListElement\":[{\"@type\":\"ListItem\",\"position\":1,\"name\":\"Accueil\",\"item\":\"https:\\\/\\\/espacemenager2000.fr\\\/\"},{\"@type\":\"ListItem\",\"position\":2,\"name\":\"Boutique\",\"item\":\"https:\\\/\\\/espacemenager2000.fr\\\/boutique\\\/\"},{\"@type\":\"ListItem\",\"position\":3,\"name\":\"GPS portable Garmin GPSMAP H1i\"}]},{\"@type\":\"WebSite\",\"@id\":\"https:\\\/\\\/espacemenager2000.fr\\\/#website\",\"url\":\"https:\\\/\\\/espacemenager2000.fr\\\/\",\"name\":\"Espace Menager 2000\",\"description\":\"Expert en \u00e9lectrom\u00e9nager depuis 2001, Espace M\u00e9nager 2000 vous propose une large gamme de produits : lave-linge, r\u00e9frig\u00e9rateurs, \u00e9lectronique et fitness. Profitez de notre savoir-faire en vente, r\u00e9paration et d\u00e9pannage. Livraison rapide dans toute la zone Euro. Qualit\u00e9 et service garantis.\",\"publisher\":{\"@id\":\"https:\\\/\\\/espacemenager2000.fr\\\/#organization\"},\"potentialAction\":[{\"@type\":\"SearchAction\",\"target\":{\"@type\":\"EntryPoint\",\"urlTemplate\":\"https:\\\/\\\/espacemenager2000.fr\\\/?s={search_term_string}\"},\"query-input\":{\"@type\":\"PropertyValueSpecification\",\"valueRequired\":true,\"valueName\":\"search_term_string\"}}],\"inLanguage\":\"en-US\"},{\"@type\":\"Organization\",\"@id\":\"https:\\\/\\\/espacemenager2000.fr\\\/#organization\",\"name\":\"Espace Menager 2000\",\"url\":\"https:\\\/\\\/espacemenager2000.fr\\\/\",\"logo\":{\"@type\":\"ImageObject\",\"inLanguage\":\"en-US\",\"@id\":\"https:\\\/\\\/espacemenager2000.fr\\\/#\\\/schema\\\/logo\\\/image\\\/\",\"url\":\"https:\\\/\\\/espacemenager2000.fr\\\/wp-content\\\/uploads\\\/2026\\\/05\\\/Fav-Em2000.png\",\"contentUrl\":\"https:\\\/\\\/espacemenager2000.fr\\\/wp-content\\\/uploads\\\/2026\\\/05\\\/Fav-Em2000.png\",\"width\":369,\"height\":369,\"caption\":\"Espace Menager 2000\"},\"image\":{\"@id\":\"https:\\\/\\\/espacemenager2000.fr\\\/#\\\/schema\\\/logo\\\/image\\\/\"},\"sameAs\":[\"https:\\\/\\\/www.facebook.com\\\/p\\\/Espace-menager-2000-100068469618146\\\/\"]}]}<\/script>\n<!-- \/ Yoast SEO plugin. -->","yoast_head_json":{"title":"GPS portable Garmin GPSMAP H1i - 549 \u20ac - Vente d&#039;\u00c9lectrom\u00e9nager Neuf et Garanti \u00e0 Paris","description":"Le\u00a0GPS portable Garmin GPSMAP H1i\u00a0vous permet de gagner en s\u00e9r\u00e9nit\u00e9 lors de toutes vos sorties de\u00a0randonn\u00e9e. Ergonomique, il accompagne chacune de vos\u00a0aventures.","robots":{"index":"index","follow":"follow","max-snippet":"max-snippet:-1","max-image-preview":"max-image-preview:large","max-video-preview":"max-video-preview:-1"},"canonical":"https:\/\/espacemenager2000.fr\/en\/product\/gps-portable-garmin-gpsmap-h1i\/","og_locale":"en_US","og_type":"article","og_title":"GPS portable Garmin GPSMAP H1i - 549 \u20ac - Vente d&#039;\u00c9lectrom\u00e9nager Neuf et Garanti \u00e0 Paris","og_description":"Le\u00a0GPS portable Garmin GPSMAP H1i\u00a0vous permet de gagner en s\u00e9r\u00e9nit\u00e9 lors de toutes vos sorties de\u00a0randonn\u00e9e. Ergonomique, il accompagne chacune de vos\u00a0aventures.","og_url":"https:\/\/espacemenager2000.fr\/en\/product\/gps-portable-garmin-gpsmap-h1i\/","og_site_name":"Vente d&#039;\u00c9lectrom\u00e9nager Neuf et Garanti \u00e0 Paris","article_publisher":"https:\/\/www.facebook.com\/p\/Espace-menager-2000-100068469618146\/","article_modified_time":"2026-05-14T00:38:37+00:00","og_image":[{"width":800,"height":800,"url":"https:\/\/espacemenager2000.fr\/wp-content\/uploads\/2026\/05\/GPS-portable-Garmin-GPSMAP-H1i.jpg","type":"image\/jpeg"}],"twitter_card":"summary_large_image","twitter_misc":{"Est. reading time":"4 minutes"},"schema":{"@context":"https:\/\/schema.org","@graph":[{"@type":"WebPage","@id":"https:\/\/espacemenager2000.fr\/produit\/gps-portable-garmin-gpsmap-h1i\/","url":"https:\/\/espacemenager2000.fr\/produit\/gps-portable-garmin-gpsmap-h1i\/","name":"GPS portable Garmin GPSMAP H1i - 549 \u20ac - Vente d&#039;\u00c9lectrom\u00e9nager Neuf et Garanti \u00e0 Paris","isPartOf":{"@id":"https:\/\/espacemenager2000.fr\/#website"},"primaryImageOfPage":{"@id":"https:\/\/espacemenager2000.fr\/produit\/gps-portable-garmin-gpsmap-h1i\/#primaryimage"},"image":{"@id":"https:\/\/espacemenager2000.fr\/produit\/gps-portable-garmin-gpsmap-h1i\/#primaryimage"},"thumbnailUrl":"https:\/\/espacemenager2000.fr\/wp-content\/uploads\/2026\/05\/GPS-portable-Garmin-GPSMAP-H1i.jpg","datePublished":"2025-12-22T17:05:53+00:00","dateModified":"2026-05-14T00:38:37+00:00","description":"Le\u00a0GPS portable Garmin GPSMAP H1i\u00a0vous permet de gagner en s\u00e9r\u00e9nit\u00e9 lors de toutes vos sorties de\u00a0randonn\u00e9e. Ergonomique, il accompagne chacune de vos\u00a0aventures.","breadcrumb":{"@id":"https:\/\/espacemenager2000.fr\/produit\/gps-portable-garmin-gpsmap-h1i\/#breadcrumb"},"inLanguage":"en-US","potentialAction":[{"@type":"ReadAction","target":["https:\/\/espacemenager2000.fr\/produit\/gps-portable-garmin-gpsmap-h1i\/"]}]},{"@type":"ImageObject","inLanguage":"en-US","@id":"https:\/\/espacemenager2000.fr\/produit\/gps-portable-garmin-gpsmap-h1i\/#primaryimage","url":"https:\/\/espacemenager2000.fr\/wp-content\/uploads\/2026\/05\/GPS-portable-Garmin-GPSMAP-H1i.jpg","contentUrl":"https:\/\/espacemenager2000.fr\/wp-content\/uploads\/2026\/05\/GPS-portable-Garmin-GPSMAP-H1i.jpg","width":800,"height":800},{"@type":"BreadcrumbList","@id":"https:\/\/espacemenager2000.fr\/produit\/gps-portable-garmin-gpsmap-h1i\/#breadcrumb","itemListElement":[{"@type":"ListItem","position":1,"name":"Accueil","item":"https:\/\/espacemenager2000.fr\/"},{"@type":"ListItem","position":2,"name":"Boutique","item":"https:\/\/espacemenager2000.fr\/boutique\/"},{"@type":"ListItem","position":3,"name":"GPS portable Garmin GPSMAP H1i"}]},{"@type":"WebSite","@id":"https:\/\/espacemenager2000.fr\/#website","url":"https:\/\/espacemenager2000.fr\/","name":"Espace Menager 2000","description":"Expert en \u00e9lectrom\u00e9nager depuis 2001, Espace M\u00e9nager 2000 vous propose une large gamme de produits : lave-linge, r\u00e9frig\u00e9rateurs, \u00e9lectronique et fitness. Profitez de notre savoir-faire en vente, r\u00e9paration et d\u00e9pannage. Livraison rapide dans toute la zone Euro. Qualit\u00e9 et service garantis.","publisher":{"@id":"https:\/\/espacemenager2000.fr\/#organization"},"potentialAction":[{"@type":"SearchAction","target":{"@type":"EntryPoint","urlTemplate":"https:\/\/espacemenager2000.fr\/?s={search_term_string}"},"query-input":{"@type":"PropertyValueSpecification","valueRequired":true,"valueName":"search_term_string"}}],"inLanguage":"en-US"},{"@type":"Organization","@id":"https:\/\/espacemenager2000.fr\/#organization","name":"Espace Menager 2000","url":"https:\/\/espacemenager2000.fr\/","logo":{"@type":"ImageObject","inLanguage":"en-US","@id":"https:\/\/espacemenager2000.fr\/#\/schema\/logo\/image\/","url":"https:\/\/espacemenager2000.fr\/wp-content\/uploads\/2026\/05\/Fav-Em2000.png","contentUrl":"https:\/\/espacemenager2000.fr\/wp-content\/uploads\/2026\/05\/Fav-Em2000.png","width":369,"height":369,"caption":"Espace Menager 2000"},"image":{"@id":"https:\/\/espacemenager2000.fr\/#\/schema\/logo\/image\/"},"sameAs":["https:\/\/www.facebook.com\/p\/Espace-menager-2000-100068469618146\/"]}]}},"_links":{"self":[{"href":"https:\/\/espacemenager2000.fr\/en\/wp-json\/wp\/v2\/product\/8795","targetHints":{"allow":["GET"]}}],"collection":[{"href":"https:\/\/espacemenager2000.fr\/en\/wp-json\/wp\/v2\/product"}],"about":[{"href":"https:\/\/espacemenager2000.fr\/en\/wp-json\/wp\/v2\/types\/product"}],"replies":[{"embeddable":true,"href":"https:\/\/espacemenager2000.fr\/en\/wp-json\/wp\/v2\/comments?post=8795"}],"wp:featuredmedia":[{"embeddable":true,"href":"https:\/\/espacemenager2000.fr\/en\/wp-json\/wp\/v2\/media\/8796"}],"wp:attachment":[{"href":"https:\/\/espacemenager2000.fr\/en\/wp-json\/wp\/v2\/media?parent=8795"}],"wp:term":[{"taxonomy":"product_brand","embeddable":true,"href":"https:\/\/espacemenager2000.fr\/en\/wp-json\/wp\/v2\/product_brand?post=8795"},{"taxonomy":"product_cat","embeddable":true,"href":"https:\/\/espacemenager2000.fr\/en\/wp-json\/wp\/v2\/product_cat?post=8795"},{"taxonomy":"product_tag","embeddable":true,"href":"https:\/\/espacemenager2000.fr\/en\/wp-json\/wp\/v2\/product_tag?post=8795"}],"curies":[{"name":"wp","href":"https:\/\/api.w.org\/{rel}","templated":true}]}}