{"id":8790,"date":"2025-12-22T17:05:52","date_gmt":"2025-12-22T17:05:52","guid":{"rendered":"https:\/\/espacemenager2000.fr\/?post_type=product&#038;p=8790"},"modified":"2026-05-10T20:42:44","modified_gmt":"2026-05-10T20:42:44","slug":"gps-randonnee-garmin-gpsmap-67","status":"publish","type":"product","link":"https:\/\/espacemenager2000.fr\/en\/product\/gps-randonnee-garmin-gpsmap-67\/","title":{"rendered":"GPS randonn\u00e9e Garmin GPSMAP 67"},"content":{"rendered":"<p>Le GPS randonn\u00e9e Garmin GPSMAP 67 vous permet d&#8217;arpenter en toute s\u00e9r\u00e9nit\u00e9 tous les sentiers lors de vos sessions outdoor. Polyvalent, il est un compagnon de route indispensable.<\/p>\n<h2><span class=\"m-accordion__header\"><span class=\"m-accordion__header__title\">Description<\/span><\/span><\/h2>\n<div class=\"m-accordion__content js-readMore\">\n<div class=\"m-readMore__content js-readMore-container\">\n<div class=\"prdDtl__contentSection__content\">\n<p>Le\u00a0<strong>GPS portable Garmin GPSMAP 67<\/strong>\u00a0vous permet d&#8217;arpenter en toute\u00a0<strong>s\u00e9r\u00e9nit\u00e9<\/strong>\u00a0tous les\u00a0<strong>sentiers<\/strong>\u00a0lors de vos\u00a0<strong>sessions outdoor<\/strong>. Polyvalent, il est un compagnon de route indispensable.<\/p>\n<p>&nbsp;<\/p>\n<p>Vous profitez de plusieurs syst\u00e8mes\u00a0<strong>satellites<\/strong>\u00a0gr\u00e2ce au GNSS multi-bandes pour obtenir une\u00a0<strong>pr\u00e9cision<\/strong>\u00a0exceptionnelle, m\u00eame dans les endroits isol\u00e9s. Des\u00a0<strong>cartes<\/strong>\u00a0photor\u00e9alistes en haute r\u00e9solution sont t\u00e9l\u00e9chargeables pour anticiper au mieux vos exp\u00e9ditions. Les cartes TopoActive Europe sont directement incluses.<\/p>\n<p>&nbsp;<\/p>\n<p>Un altim\u00e8tre, un barom\u00e8tre et un compas \u00e9lectronique sont pr\u00e9sents pour disposer d&#8217;<strong>informations<\/strong>\u00a0essentielles. Le\u00a0<strong>partage de position<\/strong>\u00a0donne la possibilit\u00e9 \u00e0 vos proches de vous localiser ais\u00e9ment pour plus de\u00a0<strong>s\u00e9curit\u00e9<\/strong>. Ce mod\u00e8le r\u00e9pond aux normes militaires MIL-STD-810 afin de proposer une grande\u00a0<strong>r\u00e9sistance<\/strong>\u00a0face aux chocs et \u00e0 l&#8217;eau.<\/p>\n<p>&nbsp;<\/p>\n<p>Pratique,\u00a0la fonctionnalit\u00e9\u00a0<strong>lampe de poche LED<\/strong>\u00a0vous apporte un surplus de visibilit\u00e9 par basse luminosit\u00e9. L&#8217;<strong>autonomie<\/strong>\u00a0de\u00a0<strong>165 heures<\/strong>\u00a0s&#8217;\u00e9tend \u00e0\u00a0<strong>425 heures<\/strong>\u00a0si vous choisissez le mode Exp\u00e9dition.<\/p>\n<p>&nbsp;<\/p>\n<h3>Points cl\u00e9s du\u00a0<strong>GPS portable Garmin GPSMAP 67<\/strong><\/h3>\n<ul>\n<li><strong>GNSS multi-bandes<\/strong>\u00a0: syst\u00e8mes satellites GPS, Galileo, Beidou, IRNSS et QZSS pour un pr\u00e9cision maximale<\/li>\n<li><strong>Images satellites avec des cartes photor\u00e9alistes<\/strong><\/li>\n<li><strong>Cartes TopoActive Europe int\u00e9gr\u00e9es<\/strong><\/li>\n<li><strong>Altim\u00e8tre<\/strong><\/li>\n<li><strong>Barom\u00e8tre<\/strong><\/li>\n<li><strong>Compas \u00e9lectronique 3 axes<\/strong><\/li>\n<li><strong>Partage de position<\/strong>\u00a0: suivi de votre position par vous-m\u00eame ou autrui<\/li>\n<li><strong>Application Garmin Explore<\/strong>\u00a0: m\u00e9t\u00e9o en temps r\u00e9el, planification d&#8217;itin\u00e9raire, waypoints etc.<\/li>\n<li><strong>Conforme aux normes militaires MIL-STD-810<\/strong>\u00a0: r\u00e9sistance aux chocs et thermique, \u00e9tanch\u00e9it\u00e9 IPX7<\/li>\n<li><strong>Compatible avec des jumelles de vision nocturne<\/strong><\/li>\n<li><strong>Fonctionnalit\u00e9 lampe de poche LED<\/strong><\/li>\n<li><strong>Fonctions cartographiques premium via un abonnement Outdoor Maps+<\/strong>\u00a0: informations suppl\u00e9mentaires<\/li>\n<li><strong>Autonomie<\/strong>\u00a0: 425 heures avec le mode Exp\u00e9dition et 165 heures avec le mode de suivi par d\u00e9faut<\/li>\n<li><strong>M\u00e9moire<\/strong>\u00a0: 16 Go<\/li>\n<li><strong>Dimensions<\/strong>\u00a0: 6.2 x 16.3 x 3.5 cm<\/li>\n<li><strong>Format d&#8217;affichage<\/strong>\u00a0: 3.8 x 6.3 cm<\/li>\n<li><strong>D\u00e9finition de l&#8217;\u00e9cran<\/strong>\u00a0: 240 x 400<\/li>\n<li><strong>Poids<\/strong>\u00a0: 230 g avec la batterie<\/li>\n<li><strong>Coloris<\/strong>\u00a0: noir et rouge<\/li>\n<\/ul>\n<h2><span class=\"m-accordion__header\"><span class=\"m-accordion__header__title\">Points cl\u00e9s<\/span><\/span><\/h2>\n<div class=\"m-accordion__content js-readMore\">\n<div class=\"m-readMore__content js-readMore-container\">\n<div class=\"prdDtl__contentSection__content\">\n<h3><strong>Caract\u00e9ristiques\u00a0g\u00e9n\u00e9rales :<\/strong><\/h3>\n<ul>\n<li>Dimensions physiques :\u00a06.2 x 16.3 x 3.5 cm (2.5\u2033 x 6.4\u2033 x 1.4\u2033)<\/li>\n<li>Format d&#8217;affichage (largeur par hauteur) :\u00a03.8 x 6.3 cm (1.5\u2033W x 2.5\u2033H) ; 7.6 cm de diagonale (3\u2033)<\/li>\n<li>D\u00e9finition d&#8217;\u00e9cran (largeur par hauteur) : 240 x 400 pixels<\/li>\n<li>Type d&#8217;affichage : \u00e9cran couleur transflectif TFT<\/li>\n<li>Poids : 230 g avec batterie<\/li>\n<li>Indice de r\u00e9sistance \u00e0 l&#8217;eau : IPX7<\/li>\n<li>Batterie : lithium-ion interne et rechargeable<\/li>\n<li>Autonomie : jusqu&#8217;\u00e0 180 heures (&gt; 7 jours) en mode par d\u00e9faut ; jusqu&#8217;\u00e0 840 heures en mode exp\u00e9dition<\/li>\n<li>MIL-STD-810 : certifi\u00e9 r\u00e9sistant \u00e0 la temp\u00e9rature, choc et eau<\/li>\n<li>Interface : USB-C<\/li>\n<li>M\u00e9moire : 16 Go<\/li>\n<\/ul>\n<p>&nbsp;<\/p>\n<h3><strong>Cartes et m\u00e9moire :<\/strong><\/h3>\n<ul>\n<li>Cartes pr\u00e9charg\u00e9es :\u00a0TopoActive Europe ; routable sur routes et chemins praticables<\/li>\n<li>Possibilit\u00e9 d&#8217;ajouter des cartes<\/li>\n<li>Carte de base<\/li>\n<li>D\u00e9finition automatique d&#8217;itin\u00e9raires (fonction d&#8217;itin\u00e9raire virage par virage)<\/li>\n<li>Segments de carte : 15.000<\/li>\n<li>Birdseye<\/li>\n<li>Inclut des caract\u00e9ristiques hydrographiques d\u00e9taill\u00e9es (trac\u00e9s littoraux, les rives des lacs et rivi\u00e8res, les mar\u00e9cages et les cours d&#8217;eau saisonniers et permanents)<\/li>\n<li>Inclut des points d&#8217;int\u00e9r\u00eat avec fonction de recherche (parcs, terrains de camping, points de vue et aires de pique-nique)<\/li>\n<li>Affiche les parcs nationaux, f\u00e9d\u00e9raux et locaux, les for\u00eats, ainsi que les parcs naturels<\/li>\n<li>Capacit\u00e9 de stockage et puissance : carte microSD de 32 Go maximum<\/li>\n<li>Waypoints : 10.000<\/li>\n<li>Parcours : 250, 200 points de parcours par parcours<\/li>\n<li>Trac\u00e9s : 250<\/li>\n<li>Journal de suivi :\u00a020 000 points, 250 trac\u00e9s gpx enregistr\u00e9s, 300 activit\u00e9s de fitness enregistr\u00e9es<\/li>\n<li>Activit\u00e9s<\/li>\n<li>Itin\u00e9raires : 250, 250 points par itin\u00e9raire ; 50 points de d\u00e9finition automatique d&#8217;itin\u00e9raire (auto routing)<\/li>\n<\/ul>\n<p>&nbsp;<\/p>\n<h3><strong>Capteurs :<\/strong><\/h3>\n<ul>\n<li>R\u00e9cepteur haute sensibilit\u00e9<\/li>\n<li>GPS<\/li>\n<li>GALILEO<\/li>\n<li>GZSS<\/li>\n<li>Beidou<\/li>\n<li>IRNSS<\/li>\n<li>Altim\u00e8tre barom\u00e9trique<\/li>\n<li>Compas :\u00a0Oui 3 axes avec compensation d&#8217;inclinaison<\/li>\n<li>Compas GPS (en mouvement)<\/li>\n<li>Fr\u00e9quences multi-bandes<\/li>\n<\/ul>\n<p>&nbsp;<\/p>\n<h3><strong>Fonctions intelligentes quotidiennes :<\/strong><\/h3>\n<ul>\n<li>Connect IQ (cadrans de montre, champs de donn\u00e9es, widgets et applications t\u00e9l\u00e9chargeables)<\/li>\n<li>Smart notifications sur l&#8217;appareil portable<\/li>\n<li>T\u00e9l\u00e9commande VIRB<\/li>\n<li>Compatible avec Garmin Connect Mobile<\/li>\n<\/ul>\n<p>&nbsp;<\/p>\n<h3><strong>Fonctions de suivi et de s\u00e9curit\u00e9 :<\/strong><\/h3>\n<ul>\n<li>Livetrack<\/li>\n<\/ul>\n<p>&nbsp;<\/p>\n<h3><strong>Fonctions de loisirs en ext\u00e9rieur :<\/strong><\/h3>\n<ul>\n<li>Navigation point \u00e0 point<\/li>\n<li>Tracback<\/li>\n<li>Calcul de zone<\/li>\n<li>Calendrier de chasse\/p\u00eache<\/li>\n<li>Informations lune\/soleil<\/li>\n<li>Positions Xero<\/li>\n<li>Mode geocache :\u00a0chasse au tr\u00e9sor en temps r\u00e9el<\/li>\n<li>Cartes personnalis\u00e9es compatibles :\u00a0500 zones de carte personnalis\u00e9es<\/li>\n<li>Visionneuse JPEG<\/li>\n<li>Balise LED<\/li>\n<\/ul>\n<p>&nbsp;<\/p>\n<h3><strong>Applications ext\u00e9rieures :<\/strong><\/h3>\n<ul>\n<li>Compatible avec Garmin Explore pour les waypoints, trac\u00e9s, routes et activit\u00e9s<\/li>\n<li>Compatible avec le site web Garmin Explore<\/li>\n<\/ul>\n<p>&nbsp;<\/p>\n<p><strong>Connexions :<\/strong><\/p>\n<ul>\n<li>Connectivit\u00e9 sans fil :\u00a0Wi-Fi, Bluetooth, ANT+<\/li>\n<\/ul>\n<h2><span class=\"m-accordion__header\"><span class=\"m-accordion__header__title\">Technologies<\/span><\/span><\/h2>\n<div class=\"m-accordion__content js-readMore\">\n<div class=\"m-readMore__content js-readMore-container\">\n<div class=\"prdDtl__contentSection__content\">\n<dl>\n<dt>TracBack<\/dt>\n<dd>Le trajet est enregistr\u00e9 et s&#8217;affiche sous la forme d&#8217;une ligne en pointill\u00e9 sur l&#8217;\u00e9cran. Il suffit d&#8217;activer la fonction TrackBack pour faire le trajet en sens inverse jusqu&#8217;au point de d\u00e9part.<\/dd>\n<dt>LiveTrack<\/dt>\n<dd>Fonctions de d\u00e9tection des incidents et de demande d\u2019assistance.<\/dd>\n<dt>GNSS Multi-bandes<\/dt>\n<dd>Cette nouvelle fonction unique \u00e0 Garmin est une performance technologique, qui apporte une pr\u00e9cision de la localisation GPS in\u00e9gal\u00e9e.<br \/>\nGr\u00e2ce \u00e0 un recalcul constant de la position par la montre sur les 2 fr\u00e9quences de chaque r\u00e9seau GNSS compatibles multi-bandes, cette technologie permet d&#8217;identifier et d&#8217;\u00e9liminer efficacement les mauvaises donn\u00e9es de positionnement, et ainsi, offrir une pr\u00e9cision beaucoup plus \u00e9lev\u00e9e, surtout dans les canyons, les villes et les environnements alpins difficiles.<\/dd>\n<dt>Mode exp\u00e9dition<\/dt>\n<dd>\n<section id=\"GUID-7B792EB8-0CC4-44E2-87E8-DED033CA8223__CONTEXT_F40476E5972B429EBB5AD2374C447B6D\" class=\"section context\">\n<p class=\"p\">Vous pouvez utiliser le mode exp\u00e9dition pour prolonger l&#8217;autonomie de la batterie lors de l&#8217;enregistrement d&#8217;une activit\u00e9 de plusieurs jours.<\/p>\n<\/section>\n<p>L&#8217;appareil passe en mode \u00e9conomie d&#8217;\u00e9nergie et collecte les points de trac\u00e9 GPS une fois par heure. Pour optimiser l&#8217;autonomie de la batterie, l&#8217;appareil \u00e9teint tous les capteurs et accessoires, y compris la connexion \u00e0 votre smartphone.<\/dd>\n<dt>Vision nocturne<\/dt>\n<dd>\u00c9cran couleur optimis\u00e9 pour une utilisation avec des jumelles de vision nocturne.<\/dd>\n<\/dl>\n<\/div>\n<\/div>\n<\/div>\n<\/div>\n<\/div>\n<\/div>\n<\/div>\n<\/div>\n<\/div>","protected":false},"excerpt":{"rendered":"<p>Aves GPS randonn\u00e9e Garmin GPSMAP 65 profitez d&#8217;une<strong>\u00a0localisation pr\u00e9cise<\/strong>\u00a0gr\u00e2ce \u00e0 la prise en charge de<strong>\u00a0plusieurs GNSS<\/strong>\u00a0et de la technologie<strong>\u00a0multi-bandes<\/strong>. Ces fonctionnalit\u00e9s parviennent \u00e0 vous\u00a0<strong>positionner<\/strong>\u00a0et vous\u00a0<strong>guider<\/strong>\u00a0sur les\u00a0<strong>terrains les plus complexes<\/strong>.<\/p>\n<p>&nbsp;<\/p>","protected":false},"featured_media":8791,"comment_status":"open","ping_status":"closed","template":"","meta":[],"product_brand":[64],"product_cat":[17,88,87,84,18,85],"product_tag":[89,90,91],"class_list":{"0":"post-8790","1":"product","2":"type-product","3":"status-publish","4":"has-post-thumbnail","6":"product_brand-garmin","7":"product_cat-bons-plans","8":"product_cat-compteurs-gps","9":"product_cat-electronique","10":"product_cat-nouveautes","11":"product_cat-promotions","12":"product_cat-top-ventes","13":"product_tag-accessoire-velo","14":"product_tag-accessoires","15":"product_tag-batterie","17":"first","18":"instock","19":"sale","20":"shipping-taxable","21":"purchasable","22":"product-type-simple"},"yoast_head":"<!-- This site is optimized with the Yoast SEO plugin v27.6 - https:\/\/yoast.com\/product\/yoast-seo-wordpress\/ -->\n<title>GPS randonn\u00e9e Garmin GPSMAP 67 - 449 \u20ac - Vente d&#039;\u00c9lectrom\u00e9nager Neuf et Garanti \u00e0 Paris<\/title>\n<meta name=\"description\" content=\"Le GPS randonn\u00e9e Garmin GPSMAP 67 vous permet d&#039;arpenter en toute s\u00e9r\u00e9nit\u00e9 tous les sentiers lors de vos sessions outdoor. Polyvalent, il est un compagnon de route indispensable.\" \/>\n<meta name=\"robots\" content=\"index, follow, max-snippet:-1, max-image-preview:large, max-video-preview:-1\" \/>\n<link rel=\"canonical\" href=\"https:\/\/espacemenager2000.fr\/en\/product\/gps-randonnee-garmin-gpsmap-67\/\" \/>\n<meta property=\"og:locale\" content=\"en_US\" \/>\n<meta property=\"og:type\" content=\"article\" \/>\n<meta property=\"og:title\" content=\"GPS randonn\u00e9e Garmin GPSMAP 67 - 449 \u20ac - Vente d&#039;\u00c9lectrom\u00e9nager Neuf et Garanti \u00e0 Paris\" \/>\n<meta property=\"og:description\" content=\"Le GPS randonn\u00e9e Garmin GPSMAP 67 vous permet d&#039;arpenter en toute s\u00e9r\u00e9nit\u00e9 tous les sentiers lors de vos sessions outdoor. Polyvalent, il est un compagnon de route indispensable.\" \/>\n<meta property=\"og:url\" content=\"https:\/\/espacemenager2000.fr\/en\/product\/gps-randonnee-garmin-gpsmap-67\/\" \/>\n<meta property=\"og:site_name\" content=\"Vente d&#039;\u00c9lectrom\u00e9nager Neuf et Garanti \u00e0 Paris\" \/>\n<meta property=\"article:publisher\" content=\"https:\/\/www.facebook.com\/p\/Espace-menager-2000-100068469618146\/\" \/>\n<meta property=\"article:modified_time\" content=\"2026-05-10T20:42:44+00:00\" \/>\n<meta property=\"og:image\" content=\"https:\/\/espacemenager2000.fr\/wp-content\/uploads\/2026\/05\/GPS-randonnee-Garmin-GPSMAP-67.jpg\" \/>\n\t<meta property=\"og:image:width\" content=\"800\" \/>\n\t<meta property=\"og:image:height\" content=\"800\" \/>\n\t<meta property=\"og:image:type\" content=\"image\/jpeg\" \/>\n<meta name=\"twitter:card\" content=\"summary_large_image\" \/>\n<meta name=\"twitter:label1\" content=\"Est. reading time\" \/>\n\t<meta name=\"twitter:data1\" content=\"5 minutes\" \/>\n<script type=\"application\/ld+json\" class=\"yoast-schema-graph\">{\"@context\":\"https:\\\/\\\/schema.org\",\"@graph\":[{\"@type\":\"WebPage\",\"@id\":\"https:\\\/\\\/espacemenager2000.fr\\\/produit\\\/gps-randonnee-garmin-gpsmap-67\\\/\",\"url\":\"https:\\\/\\\/espacemenager2000.fr\\\/produit\\\/gps-randonnee-garmin-gpsmap-67\\\/\",\"name\":\"GPS randonn\u00e9e Garmin GPSMAP 67 - 449 \u20ac - Vente d&#039;\u00c9lectrom\u00e9nager Neuf et Garanti \u00e0 Paris\",\"isPartOf\":{\"@id\":\"https:\\\/\\\/espacemenager2000.fr\\\/#website\"},\"primaryImageOfPage\":{\"@id\":\"https:\\\/\\\/espacemenager2000.fr\\\/produit\\\/gps-randonnee-garmin-gpsmap-67\\\/#primaryimage\"},\"image\":{\"@id\":\"https:\\\/\\\/espacemenager2000.fr\\\/produit\\\/gps-randonnee-garmin-gpsmap-67\\\/#primaryimage\"},\"thumbnailUrl\":\"https:\\\/\\\/espacemenager2000.fr\\\/wp-content\\\/uploads\\\/2026\\\/05\\\/GPS-randonnee-Garmin-GPSMAP-67.jpg\",\"datePublished\":\"2025-12-22T17:05:52+00:00\",\"dateModified\":\"2026-05-10T20:42:44+00:00\",\"description\":\"Le GPS randonn\u00e9e Garmin GPSMAP 67 vous permet d'arpenter en toute s\u00e9r\u00e9nit\u00e9 tous les sentiers lors de vos sessions outdoor. Polyvalent, il est un compagnon de route indispensable.\",\"breadcrumb\":{\"@id\":\"https:\\\/\\\/espacemenager2000.fr\\\/produit\\\/gps-randonnee-garmin-gpsmap-67\\\/#breadcrumb\"},\"inLanguage\":\"en-US\",\"potentialAction\":[{\"@type\":\"ReadAction\",\"target\":[\"https:\\\/\\\/espacemenager2000.fr\\\/produit\\\/gps-randonnee-garmin-gpsmap-67\\\/\"]}]},{\"@type\":\"ImageObject\",\"inLanguage\":\"en-US\",\"@id\":\"https:\\\/\\\/espacemenager2000.fr\\\/produit\\\/gps-randonnee-garmin-gpsmap-67\\\/#primaryimage\",\"url\":\"https:\\\/\\\/espacemenager2000.fr\\\/wp-content\\\/uploads\\\/2026\\\/05\\\/GPS-randonnee-Garmin-GPSMAP-67.jpg\",\"contentUrl\":\"https:\\\/\\\/espacemenager2000.fr\\\/wp-content\\\/uploads\\\/2026\\\/05\\\/GPS-randonnee-Garmin-GPSMAP-67.jpg\",\"width\":800,\"height\":800},{\"@type\":\"BreadcrumbList\",\"@id\":\"https:\\\/\\\/espacemenager2000.fr\\\/produit\\\/gps-randonnee-garmin-gpsmap-67\\\/#breadcrumb\",\"itemListElement\":[{\"@type\":\"ListItem\",\"position\":1,\"name\":\"Accueil\",\"item\":\"https:\\\/\\\/espacemenager2000.fr\\\/\"},{\"@type\":\"ListItem\",\"position\":2,\"name\":\"Boutique\",\"item\":\"https:\\\/\\\/espacemenager2000.fr\\\/boutique\\\/\"},{\"@type\":\"ListItem\",\"position\":3,\"name\":\"GPS randonn\u00e9e Garmin GPSMAP 67\"}]},{\"@type\":\"WebSite\",\"@id\":\"https:\\\/\\\/espacemenager2000.fr\\\/#website\",\"url\":\"https:\\\/\\\/espacemenager2000.fr\\\/\",\"name\":\"Espace Menager 2000\",\"description\":\"Expert en \u00e9lectrom\u00e9nager depuis 2001, Espace M\u00e9nager 2000 vous propose une large gamme de produits : lave-linge, r\u00e9frig\u00e9rateurs, \u00e9lectronique et fitness. Profitez de notre savoir-faire en vente, r\u00e9paration et d\u00e9pannage. Livraison rapide dans toute la zone Euro. Qualit\u00e9 et service garantis.\",\"publisher\":{\"@id\":\"https:\\\/\\\/espacemenager2000.fr\\\/#organization\"},\"potentialAction\":[{\"@type\":\"SearchAction\",\"target\":{\"@type\":\"EntryPoint\",\"urlTemplate\":\"https:\\\/\\\/espacemenager2000.fr\\\/?s={search_term_string}\"},\"query-input\":{\"@type\":\"PropertyValueSpecification\",\"valueRequired\":true,\"valueName\":\"search_term_string\"}}],\"inLanguage\":\"en-US\"},{\"@type\":\"Organization\",\"@id\":\"https:\\\/\\\/espacemenager2000.fr\\\/#organization\",\"name\":\"Espace Menager 2000\",\"url\":\"https:\\\/\\\/espacemenager2000.fr\\\/\",\"logo\":{\"@type\":\"ImageObject\",\"inLanguage\":\"en-US\",\"@id\":\"https:\\\/\\\/espacemenager2000.fr\\\/#\\\/schema\\\/logo\\\/image\\\/\",\"url\":\"https:\\\/\\\/espacemenager2000.fr\\\/wp-content\\\/uploads\\\/2026\\\/05\\\/Fav-Em2000.png\",\"contentUrl\":\"https:\\\/\\\/espacemenager2000.fr\\\/wp-content\\\/uploads\\\/2026\\\/05\\\/Fav-Em2000.png\",\"width\":369,\"height\":369,\"caption\":\"Espace Menager 2000\"},\"image\":{\"@id\":\"https:\\\/\\\/espacemenager2000.fr\\\/#\\\/schema\\\/logo\\\/image\\\/\"},\"sameAs\":[\"https:\\\/\\\/www.facebook.com\\\/p\\\/Espace-menager-2000-100068469618146\\\/\"]}]}<\/script>\n<!-- \/ Yoast SEO plugin. -->","yoast_head_json":{"title":"GPS randonn\u00e9e Garmin GPSMAP 67 - 449 \u20ac - Vente d&#039;\u00c9lectrom\u00e9nager Neuf et Garanti \u00e0 Paris","description":"Le GPS randonn\u00e9e Garmin GPSMAP 67 vous permet d'arpenter en toute s\u00e9r\u00e9nit\u00e9 tous les sentiers lors de vos sessions outdoor. Polyvalent, il est un compagnon de route indispensable.","robots":{"index":"index","follow":"follow","max-snippet":"max-snippet:-1","max-image-preview":"max-image-preview:large","max-video-preview":"max-video-preview:-1"},"canonical":"https:\/\/espacemenager2000.fr\/en\/product\/gps-randonnee-garmin-gpsmap-67\/","og_locale":"en_US","og_type":"article","og_title":"GPS randonn\u00e9e Garmin GPSMAP 67 - 449 \u20ac - Vente d&#039;\u00c9lectrom\u00e9nager Neuf et Garanti \u00e0 Paris","og_description":"Le GPS randonn\u00e9e Garmin GPSMAP 67 vous permet d'arpenter en toute s\u00e9r\u00e9nit\u00e9 tous les sentiers lors de vos sessions outdoor. Polyvalent, il est un compagnon de route indispensable.","og_url":"https:\/\/espacemenager2000.fr\/en\/product\/gps-randonnee-garmin-gpsmap-67\/","og_site_name":"Vente d&#039;\u00c9lectrom\u00e9nager Neuf et Garanti \u00e0 Paris","article_publisher":"https:\/\/www.facebook.com\/p\/Espace-menager-2000-100068469618146\/","article_modified_time":"2026-05-10T20:42:44+00:00","og_image":[{"width":800,"height":800,"url":"https:\/\/espacemenager2000.fr\/wp-content\/uploads\/2026\/05\/GPS-randonnee-Garmin-GPSMAP-67.jpg","type":"image\/jpeg"}],"twitter_card":"summary_large_image","twitter_misc":{"Est. reading time":"5 minutes"},"schema":{"@context":"https:\/\/schema.org","@graph":[{"@type":"WebPage","@id":"https:\/\/espacemenager2000.fr\/produit\/gps-randonnee-garmin-gpsmap-67\/","url":"https:\/\/espacemenager2000.fr\/produit\/gps-randonnee-garmin-gpsmap-67\/","name":"GPS randonn\u00e9e Garmin GPSMAP 67 - 449 \u20ac - Vente d&#039;\u00c9lectrom\u00e9nager Neuf et Garanti \u00e0 Paris","isPartOf":{"@id":"https:\/\/espacemenager2000.fr\/#website"},"primaryImageOfPage":{"@id":"https:\/\/espacemenager2000.fr\/produit\/gps-randonnee-garmin-gpsmap-67\/#primaryimage"},"image":{"@id":"https:\/\/espacemenager2000.fr\/produit\/gps-randonnee-garmin-gpsmap-67\/#primaryimage"},"thumbnailUrl":"https:\/\/espacemenager2000.fr\/wp-content\/uploads\/2026\/05\/GPS-randonnee-Garmin-GPSMAP-67.jpg","datePublished":"2025-12-22T17:05:52+00:00","dateModified":"2026-05-10T20:42:44+00:00","description":"Le GPS randonn\u00e9e Garmin GPSMAP 67 vous permet d'arpenter en toute s\u00e9r\u00e9nit\u00e9 tous les sentiers lors de vos sessions outdoor. Polyvalent, il est un compagnon de route indispensable.","breadcrumb":{"@id":"https:\/\/espacemenager2000.fr\/produit\/gps-randonnee-garmin-gpsmap-67\/#breadcrumb"},"inLanguage":"en-US","potentialAction":[{"@type":"ReadAction","target":["https:\/\/espacemenager2000.fr\/produit\/gps-randonnee-garmin-gpsmap-67\/"]}]},{"@type":"ImageObject","inLanguage":"en-US","@id":"https:\/\/espacemenager2000.fr\/produit\/gps-randonnee-garmin-gpsmap-67\/#primaryimage","url":"https:\/\/espacemenager2000.fr\/wp-content\/uploads\/2026\/05\/GPS-randonnee-Garmin-GPSMAP-67.jpg","contentUrl":"https:\/\/espacemenager2000.fr\/wp-content\/uploads\/2026\/05\/GPS-randonnee-Garmin-GPSMAP-67.jpg","width":800,"height":800},{"@type":"BreadcrumbList","@id":"https:\/\/espacemenager2000.fr\/produit\/gps-randonnee-garmin-gpsmap-67\/#breadcrumb","itemListElement":[{"@type":"ListItem","position":1,"name":"Accueil","item":"https:\/\/espacemenager2000.fr\/"},{"@type":"ListItem","position":2,"name":"Boutique","item":"https:\/\/espacemenager2000.fr\/boutique\/"},{"@type":"ListItem","position":3,"name":"GPS randonn\u00e9e Garmin GPSMAP 67"}]},{"@type":"WebSite","@id":"https:\/\/espacemenager2000.fr\/#website","url":"https:\/\/espacemenager2000.fr\/","name":"Espace Menager 2000","description":"Expert en \u00e9lectrom\u00e9nager depuis 2001, Espace M\u00e9nager 2000 vous propose une large gamme de produits : lave-linge, r\u00e9frig\u00e9rateurs, \u00e9lectronique et fitness. Profitez de notre savoir-faire en vente, r\u00e9paration et d\u00e9pannage. Livraison rapide dans toute la zone Euro. Qualit\u00e9 et service garantis.","publisher":{"@id":"https:\/\/espacemenager2000.fr\/#organization"},"potentialAction":[{"@type":"SearchAction","target":{"@type":"EntryPoint","urlTemplate":"https:\/\/espacemenager2000.fr\/?s={search_term_string}"},"query-input":{"@type":"PropertyValueSpecification","valueRequired":true,"valueName":"search_term_string"}}],"inLanguage":"en-US"},{"@type":"Organization","@id":"https:\/\/espacemenager2000.fr\/#organization","name":"Espace Menager 2000","url":"https:\/\/espacemenager2000.fr\/","logo":{"@type":"ImageObject","inLanguage":"en-US","@id":"https:\/\/espacemenager2000.fr\/#\/schema\/logo\/image\/","url":"https:\/\/espacemenager2000.fr\/wp-content\/uploads\/2026\/05\/Fav-Em2000.png","contentUrl":"https:\/\/espacemenager2000.fr\/wp-content\/uploads\/2026\/05\/Fav-Em2000.png","width":369,"height":369,"caption":"Espace Menager 2000"},"image":{"@id":"https:\/\/espacemenager2000.fr\/#\/schema\/logo\/image\/"},"sameAs":["https:\/\/www.facebook.com\/p\/Espace-menager-2000-100068469618146\/"]}]}},"_links":{"self":[{"href":"https:\/\/espacemenager2000.fr\/en\/wp-json\/wp\/v2\/product\/8790","targetHints":{"allow":["GET"]}}],"collection":[{"href":"https:\/\/espacemenager2000.fr\/en\/wp-json\/wp\/v2\/product"}],"about":[{"href":"https:\/\/espacemenager2000.fr\/en\/wp-json\/wp\/v2\/types\/product"}],"replies":[{"embeddable":true,"href":"https:\/\/espacemenager2000.fr\/en\/wp-json\/wp\/v2\/comments?post=8790"}],"wp:featuredmedia":[{"embeddable":true,"href":"https:\/\/espacemenager2000.fr\/en\/wp-json\/wp\/v2\/media\/8791"}],"wp:attachment":[{"href":"https:\/\/espacemenager2000.fr\/en\/wp-json\/wp\/v2\/media?parent=8790"}],"wp:term":[{"taxonomy":"product_brand","embeddable":true,"href":"https:\/\/espacemenager2000.fr\/en\/wp-json\/wp\/v2\/product_brand?post=8790"},{"taxonomy":"product_cat","embeddable":true,"href":"https:\/\/espacemenager2000.fr\/en\/wp-json\/wp\/v2\/product_cat?post=8790"},{"taxonomy":"product_tag","embeddable":true,"href":"https:\/\/espacemenager2000.fr\/en\/wp-json\/wp\/v2\/product_tag?post=8790"}],"curies":[{"name":"wp","href":"https:\/\/api.w.org\/{rel}","templated":true}]}}