{"id":8785,"date":"2025-12-22T17:05:52","date_gmt":"2025-12-22T17:05:52","guid":{"rendered":"https:\/\/espacemenager2000.fr\/?post_type=product&#038;p=8785"},"modified":"2026-05-14T00:38:19","modified_gmt":"2026-05-14T00:38:19","slug":"gps-randonnee-garmin-etrex-22x","status":"publish","type":"product","link":"https:\/\/espacemenager2000.fr\/en\/product\/gps-randonnee-garmin-etrex-22x\/","title":{"rendered":"GPS randonn\u00e9e Garmin eTrex 22x"},"content":{"rendered":"<p>Le <strong>GPS randonn\u00e9e Garmin eTrex 22x<\/strong>\u00a0est l&#8217;alli\u00e9 indispensable au bon d\u00e9roul\u00e9e de vos\u00a0<strong>sorties randonn\u00e9es<\/strong>. Sa\u00a0<strong>polyvalence<\/strong>\u00a0vous accompagne\u00a0<strong>sereinement<\/strong>\u00a0en toutes circonstances.<\/p>\n<h2><span class=\"m-accordion__header\"><span class=\"m-accordion__header__title\">Description<\/span><\/span><\/h2>\n<div class=\"m-accordion__content js-readMore\">\n<div class=\"m-readMore__content js-readMore-container\">\n<div class=\"prdDtl__contentSection__content\">\n<p>Le\u00a0<strong>GPS portable Garmin eTrex 22x<\/strong>\u00a0est l&#8217;alli\u00e9 indispensable au bon d\u00e9roul\u00e9e de vos\u00a0<strong>sorties randonn\u00e9es<\/strong>. Sa\u00a0<strong>polyvalence<\/strong>\u00a0vous accompagne\u00a0<strong>sereinement<\/strong>\u00a0en toutes circonstances.<\/p>\n<p>Vous trouvez des\u00a0informations\u00a0essentielles telles que votre\u00a0<strong>position<\/strong>, la\u00a0<strong>difficult\u00e9 du terrain<\/strong>\u00a0et des\u00a0<strong>descriptions<\/strong>\u00a0m\u00eame dans des\u00a0<strong>endroits tr\u00e8s isol\u00e9s<\/strong>. Vous avez \u00e9galement acc\u00e8s \u00e0 des\u00a0astuces\u00a0pour parcourir plus facilement chacun des\u00a0<strong>sentiers<\/strong>\u00a0choisis.<\/p>\n<p>La\u00a0<strong>cartographie pr\u00e9charg\u00e9e\u00a0<\/strong>TopoActive Europe met \u00e0 votre disposition une multitudes de\u00a0<strong>routes<\/strong>\u00a0et de\u00a0<strong>chemins<\/strong>\u00a0\u00e0 d\u00e9couvrir \u00e0\u00a0<strong>pied<\/strong>\u00a0ou \u00e0\u00a0<strong>v\u00e9lo<\/strong>. Sa\u00a0m\u00e9moire interne de<strong>\u00a08 Go<\/strong>\u00a0et son emplacement pour\u00a0<strong>carte microSD\u00a0<\/strong>vous permettent d&#8217;ajouter facilement de\u00a0<strong>nouvelles<\/strong>\u00a0<strong>cartes<\/strong>.<\/p>\n<p>Son\u00a0<strong>\u00e9cran\u00a0<\/strong>en<strong>\u00a0couleur\u00a0<\/strong>de<strong>\u00a02,2 pouces<\/strong>\u00a0rend la\u00a0lecture\u00a0ais\u00e9e\u00a0quelle que soit la luminosit\u00e9.\u00a0<strong>\u00c9tanche<\/strong>, ce mod\u00e8le r\u00e9siste aux\u00a0<strong>intemp\u00e9ries<\/strong>\u00a0et sa grande\u00a0<strong>robustesse<\/strong>\u00a0en fait un partenaire\u00a0<strong>fiable<\/strong>\u00a0dans les\u00a0<strong>environnements difficiles<\/strong>.<\/p>\n<p>Une\u00a0<strong>autonomie de 25 heures<\/strong>\u00a0vous permet de vous concentrer uniquement sur vos objectifs.<\/p>\n<p>&nbsp;<\/p>\n<h3>Points cl\u00e9s du\u00a0<strong>GPS portable Garmin eTrex 22x<\/strong><\/h3>\n<ul>\n<li><strong>GPS con\u00e7u pour la randonn\u00e9e<\/strong><\/li>\n<li><strong>Satellites GPS et GLONASS<\/strong>\u00a0: localisation et guidage m\u00eame dans les environnements isol\u00e9s<\/li>\n<li><strong>Informations sur la difficult\u00e9 du terrain, description du terrain et astuces pour progresser<\/strong><\/li>\n<li><strong>TopoActive Europe\u00a0<\/strong>: cartographie pr\u00e9charg\u00e9e<\/li>\n<li><strong>Localisation de points d\u2019int\u00e9r\u00eat, sites naturels, fronti\u00e8res et cours d&#8217;eau<\/strong><\/li>\n<li><strong>8 Go de m\u00e9moire interne<\/strong>\u00a0: ajout de nouvelles cartes<\/li>\n<li><strong>Emplacement pour une carte microSD<\/strong>\u00a0<strong>non fournie<\/strong>\u00a0: m\u00e9moire<\/li>\n<li><strong>Fond cartographique mondial<\/strong><\/li>\n<li><strong>Prise en charge des fichiers GPX de chasse au tr\u00e9sor<\/strong><\/li>\n<li><strong>\u00c9cran\u00a0couleur antireflet 2,2 pouces<\/strong>\u00a0: lecture facilit\u00e9e<\/li>\n<li><strong>R\u00e9sistance \u00e0 la pluie, \u00e0 l&#8217;humidit\u00e9 et \u00e0 la poussi\u00e8re<\/strong><\/li>\n<li><strong>\u00c9tanch\u00e9it\u00e9<\/strong>\u00a0: IPX7<\/li>\n<li><strong>Autonomie<\/strong>\u00a0: 25 heures<\/li>\n<li><strong>Dimensions<\/strong>\u00a0:\u00a05,4 x 10,3 x 3,3 cm<\/li>\n<li><strong>Coloris:<\/strong>\u00a0 noir\u00a0et\u00a0bleu<\/li>\n<\/ul>\n<h2><span class=\"m-accordion__header\"><span class=\"m-accordion__header__title\">Points cl\u00e9s<\/span><\/span><\/h2>\n<div class=\"m-accordion__content js-readMore\">\n<div class=\"m-readMore__content js-readMore-container\">\n<div class=\"prdDtl__contentSection__content\">\n<h3><strong>Caract\u00e9ristiques physiques :<\/strong><\/h3>\n<ul>\n<li>Dimensions physiques :\u00a05,4 x 10,3 x 3,3 cm<\/li>\n<li>Format d&#8217;affichage (largeur par hauteur) :\u00a03,5 x 4,4 cm ; 5,6 cm de diagonale<\/li>\n<li>D\u00e9finition d&#8217;\u00e9cran (largeur par hauteur) :\u00a0240 x\u00a0320 pixels<\/li>\n<li>Type d&#8217;affichage : \u00e9cran couleur TFT transflectif de 2,2\u00a0pouces, 65\u00a0000\u00a0couleurs<\/li>\n<li>Poids :\u00a0141,7 g avec piles<\/li>\n<li>Batterie :\u00a02 piles AA (non fournies) ; NiMH ou Lithium recommand\u00e9<\/li>\n<li>Autonomie de la batterie :\u00a025 heures<\/li>\n<li>Indice de r\u00e9sistance \u00e0 l&#8217;eau : IPX7<\/li>\n<li>R\u00e9cepteur haute sensibilit\u00e9<\/li>\n<li>Interface : mini USB<\/li>\n<li>M\u00e9moire : 8 Go<\/li>\n<\/ul>\n<p>&nbsp;<\/p>\n<h3><strong>Caract\u00e9ristiques principales :<\/strong><\/h3>\n<ul>\n<li>Cartes pr\u00e9charg\u00e9es TopoActive Europe (routables sur routes et chemins praticables)<\/li>\n<li>Possibilit\u00e9 d&#8217;ajouter des cartes<\/li>\n<li>Carte de base<\/li>\n<li>D\u00e9finition automatique d&#8217;itin\u00e9raires (fonction d&#8217;itin\u00e9raire virage par virage)<\/li>\n<li>Segment de carte : 3000<\/li>\n<li>BirdsEye : 250 BirdsEye Imagery files<\/li>\n<li>Caract\u00e9ristiques hydrographiques d\u00e9taill\u00e9es (trac\u00e9s littoraux, les rives des lacs et rivi\u00e8res, les mar\u00e9cages et les cours d&#8217;eau saisonniers et permanents)<\/li>\n<li>Points d&#8217;int\u00e9r\u00eat avec fonction de recherche (parcs, terrains de camping, points de vue et aires de pique-nique)<\/li>\n<li>GPS con\u00e7u pour la randonn\u00e9e<\/li>\n<li>Affiche les parcs nationaux, f\u00e9d\u00e9raux et locaux, les for\u00eats, ainsi que les parcs naturels<\/li>\n<li>Satellites GPS et GLONASS<\/li>\n<li>Capacit\u00e9 de stockage et puissance : carte microSD\u2122 non fournie<\/li>\n<li>Informations sur la difficult\u00e9 du terrain, description du terrain et astuces pour progresser<\/li>\n<li>Fond cartographique mondial<\/li>\n<li>Prise en charge des fichiers GPX de chasse au tr\u00e9sor<\/li>\n<li>Carte de base<\/li>\n<li>Waypoints : 2000<\/li>\n<li>Trac\u00e9s : 200<\/li>\n<li>Journal de suivi :\u00a010 000 points, 200 trac\u00e9s enregistr\u00e9s<\/li>\n<li>Itin\u00e9raires : 200<\/li>\n<li>Navigation point \u00e0 point<\/li>\n<li>Compatible Basecamp<\/li>\n<li>Calcul de zone<\/li>\n<li>Calendrier de chasse et p\u00eache<\/li>\n<li>Informations lune et soleil<\/li>\n<li>Mode G\u00e9ocache<\/li>\n<li>Compatible Custom MAPS : 100 zones de carte personnalis\u00e9es<\/li>\n<li>Visionneuse JPEG<\/li>\n<\/ul>\n<p>&nbsp;<\/p>\n<h3><strong>Capteurs :<\/strong><\/h3>\n<ul>\n<li>GPS<\/li>\n<li>GLONASS<\/li>\n<li>Compas GPS (en mouvement)<\/li>\n<\/ul>\n<\/div>\n<\/div>\n<\/div>\n<\/div>\n<\/div>\n<\/div>","protected":false},"excerpt":{"rendered":"<p>Le GPS randonn\u00e9e Garmin eTrex 22x\u00a0est l&#8217;alli\u00e9 indispensable au bon d\u00e9roul\u00e9e de vos\u00a0<strong>sorties randonn\u00e9es<\/strong>. Sa\u00a0<strong>polyvalence<\/strong>\u00a0vous accompagne\u00a0<strong>sereinement<\/strong>\u00a0en toutes circonstances.<\/p>\n<p>&nbsp;<\/p>","protected":false},"featured_media":8786,"comment_status":"open","ping_status":"closed","template":"","meta":[],"product_brand":[64],"product_cat":[17,88,87,84,18,85],"product_tag":[89,90,91],"class_list":{"0":"post-8785","1":"product","2":"type-product","3":"status-publish","4":"has-post-thumbnail","6":"product_brand-garmin","7":"product_cat-bons-plans","8":"product_cat-compteurs-gps","9":"product_cat-electronique","10":"product_cat-nouveautes","11":"product_cat-promotions","12":"product_cat-top-ventes","13":"product_tag-accessoire-velo","14":"product_tag-accessoires","15":"product_tag-batterie","17":"first","18":"instock","19":"sale","20":"featured","21":"shipping-taxable","22":"purchasable","23":"product-type-simple"},"yoast_head":"<!-- This site is optimized with the Yoast SEO plugin v27.6 - https:\/\/yoast.com\/product\/yoast-seo-wordpress\/ -->\n<title>GPS randonn\u00e9e Garmin eTrex 22x - 199 \u20ac - Vente d&#039;\u00c9lectrom\u00e9nager Neuf et Garanti \u00e0 Paris<\/title>\n<meta name=\"description\" content=\"Le GPS randonn\u00e9e Garmin eTrex 22x\u00a0est l&#039;alli\u00e9 indispensable au bon d\u00e9roul\u00e9e de vos\u00a0sorties randonn\u00e9es. Sa\u00a0polyvalence\u00a0vous accompagne\u00a0sereinement\u00a0en toutes circonstances.\" \/>\n<meta name=\"robots\" content=\"index, follow, max-snippet:-1, max-image-preview:large, max-video-preview:-1\" \/>\n<link rel=\"canonical\" href=\"https:\/\/espacemenager2000.fr\/en\/product\/gps-randonnee-garmin-etrex-22x\/\" \/>\n<meta property=\"og:locale\" content=\"en_US\" \/>\n<meta property=\"og:type\" content=\"article\" \/>\n<meta property=\"og:title\" content=\"GPS randonn\u00e9e Garmin eTrex 22x - 199 \u20ac - Vente d&#039;\u00c9lectrom\u00e9nager Neuf et Garanti \u00e0 Paris\" \/>\n<meta property=\"og:description\" content=\"Le GPS randonn\u00e9e Garmin eTrex 22x\u00a0est l&#039;alli\u00e9 indispensable au bon d\u00e9roul\u00e9e de vos\u00a0sorties randonn\u00e9es. Sa\u00a0polyvalence\u00a0vous accompagne\u00a0sereinement\u00a0en toutes circonstances.\" \/>\n<meta property=\"og:url\" content=\"https:\/\/espacemenager2000.fr\/en\/product\/gps-randonnee-garmin-etrex-22x\/\" \/>\n<meta property=\"og:site_name\" content=\"Vente d&#039;\u00c9lectrom\u00e9nager Neuf et Garanti \u00e0 Paris\" \/>\n<meta property=\"article:publisher\" content=\"https:\/\/www.facebook.com\/p\/Espace-menager-2000-100068469618146\/\" \/>\n<meta property=\"article:modified_time\" content=\"2026-05-14T00:38:19+00:00\" \/>\n<meta property=\"og:image\" content=\"https:\/\/espacemenager2000.fr\/wp-content\/uploads\/2026\/05\/GPS-randonnee-Garmin-eTrex-22x.jpg\" \/>\n\t<meta property=\"og:image:width\" content=\"800\" \/>\n\t<meta property=\"og:image:height\" content=\"800\" \/>\n\t<meta property=\"og:image:type\" content=\"image\/jpeg\" \/>\n<meta name=\"twitter:card\" content=\"summary_large_image\" \/>\n<meta name=\"twitter:label1\" content=\"Est. reading time\" \/>\n\t<meta name=\"twitter:data1\" content=\"4 minutes\" \/>\n<script type=\"application\/ld+json\" class=\"yoast-schema-graph\">{\"@context\":\"https:\\\/\\\/schema.org\",\"@graph\":[{\"@type\":\"WebPage\",\"@id\":\"https:\\\/\\\/espacemenager2000.fr\\\/produit\\\/gps-randonnee-garmin-etrex-22x\\\/\",\"url\":\"https:\\\/\\\/espacemenager2000.fr\\\/produit\\\/gps-randonnee-garmin-etrex-22x\\\/\",\"name\":\"GPS randonn\u00e9e Garmin eTrex 22x - 199 \u20ac - Vente d&#039;\u00c9lectrom\u00e9nager Neuf et Garanti \u00e0 Paris\",\"isPartOf\":{\"@id\":\"https:\\\/\\\/espacemenager2000.fr\\\/#website\"},\"primaryImageOfPage\":{\"@id\":\"https:\\\/\\\/espacemenager2000.fr\\\/produit\\\/gps-randonnee-garmin-etrex-22x\\\/#primaryimage\"},\"image\":{\"@id\":\"https:\\\/\\\/espacemenager2000.fr\\\/produit\\\/gps-randonnee-garmin-etrex-22x\\\/#primaryimage\"},\"thumbnailUrl\":\"https:\\\/\\\/espacemenager2000.fr\\\/wp-content\\\/uploads\\\/2026\\\/05\\\/GPS-randonnee-Garmin-eTrex-22x.jpg\",\"datePublished\":\"2025-12-22T17:05:52+00:00\",\"dateModified\":\"2026-05-14T00:38:19+00:00\",\"description\":\"Le GPS randonn\u00e9e Garmin eTrex 22x\u00a0est l'alli\u00e9 indispensable au bon d\u00e9roul\u00e9e de vos\u00a0sorties randonn\u00e9es. Sa\u00a0polyvalence\u00a0vous accompagne\u00a0sereinement\u00a0en toutes circonstances.\",\"breadcrumb\":{\"@id\":\"https:\\\/\\\/espacemenager2000.fr\\\/produit\\\/gps-randonnee-garmin-etrex-22x\\\/#breadcrumb\"},\"inLanguage\":\"en-US\",\"potentialAction\":[{\"@type\":\"ReadAction\",\"target\":[\"https:\\\/\\\/espacemenager2000.fr\\\/produit\\\/gps-randonnee-garmin-etrex-22x\\\/\"]}]},{\"@type\":\"ImageObject\",\"inLanguage\":\"en-US\",\"@id\":\"https:\\\/\\\/espacemenager2000.fr\\\/produit\\\/gps-randonnee-garmin-etrex-22x\\\/#primaryimage\",\"url\":\"https:\\\/\\\/espacemenager2000.fr\\\/wp-content\\\/uploads\\\/2026\\\/05\\\/GPS-randonnee-Garmin-eTrex-22x.jpg\",\"contentUrl\":\"https:\\\/\\\/espacemenager2000.fr\\\/wp-content\\\/uploads\\\/2026\\\/05\\\/GPS-randonnee-Garmin-eTrex-22x.jpg\",\"width\":800,\"height\":800},{\"@type\":\"BreadcrumbList\",\"@id\":\"https:\\\/\\\/espacemenager2000.fr\\\/produit\\\/gps-randonnee-garmin-etrex-22x\\\/#breadcrumb\",\"itemListElement\":[{\"@type\":\"ListItem\",\"position\":1,\"name\":\"Accueil\",\"item\":\"https:\\\/\\\/espacemenager2000.fr\\\/\"},{\"@type\":\"ListItem\",\"position\":2,\"name\":\"Boutique\",\"item\":\"https:\\\/\\\/espacemenager2000.fr\\\/boutique\\\/\"},{\"@type\":\"ListItem\",\"position\":3,\"name\":\"GPS randonn\u00e9e Garmin eTrex 22x\"}]},{\"@type\":\"WebSite\",\"@id\":\"https:\\\/\\\/espacemenager2000.fr\\\/#website\",\"url\":\"https:\\\/\\\/espacemenager2000.fr\\\/\",\"name\":\"Espace Menager 2000\",\"description\":\"Expert en \u00e9lectrom\u00e9nager depuis 2001, Espace M\u00e9nager 2000 vous propose une large gamme de produits : lave-linge, r\u00e9frig\u00e9rateurs, \u00e9lectronique et fitness. Profitez de notre savoir-faire en vente, r\u00e9paration et d\u00e9pannage. Livraison rapide dans toute la zone Euro. Qualit\u00e9 et service garantis.\",\"publisher\":{\"@id\":\"https:\\\/\\\/espacemenager2000.fr\\\/#organization\"},\"potentialAction\":[{\"@type\":\"SearchAction\",\"target\":{\"@type\":\"EntryPoint\",\"urlTemplate\":\"https:\\\/\\\/espacemenager2000.fr\\\/?s={search_term_string}\"},\"query-input\":{\"@type\":\"PropertyValueSpecification\",\"valueRequired\":true,\"valueName\":\"search_term_string\"}}],\"inLanguage\":\"en-US\"},{\"@type\":\"Organization\",\"@id\":\"https:\\\/\\\/espacemenager2000.fr\\\/#organization\",\"name\":\"Espace Menager 2000\",\"url\":\"https:\\\/\\\/espacemenager2000.fr\\\/\",\"logo\":{\"@type\":\"ImageObject\",\"inLanguage\":\"en-US\",\"@id\":\"https:\\\/\\\/espacemenager2000.fr\\\/#\\\/schema\\\/logo\\\/image\\\/\",\"url\":\"https:\\\/\\\/espacemenager2000.fr\\\/wp-content\\\/uploads\\\/2026\\\/05\\\/Fav-Em2000.png\",\"contentUrl\":\"https:\\\/\\\/espacemenager2000.fr\\\/wp-content\\\/uploads\\\/2026\\\/05\\\/Fav-Em2000.png\",\"width\":369,\"height\":369,\"caption\":\"Espace Menager 2000\"},\"image\":{\"@id\":\"https:\\\/\\\/espacemenager2000.fr\\\/#\\\/schema\\\/logo\\\/image\\\/\"},\"sameAs\":[\"https:\\\/\\\/www.facebook.com\\\/p\\\/Espace-menager-2000-100068469618146\\\/\"]}]}<\/script>\n<!-- \/ Yoast SEO plugin. -->","yoast_head_json":{"title":"GPS randonn\u00e9e Garmin eTrex 22x - 199 \u20ac - Vente d&#039;\u00c9lectrom\u00e9nager Neuf et Garanti \u00e0 Paris","description":"Le GPS randonn\u00e9e Garmin eTrex 22x\u00a0est l'alli\u00e9 indispensable au bon d\u00e9roul\u00e9e de vos\u00a0sorties randonn\u00e9es. Sa\u00a0polyvalence\u00a0vous accompagne\u00a0sereinement\u00a0en toutes circonstances.","robots":{"index":"index","follow":"follow","max-snippet":"max-snippet:-1","max-image-preview":"max-image-preview:large","max-video-preview":"max-video-preview:-1"},"canonical":"https:\/\/espacemenager2000.fr\/en\/product\/gps-randonnee-garmin-etrex-22x\/","og_locale":"en_US","og_type":"article","og_title":"GPS randonn\u00e9e Garmin eTrex 22x - 199 \u20ac - Vente d&#039;\u00c9lectrom\u00e9nager Neuf et Garanti \u00e0 Paris","og_description":"Le GPS randonn\u00e9e Garmin eTrex 22x\u00a0est l'alli\u00e9 indispensable au bon d\u00e9roul\u00e9e de vos\u00a0sorties randonn\u00e9es. Sa\u00a0polyvalence\u00a0vous accompagne\u00a0sereinement\u00a0en toutes circonstances.","og_url":"https:\/\/espacemenager2000.fr\/en\/product\/gps-randonnee-garmin-etrex-22x\/","og_site_name":"Vente d&#039;\u00c9lectrom\u00e9nager Neuf et Garanti \u00e0 Paris","article_publisher":"https:\/\/www.facebook.com\/p\/Espace-menager-2000-100068469618146\/","article_modified_time":"2026-05-14T00:38:19+00:00","og_image":[{"width":800,"height":800,"url":"https:\/\/espacemenager2000.fr\/wp-content\/uploads\/2026\/05\/GPS-randonnee-Garmin-eTrex-22x.jpg","type":"image\/jpeg"}],"twitter_card":"summary_large_image","twitter_misc":{"Est. reading time":"4 minutes"},"schema":{"@context":"https:\/\/schema.org","@graph":[{"@type":"WebPage","@id":"https:\/\/espacemenager2000.fr\/produit\/gps-randonnee-garmin-etrex-22x\/","url":"https:\/\/espacemenager2000.fr\/produit\/gps-randonnee-garmin-etrex-22x\/","name":"GPS randonn\u00e9e Garmin eTrex 22x - 199 \u20ac - Vente d&#039;\u00c9lectrom\u00e9nager Neuf et Garanti \u00e0 Paris","isPartOf":{"@id":"https:\/\/espacemenager2000.fr\/#website"},"primaryImageOfPage":{"@id":"https:\/\/espacemenager2000.fr\/produit\/gps-randonnee-garmin-etrex-22x\/#primaryimage"},"image":{"@id":"https:\/\/espacemenager2000.fr\/produit\/gps-randonnee-garmin-etrex-22x\/#primaryimage"},"thumbnailUrl":"https:\/\/espacemenager2000.fr\/wp-content\/uploads\/2026\/05\/GPS-randonnee-Garmin-eTrex-22x.jpg","datePublished":"2025-12-22T17:05:52+00:00","dateModified":"2026-05-14T00:38:19+00:00","description":"Le GPS randonn\u00e9e Garmin eTrex 22x\u00a0est l'alli\u00e9 indispensable au bon d\u00e9roul\u00e9e de vos\u00a0sorties randonn\u00e9es. Sa\u00a0polyvalence\u00a0vous accompagne\u00a0sereinement\u00a0en toutes circonstances.","breadcrumb":{"@id":"https:\/\/espacemenager2000.fr\/produit\/gps-randonnee-garmin-etrex-22x\/#breadcrumb"},"inLanguage":"en-US","potentialAction":[{"@type":"ReadAction","target":["https:\/\/espacemenager2000.fr\/produit\/gps-randonnee-garmin-etrex-22x\/"]}]},{"@type":"ImageObject","inLanguage":"en-US","@id":"https:\/\/espacemenager2000.fr\/produit\/gps-randonnee-garmin-etrex-22x\/#primaryimage","url":"https:\/\/espacemenager2000.fr\/wp-content\/uploads\/2026\/05\/GPS-randonnee-Garmin-eTrex-22x.jpg","contentUrl":"https:\/\/espacemenager2000.fr\/wp-content\/uploads\/2026\/05\/GPS-randonnee-Garmin-eTrex-22x.jpg","width":800,"height":800},{"@type":"BreadcrumbList","@id":"https:\/\/espacemenager2000.fr\/produit\/gps-randonnee-garmin-etrex-22x\/#breadcrumb","itemListElement":[{"@type":"ListItem","position":1,"name":"Accueil","item":"https:\/\/espacemenager2000.fr\/"},{"@type":"ListItem","position":2,"name":"Boutique","item":"https:\/\/espacemenager2000.fr\/boutique\/"},{"@type":"ListItem","position":3,"name":"GPS randonn\u00e9e Garmin eTrex 22x"}]},{"@type":"WebSite","@id":"https:\/\/espacemenager2000.fr\/#website","url":"https:\/\/espacemenager2000.fr\/","name":"Espace Menager 2000","description":"Expert en \u00e9lectrom\u00e9nager depuis 2001, Espace M\u00e9nager 2000 vous propose une large gamme de produits : lave-linge, r\u00e9frig\u00e9rateurs, \u00e9lectronique et fitness. Profitez de notre savoir-faire en vente, r\u00e9paration et d\u00e9pannage. Livraison rapide dans toute la zone Euro. Qualit\u00e9 et service garantis.","publisher":{"@id":"https:\/\/espacemenager2000.fr\/#organization"},"potentialAction":[{"@type":"SearchAction","target":{"@type":"EntryPoint","urlTemplate":"https:\/\/espacemenager2000.fr\/?s={search_term_string}"},"query-input":{"@type":"PropertyValueSpecification","valueRequired":true,"valueName":"search_term_string"}}],"inLanguage":"en-US"},{"@type":"Organization","@id":"https:\/\/espacemenager2000.fr\/#organization","name":"Espace Menager 2000","url":"https:\/\/espacemenager2000.fr\/","logo":{"@type":"ImageObject","inLanguage":"en-US","@id":"https:\/\/espacemenager2000.fr\/#\/schema\/logo\/image\/","url":"https:\/\/espacemenager2000.fr\/wp-content\/uploads\/2026\/05\/Fav-Em2000.png","contentUrl":"https:\/\/espacemenager2000.fr\/wp-content\/uploads\/2026\/05\/Fav-Em2000.png","width":369,"height":369,"caption":"Espace Menager 2000"},"image":{"@id":"https:\/\/espacemenager2000.fr\/#\/schema\/logo\/image\/"},"sameAs":["https:\/\/www.facebook.com\/p\/Espace-menager-2000-100068469618146\/"]}]}},"_links":{"self":[{"href":"https:\/\/espacemenager2000.fr\/en\/wp-json\/wp\/v2\/product\/8785","targetHints":{"allow":["GET"]}}],"collection":[{"href":"https:\/\/espacemenager2000.fr\/en\/wp-json\/wp\/v2\/product"}],"about":[{"href":"https:\/\/espacemenager2000.fr\/en\/wp-json\/wp\/v2\/types\/product"}],"replies":[{"embeddable":true,"href":"https:\/\/espacemenager2000.fr\/en\/wp-json\/wp\/v2\/comments?post=8785"}],"wp:featuredmedia":[{"embeddable":true,"href":"https:\/\/espacemenager2000.fr\/en\/wp-json\/wp\/v2\/media\/8786"}],"wp:attachment":[{"href":"https:\/\/espacemenager2000.fr\/en\/wp-json\/wp\/v2\/media?parent=8785"}],"wp:term":[{"taxonomy":"product_brand","embeddable":true,"href":"https:\/\/espacemenager2000.fr\/en\/wp-json\/wp\/v2\/product_brand?post=8785"},{"taxonomy":"product_cat","embeddable":true,"href":"https:\/\/espacemenager2000.fr\/en\/wp-json\/wp\/v2\/product_cat?post=8785"},{"taxonomy":"product_tag","embeddable":true,"href":"https:\/\/espacemenager2000.fr\/en\/wp-json\/wp\/v2\/product_tag?post=8785"}],"curies":[{"name":"wp","href":"https:\/\/api.w.org\/{rel}","templated":true}]}}