{"id":8775,"date":"2025-12-22T17:05:52","date_gmt":"2025-12-22T17:05:52","guid":{"rendered":"https:\/\/espacemenager2000.fr\/?post_type=product&#038;p=8775"},"modified":"2026-05-10T20:42:43","modified_gmt":"2026-05-10T20:42:43","slug":"gps-portable-garmin-gpsmap-65s","status":"publish","type":"product","link":"https:\/\/espacemenager2000.fr\/en\/product\/gps-portable-garmin-gpsmap-65s\/","title":{"rendered":"GPS portable Garmin GPSMAP 65s"},"content":{"rendered":"<p>Explorez les\u00a0<strong>sentiers<\/strong>\u00a0de\u00a0<strong>randonn\u00e9e<\/strong>\u00a0de votre choix avec le\u00a0<strong>GPS portable Garmin GPSMAP 65s<\/strong>\u00a0et ne perdez jamais de vue votre objectif.<\/p>\n<h2><span class=\"m-accordion__header\"><span class=\"m-accordion__header__title\">Description<\/span><\/span><\/h2>\n<div class=\"m-accordion__content js-readMore\">\n<div class=\"m-readMore__content js-readMore-container\">\n<div class=\"prdDtl__contentSection__content\">\n<p>Explorez les\u00a0<strong>sentiers<\/strong>\u00a0de\u00a0<strong>randonn\u00e9e<\/strong>\u00a0de votre choix avec le\u00a0<strong>GPS portable Garmin GPSMAP 65s<\/strong>\u00a0et ne perdez jamais de vue votre objectif.<\/p>\n<p>Profitez d&#8217;une<strong>\u00a0localisation pr\u00e9cise<\/strong>\u00a0gr\u00e2ce \u00e0 la prise en charge de<strong>\u00a0plusieurs GNSS<\/strong>\u00a0et de la\u00a0<strong>technologie multi-bandes<\/strong>. Ces fonctionnalit\u00e9s parviennent \u00e0 vous\u00a0<strong>positionner<\/strong>\u00a0et vous\u00a0<strong>guider<\/strong>\u00a0sur les\u00a0<strong>terrains les plus complexes<\/strong>.<\/p>\n<p>La\u00a0<strong>cartographie pr\u00e9charg\u00e9e TopoActive Europe<\/strong>\u00a0met \u00e0 votre disposition une multitudes de\u00a0<strong>routes<\/strong>\u00a0et de\u00a0<strong>chemins<\/strong>\u00a0\u00e0 d\u00e9couvrir \u00e0\u00a0<strong>pied<\/strong>\u00a0ou \u00e0\u00a0<strong>v\u00e9lo<\/strong>. Sa\u00a0<strong>m\u00e9moire interne de 16 Go<\/strong>\u00a0et son emplacement pour\u00a0<strong>carte microSD\u00a0<\/strong>vous permettent d&#8217;ajouter facilement de\u00a0<strong>nouvelles<\/strong>\u00a0<strong>cartes<\/strong>.<\/p>\n<p>Compatible avec\u00a0<strong>l&#8217;application Garmin Explore<\/strong>, il vous offre la possibilit\u00e9 de<strong>\u00a0g\u00e9rer facilement vos itin\u00e9raires<\/strong>\u00a0et de garder un \u0153il sur vos<strong>\u00a0donn\u00e9es d&#8217;activit\u00e9<\/strong>. Le\u00a0<strong>couplage par Bluetooth<\/strong>\u00a0\u00e0 votre\u00a0<strong>smartphone<\/strong>\u00a0vous fait b\u00e9n\u00e9ficier\u00a0de\u00a0<strong>notifications<\/strong>\u00a0telles que les\u00a0<strong>SMS<\/strong>\u00a0et les\u00a0<strong>mails re\u00e7us<\/strong>.<\/p>\n<p>&nbsp;<\/p>\n<p>Particuli\u00e8rement\u00a0<strong>robuste<\/strong>, ce mod\u00e8le<strong>\u00a0r\u00e9siste aux chocs<\/strong>\u00a0durant vos\u00a0<strong>escapades en nature<\/strong>\u00a0tandis que son\u00a0<strong>\u00e9tanch\u00e9it\u00e9<\/strong>\u00a0en fait un<strong>\u00a0alli\u00e9 polyvalent<\/strong>. Son<strong>\u00a0\u00e9cran couleur antireflet<\/strong>\u00a0reste lisible quel que soit l&#8217;\u00e9clairage.<\/p>\n<p>Son\u00a0<strong>autonomie de 16 heures<\/strong>\u00a0vous laisse le temps de parcourir vos trac\u00e9s sereinement.<\/p>\n<h3>Points cl\u00e9s du\u00a0<strong>GPS portable Garmin GPSMAP 65s<\/strong><\/h3>\n<ul>\n<li><strong>GPS con\u00e7u pour la randonn\u00e9e<\/strong><\/li>\n<li><strong>Altim\u00e8tre et compas<\/strong><\/li>\n<li><strong>Satellites GPS, GALILEO, QZSS et GLONASS<\/strong>\u00a0: localisation et guidage m\u00eame dans les environnements isol\u00e9s et difficiles (for\u00eats denses, canyons urbains&#8230;)<\/li>\n<li><strong>Boutons de navigation\u00a0<\/strong>:\u00a0praticit\u00e9<\/li>\n<li><strong>Smart notifications<\/strong><\/li>\n<li><strong>Bluetooth et ANT+<\/strong><\/li>\n<li><strong>Compatible avec l&#8217;application et le site Garmin Explore<\/strong><\/li>\n<li><strong>Prise en charge de plusieurs bandes de fr\u00e9quences<\/strong>\u00a0: location pr\u00e9cise<\/li>\n<li><strong>Informations sur la difficult\u00e9 du terrain, description du terrain et astuces pour progresser<\/strong><\/li>\n<li><strong>TopoActive Europe\u00a0<\/strong>: cartographie pr\u00e9charg\u00e9e<\/li>\n<li><strong>Localisation de points d\u2019int\u00e9r\u00eat, sites naturels, fronti\u00e8res et cours d&#8217;eau<\/strong><\/li>\n<li><strong>16 Go de m\u00e9moire interne<\/strong>\u00a0: ajout de nouvelles cartes<\/li>\n<li><strong>Emplacement pour une carte microSD non fournie<\/strong>\u00a0: m\u00e9moire<\/li>\n<li><strong>Prise en charge des fichiers GPX de chasse au tr\u00e9sor<\/strong><\/li>\n<li><strong>\u00c9cran\u00a0couleur antireflet 2,6 pouces<\/strong>\u00a0: lecture facilit\u00e9e<\/li>\n<li><strong>R\u00e9sistance \u00e0 la pluie, \u00e0 l&#8217;humidit\u00e9 et \u00e0 la poussi\u00e8re<\/strong><\/li>\n<li><strong>\u00c9tanch\u00e9it\u00e9<\/strong>\u00a0: IPX7<\/li>\n<li><strong>Autonomie<\/strong>\u00a0:\u00a016 heures<\/li>\n<li><strong>Dimensions<\/strong>\u00a0:\u00a06,1 x 16,0 x 3,6 cm<\/li>\n<li><strong>Coloris:<\/strong>\u00a0 noir et beig<\/li>\n<\/ul>\n<h2><span class=\"m-accordion__header\"><span class=\"m-accordion__header__title\">Points cl\u00e9s<\/span><\/span><\/h2>\n<div class=\"m-accordion__content js-readMore\">\n<div class=\"m-readMore__content js-readMore-container\">\n<div class=\"prdDtl__contentSection__content\">\n<h3><strong>Caract\u00e9ristiques physiques :<\/strong><\/h3>\n<ul>\n<li>Dimensions physiques : 6,1 x 16,0 x 3,6 cm<\/li>\n<li>Format d&#8217;affichage (largeur par hauteur) :\u00a03,6 x 5,5 cm ; 6,6 cm de diagonale<\/li>\n<li>D\u00e9finition d&#8217;\u00e9cran (largeur par hauteur) :\u00a0160 x\u00a0240 pixels<\/li>\n<li>Type d&#8217;affichage : \u00e9cran couleur TFT transflectif de 2,6 pouces, 65\u00a0000\u00a0couleurs<\/li>\n<li>Poids : 217 g avec piles<\/li>\n<li>Batterie :\u00a02 piles AA (non fournies) ; NiMH ou Lithium recommand\u00e9<\/li>\n<li>Autonomie de la batterie :\u00a016 heures<\/li>\n<li>Indice de r\u00e9sistance \u00e0 l&#8217;eau : IPX7<\/li>\n<li>R\u00e9cepteur haute sensibilit\u00e9<\/li>\n<li>Interface : compatible avec mini USB haut d\u00e9bit et NMEA\u00a00183<\/li>\n<li>M\u00e9moire : 16 Go<\/li>\n<\/ul>\n<p>&nbsp;<\/p>\n<h3><strong>Caract\u00e9ristiques principales :<\/strong><\/h3>\n<ul>\n<li>Cartes pr\u00e9charg\u00e9es TopoActive Europe (routables sur routes et chemins praticables)<\/li>\n<li>Possibilit\u00e9 d&#8217;ajouter des cartes<\/li>\n<li>Carte de base<\/li>\n<li>D\u00e9finition automatique d&#8217;itin\u00e9raires (fonction d&#8217;itin\u00e9raire virage par virage)<\/li>\n<li>Segment de carte : 3000<\/li>\n<li>BirdsEye : 250\u00a0images BirdsEye<\/li>\n<li>Caract\u00e9ristiques hydrographiques d\u00e9taill\u00e9es (trac\u00e9s littoraux, les rives des lacs et rivi\u00e8res, les mar\u00e9cages et les cours d&#8217;eau saisonniers et permanents)<\/li>\n<li>Points d&#8217;int\u00e9r\u00eat avec fonction de recherche (parcs, terrains de camping, points de vue et aires de pique-nique)<\/li>\n<li>Affiche les parcs nationaux, f\u00e9d\u00e9raux et locaux, les for\u00eats, ainsi que les parcs naturels<\/li>\n<li>Satellites GPS et GLONASS<\/li>\n<li>Capacit\u00e9 de stockage et puissance : carte microSD non fournie<\/li>\n<li>Informations sur la difficult\u00e9 du terrain, description du terrain et astuces pour progresser<\/li>\n<li>Fond cartographique mondial<\/li>\n<li>Prise en charge des fichiers GPX de chasse au tr\u00e9sor<\/li>\n<li>Carte de base<\/li>\n<li>Waypoints : 5000<\/li>\n<li>Trac\u00e9s : 200<\/li>\n<li>Journal de suivi :\u00a010 000 points, 200 trac\u00e9s enregistr\u00e9s<\/li>\n<li>Itin\u00e9raires :\u00a0200, 250\u00a0points par itin\u00e9raire\u00a0; 50\u00a0points de d\u00e9finition automatique d&#8217;itin\u00e9raire<\/li>\n<li>Navigation point \u00e0 point<\/li>\n<li>Compatible Basecamp<\/li>\n<li>Calcul de zone<\/li>\n<li>Calendrier de chasse et p\u00eache<\/li>\n<li>Informations lune et soleil<\/li>\n<li>Mode G\u00e9ocache<\/li>\n<li>Compatible Custom MAPS :\u00a0500 zones de carte personnalis\u00e9es<\/li>\n<li>Visionneuse JPEG<\/li>\n<li>Smart Notifications sur l&#8217;appareil portable<\/li>\n<li>T\u00e9l\u00e9commande VIRB<\/li>\n<li>Compatible avec Garmin Connect<sup>\u2122<\/sup>\u00a0Mobile<\/li>\n<li>Compatible avec Garmin Explore<sup>\u2122<\/sup>\u00a0pour les waypoints, trac\u00e9s, routes et activit\u00e9s<\/li>\n<li>Compatible avec le site web Garmin Explore<\/li>\n<li>Connectivit\u00e9 sans fil : Bluetooth et ANT+<\/li>\n<\/ul>\n<p>&nbsp;<\/p>\n<h3><strong>Capteurs :<\/strong><\/h3>\n<ul>\n<li>Altim\u00e8tre<\/li>\n<li>Compas<\/li>\n<li>GPS<\/li>\n<li>GLONASS<\/li>\n<li>GALILEO<\/li>\n<li>QZSS<\/li>\n<li>Prise en charge de plusieurs bandes de fr\u00e9quences<\/li>\n<li>Compas GPS (en mouvement)<\/li>\n<\/ul>\n<h2><span class=\"m-accordion__header\"><span class=\"m-accordion__header__title\">Technologies<\/span><\/span><\/h2>\n<div class=\"m-accordion__content js-readMore\">\n<div class=\"m-readMore__content js-readMore-container\">\n<div class=\"prdDtl__contentSection__content\">\n<dl>\n<dt>Ant<\/dt>\n<dd>Technologie sans fil permettant le transfert automatique des donn\u00e9es.<\/dd>\n<dt>Garmin Connect<\/dt>\n<dd>Garmin Connect est une communaut\u00e9 en ligne o\u00f9 les sportifs peuvent se connecter et rivaliser en participant \u00e0 des d\u00e9fis,<br \/>\ns\u2019encourager mutuellement et partager leurs performances via les r\u00e9seaux sociaux. Garmin Connect est gratuit et<br \/>\ndisponible sur votre smartphone avec l&#8217;application Garmin Connect Mobile.<\/dd>\n<\/dl>\n<\/div>\n<\/div>\n<\/div>\n<\/div>\n<\/div>\n<\/div>\n<\/div>\n<\/div>\n<\/div>","protected":false},"excerpt":{"rendered":"<p>Explorez les\u00a0<strong>sentiers<\/strong>\u00a0de\u00a0<strong>randonn\u00e9e<\/strong>\u00a0de votre choix avec le\u00a0<strong>GPS portable Garmin GPSMAP 65s<\/strong>\u00a0et ne perdez jamais de vue votre objectif.<\/p>\n<p>&nbsp;<\/p>","protected":false},"featured_media":8776,"comment_status":"open","ping_status":"closed","template":"","meta":[],"product_brand":[64],"product_cat":[17,88,87,84,18,85],"product_tag":[89,90,91],"class_list":{"0":"post-8775","1":"product","2":"type-product","3":"status-publish","4":"has-post-thumbnail","6":"product_brand-garmin","7":"product_cat-bons-plans","8":"product_cat-compteurs-gps","9":"product_cat-electronique","10":"product_cat-nouveautes","11":"product_cat-promotions","12":"product_cat-top-ventes","13":"product_tag-accessoire-velo","14":"product_tag-accessoires","15":"product_tag-batterie","17":"first","18":"instock","19":"sale","20":"shipping-taxable","21":"purchasable","22":"product-type-simple"},"yoast_head":"<!-- This site is optimized with the Yoast SEO plugin v27.6 - https:\/\/yoast.com\/product\/yoast-seo-wordpress\/ -->\n<title>GPS portable Garmin GPSMAP 65s - 389 \u20ac - Vente d&#039;\u00c9lectrom\u00e9nager Neuf et Garanti \u00e0 Paris<\/title>\n<meta name=\"description\" content=\"Explorez les\u00a0sentiers\u00a0de\u00a0randonn\u00e9e\u00a0de votre choix avec le\u00a0GPS portable Garmin GPSMAP 65s\u00a0et ne perdez jamais de vue votre objectif.\u00a0\" \/>\n<meta name=\"robots\" content=\"index, follow, max-snippet:-1, max-image-preview:large, max-video-preview:-1\" \/>\n<link rel=\"canonical\" href=\"https:\/\/espacemenager2000.fr\/en\/product\/gps-portable-garmin-gpsmap-65s\/\" \/>\n<meta property=\"og:locale\" content=\"en_US\" \/>\n<meta property=\"og:type\" content=\"article\" \/>\n<meta property=\"og:title\" content=\"GPS portable Garmin GPSMAP 65s - 389 \u20ac - Vente d&#039;\u00c9lectrom\u00e9nager Neuf et Garanti \u00e0 Paris\" \/>\n<meta property=\"og:description\" content=\"Explorez les\u00a0sentiers\u00a0de\u00a0randonn\u00e9e\u00a0de votre choix avec le\u00a0GPS portable Garmin GPSMAP 65s\u00a0et ne perdez jamais de vue votre objectif.\u00a0\" \/>\n<meta property=\"og:url\" content=\"https:\/\/espacemenager2000.fr\/en\/product\/gps-portable-garmin-gpsmap-65s\/\" \/>\n<meta property=\"og:site_name\" content=\"Vente d&#039;\u00c9lectrom\u00e9nager Neuf et Garanti \u00e0 Paris\" \/>\n<meta property=\"article:publisher\" content=\"https:\/\/www.facebook.com\/p\/Espace-menager-2000-100068469618146\/\" \/>\n<meta property=\"article:modified_time\" content=\"2026-05-10T20:42:43+00:00\" \/>\n<meta property=\"og:image\" content=\"https:\/\/espacemenager2000.fr\/wp-content\/uploads\/2026\/05\/GPS-portable-Garmin-GPSMAP-65s.jpg\" \/>\n\t<meta property=\"og:image:width\" content=\"800\" \/>\n\t<meta property=\"og:image:height\" content=\"800\" \/>\n\t<meta property=\"og:image:type\" content=\"image\/jpeg\" \/>\n<meta name=\"twitter:card\" content=\"summary_large_image\" \/>\n<meta name=\"twitter:label1\" content=\"Est. reading time\" \/>\n\t<meta name=\"twitter:data1\" content=\"5 minutes\" \/>\n<script type=\"application\/ld+json\" class=\"yoast-schema-graph\">{\"@context\":\"https:\\\/\\\/schema.org\",\"@graph\":[{\"@type\":\"WebPage\",\"@id\":\"https:\\\/\\\/espacemenager2000.fr\\\/produit\\\/gps-portable-garmin-gpsmap-65s\\\/\",\"url\":\"https:\\\/\\\/espacemenager2000.fr\\\/produit\\\/gps-portable-garmin-gpsmap-65s\\\/\",\"name\":\"GPS portable Garmin GPSMAP 65s - 389 \u20ac - Vente d&#039;\u00c9lectrom\u00e9nager Neuf et Garanti \u00e0 Paris\",\"isPartOf\":{\"@id\":\"https:\\\/\\\/espacemenager2000.fr\\\/#website\"},\"primaryImageOfPage\":{\"@id\":\"https:\\\/\\\/espacemenager2000.fr\\\/produit\\\/gps-portable-garmin-gpsmap-65s\\\/#primaryimage\"},\"image\":{\"@id\":\"https:\\\/\\\/espacemenager2000.fr\\\/produit\\\/gps-portable-garmin-gpsmap-65s\\\/#primaryimage\"},\"thumbnailUrl\":\"https:\\\/\\\/espacemenager2000.fr\\\/wp-content\\\/uploads\\\/2026\\\/05\\\/GPS-portable-Garmin-GPSMAP-65s.jpg\",\"datePublished\":\"2025-12-22T17:05:52+00:00\",\"dateModified\":\"2026-05-10T20:42:43+00:00\",\"description\":\"Explorez les\u00a0sentiers\u00a0de\u00a0randonn\u00e9e\u00a0de votre choix avec le\u00a0GPS portable Garmin GPSMAP 65s\u00a0et ne perdez jamais de vue votre objectif.\u00a0\",\"breadcrumb\":{\"@id\":\"https:\\\/\\\/espacemenager2000.fr\\\/produit\\\/gps-portable-garmin-gpsmap-65s\\\/#breadcrumb\"},\"inLanguage\":\"en-US\",\"potentialAction\":[{\"@type\":\"ReadAction\",\"target\":[\"https:\\\/\\\/espacemenager2000.fr\\\/produit\\\/gps-portable-garmin-gpsmap-65s\\\/\"]}]},{\"@type\":\"ImageObject\",\"inLanguage\":\"en-US\",\"@id\":\"https:\\\/\\\/espacemenager2000.fr\\\/produit\\\/gps-portable-garmin-gpsmap-65s\\\/#primaryimage\",\"url\":\"https:\\\/\\\/espacemenager2000.fr\\\/wp-content\\\/uploads\\\/2026\\\/05\\\/GPS-portable-Garmin-GPSMAP-65s.jpg\",\"contentUrl\":\"https:\\\/\\\/espacemenager2000.fr\\\/wp-content\\\/uploads\\\/2026\\\/05\\\/GPS-portable-Garmin-GPSMAP-65s.jpg\",\"width\":800,\"height\":800},{\"@type\":\"BreadcrumbList\",\"@id\":\"https:\\\/\\\/espacemenager2000.fr\\\/produit\\\/gps-portable-garmin-gpsmap-65s\\\/#breadcrumb\",\"itemListElement\":[{\"@type\":\"ListItem\",\"position\":1,\"name\":\"Accueil\",\"item\":\"https:\\\/\\\/espacemenager2000.fr\\\/\"},{\"@type\":\"ListItem\",\"position\":2,\"name\":\"Boutique\",\"item\":\"https:\\\/\\\/espacemenager2000.fr\\\/boutique\\\/\"},{\"@type\":\"ListItem\",\"position\":3,\"name\":\"GPS portable Garmin GPSMAP 65s\"}]},{\"@type\":\"WebSite\",\"@id\":\"https:\\\/\\\/espacemenager2000.fr\\\/#website\",\"url\":\"https:\\\/\\\/espacemenager2000.fr\\\/\",\"name\":\"Espace Menager 2000\",\"description\":\"Expert en \u00e9lectrom\u00e9nager depuis 2001, Espace M\u00e9nager 2000 vous propose une large gamme de produits : lave-linge, r\u00e9frig\u00e9rateurs, \u00e9lectronique et fitness. Profitez de notre savoir-faire en vente, r\u00e9paration et d\u00e9pannage. Livraison rapide dans toute la zone Euro. Qualit\u00e9 et service garantis.\",\"publisher\":{\"@id\":\"https:\\\/\\\/espacemenager2000.fr\\\/#organization\"},\"potentialAction\":[{\"@type\":\"SearchAction\",\"target\":{\"@type\":\"EntryPoint\",\"urlTemplate\":\"https:\\\/\\\/espacemenager2000.fr\\\/?s={search_term_string}\"},\"query-input\":{\"@type\":\"PropertyValueSpecification\",\"valueRequired\":true,\"valueName\":\"search_term_string\"}}],\"inLanguage\":\"en-US\"},{\"@type\":\"Organization\",\"@id\":\"https:\\\/\\\/espacemenager2000.fr\\\/#organization\",\"name\":\"Espace Menager 2000\",\"url\":\"https:\\\/\\\/espacemenager2000.fr\\\/\",\"logo\":{\"@type\":\"ImageObject\",\"inLanguage\":\"en-US\",\"@id\":\"https:\\\/\\\/espacemenager2000.fr\\\/#\\\/schema\\\/logo\\\/image\\\/\",\"url\":\"https:\\\/\\\/espacemenager2000.fr\\\/wp-content\\\/uploads\\\/2026\\\/05\\\/Fav-Em2000.png\",\"contentUrl\":\"https:\\\/\\\/espacemenager2000.fr\\\/wp-content\\\/uploads\\\/2026\\\/05\\\/Fav-Em2000.png\",\"width\":369,\"height\":369,\"caption\":\"Espace Menager 2000\"},\"image\":{\"@id\":\"https:\\\/\\\/espacemenager2000.fr\\\/#\\\/schema\\\/logo\\\/image\\\/\"},\"sameAs\":[\"https:\\\/\\\/www.facebook.com\\\/p\\\/Espace-menager-2000-100068469618146\\\/\"]}]}<\/script>\n<!-- \/ Yoast SEO plugin. -->","yoast_head_json":{"title":"GPS portable Garmin GPSMAP 65s - 389 \u20ac - Vente d&#039;\u00c9lectrom\u00e9nager Neuf et Garanti \u00e0 Paris","description":"Explorez les\u00a0sentiers\u00a0de\u00a0randonn\u00e9e\u00a0de votre choix avec le\u00a0GPS portable Garmin GPSMAP 65s\u00a0et ne perdez jamais de vue votre objectif.\u00a0","robots":{"index":"index","follow":"follow","max-snippet":"max-snippet:-1","max-image-preview":"max-image-preview:large","max-video-preview":"max-video-preview:-1"},"canonical":"https:\/\/espacemenager2000.fr\/en\/product\/gps-portable-garmin-gpsmap-65s\/","og_locale":"en_US","og_type":"article","og_title":"GPS portable Garmin GPSMAP 65s - 389 \u20ac - Vente d&#039;\u00c9lectrom\u00e9nager Neuf et Garanti \u00e0 Paris","og_description":"Explorez les\u00a0sentiers\u00a0de\u00a0randonn\u00e9e\u00a0de votre choix avec le\u00a0GPS portable Garmin GPSMAP 65s\u00a0et ne perdez jamais de vue votre objectif.\u00a0","og_url":"https:\/\/espacemenager2000.fr\/en\/product\/gps-portable-garmin-gpsmap-65s\/","og_site_name":"Vente d&#039;\u00c9lectrom\u00e9nager Neuf et Garanti \u00e0 Paris","article_publisher":"https:\/\/www.facebook.com\/p\/Espace-menager-2000-100068469618146\/","article_modified_time":"2026-05-10T20:42:43+00:00","og_image":[{"width":800,"height":800,"url":"https:\/\/espacemenager2000.fr\/wp-content\/uploads\/2026\/05\/GPS-portable-Garmin-GPSMAP-65s.jpg","type":"image\/jpeg"}],"twitter_card":"summary_large_image","twitter_misc":{"Est. reading time":"5 minutes"},"schema":{"@context":"https:\/\/schema.org","@graph":[{"@type":"WebPage","@id":"https:\/\/espacemenager2000.fr\/produit\/gps-portable-garmin-gpsmap-65s\/","url":"https:\/\/espacemenager2000.fr\/produit\/gps-portable-garmin-gpsmap-65s\/","name":"GPS portable Garmin GPSMAP 65s - 389 \u20ac - Vente d&#039;\u00c9lectrom\u00e9nager Neuf et Garanti \u00e0 Paris","isPartOf":{"@id":"https:\/\/espacemenager2000.fr\/#website"},"primaryImageOfPage":{"@id":"https:\/\/espacemenager2000.fr\/produit\/gps-portable-garmin-gpsmap-65s\/#primaryimage"},"image":{"@id":"https:\/\/espacemenager2000.fr\/produit\/gps-portable-garmin-gpsmap-65s\/#primaryimage"},"thumbnailUrl":"https:\/\/espacemenager2000.fr\/wp-content\/uploads\/2026\/05\/GPS-portable-Garmin-GPSMAP-65s.jpg","datePublished":"2025-12-22T17:05:52+00:00","dateModified":"2026-05-10T20:42:43+00:00","description":"Explorez les\u00a0sentiers\u00a0de\u00a0randonn\u00e9e\u00a0de votre choix avec le\u00a0GPS portable Garmin GPSMAP 65s\u00a0et ne perdez jamais de vue votre objectif.\u00a0","breadcrumb":{"@id":"https:\/\/espacemenager2000.fr\/produit\/gps-portable-garmin-gpsmap-65s\/#breadcrumb"},"inLanguage":"en-US","potentialAction":[{"@type":"ReadAction","target":["https:\/\/espacemenager2000.fr\/produit\/gps-portable-garmin-gpsmap-65s\/"]}]},{"@type":"ImageObject","inLanguage":"en-US","@id":"https:\/\/espacemenager2000.fr\/produit\/gps-portable-garmin-gpsmap-65s\/#primaryimage","url":"https:\/\/espacemenager2000.fr\/wp-content\/uploads\/2026\/05\/GPS-portable-Garmin-GPSMAP-65s.jpg","contentUrl":"https:\/\/espacemenager2000.fr\/wp-content\/uploads\/2026\/05\/GPS-portable-Garmin-GPSMAP-65s.jpg","width":800,"height":800},{"@type":"BreadcrumbList","@id":"https:\/\/espacemenager2000.fr\/produit\/gps-portable-garmin-gpsmap-65s\/#breadcrumb","itemListElement":[{"@type":"ListItem","position":1,"name":"Accueil","item":"https:\/\/espacemenager2000.fr\/"},{"@type":"ListItem","position":2,"name":"Boutique","item":"https:\/\/espacemenager2000.fr\/boutique\/"},{"@type":"ListItem","position":3,"name":"GPS portable Garmin GPSMAP 65s"}]},{"@type":"WebSite","@id":"https:\/\/espacemenager2000.fr\/#website","url":"https:\/\/espacemenager2000.fr\/","name":"Espace Menager 2000","description":"Expert en \u00e9lectrom\u00e9nager depuis 2001, Espace M\u00e9nager 2000 vous propose une large gamme de produits : lave-linge, r\u00e9frig\u00e9rateurs, \u00e9lectronique et fitness. Profitez de notre savoir-faire en vente, r\u00e9paration et d\u00e9pannage. Livraison rapide dans toute la zone Euro. Qualit\u00e9 et service garantis.","publisher":{"@id":"https:\/\/espacemenager2000.fr\/#organization"},"potentialAction":[{"@type":"SearchAction","target":{"@type":"EntryPoint","urlTemplate":"https:\/\/espacemenager2000.fr\/?s={search_term_string}"},"query-input":{"@type":"PropertyValueSpecification","valueRequired":true,"valueName":"search_term_string"}}],"inLanguage":"en-US"},{"@type":"Organization","@id":"https:\/\/espacemenager2000.fr\/#organization","name":"Espace Menager 2000","url":"https:\/\/espacemenager2000.fr\/","logo":{"@type":"ImageObject","inLanguage":"en-US","@id":"https:\/\/espacemenager2000.fr\/#\/schema\/logo\/image\/","url":"https:\/\/espacemenager2000.fr\/wp-content\/uploads\/2026\/05\/Fav-Em2000.png","contentUrl":"https:\/\/espacemenager2000.fr\/wp-content\/uploads\/2026\/05\/Fav-Em2000.png","width":369,"height":369,"caption":"Espace Menager 2000"},"image":{"@id":"https:\/\/espacemenager2000.fr\/#\/schema\/logo\/image\/"},"sameAs":["https:\/\/www.facebook.com\/p\/Espace-menager-2000-100068469618146\/"]}]}},"_links":{"self":[{"href":"https:\/\/espacemenager2000.fr\/en\/wp-json\/wp\/v2\/product\/8775","targetHints":{"allow":["GET"]}}],"collection":[{"href":"https:\/\/espacemenager2000.fr\/en\/wp-json\/wp\/v2\/product"}],"about":[{"href":"https:\/\/espacemenager2000.fr\/en\/wp-json\/wp\/v2\/types\/product"}],"replies":[{"embeddable":true,"href":"https:\/\/espacemenager2000.fr\/en\/wp-json\/wp\/v2\/comments?post=8775"}],"wp:featuredmedia":[{"embeddable":true,"href":"https:\/\/espacemenager2000.fr\/en\/wp-json\/wp\/v2\/media\/8776"}],"wp:attachment":[{"href":"https:\/\/espacemenager2000.fr\/en\/wp-json\/wp\/v2\/media?parent=8775"}],"wp:term":[{"taxonomy":"product_brand","embeddable":true,"href":"https:\/\/espacemenager2000.fr\/en\/wp-json\/wp\/v2\/product_brand?post=8775"},{"taxonomy":"product_cat","embeddable":true,"href":"https:\/\/espacemenager2000.fr\/en\/wp-json\/wp\/v2\/product_cat?post=8775"},{"taxonomy":"product_tag","embeddable":true,"href":"https:\/\/espacemenager2000.fr\/en\/wp-json\/wp\/v2\/product_tag?post=8775"}],"curies":[{"name":"wp","href":"https:\/\/api.w.org\/{rel}","templated":true}]}}