{"id":870,"date":"2025-12-22T16:14:14","date_gmt":"2025-12-22T16:14:14","guid":{"rendered":"https:\/\/espacemenager2000.fr\/?post_type=product&#038;p=870"},"modified":"2026-05-10T20:42:14","modified_gmt":"2026-05-10T20:42:14","slug":"velo-semi-allonge-proform-325-csx","status":"publish","type":"product","link":"https:\/\/espacemenager2000.fr\/en\/product\/velo-semi-allonge-proform-325-csx\/","title":{"rendered":"V\u00e9lo Semi-Allong\u00e9 Proform 325 CSX+"},"content":{"rendered":"<h2>V\u00e9lo Semi-Allong\u00e9 Proform 325 CSX+<\/h2>\n<div id=\"overview\" class=\"nl-overviewcontent\" data-testid=\"overview\">\n<div class=\"nl-col-sm-12 nl-overviewcontent__grid\">\n<p class=\"nl-overviewcontent__description\">ProForm 325 CSX ou V\u00e9lo Semi-Allong\u00e9 Proform 325 CSX+ offrant des fonctions exceptionnelles pour vous aider \u00e0 atteindre vos objectifs de mise en forme. Dot\u00e9 d&#8217;une r\u00e9sistance r\u00e9glable pour ajuster le niveau de difficult\u00e9 de votre entra\u00eenement, de divers programmes d&#8217;entra\u00eenement avec iFIT pour garder votre int\u00e9r\u00eat et d&#8217;une console de suivi de performance avanc\u00e9e pour vous permettre de suivre vos progr\u00e8s et de rester motiv\u00e9.<\/p>\n<h3>Caract\u00e9ristiques V\u00e9lo Semi-Allong\u00e9 Proform 325 CSX+<\/h3>\n<div class=\"contenido\">\n<div><\/div>\n<div>\n<div class=\"wrap\">\n<div class=\"col-5-8 tb-col-5-8 center-block txt-center\">\n<div class=\"video-item\">\n<div class=\"video-container iframe-container text-center panoramic\">\n<div class=\"youtube-player\" data-id=\"https:\/\/www.youtube.com\/embed\/i5XjVONHxbg?rel=0&amp;autoplay=1&amp;wmode=opaque\">\n<div class=\"youtube-thumb\">\n<p><img fetchpriority=\"high\" decoding=\"async\" class=\"lazy-content img-fluid\" src=\"https:\/\/i1.ytimg.com\/vi\/i5XjVONHxbg\/maxresdefault.jpg\" alt=\"https:\/\/i1.ytimg.com\/vi\/i5XjVONHxbg\/maxresdefault.jpg\" width=\"580\" height=\"326\" \/><\/p>\n<div class=\"play-button\"><\/div>\n<\/div>\n<\/div>\n<\/div>\n<\/div>\n<\/div>\n<\/div>\n<\/div>\n<h4><strong><br \/>\n<\/strong><strong>Caract\u00e9ristiques techniques New Proform 325 CSX<\/strong><\/h4>\n<div>\n<ul>\n<li>Volant d&#8217;inertie de 7 kg<\/li>\n<li>Freinage magn\u00e9tique pour un fonctionnement silencieux<\/li>\n<li>22 niveaux de r\u00e9sistance num\u00e9rique<\/li>\n<li>Support pour tablette<\/li>\n<li>Porte-bouteilles<\/li>\n<\/ul>\n<\/div>\n<div>\n<h5><strong>Ecran LCD:\u00a0<\/strong><\/h5>\n<p>Vous pouvez augmenter et diminuer la vitesse et la r\u00e9sistance manuellement, mais aucun programme n&#8217;est inclus. L&#8217;acc\u00e8s aux programmes n\u00e9cessite l&#8217;utilisation de l&#8217;application iFIT, via un smartphone ou une tablette, et requiert un abonnement iFIT (\u00e0 partir d&#8217;un smartphone\/tablette, il n&#8217;y a pas d&#8217;option pour les programmes gratuits).<\/p>\n<\/div>\n<h5><\/h5>\n<div><img decoding=\"async\" class=\"lazy-content img-fluid\" src=\"https:\/\/www.fitnessdigital.fr\/images\/productos\/detalles\/proform\/proform-325csx-newmonitor-01.jpg\" alt=\"325csx-bike\" width=\"415\" height=\"440\" \/><\/div>\n<div><\/div>\n<h5><strong>Console<\/strong><\/h5>\n<div>\n<p>Son \u00e9cran LED vous apporte \u00e9galement toutes les informations n\u00e9cessaires lors de vos s\u00e9ances quotidiennes : vitesse, temps, r\u00e9sistance, distance, calories br\u00fbl\u00e9es et pulsations cardiaques. Le 325 CSX + poss\u00e8de toutes les options et le confort pour un usage r\u00e9gulier \u00e0 domicile : il est \u00e9quip\u00e9 d&#8217;un dossier qui soutient les lombaires et vous apporte plus de confort lors de vos entra\u00eenements.<\/p>\n<p>Ergonomie et confort sont les maitres mots pour ce v\u00e9lo semi-allong\u00e9. Vous pourrez d\u00e9couvrir l&#8217;univers des entra\u00eenements virtuels gr\u00e2ce \u00e0 la compatibilit\u00e9 de la technologie iFit Bluetooth\u2122<\/p>\n<ul>\n<li>Connectique MP3 et hauts-parleurs int\u00e9gr\u00e9s<\/li>\n<li>Informations : vitesse, dur\u00e9e, distance, calories br\u00fbl\u00e9es, pulsations cardiaque, r\u00e9sistance<\/li>\n<li>Compatible iFit Bluetooth\u2122<\/li>\n<\/ul>\n<p><img decoding=\"async\" class=\"lazy-content img-fluid\" src=\"https:\/\/www.fitnessdigital.fr\/images\/productos\/detalles\/proform\/proform-325csx-newmonitor-02.jpg\" alt=\"\" width=\"356\" height=\"377\" \/><\/p>\n<p>&nbsp;<\/p>\n<h4><strong style=\"font-size: 1rem;\">Sp\u00e9cifications New Proform 325 CSX<\/strong><\/h4>\n<h5><strong style=\"font-size: 1rem;\">Technologie<\/strong><\/h5>\n<ul>\n<li>iFit\u00ae avec Bluetooth Smart BLE<\/li>\n<li>\u00c9cran multicolore 5&#8243; \u00e0 fort contraste<\/li>\n<li>Technologie ActivePulse\u2122<\/li>\n<li>Brassard vendu s\u00e9par\u00e9ment<\/li>\n<li>Haut-parleur double de 2 pouces<\/li>\n<\/ul>\n<\/div>\n<div><img decoding=\"async\" class=\"lazy-content img-fluid\" src=\"https:\/\/www.fitnessdigital.fr\/images\/productos\/detalles\/proform\/proform-325csx-screen.jpg\" alt=\"325csx-bike\" \/><\/div>\n<div><\/div>\n<h5><strong>Ing\u00e9nierie<\/strong><\/h5>\n<div>\n<ul>\n<li>Cadre pour v\u00e9los couch\u00e9s<\/li>\n<li>Volant d&#8217;inertie effectif de 7 kg<\/li>\n<li>22 niveaux de QuickResistance\u00ae num\u00e9rique<\/li>\n<li>SMR\u2122 Silent Magnetic Resistance<\/li>\n<li>La conception par \u00e9tapes<br \/>\n<h5><strong style=\"font-size: 1rem;\">Confort<\/strong><\/h5>\n<\/li>\n<\/ul>\n<ul>\n<li>Porte-bouteille d&#8217;eau<\/li>\n<li>Soutien lombaire surdimensionn\u00e9 et r\u00e9glable<\/li>\n<li>Support de tablette int\u00e9gr\u00e9<\/li>\n<li>Roues de transport mont\u00e9es \u00e0 l&#8217;avant<\/li>\n<li>P\u00e9dales ergonomiques avec sangles r\u00e9glables<\/li>\n<li>Ventilateur d&#8217;entra\u00eenement Coolaire<\/li>\n<\/ul>\n<p><img decoding=\"async\" class=\"lazy-content img-fluid\" src=\"https:\/\/www.fitnessdigital.fr\/images\/productos\/detalles\/proform\/proform-325csx-exercise.jpg\" alt=\"325csx-bike\" \/><br \/>\n<strong>Dimensions et poids New Proform 325 CSX<\/strong><\/p>\n<\/div>\n<div><\/div>\n<div>\n<table border=\"1\">\n<colgroup>\n<col \/>\n<col \/><\/colgroup>\n<tbody>\n<tr>\n<td>Capacit\u00e9 de poids<\/td>\n<td>135 kg<\/td>\n<\/tr>\n<tr>\n<td>Dimensions (LxLxWxH<\/td>\n<td>134x64x127 cm<\/td>\n<\/tr>\n<tr>\n<td>Distance minimale entre la selle et la p\u00e9dale<\/td>\n<td>21 cm<\/td>\n<\/tr>\n<tr>\n<td>Distance maximale de la selle \u00e0 la p\u00e9dale<\/td>\n<td>26 cm<\/td>\n<\/tr>\n<\/tbody>\n<\/table>\n<\/div>\n<\/div>\n<\/div>\n<\/div>","protected":false},"excerpt":{"rendered":"<div class=\"product attribute overview\">\n<div class=\"value\">ProForm 325 CSX offrant des fonctions exceptionnelles pour vous aider \u00e0 atteindre vos objectifs de mise en forme. Dot\u00e9 d&#8217;une r\u00e9sistance r\u00e9glable pour ajuster le niveau de difficult\u00e9 de votre entra\u00eenement, de divers programmes d&#8217;entra\u00eenement avec iFIT pour garder votre int\u00e9r\u00eat et d&#8217;une console de suivi de performance avanc\u00e9e pour vous permettre de suivre vos progr\u00e8s et de rester motiv\u00e9.<\/div>\n<\/div>","protected":false},"featured_media":871,"comment_status":"open","ping_status":"closed","template":"","meta":[],"product_brand":[34],"product_cat":[17,18,19,56],"product_tag":[47,57],"class_list":{"0":"post-870","1":"product","2":"type-product","3":"status-publish","4":"has-post-thumbnail","6":"product_brand-proform","7":"product_cat-bons-plans","8":"product_cat-promotions","9":"product_cat-training-fitness","10":"product_cat-velos-semi-allonges","11":"product_tag-velo-dappartement","12":"product_tag-velos-semi-allonges","14":"first","15":"instock","16":"shipping-taxable","17":"purchasable","18":"product-type-simple"},"yoast_head":"<!-- This site is optimized with the Yoast SEO plugin v27.6 - https:\/\/yoast.com\/product\/yoast-seo-wordpress\/ -->\n<title>V\u00e9lo Semi-Allong\u00e9 Proform 325 CSX+ - Promotion - Vente d&#039;\u00c9lectrom\u00e9nager Neuf et Garanti \u00e0 Paris<\/title>\n<meta name=\"description\" content=\"V\u00e9lo Semi-Allong\u00e9 Proform 325 CSX+ - Dot\u00e9 d&#039;une r\u00e9sistance r\u00e9glable pour ajuster le niveau de difficult\u00e9 de votre entra\u00eenement - Offre sp\u00e9ciale\" \/>\n<meta name=\"robots\" content=\"index, follow, max-snippet:-1, max-image-preview:large, max-video-preview:-1\" \/>\n<link rel=\"canonical\" href=\"https:\/\/espacemenager2000.fr\/en\/product\/velo-semi-allonge-proform-325-csx\/\" \/>\n<meta property=\"og:locale\" content=\"en_US\" \/>\n<meta property=\"og:type\" content=\"article\" \/>\n<meta property=\"og:title\" content=\"V\u00e9lo Semi-Allong\u00e9 Proform 325 CSX+ - Promotion - Vente d&#039;\u00c9lectrom\u00e9nager Neuf et Garanti \u00e0 Paris\" \/>\n<meta property=\"og:description\" content=\"V\u00e9lo Semi-Allong\u00e9 Proform 325 CSX+ - Dot\u00e9 d&#039;une r\u00e9sistance r\u00e9glable pour ajuster le niveau de difficult\u00e9 de votre entra\u00eenement - Offre sp\u00e9ciale\" \/>\n<meta property=\"og:url\" content=\"https:\/\/espacemenager2000.fr\/en\/product\/velo-semi-allonge-proform-325-csx\/\" \/>\n<meta property=\"og:site_name\" content=\"Vente d&#039;\u00c9lectrom\u00e9nager Neuf et Garanti \u00e0 Paris\" \/>\n<meta property=\"article:publisher\" content=\"https:\/\/www.facebook.com\/p\/Espace-menager-2000-100068469618146\/\" \/>\n<meta property=\"article:modified_time\" content=\"2026-05-10T20:42:14+00:00\" \/>\n<meta property=\"og:image\" content=\"https:\/\/espacemenager2000.fr\/wp-content\/uploads\/2026\/05\/Velo-Semi-Allonge-Proform-325-CSX-.jpg\" \/>\n\t<meta property=\"og:image:width\" content=\"800\" \/>\n\t<meta property=\"og:image:height\" content=\"800\" \/>\n\t<meta property=\"og:image:type\" content=\"image\/jpeg\" \/>\n<meta name=\"twitter:card\" content=\"summary_large_image\" \/>\n<meta name=\"twitter:label1\" content=\"Est. reading time\" \/>\n\t<meta name=\"twitter:data1\" content=\"6 minutes\" \/>\n<script type=\"application\/ld+json\" class=\"yoast-schema-graph\">{\"@context\":\"https:\\\/\\\/schema.org\",\"@graph\":[{\"@type\":\"WebPage\",\"@id\":\"https:\\\/\\\/espacemenager2000.fr\\\/produit\\\/velo-semi-allonge-proform-325-csx\\\/\",\"url\":\"https:\\\/\\\/espacemenager2000.fr\\\/produit\\\/velo-semi-allonge-proform-325-csx\\\/\",\"name\":\"V\u00e9lo Semi-Allong\u00e9 Proform 325 CSX+ - Promotion - Vente d&#039;\u00c9lectrom\u00e9nager Neuf et Garanti \u00e0 Paris\",\"isPartOf\":{\"@id\":\"https:\\\/\\\/espacemenager2000.fr\\\/#website\"},\"primaryImageOfPage\":{\"@id\":\"https:\\\/\\\/espacemenager2000.fr\\\/produit\\\/velo-semi-allonge-proform-325-csx\\\/#primaryimage\"},\"image\":{\"@id\":\"https:\\\/\\\/espacemenager2000.fr\\\/produit\\\/velo-semi-allonge-proform-325-csx\\\/#primaryimage\"},\"thumbnailUrl\":\"https:\\\/\\\/espacemenager2000.fr\\\/wp-content\\\/uploads\\\/2026\\\/05\\\/Velo-Semi-Allonge-Proform-325-CSX-.jpg\",\"datePublished\":\"2025-12-22T16:14:14+00:00\",\"dateModified\":\"2026-05-10T20:42:14+00:00\",\"description\":\"V\u00e9lo Semi-Allong\u00e9 Proform 325 CSX+ - Dot\u00e9 d'une r\u00e9sistance r\u00e9glable pour ajuster le niveau de difficult\u00e9 de votre entra\u00eenement - Offre sp\u00e9ciale\",\"breadcrumb\":{\"@id\":\"https:\\\/\\\/espacemenager2000.fr\\\/produit\\\/velo-semi-allonge-proform-325-csx\\\/#breadcrumb\"},\"inLanguage\":\"en-US\",\"potentialAction\":[{\"@type\":\"ReadAction\",\"target\":[\"https:\\\/\\\/espacemenager2000.fr\\\/produit\\\/velo-semi-allonge-proform-325-csx\\\/\"]}]},{\"@type\":\"ImageObject\",\"inLanguage\":\"en-US\",\"@id\":\"https:\\\/\\\/espacemenager2000.fr\\\/produit\\\/velo-semi-allonge-proform-325-csx\\\/#primaryimage\",\"url\":\"https:\\\/\\\/espacemenager2000.fr\\\/wp-content\\\/uploads\\\/2026\\\/05\\\/Velo-Semi-Allonge-Proform-325-CSX-.jpg\",\"contentUrl\":\"https:\\\/\\\/espacemenager2000.fr\\\/wp-content\\\/uploads\\\/2026\\\/05\\\/Velo-Semi-Allonge-Proform-325-CSX-.jpg\",\"width\":800,\"height\":800},{\"@type\":\"BreadcrumbList\",\"@id\":\"https:\\\/\\\/espacemenager2000.fr\\\/produit\\\/velo-semi-allonge-proform-325-csx\\\/#breadcrumb\",\"itemListElement\":[{\"@type\":\"ListItem\",\"position\":1,\"name\":\"Accueil\",\"item\":\"https:\\\/\\\/espacemenager2000.fr\\\/\"},{\"@type\":\"ListItem\",\"position\":2,\"name\":\"Boutique\",\"item\":\"https:\\\/\\\/espacemenager2000.fr\\\/boutique\\\/\"},{\"@type\":\"ListItem\",\"position\":3,\"name\":\"V\u00e9lo Semi-Allong\u00e9 Proform 325 CSX+\"}]},{\"@type\":\"WebSite\",\"@id\":\"https:\\\/\\\/espacemenager2000.fr\\\/#website\",\"url\":\"https:\\\/\\\/espacemenager2000.fr\\\/\",\"name\":\"Espace Menager 2000\",\"description\":\"Expert en \u00e9lectrom\u00e9nager depuis 2001, Espace M\u00e9nager 2000 vous propose une large gamme de produits : lave-linge, r\u00e9frig\u00e9rateurs, \u00e9lectronique et fitness. Profitez de notre savoir-faire en vente, r\u00e9paration et d\u00e9pannage. Livraison rapide dans toute la zone Euro. Qualit\u00e9 et service garantis.\",\"publisher\":{\"@id\":\"https:\\\/\\\/espacemenager2000.fr\\\/#organization\"},\"potentialAction\":[{\"@type\":\"SearchAction\",\"target\":{\"@type\":\"EntryPoint\",\"urlTemplate\":\"https:\\\/\\\/espacemenager2000.fr\\\/?s={search_term_string}\"},\"query-input\":{\"@type\":\"PropertyValueSpecification\",\"valueRequired\":true,\"valueName\":\"search_term_string\"}}],\"inLanguage\":\"en-US\"},{\"@type\":\"Organization\",\"@id\":\"https:\\\/\\\/espacemenager2000.fr\\\/#organization\",\"name\":\"Espace Menager 2000\",\"url\":\"https:\\\/\\\/espacemenager2000.fr\\\/\",\"logo\":{\"@type\":\"ImageObject\",\"inLanguage\":\"en-US\",\"@id\":\"https:\\\/\\\/espacemenager2000.fr\\\/#\\\/schema\\\/logo\\\/image\\\/\",\"url\":\"https:\\\/\\\/espacemenager2000.fr\\\/wp-content\\\/uploads\\\/2026\\\/05\\\/Fav-Em2000.png\",\"contentUrl\":\"https:\\\/\\\/espacemenager2000.fr\\\/wp-content\\\/uploads\\\/2026\\\/05\\\/Fav-Em2000.png\",\"width\":369,\"height\":369,\"caption\":\"Espace Menager 2000\"},\"image\":{\"@id\":\"https:\\\/\\\/espacemenager2000.fr\\\/#\\\/schema\\\/logo\\\/image\\\/\"},\"sameAs\":[\"https:\\\/\\\/www.facebook.com\\\/p\\\/Espace-menager-2000-100068469618146\\\/\"]}]}<\/script>\n<!-- \/ Yoast SEO plugin. -->","yoast_head_json":{"title":"V\u00e9lo Semi-Allong\u00e9 Proform 325 CSX+ - Promotion - Vente d&#039;\u00c9lectrom\u00e9nager Neuf et Garanti \u00e0 Paris","description":"V\u00e9lo Semi-Allong\u00e9 Proform 325 CSX+ - Dot\u00e9 d'une r\u00e9sistance r\u00e9glable pour ajuster le niveau de difficult\u00e9 de votre entra\u00eenement - Offre sp\u00e9ciale","robots":{"index":"index","follow":"follow","max-snippet":"max-snippet:-1","max-image-preview":"max-image-preview:large","max-video-preview":"max-video-preview:-1"},"canonical":"https:\/\/espacemenager2000.fr\/en\/product\/velo-semi-allonge-proform-325-csx\/","og_locale":"en_US","og_type":"article","og_title":"V\u00e9lo Semi-Allong\u00e9 Proform 325 CSX+ - Promotion - Vente d&#039;\u00c9lectrom\u00e9nager Neuf et Garanti \u00e0 Paris","og_description":"V\u00e9lo Semi-Allong\u00e9 Proform 325 CSX+ - Dot\u00e9 d'une r\u00e9sistance r\u00e9glable pour ajuster le niveau de difficult\u00e9 de votre entra\u00eenement - Offre sp\u00e9ciale","og_url":"https:\/\/espacemenager2000.fr\/en\/product\/velo-semi-allonge-proform-325-csx\/","og_site_name":"Vente d&#039;\u00c9lectrom\u00e9nager Neuf et Garanti \u00e0 Paris","article_publisher":"https:\/\/www.facebook.com\/p\/Espace-menager-2000-100068469618146\/","article_modified_time":"2026-05-10T20:42:14+00:00","og_image":[{"width":800,"height":800,"url":"https:\/\/espacemenager2000.fr\/wp-content\/uploads\/2026\/05\/Velo-Semi-Allonge-Proform-325-CSX-.jpg","type":"image\/jpeg"}],"twitter_card":"summary_large_image","twitter_misc":{"Est. reading time":"6 minutes"},"schema":{"@context":"https:\/\/schema.org","@graph":[{"@type":"WebPage","@id":"https:\/\/espacemenager2000.fr\/produit\/velo-semi-allonge-proform-325-csx\/","url":"https:\/\/espacemenager2000.fr\/produit\/velo-semi-allonge-proform-325-csx\/","name":"V\u00e9lo Semi-Allong\u00e9 Proform 325 CSX+ - Promotion - Vente d&#039;\u00c9lectrom\u00e9nager Neuf et Garanti \u00e0 Paris","isPartOf":{"@id":"https:\/\/espacemenager2000.fr\/#website"},"primaryImageOfPage":{"@id":"https:\/\/espacemenager2000.fr\/produit\/velo-semi-allonge-proform-325-csx\/#primaryimage"},"image":{"@id":"https:\/\/espacemenager2000.fr\/produit\/velo-semi-allonge-proform-325-csx\/#primaryimage"},"thumbnailUrl":"https:\/\/espacemenager2000.fr\/wp-content\/uploads\/2026\/05\/Velo-Semi-Allonge-Proform-325-CSX-.jpg","datePublished":"2025-12-22T16:14:14+00:00","dateModified":"2026-05-10T20:42:14+00:00","description":"V\u00e9lo Semi-Allong\u00e9 Proform 325 CSX+ - Dot\u00e9 d'une r\u00e9sistance r\u00e9glable pour ajuster le niveau de difficult\u00e9 de votre entra\u00eenement - Offre sp\u00e9ciale","breadcrumb":{"@id":"https:\/\/espacemenager2000.fr\/produit\/velo-semi-allonge-proform-325-csx\/#breadcrumb"},"inLanguage":"en-US","potentialAction":[{"@type":"ReadAction","target":["https:\/\/espacemenager2000.fr\/produit\/velo-semi-allonge-proform-325-csx\/"]}]},{"@type":"ImageObject","inLanguage":"en-US","@id":"https:\/\/espacemenager2000.fr\/produit\/velo-semi-allonge-proform-325-csx\/#primaryimage","url":"https:\/\/espacemenager2000.fr\/wp-content\/uploads\/2026\/05\/Velo-Semi-Allonge-Proform-325-CSX-.jpg","contentUrl":"https:\/\/espacemenager2000.fr\/wp-content\/uploads\/2026\/05\/Velo-Semi-Allonge-Proform-325-CSX-.jpg","width":800,"height":800},{"@type":"BreadcrumbList","@id":"https:\/\/espacemenager2000.fr\/produit\/velo-semi-allonge-proform-325-csx\/#breadcrumb","itemListElement":[{"@type":"ListItem","position":1,"name":"Accueil","item":"https:\/\/espacemenager2000.fr\/"},{"@type":"ListItem","position":2,"name":"Boutique","item":"https:\/\/espacemenager2000.fr\/boutique\/"},{"@type":"ListItem","position":3,"name":"V\u00e9lo Semi-Allong\u00e9 Proform 325 CSX+"}]},{"@type":"WebSite","@id":"https:\/\/espacemenager2000.fr\/#website","url":"https:\/\/espacemenager2000.fr\/","name":"Espace Menager 2000","description":"Expert en \u00e9lectrom\u00e9nager depuis 2001, Espace M\u00e9nager 2000 vous propose une large gamme de produits : lave-linge, r\u00e9frig\u00e9rateurs, \u00e9lectronique et fitness. Profitez de notre savoir-faire en vente, r\u00e9paration et d\u00e9pannage. Livraison rapide dans toute la zone Euro. Qualit\u00e9 et service garantis.","publisher":{"@id":"https:\/\/espacemenager2000.fr\/#organization"},"potentialAction":[{"@type":"SearchAction","target":{"@type":"EntryPoint","urlTemplate":"https:\/\/espacemenager2000.fr\/?s={search_term_string}"},"query-input":{"@type":"PropertyValueSpecification","valueRequired":true,"valueName":"search_term_string"}}],"inLanguage":"en-US"},{"@type":"Organization","@id":"https:\/\/espacemenager2000.fr\/#organization","name":"Espace Menager 2000","url":"https:\/\/espacemenager2000.fr\/","logo":{"@type":"ImageObject","inLanguage":"en-US","@id":"https:\/\/espacemenager2000.fr\/#\/schema\/logo\/image\/","url":"https:\/\/espacemenager2000.fr\/wp-content\/uploads\/2026\/05\/Fav-Em2000.png","contentUrl":"https:\/\/espacemenager2000.fr\/wp-content\/uploads\/2026\/05\/Fav-Em2000.png","width":369,"height":369,"caption":"Espace Menager 2000"},"image":{"@id":"https:\/\/espacemenager2000.fr\/#\/schema\/logo\/image\/"},"sameAs":["https:\/\/www.facebook.com\/p\/Espace-menager-2000-100068469618146\/"]}]}},"_links":{"self":[{"href":"https:\/\/espacemenager2000.fr\/en\/wp-json\/wp\/v2\/product\/870","targetHints":{"allow":["GET"]}}],"collection":[{"href":"https:\/\/espacemenager2000.fr\/en\/wp-json\/wp\/v2\/product"}],"about":[{"href":"https:\/\/espacemenager2000.fr\/en\/wp-json\/wp\/v2\/types\/product"}],"replies":[{"embeddable":true,"href":"https:\/\/espacemenager2000.fr\/en\/wp-json\/wp\/v2\/comments?post=870"}],"wp:featuredmedia":[{"embeddable":true,"href":"https:\/\/espacemenager2000.fr\/en\/wp-json\/wp\/v2\/media\/871"}],"wp:attachment":[{"href":"https:\/\/espacemenager2000.fr\/en\/wp-json\/wp\/v2\/media?parent=870"}],"wp:term":[{"taxonomy":"product_brand","embeddable":true,"href":"https:\/\/espacemenager2000.fr\/en\/wp-json\/wp\/v2\/product_brand?post=870"},{"taxonomy":"product_cat","embeddable":true,"href":"https:\/\/espacemenager2000.fr\/en\/wp-json\/wp\/v2\/product_cat?post=870"},{"taxonomy":"product_tag","embeddable":true,"href":"https:\/\/espacemenager2000.fr\/en\/wp-json\/wp\/v2\/product_tag?post=870"}],"curies":[{"name":"wp","href":"https:\/\/api.w.org\/{rel}","templated":true}]}}