{"id":858,"date":"2025-12-22T16:14:14","date_gmt":"2025-12-22T16:14:14","guid":{"rendered":"https:\/\/espacemenager2000.fr\/?post_type=product&#038;p=858"},"modified":"2026-05-14T00:36:22","modified_gmt":"2026-05-14T00:36:22","slug":"velo-semi-allonge-bh-artic-comfort-program","status":"publish","type":"product","link":"https:\/\/espacemenager2000.fr\/en\/product\/velo-semi-allonge-bh-artic-comfort-program\/","title":{"rendered":"V\u00e9lo Semi-Allong\u00e9 BH Artic Comfort Program"},"content":{"rendered":"<h2>V\u00e9lo Semi-Allong\u00e9 BH Artic Comfort Program<\/h2>\n<p>V\u00e9lo semi-allong\u00e9 ou V\u00e9lo Semi-Allong\u00e9 BH Artic Comfort Program avec <strong>moniteur LCD programmable<\/strong>, cadre ouvert et enti\u00e8rement r\u00e9glable pour procurer un\u00a0<strong>haut niveau de confort<\/strong>\u00a0pendant l&#8217;exercice \u00e0 l\u2019utilisateur.<\/p>\n<h3>Caract\u00e9ristiques V\u00e9lo Semi-Allong\u00e9 BH Artic Comfort Program<\/h3>\n<p>V\u00e9lo semi-allong\u00e9 avec\u00a0<strong>moniteur LCD programmable<\/strong>, cadre ouvert et enti\u00e8rement r\u00e9glable pour procurer un\u00a0<strong>haut niveau de confort<\/strong> pendant l&#8217;exercice \u00e0 l\u2019utilisateur.<\/p>\n<h4><span style=\"color: ff6600;\"><strong>Caract\u00e9ristiques<\/strong><\/span><\/h4>\n<ul>\n<li><strong>Console M2 program<br \/>\n<\/strong>Console LCD avec 12 programmes et 24 niveaux d&#8217;intensit\u00e9.<\/li>\n<\/ul>\n<ul>\n<li><strong>Siege anatomique<br \/>\n<\/strong>Con\u00e7u sp\u00e9cialement pour pouvoir offrir le maximum confort, avec mat\u00e9riaux anti transpiration et r\u00e9glage du soutien lombaire.<\/li>\n<\/ul>\n<ul>\n<li><strong>Mesure du rythme cardiaque par contact<br \/>\n<\/strong>Mesure du rythme cardiaque par contact avec le guidon.<\/li>\n<\/ul>\n<ul>\n<li><strong>Cadre ouvert<br \/>\n<\/strong>Fournit un acc\u00e9s facil \u00e0 l\u2019appareil, ideal aux fins de rehabilitation.<\/li>\n<\/ul>\n<ul>\n<li><strong>Structure<br \/>\n<\/strong>Acier haute r\u00e9sistance.<\/li>\n<\/ul>\n<ul>\n<li><strong>Comfort<br \/>\n<\/strong>Appui Lombaire Permanent et r\u00e9glable longitudinalement.<\/li>\n<\/ul>\n<ul>\n<li><strong>Roulettes<br \/>\n<\/strong>Pour un transport ais\u00e9.<\/li>\n<\/ul>\n<h5 class=\"contenido\"><span style=\"color: ff6600;\"><strong>Sp\u00e9cifications<\/strong><\/span><\/h5>\n<p><strong>\u00b7 Longueur (x):<\/strong>\u00a0128 cm.<\/p>\n<p><strong>\u00b7 Largeur (y):\u00a0<\/strong>60 cm.<\/p>\n<p><strong>\u00b7 Hauteur (z):<\/strong>\u00a0107 cm.<\/p>\n<p><strong>\u00b7 Poids:<\/strong>\u00a040kg.<\/p>\n<p><strong>\u00b7 Poids maximum:<\/strong>\u00a0120kg.<\/p>\n<p><img decoding=\"async\" class=\"lazy-content img-fluid\" src=\"https:\/\/www.fitnessdigital.fr\/images\/productos\/detalles\/grafico-reclinable.gif\" alt=\"\" \/><\/p>\n<p><strong>Sp\u00e9cifications<\/strong><\/p>\n<ul>\n<li>Utilisation : R\u00e9guli\u00e8re<\/li>\n<li>Syst\u00e8me de r\u00e9sistance : Magnetique<\/li>\n<li>Volante de inercia : 8Kg<\/li>\n<li>SRV : Oui<\/li>\n<li>Bouton de contact sur le guidon : Oui<\/li>\n<li>Ventilateur : Non<\/li>\n<li>R\u00e9glage de la selle : Horizontale et verticale<\/li>\n<li>R\u00e9glage du guidon : Oui<\/li>\n<li>Porte-gourde : Non<\/li>\n<li>Roues de transport : Roulettes<\/li>\n<li>Cadre ouvert : Oui<\/li>\n<li>Si\u00e8ge anti-transpirant : Non<\/li>\n<li>Appui lombaire : Non<\/li>\n<li>Selle XXL : Oui<\/li>\n<li>P\u00e9dale renfor\u00e7\u00e9e : Oui<\/li>\n<li>Autog\u00e9n\u00e9r\u00e9 : Non<\/li>\n<li>Console : M2 Program<\/li>\n<\/ul>\n<p><strong>Programmes<\/strong><\/p>\n<ul>\n<li>Programmes pr\u00e9-d\u00e9finis (Prg) : 12<\/li>\n<li>Niveaux d\u2019intensit\u00e9 : 24<\/li>\n<li>Programme al\u00e9atoire (RP) : Oui<\/li>\n<li>Programmes personnalis\u00e9s (uprg) : Non<\/li>\n<li>Fitness Test (FT) : Non<\/li>\n<li>Programme contr\u00f4le fr\u00e9quence cardiaque (HRC) : 4<\/li>\n<li>Programme de r\u00e9cup\u00e9ration (RT) : Non<\/li>\n<li>Body Fat test (BF) : Non<\/li>\n<\/ul>\n<p><strong>Moniteur<\/strong><\/p>\n<ul>\n<li>Ecran : LCD<\/li>\n<li>Moniteur avec programme d\u2019entra\u00eenement HIIT : Non<\/li>\n<li>Support universel pour tablettes et smartphones : Oui<\/li>\n<li>Fr\u00e9quence cardiaque t\u00e9l\u00e9m\u00e9trique : Non<\/li>\n<li>Fr\u00e9quence cardiaque Bluetooth : Non<\/li>\n<li>iConcept : Non<\/li>\n<\/ul>\n<p>&nbsp;<\/p>","protected":false},"excerpt":{"rendered":"<div class=\"product attribute overview\">\n<div class=\"value\">\n<p class=\"ai-optimize-6 ai-optimize-introduction\">V\u00e9lo semi-allong\u00e9 avec\u00a0<strong>moniteur LCD programmable<\/strong>, cadre ouvert et enti\u00e8rement r\u00e9glable pour procurer un\u00a0<strong>haut niveau de confort<\/strong>\u00a0pendant l&#8217;exercice \u00e0 l\u2019utilisateur.<\/p>\n<\/div>\n<\/div>","protected":false},"featured_media":859,"comment_status":"open","ping_status":"closed","template":"","meta":[],"product_brand":[16],"product_cat":[17,18,19,56],"product_tag":[47,57],"class_list":{"0":"post-858","1":"product","2":"type-product","3":"status-publish","4":"has-post-thumbnail","6":"product_brand-bh","7":"product_cat-bons-plans","8":"product_cat-promotions","9":"product_cat-training-fitness","10":"product_cat-velos-semi-allonges","11":"product_tag-velo-dappartement","12":"product_tag-velos-semi-allonges","14":"first","15":"instock","16":"featured","17":"shipping-taxable","18":"purchasable","19":"product-type-simple"},"yoast_head":"<!-- This site is optimized with the Yoast SEO plugin v27.6 - https:\/\/yoast.com\/product\/yoast-seo-wordpress\/ -->\n<title>V\u00e9lo Semi-Allong\u00e9 BH Artic Comfort Program - Promotion - Vente d&#039;\u00c9lectrom\u00e9nager Neuf et Garanti \u00e0 Paris<\/title>\n<meta name=\"description\" content=\"V\u00e9lo Semi-Allong\u00e9 BH Artic Comfort Program - avec moniteur LCD programmable, cadre ouvert et enti\u00e8rement r\u00e9glable pour procurer un haut niveau de confort pendant l&#039;exercice \u00e0 l\u2019utilisateur.\" \/>\n<meta name=\"robots\" content=\"index, follow, max-snippet:-1, max-image-preview:large, max-video-preview:-1\" \/>\n<link rel=\"canonical\" href=\"https:\/\/espacemenager2000.fr\/en\/product\/velo-semi-allonge-bh-artic-comfort-program\/\" \/>\n<meta property=\"og:locale\" content=\"en_US\" \/>\n<meta property=\"og:type\" content=\"article\" \/>\n<meta property=\"og:title\" content=\"V\u00e9lo Semi-Allong\u00e9 BH Artic Comfort Program - Promotion - Vente d&#039;\u00c9lectrom\u00e9nager Neuf et Garanti \u00e0 Paris\" \/>\n<meta property=\"og:description\" content=\"V\u00e9lo Semi-Allong\u00e9 BH Artic Comfort Program - avec moniteur LCD programmable, cadre ouvert et enti\u00e8rement r\u00e9glable pour procurer un haut niveau de confort pendant l&#039;exercice \u00e0 l\u2019utilisateur.\" \/>\n<meta property=\"og:url\" content=\"https:\/\/espacemenager2000.fr\/en\/product\/velo-semi-allonge-bh-artic-comfort-program\/\" \/>\n<meta property=\"og:site_name\" content=\"Vente d&#039;\u00c9lectrom\u00e9nager Neuf et Garanti \u00e0 Paris\" \/>\n<meta property=\"article:publisher\" content=\"https:\/\/www.facebook.com\/p\/Espace-menager-2000-100068469618146\/\" \/>\n<meta property=\"article:modified_time\" content=\"2026-05-14T00:36:22+00:00\" \/>\n<meta property=\"og:image\" content=\"https:\/\/espacemenager2000.fr\/wp-content\/uploads\/2026\/05\/Velo-Semi-Allonge-BH-Artic-Comfort-Program-.gif\" \/>\n\t<meta property=\"og:image:width\" content=\"800\" \/>\n\t<meta property=\"og:image:height\" content=\"800\" \/>\n\t<meta property=\"og:image:type\" content=\"image\/gif\" \/>\n<meta name=\"twitter:card\" content=\"summary_large_image\" \/>\n<meta name=\"twitter:label1\" content=\"Est. reading time\" \/>\n\t<meta name=\"twitter:data1\" content=\"4 minutes\" \/>\n<script type=\"application\/ld+json\" class=\"yoast-schema-graph\">{\"@context\":\"https:\\\/\\\/schema.org\",\"@graph\":[{\"@type\":\"WebPage\",\"@id\":\"https:\\\/\\\/espacemenager2000.fr\\\/produit\\\/velo-semi-allonge-bh-artic-comfort-program\\\/\",\"url\":\"https:\\\/\\\/espacemenager2000.fr\\\/produit\\\/velo-semi-allonge-bh-artic-comfort-program\\\/\",\"name\":\"V\u00e9lo Semi-Allong\u00e9 BH Artic Comfort Program - Promotion - Vente d&#039;\u00c9lectrom\u00e9nager Neuf et Garanti \u00e0 Paris\",\"isPartOf\":{\"@id\":\"https:\\\/\\\/espacemenager2000.fr\\\/#website\"},\"primaryImageOfPage\":{\"@id\":\"https:\\\/\\\/espacemenager2000.fr\\\/produit\\\/velo-semi-allonge-bh-artic-comfort-program\\\/#primaryimage\"},\"image\":{\"@id\":\"https:\\\/\\\/espacemenager2000.fr\\\/produit\\\/velo-semi-allonge-bh-artic-comfort-program\\\/#primaryimage\"},\"thumbnailUrl\":\"https:\\\/\\\/espacemenager2000.fr\\\/wp-content\\\/uploads\\\/2026\\\/05\\\/Velo-Semi-Allonge-BH-Artic-Comfort-Program-.gif\",\"datePublished\":\"2025-12-22T16:14:14+00:00\",\"dateModified\":\"2026-05-14T00:36:22+00:00\",\"description\":\"V\u00e9lo Semi-Allong\u00e9 BH Artic Comfort Program - avec moniteur LCD programmable, cadre ouvert et enti\u00e8rement r\u00e9glable pour procurer un haut niveau de confort pendant l'exercice \u00e0 l\u2019utilisateur.\",\"breadcrumb\":{\"@id\":\"https:\\\/\\\/espacemenager2000.fr\\\/produit\\\/velo-semi-allonge-bh-artic-comfort-program\\\/#breadcrumb\"},\"inLanguage\":\"en-US\",\"potentialAction\":[{\"@type\":\"ReadAction\",\"target\":[\"https:\\\/\\\/espacemenager2000.fr\\\/produit\\\/velo-semi-allonge-bh-artic-comfort-program\\\/\"]}]},{\"@type\":\"ImageObject\",\"inLanguage\":\"en-US\",\"@id\":\"https:\\\/\\\/espacemenager2000.fr\\\/produit\\\/velo-semi-allonge-bh-artic-comfort-program\\\/#primaryimage\",\"url\":\"https:\\\/\\\/espacemenager2000.fr\\\/wp-content\\\/uploads\\\/2026\\\/05\\\/Velo-Semi-Allonge-BH-Artic-Comfort-Program-.gif\",\"contentUrl\":\"https:\\\/\\\/espacemenager2000.fr\\\/wp-content\\\/uploads\\\/2026\\\/05\\\/Velo-Semi-Allonge-BH-Artic-Comfort-Program-.gif\",\"width\":800,\"height\":800},{\"@type\":\"BreadcrumbList\",\"@id\":\"https:\\\/\\\/espacemenager2000.fr\\\/produit\\\/velo-semi-allonge-bh-artic-comfort-program\\\/#breadcrumb\",\"itemListElement\":[{\"@type\":\"ListItem\",\"position\":1,\"name\":\"Accueil\",\"item\":\"https:\\\/\\\/espacemenager2000.fr\\\/\"},{\"@type\":\"ListItem\",\"position\":2,\"name\":\"Boutique\",\"item\":\"https:\\\/\\\/espacemenager2000.fr\\\/boutique\\\/\"},{\"@type\":\"ListItem\",\"position\":3,\"name\":\"V\u00e9lo Semi-Allong\u00e9 BH Artic Comfort Program\"}]},{\"@type\":\"WebSite\",\"@id\":\"https:\\\/\\\/espacemenager2000.fr\\\/#website\",\"url\":\"https:\\\/\\\/espacemenager2000.fr\\\/\",\"name\":\"Espace Menager 2000\",\"description\":\"Expert en \u00e9lectrom\u00e9nager depuis 2001, Espace M\u00e9nager 2000 vous propose une large gamme de produits : lave-linge, r\u00e9frig\u00e9rateurs, \u00e9lectronique et fitness. Profitez de notre savoir-faire en vente, r\u00e9paration et d\u00e9pannage. Livraison rapide dans toute la zone Euro. Qualit\u00e9 et service garantis.\",\"publisher\":{\"@id\":\"https:\\\/\\\/espacemenager2000.fr\\\/#organization\"},\"potentialAction\":[{\"@type\":\"SearchAction\",\"target\":{\"@type\":\"EntryPoint\",\"urlTemplate\":\"https:\\\/\\\/espacemenager2000.fr\\\/?s={search_term_string}\"},\"query-input\":{\"@type\":\"PropertyValueSpecification\",\"valueRequired\":true,\"valueName\":\"search_term_string\"}}],\"inLanguage\":\"en-US\"},{\"@type\":\"Organization\",\"@id\":\"https:\\\/\\\/espacemenager2000.fr\\\/#organization\",\"name\":\"Espace Menager 2000\",\"url\":\"https:\\\/\\\/espacemenager2000.fr\\\/\",\"logo\":{\"@type\":\"ImageObject\",\"inLanguage\":\"en-US\",\"@id\":\"https:\\\/\\\/espacemenager2000.fr\\\/#\\\/schema\\\/logo\\\/image\\\/\",\"url\":\"https:\\\/\\\/espacemenager2000.fr\\\/wp-content\\\/uploads\\\/2026\\\/05\\\/Fav-Em2000.png\",\"contentUrl\":\"https:\\\/\\\/espacemenager2000.fr\\\/wp-content\\\/uploads\\\/2026\\\/05\\\/Fav-Em2000.png\",\"width\":369,\"height\":369,\"caption\":\"Espace Menager 2000\"},\"image\":{\"@id\":\"https:\\\/\\\/espacemenager2000.fr\\\/#\\\/schema\\\/logo\\\/image\\\/\"},\"sameAs\":[\"https:\\\/\\\/www.facebook.com\\\/p\\\/Espace-menager-2000-100068469618146\\\/\"]}]}<\/script>\n<!-- \/ Yoast SEO plugin. -->","yoast_head_json":{"title":"V\u00e9lo Semi-Allong\u00e9 BH Artic Comfort Program - Promotion - Vente d&#039;\u00c9lectrom\u00e9nager Neuf et Garanti \u00e0 Paris","description":"V\u00e9lo Semi-Allong\u00e9 BH Artic Comfort Program - avec moniteur LCD programmable, cadre ouvert et enti\u00e8rement r\u00e9glable pour procurer un haut niveau de confort pendant l'exercice \u00e0 l\u2019utilisateur.","robots":{"index":"index","follow":"follow","max-snippet":"max-snippet:-1","max-image-preview":"max-image-preview:large","max-video-preview":"max-video-preview:-1"},"canonical":"https:\/\/espacemenager2000.fr\/en\/product\/velo-semi-allonge-bh-artic-comfort-program\/","og_locale":"en_US","og_type":"article","og_title":"V\u00e9lo Semi-Allong\u00e9 BH Artic Comfort Program - Promotion - Vente d&#039;\u00c9lectrom\u00e9nager Neuf et Garanti \u00e0 Paris","og_description":"V\u00e9lo Semi-Allong\u00e9 BH Artic Comfort Program - avec moniteur LCD programmable, cadre ouvert et enti\u00e8rement r\u00e9glable pour procurer un haut niveau de confort pendant l'exercice \u00e0 l\u2019utilisateur.","og_url":"https:\/\/espacemenager2000.fr\/en\/product\/velo-semi-allonge-bh-artic-comfort-program\/","og_site_name":"Vente d&#039;\u00c9lectrom\u00e9nager Neuf et Garanti \u00e0 Paris","article_publisher":"https:\/\/www.facebook.com\/p\/Espace-menager-2000-100068469618146\/","article_modified_time":"2026-05-14T00:36:22+00:00","og_image":[{"width":800,"height":800,"url":"https:\/\/espacemenager2000.fr\/wp-content\/uploads\/2026\/05\/Velo-Semi-Allonge-BH-Artic-Comfort-Program-.gif","type":"image\/gif"}],"twitter_card":"summary_large_image","twitter_misc":{"Est. reading time":"4 minutes"},"schema":{"@context":"https:\/\/schema.org","@graph":[{"@type":"WebPage","@id":"https:\/\/espacemenager2000.fr\/produit\/velo-semi-allonge-bh-artic-comfort-program\/","url":"https:\/\/espacemenager2000.fr\/produit\/velo-semi-allonge-bh-artic-comfort-program\/","name":"V\u00e9lo Semi-Allong\u00e9 BH Artic Comfort Program - Promotion - Vente d&#039;\u00c9lectrom\u00e9nager Neuf et Garanti \u00e0 Paris","isPartOf":{"@id":"https:\/\/espacemenager2000.fr\/#website"},"primaryImageOfPage":{"@id":"https:\/\/espacemenager2000.fr\/produit\/velo-semi-allonge-bh-artic-comfort-program\/#primaryimage"},"image":{"@id":"https:\/\/espacemenager2000.fr\/produit\/velo-semi-allonge-bh-artic-comfort-program\/#primaryimage"},"thumbnailUrl":"https:\/\/espacemenager2000.fr\/wp-content\/uploads\/2026\/05\/Velo-Semi-Allonge-BH-Artic-Comfort-Program-.gif","datePublished":"2025-12-22T16:14:14+00:00","dateModified":"2026-05-14T00:36:22+00:00","description":"V\u00e9lo Semi-Allong\u00e9 BH Artic Comfort Program - avec moniteur LCD programmable, cadre ouvert et enti\u00e8rement r\u00e9glable pour procurer un haut niveau de confort pendant l'exercice \u00e0 l\u2019utilisateur.","breadcrumb":{"@id":"https:\/\/espacemenager2000.fr\/produit\/velo-semi-allonge-bh-artic-comfort-program\/#breadcrumb"},"inLanguage":"en-US","potentialAction":[{"@type":"ReadAction","target":["https:\/\/espacemenager2000.fr\/produit\/velo-semi-allonge-bh-artic-comfort-program\/"]}]},{"@type":"ImageObject","inLanguage":"en-US","@id":"https:\/\/espacemenager2000.fr\/produit\/velo-semi-allonge-bh-artic-comfort-program\/#primaryimage","url":"https:\/\/espacemenager2000.fr\/wp-content\/uploads\/2026\/05\/Velo-Semi-Allonge-BH-Artic-Comfort-Program-.gif","contentUrl":"https:\/\/espacemenager2000.fr\/wp-content\/uploads\/2026\/05\/Velo-Semi-Allonge-BH-Artic-Comfort-Program-.gif","width":800,"height":800},{"@type":"BreadcrumbList","@id":"https:\/\/espacemenager2000.fr\/produit\/velo-semi-allonge-bh-artic-comfort-program\/#breadcrumb","itemListElement":[{"@type":"ListItem","position":1,"name":"Accueil","item":"https:\/\/espacemenager2000.fr\/"},{"@type":"ListItem","position":2,"name":"Boutique","item":"https:\/\/espacemenager2000.fr\/boutique\/"},{"@type":"ListItem","position":3,"name":"V\u00e9lo Semi-Allong\u00e9 BH Artic Comfort Program"}]},{"@type":"WebSite","@id":"https:\/\/espacemenager2000.fr\/#website","url":"https:\/\/espacemenager2000.fr\/","name":"Espace Menager 2000","description":"Expert en \u00e9lectrom\u00e9nager depuis 2001, Espace M\u00e9nager 2000 vous propose une large gamme de produits : lave-linge, r\u00e9frig\u00e9rateurs, \u00e9lectronique et fitness. Profitez de notre savoir-faire en vente, r\u00e9paration et d\u00e9pannage. Livraison rapide dans toute la zone Euro. Qualit\u00e9 et service garantis.","publisher":{"@id":"https:\/\/espacemenager2000.fr\/#organization"},"potentialAction":[{"@type":"SearchAction","target":{"@type":"EntryPoint","urlTemplate":"https:\/\/espacemenager2000.fr\/?s={search_term_string}"},"query-input":{"@type":"PropertyValueSpecification","valueRequired":true,"valueName":"search_term_string"}}],"inLanguage":"en-US"},{"@type":"Organization","@id":"https:\/\/espacemenager2000.fr\/#organization","name":"Espace Menager 2000","url":"https:\/\/espacemenager2000.fr\/","logo":{"@type":"ImageObject","inLanguage":"en-US","@id":"https:\/\/espacemenager2000.fr\/#\/schema\/logo\/image\/","url":"https:\/\/espacemenager2000.fr\/wp-content\/uploads\/2026\/05\/Fav-Em2000.png","contentUrl":"https:\/\/espacemenager2000.fr\/wp-content\/uploads\/2026\/05\/Fav-Em2000.png","width":369,"height":369,"caption":"Espace Menager 2000"},"image":{"@id":"https:\/\/espacemenager2000.fr\/#\/schema\/logo\/image\/"},"sameAs":["https:\/\/www.facebook.com\/p\/Espace-menager-2000-100068469618146\/"]}]}},"_links":{"self":[{"href":"https:\/\/espacemenager2000.fr\/en\/wp-json\/wp\/v2\/product\/858","targetHints":{"allow":["GET"]}}],"collection":[{"href":"https:\/\/espacemenager2000.fr\/en\/wp-json\/wp\/v2\/product"}],"about":[{"href":"https:\/\/espacemenager2000.fr\/en\/wp-json\/wp\/v2\/types\/product"}],"replies":[{"embeddable":true,"href":"https:\/\/espacemenager2000.fr\/en\/wp-json\/wp\/v2\/comments?post=858"}],"wp:featuredmedia":[{"embeddable":true,"href":"https:\/\/espacemenager2000.fr\/en\/wp-json\/wp\/v2\/media\/859"}],"wp:attachment":[{"href":"https:\/\/espacemenager2000.fr\/en\/wp-json\/wp\/v2\/media?parent=858"}],"wp:term":[{"taxonomy":"product_brand","embeddable":true,"href":"https:\/\/espacemenager2000.fr\/en\/wp-json\/wp\/v2\/product_brand?post=858"},{"taxonomy":"product_cat","embeddable":true,"href":"https:\/\/espacemenager2000.fr\/en\/wp-json\/wp\/v2\/product_cat?post=858"},{"taxonomy":"product_tag","embeddable":true,"href":"https:\/\/espacemenager2000.fr\/en\/wp-json\/wp\/v2\/product_tag?post=858"}],"curies":[{"name":"wp","href":"https:\/\/api.w.org\/{rel}","templated":true}]}}