{"id":830,"date":"2025-12-22T16:14:14","date_gmt":"2025-12-22T16:14:14","guid":{"rendered":"https:\/\/espacemenager2000.fr\/?post_type=product&#038;p=830"},"modified":"2026-05-10T20:42:12","modified_gmt":"2026-05-10T20:42:12","slug":"velo-dappartement-bh-h775r-12","status":"publish","type":"product","link":"https:\/\/espacemenager2000.fr\/en\/product\/velo-dappartement-bh-h775r-12\/","title":{"rendered":"V\u00e9lo d&#8217;appartement BH H775R 12&#8243;"},"content":{"rendered":"<h2>V\u00e9lo d&#8217;appartement BH H775R 12&#8243;<\/h2>\n<p>V\u00e9lo d&#8217;appartement BH H775R 12&#8243; Avec moniteur interactif et frein magn\u00e9tique auto-g\u00e9n\u00e9r\u00e9 qui apporte une valeur ajout\u00e9e gr\u00e2ce \u00e0 l&#8217;\u00e9ventail de possibilit\u00e9s qu&#8217;il offre. Cette machine a \u00e9t\u00e9 renouvel\u00e9e avec un design plus attrayant. Confort maximal garanti par son support lombaire constant et respirant et son moniteur avec le choix entre un moniteur LED am\u00e9lior\u00e9 et un moniteur interactif avec Internet.<\/p>\n<h3>Caract\u00e9ristiques V\u00e9lo d&#8217;appartement BH H775R 12&#8221;<\/h3>\n<div class=\"inner entradilla\">\n<h4 class=\"title-level2\">Pour quel type de client est con\u00e7u ce produit professionnel?<\/h4>\n<ul class=\"lista-bloques\">\n<li>Pour les\u00a0<strong>particuliers<\/strong>\u00a0qui d\u00e9sirent poss\u00e9der la gamme\u00a0<strong>la plus performante possible<\/strong>.<\/li>\n<li><strong>Pour le secteur professionnel<\/strong>. Il s` agit de produits sp\u00e9cialement de qualit\u00e9, avec une garantie et un prix adapt\u00e9s aux besoins de ce secteur.<\/li>\n<li>Si vous voulez plus d\u2019informations, visitez notre section sp\u00e9cifique\u00a0<a href=\"https:\/\/www.fitnessdigital.fr\/salles-de-sports-professionnelles\/pro\/gen\/\">professionnel<\/a>.<\/li>\n<\/ul>\n<\/div>\n<div class=\"contenido\">Avec moniteur interactif et frein magn\u00e9tique auto-g\u00e9n\u00e9r\u00e9 qui apporte une valeur ajout\u00e9e gr\u00e2ce \u00e0 l&#8217;\u00e9ventail de possibilit\u00e9s qu&#8217;il offre. Cette machine a \u00e9t\u00e9 renouvel\u00e9e avec un design plus attrayant. Confort maximal garanti par son support lombaire constant et respirant et son moniteur avec le choix entre un moniteur LED am\u00e9lior\u00e9 et un moniteur interactif avec Internet.<\/div>\n<div><\/div>\n<h4 class=\"contenido\"><strong>Points cl\u00e9s<\/strong><\/h4>\n<div class=\"contenido\">\n<p><strong style=\"font-size: 1rem;\">Courroie en poly-V<\/strong><\/p>\n<div>Syst\u00e8me de transmission : la courroie poly-v permet une transmission puissante et tr\u00e8s silencieuse. Sans entretien.<\/div>\n<div><strong>\u00a0<\/strong><\/div>\n<div><strong>Soutien respirant<\/strong><\/div>\n<div>Si\u00e8ge \u00e0 soutien lombaire hautement respirant.<\/div>\n<div><strong>\u00a0<\/strong><\/div>\n<div><strong>Contr\u00f4les rapides des sentiers<\/strong><\/div>\n<div>Avec des capteurs de pouls et les commandes les plus utilis\u00e9es pendant l&#8217;exercice qui vous permettent de personnaliser votre entra\u00eenement sans changer de position.<\/div>\n<div><strong>\u00a0<\/strong><\/div>\n<div><strong>Enti\u00e8rement accessible<\/strong><\/div>\n<div>Accessibilit\u00e9 accrue gr\u00e2ce \u00e0 la conception de son cadre ouvert.<\/div>\n<div><\/div>\n<h5><strong style=\"font-size: 1rem;\">SmartFocus 12&#8243; (SF1500T)<\/strong><\/h5>\n<\/div>\n<div class=\"contenido\">\n<p>Gr\u00e2ce \u00e0 la technologie tactile la plus rapide du march\u00e9, l&#8217;utilisateur aura acc\u00e8s \u00e0 tous les contenus et entra\u00eenements en haute r\u00e9solution. En outre, pour assurer un divertissement complet pendant l&#8217;exercice, vous pouvez \u00e9galement naviguer sur Internet avec une connectivit\u00e9 maximale et partager vos progr\u00e8s sur les r\u00e9seaux sociaux. C&#8217;est une bonne solution pour la gestion du centre car elle permet de savoir quelles sont les machines les plus utilis\u00e9es et \u00e0 quelle fr\u00e9quence elles le sont.<\/p>\n<ul>\n<li><strong>Profils pr\u00e9d\u00e9finis : 18<\/strong><\/li>\n<li><strong>Hrc<\/strong><\/li>\n<li><strong>Programme manuel<\/strong><\/li>\n<li><strong>Test d&#8217;aptitude<\/strong><\/li>\n<li><strong>Programme utilisateur<\/strong><\/li>\n<li><strong>Programme al\u00e9atoire<\/strong><\/li>\n<li><strong>Internet<\/strong><\/li>\n<li><strong>T\u00e9l\u00e9vision<\/strong><\/li>\n<li><strong>Programme \u00e0 distance<\/strong><\/li>\n<li><strong>Programme de br\u00fblage des graisses<\/strong><\/li>\n<li><strong>Actif virtuel<\/strong><\/li>\n<li><strong>Langue : 28<\/strong><\/li>\n<li><strong>Taille de l&#8217;\u00e9cran : 12<\/strong><\/li>\n<li><strong>Type d&#8217;affichage : LCD 4K<\/strong><\/li>\n<li><strong>RFID<\/strong><\/li>\n<li><strong>Connexion USB<\/strong><\/li>\n<li><strong>Prise audio<\/strong><\/li>\n<li><strong>Connexion MP3<\/strong><\/li>\n<\/ul>\n<h5><strong>Caract\u00e9ristiques physiques<\/strong><\/h5>\n<ul>\n<li><strong>Longueur<\/strong>\u00a0(cm) : 167<\/li>\n<li><strong>Largeur<\/strong>\u00a0(cm) : 64<\/li>\n<li><strong>Hauteur<\/strong>\u00a0(cm) : 138<\/li>\n<li><strong>Poids<\/strong>\u00a0(Kg) : 65<\/li>\n<li><strong>Poids maximum de l&#8217;utilisateur<\/strong>\u00a0(Kg) : 180<\/li>\n<li>Structure renforc\u00e9e<\/li>\n<li>Acc\u00e8s facile<\/li>\n<li>Peinture r\u00e9sistante \u00e0 la corrosion<\/li>\n<li>Caisson<\/li>\n<li>Pieds de nivellement r\u00e9glables<\/li>\n<\/ul>\n<h5><strong>Caract\u00e9ristiques m\u00e9caniques<\/strong><\/h5>\n<ul>\n<li>Capteurs de pouls au guidon<\/li>\n<li>Syst\u00e8me de transmission<\/li>\n<li>Courroie en poly-V<\/li>\n<\/ul>\n<div>\n<h5><strong>Caract\u00e9ristiques de confort<\/strong><\/h5>\n<ul>\n<li>Porte-bouteille<\/li>\n<li>Roues de transport<\/li>\n<li>R\u00e9glage horizontal de la selle<\/li>\n<li>Soutien lombaire<\/li>\n<li>Dossier respirant<\/li>\n<li>P\u00e9dales antid\u00e9rapantes<\/li>\n<\/ul>\n<\/div>\n<\/div>\n<p>&nbsp;<\/p>","protected":false},"excerpt":{"rendered":"<div class=\"product attribute overview\">\n<div class=\"value\">\n<p class=\"ai-optimize-17\">V\u00e9lo d&#8217;appartement BH H775R 12&#8243; Avec moniteur interactif et frein magn\u00e9tique auto-g\u00e9n\u00e9r\u00e9 qui apporte une valeur ajout\u00e9e gr\u00e2ce \u00e0 l&#8217;\u00e9ventail de possibilit\u00e9s qu&#8217;il offre. Cette machine a \u00e9t\u00e9 renouvel\u00e9e avec un design plus attrayant. Confort maximal garanti par son support lombaire constant et respirant et son moniteur avec le choix entre un moniteur LED am\u00e9lior\u00e9 et un moniteur interactif avec Internet.<\/p>\n<\/div>\n<\/div>","protected":false},"featured_media":831,"comment_status":"open","ping_status":"closed","template":"","meta":[],"product_brand":[16],"product_cat":[17,18,19,56],"product_tag":[47,57],"class_list":{"0":"post-830","1":"product","2":"type-product","3":"status-publish","4":"has-post-thumbnail","6":"product_brand-bh","7":"product_cat-bons-plans","8":"product_cat-promotions","9":"product_cat-training-fitness","10":"product_cat-velos-semi-allonges","11":"product_tag-velo-dappartement","12":"product_tag-velos-semi-allonges","14":"first","15":"instock","16":"shipping-taxable","17":"purchasable","18":"product-type-simple"},"yoast_head":"<!-- This site is optimized with the Yoast SEO plugin v27.6 - https:\/\/yoast.com\/product\/yoast-seo-wordpress\/ -->\n<title>V\u00e9lo d&#039;appartement BH H775R 12&quot; - Promotion - Vente d&#039;\u00c9lectrom\u00e9nager Neuf et Garanti \u00e0 Paris<\/title>\n<meta name=\"description\" content=\"V\u00e9lo d&#039;appartement BH H775R 12&quot; - Avec moniteur interactif et frein magn\u00e9tique auto-g\u00e9n\u00e9r\u00e9 qui apporte une valeur ajout\u00e9e gr\u00e2ce \u00e0 l&#039;\u00e9ventail de possibilit\u00e9s qu&#039;il offre.\" \/>\n<meta name=\"robots\" content=\"index, follow, max-snippet:-1, max-image-preview:large, max-video-preview:-1\" \/>\n<link rel=\"canonical\" href=\"https:\/\/espacemenager2000.fr\/en\/product\/velo-dappartement-bh-h775r-12\/\" \/>\n<meta property=\"og:locale\" content=\"en_US\" \/>\n<meta property=\"og:type\" content=\"article\" \/>\n<meta property=\"og:title\" content=\"V\u00e9lo d&#039;appartement BH H775R 12&quot; - Promotion - Vente d&#039;\u00c9lectrom\u00e9nager Neuf et Garanti \u00e0 Paris\" \/>\n<meta property=\"og:description\" content=\"V\u00e9lo d&#039;appartement BH H775R 12&quot; - Avec moniteur interactif et frein magn\u00e9tique auto-g\u00e9n\u00e9r\u00e9 qui apporte une valeur ajout\u00e9e gr\u00e2ce \u00e0 l&#039;\u00e9ventail de possibilit\u00e9s qu&#039;il offre.\" \/>\n<meta property=\"og:url\" content=\"https:\/\/espacemenager2000.fr\/en\/product\/velo-dappartement-bh-h775r-12\/\" \/>\n<meta property=\"og:site_name\" content=\"Vente d&#039;\u00c9lectrom\u00e9nager Neuf et Garanti \u00e0 Paris\" \/>\n<meta property=\"article:publisher\" content=\"https:\/\/www.facebook.com\/p\/Espace-menager-2000-100068469618146\/\" \/>\n<meta property=\"article:modified_time\" content=\"2026-05-10T20:42:12+00:00\" \/>\n<meta property=\"og:image\" content=\"https:\/\/espacemenager2000.fr\/wp-content\/uploads\/2026\/05\/Velo-dappartement-BH-H775R-12-.jpg\" \/>\n\t<meta property=\"og:image:width\" content=\"800\" \/>\n\t<meta property=\"og:image:height\" content=\"800\" \/>\n\t<meta property=\"og:image:type\" content=\"image\/jpeg\" \/>\n<meta name=\"twitter:card\" content=\"summary_large_image\" \/>\n<meta name=\"twitter:label1\" content=\"Est. reading time\" \/>\n\t<meta name=\"twitter:data1\" content=\"4 minutes\" \/>\n<script type=\"application\/ld+json\" class=\"yoast-schema-graph\">{\"@context\":\"https:\\\/\\\/schema.org\",\"@graph\":[{\"@type\":\"WebPage\",\"@id\":\"https:\\\/\\\/espacemenager2000.fr\\\/produit\\\/velo-dappartement-bh-h775r-12\\\/\",\"url\":\"https:\\\/\\\/espacemenager2000.fr\\\/produit\\\/velo-dappartement-bh-h775r-12\\\/\",\"name\":\"V\u00e9lo d'appartement BH H775R 12\\\" - Promotion - Vente d&#039;\u00c9lectrom\u00e9nager Neuf et Garanti \u00e0 Paris\",\"isPartOf\":{\"@id\":\"https:\\\/\\\/espacemenager2000.fr\\\/#website\"},\"primaryImageOfPage\":{\"@id\":\"https:\\\/\\\/espacemenager2000.fr\\\/produit\\\/velo-dappartement-bh-h775r-12\\\/#primaryimage\"},\"image\":{\"@id\":\"https:\\\/\\\/espacemenager2000.fr\\\/produit\\\/velo-dappartement-bh-h775r-12\\\/#primaryimage\"},\"thumbnailUrl\":\"https:\\\/\\\/espacemenager2000.fr\\\/wp-content\\\/uploads\\\/2026\\\/05\\\/Velo-dappartement-BH-H775R-12-.jpg\",\"datePublished\":\"2025-12-22T16:14:14+00:00\",\"dateModified\":\"2026-05-10T20:42:12+00:00\",\"description\":\"V\u00e9lo d'appartement BH H775R 12\\\" - Avec moniteur interactif et frein magn\u00e9tique auto-g\u00e9n\u00e9r\u00e9 qui apporte une valeur ajout\u00e9e gr\u00e2ce \u00e0 l'\u00e9ventail de possibilit\u00e9s qu'il offre.\",\"breadcrumb\":{\"@id\":\"https:\\\/\\\/espacemenager2000.fr\\\/produit\\\/velo-dappartement-bh-h775r-12\\\/#breadcrumb\"},\"inLanguage\":\"en-US\",\"potentialAction\":[{\"@type\":\"ReadAction\",\"target\":[\"https:\\\/\\\/espacemenager2000.fr\\\/produit\\\/velo-dappartement-bh-h775r-12\\\/\"]}]},{\"@type\":\"ImageObject\",\"inLanguage\":\"en-US\",\"@id\":\"https:\\\/\\\/espacemenager2000.fr\\\/produit\\\/velo-dappartement-bh-h775r-12\\\/#primaryimage\",\"url\":\"https:\\\/\\\/espacemenager2000.fr\\\/wp-content\\\/uploads\\\/2026\\\/05\\\/Velo-dappartement-BH-H775R-12-.jpg\",\"contentUrl\":\"https:\\\/\\\/espacemenager2000.fr\\\/wp-content\\\/uploads\\\/2026\\\/05\\\/Velo-dappartement-BH-H775R-12-.jpg\",\"width\":800,\"height\":800},{\"@type\":\"BreadcrumbList\",\"@id\":\"https:\\\/\\\/espacemenager2000.fr\\\/produit\\\/velo-dappartement-bh-h775r-12\\\/#breadcrumb\",\"itemListElement\":[{\"@type\":\"ListItem\",\"position\":1,\"name\":\"Accueil\",\"item\":\"https:\\\/\\\/espacemenager2000.fr\\\/\"},{\"@type\":\"ListItem\",\"position\":2,\"name\":\"Boutique\",\"item\":\"https:\\\/\\\/espacemenager2000.fr\\\/boutique\\\/\"},{\"@type\":\"ListItem\",\"position\":3,\"name\":\"V\u00e9lo d&#8217;appartement BH H775R 12&#8243;\"}]},{\"@type\":\"WebSite\",\"@id\":\"https:\\\/\\\/espacemenager2000.fr\\\/#website\",\"url\":\"https:\\\/\\\/espacemenager2000.fr\\\/\",\"name\":\"Espace Menager 2000\",\"description\":\"Expert en \u00e9lectrom\u00e9nager depuis 2001, Espace M\u00e9nager 2000 vous propose une large gamme de produits : lave-linge, r\u00e9frig\u00e9rateurs, \u00e9lectronique et fitness. Profitez de notre savoir-faire en vente, r\u00e9paration et d\u00e9pannage. Livraison rapide dans toute la zone Euro. Qualit\u00e9 et service garantis.\",\"publisher\":{\"@id\":\"https:\\\/\\\/espacemenager2000.fr\\\/#organization\"},\"potentialAction\":[{\"@type\":\"SearchAction\",\"target\":{\"@type\":\"EntryPoint\",\"urlTemplate\":\"https:\\\/\\\/espacemenager2000.fr\\\/?s={search_term_string}\"},\"query-input\":{\"@type\":\"PropertyValueSpecification\",\"valueRequired\":true,\"valueName\":\"search_term_string\"}}],\"inLanguage\":\"en-US\"},{\"@type\":\"Organization\",\"@id\":\"https:\\\/\\\/espacemenager2000.fr\\\/#organization\",\"name\":\"Espace Menager 2000\",\"url\":\"https:\\\/\\\/espacemenager2000.fr\\\/\",\"logo\":{\"@type\":\"ImageObject\",\"inLanguage\":\"en-US\",\"@id\":\"https:\\\/\\\/espacemenager2000.fr\\\/#\\\/schema\\\/logo\\\/image\\\/\",\"url\":\"https:\\\/\\\/espacemenager2000.fr\\\/wp-content\\\/uploads\\\/2026\\\/05\\\/Fav-Em2000.png\",\"contentUrl\":\"https:\\\/\\\/espacemenager2000.fr\\\/wp-content\\\/uploads\\\/2026\\\/05\\\/Fav-Em2000.png\",\"width\":369,\"height\":369,\"caption\":\"Espace Menager 2000\"},\"image\":{\"@id\":\"https:\\\/\\\/espacemenager2000.fr\\\/#\\\/schema\\\/logo\\\/image\\\/\"},\"sameAs\":[\"https:\\\/\\\/www.facebook.com\\\/p\\\/Espace-menager-2000-100068469618146\\\/\"]}]}<\/script>\n<!-- \/ Yoast SEO plugin. -->","yoast_head_json":{"title":"V\u00e9lo d'appartement BH H775R 12\" - Promotion - Vente d&#039;\u00c9lectrom\u00e9nager Neuf et Garanti \u00e0 Paris","description":"V\u00e9lo d'appartement BH H775R 12\" - Avec moniteur interactif et frein magn\u00e9tique auto-g\u00e9n\u00e9r\u00e9 qui apporte une valeur ajout\u00e9e gr\u00e2ce \u00e0 l'\u00e9ventail de possibilit\u00e9s qu'il offre.","robots":{"index":"index","follow":"follow","max-snippet":"max-snippet:-1","max-image-preview":"max-image-preview:large","max-video-preview":"max-video-preview:-1"},"canonical":"https:\/\/espacemenager2000.fr\/en\/product\/velo-dappartement-bh-h775r-12\/","og_locale":"en_US","og_type":"article","og_title":"V\u00e9lo d'appartement BH H775R 12\" - Promotion - Vente d&#039;\u00c9lectrom\u00e9nager Neuf et Garanti \u00e0 Paris","og_description":"V\u00e9lo d'appartement BH H775R 12\" - Avec moniteur interactif et frein magn\u00e9tique auto-g\u00e9n\u00e9r\u00e9 qui apporte une valeur ajout\u00e9e gr\u00e2ce \u00e0 l'\u00e9ventail de possibilit\u00e9s qu'il offre.","og_url":"https:\/\/espacemenager2000.fr\/en\/product\/velo-dappartement-bh-h775r-12\/","og_site_name":"Vente d&#039;\u00c9lectrom\u00e9nager Neuf et Garanti \u00e0 Paris","article_publisher":"https:\/\/www.facebook.com\/p\/Espace-menager-2000-100068469618146\/","article_modified_time":"2026-05-10T20:42:12+00:00","og_image":[{"width":800,"height":800,"url":"https:\/\/espacemenager2000.fr\/wp-content\/uploads\/2026\/05\/Velo-dappartement-BH-H775R-12-.jpg","type":"image\/jpeg"}],"twitter_card":"summary_large_image","twitter_misc":{"Est. reading time":"4 minutes"},"schema":{"@context":"https:\/\/schema.org","@graph":[{"@type":"WebPage","@id":"https:\/\/espacemenager2000.fr\/produit\/velo-dappartement-bh-h775r-12\/","url":"https:\/\/espacemenager2000.fr\/produit\/velo-dappartement-bh-h775r-12\/","name":"V\u00e9lo d'appartement BH H775R 12\" - Promotion - Vente d&#039;\u00c9lectrom\u00e9nager Neuf et Garanti \u00e0 Paris","isPartOf":{"@id":"https:\/\/espacemenager2000.fr\/#website"},"primaryImageOfPage":{"@id":"https:\/\/espacemenager2000.fr\/produit\/velo-dappartement-bh-h775r-12\/#primaryimage"},"image":{"@id":"https:\/\/espacemenager2000.fr\/produit\/velo-dappartement-bh-h775r-12\/#primaryimage"},"thumbnailUrl":"https:\/\/espacemenager2000.fr\/wp-content\/uploads\/2026\/05\/Velo-dappartement-BH-H775R-12-.jpg","datePublished":"2025-12-22T16:14:14+00:00","dateModified":"2026-05-10T20:42:12+00:00","description":"V\u00e9lo d'appartement BH H775R 12\" - Avec moniteur interactif et frein magn\u00e9tique auto-g\u00e9n\u00e9r\u00e9 qui apporte une valeur ajout\u00e9e gr\u00e2ce \u00e0 l'\u00e9ventail de possibilit\u00e9s qu'il offre.","breadcrumb":{"@id":"https:\/\/espacemenager2000.fr\/produit\/velo-dappartement-bh-h775r-12\/#breadcrumb"},"inLanguage":"en-US","potentialAction":[{"@type":"ReadAction","target":["https:\/\/espacemenager2000.fr\/produit\/velo-dappartement-bh-h775r-12\/"]}]},{"@type":"ImageObject","inLanguage":"en-US","@id":"https:\/\/espacemenager2000.fr\/produit\/velo-dappartement-bh-h775r-12\/#primaryimage","url":"https:\/\/espacemenager2000.fr\/wp-content\/uploads\/2026\/05\/Velo-dappartement-BH-H775R-12-.jpg","contentUrl":"https:\/\/espacemenager2000.fr\/wp-content\/uploads\/2026\/05\/Velo-dappartement-BH-H775R-12-.jpg","width":800,"height":800},{"@type":"BreadcrumbList","@id":"https:\/\/espacemenager2000.fr\/produit\/velo-dappartement-bh-h775r-12\/#breadcrumb","itemListElement":[{"@type":"ListItem","position":1,"name":"Accueil","item":"https:\/\/espacemenager2000.fr\/"},{"@type":"ListItem","position":2,"name":"Boutique","item":"https:\/\/espacemenager2000.fr\/boutique\/"},{"@type":"ListItem","position":3,"name":"V\u00e9lo d&#8217;appartement BH H775R 12&#8243;"}]},{"@type":"WebSite","@id":"https:\/\/espacemenager2000.fr\/#website","url":"https:\/\/espacemenager2000.fr\/","name":"Espace Menager 2000","description":"Expert en \u00e9lectrom\u00e9nager depuis 2001, Espace M\u00e9nager 2000 vous propose une large gamme de produits : lave-linge, r\u00e9frig\u00e9rateurs, \u00e9lectronique et fitness. Profitez de notre savoir-faire en vente, r\u00e9paration et d\u00e9pannage. Livraison rapide dans toute la zone Euro. Qualit\u00e9 et service garantis.","publisher":{"@id":"https:\/\/espacemenager2000.fr\/#organization"},"potentialAction":[{"@type":"SearchAction","target":{"@type":"EntryPoint","urlTemplate":"https:\/\/espacemenager2000.fr\/?s={search_term_string}"},"query-input":{"@type":"PropertyValueSpecification","valueRequired":true,"valueName":"search_term_string"}}],"inLanguage":"en-US"},{"@type":"Organization","@id":"https:\/\/espacemenager2000.fr\/#organization","name":"Espace Menager 2000","url":"https:\/\/espacemenager2000.fr\/","logo":{"@type":"ImageObject","inLanguage":"en-US","@id":"https:\/\/espacemenager2000.fr\/#\/schema\/logo\/image\/","url":"https:\/\/espacemenager2000.fr\/wp-content\/uploads\/2026\/05\/Fav-Em2000.png","contentUrl":"https:\/\/espacemenager2000.fr\/wp-content\/uploads\/2026\/05\/Fav-Em2000.png","width":369,"height":369,"caption":"Espace Menager 2000"},"image":{"@id":"https:\/\/espacemenager2000.fr\/#\/schema\/logo\/image\/"},"sameAs":["https:\/\/www.facebook.com\/p\/Espace-menager-2000-100068469618146\/"]}]}},"_links":{"self":[{"href":"https:\/\/espacemenager2000.fr\/en\/wp-json\/wp\/v2\/product\/830","targetHints":{"allow":["GET"]}}],"collection":[{"href":"https:\/\/espacemenager2000.fr\/en\/wp-json\/wp\/v2\/product"}],"about":[{"href":"https:\/\/espacemenager2000.fr\/en\/wp-json\/wp\/v2\/types\/product"}],"replies":[{"embeddable":true,"href":"https:\/\/espacemenager2000.fr\/en\/wp-json\/wp\/v2\/comments?post=830"}],"wp:featuredmedia":[{"embeddable":true,"href":"https:\/\/espacemenager2000.fr\/en\/wp-json\/wp\/v2\/media\/831"}],"wp:attachment":[{"href":"https:\/\/espacemenager2000.fr\/en\/wp-json\/wp\/v2\/media?parent=830"}],"wp:term":[{"taxonomy":"product_brand","embeddable":true,"href":"https:\/\/espacemenager2000.fr\/en\/wp-json\/wp\/v2\/product_brand?post=830"},{"taxonomy":"product_cat","embeddable":true,"href":"https:\/\/espacemenager2000.fr\/en\/wp-json\/wp\/v2\/product_cat?post=830"},{"taxonomy":"product_tag","embeddable":true,"href":"https:\/\/espacemenager2000.fr\/en\/wp-json\/wp\/v2\/product_tag?post=830"}],"curies":[{"name":"wp","href":"https:\/\/api.w.org\/{rel}","templated":true}]}}