{"id":66,"date":"2025-12-22T16:10:25","date_gmt":"2025-12-22T16:10:25","guid":{"rendered":"https:\/\/espacemenager2000.fr\/?post_type=product&#038;p=66"},"modified":"2026-05-10T20:41:38","modified_gmt":"2026-05-10T20:41:38","slug":"tapis-de-course-bh-rcm-pro-tft","status":"publish","type":"product","link":"https:\/\/espacemenager2000.fr\/en\/product\/tapis-de-course-bh-rcm-pro-tft\/","title":{"rendered":"Tapis de Course BH RCM Pro TFT"},"content":{"rendered":"<h2>Tapis de Course BH RCM Pro TFT<\/h2>\n<div><strong>Le Tapis de course RCM Pro TFT OU Tapis de Course BH RCM Pro TFT <\/strong>est la combinaison parfaite de la technologie et de la performance.<strong>\u00a0Il dispose de 25 programmes pr\u00e9r\u00e9gl\u00e9s et de 5 programmes<\/strong>\u00a0personnalisables, s&#8217;adaptant \u00e0 tous les niveaux d&#8217;entra\u00eenement.<\/div>\n<div><\/div>\n<div>Son moniteur multim\u00e9dia avanc\u00e9 avec \u00e9cran tactile vous permet de profiter de contenus tels que Netflix, YouTube et Spotify, rendant ainsi vos s\u00e9ances plus divertissantes. Son puissant moteur AC garantit un entra\u00eenement fluide, silencieux et exceptionnellement durable, id\u00e9al pour une s\u00e9ance d&#8217;entra\u00eenement efficace et prolong\u00e9e.<\/div>\n<div><\/div>\n<div>\n<h3>Caract\u00e9ristiques Tapis de Course BH RCM Pro TFT<\/h3>\n<div class=\"inner entradilla\">\n<h4 class=\"title-level2\">Pour quel public est destin\u00e9 cet appareil semi-professionnel?<\/h4>\n<ul class=\"lista-bloques\">\n<li>Pour les\u00a0<strong>particuliers les plus exigeants<\/strong>\u00a0qui ont besoin d\u2019appareils de cardio ou de musculation qui offrent de grandes prestations.<\/li>\n<li>Pour les petites salles de sport en\u00a0<strong>entreprises, communaut\u00e9s de voisins, h\u00f4tels, centres de physioth\u00e9rapie et r\u00e9habilitation, EPAH, Communes, clubs sportifs, forces de l\u2019arm\u00e9e, la police et les pompiers<\/strong>. Ces appareils sont sp\u00e9cialement con\u00e7us en mati\u00e8re de\u00a0<strong>qualit\u00e9, garantie et prix<\/strong>\u00a0pour les besoins r\u00e9els de ce secteur. Si vous voulez plus d\u2019informations, visitez notre section sp\u00e9cifique\u00a0<a href=\"https:\/\/www.fitnessdigital.fr\/salles-de-sports-professionnelles\/pro\/gen\/\">profesionnelle<\/a>.<\/li>\n<\/ul>\n<\/div>\n<div class=\"contenido\">\n<div><\/div>\n<div><strong>Le tapis de course RCM Pro TFT\u00a0<\/strong>est la combinaison parfaite de la technologie et de la performance.<strong>\u00a0Il dispose de 25 programmes pr\u00e9r\u00e9gl\u00e9s et de 5 programmes<\/strong>\u00a0personnalisables, s&#8217;adaptant \u00e0 tous les niveaux d&#8217;entra\u00eenement. Son moniteur multim\u00e9dia avanc\u00e9 avec \u00e9cran tactile vous permet de profiter de contenus tels que Netflix, YouTube et Spotify, rendant ainsi vos s\u00e9ances plus divertissantes. Son puissant moteur AC garantit un entra\u00eenement fluide, silencieux et exceptionnellement durable, id\u00e9al pour une s\u00e9ance d&#8217;entra\u00eenement efficace et prolong\u00e9e.<\/div>\n<\/div>\n<\/div>\n<div><\/div>\n<div><img fetchpriority=\"high\" decoding=\"async\" class=\"alignnone wp-image-21689 size-medium\" src=\"https:\/\/rodeosport.fr\/wp-content\/uploads\/2025\/05\/Tapis-de-Course-BH-RCM-Pro-TFT--300x300.jpg\" alt=\"Tapis de Course BH RCM Pro TFT\" width=\"300\" height=\"300\" \/><\/div>\n<div><\/div>\n<div>\n<div><strong>Points cl\u00e9s Tapis de Course BH RCM Pro TFT<\/strong><\/div>\n<div><\/div>\n<div><strong>Moteur \u00e0 ca 3,5 hp<\/strong><br \/>\nMoteur CA de 3,5 CV atteignant une vitesse maximale de 0,8 \u00e0 22km\/h, permettant des entra\u00eenements efficaces adapt\u00e9s \u00e0 diff\u00e9rents niveaux d&#8217;intensit\u00e9 et de condition physique.<\/div>\n<\/div>\n<div><\/div>\n<div><strong>\u00c9cran tactile<\/strong><br \/>\nLe RCM Pro TFT est dot\u00e9 d&#8217;un \u00e9cran tactile de 16 pouces avec une technologie qui permet d&#8217;afficher des contenus multim\u00e9dias et m\u00eame le Screen Mirroring.<\/div>\n<div><\/div>\n<div><strong>Bluetooth ftms<\/strong><br \/>\nGr\u00e2ce \u00e0 la connexion Bluetooth FTMS, vous pouvez tirer le meilleur parti de vos applications de fitness pr\u00e9f\u00e9r\u00e9es.<\/div>\n<div><\/div>\n<div><strong>LCU<\/strong><br \/>\nGarantie semiprofessionnelle. Con\u00e7u pour des entra\u00eenements intenses de plus de 20 heures par semaine.<\/div>\n<div><\/div>\n<div>\n<div><strong>\u00c9cran\u00a0<\/strong><\/div>\n<div><\/div>\n<div>\n<ul>\n<li><strong>\u00c9cran:<\/strong>\u00a0\u00c9cran tactile de 16 pouces<\/li>\n<li><strong>Pouls t\u00e9l\u00e9m\u00e9trique:<\/strong>\u00a0Oui, ceinture thoracique en option<\/li>\n<li><strong>Pouls Bluetooth:<\/strong>\u00a0Oui, ceinture thoracique en option<\/li>\n<li>iConcept<\/li>\n<\/ul>\n<\/div>\n<div>\n<p><strong>Programmes Tapis de Course BH RCM Pro TFT<\/strong><\/p>\n<\/div>\n<div><\/div>\n<div>\n<ul>\n<li><strong>Programmes pr\u00e9d\u00e9finis (Prg):\u00a0<\/strong>25<\/li>\n<li><strong>Profils personnalisables (uprg):<\/strong>\u00a05<\/li>\n<li>Test de condition physique (FT)<\/li>\n<li><strong>Programme de contr\u00f4le de la fr\u00e9quence cardiaque (HRC):\u00a0<\/strong>3<\/li>\n<li>Test de graisse corporelle (BF)<\/li>\n<\/ul>\n<\/div>\n<h4><strong>Sp\u00e9cifications Tapis de Course BH RCM Pro TFT<\/strong><\/h4>\n<div>\n<ul>\n<li><strong>Fr\u00e9quence d&#8217;utilisation:<\/strong>\u00a0semi-professionnelle<\/li>\n<li><strong>Poids maximum de l&#8217;utilisateur:\u00a0<\/strong>180Kg<\/li>\n<li><strong>Puissance (cr\u00eate\/continue):\u00a0<\/strong>3,5 hp-AC<\/li>\n<li><strong>Vitesse:<\/strong>\u00a00.8-22Km\/h<\/li>\n<li><strong>Inclinaison \u00e9lectrique maximale:<\/strong>\u00a015<\/li>\n<li>Mode ECO<\/li>\n<li>Touches de vitesse instantan\u00e9e<\/li>\n<li>Touches d&#8217;\u00e9l\u00e9vation instantan\u00e9e<\/li>\n<li><strong>Surface de course (L x l):\u00a0<\/strong>155x55cm<\/li>\n<li>Syst\u00e8me d&#8217;amortissement<\/li>\n<li>Mesure de l&#8217;impulsion de contact<\/li>\n<li>Roues de transport<\/li>\n<li><strong>Longueur:<\/strong>\u00a0185 cm<\/li>\n<li><strong>Largeur:<\/strong>\u00a082cm<\/li>\n<li><strong>Hauteur:<\/strong>\u00a0154cm<\/li>\n<li><strong>Poids:<\/strong> 125Kg<\/li>\n<\/ul>\n<\/div>\n<div><\/div>\n<div><strong>Entra\u00eenements interactifs avec la technologie \u00a0i.Concept 3.0 FTMS<\/strong><\/div>\n<div><\/div>\n<div>Vous souhaitez d\u00e9fier d&#8217;autres utilisateurs ou vous mesurer \u00e0 vos amis ? Parcourir les rues de grandes villes comme New York, Rome ou Paris, tout en vous entra\u00eenant pour votre prochain marathon ? Et&#8230; regarder des vid\u00e9os, consulter les actualit\u00e9s ou vos r\u00e9seaux sociaux ? \u00a0Gardez la forme et br\u00fblez des calories d&#8217;une mani\u00e8re beaucoup plus amusante avec toutes ces applications sp\u00e9cialement con\u00e7ues pour un entra\u00eenement interactif. Int\u00e9grez les derni\u00e8res technologies \u00e0 votre entra\u00eenement!<\/div>\n<\/div>\n<div><\/div>\n<div>\n<div>i.Concept 3.0 FTMS Votre machine est d\u00e9sormais compatible avec encore plus d&#8217;applications d&#8217;entra\u00eenement ! De Zwift ou\u00a0<strong>Kinomap\u00a0<\/strong>hasta\u00a0<strong>The Sufferfest<\/strong>\u00a0y \u00a1muchas m\u00e1s!.\u00a0 Cette technologie, d\u00e9sormais appel\u00e9e i.Concept 3.0, vous permettra de connecter plus facilement votre application pr\u00e9f\u00e9r\u00e9e \u00e0 votre appareil de fitness. Qu&#8217;attendez-vous pour la tester ?<\/div>\n<\/div>\n<div><\/div>\n<div>\n<div><strong>Entra\u00eenements interactifs avec Zwift et Kinomap<\/strong><\/div>\n<div><\/div>\n<div><strong>App de Kinomap<\/strong><\/div>\n<div><\/div>\n<div>\n<ul>\n<li>Entra\u00eenez-vous dans le monde entier gr\u00e2ce \u00e0 des milliers de vid\u00e9os disponibles.<\/li>\n<li>Entra\u00eenements structur\u00e9s, y compris l&#8217;entra\u00eenement par intervalles et le coaching.<\/li>\n<li>Partagez vos r\u00e9sultats avec la communaut\u00e9 kinomap.<\/li>\n<li>D\u00e9fiez vos amis avec le mode multijoueur de kinomap.<\/li>\n<\/ul>\n<\/div>\n<div><strong>App de Zwift<\/strong><\/div>\n<div><\/div>\n<div>\n<ul>\n<li>Motivateur de type jeu vid\u00e9o.<\/li>\n<li>Plus de 1000 entra\u00eenements s\u00e9lectionn\u00e9s par les entra\u00eeneurs.<\/li>\n<li>Courses de groupe, comp\u00e9titions et courses.<\/li>\n<\/ul>\n<\/div>\n<\/div>\n<div><\/div>\n<div><\/div>\n<div><\/div>\n<div><\/div>\n<div><\/div>","protected":false},"excerpt":{"rendered":"<div class=\"product attribute overview\">\n<div class=\"value\">\n<div><strong>Le Tapis de course RCM Pro TFT <\/strong>est la combinaison parfaite de la technologie et de la performance.<strong>\u00a0Il dispose de 25 programmes pr\u00e9r\u00e9gl\u00e9s et de 5 programmes<\/strong>\u00a0personnalisables, s&#8217;adaptant \u00e0 tous les niveaux d&#8217;entra\u00eenement. Son moniteur multim\u00e9dia avanc\u00e9 avec \u00e9cran tactile vous permet de profiter de contenus tels que Netflix, YouTube et Spotify, rendant ainsi vos s\u00e9ances plus divertissantes. Son puissant moteur AC garantit un entra\u00eenement fluide, silencieux et exceptionnellement durable, id\u00e9al pour une s\u00e9ance d&#8217;entra\u00eenement efficace et prolong\u00e9e.<\/div>\n<\/div>\n<\/div>","protected":false},"featured_media":67,"comment_status":"open","ping_status":"closed","template":"","meta":[],"product_brand":[16],"product_cat":[17,18,20,19],"product_tag":[22,23],"class_list":{"0":"post-66","1":"product","2":"type-product","3":"status-publish","4":"has-post-thumbnail","6":"product_brand-bh","7":"product_cat-bons-plans","8":"product_cat-promotions","9":"product_cat-tapis-de-course","10":"product_cat-training-fitness","11":"product_tag-tapis-de-course","12":"product_tag-tapis-de-course-bh","14":"first","15":"instock","16":"sale","17":"shipping-taxable","18":"purchasable","19":"product-type-simple"},"yoast_head":"<!-- This site is optimized with the Yoast SEO plugin v27.6 - https:\/\/yoast.com\/product\/yoast-seo-wordpress\/ -->\n<title>Tapis de Course BH RCM Pro TFT - Promotion - Vente d&#039;\u00c9lectrom\u00e9nager Neuf et Garanti \u00e0 Paris<\/title>\n<meta name=\"description\" content=\"Tapis de Course BH RCM Pro TFT - Pour les\u00a0particuliers les plus exigeants\u00a0qui ont besoin d\u2019appareils de cardio ou de musculation qui offrent de grandes prestations\" \/>\n<meta name=\"robots\" content=\"index, follow, max-snippet:-1, max-image-preview:large, max-video-preview:-1\" \/>\n<link rel=\"canonical\" href=\"https:\/\/espacemenager2000.fr\/en\/product\/tapis-de-course-bh-rcm-pro-tft\/\" \/>\n<meta property=\"og:locale\" content=\"en_US\" \/>\n<meta property=\"og:type\" content=\"article\" \/>\n<meta property=\"og:title\" content=\"Tapis de Course BH RCM Pro TFT - Promotion - Vente d&#039;\u00c9lectrom\u00e9nager Neuf et Garanti \u00e0 Paris\" \/>\n<meta property=\"og:description\" content=\"Tapis de Course BH RCM Pro TFT - Pour les\u00a0particuliers les plus exigeants\u00a0qui ont besoin d\u2019appareils de cardio ou de musculation qui offrent de grandes prestations\" \/>\n<meta property=\"og:url\" content=\"https:\/\/espacemenager2000.fr\/en\/product\/tapis-de-course-bh-rcm-pro-tft\/\" \/>\n<meta property=\"og:site_name\" content=\"Vente d&#039;\u00c9lectrom\u00e9nager Neuf et Garanti \u00e0 Paris\" \/>\n<meta property=\"article:publisher\" content=\"https:\/\/www.facebook.com\/p\/Espace-menager-2000-100068469618146\/\" \/>\n<meta property=\"article:modified_time\" content=\"2026-05-10T20:41:38+00:00\" \/>\n<meta property=\"og:image\" content=\"https:\/\/espacemenager2000.fr\/wp-content\/uploads\/2026\/05\/Tapis-de-Course-BH-RCM-Pro-TFT-.jpg\" \/>\n\t<meta property=\"og:image:width\" content=\"800\" \/>\n\t<meta property=\"og:image:height\" content=\"800\" \/>\n\t<meta property=\"og:image:type\" content=\"image\/jpeg\" \/>\n<meta name=\"twitter:card\" content=\"summary_large_image\" \/>\n<meta name=\"twitter:label1\" content=\"Est. reading time\" \/>\n\t<meta name=\"twitter:data1\" content=\"5 minutes\" \/>\n<script type=\"application\/ld+json\" class=\"yoast-schema-graph\">{\"@context\":\"https:\\\/\\\/schema.org\",\"@graph\":[{\"@type\":\"WebPage\",\"@id\":\"https:\\\/\\\/espacemenager2000.fr\\\/produit\\\/tapis-de-course-bh-rcm-pro-tft\\\/\",\"url\":\"https:\\\/\\\/espacemenager2000.fr\\\/produit\\\/tapis-de-course-bh-rcm-pro-tft\\\/\",\"name\":\"Tapis de Course BH RCM Pro TFT - Promotion - Vente d&#039;\u00c9lectrom\u00e9nager Neuf et Garanti \u00e0 Paris\",\"isPartOf\":{\"@id\":\"https:\\\/\\\/espacemenager2000.fr\\\/#website\"},\"primaryImageOfPage\":{\"@id\":\"https:\\\/\\\/espacemenager2000.fr\\\/produit\\\/tapis-de-course-bh-rcm-pro-tft\\\/#primaryimage\"},\"image\":{\"@id\":\"https:\\\/\\\/espacemenager2000.fr\\\/produit\\\/tapis-de-course-bh-rcm-pro-tft\\\/#primaryimage\"},\"thumbnailUrl\":\"https:\\\/\\\/espacemenager2000.fr\\\/wp-content\\\/uploads\\\/2026\\\/05\\\/Tapis-de-Course-BH-RCM-Pro-TFT-.jpg\",\"datePublished\":\"2025-12-22T16:10:25+00:00\",\"dateModified\":\"2026-05-10T20:41:38+00:00\",\"description\":\"Tapis de Course BH RCM Pro TFT - Pour les\u00a0particuliers les plus exigeants\u00a0qui ont besoin d\u2019appareils de cardio ou de musculation qui offrent de grandes prestations\",\"breadcrumb\":{\"@id\":\"https:\\\/\\\/espacemenager2000.fr\\\/produit\\\/tapis-de-course-bh-rcm-pro-tft\\\/#breadcrumb\"},\"inLanguage\":\"en-US\",\"potentialAction\":[{\"@type\":\"ReadAction\",\"target\":[\"https:\\\/\\\/espacemenager2000.fr\\\/produit\\\/tapis-de-course-bh-rcm-pro-tft\\\/\"]}]},{\"@type\":\"ImageObject\",\"inLanguage\":\"en-US\",\"@id\":\"https:\\\/\\\/espacemenager2000.fr\\\/produit\\\/tapis-de-course-bh-rcm-pro-tft\\\/#primaryimage\",\"url\":\"https:\\\/\\\/espacemenager2000.fr\\\/wp-content\\\/uploads\\\/2026\\\/05\\\/Tapis-de-Course-BH-RCM-Pro-TFT-.jpg\",\"contentUrl\":\"https:\\\/\\\/espacemenager2000.fr\\\/wp-content\\\/uploads\\\/2026\\\/05\\\/Tapis-de-Course-BH-RCM-Pro-TFT-.jpg\",\"width\":800,\"height\":800},{\"@type\":\"BreadcrumbList\",\"@id\":\"https:\\\/\\\/espacemenager2000.fr\\\/produit\\\/tapis-de-course-bh-rcm-pro-tft\\\/#breadcrumb\",\"itemListElement\":[{\"@type\":\"ListItem\",\"position\":1,\"name\":\"Accueil\",\"item\":\"https:\\\/\\\/espacemenager2000.fr\\\/\"},{\"@type\":\"ListItem\",\"position\":2,\"name\":\"Boutique\",\"item\":\"https:\\\/\\\/espacemenager2000.fr\\\/boutique\\\/\"},{\"@type\":\"ListItem\",\"position\":3,\"name\":\"Tapis de Course BH RCM Pro TFT\"}]},{\"@type\":\"WebSite\",\"@id\":\"https:\\\/\\\/espacemenager2000.fr\\\/#website\",\"url\":\"https:\\\/\\\/espacemenager2000.fr\\\/\",\"name\":\"Espace Menager 2000\",\"description\":\"Expert en \u00e9lectrom\u00e9nager depuis 2001, Espace M\u00e9nager 2000 vous propose une large gamme de produits : lave-linge, r\u00e9frig\u00e9rateurs, \u00e9lectronique et fitness. Profitez de notre savoir-faire en vente, r\u00e9paration et d\u00e9pannage. Livraison rapide dans toute la zone Euro. Qualit\u00e9 et service garantis.\",\"publisher\":{\"@id\":\"https:\\\/\\\/espacemenager2000.fr\\\/#organization\"},\"potentialAction\":[{\"@type\":\"SearchAction\",\"target\":{\"@type\":\"EntryPoint\",\"urlTemplate\":\"https:\\\/\\\/espacemenager2000.fr\\\/?s={search_term_string}\"},\"query-input\":{\"@type\":\"PropertyValueSpecification\",\"valueRequired\":true,\"valueName\":\"search_term_string\"}}],\"inLanguage\":\"en-US\"},{\"@type\":\"Organization\",\"@id\":\"https:\\\/\\\/espacemenager2000.fr\\\/#organization\",\"name\":\"Espace Menager 2000\",\"url\":\"https:\\\/\\\/espacemenager2000.fr\\\/\",\"logo\":{\"@type\":\"ImageObject\",\"inLanguage\":\"en-US\",\"@id\":\"https:\\\/\\\/espacemenager2000.fr\\\/#\\\/schema\\\/logo\\\/image\\\/\",\"url\":\"https:\\\/\\\/espacemenager2000.fr\\\/wp-content\\\/uploads\\\/2026\\\/05\\\/Fav-Em2000.png\",\"contentUrl\":\"https:\\\/\\\/espacemenager2000.fr\\\/wp-content\\\/uploads\\\/2026\\\/05\\\/Fav-Em2000.png\",\"width\":369,\"height\":369,\"caption\":\"Espace Menager 2000\"},\"image\":{\"@id\":\"https:\\\/\\\/espacemenager2000.fr\\\/#\\\/schema\\\/logo\\\/image\\\/\"},\"sameAs\":[\"https:\\\/\\\/www.facebook.com\\\/p\\\/Espace-menager-2000-100068469618146\\\/\"]}]}<\/script>\n<!-- \/ Yoast SEO plugin. -->","yoast_head_json":{"title":"Tapis de Course BH RCM Pro TFT - Promotion - Vente d&#039;\u00c9lectrom\u00e9nager Neuf et Garanti \u00e0 Paris","description":"Tapis de Course BH RCM Pro TFT - Pour les\u00a0particuliers les plus exigeants\u00a0qui ont besoin d\u2019appareils de cardio ou de musculation qui offrent de grandes prestations","robots":{"index":"index","follow":"follow","max-snippet":"max-snippet:-1","max-image-preview":"max-image-preview:large","max-video-preview":"max-video-preview:-1"},"canonical":"https:\/\/espacemenager2000.fr\/en\/product\/tapis-de-course-bh-rcm-pro-tft\/","og_locale":"en_US","og_type":"article","og_title":"Tapis de Course BH RCM Pro TFT - Promotion - Vente d&#039;\u00c9lectrom\u00e9nager Neuf et Garanti \u00e0 Paris","og_description":"Tapis de Course BH RCM Pro TFT - Pour les\u00a0particuliers les plus exigeants\u00a0qui ont besoin d\u2019appareils de cardio ou de musculation qui offrent de grandes prestations","og_url":"https:\/\/espacemenager2000.fr\/en\/product\/tapis-de-course-bh-rcm-pro-tft\/","og_site_name":"Vente d&#039;\u00c9lectrom\u00e9nager Neuf et Garanti \u00e0 Paris","article_publisher":"https:\/\/www.facebook.com\/p\/Espace-menager-2000-100068469618146\/","article_modified_time":"2026-05-10T20:41:38+00:00","og_image":[{"width":800,"height":800,"url":"https:\/\/espacemenager2000.fr\/wp-content\/uploads\/2026\/05\/Tapis-de-Course-BH-RCM-Pro-TFT-.jpg","type":"image\/jpeg"}],"twitter_card":"summary_large_image","twitter_misc":{"Est. reading time":"5 minutes"},"schema":{"@context":"https:\/\/schema.org","@graph":[{"@type":"WebPage","@id":"https:\/\/espacemenager2000.fr\/produit\/tapis-de-course-bh-rcm-pro-tft\/","url":"https:\/\/espacemenager2000.fr\/produit\/tapis-de-course-bh-rcm-pro-tft\/","name":"Tapis de Course BH RCM Pro TFT - Promotion - Vente d&#039;\u00c9lectrom\u00e9nager Neuf et Garanti \u00e0 Paris","isPartOf":{"@id":"https:\/\/espacemenager2000.fr\/#website"},"primaryImageOfPage":{"@id":"https:\/\/espacemenager2000.fr\/produit\/tapis-de-course-bh-rcm-pro-tft\/#primaryimage"},"image":{"@id":"https:\/\/espacemenager2000.fr\/produit\/tapis-de-course-bh-rcm-pro-tft\/#primaryimage"},"thumbnailUrl":"https:\/\/espacemenager2000.fr\/wp-content\/uploads\/2026\/05\/Tapis-de-Course-BH-RCM-Pro-TFT-.jpg","datePublished":"2025-12-22T16:10:25+00:00","dateModified":"2026-05-10T20:41:38+00:00","description":"Tapis de Course BH RCM Pro TFT - Pour les\u00a0particuliers les plus exigeants\u00a0qui ont besoin d\u2019appareils de cardio ou de musculation qui offrent de grandes prestations","breadcrumb":{"@id":"https:\/\/espacemenager2000.fr\/produit\/tapis-de-course-bh-rcm-pro-tft\/#breadcrumb"},"inLanguage":"en-US","potentialAction":[{"@type":"ReadAction","target":["https:\/\/espacemenager2000.fr\/produit\/tapis-de-course-bh-rcm-pro-tft\/"]}]},{"@type":"ImageObject","inLanguage":"en-US","@id":"https:\/\/espacemenager2000.fr\/produit\/tapis-de-course-bh-rcm-pro-tft\/#primaryimage","url":"https:\/\/espacemenager2000.fr\/wp-content\/uploads\/2026\/05\/Tapis-de-Course-BH-RCM-Pro-TFT-.jpg","contentUrl":"https:\/\/espacemenager2000.fr\/wp-content\/uploads\/2026\/05\/Tapis-de-Course-BH-RCM-Pro-TFT-.jpg","width":800,"height":800},{"@type":"BreadcrumbList","@id":"https:\/\/espacemenager2000.fr\/produit\/tapis-de-course-bh-rcm-pro-tft\/#breadcrumb","itemListElement":[{"@type":"ListItem","position":1,"name":"Accueil","item":"https:\/\/espacemenager2000.fr\/"},{"@type":"ListItem","position":2,"name":"Boutique","item":"https:\/\/espacemenager2000.fr\/boutique\/"},{"@type":"ListItem","position":3,"name":"Tapis de Course BH RCM Pro TFT"}]},{"@type":"WebSite","@id":"https:\/\/espacemenager2000.fr\/#website","url":"https:\/\/espacemenager2000.fr\/","name":"Espace Menager 2000","description":"Expert en \u00e9lectrom\u00e9nager depuis 2001, Espace M\u00e9nager 2000 vous propose une large gamme de produits : lave-linge, r\u00e9frig\u00e9rateurs, \u00e9lectronique et fitness. Profitez de notre savoir-faire en vente, r\u00e9paration et d\u00e9pannage. Livraison rapide dans toute la zone Euro. Qualit\u00e9 et service garantis.","publisher":{"@id":"https:\/\/espacemenager2000.fr\/#organization"},"potentialAction":[{"@type":"SearchAction","target":{"@type":"EntryPoint","urlTemplate":"https:\/\/espacemenager2000.fr\/?s={search_term_string}"},"query-input":{"@type":"PropertyValueSpecification","valueRequired":true,"valueName":"search_term_string"}}],"inLanguage":"en-US"},{"@type":"Organization","@id":"https:\/\/espacemenager2000.fr\/#organization","name":"Espace Menager 2000","url":"https:\/\/espacemenager2000.fr\/","logo":{"@type":"ImageObject","inLanguage":"en-US","@id":"https:\/\/espacemenager2000.fr\/#\/schema\/logo\/image\/","url":"https:\/\/espacemenager2000.fr\/wp-content\/uploads\/2026\/05\/Fav-Em2000.png","contentUrl":"https:\/\/espacemenager2000.fr\/wp-content\/uploads\/2026\/05\/Fav-Em2000.png","width":369,"height":369,"caption":"Espace Menager 2000"},"image":{"@id":"https:\/\/espacemenager2000.fr\/#\/schema\/logo\/image\/"},"sameAs":["https:\/\/www.facebook.com\/p\/Espace-menager-2000-100068469618146\/"]}]}},"_links":{"self":[{"href":"https:\/\/espacemenager2000.fr\/en\/wp-json\/wp\/v2\/product\/66","targetHints":{"allow":["GET"]}}],"collection":[{"href":"https:\/\/espacemenager2000.fr\/en\/wp-json\/wp\/v2\/product"}],"about":[{"href":"https:\/\/espacemenager2000.fr\/en\/wp-json\/wp\/v2\/types\/product"}],"replies":[{"embeddable":true,"href":"https:\/\/espacemenager2000.fr\/en\/wp-json\/wp\/v2\/comments?post=66"}],"wp:featuredmedia":[{"embeddable":true,"href":"https:\/\/espacemenager2000.fr\/en\/wp-json\/wp\/v2\/media\/67"}],"wp:attachment":[{"href":"https:\/\/espacemenager2000.fr\/en\/wp-json\/wp\/v2\/media?parent=66"}],"wp:term":[{"taxonomy":"product_brand","embeddable":true,"href":"https:\/\/espacemenager2000.fr\/en\/wp-json\/wp\/v2\/product_brand?post=66"},{"taxonomy":"product_cat","embeddable":true,"href":"https:\/\/espacemenager2000.fr\/en\/wp-json\/wp\/v2\/product_cat?post=66"},{"taxonomy":"product_tag","embeddable":true,"href":"https:\/\/espacemenager2000.fr\/en\/wp-json\/wp\/v2\/product_tag?post=66"}],"curies":[{"name":"wp","href":"https:\/\/api.w.org\/{rel}","templated":true}]}}