{"id":656,"date":"2025-12-22T16:13:06","date_gmt":"2025-12-22T16:13:06","guid":{"rendered":"https:\/\/espacemenager2000.fr\/?post_type=product&#038;p=656"},"modified":"2026-05-10T20:42:04","modified_gmt":"2026-05-10T20:42:04","slug":"velo-indoor-cycling-bh-rex-electronic","status":"publish","type":"product","link":"https:\/\/espacemenager2000.fr\/en\/product\/velo-indoor-cycling-bh-rex-electronic\/","title":{"rendered":"V\u00e9lo Indoor Cycling BH REX Electronic"},"content":{"rendered":"<h2>V\u00e9lo Indoor Cycling BH REX Electronic<\/h2>\n<p>Le BH REX Electronic ou V\u00e9lo Indoor Cycling BH REX Electronic est destin\u00e9 \u00e0 tous les sportifs qui veulent plus d\u2019intensit\u00e9 dans leurs s\u00e9ances d\u2019entra\u00eenement. Un v\u00e9lo avec une structure et des fonctionnalit\u00e9s qui ne laisseront pas indiff\u00e9rent les professionnels du cyclisme et du sport en salle.<\/p>\n<h3>Caract\u00e9ristiques V\u00e9lo Indoor Cycling BH REX Electronic<\/h3>\n<div class=\"inner entradilla\">\n<h4 class=\"title-level2\">Pour quel type de client est con\u00e7u ce produit professionnel?<\/h4>\n<ul class=\"lista-bloques\">\n<li>Pour les\u00a0<strong>particuliers<\/strong>\u00a0qui d\u00e9sirent poss\u00e9der la gamme\u00a0<strong>la plus performante possible<\/strong>.<\/li>\n<li><strong>Pour le secteur professionnel<\/strong>. Il s` agit de produits sp\u00e9cialement de qualit\u00e9, avec une garantie et un prix adapt\u00e9s aux besoins de ce secteur.<\/li>\n<li>Si vous voulez plus d\u2019informations, visitez notre section sp\u00e9cifique\u00a0<a href=\"https:\/\/www.fitnessdigital.fr\/salles-de-sports-professionnelles\/pro\/gen\/\">professionnel<\/a>.<\/li>\n<\/ul>\n<\/div>\n<div class=\"contenido\">\n<p>Le nouveau REX est destin\u00e9 \u00e0 tous les sportifs qui veulent plus d\u2019intensit\u00e9 dans leurs s\u00e9ances d\u2019entra\u00eenement. Un v\u00e9lo avec une structure et des fonctionnalit\u00e9s qui ne laisseront pas indiff\u00e9rent les professionnels du cyclisme et du sport en salle.<\/p>\n<h4><strong>Moniteur LCD<\/strong><\/h4>\n<p>Moniteur LCD pour voir sur \u00e9cran les donn\u00e9es de vos entra\u00eenements.<\/p>\n<p><strong>Indications:<br \/>\n<\/strong>Temps, vitesse \/ RPM, distance, calories<\/p>\n<ul>\n<li><strong>Chassis professionnel<br \/>\n<\/strong>Structure surdimensionn\u00e9e en acier pour plus de s\u00e9curit\u00e9 et stabilit\u00e9 pendant l\u2019exercice.<\/li>\n<\/ul>\n<ul>\n<li><strong>Enjoliveur<br \/>\n<\/strong>Il aide \u00e0 garder votre v\u00e9lo en parfait \u00e9tat et prot\u00e8ge la roue d\u2019inertie de la sueur et des possible coups.<\/li>\n<\/ul>\n<ul>\n<li><strong>Le plus r\u00e9aliste<br \/>\n<\/strong>Obtenez les sensations les plus proches \u00e0 un v\u00e9lo de route.<\/li>\n<\/ul>\n<ul>\n<li><strong>Microreglages<br \/>\n<\/strong>Ils permettent de trouver le meilleur position sur le v\u00e9lo et pr\u00e9venir des blessures.<\/li>\n<\/ul>\n<h5><strong>Sp\u00e9cifications<br \/>\n<\/strong><\/h5>\n<ul>\n<li><strong>Utilisation<\/strong>\u00a0: Profesionnel<\/li>\n<li><strong>Poids utilisateur maximum<\/strong>\u00a0: 150Kg<\/li>\n<li><strong>Syst\u00e8me de r\u00e9sistance<\/strong>\u00a0: Friction<\/li>\n<li><strong>Poids roue d\u2019inertie<\/strong>\u00a0: 20Kg<\/li>\n<li><strong>Transmission<\/strong>\u00a0: Courroie Poly-V<\/li>\n<li><strong>Enjoliveur<\/strong>\u00a0: Oui<\/li>\n<li><strong>Guidon<\/strong>\u00a0: Triathlon<\/li>\n<li><strong>R\u00e9glage du guidon<\/strong>\u00a0: Horizontale et Verticale<\/li>\n<li><strong>R\u00e9glage de la selle<\/strong>\u00a0: Horizontale et Verticale<\/li>\n<li><strong>P\u00e9dales<\/strong>\u00a0: Mixtes<\/li>\n<li><strong>Longueur<\/strong>\u00a0: 104cm<\/li>\n<li><strong>Largeur<\/strong>\u00a0: 63cm<\/li>\n<li><strong>Hauteur<\/strong>\u00a0: 117cm<\/li>\n<li>\n<h5><strong>Poids<\/strong> : 57Kg<\/h5>\n<\/li>\n<\/ul>\n<p><strong>Programmes<\/strong><\/p>\n<ul>\n<li><strong>Programmes pr\u00e9-d\u00e9finis (Prg)<\/strong>\u00a0: Non<\/li>\n<li><strong>Niveaux d\u2019intensit\u00e9<\/strong>\u00a0: Non<\/li>\n<li><strong>Programme al\u00e9atoire (RP)<\/strong>\u00a0: Non<\/li>\n<li><strong>Programmes personnalis\u00e9s (uprg)<\/strong>\u00a0: Non<\/li>\n<li><strong>Fitness test (FT)<\/strong>\u00a0: Non<\/li>\n<li><strong>Programme contr\u00f4le fr\u00e9quence cardiaque (HRC)<\/strong>\u00a0: Non<\/li>\n<li><strong>Programme de r\u00e9cup\u00e9ration (RT)<\/strong>\u00a0: Non<\/li>\n<li><strong>Body Fat test (BF)<\/strong> : Non<\/li>\n<\/ul>\n<h5><strong>Moniteur<\/strong><\/h5>\n<ul>\n<li><strong>Ecran LCD<\/strong>: Oui<\/li>\n<li><strong>Ecran LCD r\u00e9troeclair\u00e9e<\/strong>: Non<\/li>\n<li><strong>Moniteur avec programme d\u2019entra\u00eenement HIIT<\/strong>: Non<\/li>\n<li><strong>Support universel pour tablettes et smartphones<\/strong>: Non<\/li>\n<li><strong>Fr\u00e9quence cardiaque t\u00e9l\u00e9m\u00e9trique<\/strong>: Oui, bande optionnel<\/li>\n<li><strong>Fr\u00e9quence cardiaque Bluetooth<\/strong>: Non<\/li>\n<li><strong>iConcept<\/strong>: Non<\/li>\n<\/ul>\n<\/div>","protected":false},"excerpt":{"rendered":"<div class=\"product attribute overview\">\n<div class=\"value\">Le nouveau REX est destin\u00e9 \u00e0 tous les sportifs qui veulent plus d\u2019intensit\u00e9 dans leurs s\u00e9ances d\u2019entra\u00eenement. Un v\u00e9lo avec une structure et des fonctionnalit\u00e9s qui ne laisseront pas indiff\u00e9rent les professionnels du cyclisme et du sport en salle.<\/div>\n<\/div>","protected":false},"featured_media":657,"comment_status":"open","ping_status":"closed","template":"","meta":[],"product_brand":[16],"product_cat":[17,18,19,50],"product_tag":[47],"class_list":{"0":"post-656","1":"product","2":"type-product","3":"status-publish","4":"has-post-thumbnail","6":"product_brand-bh","7":"product_cat-bons-plans","8":"product_cat-promotions","9":"product_cat-training-fitness","10":"product_cat-velos-de-biking","11":"product_tag-velo-dappartement","13":"first","14":"instock","15":"featured","16":"shipping-taxable","17":"purchasable","18":"product-type-simple"},"yoast_head":"<!-- This site is optimized with the Yoast SEO plugin v27.6 - https:\/\/yoast.com\/product\/yoast-seo-wordpress\/ -->\n<title>V\u00e9lo Indoor Cycling BH REX Electronic - Promotion - Vente d&#039;\u00c9lectrom\u00e9nager Neuf et Garanti \u00e0 Paris<\/title>\n<meta name=\"description\" content=\"V\u00e9lo Indoor Cycling BH REX Electronic - destin\u00e9 \u00e0 tous les sportifs qui veulent plus d\u2019intensit\u00e9 dans leurs s\u00e9ances d\u2019entra\u00eenement. Un v\u00e9lo avec une structure et des fonctionnalit\u00e9s qui ne laisseront pas indiff\u00e9rent les professionnels du cyclisme et du sport en salle.\" \/>\n<meta name=\"robots\" content=\"index, follow, max-snippet:-1, max-image-preview:large, max-video-preview:-1\" \/>\n<link rel=\"canonical\" href=\"https:\/\/espacemenager2000.fr\/en\/product\/velo-indoor-cycling-bh-rex-electronic\/\" \/>\n<meta property=\"og:locale\" content=\"en_US\" \/>\n<meta property=\"og:type\" content=\"article\" \/>\n<meta property=\"og:title\" content=\"V\u00e9lo Indoor Cycling BH REX Electronic - Promotion - Vente d&#039;\u00c9lectrom\u00e9nager Neuf et Garanti \u00e0 Paris\" \/>\n<meta property=\"og:description\" content=\"V\u00e9lo Indoor Cycling BH REX Electronic - destin\u00e9 \u00e0 tous les sportifs qui veulent plus d\u2019intensit\u00e9 dans leurs s\u00e9ances d\u2019entra\u00eenement. Un v\u00e9lo avec une structure et des fonctionnalit\u00e9s qui ne laisseront pas indiff\u00e9rent les professionnels du cyclisme et du sport en salle.\" \/>\n<meta property=\"og:url\" content=\"https:\/\/espacemenager2000.fr\/en\/product\/velo-indoor-cycling-bh-rex-electronic\/\" \/>\n<meta property=\"og:site_name\" content=\"Vente d&#039;\u00c9lectrom\u00e9nager Neuf et Garanti \u00e0 Paris\" \/>\n<meta property=\"article:publisher\" content=\"https:\/\/www.facebook.com\/p\/Espace-menager-2000-100068469618146\/\" \/>\n<meta property=\"article:modified_time\" content=\"2026-05-10T20:42:04+00:00\" \/>\n<meta property=\"og:image\" content=\"https:\/\/espacemenager2000.fr\/wp-content\/uploads\/2026\/05\/Velo-Indoor-Cycling-BH-REX-Electronic-.gif\" \/>\n\t<meta property=\"og:image:width\" content=\"800\" \/>\n\t<meta property=\"og:image:height\" content=\"800\" \/>\n\t<meta property=\"og:image:type\" content=\"image\/gif\" \/>\n<meta name=\"twitter:card\" content=\"summary_large_image\" \/>\n<meta name=\"twitter:label1\" content=\"Est. reading time\" \/>\n\t<meta name=\"twitter:data1\" content=\"3 minutes\" \/>\n<script type=\"application\/ld+json\" class=\"yoast-schema-graph\">{\"@context\":\"https:\\\/\\\/schema.org\",\"@graph\":[{\"@type\":\"WebPage\",\"@id\":\"https:\\\/\\\/espacemenager2000.fr\\\/produit\\\/velo-indoor-cycling-bh-rex-electronic\\\/\",\"url\":\"https:\\\/\\\/espacemenager2000.fr\\\/produit\\\/velo-indoor-cycling-bh-rex-electronic\\\/\",\"name\":\"V\u00e9lo Indoor Cycling BH REX Electronic - Promotion - Vente d&#039;\u00c9lectrom\u00e9nager Neuf et Garanti \u00e0 Paris\",\"isPartOf\":{\"@id\":\"https:\\\/\\\/espacemenager2000.fr\\\/#website\"},\"primaryImageOfPage\":{\"@id\":\"https:\\\/\\\/espacemenager2000.fr\\\/produit\\\/velo-indoor-cycling-bh-rex-electronic\\\/#primaryimage\"},\"image\":{\"@id\":\"https:\\\/\\\/espacemenager2000.fr\\\/produit\\\/velo-indoor-cycling-bh-rex-electronic\\\/#primaryimage\"},\"thumbnailUrl\":\"https:\\\/\\\/espacemenager2000.fr\\\/wp-content\\\/uploads\\\/2026\\\/05\\\/Velo-Indoor-Cycling-BH-REX-Electronic-.gif\",\"datePublished\":\"2025-12-22T16:13:06+00:00\",\"dateModified\":\"2026-05-10T20:42:04+00:00\",\"description\":\"V\u00e9lo Indoor Cycling BH REX Electronic - destin\u00e9 \u00e0 tous les sportifs qui veulent plus d\u2019intensit\u00e9 dans leurs s\u00e9ances d\u2019entra\u00eenement. Un v\u00e9lo avec une structure et des fonctionnalit\u00e9s qui ne laisseront pas indiff\u00e9rent les professionnels du cyclisme et du sport en salle.\",\"breadcrumb\":{\"@id\":\"https:\\\/\\\/espacemenager2000.fr\\\/produit\\\/velo-indoor-cycling-bh-rex-electronic\\\/#breadcrumb\"},\"inLanguage\":\"en-US\",\"potentialAction\":[{\"@type\":\"ReadAction\",\"target\":[\"https:\\\/\\\/espacemenager2000.fr\\\/produit\\\/velo-indoor-cycling-bh-rex-electronic\\\/\"]}]},{\"@type\":\"ImageObject\",\"inLanguage\":\"en-US\",\"@id\":\"https:\\\/\\\/espacemenager2000.fr\\\/produit\\\/velo-indoor-cycling-bh-rex-electronic\\\/#primaryimage\",\"url\":\"https:\\\/\\\/espacemenager2000.fr\\\/wp-content\\\/uploads\\\/2026\\\/05\\\/Velo-Indoor-Cycling-BH-REX-Electronic-.gif\",\"contentUrl\":\"https:\\\/\\\/espacemenager2000.fr\\\/wp-content\\\/uploads\\\/2026\\\/05\\\/Velo-Indoor-Cycling-BH-REX-Electronic-.gif\",\"width\":800,\"height\":800},{\"@type\":\"BreadcrumbList\",\"@id\":\"https:\\\/\\\/espacemenager2000.fr\\\/produit\\\/velo-indoor-cycling-bh-rex-electronic\\\/#breadcrumb\",\"itemListElement\":[{\"@type\":\"ListItem\",\"position\":1,\"name\":\"Accueil\",\"item\":\"https:\\\/\\\/espacemenager2000.fr\\\/\"},{\"@type\":\"ListItem\",\"position\":2,\"name\":\"Boutique\",\"item\":\"https:\\\/\\\/espacemenager2000.fr\\\/boutique\\\/\"},{\"@type\":\"ListItem\",\"position\":3,\"name\":\"V\u00e9lo Indoor Cycling BH REX Electronic\"}]},{\"@type\":\"WebSite\",\"@id\":\"https:\\\/\\\/espacemenager2000.fr\\\/#website\",\"url\":\"https:\\\/\\\/espacemenager2000.fr\\\/\",\"name\":\"Espace Menager 2000\",\"description\":\"Expert en \u00e9lectrom\u00e9nager depuis 2001, Espace M\u00e9nager 2000 vous propose une large gamme de produits : lave-linge, r\u00e9frig\u00e9rateurs, \u00e9lectronique et fitness. Profitez de notre savoir-faire en vente, r\u00e9paration et d\u00e9pannage. Livraison rapide dans toute la zone Euro. Qualit\u00e9 et service garantis.\",\"publisher\":{\"@id\":\"https:\\\/\\\/espacemenager2000.fr\\\/#organization\"},\"potentialAction\":[{\"@type\":\"SearchAction\",\"target\":{\"@type\":\"EntryPoint\",\"urlTemplate\":\"https:\\\/\\\/espacemenager2000.fr\\\/?s={search_term_string}\"},\"query-input\":{\"@type\":\"PropertyValueSpecification\",\"valueRequired\":true,\"valueName\":\"search_term_string\"}}],\"inLanguage\":\"en-US\"},{\"@type\":\"Organization\",\"@id\":\"https:\\\/\\\/espacemenager2000.fr\\\/#organization\",\"name\":\"Espace Menager 2000\",\"url\":\"https:\\\/\\\/espacemenager2000.fr\\\/\",\"logo\":{\"@type\":\"ImageObject\",\"inLanguage\":\"en-US\",\"@id\":\"https:\\\/\\\/espacemenager2000.fr\\\/#\\\/schema\\\/logo\\\/image\\\/\",\"url\":\"https:\\\/\\\/espacemenager2000.fr\\\/wp-content\\\/uploads\\\/2026\\\/05\\\/Fav-Em2000.png\",\"contentUrl\":\"https:\\\/\\\/espacemenager2000.fr\\\/wp-content\\\/uploads\\\/2026\\\/05\\\/Fav-Em2000.png\",\"width\":369,\"height\":369,\"caption\":\"Espace Menager 2000\"},\"image\":{\"@id\":\"https:\\\/\\\/espacemenager2000.fr\\\/#\\\/schema\\\/logo\\\/image\\\/\"},\"sameAs\":[\"https:\\\/\\\/www.facebook.com\\\/p\\\/Espace-menager-2000-100068469618146\\\/\"]}]}<\/script>\n<!-- \/ Yoast SEO plugin. -->","yoast_head_json":{"title":"V\u00e9lo Indoor Cycling BH REX Electronic - Promotion - Vente d&#039;\u00c9lectrom\u00e9nager Neuf et Garanti \u00e0 Paris","description":"V\u00e9lo Indoor Cycling BH REX Electronic - destin\u00e9 \u00e0 tous les sportifs qui veulent plus d\u2019intensit\u00e9 dans leurs s\u00e9ances d\u2019entra\u00eenement. Un v\u00e9lo avec une structure et des fonctionnalit\u00e9s qui ne laisseront pas indiff\u00e9rent les professionnels du cyclisme et du sport en salle.","robots":{"index":"index","follow":"follow","max-snippet":"max-snippet:-1","max-image-preview":"max-image-preview:large","max-video-preview":"max-video-preview:-1"},"canonical":"https:\/\/espacemenager2000.fr\/en\/product\/velo-indoor-cycling-bh-rex-electronic\/","og_locale":"en_US","og_type":"article","og_title":"V\u00e9lo Indoor Cycling BH REX Electronic - Promotion - Vente d&#039;\u00c9lectrom\u00e9nager Neuf et Garanti \u00e0 Paris","og_description":"V\u00e9lo Indoor Cycling BH REX Electronic - destin\u00e9 \u00e0 tous les sportifs qui veulent plus d\u2019intensit\u00e9 dans leurs s\u00e9ances d\u2019entra\u00eenement. Un v\u00e9lo avec une structure et des fonctionnalit\u00e9s qui ne laisseront pas indiff\u00e9rent les professionnels du cyclisme et du sport en salle.","og_url":"https:\/\/espacemenager2000.fr\/en\/product\/velo-indoor-cycling-bh-rex-electronic\/","og_site_name":"Vente d&#039;\u00c9lectrom\u00e9nager Neuf et Garanti \u00e0 Paris","article_publisher":"https:\/\/www.facebook.com\/p\/Espace-menager-2000-100068469618146\/","article_modified_time":"2026-05-10T20:42:04+00:00","og_image":[{"width":800,"height":800,"url":"https:\/\/espacemenager2000.fr\/wp-content\/uploads\/2026\/05\/Velo-Indoor-Cycling-BH-REX-Electronic-.gif","type":"image\/gif"}],"twitter_card":"summary_large_image","twitter_misc":{"Est. reading time":"3 minutes"},"schema":{"@context":"https:\/\/schema.org","@graph":[{"@type":"WebPage","@id":"https:\/\/espacemenager2000.fr\/produit\/velo-indoor-cycling-bh-rex-electronic\/","url":"https:\/\/espacemenager2000.fr\/produit\/velo-indoor-cycling-bh-rex-electronic\/","name":"V\u00e9lo Indoor Cycling BH REX Electronic - Promotion - Vente d&#039;\u00c9lectrom\u00e9nager Neuf et Garanti \u00e0 Paris","isPartOf":{"@id":"https:\/\/espacemenager2000.fr\/#website"},"primaryImageOfPage":{"@id":"https:\/\/espacemenager2000.fr\/produit\/velo-indoor-cycling-bh-rex-electronic\/#primaryimage"},"image":{"@id":"https:\/\/espacemenager2000.fr\/produit\/velo-indoor-cycling-bh-rex-electronic\/#primaryimage"},"thumbnailUrl":"https:\/\/espacemenager2000.fr\/wp-content\/uploads\/2026\/05\/Velo-Indoor-Cycling-BH-REX-Electronic-.gif","datePublished":"2025-12-22T16:13:06+00:00","dateModified":"2026-05-10T20:42:04+00:00","description":"V\u00e9lo Indoor Cycling BH REX Electronic - destin\u00e9 \u00e0 tous les sportifs qui veulent plus d\u2019intensit\u00e9 dans leurs s\u00e9ances d\u2019entra\u00eenement. Un v\u00e9lo avec une structure et des fonctionnalit\u00e9s qui ne laisseront pas indiff\u00e9rent les professionnels du cyclisme et du sport en salle.","breadcrumb":{"@id":"https:\/\/espacemenager2000.fr\/produit\/velo-indoor-cycling-bh-rex-electronic\/#breadcrumb"},"inLanguage":"en-US","potentialAction":[{"@type":"ReadAction","target":["https:\/\/espacemenager2000.fr\/produit\/velo-indoor-cycling-bh-rex-electronic\/"]}]},{"@type":"ImageObject","inLanguage":"en-US","@id":"https:\/\/espacemenager2000.fr\/produit\/velo-indoor-cycling-bh-rex-electronic\/#primaryimage","url":"https:\/\/espacemenager2000.fr\/wp-content\/uploads\/2026\/05\/Velo-Indoor-Cycling-BH-REX-Electronic-.gif","contentUrl":"https:\/\/espacemenager2000.fr\/wp-content\/uploads\/2026\/05\/Velo-Indoor-Cycling-BH-REX-Electronic-.gif","width":800,"height":800},{"@type":"BreadcrumbList","@id":"https:\/\/espacemenager2000.fr\/produit\/velo-indoor-cycling-bh-rex-electronic\/#breadcrumb","itemListElement":[{"@type":"ListItem","position":1,"name":"Accueil","item":"https:\/\/espacemenager2000.fr\/"},{"@type":"ListItem","position":2,"name":"Boutique","item":"https:\/\/espacemenager2000.fr\/boutique\/"},{"@type":"ListItem","position":3,"name":"V\u00e9lo Indoor Cycling BH REX Electronic"}]},{"@type":"WebSite","@id":"https:\/\/espacemenager2000.fr\/#website","url":"https:\/\/espacemenager2000.fr\/","name":"Espace Menager 2000","description":"Expert en \u00e9lectrom\u00e9nager depuis 2001, Espace M\u00e9nager 2000 vous propose une large gamme de produits : lave-linge, r\u00e9frig\u00e9rateurs, \u00e9lectronique et fitness. Profitez de notre savoir-faire en vente, r\u00e9paration et d\u00e9pannage. Livraison rapide dans toute la zone Euro. Qualit\u00e9 et service garantis.","publisher":{"@id":"https:\/\/espacemenager2000.fr\/#organization"},"potentialAction":[{"@type":"SearchAction","target":{"@type":"EntryPoint","urlTemplate":"https:\/\/espacemenager2000.fr\/?s={search_term_string}"},"query-input":{"@type":"PropertyValueSpecification","valueRequired":true,"valueName":"search_term_string"}}],"inLanguage":"en-US"},{"@type":"Organization","@id":"https:\/\/espacemenager2000.fr\/#organization","name":"Espace Menager 2000","url":"https:\/\/espacemenager2000.fr\/","logo":{"@type":"ImageObject","inLanguage":"en-US","@id":"https:\/\/espacemenager2000.fr\/#\/schema\/logo\/image\/","url":"https:\/\/espacemenager2000.fr\/wp-content\/uploads\/2026\/05\/Fav-Em2000.png","contentUrl":"https:\/\/espacemenager2000.fr\/wp-content\/uploads\/2026\/05\/Fav-Em2000.png","width":369,"height":369,"caption":"Espace Menager 2000"},"image":{"@id":"https:\/\/espacemenager2000.fr\/#\/schema\/logo\/image\/"},"sameAs":["https:\/\/www.facebook.com\/p\/Espace-menager-2000-100068469618146\/"]}]}},"_links":{"self":[{"href":"https:\/\/espacemenager2000.fr\/en\/wp-json\/wp\/v2\/product\/656","targetHints":{"allow":["GET"]}}],"collection":[{"href":"https:\/\/espacemenager2000.fr\/en\/wp-json\/wp\/v2\/product"}],"about":[{"href":"https:\/\/espacemenager2000.fr\/en\/wp-json\/wp\/v2\/types\/product"}],"replies":[{"embeddable":true,"href":"https:\/\/espacemenager2000.fr\/en\/wp-json\/wp\/v2\/comments?post=656"}],"wp:featuredmedia":[{"embeddable":true,"href":"https:\/\/espacemenager2000.fr\/en\/wp-json\/wp\/v2\/media\/657"}],"wp:attachment":[{"href":"https:\/\/espacemenager2000.fr\/en\/wp-json\/wp\/v2\/media?parent=656"}],"wp:term":[{"taxonomy":"product_brand","embeddable":true,"href":"https:\/\/espacemenager2000.fr\/en\/wp-json\/wp\/v2\/product_brand?post=656"},{"taxonomy":"product_cat","embeddable":true,"href":"https:\/\/espacemenager2000.fr\/en\/wp-json\/wp\/v2\/product_cat?post=656"},{"taxonomy":"product_tag","embeddable":true,"href":"https:\/\/espacemenager2000.fr\/en\/wp-json\/wp\/v2\/product_tag?post=656"}],"curies":[{"name":"wp","href":"https:\/\/api.w.org\/{rel}","templated":true}]}}