{"id":583,"date":"2025-12-22T16:12:44","date_gmt":"2025-12-22T16:12:44","guid":{"rendered":"https:\/\/espacemenager2000.fr\/?post_type=product&#038;p=583"},"modified":"2026-05-10T20:42:01","modified_gmt":"2026-05-10T20:42:01","slug":"velo-indoor-cycling-adidas-one-c-21x-bluetooth","status":"publish","type":"product","link":"https:\/\/espacemenager2000.fr\/en\/product\/velo-indoor-cycling-adidas-one-c-21x-bluetooth\/","title":{"rendered":"V\u00e9lo Indoor Cycling Adidas One C-21x (Bluetooth)"},"content":{"rendered":"<h2>V\u00e9lo Indoor Cycling Adidas One C-21x (Bluetooth)<\/h2>\n<p>Construit pour offrir l&#8217;exp\u00e9rience ultime du cyclisme en salle,<strong>\u00a0l&#8217;Adidas C-21x\u00a0<\/strong>est dot\u00e9 d&#8217;une grande roue d&#8217;inertie de 16 kg \/ 35 lb, con\u00e7ue pour simuler les sensations d&#8217;un v\u00e9lo d&#8217;ext\u00e9rieur en stockant l&#8217;\u00e9nergie cin\u00e9tique et en maintenant l&#8217;\u00e9lan pour un mouvement de cyclisme fluide et r\u00e9gulier. cadence.<\/p>\n<h3 style=\"font-weight: 400;\">Caract\u00e9ristiques V\u00e9lo Indoor Cycling Adidas One C-21x (Bluetooth)<\/h3>\n<p>Construit pour offrir l&#8217;exp\u00e9rience ultime du cyclisme en salle,<b><strong>\u00a0l&#8217;Adidas C-21x\u00a0<\/strong><\/b>est dot\u00e9 d&#8217;une grande roue d&#8217;inertie de 16 kg \/ 35 lb, con\u00e7ue pour simuler les sensations d&#8217;un v\u00e9lo d&#8217;ext\u00e9rieur en stockant l&#8217;\u00e9nergie cin\u00e9tique et en maintenant l&#8217;\u00e9lan pour un mouvement de cyclisme fluide et r\u00e9gulier. cadence.<\/p>\n<p>Prenez le contr\u00f4le de l&#8217;intensit\u00e9 de votre trajet en modifiant la palette de r\u00e9sistance \u00e0 8 niveaux pour diminuer ou augmenter l&#8217;\u00e9nergie requise pour chaque coup de p\u00e9dale. R\u00e9glable manuellement, sans avoir \u00e0 passer par des niveaux incr\u00e9mentaux, la palette de r\u00e9sistance vous permet d&#8217;adapter rapidement vos entra\u00eenements en toute simplicit\u00e9.<\/p>\n<h4><b><strong>Les points forts<\/strong><\/b><\/h4>\n<ul>\n<li><b><strong>Les applications Kinomap, Zwift et Peloton vous offrent des entra\u00eenements interactifs \u00e0 appr\u00e9cier pendant que vous vous entra\u00eenez (Peloton n\u00e9cessite un abonnement et n&#8217;est actif qu&#8217;en Allemagne, au Royaume-Uni et en Suisse).<\/strong><\/b><\/li>\n<li><b><strong>8 niveaux de r\u00e9sistance manuelle avec une palette \u00e0 changement rapide pour ajuster rapidement l&#8217;intensit\u00e9 de votre entra\u00eenement.<\/strong><\/b><\/li>\n<li><b><strong>La console intuitive avec \u00e9cran LCD clair vous donne un contr\u00f4le total sur votre entra\u00eenement.<\/strong><\/b><\/li>\n<li><b><strong>La ceinture pectorale fournie se fixe toute seule au v\u00e9lo et fournit des donn\u00e9es pr\u00e9cises sur la fr\u00e9quence cardiaque.<\/strong><\/b><\/li>\n<\/ul>\n<h3 style=\"font-weight: 600;\"><b><strong>Sp\u00e9cifications Adidas One C-21x (Bluetooth)<\/strong><\/b><\/h3>\n<p><b><strong>Le volant d&#8217;inertie de 16 kg \/ 35 lb\u00a0<\/strong><\/b><\/p>\n<p>Simule la conduite en ext\u00e9rieur en maintenant l&#8217;\u00e9lan pour une cadence constante.<\/p>\n<p><b><strong>8 niveaux de r\u00e9sistance manuelle<\/strong><\/b><\/p>\n<p>Avec palette \u00e0 changement rapide pour ajuster rapidement l&#8217;intensit\u00e9 de votre conduite.<\/p>\n<p><b><strong>Configuration du guidon enti\u00e8rement r\u00e9glable avec accoudoirs con\u00e7us pour prendre en charge plusieurs positions de conduite<\/strong><\/b><\/p>\n<p>La console intuitive avec \u00e9cran LCD clair vous donne un contr\u00f4le total sur votre entra\u00eenement.<\/p>\n<p><b><strong>Les p\u00e9dales Jendel avec sangle et cage<\/strong><\/b><\/p>\n<p>R\u00e9glables offrent l&#8217;adh\u00e9rence n\u00e9cessaire lors du changement de position.<\/p>\n<p><b><strong>La configuration du guidon enti\u00e8rement r\u00e9glable avec accoudoirs<\/strong><\/b><\/p>\n<p>Le r\u00e9glage horizontal et vertical de la selle, la selle de sprint simplifi\u00e9e et les p\u00e9dales Jendel rendent le C-21x id\u00e9al pour les sprints et les longues sessions d&#8217;endurance \u00e0 plat.<\/p>\n<p><b><strong>Les roues de transport int\u00e9gr\u00e9es et la barre de pr\u00e9hension<\/strong><\/b><\/p>\n<p>Facilitent le d\u00e9placement du v\u00e9lo dans votre maison.<\/p>\n<h4><b><strong>Console et programmes<\/strong><\/b><\/h4>\n<p><b><strong>Moniteur LCD r\u00e9tro-\u00e9clair\u00e9<\/strong><\/b><br \/>\nLe moniteur est dot\u00e9 de voyants lumineux blancs et rouges.<\/p>\n<p><b><strong>Grande vari\u00e9t\u00e9 de programmes<\/strong><\/b><br \/>\nManuel, Temps cible, Distance cible, Calories cibles, Pouls cible, Km\/mi.<\/p>\n<p><b><strong>Grande vari\u00e9t\u00e9 de fonctions<\/strong><\/b><br \/>\nVitesse, Temps, Distance, Calories, RPM.<\/p>\n<h4><b><strong>Autres avantages<\/strong><\/b><\/h4>\n<table>\n<tbody>\n<tr>\n<td>R\u00e9cepteur d&#8217;impulsions sans fil<\/td>\n<td>\u2714\ufe0f<\/td>\n<\/tr>\n<tr>\n<td>Sangle de poitrine incluse<\/td>\n<td>\u2714\ufe0f<\/td>\n<\/tr>\n<tr>\n<td>USB<\/td>\n<td>\u2714\ufe0f<\/td>\n<\/tr>\n<tr>\n<td>Roues de transport<\/td>\n<td>\u2714\ufe0f<\/td>\n<\/tr>\n<tr>\n<td>Porte-bouteille<\/td>\n<td>\u2714\ufe0f<\/td>\n<\/tr>\n<tr>\n<td>Bluetooth<\/td>\n<td>\u2714\ufe0f<\/td>\n<\/tr>\n<tr>\n<td>R\u00e9glage de l&#8217;angle de la console<\/td>\n<td>\u2714\ufe0f<\/td>\n<\/tr>\n<tr>\n<td>Sangles de pied r\u00e9glables<\/td>\n<td>\u2714\ufe0f<\/td>\n<\/tr>\n<tr>\n<td>Selle avec r\u00e9glage vertical et horizontal<\/td>\n<td>\u2714\ufe0f<\/td>\n<\/tr>\n<tr>\n<td>Guidon avec r\u00e9glage vertical et horizontal<\/td>\n<td>\u2714\ufe0f<\/td>\n<\/tr>\n<\/tbody>\n<\/table>\n<p>&nbsp;<\/p>\n<h3 style=\"font-weight: 600;\"><b><strong>Dimensions et poids Adidas One C-21x (Bluetooth)<\/strong><\/b><\/h3>\n<table>\n<tbody>\n<tr>\n<td>Longueur<\/td>\n<td>151cm<\/td>\n<\/tr>\n<tr>\n<td>Largeur<\/td>\n<td>56.9cm<\/td>\n<\/tr>\n<tr>\n<td>Hauteur<\/td>\n<td>137cm<\/td>\n<\/tr>\n<tr>\n<td>Poids maximum de l&#8217;utilisateur<\/td>\n<td>150kg<\/td>\n<\/tr>\n<tr>\n<td>Hauteur du si\u00e8ge<\/td>\n<td>77-92cm<\/td>\n<\/tr>\n<tr>\n<td>Dimensions dans la bo\u00eete<\/td>\n<td>118.5x28x96cm<\/td>\n<\/tr>\n<tr>\n<td>Poids net dans la bo\u00eete<\/td>\n<td>54.8kg<\/td>\n<\/tr>\n<tr>\n<td>Poids brut dans la bo\u00eete<\/td>\n<td>58.804kg<\/td>\n<\/tr>\n<\/tbody>\n<\/table>\n<p>&nbsp;<\/p>\n<h4><b><strong>Entra\u00eenements interactifs avec Zwift, Kinomap et Peloton<\/strong><\/b><\/h4>\n<h5><b><strong>App de Kinomap<\/strong><\/b><\/h5>\n<ul>\n<li>Entra\u00eenez-vous dans le monde entier gr\u00e2ce \u00e0 des milliers de vid\u00e9os disponibles.<\/li>\n<li>Entra\u00eenements structur\u00e9s, y compris l&#8217;entra\u00eenement par intervalles et le coaching.<\/li>\n<li>Partagez vos r\u00e9sultats avec la communaut\u00e9 kinomap.<\/li>\n<li>D\u00e9fiez vos amis avec le mode multijoueur de kinomap.<\/li>\n<\/ul>\n<h5><b><strong>App de Zwift<\/strong><\/b><\/h5>\n<ul>\n<li>Motivateur de type jeu vid\u00e9o.<\/li>\n<li>Plus de 1000 entra\u00eenements s\u00e9lectionn\u00e9s par les entra\u00eeneurs.<\/li>\n<li>Courses de groupe, comp\u00e9titions et courses.<\/li>\n<li>Connectivit\u00e9 et communaut\u00e9 mondiales.<\/li>\n<\/ul>\n<h5><b><strong>App de Peloton<\/strong><\/b><\/h5>\n<ul>\n<li>D\u00e9couvrez tous les entra\u00eenements dont vous avez besoin pour atteindre vos objectifs personnels de remise en forme.<\/li>\n<li>Entra\u00eenement musculaire, course \u00e0 pied en int\u00e9rieur et en ext\u00e9rieur, cyclisme, yoga, HIIT, m\u00e9ditation, \u00e9tirements et bien plus encore via votre t\u00e9l\u00e9phone, votre tablette ou votre t\u00e9l\u00e9viseur Android.<\/li>\n<li>T\u00e9l\u00e9chargez notre application sur les t\u00e9l\u00e9viseurs Android compatibles ou diffusez des s\u00e9ances d&#8217;entra\u00eenement sur votre t\u00e9l\u00e9viseur.<\/li>\n<\/ul>\n<h5><b><strong>Adidas Console+ App<\/strong><\/b><\/h5>\n<p><b><\/b><b><strong>D\u00e9couvrez adidas Console+, le compagnon ultime pour vos entra\u00eenements cardio<\/strong><\/b><\/p>\n<ul>\n<li>Am\u00e9liorez votre entra\u00eenement gr\u00e2ce \u00e0 une application facile \u00e0 utiliser qui apporte vari\u00e9t\u00e9 et dynamisme \u00e0 vos s\u00e9ances. Acc\u00e9dez \u00e0 des applications populaires comme Zwift, Peloton et Kinomap pour participer \u00e0 des cours interactifs et plonger dans des environnements d&#8217;entra\u00eenement ludiques.<\/li>\n<li>D\u00e9couvrez une large s\u00e9lection de programmes d&#8217;entra\u00eenement pr\u00e9\u00e9tablis sp\u00e9cialement con\u00e7us pour les tapis de course, v\u00e9los et elliptiques adidas. Am\u00e9liorez vos performances en analysant vos donn\u00e9es avec des rapports d\u00e9taill\u00e9s, en suivant votre progression au fil du temps et en obtenant des informations pr\u00e9cieuses sur votre \u00e9volution. Vous pouvez m\u00eame c\u00e9l\u00e9brer vos r\u00e9ussites en partageant vos exploits directement sur vos r\u00e9seaux sociaux.<\/li>\n<li>Utilisez l&#8217;application sur votre t\u00e9l\u00e9phone ou tablette avec toute la gamme cardio adidas et gardez un historique d\u00e9taill\u00e9 de vos entra\u00eenements tout au long de votre progression vers vos objectifs de fitness. De plus, vous pouvez synchroniser vos donn\u00e9es avec des applications tierces et plateformes de sant\u00e9 s\u00e9lectionn\u00e9es, vous permettant d\u2019int\u00e9grer vos outils de fitness pr\u00e9f\u00e9r\u00e9s en toute s\u00e9curit\u00e9, gr\u00e2ce au chiffrement TLS qui garantit la protection et la confidentialit\u00e9 de vos informations.<\/li>\n<\/ul>","protected":false},"excerpt":{"rendered":"<div class=\"product attribute overview\">\n<div class=\"value\">Construit pour offrir l&#8217;exp\u00e9rience ultime du cyclisme en salle,<strong>\u00a0l&#8217;Adidas C-21x\u00a0<\/strong>est dot\u00e9 d&#8217;une grande roue d&#8217;inertie de 16 kg \/ 35 lb, con\u00e7ue pour simuler les sensations d&#8217;un v\u00e9lo d&#8217;ext\u00e9rieur en stockant l&#8217;\u00e9nergie cin\u00e9tique et en maintenant l&#8217;\u00e9lan pour un mouvement de cyclisme fluide et r\u00e9gulier cadence.<\/div>\n<\/div>","protected":false},"featured_media":584,"comment_status":"open","ping_status":"closed","template":"","meta":[],"product_brand":[21],"product_cat":[17,18,19,50],"product_tag":[47,51],"class_list":{"0":"post-583","1":"product","2":"type-product","3":"status-publish","4":"has-post-thumbnail","6":"product_brand-adidas","7":"product_cat-bons-plans","8":"product_cat-promotions","9":"product_cat-training-fitness","10":"product_cat-velos-de-biking","11":"product_tag-velo-dappartement","12":"product_tag-velos-de-biking","14":"first","15":"instock","16":"sale","17":"shipping-taxable","18":"purchasable","19":"product-type-simple"},"yoast_head":"<!-- This site is optimized with the Yoast SEO plugin v27.6 - https:\/\/yoast.com\/product\/yoast-seo-wordpress\/ -->\n<title>V\u00e9lo Indoor Cycling Adidas One C-21x - Promotion - Vente d&#039;\u00c9lectrom\u00e9nager Neuf et Garanti \u00e0 Paris<\/title>\n<meta name=\"description\" content=\"V\u00e9lo Indoor Cycling Adidas One C-21x - dot\u00e9 d&#039;une grande roue d&#039;inertie de 16 kg \/ 35 lb, con\u00e7ue pour simuler les sensations d&#039;un v\u00e9lo d&#039;ext\u00e9rieur en stockant l&#039;\u00e9nergie cin\u00e9tique et en maintenant l&#039;\u00e9lan pour un mouvement de cyclisme fluide et r\u00e9gulier. cadence.\u00a0\" \/>\n<meta name=\"robots\" content=\"index, follow, max-snippet:-1, max-image-preview:large, max-video-preview:-1\" \/>\n<link rel=\"canonical\" href=\"https:\/\/espacemenager2000.fr\/en\/product\/velo-indoor-cycling-adidas-one-c-21x-bluetooth\/\" \/>\n<meta property=\"og:locale\" content=\"en_US\" \/>\n<meta property=\"og:type\" content=\"article\" \/>\n<meta property=\"og:title\" content=\"V\u00e9lo Indoor Cycling Adidas One C-21x - Promotion - Vente d&#039;\u00c9lectrom\u00e9nager Neuf et Garanti \u00e0 Paris\" \/>\n<meta property=\"og:description\" content=\"V\u00e9lo Indoor Cycling Adidas One C-21x - dot\u00e9 d&#039;une grande roue d&#039;inertie de 16 kg \/ 35 lb, con\u00e7ue pour simuler les sensations d&#039;un v\u00e9lo d&#039;ext\u00e9rieur en stockant l&#039;\u00e9nergie cin\u00e9tique et en maintenant l&#039;\u00e9lan pour un mouvement de cyclisme fluide et r\u00e9gulier. cadence.\u00a0\" \/>\n<meta property=\"og:url\" content=\"https:\/\/espacemenager2000.fr\/en\/product\/velo-indoor-cycling-adidas-one-c-21x-bluetooth\/\" \/>\n<meta property=\"og:site_name\" content=\"Vente d&#039;\u00c9lectrom\u00e9nager Neuf et Garanti \u00e0 Paris\" \/>\n<meta property=\"article:publisher\" content=\"https:\/\/www.facebook.com\/p\/Espace-menager-2000-100068469618146\/\" \/>\n<meta property=\"article:modified_time\" content=\"2026-05-10T20:42:01+00:00\" \/>\n<meta property=\"og:image\" content=\"https:\/\/espacemenager2000.fr\/wp-content\/uploads\/2026\/05\/Velo-Indoor-Cycling-Adidas-One-C-21x-.jpg\" \/>\n\t<meta property=\"og:image:width\" content=\"800\" \/>\n\t<meta property=\"og:image:height\" content=\"800\" \/>\n\t<meta property=\"og:image:type\" content=\"image\/jpeg\" \/>\n<meta name=\"twitter:card\" content=\"summary_large_image\" \/>\n<meta name=\"twitter:label1\" content=\"Est. reading time\" \/>\n\t<meta name=\"twitter:data1\" content=\"7 minutes\" \/>\n<script type=\"application\/ld+json\" class=\"yoast-schema-graph\">{\"@context\":\"https:\\\/\\\/schema.org\",\"@graph\":[{\"@type\":\"WebPage\",\"@id\":\"https:\\\/\\\/espacemenager2000.fr\\\/produit\\\/velo-indoor-cycling-adidas-one-c-21x-bluetooth\\\/\",\"url\":\"https:\\\/\\\/espacemenager2000.fr\\\/produit\\\/velo-indoor-cycling-adidas-one-c-21x-bluetooth\\\/\",\"name\":\"V\u00e9lo Indoor Cycling Adidas One C-21x - Promotion - Vente d&#039;\u00c9lectrom\u00e9nager Neuf et Garanti \u00e0 Paris\",\"isPartOf\":{\"@id\":\"https:\\\/\\\/espacemenager2000.fr\\\/#website\"},\"primaryImageOfPage\":{\"@id\":\"https:\\\/\\\/espacemenager2000.fr\\\/produit\\\/velo-indoor-cycling-adidas-one-c-21x-bluetooth\\\/#primaryimage\"},\"image\":{\"@id\":\"https:\\\/\\\/espacemenager2000.fr\\\/produit\\\/velo-indoor-cycling-adidas-one-c-21x-bluetooth\\\/#primaryimage\"},\"thumbnailUrl\":\"https:\\\/\\\/espacemenager2000.fr\\\/wp-content\\\/uploads\\\/2026\\\/05\\\/Velo-Indoor-Cycling-Adidas-One-C-21x-.jpg\",\"datePublished\":\"2025-12-22T16:12:44+00:00\",\"dateModified\":\"2026-05-10T20:42:01+00:00\",\"description\":\"V\u00e9lo Indoor Cycling Adidas One C-21x - dot\u00e9 d'une grande roue d'inertie de 16 kg \\\/ 35 lb, con\u00e7ue pour simuler les sensations d'un v\u00e9lo d'ext\u00e9rieur en stockant l'\u00e9nergie cin\u00e9tique et en maintenant l'\u00e9lan pour un mouvement de cyclisme fluide et r\u00e9gulier. cadence.\u00a0\",\"breadcrumb\":{\"@id\":\"https:\\\/\\\/espacemenager2000.fr\\\/produit\\\/velo-indoor-cycling-adidas-one-c-21x-bluetooth\\\/#breadcrumb\"},\"inLanguage\":\"en-US\",\"potentialAction\":[{\"@type\":\"ReadAction\",\"target\":[\"https:\\\/\\\/espacemenager2000.fr\\\/produit\\\/velo-indoor-cycling-adidas-one-c-21x-bluetooth\\\/\"]}]},{\"@type\":\"ImageObject\",\"inLanguage\":\"en-US\",\"@id\":\"https:\\\/\\\/espacemenager2000.fr\\\/produit\\\/velo-indoor-cycling-adidas-one-c-21x-bluetooth\\\/#primaryimage\",\"url\":\"https:\\\/\\\/espacemenager2000.fr\\\/wp-content\\\/uploads\\\/2026\\\/05\\\/Velo-Indoor-Cycling-Adidas-One-C-21x-.jpg\",\"contentUrl\":\"https:\\\/\\\/espacemenager2000.fr\\\/wp-content\\\/uploads\\\/2026\\\/05\\\/Velo-Indoor-Cycling-Adidas-One-C-21x-.jpg\",\"width\":800,\"height\":800},{\"@type\":\"BreadcrumbList\",\"@id\":\"https:\\\/\\\/espacemenager2000.fr\\\/produit\\\/velo-indoor-cycling-adidas-one-c-21x-bluetooth\\\/#breadcrumb\",\"itemListElement\":[{\"@type\":\"ListItem\",\"position\":1,\"name\":\"Accueil\",\"item\":\"https:\\\/\\\/espacemenager2000.fr\\\/\"},{\"@type\":\"ListItem\",\"position\":2,\"name\":\"Boutique\",\"item\":\"https:\\\/\\\/espacemenager2000.fr\\\/boutique\\\/\"},{\"@type\":\"ListItem\",\"position\":3,\"name\":\"V\u00e9lo Indoor Cycling Adidas One C-21x (Bluetooth)\"}]},{\"@type\":\"WebSite\",\"@id\":\"https:\\\/\\\/espacemenager2000.fr\\\/#website\",\"url\":\"https:\\\/\\\/espacemenager2000.fr\\\/\",\"name\":\"Espace Menager 2000\",\"description\":\"Expert en \u00e9lectrom\u00e9nager depuis 2001, Espace M\u00e9nager 2000 vous propose une large gamme de produits : lave-linge, r\u00e9frig\u00e9rateurs, \u00e9lectronique et fitness. Profitez de notre savoir-faire en vente, r\u00e9paration et d\u00e9pannage. Livraison rapide dans toute la zone Euro. Qualit\u00e9 et service garantis.\",\"publisher\":{\"@id\":\"https:\\\/\\\/espacemenager2000.fr\\\/#organization\"},\"potentialAction\":[{\"@type\":\"SearchAction\",\"target\":{\"@type\":\"EntryPoint\",\"urlTemplate\":\"https:\\\/\\\/espacemenager2000.fr\\\/?s={search_term_string}\"},\"query-input\":{\"@type\":\"PropertyValueSpecification\",\"valueRequired\":true,\"valueName\":\"search_term_string\"}}],\"inLanguage\":\"en-US\"},{\"@type\":\"Organization\",\"@id\":\"https:\\\/\\\/espacemenager2000.fr\\\/#organization\",\"name\":\"Espace Menager 2000\",\"url\":\"https:\\\/\\\/espacemenager2000.fr\\\/\",\"logo\":{\"@type\":\"ImageObject\",\"inLanguage\":\"en-US\",\"@id\":\"https:\\\/\\\/espacemenager2000.fr\\\/#\\\/schema\\\/logo\\\/image\\\/\",\"url\":\"https:\\\/\\\/espacemenager2000.fr\\\/wp-content\\\/uploads\\\/2026\\\/05\\\/Fav-Em2000.png\",\"contentUrl\":\"https:\\\/\\\/espacemenager2000.fr\\\/wp-content\\\/uploads\\\/2026\\\/05\\\/Fav-Em2000.png\",\"width\":369,\"height\":369,\"caption\":\"Espace Menager 2000\"},\"image\":{\"@id\":\"https:\\\/\\\/espacemenager2000.fr\\\/#\\\/schema\\\/logo\\\/image\\\/\"},\"sameAs\":[\"https:\\\/\\\/www.facebook.com\\\/p\\\/Espace-menager-2000-100068469618146\\\/\"]}]}<\/script>\n<!-- \/ Yoast SEO plugin. -->","yoast_head_json":{"title":"V\u00e9lo Indoor Cycling Adidas One C-21x - Promotion - Vente d&#039;\u00c9lectrom\u00e9nager Neuf et Garanti \u00e0 Paris","description":"V\u00e9lo Indoor Cycling Adidas One C-21x - dot\u00e9 d'une grande roue d'inertie de 16 kg \/ 35 lb, con\u00e7ue pour simuler les sensations d'un v\u00e9lo d'ext\u00e9rieur en stockant l'\u00e9nergie cin\u00e9tique et en maintenant l'\u00e9lan pour un mouvement de cyclisme fluide et r\u00e9gulier. cadence.\u00a0","robots":{"index":"index","follow":"follow","max-snippet":"max-snippet:-1","max-image-preview":"max-image-preview:large","max-video-preview":"max-video-preview:-1"},"canonical":"https:\/\/espacemenager2000.fr\/en\/product\/velo-indoor-cycling-adidas-one-c-21x-bluetooth\/","og_locale":"en_US","og_type":"article","og_title":"V\u00e9lo Indoor Cycling Adidas One C-21x - Promotion - Vente d&#039;\u00c9lectrom\u00e9nager Neuf et Garanti \u00e0 Paris","og_description":"V\u00e9lo Indoor Cycling Adidas One C-21x - dot\u00e9 d'une grande roue d'inertie de 16 kg \/ 35 lb, con\u00e7ue pour simuler les sensations d'un v\u00e9lo d'ext\u00e9rieur en stockant l'\u00e9nergie cin\u00e9tique et en maintenant l'\u00e9lan pour un mouvement de cyclisme fluide et r\u00e9gulier. cadence.\u00a0","og_url":"https:\/\/espacemenager2000.fr\/en\/product\/velo-indoor-cycling-adidas-one-c-21x-bluetooth\/","og_site_name":"Vente d&#039;\u00c9lectrom\u00e9nager Neuf et Garanti \u00e0 Paris","article_publisher":"https:\/\/www.facebook.com\/p\/Espace-menager-2000-100068469618146\/","article_modified_time":"2026-05-10T20:42:01+00:00","og_image":[{"width":800,"height":800,"url":"https:\/\/espacemenager2000.fr\/wp-content\/uploads\/2026\/05\/Velo-Indoor-Cycling-Adidas-One-C-21x-.jpg","type":"image\/jpeg"}],"twitter_card":"summary_large_image","twitter_misc":{"Est. reading time":"7 minutes"},"schema":{"@context":"https:\/\/schema.org","@graph":[{"@type":"WebPage","@id":"https:\/\/espacemenager2000.fr\/produit\/velo-indoor-cycling-adidas-one-c-21x-bluetooth\/","url":"https:\/\/espacemenager2000.fr\/produit\/velo-indoor-cycling-adidas-one-c-21x-bluetooth\/","name":"V\u00e9lo Indoor Cycling Adidas One C-21x - Promotion - Vente d&#039;\u00c9lectrom\u00e9nager Neuf et Garanti \u00e0 Paris","isPartOf":{"@id":"https:\/\/espacemenager2000.fr\/#website"},"primaryImageOfPage":{"@id":"https:\/\/espacemenager2000.fr\/produit\/velo-indoor-cycling-adidas-one-c-21x-bluetooth\/#primaryimage"},"image":{"@id":"https:\/\/espacemenager2000.fr\/produit\/velo-indoor-cycling-adidas-one-c-21x-bluetooth\/#primaryimage"},"thumbnailUrl":"https:\/\/espacemenager2000.fr\/wp-content\/uploads\/2026\/05\/Velo-Indoor-Cycling-Adidas-One-C-21x-.jpg","datePublished":"2025-12-22T16:12:44+00:00","dateModified":"2026-05-10T20:42:01+00:00","description":"V\u00e9lo Indoor Cycling Adidas One C-21x - dot\u00e9 d'une grande roue d'inertie de 16 kg \/ 35 lb, con\u00e7ue pour simuler les sensations d'un v\u00e9lo d'ext\u00e9rieur en stockant l'\u00e9nergie cin\u00e9tique et en maintenant l'\u00e9lan pour un mouvement de cyclisme fluide et r\u00e9gulier. cadence.\u00a0","breadcrumb":{"@id":"https:\/\/espacemenager2000.fr\/produit\/velo-indoor-cycling-adidas-one-c-21x-bluetooth\/#breadcrumb"},"inLanguage":"en-US","potentialAction":[{"@type":"ReadAction","target":["https:\/\/espacemenager2000.fr\/produit\/velo-indoor-cycling-adidas-one-c-21x-bluetooth\/"]}]},{"@type":"ImageObject","inLanguage":"en-US","@id":"https:\/\/espacemenager2000.fr\/produit\/velo-indoor-cycling-adidas-one-c-21x-bluetooth\/#primaryimage","url":"https:\/\/espacemenager2000.fr\/wp-content\/uploads\/2026\/05\/Velo-Indoor-Cycling-Adidas-One-C-21x-.jpg","contentUrl":"https:\/\/espacemenager2000.fr\/wp-content\/uploads\/2026\/05\/Velo-Indoor-Cycling-Adidas-One-C-21x-.jpg","width":800,"height":800},{"@type":"BreadcrumbList","@id":"https:\/\/espacemenager2000.fr\/produit\/velo-indoor-cycling-adidas-one-c-21x-bluetooth\/#breadcrumb","itemListElement":[{"@type":"ListItem","position":1,"name":"Accueil","item":"https:\/\/espacemenager2000.fr\/"},{"@type":"ListItem","position":2,"name":"Boutique","item":"https:\/\/espacemenager2000.fr\/boutique\/"},{"@type":"ListItem","position":3,"name":"V\u00e9lo Indoor Cycling Adidas One C-21x (Bluetooth)"}]},{"@type":"WebSite","@id":"https:\/\/espacemenager2000.fr\/#website","url":"https:\/\/espacemenager2000.fr\/","name":"Espace Menager 2000","description":"Expert en \u00e9lectrom\u00e9nager depuis 2001, Espace M\u00e9nager 2000 vous propose une large gamme de produits : lave-linge, r\u00e9frig\u00e9rateurs, \u00e9lectronique et fitness. Profitez de notre savoir-faire en vente, r\u00e9paration et d\u00e9pannage. Livraison rapide dans toute la zone Euro. Qualit\u00e9 et service garantis.","publisher":{"@id":"https:\/\/espacemenager2000.fr\/#organization"},"potentialAction":[{"@type":"SearchAction","target":{"@type":"EntryPoint","urlTemplate":"https:\/\/espacemenager2000.fr\/?s={search_term_string}"},"query-input":{"@type":"PropertyValueSpecification","valueRequired":true,"valueName":"search_term_string"}}],"inLanguage":"en-US"},{"@type":"Organization","@id":"https:\/\/espacemenager2000.fr\/#organization","name":"Espace Menager 2000","url":"https:\/\/espacemenager2000.fr\/","logo":{"@type":"ImageObject","inLanguage":"en-US","@id":"https:\/\/espacemenager2000.fr\/#\/schema\/logo\/image\/","url":"https:\/\/espacemenager2000.fr\/wp-content\/uploads\/2026\/05\/Fav-Em2000.png","contentUrl":"https:\/\/espacemenager2000.fr\/wp-content\/uploads\/2026\/05\/Fav-Em2000.png","width":369,"height":369,"caption":"Espace Menager 2000"},"image":{"@id":"https:\/\/espacemenager2000.fr\/#\/schema\/logo\/image\/"},"sameAs":["https:\/\/www.facebook.com\/p\/Espace-menager-2000-100068469618146\/"]}]}},"_links":{"self":[{"href":"https:\/\/espacemenager2000.fr\/en\/wp-json\/wp\/v2\/product\/583","targetHints":{"allow":["GET"]}}],"collection":[{"href":"https:\/\/espacemenager2000.fr\/en\/wp-json\/wp\/v2\/product"}],"about":[{"href":"https:\/\/espacemenager2000.fr\/en\/wp-json\/wp\/v2\/types\/product"}],"replies":[{"embeddable":true,"href":"https:\/\/espacemenager2000.fr\/en\/wp-json\/wp\/v2\/comments?post=583"}],"wp:featuredmedia":[{"embeddable":true,"href":"https:\/\/espacemenager2000.fr\/en\/wp-json\/wp\/v2\/media\/584"}],"wp:attachment":[{"href":"https:\/\/espacemenager2000.fr\/en\/wp-json\/wp\/v2\/media?parent=583"}],"wp:term":[{"taxonomy":"product_brand","embeddable":true,"href":"https:\/\/espacemenager2000.fr\/en\/wp-json\/wp\/v2\/product_brand?post=583"},{"taxonomy":"product_cat","embeddable":true,"href":"https:\/\/espacemenager2000.fr\/en\/wp-json\/wp\/v2\/product_cat?post=583"},{"taxonomy":"product_tag","embeddable":true,"href":"https:\/\/espacemenager2000.fr\/en\/wp-json\/wp\/v2\/product_tag?post=583"}],"curies":[{"name":"wp","href":"https:\/\/api.w.org\/{rel}","templated":true}]}}