{"id":535,"date":"2025-12-22T16:12:43","date_gmt":"2025-12-22T16:12:43","guid":{"rendered":"https:\/\/espacemenager2000.fr\/?post_type=product&#038;p=535"},"modified":"2026-05-14T00:17:22","modified_gmt":"2026-05-14T00:17:22","slug":"velo-dappartement-proform-225-csx-2024","status":"publish","type":"product","link":"https:\/\/espacemenager2000.fr\/en\/product\/velo-dappartement-proform-225-csx-2024\/","title":{"rendered":"V\u00e9lo d&#8217;appartement Proform 225 CSX 2024"},"content":{"rendered":"<h2>V\u00e9lo d&#8217;appartement Proform 225 CSX 2024<\/h2>\n<p><strong>Le nouveau Proform 225 CSX<\/strong> ou V\u00e9lo d&#8217;appartement Proform 225 CSX 2024 est l&#8217;outil parfait pour obtenir la meilleure condition physique et m\u00eame vous aider \u00e0 r\u00e9cup\u00e9rer ou \u00e0 vous r\u00e9habiliter, gr\u00e2ce \u00e0 ses diff\u00e9rentes fonctionnalit\u00e9s motivantes et innovantes, comme son nouvel \u00e9cran LED Round Watts\u2122 \u00e0 la pointe de la technologie qui vous indiquera en permanence la progression de votre exercice et votre zone d&#8217;effort, la possibilit\u00e9 de profiter de votre contenu multim\u00e9dia gr\u00e2ce au support pour tablette inclus, ou de profiter de toute votre musique pr\u00e9f\u00e9r\u00e9e gr\u00e2ce au syst\u00e8me audio Intermix Acoustics 2.0 compatible avec votre Ipod, mp3 ou mp4.<\/p>\n<h3>Caract\u00e9ristiques V\u00e9lo d&#8217;appartement Proform 225 CSX (2024)<\/h3>\n<div class=\"contenido\">\n<div><strong>Le nouveau Proform 225 CSX<\/strong>\u00a0est l&#8217;outil parfait pour obtenir la meilleure condition physique et m\u00eame vous aider \u00e0 r\u00e9cup\u00e9rer ou \u00e0 vous r\u00e9habiliter, gr\u00e2ce \u00e0 ses diff\u00e9rentes fonctionnalit\u00e9s motivantes et innovantes, comme son nouvel \u00e9cran LED Round Watts\u2122 \u00e0 la pointe de la technologie qui vous indiquera en permanence la progression de votre exercice et votre zone d&#8217;effort, la possibilit\u00e9 de profiter de votre contenu multim\u00e9dia gr\u00e2ce au support pour tablette inclus, ou de profiter de toute votre musique pr\u00e9f\u00e9r\u00e9e gr\u00e2ce au syst\u00e8me audio Intermix Acoustics 2.0 compatible avec votre Ipod, mp3 ou mp4.<\/div>\n<div><\/div>\n<div>\n<h4><strong>Ecran LCD<\/strong><\/h4>\n<div>Vous pouvez augmenter et diminuer la vitesse et la r\u00e9sistance manuellement, mais aucun programme n&#8217;est inclus. L&#8217;acc\u00e8s aux programmes n\u00e9cessite l&#8217;utilisation de l&#8217;application iFIT, via un smartphone ou une tablette, et requiert un abonnement iFIT (\u00e0 partir d&#8217;un smartphone\/tablette, il n&#8217;y a pas d&#8217;option pour les programmes gratuits).<\/div>\n<\/div>\n<div>\n<div>\n<p><img decoding=\"async\" class=\"lazy-content img-fluid\" src=\"https:\/\/www.fitnessdigital.fr\/images\/productos\/detalles\/proform\/proform-225-15.jpg\" alt=\"proform-225-15\" \/><\/p>\n<\/div>\n<h3><strong>Caract\u00e9ristiques<\/strong><\/h3>\n<ul>\n<li>Nouveau moniteur LED innovant Round Watts\u2122, qui vous informera de votre puissance et de la progression de vos exercices, et vous alertera lorsque vous atteindrez les objectifs que vous avez s\u00e9lectionn\u00e9s.<\/li>\n<li>20 niveaux de r\u00e9sistance magn\u00e9tique num\u00e9rique SMR\u2122 silencieuse, vous permettant de modifier rapidement et facilement l&#8217;intensit\u00e9 de vos exercices<\/li>\n<li>Syst\u00e8me audio Intermix Acoustics\u2122 2.0 int\u00e9gr\u00e9, pour profiter et vous motiver encore plus avec votre musique pr\u00e9f\u00e9r\u00e9e pendant vos s\u00e9ances d&#8217;entra\u00eenement, car il est compatible avec votre Ipod, mp3 ou mp4.<\/li>\n<li>Le support de la tablette est inclus, ce qui vous permet de visualiser tout votre contenu multim\u00e9dia pendant que vous vous entra\u00eenez en tout confort.<\/li>\n<li>Int\u00e8gre le ventilateur \u00e0 deux vitesses CoolAire\u2122, essentiel pendant les p\u00e9riodes les plus chaudes ou dans les espaces confin\u00e9s.<\/li>\n<li>Grande selle confortable avec r\u00e9glage en diff\u00e9rentes positions pour la position la plus confortable et la plus correcte.<\/li>\n<\/ul>\n<h3><strong>Sp\u00e9cifications<br \/>\n<\/strong><\/h3>\n<ul>\n<li>Roue d&#8217;inertie de 7 kg pour une tr\u00e8s bonne fluidit\u00e9 de p\u00e9dalage<\/li>\n<li>Freinage magn\u00e9tique pour une utilisation silencieuse<\/li>\n<li>20 niveaux de r\u00e9sistance digitale<\/li>\n<li>Ventilateur CoolAire\u2122<\/li>\n<li>Support de tablette (tablette non incluse)<\/li>\n<\/ul>\n<div>\n<p><img decoding=\"async\" class=\"lazy-content img-fluid\" src=\"https:\/\/www.fitnessdigital.fr\/images\/productos\/detalles\/proform\/proform-225-12.jpg\" alt=\"proform-225-12\" \/><\/p>\n<\/div>\n<h4><strong>Console<\/strong><\/h4>\n<ul>\n<li>D\u00e9couvrez l&#8217;univers des courses virtuelles gr\u00e2ce \u00e0 la technologie iFit (* Application \u00e0 t\u00e9l\u00e9charger depuis une tablette &#8211; Abonnement premium payant \u00e0 acqu\u00e9rir sur www.ifit.com)<\/li>\n<li>L\u2019\u00e9cran LED vous donne toutes les informations n\u00e9cessaires lors de votre course : vitesse, temps, r\u00e9sistance, distance, calories et pulsations<\/li>\n<li>Connectique MP3 et haut-parleurs int\u00e9gr\u00e9s<\/li>\n<\/ul>\n<h4><strong>Technologie ActivePulse\u2122\u00a0<\/strong><\/h4>\n<ul>\n<li>C&#8217;est la toute nouvelle fa\u00e7on de vivre une exp\u00e9rience iFIT interactive et personnalis\u00e9e.<\/li>\n<li>Lorsque ActivePulse est activ\u00e9 et qu&#8217;un cardiofr\u00e9quencem\u00e8tre compatible Bluetooth\u00ae est connect\u00e9 \u00e0 votre machine de course, votre v\u00e9lo elliptique ou votre rameur, l&#8217;intensit\u00e9 augmente ou diminue automatiquement pour maintenir la zone de fr\u00e9quence cardiaque id\u00e9ale pour votre entra\u00eenement.<\/li>\n<li><strong>Compatible avec tout capteur de fr\u00e9quence cardiaque compatible Bluetooth\u00ae.<\/strong><\/li>\n<\/ul>\n<div><\/div>\n<div><img decoding=\"async\" class=\"lazy-content img-fluid\" src=\"https:\/\/www.fitnessdigital.fr\/images\/productos\/detalles\/proform\/proform-225-13.jpg\" alt=\"proform-225-13\" \/><\/div>\n<div><strong>\u00a0<\/strong><\/div>\n<div><\/div>\n<div><\/div>\n<div><\/div>\n<div><strong>Selle rembourr\u00e9e ajustable en hauteur et profondeur\u00a0<\/strong><\/div>\n<div><\/div>\n<ul>\n<li>Roulettes de transport pour faciliter les d\u00e9placements de votre elliptique lorsque vous le souhaitez<\/li>\n<\/ul>\n<\/div>\n<\/div>","protected":false},"excerpt":{"rendered":"<div class=\"product attribute overview\">\n<div class=\"value\"><strong>Le nouveau Proform 225 CSX<\/strong>\u00a0est l&#8217;outil parfait pour obtenir la meilleure condition physique et m\u00eame vous aider \u00e0 r\u00e9cup\u00e9rer ou \u00e0 vous r\u00e9habiliter, gr\u00e2ce \u00e0 ses diff\u00e9rentes fonctionnalit\u00e9s motivantes et innovantes, comme son nouvel \u00e9cran LED Round Watts\u2122 \u00e0 la pointe de la technologie qui vous indiquera en permanence la progression de votre exercice et votre zone d&#8217;effort, la possibilit\u00e9 de profiter de votre contenu multim\u00e9dia gr\u00e2ce au support pour tablette inclus, ou de profiter de toute votre musique pr\u00e9f\u00e9r\u00e9e gr\u00e2ce au syst\u00e8me audio Intermix Acoustics 2.0 compatible avec votre Ipod, mp3 ou mp4.<\/div>\n<\/div>","protected":false},"featured_media":536,"comment_status":"open","ping_status":"closed","template":"","meta":[],"product_brand":[34],"product_cat":[17,18,19,42],"product_tag":[47],"class_list":{"0":"post-535","1":"product","2":"type-product","3":"status-publish","4":"has-post-thumbnail","6":"product_brand-proform","7":"product_cat-bons-plans","8":"product_cat-promotions","9":"product_cat-training-fitness","10":"product_cat-velos-dappartement","11":"product_tag-velo-dappartement","13":"first","14":"instock","15":"sale","16":"featured","17":"shipping-taxable","18":"purchasable","19":"product-type-simple"},"yoast_head":"<!-- This site is optimized with the Yoast SEO plugin v27.6 - https:\/\/yoast.com\/product\/yoast-seo-wordpress\/ -->\n<title>V\u00e9lo d&#039;appartement Proform 225 CSX 2024 - Promotion - Vente d&#039;\u00c9lectrom\u00e9nager Neuf et Garanti \u00e0 Paris<\/title>\n<meta name=\"description\" content=\"V\u00e9lo d&#039;appartement Proform 225 CSX 2024 - outil parfait pour obtenir la meilleure condition physique et m\u00eame vous aider \u00e0 r\u00e9cup\u00e9rer ou \u00e0 vous r\u00e9habiliter, gr\u00e2ce \u00e0 ses diff\u00e9rentes fonctionnalit\u00e9s motivantes et innovantes\" \/>\n<meta name=\"robots\" content=\"index, follow, max-snippet:-1, max-image-preview:large, max-video-preview:-1\" \/>\n<link rel=\"canonical\" href=\"https:\/\/espacemenager2000.fr\/en\/product\/velo-dappartement-proform-225-csx-2024\/\" \/>\n<meta property=\"og:locale\" content=\"en_US\" \/>\n<meta property=\"og:type\" content=\"article\" \/>\n<meta property=\"og:title\" content=\"V\u00e9lo d&#039;appartement Proform 225 CSX 2024 - Promotion - Vente d&#039;\u00c9lectrom\u00e9nager Neuf et Garanti \u00e0 Paris\" \/>\n<meta property=\"og:description\" content=\"V\u00e9lo d&#039;appartement Proform 225 CSX 2024 - outil parfait pour obtenir la meilleure condition physique et m\u00eame vous aider \u00e0 r\u00e9cup\u00e9rer ou \u00e0 vous r\u00e9habiliter, gr\u00e2ce \u00e0 ses diff\u00e9rentes fonctionnalit\u00e9s motivantes et innovantes\" \/>\n<meta property=\"og:url\" content=\"https:\/\/espacemenager2000.fr\/en\/product\/velo-dappartement-proform-225-csx-2024\/\" \/>\n<meta property=\"og:site_name\" content=\"Vente d&#039;\u00c9lectrom\u00e9nager Neuf et Garanti \u00e0 Paris\" \/>\n<meta property=\"article:publisher\" content=\"https:\/\/www.facebook.com\/p\/Espace-menager-2000-100068469618146\/\" \/>\n<meta property=\"article:modified_time\" content=\"2026-05-14T00:17:22+00:00\" \/>\n<meta property=\"og:image\" content=\"https:\/\/espacemenager2000.fr\/wp-content\/uploads\/2026\/05\/Velo-dappartement-Proform-225-CSX-2024-.jpg\" \/>\n\t<meta property=\"og:image:width\" content=\"800\" \/>\n\t<meta property=\"og:image:height\" content=\"800\" \/>\n\t<meta property=\"og:image:type\" content=\"image\/jpeg\" \/>\n<meta name=\"twitter:card\" content=\"summary_large_image\" \/>\n<meta name=\"twitter:label1\" content=\"Est. reading time\" \/>\n\t<meta name=\"twitter:data1\" content=\"6 minutes\" \/>\n<script type=\"application\/ld+json\" class=\"yoast-schema-graph\">{\"@context\":\"https:\\\/\\\/schema.org\",\"@graph\":[{\"@type\":\"WebPage\",\"@id\":\"https:\\\/\\\/espacemenager2000.fr\\\/produit\\\/velo-dappartement-proform-225-csx-2024\\\/\",\"url\":\"https:\\\/\\\/espacemenager2000.fr\\\/produit\\\/velo-dappartement-proform-225-csx-2024\\\/\",\"name\":\"V\u00e9lo d'appartement Proform 225 CSX 2024 - Promotion - Vente d&#039;\u00c9lectrom\u00e9nager Neuf et Garanti \u00e0 Paris\",\"isPartOf\":{\"@id\":\"https:\\\/\\\/espacemenager2000.fr\\\/#website\"},\"primaryImageOfPage\":{\"@id\":\"https:\\\/\\\/espacemenager2000.fr\\\/produit\\\/velo-dappartement-proform-225-csx-2024\\\/#primaryimage\"},\"image\":{\"@id\":\"https:\\\/\\\/espacemenager2000.fr\\\/produit\\\/velo-dappartement-proform-225-csx-2024\\\/#primaryimage\"},\"thumbnailUrl\":\"https:\\\/\\\/espacemenager2000.fr\\\/wp-content\\\/uploads\\\/2026\\\/05\\\/Velo-dappartement-Proform-225-CSX-2024-.jpg\",\"datePublished\":\"2025-12-22T16:12:43+00:00\",\"dateModified\":\"2026-05-14T00:17:22+00:00\",\"description\":\"V\u00e9lo d'appartement Proform 225 CSX 2024 - outil parfait pour obtenir la meilleure condition physique et m\u00eame vous aider \u00e0 r\u00e9cup\u00e9rer ou \u00e0 vous r\u00e9habiliter, gr\u00e2ce \u00e0 ses diff\u00e9rentes fonctionnalit\u00e9s motivantes et innovantes\",\"breadcrumb\":{\"@id\":\"https:\\\/\\\/espacemenager2000.fr\\\/produit\\\/velo-dappartement-proform-225-csx-2024\\\/#breadcrumb\"},\"inLanguage\":\"en-US\",\"potentialAction\":[{\"@type\":\"ReadAction\",\"target\":[\"https:\\\/\\\/espacemenager2000.fr\\\/produit\\\/velo-dappartement-proform-225-csx-2024\\\/\"]}]},{\"@type\":\"ImageObject\",\"inLanguage\":\"en-US\",\"@id\":\"https:\\\/\\\/espacemenager2000.fr\\\/produit\\\/velo-dappartement-proform-225-csx-2024\\\/#primaryimage\",\"url\":\"https:\\\/\\\/espacemenager2000.fr\\\/wp-content\\\/uploads\\\/2026\\\/05\\\/Velo-dappartement-Proform-225-CSX-2024-.jpg\",\"contentUrl\":\"https:\\\/\\\/espacemenager2000.fr\\\/wp-content\\\/uploads\\\/2026\\\/05\\\/Velo-dappartement-Proform-225-CSX-2024-.jpg\",\"width\":800,\"height\":800},{\"@type\":\"BreadcrumbList\",\"@id\":\"https:\\\/\\\/espacemenager2000.fr\\\/produit\\\/velo-dappartement-proform-225-csx-2024\\\/#breadcrumb\",\"itemListElement\":[{\"@type\":\"ListItem\",\"position\":1,\"name\":\"Accueil\",\"item\":\"https:\\\/\\\/espacemenager2000.fr\\\/\"},{\"@type\":\"ListItem\",\"position\":2,\"name\":\"Boutique\",\"item\":\"https:\\\/\\\/espacemenager2000.fr\\\/boutique\\\/\"},{\"@type\":\"ListItem\",\"position\":3,\"name\":\"V\u00e9lo d&#8217;appartement Proform 225 CSX 2024\"}]},{\"@type\":\"WebSite\",\"@id\":\"https:\\\/\\\/espacemenager2000.fr\\\/#website\",\"url\":\"https:\\\/\\\/espacemenager2000.fr\\\/\",\"name\":\"Espace Menager 2000\",\"description\":\"Expert en \u00e9lectrom\u00e9nager depuis 2001, Espace M\u00e9nager 2000 vous propose une large gamme de produits : lave-linge, r\u00e9frig\u00e9rateurs, \u00e9lectronique et fitness. Profitez de notre savoir-faire en vente, r\u00e9paration et d\u00e9pannage. Livraison rapide dans toute la zone Euro. Qualit\u00e9 et service garantis.\",\"publisher\":{\"@id\":\"https:\\\/\\\/espacemenager2000.fr\\\/#organization\"},\"potentialAction\":[{\"@type\":\"SearchAction\",\"target\":{\"@type\":\"EntryPoint\",\"urlTemplate\":\"https:\\\/\\\/espacemenager2000.fr\\\/?s={search_term_string}\"},\"query-input\":{\"@type\":\"PropertyValueSpecification\",\"valueRequired\":true,\"valueName\":\"search_term_string\"}}],\"inLanguage\":\"en-US\"},{\"@type\":\"Organization\",\"@id\":\"https:\\\/\\\/espacemenager2000.fr\\\/#organization\",\"name\":\"Espace Menager 2000\",\"url\":\"https:\\\/\\\/espacemenager2000.fr\\\/\",\"logo\":{\"@type\":\"ImageObject\",\"inLanguage\":\"en-US\",\"@id\":\"https:\\\/\\\/espacemenager2000.fr\\\/#\\\/schema\\\/logo\\\/image\\\/\",\"url\":\"https:\\\/\\\/espacemenager2000.fr\\\/wp-content\\\/uploads\\\/2026\\\/05\\\/Fav-Em2000.png\",\"contentUrl\":\"https:\\\/\\\/espacemenager2000.fr\\\/wp-content\\\/uploads\\\/2026\\\/05\\\/Fav-Em2000.png\",\"width\":369,\"height\":369,\"caption\":\"Espace Menager 2000\"},\"image\":{\"@id\":\"https:\\\/\\\/espacemenager2000.fr\\\/#\\\/schema\\\/logo\\\/image\\\/\"},\"sameAs\":[\"https:\\\/\\\/www.facebook.com\\\/p\\\/Espace-menager-2000-100068469618146\\\/\"]}]}<\/script>\n<!-- \/ Yoast SEO plugin. -->","yoast_head_json":{"title":"V\u00e9lo d'appartement Proform 225 CSX 2024 - Promotion - Vente d&#039;\u00c9lectrom\u00e9nager Neuf et Garanti \u00e0 Paris","description":"V\u00e9lo d'appartement Proform 225 CSX 2024 - outil parfait pour obtenir la meilleure condition physique et m\u00eame vous aider \u00e0 r\u00e9cup\u00e9rer ou \u00e0 vous r\u00e9habiliter, gr\u00e2ce \u00e0 ses diff\u00e9rentes fonctionnalit\u00e9s motivantes et innovantes","robots":{"index":"index","follow":"follow","max-snippet":"max-snippet:-1","max-image-preview":"max-image-preview:large","max-video-preview":"max-video-preview:-1"},"canonical":"https:\/\/espacemenager2000.fr\/en\/product\/velo-dappartement-proform-225-csx-2024\/","og_locale":"en_US","og_type":"article","og_title":"V\u00e9lo d'appartement Proform 225 CSX 2024 - Promotion - Vente d&#039;\u00c9lectrom\u00e9nager Neuf et Garanti \u00e0 Paris","og_description":"V\u00e9lo d'appartement Proform 225 CSX 2024 - outil parfait pour obtenir la meilleure condition physique et m\u00eame vous aider \u00e0 r\u00e9cup\u00e9rer ou \u00e0 vous r\u00e9habiliter, gr\u00e2ce \u00e0 ses diff\u00e9rentes fonctionnalit\u00e9s motivantes et innovantes","og_url":"https:\/\/espacemenager2000.fr\/en\/product\/velo-dappartement-proform-225-csx-2024\/","og_site_name":"Vente d&#039;\u00c9lectrom\u00e9nager Neuf et Garanti \u00e0 Paris","article_publisher":"https:\/\/www.facebook.com\/p\/Espace-menager-2000-100068469618146\/","article_modified_time":"2026-05-14T00:17:22+00:00","og_image":[{"width":800,"height":800,"url":"https:\/\/espacemenager2000.fr\/wp-content\/uploads\/2026\/05\/Velo-dappartement-Proform-225-CSX-2024-.jpg","type":"image\/jpeg"}],"twitter_card":"summary_large_image","twitter_misc":{"Est. reading time":"6 minutes"},"schema":{"@context":"https:\/\/schema.org","@graph":[{"@type":"WebPage","@id":"https:\/\/espacemenager2000.fr\/produit\/velo-dappartement-proform-225-csx-2024\/","url":"https:\/\/espacemenager2000.fr\/produit\/velo-dappartement-proform-225-csx-2024\/","name":"V\u00e9lo d'appartement Proform 225 CSX 2024 - Promotion - Vente d&#039;\u00c9lectrom\u00e9nager Neuf et Garanti \u00e0 Paris","isPartOf":{"@id":"https:\/\/espacemenager2000.fr\/#website"},"primaryImageOfPage":{"@id":"https:\/\/espacemenager2000.fr\/produit\/velo-dappartement-proform-225-csx-2024\/#primaryimage"},"image":{"@id":"https:\/\/espacemenager2000.fr\/produit\/velo-dappartement-proform-225-csx-2024\/#primaryimage"},"thumbnailUrl":"https:\/\/espacemenager2000.fr\/wp-content\/uploads\/2026\/05\/Velo-dappartement-Proform-225-CSX-2024-.jpg","datePublished":"2025-12-22T16:12:43+00:00","dateModified":"2026-05-14T00:17:22+00:00","description":"V\u00e9lo d'appartement Proform 225 CSX 2024 - outil parfait pour obtenir la meilleure condition physique et m\u00eame vous aider \u00e0 r\u00e9cup\u00e9rer ou \u00e0 vous r\u00e9habiliter, gr\u00e2ce \u00e0 ses diff\u00e9rentes fonctionnalit\u00e9s motivantes et innovantes","breadcrumb":{"@id":"https:\/\/espacemenager2000.fr\/produit\/velo-dappartement-proform-225-csx-2024\/#breadcrumb"},"inLanguage":"en-US","potentialAction":[{"@type":"ReadAction","target":["https:\/\/espacemenager2000.fr\/produit\/velo-dappartement-proform-225-csx-2024\/"]}]},{"@type":"ImageObject","inLanguage":"en-US","@id":"https:\/\/espacemenager2000.fr\/produit\/velo-dappartement-proform-225-csx-2024\/#primaryimage","url":"https:\/\/espacemenager2000.fr\/wp-content\/uploads\/2026\/05\/Velo-dappartement-Proform-225-CSX-2024-.jpg","contentUrl":"https:\/\/espacemenager2000.fr\/wp-content\/uploads\/2026\/05\/Velo-dappartement-Proform-225-CSX-2024-.jpg","width":800,"height":800},{"@type":"BreadcrumbList","@id":"https:\/\/espacemenager2000.fr\/produit\/velo-dappartement-proform-225-csx-2024\/#breadcrumb","itemListElement":[{"@type":"ListItem","position":1,"name":"Accueil","item":"https:\/\/espacemenager2000.fr\/"},{"@type":"ListItem","position":2,"name":"Boutique","item":"https:\/\/espacemenager2000.fr\/boutique\/"},{"@type":"ListItem","position":3,"name":"V\u00e9lo d&#8217;appartement Proform 225 CSX 2024"}]},{"@type":"WebSite","@id":"https:\/\/espacemenager2000.fr\/#website","url":"https:\/\/espacemenager2000.fr\/","name":"Espace Menager 2000","description":"Expert en \u00e9lectrom\u00e9nager depuis 2001, Espace M\u00e9nager 2000 vous propose une large gamme de produits : lave-linge, r\u00e9frig\u00e9rateurs, \u00e9lectronique et fitness. Profitez de notre savoir-faire en vente, r\u00e9paration et d\u00e9pannage. Livraison rapide dans toute la zone Euro. Qualit\u00e9 et service garantis.","publisher":{"@id":"https:\/\/espacemenager2000.fr\/#organization"},"potentialAction":[{"@type":"SearchAction","target":{"@type":"EntryPoint","urlTemplate":"https:\/\/espacemenager2000.fr\/?s={search_term_string}"},"query-input":{"@type":"PropertyValueSpecification","valueRequired":true,"valueName":"search_term_string"}}],"inLanguage":"en-US"},{"@type":"Organization","@id":"https:\/\/espacemenager2000.fr\/#organization","name":"Espace Menager 2000","url":"https:\/\/espacemenager2000.fr\/","logo":{"@type":"ImageObject","inLanguage":"en-US","@id":"https:\/\/espacemenager2000.fr\/#\/schema\/logo\/image\/","url":"https:\/\/espacemenager2000.fr\/wp-content\/uploads\/2026\/05\/Fav-Em2000.png","contentUrl":"https:\/\/espacemenager2000.fr\/wp-content\/uploads\/2026\/05\/Fav-Em2000.png","width":369,"height":369,"caption":"Espace Menager 2000"},"image":{"@id":"https:\/\/espacemenager2000.fr\/#\/schema\/logo\/image\/"},"sameAs":["https:\/\/www.facebook.com\/p\/Espace-menager-2000-100068469618146\/"]}]}},"_links":{"self":[{"href":"https:\/\/espacemenager2000.fr\/en\/wp-json\/wp\/v2\/product\/535","targetHints":{"allow":["GET"]}}],"collection":[{"href":"https:\/\/espacemenager2000.fr\/en\/wp-json\/wp\/v2\/product"}],"about":[{"href":"https:\/\/espacemenager2000.fr\/en\/wp-json\/wp\/v2\/types\/product"}],"replies":[{"embeddable":true,"href":"https:\/\/espacemenager2000.fr\/en\/wp-json\/wp\/v2\/comments?post=535"}],"wp:featuredmedia":[{"embeddable":true,"href":"https:\/\/espacemenager2000.fr\/en\/wp-json\/wp\/v2\/media\/536"}],"wp:attachment":[{"href":"https:\/\/espacemenager2000.fr\/en\/wp-json\/wp\/v2\/media?parent=535"}],"wp:term":[{"taxonomy":"product_brand","embeddable":true,"href":"https:\/\/espacemenager2000.fr\/en\/wp-json\/wp\/v2\/product_brand?post=535"},{"taxonomy":"product_cat","embeddable":true,"href":"https:\/\/espacemenager2000.fr\/en\/wp-json\/wp\/v2\/product_cat?post=535"},{"taxonomy":"product_tag","embeddable":true,"href":"https:\/\/espacemenager2000.fr\/en\/wp-json\/wp\/v2\/product_tag?post=535"}],"curies":[{"name":"wp","href":"https:\/\/api.w.org\/{rel}","templated":true}]}}