{"id":481,"date":"2025-12-22T16:12:21","date_gmt":"2025-12-22T16:12:21","guid":{"rendered":"https:\/\/espacemenager2000.fr\/?post_type=product&#038;p=481"},"modified":"2026-05-14T00:17:33","modified_gmt":"2026-05-14T00:17:33","slug":"velo-dappartement-bh-nexor-multimedia-h1065tftm","status":"publish","type":"product","link":"https:\/\/espacemenager2000.fr\/en\/product\/velo-dappartement-bh-nexor-multimedia-h1065tftm\/","title":{"rendered":"V\u00e9lo d&#8217;appartement BH Nexor Multimedia H1065TFTM"},"content":{"rendered":"<h2>V\u00e9lo d&#8217;appartement BH Nexor Multimedia H1065TFTM<\/h2>\n<div>V\u00e9lo d&#8217;appartement BH Nexor Multimedia H1065TFTM: Sa structure renforc\u00e9 offre un entrainement en pleine s\u00e9curit\u00e9 et stabilit\u00e9 \u00e0 tous les usagers. Sa selle et son guidon r\u00e9glables permettent une posture id\u00e9ale sur le v\u00e9lo et un entrainement en plein confort.<\/div>\n<div><\/div>\n<div>\n<h3 style=\"font-weight: 400;\">Caract\u00e9ristiques V\u00e9lo d&#8217;appartement BH Nexor Multimedia H1065TFTM<\/h3>\n<p>Sa structure renforc\u00e9 offre un entrainement en pleine s\u00e9curit\u00e9 et stabilit\u00e9 \u00e0 tous les usagers. Sa selle et son guidon r\u00e9glables\u00a0permettent une posture id\u00e9ale sur le v\u00e9lo et un entrainement en plein confort.<\/p>\n<h3><b><strong>Les points forts<\/strong><\/b><\/h3>\n<p><b><strong>\u00c9cran multim\u00e9dia de 10 pouces<\/strong><\/b><\/p>\n<p>Inclut un FTMS Bluetooth pour \u00eatre compatible avec des applications telles que Zwift ou Kinomap. Permet de visionner du contenu multim\u00e9dia (Netflix, Spotify&#8230;) et de connecter des \u00e9couteurs, des sangles de poitrine ou des montres intelligentes.<\/p>\n<p><b><strong>Options d&#8217;entra\u00eenement<\/strong><\/b><\/p>\n<p>16 modes d&#8217;entra\u00eenement pr\u00e9d\u00e9finis avec la possibilit\u00e9 de personnaliser et d&#8217;enregistrer de nouveaux programmes cr\u00e9\u00e9s par l&#8217;utilisateur.<\/p>\n<p><b><strong>Miroir d&#8217;\u00e9cran<\/strong><\/b><\/p>\n<p>Dupliquez l&#8217;\u00e9cran d&#8217;un smartphone ou d&#8217;une tablette Android ou IOS sur le moniteur Nexor Multimedia gr\u00e2ce au syst\u00e8me de mirroring.<\/p>\n<p><b><strong>Bo\u00eetier de p\u00e9dalier renforc\u00e9<\/strong><\/b><\/p>\n<p>Garantit la s\u00e9curit\u00e9 et la stabilit\u00e9 lors des entra\u00eenements les plus exigeants.<\/p>\n<h3><b><strong>Sp\u00e9cifications<\/strong><\/b><\/h3>\n<ul>\n<li><b><strong>Fr\u00e9quence d&#8217;utilisation :<\/strong><\/b>\u00a0r\u00e9guli\u00e8re<\/li>\n<li><b><strong>Poids maximum de l&#8217;utilisateur :<\/strong><\/b>\u00a0130Kg<\/li>\n<li><b><strong>Syst\u00e8me de freinage :<\/strong><\/b>\u00a0magn\u00e9tique<\/li>\n<li><b><strong>Volant d&#8217;inertie<\/strong><\/b>: 8Kg<\/li>\n<li><b><strong>Mesure de l&#8217;impulsion de contact :<\/strong><\/b>\u00a0Oui<\/li>\n<li><b><strong>R\u00e9glage de la selle<\/strong><\/b>: Horizontal et vertical<\/li>\n<li><b><strong>R\u00e9glage du guidon :<\/strong><\/b>\u00a0Oui<\/li>\n<li><b><strong>Porte-bouteille :<\/strong><\/b>\u00a0Oui<\/li>\n<li><b><strong>Roues de transport :<\/strong><\/b>\u00a0Rouleaux<\/li>\n<li><b><strong>Longueur :<\/strong><\/b>\u00a0101cm<\/li>\n<li><b><strong>Largeur<\/strong><\/b>: 55cm<\/li>\n<li><b><strong>Hauteur<\/strong><\/b>: 142cm<\/li>\n<li><b><strong>Poids :<\/strong><\/b>\u00a032kg<\/li>\n<li><b><strong>Si\u00e8ge XXL<\/strong><\/b>: Oui<\/li>\n<li><b><strong>Guidon multipositions :<\/strong><\/b>\u00a0Oui<\/li>\n<li><b><strong>Moniteur :<\/strong><\/b> Multim\u00e9dia<\/li>\n<\/ul>\n<h4><b><strong>Programmes<\/strong><\/b><\/h4>\n<ul>\n<li><b><strong>Programmes pr\u00e9r\u00e9gl\u00e9s :\u00a0<\/strong><\/b>(Prg) 16<\/li>\n<li><b><strong>Niveaux d&#8217;intensit\u00e9 :<\/strong><\/b>\u00a024<\/li>\n<li><b><strong>Programme al\u00e9atoire :\u00a0<\/strong><\/b>(RP) Oui<\/li>\n<li><b><strong>Profils personnalisables :<\/strong><\/b>\u00a0(uprg) 5<\/li>\n<li><b><strong>Test de condition physique<\/strong><\/b>: (FT) Oui<\/li>\n<li><b><strong>Programme de contr\u00f4le de la fr\u00e9quence cardiaque<\/strong><\/b>: (HRC) 3<\/li>\n<li><b><strong>Programme de r\u00e9cup\u00e9ration :<\/strong><\/b>\u00a0(RT) Non<\/li>\n<li><b><strong>Test de graisse corporelle<\/strong><\/b>: (BF) Non<\/li>\n<\/ul>\n<p><b><strong>Nouveau moniteur multim\u00e9dia<\/strong><\/b><\/p>\n<p><b><strong>Une exp\u00e9rience fitness \u00e0 domicile qui va bien au-del\u00e0.<\/strong><\/b><\/p>\n<h4><b><strong>Caract\u00e9ristiques<\/strong><\/b><\/h4>\n<ul>\n<li>D\u00e9velopp\u00e9e par BH Fitness, la nouvelle console multim\u00e9dia combine le meilleur des deux technologies dominantes sur le march\u00e9.<\/li>\n<li>Bluetooth FTMS pour se connecter \u00e0 des applications d&#8217;entra\u00eenement telles que Zwift ou Kinomap.<\/li>\n<li>Les meilleures solutions de divertissement et de contenu num\u00e9rique. Des applications telles que Spotify, Netflix, YouTube, et autres sont pr\u00e9install\u00e9es sur l&#8217;\u00e9quipement.<\/li>\n<li>Haut-parleurs int\u00e9gr\u00e9s avec option de lecture par c\u00e2ble ou Bluetooth. Utilisez votre machine pour \u00e9couter de la musique depuis votre smartphone.<\/li>\n<li>5 profils d&#8217;utilisateurs permettant \u00e0 jusqu&#8217;\u00e0 5 personnes d&#8217;utiliser la machine de fa\u00e7on ind\u00e9pendante. Connectez vos \u00e9couteurs sans fil \u00e0 l\u2019\u00e9quipement et plongez-vous dans votre entra\u00eenement.<\/li>\n<li>Syst\u00e8me de mise \u00e0 jour des applications pr\u00e9install\u00e9es et de mise \u00e0 jour logicielle de la machine int\u00e9gr\u00e9.<\/li>\n<\/ul>\n<p>Immergez-vous dans l&#8217;exp\u00e9rience du divertissement et du contenu num\u00e9rique pendant votre s\u00e9ance d&#8217;entra\u00eenement avec l&#8217;int\u00e9gration des applications les plus populaires. Profitez de plateformes telles que YouTube, Netflix, Disney+, Prime Video et Spotify, entre autres, directement depuis votre \u00e9quipement.<\/p>\n<p>&nbsp;<\/p>\n<p>Disney+ et Prime Video sont uniquement disponibles sur RS1000 Multimedia, RS1200 Multimedia, FDC19 Multimedia, FDC20 Multimedia, SuperKhronos Multimedia, TFR Ergo Multimedia et TFB Multimedia.\u00c9crans tactiles de 16 ou 10 pouces r\u00e9ellement r\u00e9actifs et fluides, h\u00e9bergeant des programmes pr\u00e9d\u00e9finis, des programmes personnalisables, du divertissement, un entra\u00eenement via des applications externes et une large compatibilit\u00e9 avec des appareils externes.<\/p>\n<h5><b><strong>Compatible avec les applications d&#8217;entra\u00eenement<\/strong><\/b><\/h5>\n<p>La console multim\u00e9dia inclut Bluetooth FTMS. Cette technologie permet \u00e0 l&#8217;utilisateur de s&#8217;entra\u00eener avec des applications telles que Zwift ou Kinomap, permettant \u00e0 l&#8217;application d&#8217;interagir avec l&#8217;\u00e9quipement, ajustant l&#8217;inclinaison ou la r\u00e9sistance en fonction du type d&#8217;\u00e9quipement.<\/p>\n<h5><b><strong>Weareables<\/strong><\/b><\/h5>\n<p>Connectez des \u00e9couteurs sans fil ou des bandes de fr\u00e9quence cardiaque via Bluetooth. Les sangles thoraciques peuvent \u00e9galement \u00eatre connect\u00e9es par radiofr\u00e9quence.<\/p>\n<h5><b><strong>Collectez vos donn\u00e9es<\/strong><\/b><\/h5>\n<p>Les consoles multim\u00e9dias de BH Fitness offrent \u00e0 l&#8217;utilisateur la possibilit\u00e9 de s&#8217;entra\u00eener en tant qu&#8217;invit\u00e9 ou de cr\u00e9er un compte pour avoir toutes les informations sur ses entra\u00eenements et les performances enregistr\u00e9s sur son ou ses \u00e9quipements.<br \/>\n5 profils invit\u00e9s: si l&#8217;utilisateur ne souhaite pas conserver un historique des entra\u00eenements sur l&#8217;\u00e9quipement, jusqu&#8217;\u00e0 un maximum de 5 profils peuvent \u00eatre configur\u00e9s sur la machine.<\/p>\n<p>Cr\u00e9er un compte: si l&#8217;utilisateur souhaite conserver un historique ou si la machine est utilis\u00e9e par plus de 5 utilisateurs, il est possible de cr\u00e9er des comptes ind\u00e9pendants avec stockage des donn\u00e9es dans le cloud. (Disponible sur RS1000 Multimedia, RS1200 Multimedia, FDC19 Multimedia, FDC20 Multimedia, SuperKhronos Multimedia, TFR Ergo Multimedia et TFB Multimedia.)<\/p>\n<h5><b><strong>Screen Mirroring<\/strong><\/b><\/h5>\n<p>Les utilisateurs peuvent facilement dupliquer l&#8217;\u00e9cran de leur smartphone ou tablette lorsqu&#8217;ils sont connect\u00e9s au m\u00eame r\u00e9seau Wi-Fi. Cette fonctionnalit\u00e9 est compatible avec les appareils Android et iOS, vous offrant flexibilit\u00e9 et commodit\u00e9 pour profiter de votre exp\u00e9rience d\u2019entra\u00eenement. (Disponible sur RS1000 Multimedia, RS1200 Multimedia, FDC19 Multimedia, FDC20 Multimedia, SuperKhronos Multimedia, TFR Ergo Multimedia et TFB Multimedia.)<\/p>\n<h5><b><strong>Programme Marathon pour les tapis de course<\/strong><\/b><\/h5>\n<p>Id\u00e9al pour les coureurs. Le programme Marathon vous permet de configurer des temps et affiche des donn\u00e9es telles que le rythme ou la cadence, gr\u00e2ce \u00e0 un syst\u00e8me de d\u00e9tection des enjamb\u00e9es. (Disponible sur RS1000 Multimedia et RS1200 Multimedia)<b><strong><br \/>\n<\/strong><\/b><\/p>\n<h5><b><strong>Entra\u00eenements interactifs avec la technologie \u00a0i.Concept 3.0 FTMS<\/strong><\/b><\/h5>\n<p>Vous souhaitez d\u00e9fier d&#8217;autres utilisateurs ou vous mesurer \u00e0 vos amis ? Parcourir les rues de grandes villes comme New York, Rome ou Paris, tout en vous entra\u00eenant pour votre prochain marathon ? Et&#8230; regarder des vid\u00e9os, consulter les actualit\u00e9s ou vos r\u00e9seaux sociaux ? \u00a0Gardez la forme et br\u00fblez des calories d&#8217;une mani\u00e8re beaucoup plus amusante avec toutes ces applications sp\u00e9cialement con\u00e7ues pour un entra\u00eenement interactif. Int\u00e9grez les derni\u00e8res technologies \u00e0 votre entra\u00eenement!<\/p>\n<p>i.Concept 3.0 FTMS Votre machine est d\u00e9sormais compatible avec encore plus d&#8217;applications d&#8217;entra\u00eenement ! De Zwift ou\u00a0<b><strong>Kinomap\u00a0<\/strong><\/b>hasta\u00a0<b><strong>The Sufferfest<\/strong><\/b>\u00a0y \u00a1muchas m\u00e1s!.\u00a0 Cette technologie, d\u00e9sormais appel\u00e9e i.Concept 3.0, vous permettra de connecter plus facilement votre application pr\u00e9f\u00e9r\u00e9e \u00e0 votre appareil de fitness. Qu&#8217;attendez-vous pour la tester ?<\/p>\n<h4><b><strong>Entra\u00eenements interactifs avec Zwift et Kinomap<\/strong><\/b><\/h4>\n<h5><b><strong>App de Kinomap<\/strong><\/b><\/h5>\n<ul>\n<li>Entra\u00eenez-vous dans le monde entier gr\u00e2ce \u00e0 des milliers de vid\u00e9os disponibles.<\/li>\n<li>Entra\u00eenements structur\u00e9s, y compris l&#8217;entra\u00eenement par intervalles et le coaching.<\/li>\n<li>Partagez vos r\u00e9sultats avec la communaut\u00e9 kinomap.<\/li>\n<li>D\u00e9fiez vos amis avec le mode multijoueur de kinomap.<\/li>\n<\/ul>\n<h5><b><strong>App de Zwift<\/strong><\/b><\/h5>\n<ul>\n<li>Motivateur de type jeu vid\u00e9o.<\/li>\n<li>Plus de 1000 entra\u00eenements s\u00e9lectionn\u00e9s par les entra\u00eeneurs.<\/li>\n<li>Courses de groupe, comp\u00e9titions et courses.<\/li>\n<li>Connectivit\u00e9 et communaut\u00e9 mondiales.<\/li>\n<\/ul>\n<\/div>","protected":false},"excerpt":{"rendered":"<div class=\"product attribute overview\">\n<div class=\"value\">\n<div>Sa structure renforc\u00e9 offre un entrainement en pleine s\u00e9curit\u00e9 et stabilit\u00e9 \u00e0 tous les usagers. Sa selle et son guidon r\u00e9glables\u00a0permettent une posture id\u00e9ale sur le v\u00e9lo et un entrainement en plein confort.<\/div>\n<\/div>\n<\/div>","protected":false},"featured_media":482,"comment_status":"open","ping_status":"closed","template":"","meta":[],"product_brand":[16],"product_cat":[17,18,19,42],"product_tag":[47,46],"class_list":{"0":"post-481","1":"product","2":"type-product","3":"status-publish","4":"has-post-thumbnail","6":"product_brand-bh","7":"product_cat-bons-plans","8":"product_cat-promotions","9":"product_cat-training-fitness","10":"product_cat-velos-dappartement","11":"product_tag-velo-dappartement","12":"product_tag-velo-dappartement-bh","14":"first","15":"instock","16":"sale","17":"featured","18":"shipping-taxable","19":"purchasable","20":"product-type-simple"},"yoast_head":"<!-- This site is optimized with the Yoast SEO plugin v27.6 - https:\/\/yoast.com\/product\/yoast-seo-wordpress\/ -->\n<title>V\u00e9lo d&#039;appartement BH Nexor Multimedia H1065TFTM - Promotion - Vente d&#039;\u00c9lectrom\u00e9nager Neuf et Garanti \u00e0 Paris<\/title>\n<meta name=\"description\" content=\"V\u00e9lo d&#039;appartement BH Nexor Multimedia H1065TFTM - Sa selle et son guidon r\u00e9glables permettent une posture id\u00e9ale sur le v\u00e9lo et un entrainement en plein confort.\" \/>\n<meta name=\"robots\" content=\"index, follow, max-snippet:-1, max-image-preview:large, max-video-preview:-1\" \/>\n<link rel=\"canonical\" href=\"https:\/\/espacemenager2000.fr\/en\/product\/velo-dappartement-bh-nexor-multimedia-h1065tftm\/\" \/>\n<meta property=\"og:locale\" content=\"en_US\" \/>\n<meta property=\"og:type\" content=\"article\" \/>\n<meta property=\"og:title\" content=\"V\u00e9lo d&#039;appartement BH Nexor Multimedia H1065TFTM - Promotion - Vente d&#039;\u00c9lectrom\u00e9nager Neuf et Garanti \u00e0 Paris\" \/>\n<meta property=\"og:description\" content=\"V\u00e9lo d&#039;appartement BH Nexor Multimedia H1065TFTM - Sa selle et son guidon r\u00e9glables permettent une posture id\u00e9ale sur le v\u00e9lo et un entrainement en plein confort.\" \/>\n<meta property=\"og:url\" content=\"https:\/\/espacemenager2000.fr\/en\/product\/velo-dappartement-bh-nexor-multimedia-h1065tftm\/\" \/>\n<meta property=\"og:site_name\" content=\"Vente d&#039;\u00c9lectrom\u00e9nager Neuf et Garanti \u00e0 Paris\" \/>\n<meta property=\"article:publisher\" content=\"https:\/\/www.facebook.com\/p\/Espace-menager-2000-100068469618146\/\" \/>\n<meta property=\"article:modified_time\" content=\"2026-05-14T00:17:33+00:00\" \/>\n<meta property=\"og:image\" content=\"https:\/\/espacemenager2000.fr\/wp-content\/uploads\/2026\/05\/Velo-dappartement-BH-Nexor-Multimedia-H1065TFTM-1.jpg\" \/>\n\t<meta property=\"og:image:width\" content=\"800\" \/>\n\t<meta property=\"og:image:height\" content=\"800\" \/>\n\t<meta property=\"og:image:type\" content=\"image\/jpeg\" \/>\n<meta name=\"twitter:card\" content=\"summary_large_image\" \/>\n<meta name=\"twitter:label1\" content=\"Est. reading time\" \/>\n\t<meta name=\"twitter:data1\" content=\"6 minutes\" \/>\n<script type=\"application\/ld+json\" class=\"yoast-schema-graph\">{\"@context\":\"https:\\\/\\\/schema.org\",\"@graph\":[{\"@type\":\"WebPage\",\"@id\":\"https:\\\/\\\/espacemenager2000.fr\\\/produit\\\/velo-dappartement-bh-nexor-multimedia-h1065tftm\\\/\",\"url\":\"https:\\\/\\\/espacemenager2000.fr\\\/produit\\\/velo-dappartement-bh-nexor-multimedia-h1065tftm\\\/\",\"name\":\"V\u00e9lo d'appartement BH Nexor Multimedia H1065TFTM - Promotion - Vente d&#039;\u00c9lectrom\u00e9nager Neuf et Garanti \u00e0 Paris\",\"isPartOf\":{\"@id\":\"https:\\\/\\\/espacemenager2000.fr\\\/#website\"},\"primaryImageOfPage\":{\"@id\":\"https:\\\/\\\/espacemenager2000.fr\\\/produit\\\/velo-dappartement-bh-nexor-multimedia-h1065tftm\\\/#primaryimage\"},\"image\":{\"@id\":\"https:\\\/\\\/espacemenager2000.fr\\\/produit\\\/velo-dappartement-bh-nexor-multimedia-h1065tftm\\\/#primaryimage\"},\"thumbnailUrl\":\"https:\\\/\\\/espacemenager2000.fr\\\/wp-content\\\/uploads\\\/2026\\\/05\\\/Velo-dappartement-BH-Nexor-Multimedia-H1065TFTM-1.jpg\",\"datePublished\":\"2025-12-22T16:12:21+00:00\",\"dateModified\":\"2026-05-14T00:17:33+00:00\",\"description\":\"V\u00e9lo d'appartement BH Nexor Multimedia H1065TFTM - Sa selle et son guidon r\u00e9glables permettent une posture id\u00e9ale sur le v\u00e9lo et un entrainement en plein confort.\",\"breadcrumb\":{\"@id\":\"https:\\\/\\\/espacemenager2000.fr\\\/produit\\\/velo-dappartement-bh-nexor-multimedia-h1065tftm\\\/#breadcrumb\"},\"inLanguage\":\"en-US\",\"potentialAction\":[{\"@type\":\"ReadAction\",\"target\":[\"https:\\\/\\\/espacemenager2000.fr\\\/produit\\\/velo-dappartement-bh-nexor-multimedia-h1065tftm\\\/\"]}]},{\"@type\":\"ImageObject\",\"inLanguage\":\"en-US\",\"@id\":\"https:\\\/\\\/espacemenager2000.fr\\\/produit\\\/velo-dappartement-bh-nexor-multimedia-h1065tftm\\\/#primaryimage\",\"url\":\"https:\\\/\\\/espacemenager2000.fr\\\/wp-content\\\/uploads\\\/2026\\\/05\\\/Velo-dappartement-BH-Nexor-Multimedia-H1065TFTM-1.jpg\",\"contentUrl\":\"https:\\\/\\\/espacemenager2000.fr\\\/wp-content\\\/uploads\\\/2026\\\/05\\\/Velo-dappartement-BH-Nexor-Multimedia-H1065TFTM-1.jpg\",\"width\":800,\"height\":800},{\"@type\":\"BreadcrumbList\",\"@id\":\"https:\\\/\\\/espacemenager2000.fr\\\/produit\\\/velo-dappartement-bh-nexor-multimedia-h1065tftm\\\/#breadcrumb\",\"itemListElement\":[{\"@type\":\"ListItem\",\"position\":1,\"name\":\"Accueil\",\"item\":\"https:\\\/\\\/espacemenager2000.fr\\\/\"},{\"@type\":\"ListItem\",\"position\":2,\"name\":\"Boutique\",\"item\":\"https:\\\/\\\/espacemenager2000.fr\\\/boutique\\\/\"},{\"@type\":\"ListItem\",\"position\":3,\"name\":\"V\u00e9lo d&#8217;appartement BH Nexor Multimedia H1065TFTM\"}]},{\"@type\":\"WebSite\",\"@id\":\"https:\\\/\\\/espacemenager2000.fr\\\/#website\",\"url\":\"https:\\\/\\\/espacemenager2000.fr\\\/\",\"name\":\"Espace Menager 2000\",\"description\":\"Expert en \u00e9lectrom\u00e9nager depuis 2001, Espace M\u00e9nager 2000 vous propose une large gamme de produits : lave-linge, r\u00e9frig\u00e9rateurs, \u00e9lectronique et fitness. Profitez de notre savoir-faire en vente, r\u00e9paration et d\u00e9pannage. Livraison rapide dans toute la zone Euro. Qualit\u00e9 et service garantis.\",\"publisher\":{\"@id\":\"https:\\\/\\\/espacemenager2000.fr\\\/#organization\"},\"potentialAction\":[{\"@type\":\"SearchAction\",\"target\":{\"@type\":\"EntryPoint\",\"urlTemplate\":\"https:\\\/\\\/espacemenager2000.fr\\\/?s={search_term_string}\"},\"query-input\":{\"@type\":\"PropertyValueSpecification\",\"valueRequired\":true,\"valueName\":\"search_term_string\"}}],\"inLanguage\":\"en-US\"},{\"@type\":\"Organization\",\"@id\":\"https:\\\/\\\/espacemenager2000.fr\\\/#organization\",\"name\":\"Espace Menager 2000\",\"url\":\"https:\\\/\\\/espacemenager2000.fr\\\/\",\"logo\":{\"@type\":\"ImageObject\",\"inLanguage\":\"en-US\",\"@id\":\"https:\\\/\\\/espacemenager2000.fr\\\/#\\\/schema\\\/logo\\\/image\\\/\",\"url\":\"https:\\\/\\\/espacemenager2000.fr\\\/wp-content\\\/uploads\\\/2026\\\/05\\\/Fav-Em2000.png\",\"contentUrl\":\"https:\\\/\\\/espacemenager2000.fr\\\/wp-content\\\/uploads\\\/2026\\\/05\\\/Fav-Em2000.png\",\"width\":369,\"height\":369,\"caption\":\"Espace Menager 2000\"},\"image\":{\"@id\":\"https:\\\/\\\/espacemenager2000.fr\\\/#\\\/schema\\\/logo\\\/image\\\/\"},\"sameAs\":[\"https:\\\/\\\/www.facebook.com\\\/p\\\/Espace-menager-2000-100068469618146\\\/\"]}]}<\/script>\n<!-- \/ Yoast SEO plugin. -->","yoast_head_json":{"title":"V\u00e9lo d'appartement BH Nexor Multimedia H1065TFTM - Promotion - Vente d&#039;\u00c9lectrom\u00e9nager Neuf et Garanti \u00e0 Paris","description":"V\u00e9lo d'appartement BH Nexor Multimedia H1065TFTM - Sa selle et son guidon r\u00e9glables permettent une posture id\u00e9ale sur le v\u00e9lo et un entrainement en plein confort.","robots":{"index":"index","follow":"follow","max-snippet":"max-snippet:-1","max-image-preview":"max-image-preview:large","max-video-preview":"max-video-preview:-1"},"canonical":"https:\/\/espacemenager2000.fr\/en\/product\/velo-dappartement-bh-nexor-multimedia-h1065tftm\/","og_locale":"en_US","og_type":"article","og_title":"V\u00e9lo d'appartement BH Nexor Multimedia H1065TFTM - Promotion - Vente d&#039;\u00c9lectrom\u00e9nager Neuf et Garanti \u00e0 Paris","og_description":"V\u00e9lo d'appartement BH Nexor Multimedia H1065TFTM - Sa selle et son guidon r\u00e9glables permettent une posture id\u00e9ale sur le v\u00e9lo et un entrainement en plein confort.","og_url":"https:\/\/espacemenager2000.fr\/en\/product\/velo-dappartement-bh-nexor-multimedia-h1065tftm\/","og_site_name":"Vente d&#039;\u00c9lectrom\u00e9nager Neuf et Garanti \u00e0 Paris","article_publisher":"https:\/\/www.facebook.com\/p\/Espace-menager-2000-100068469618146\/","article_modified_time":"2026-05-14T00:17:33+00:00","og_image":[{"width":800,"height":800,"url":"https:\/\/espacemenager2000.fr\/wp-content\/uploads\/2026\/05\/Velo-dappartement-BH-Nexor-Multimedia-H1065TFTM-1.jpg","type":"image\/jpeg"}],"twitter_card":"summary_large_image","twitter_misc":{"Est. reading time":"6 minutes"},"schema":{"@context":"https:\/\/schema.org","@graph":[{"@type":"WebPage","@id":"https:\/\/espacemenager2000.fr\/produit\/velo-dappartement-bh-nexor-multimedia-h1065tftm\/","url":"https:\/\/espacemenager2000.fr\/produit\/velo-dappartement-bh-nexor-multimedia-h1065tftm\/","name":"V\u00e9lo d'appartement BH Nexor Multimedia H1065TFTM - Promotion - Vente d&#039;\u00c9lectrom\u00e9nager Neuf et Garanti \u00e0 Paris","isPartOf":{"@id":"https:\/\/espacemenager2000.fr\/#website"},"primaryImageOfPage":{"@id":"https:\/\/espacemenager2000.fr\/produit\/velo-dappartement-bh-nexor-multimedia-h1065tftm\/#primaryimage"},"image":{"@id":"https:\/\/espacemenager2000.fr\/produit\/velo-dappartement-bh-nexor-multimedia-h1065tftm\/#primaryimage"},"thumbnailUrl":"https:\/\/espacemenager2000.fr\/wp-content\/uploads\/2026\/05\/Velo-dappartement-BH-Nexor-Multimedia-H1065TFTM-1.jpg","datePublished":"2025-12-22T16:12:21+00:00","dateModified":"2026-05-14T00:17:33+00:00","description":"V\u00e9lo d'appartement BH Nexor Multimedia H1065TFTM - Sa selle et son guidon r\u00e9glables permettent une posture id\u00e9ale sur le v\u00e9lo et un entrainement en plein confort.","breadcrumb":{"@id":"https:\/\/espacemenager2000.fr\/produit\/velo-dappartement-bh-nexor-multimedia-h1065tftm\/#breadcrumb"},"inLanguage":"en-US","potentialAction":[{"@type":"ReadAction","target":["https:\/\/espacemenager2000.fr\/produit\/velo-dappartement-bh-nexor-multimedia-h1065tftm\/"]}]},{"@type":"ImageObject","inLanguage":"en-US","@id":"https:\/\/espacemenager2000.fr\/produit\/velo-dappartement-bh-nexor-multimedia-h1065tftm\/#primaryimage","url":"https:\/\/espacemenager2000.fr\/wp-content\/uploads\/2026\/05\/Velo-dappartement-BH-Nexor-Multimedia-H1065TFTM-1.jpg","contentUrl":"https:\/\/espacemenager2000.fr\/wp-content\/uploads\/2026\/05\/Velo-dappartement-BH-Nexor-Multimedia-H1065TFTM-1.jpg","width":800,"height":800},{"@type":"BreadcrumbList","@id":"https:\/\/espacemenager2000.fr\/produit\/velo-dappartement-bh-nexor-multimedia-h1065tftm\/#breadcrumb","itemListElement":[{"@type":"ListItem","position":1,"name":"Accueil","item":"https:\/\/espacemenager2000.fr\/"},{"@type":"ListItem","position":2,"name":"Boutique","item":"https:\/\/espacemenager2000.fr\/boutique\/"},{"@type":"ListItem","position":3,"name":"V\u00e9lo d&#8217;appartement BH Nexor Multimedia H1065TFTM"}]},{"@type":"WebSite","@id":"https:\/\/espacemenager2000.fr\/#website","url":"https:\/\/espacemenager2000.fr\/","name":"Espace Menager 2000","description":"Expert en \u00e9lectrom\u00e9nager depuis 2001, Espace M\u00e9nager 2000 vous propose une large gamme de produits : lave-linge, r\u00e9frig\u00e9rateurs, \u00e9lectronique et fitness. Profitez de notre savoir-faire en vente, r\u00e9paration et d\u00e9pannage. Livraison rapide dans toute la zone Euro. Qualit\u00e9 et service garantis.","publisher":{"@id":"https:\/\/espacemenager2000.fr\/#organization"},"potentialAction":[{"@type":"SearchAction","target":{"@type":"EntryPoint","urlTemplate":"https:\/\/espacemenager2000.fr\/?s={search_term_string}"},"query-input":{"@type":"PropertyValueSpecification","valueRequired":true,"valueName":"search_term_string"}}],"inLanguage":"en-US"},{"@type":"Organization","@id":"https:\/\/espacemenager2000.fr\/#organization","name":"Espace Menager 2000","url":"https:\/\/espacemenager2000.fr\/","logo":{"@type":"ImageObject","inLanguage":"en-US","@id":"https:\/\/espacemenager2000.fr\/#\/schema\/logo\/image\/","url":"https:\/\/espacemenager2000.fr\/wp-content\/uploads\/2026\/05\/Fav-Em2000.png","contentUrl":"https:\/\/espacemenager2000.fr\/wp-content\/uploads\/2026\/05\/Fav-Em2000.png","width":369,"height":369,"caption":"Espace Menager 2000"},"image":{"@id":"https:\/\/espacemenager2000.fr\/#\/schema\/logo\/image\/"},"sameAs":["https:\/\/www.facebook.com\/p\/Espace-menager-2000-100068469618146\/"]}]}},"_links":{"self":[{"href":"https:\/\/espacemenager2000.fr\/en\/wp-json\/wp\/v2\/product\/481","targetHints":{"allow":["GET"]}}],"collection":[{"href":"https:\/\/espacemenager2000.fr\/en\/wp-json\/wp\/v2\/product"}],"about":[{"href":"https:\/\/espacemenager2000.fr\/en\/wp-json\/wp\/v2\/types\/product"}],"replies":[{"embeddable":true,"href":"https:\/\/espacemenager2000.fr\/en\/wp-json\/wp\/v2\/comments?post=481"}],"wp:featuredmedia":[{"embeddable":true,"href":"https:\/\/espacemenager2000.fr\/en\/wp-json\/wp\/v2\/media\/482"}],"wp:attachment":[{"href":"https:\/\/espacemenager2000.fr\/en\/wp-json\/wp\/v2\/media?parent=481"}],"wp:term":[{"taxonomy":"product_brand","embeddable":true,"href":"https:\/\/espacemenager2000.fr\/en\/wp-json\/wp\/v2\/product_brand?post=481"},{"taxonomy":"product_cat","embeddable":true,"href":"https:\/\/espacemenager2000.fr\/en\/wp-json\/wp\/v2\/product_cat?post=481"},{"taxonomy":"product_tag","embeddable":true,"href":"https:\/\/espacemenager2000.fr\/en\/wp-json\/wp\/v2\/product_tag?post=481"}],"curies":[{"name":"wp","href":"https:\/\/api.w.org\/{rel}","templated":true}]}}