{"id":439,"date":"2025-12-22T16:11:58","date_gmt":"2025-12-22T16:11:58","guid":{"rendered":"https:\/\/espacemenager2000.fr\/?post_type=product&#038;p=439"},"modified":"2026-05-14T00:17:38","modified_gmt":"2026-05-14T00:17:38","slug":"velo-dappartement-bh-rhone","status":"publish","type":"product","link":"https:\/\/espacemenager2000.fr\/en\/product\/velo-dappartement-bh-rhone\/","title":{"rendered":"V\u00e9lo d&#8217;appartement BH Rhone"},"content":{"rendered":"<h2>V\u00e9lo d&#8217;appartement BH Rhone<\/h2>\n<div><strong>Le v\u00e9lo d&#8217;appartement<\/strong>\u00a0<strong>Rh\u00f4ne H1205 ou V\u00e9lo d&#8217;appartement BH Rhone<\/strong>\u00a0offre<strong>\u00a032 niveaux d&#8217;intensit\u00e9 et 3 programmes<\/strong>\u00a0pr\u00e9r\u00e9gl\u00e9s pour s&#8217;adapter aux diff\u00e9rents types d&#8217;entra\u00eenement. De plus, vous pouvez r\u00e9gler la r\u00e9sistance directement depuis le guidon gr\u00e2ce aux vitesses int\u00e9gr\u00e9es.<\/div>\n<div><\/div>\n<div>\n<h3>Caract\u00e9ristiques V\u00e9lo d&#8217;appartement BH Rhone<\/h3>\n<div class=\"contenido\">\n<div><\/div>\n<div><strong>Le v\u00e9lo d&#8217;appartement<\/strong>\u00a0<strong>Rh\u00f4ne H1205<\/strong>\u00a0offre<strong>\u00a032 niveaux d&#8217;intensit\u00e9 et 3 programmes<\/strong>\u00a0pr\u00e9r\u00e9gl\u00e9s pour s&#8217;adapter aux diff\u00e9rents types d&#8217;entra\u00eenement. De plus, vous pouvez r\u00e9gler la r\u00e9sistance directement depuis le guidon gr\u00e2ce aux vitesses int\u00e9gr\u00e9es.<\/div>\n<div><\/div>\n<div>Il est \u00e9galement dot\u00e9 d&#8217;une connectivit\u00e9\u00a0<strong>Bluetooth FTMS,<\/strong>\u00a0qui facilite l&#8217;interaction avec les applications d&#8217;entra\u00eenement telles que\u00a0<strong>Zwift<\/strong>\u00a0ou\u00a0<strong>Kinomap,<\/strong>\u00a0offrant ainsi une exp\u00e9rience d&#8217;entra\u00eenement plus immersive et personnalis\u00e9e.<\/div>\n<div><\/div>\n<div><img fetchpriority=\"high\" decoding=\"async\" class=\"lazy-content img-fluid\" src=\"https:\/\/www.fitnessdigital.fr\/images\/productos\/detalles\/bh\/bh-h1205-main.jpg\" alt=\"\" width=\"415\" height=\"440\" \/><\/div>\n<div><\/div>\n<div><\/div>\n<h4><strong>Points cl\u00e9s V\u00e9lo d&#8217;appartement BH Rhone<\/strong><\/h4>\n<div><strong>Lumi\u00e8re en fonction de la r\u00e9sistance<\/strong><br \/>\nLe Rhone est \u00e9quip\u00e9 d&#8217;un anneau LED qui change de couleur en fonction de la r\u00e9sistance de l&#8217;exercice.<\/div>\n<div><\/div>\n<div><\/div>\n<div><\/div>\n<div><strong>Bluetooth ftms<\/strong><br \/>\nFaites passer votre entra\u00eenement au niveau sup\u00e9rieur en connectant votre v\u00e9lo \u00e0 des applications de fitness telles que Zwift ou Kinomap.<\/div>\n<div><\/div>\n<div><\/div>\n<div><\/div>\n<div><strong>Modifications de la r\u00e9sistance du guidon<\/strong><br \/>\nPermet \u00e0 l&#8217;utilisateur de modifier la r\u00e9sistance \u00e0 partir du guidon. Ils sont pratiques lorsqu&#8217;il s&#8217;agit de faire de l&#8217;exercice.<\/div>\n<div><\/div>\n<div><\/div>\n<div><\/div>\n<div><strong>Mesure de l&#8217;impulsion de contact<\/strong><br \/>\nIl utilise des capteurs tactiles int\u00e9gr\u00e9s au guidon pour mesurer avec pr\u00e9cision la fr\u00e9quence cardiaque en temps r\u00e9el pendant l&#8217;activit\u00e9 physique.<\/div>\n<div><\/div>\n<div><\/div>\n<h5><strong>\u00c9cran\u00a0 V\u00e9lo d&#8217;appartement BH Rhone<\/strong><\/h5>\n<div><\/div>\n<div>\n<ul>\n<li><strong>\u00c9cran:<\/strong>\u00a0\u00c9cran LCD r\u00e9tro\u00e9clair\u00e9 tricolore<\/li>\n<li>Support universel pour smartphone et\/ou tablette (tablette non incluse)<\/li>\n<li><strong>Pouls Bluetooth:\u00a0<\/strong>oui, ceinture thoracique en option<\/li>\n<li>iConcept<\/li>\n<\/ul>\n<\/div>\n<h5><strong>Programmes<\/strong><\/h5>\n<div>\n<ul>\n<li><strong>Programmes pr\u00e9d\u00e9finis (Prg):<\/strong>\u00a03<\/li>\n<li><strong>Niveaux d&#8217;intensit\u00e9:<\/strong>\u00a032<\/li>\n<\/ul>\n<\/div>\n<h5><strong>Sp\u00e9cifications<\/strong><\/h5>\n<p>&nbsp;<\/p>\n<div>\n<ul>\n<li><strong>Fr\u00e9quence d&#8217;utilisation:\u00a0<\/strong>Intensive<\/li>\n<li><strong>Poids maximum de l&#8217;utilisateur:<\/strong>\u00a0120Kg<\/li>\n<li><strong>Syst\u00e8me de freinage:\u00a0<\/strong>magn\u00e9tique<\/li>\n<li><strong>Volant d&#8217;inertie:\u00a0<\/strong>8Kg<\/li>\n<li>Mesure de l&#8217;impulsion de contact<\/li>\n<li><strong>R\u00e9glage de la selle:\u00a0<\/strong>Horizontal et vertical<\/li>\n<li>Porte-bouteille<\/li>\n<li>Roues de transport<\/li>\n<li><strong>Longueur:<\/strong>\u00a0115 cm<\/li>\n<li><strong>Largeur:<\/strong>\u00a080 cm<\/li>\n<li><strong>Hauteur:<\/strong>\u00a0136cm<\/li>\n<li><strong>Poids:<\/strong>\u00a039Kg<\/li>\n<li>Cadre ouvert \/ Acc\u00e8s facile<\/li>\n<li>Si\u00e8ge XXL<\/li>\n<li>Guidon multipositions<\/li>\n<\/ul>\n<div>\n<h5><strong>Entra\u00eenements interactifs avec la technologie \u00a0i.Concept 3.0 FTMS<\/strong><\/h5>\n<div>Vous souhaitez d\u00e9fier d&#8217;autres utilisateurs ou vous mesurer \u00e0 vos amis ? Parcourir les rues de grandes villes comme New York, Rome ou Paris, tout en vous entra\u00eenant pour votre prochain marathon ? Et&#8230; regarder des vid\u00e9os, consulter les actualit\u00e9s ou vos r\u00e9seaux sociaux ? \u00a0Gardez la forme et br\u00fblez des calories d&#8217;une mani\u00e8re beaucoup plus amusante avec toutes ces applications sp\u00e9cialement con\u00e7ues pour un entra\u00eenement interactif. Int\u00e9grez les derni\u00e8res technologies \u00e0 votre entra\u00eenement!<\/div>\n<div><\/div>\n<div><img decoding=\"async\" class=\"lazy-content img-fluid\" src=\"https:\/\/www.fitnessdigital.fr\/images\/productos\/detalles\/reebok\/reebok-sl8-i18n.jpg\" width=\"520\" height=\"315\" \/><\/div>\n<div><\/div>\n<div>i.Concept 3.0 FTMS Votre machine est d\u00e9sormais compatible avec encore plus d&#8217;applications d&#8217;entra\u00eenement ! De Zwift ou\u00a0<a href=\"https:\/\/www.fitnessdigital.com\/suscripcion-a-kinomap\/p\/10015486\/\"><strong>Kinomap\u00a0<\/strong><\/a>hasta\u00a0<strong>The Sufferfest<\/strong>\u00a0y \u00a1muchas m\u00e1s!.\u00a0 Cette technologie, d\u00e9sormais appel\u00e9e i.Concept 3.0, vous permettra de connecter plus facilement votre application pr\u00e9f\u00e9r\u00e9e \u00e0 votre appareil de fitness. Qu&#8217;attendez-vous pour la tester ?<\/div>\n<div>\n<p>&nbsp;<\/p>\n<p>&nbsp;<\/p>\n<\/div>\n<div><img decoding=\"async\" class=\"lazy-content img-fluid\" src=\"https:\/\/www.fitnessdigital.fr\/images\/productos\/detalles\/bh\/iconcept-eschema.gif\" alt=\"\" \/><\/div>\n<div><\/div>\n<h4><strong>Entra\u00eenements interactifs avec Zwift et Kinomap<\/strong><\/h4>\n<h5><strong>App de Kinomap<\/strong><\/h5>\n<div>\n<ul>\n<li>Entra\u00eenez-vous dans le monde entier gr\u00e2ce \u00e0 des milliers de vid\u00e9os disponibles.<\/li>\n<li>Entra\u00eenements structur\u00e9s, y compris l&#8217;entra\u00eenement par intervalles et le coaching.<\/li>\n<li>Partagez vos r\u00e9sultats avec la communaut\u00e9 kinomap.<\/li>\n<li>D\u00e9fiez vos amis avec le mode multijoueur de kinomap.<\/li>\n<\/ul>\n<\/div>\n<h5><strong>App de Zwift<\/strong><\/h5>\n<div>\n<ul>\n<li>Motivateur de type jeu vid\u00e9o.<\/li>\n<li>Plus de 1000 entra\u00eenements s\u00e9lectionn\u00e9s par les entra\u00eeneurs.<\/li>\n<li>Courses de groupe, comp\u00e9titions et courses.<\/li>\n<li>Connectivit\u00e9 et communaut\u00e9 mondiales.<\/li>\n<\/ul>\n<\/div>\n<\/div>\n<\/div>\n<\/div>\n<\/div>\n<div><\/div>\n<div><\/div>","protected":false},"excerpt":{"rendered":"<div class=\"product attribute overview\">\n<div class=\"value\"><strong>Le v\u00e9lo d&#8217;appartement<\/strong>\u00a0<strong>Rh\u00f4ne H1205<\/strong>\u00a0offre<strong>\u00a032 niveaux d&#8217;intensit\u00e9 et 3 programmes<\/strong>\u00a0pr\u00e9r\u00e9gl\u00e9s pour s&#8217;adapter aux diff\u00e9rents types d&#8217;entra\u00eenement. De plus, vous pouvez r\u00e9gler la r\u00e9sistance directement depuis le guidon gr\u00e2ce aux vitesses int\u00e9gr\u00e9es.<\/div>\n<\/div>","protected":false},"featured_media":440,"comment_status":"open","ping_status":"closed","template":"","meta":[],"product_brand":[16],"product_cat":[17,18,19,42],"product_tag":[47,46],"class_list":{"0":"post-439","1":"product","2":"type-product","3":"status-publish","4":"has-post-thumbnail","6":"product_brand-bh","7":"product_cat-bons-plans","8":"product_cat-promotions","9":"product_cat-training-fitness","10":"product_cat-velos-dappartement","11":"product_tag-velo-dappartement","12":"product_tag-velo-dappartement-bh","14":"first","15":"instock","16":"sale","17":"featured","18":"shipping-taxable","19":"purchasable","20":"product-type-simple"},"yoast_head":"<!-- This site is optimized with the Yoast SEO plugin v27.6 - https:\/\/yoast.com\/product\/yoast-seo-wordpress\/ -->\n<title>V\u00e9lo d&#039;appartement BH Rhone - Promotion - Vente d&#039;\u00c9lectrom\u00e9nager Neuf et Garanti \u00e0 Paris<\/title>\n<meta name=\"description\" content=\"V\u00e9lo d&#039;appartement BH Rhone - offre 32 niveaux d&#039;intensit\u00e9 et 3 programmes pr\u00e9r\u00e9gl\u00e9s pour s&#039;adapter aux diff\u00e9rents types d&#039;entra\u00eenement. De plus, vous pouvez r\u00e9gler la r\u00e9sistance directement depuis le guidon gr\u00e2ce aux vitesses int\u00e9gr\u00e9es.\" \/>\n<meta name=\"robots\" content=\"index, follow, max-snippet:-1, max-image-preview:large, max-video-preview:-1\" \/>\n<link rel=\"canonical\" href=\"https:\/\/espacemenager2000.fr\/en\/product\/velo-dappartement-bh-rhone\/\" \/>\n<meta property=\"og:locale\" content=\"en_US\" \/>\n<meta property=\"og:type\" content=\"article\" \/>\n<meta property=\"og:title\" content=\"V\u00e9lo d&#039;appartement BH Rhone - Promotion - Vente d&#039;\u00c9lectrom\u00e9nager Neuf et Garanti \u00e0 Paris\" \/>\n<meta property=\"og:description\" content=\"V\u00e9lo d&#039;appartement BH Rhone - offre 32 niveaux d&#039;intensit\u00e9 et 3 programmes pr\u00e9r\u00e9gl\u00e9s pour s&#039;adapter aux diff\u00e9rents types d&#039;entra\u00eenement. De plus, vous pouvez r\u00e9gler la r\u00e9sistance directement depuis le guidon gr\u00e2ce aux vitesses int\u00e9gr\u00e9es.\" \/>\n<meta property=\"og:url\" content=\"https:\/\/espacemenager2000.fr\/en\/product\/velo-dappartement-bh-rhone\/\" \/>\n<meta property=\"og:site_name\" content=\"Vente d&#039;\u00c9lectrom\u00e9nager Neuf et Garanti \u00e0 Paris\" \/>\n<meta property=\"article:publisher\" content=\"https:\/\/www.facebook.com\/p\/Espace-menager-2000-100068469618146\/\" \/>\n<meta property=\"article:modified_time\" content=\"2026-05-14T00:17:38+00:00\" \/>\n<meta property=\"og:image\" content=\"https:\/\/espacemenager2000.fr\/wp-content\/uploads\/2026\/05\/Velo-dappartement-BH-Rhone-.jpg\" \/>\n\t<meta property=\"og:image:width\" content=\"800\" \/>\n\t<meta property=\"og:image:height\" content=\"800\" \/>\n\t<meta property=\"og:image:type\" content=\"image\/jpeg\" \/>\n<meta name=\"twitter:card\" content=\"summary_large_image\" \/>\n<meta name=\"twitter:label1\" content=\"Est. reading time\" \/>\n\t<meta name=\"twitter:data1\" content=\"5 minutes\" \/>\n<script type=\"application\/ld+json\" class=\"yoast-schema-graph\">{\"@context\":\"https:\\\/\\\/schema.org\",\"@graph\":[{\"@type\":\"WebPage\",\"@id\":\"https:\\\/\\\/espacemenager2000.fr\\\/produit\\\/velo-dappartement-bh-rhone\\\/\",\"url\":\"https:\\\/\\\/espacemenager2000.fr\\\/produit\\\/velo-dappartement-bh-rhone\\\/\",\"name\":\"V\u00e9lo d'appartement BH Rhone - Promotion - Vente d&#039;\u00c9lectrom\u00e9nager Neuf et Garanti \u00e0 Paris\",\"isPartOf\":{\"@id\":\"https:\\\/\\\/espacemenager2000.fr\\\/#website\"},\"primaryImageOfPage\":{\"@id\":\"https:\\\/\\\/espacemenager2000.fr\\\/produit\\\/velo-dappartement-bh-rhone\\\/#primaryimage\"},\"image\":{\"@id\":\"https:\\\/\\\/espacemenager2000.fr\\\/produit\\\/velo-dappartement-bh-rhone\\\/#primaryimage\"},\"thumbnailUrl\":\"https:\\\/\\\/espacemenager2000.fr\\\/wp-content\\\/uploads\\\/2026\\\/05\\\/Velo-dappartement-BH-Rhone-.jpg\",\"datePublished\":\"2025-12-22T16:11:58+00:00\",\"dateModified\":\"2026-05-14T00:17:38+00:00\",\"description\":\"V\u00e9lo d'appartement BH Rhone - offre 32 niveaux d'intensit\u00e9 et 3 programmes pr\u00e9r\u00e9gl\u00e9s pour s'adapter aux diff\u00e9rents types d'entra\u00eenement. De plus, vous pouvez r\u00e9gler la r\u00e9sistance directement depuis le guidon gr\u00e2ce aux vitesses int\u00e9gr\u00e9es.\",\"breadcrumb\":{\"@id\":\"https:\\\/\\\/espacemenager2000.fr\\\/produit\\\/velo-dappartement-bh-rhone\\\/#breadcrumb\"},\"inLanguage\":\"en-US\",\"potentialAction\":[{\"@type\":\"ReadAction\",\"target\":[\"https:\\\/\\\/espacemenager2000.fr\\\/produit\\\/velo-dappartement-bh-rhone\\\/\"]}]},{\"@type\":\"ImageObject\",\"inLanguage\":\"en-US\",\"@id\":\"https:\\\/\\\/espacemenager2000.fr\\\/produit\\\/velo-dappartement-bh-rhone\\\/#primaryimage\",\"url\":\"https:\\\/\\\/espacemenager2000.fr\\\/wp-content\\\/uploads\\\/2026\\\/05\\\/Velo-dappartement-BH-Rhone-.jpg\",\"contentUrl\":\"https:\\\/\\\/espacemenager2000.fr\\\/wp-content\\\/uploads\\\/2026\\\/05\\\/Velo-dappartement-BH-Rhone-.jpg\",\"width\":800,\"height\":800},{\"@type\":\"BreadcrumbList\",\"@id\":\"https:\\\/\\\/espacemenager2000.fr\\\/produit\\\/velo-dappartement-bh-rhone\\\/#breadcrumb\",\"itemListElement\":[{\"@type\":\"ListItem\",\"position\":1,\"name\":\"Accueil\",\"item\":\"https:\\\/\\\/espacemenager2000.fr\\\/\"},{\"@type\":\"ListItem\",\"position\":2,\"name\":\"Boutique\",\"item\":\"https:\\\/\\\/espacemenager2000.fr\\\/boutique\\\/\"},{\"@type\":\"ListItem\",\"position\":3,\"name\":\"V\u00e9lo d&#8217;appartement BH Rhone\"}]},{\"@type\":\"WebSite\",\"@id\":\"https:\\\/\\\/espacemenager2000.fr\\\/#website\",\"url\":\"https:\\\/\\\/espacemenager2000.fr\\\/\",\"name\":\"Espace Menager 2000\",\"description\":\"Expert en \u00e9lectrom\u00e9nager depuis 2001, Espace M\u00e9nager 2000 vous propose une large gamme de produits : lave-linge, r\u00e9frig\u00e9rateurs, \u00e9lectronique et fitness. Profitez de notre savoir-faire en vente, r\u00e9paration et d\u00e9pannage. Livraison rapide dans toute la zone Euro. Qualit\u00e9 et service garantis.\",\"publisher\":{\"@id\":\"https:\\\/\\\/espacemenager2000.fr\\\/#organization\"},\"potentialAction\":[{\"@type\":\"SearchAction\",\"target\":{\"@type\":\"EntryPoint\",\"urlTemplate\":\"https:\\\/\\\/espacemenager2000.fr\\\/?s={search_term_string}\"},\"query-input\":{\"@type\":\"PropertyValueSpecification\",\"valueRequired\":true,\"valueName\":\"search_term_string\"}}],\"inLanguage\":\"en-US\"},{\"@type\":\"Organization\",\"@id\":\"https:\\\/\\\/espacemenager2000.fr\\\/#organization\",\"name\":\"Espace Menager 2000\",\"url\":\"https:\\\/\\\/espacemenager2000.fr\\\/\",\"logo\":{\"@type\":\"ImageObject\",\"inLanguage\":\"en-US\",\"@id\":\"https:\\\/\\\/espacemenager2000.fr\\\/#\\\/schema\\\/logo\\\/image\\\/\",\"url\":\"https:\\\/\\\/espacemenager2000.fr\\\/wp-content\\\/uploads\\\/2026\\\/05\\\/Fav-Em2000.png\",\"contentUrl\":\"https:\\\/\\\/espacemenager2000.fr\\\/wp-content\\\/uploads\\\/2026\\\/05\\\/Fav-Em2000.png\",\"width\":369,\"height\":369,\"caption\":\"Espace Menager 2000\"},\"image\":{\"@id\":\"https:\\\/\\\/espacemenager2000.fr\\\/#\\\/schema\\\/logo\\\/image\\\/\"},\"sameAs\":[\"https:\\\/\\\/www.facebook.com\\\/p\\\/Espace-menager-2000-100068469618146\\\/\"]}]}<\/script>\n<!-- \/ Yoast SEO plugin. -->","yoast_head_json":{"title":"V\u00e9lo d'appartement BH Rhone - Promotion - Vente d&#039;\u00c9lectrom\u00e9nager Neuf et Garanti \u00e0 Paris","description":"V\u00e9lo d'appartement BH Rhone - offre 32 niveaux d'intensit\u00e9 et 3 programmes pr\u00e9r\u00e9gl\u00e9s pour s'adapter aux diff\u00e9rents types d'entra\u00eenement. De plus, vous pouvez r\u00e9gler la r\u00e9sistance directement depuis le guidon gr\u00e2ce aux vitesses int\u00e9gr\u00e9es.","robots":{"index":"index","follow":"follow","max-snippet":"max-snippet:-1","max-image-preview":"max-image-preview:large","max-video-preview":"max-video-preview:-1"},"canonical":"https:\/\/espacemenager2000.fr\/en\/product\/velo-dappartement-bh-rhone\/","og_locale":"en_US","og_type":"article","og_title":"V\u00e9lo d'appartement BH Rhone - Promotion - Vente d&#039;\u00c9lectrom\u00e9nager Neuf et Garanti \u00e0 Paris","og_description":"V\u00e9lo d'appartement BH Rhone - offre 32 niveaux d'intensit\u00e9 et 3 programmes pr\u00e9r\u00e9gl\u00e9s pour s'adapter aux diff\u00e9rents types d'entra\u00eenement. De plus, vous pouvez r\u00e9gler la r\u00e9sistance directement depuis le guidon gr\u00e2ce aux vitesses int\u00e9gr\u00e9es.","og_url":"https:\/\/espacemenager2000.fr\/en\/product\/velo-dappartement-bh-rhone\/","og_site_name":"Vente d&#039;\u00c9lectrom\u00e9nager Neuf et Garanti \u00e0 Paris","article_publisher":"https:\/\/www.facebook.com\/p\/Espace-menager-2000-100068469618146\/","article_modified_time":"2026-05-14T00:17:38+00:00","og_image":[{"width":800,"height":800,"url":"https:\/\/espacemenager2000.fr\/wp-content\/uploads\/2026\/05\/Velo-dappartement-BH-Rhone-.jpg","type":"image\/jpeg"}],"twitter_card":"summary_large_image","twitter_misc":{"Est. reading time":"5 minutes"},"schema":{"@context":"https:\/\/schema.org","@graph":[{"@type":"WebPage","@id":"https:\/\/espacemenager2000.fr\/produit\/velo-dappartement-bh-rhone\/","url":"https:\/\/espacemenager2000.fr\/produit\/velo-dappartement-bh-rhone\/","name":"V\u00e9lo d'appartement BH Rhone - Promotion - Vente d&#039;\u00c9lectrom\u00e9nager Neuf et Garanti \u00e0 Paris","isPartOf":{"@id":"https:\/\/espacemenager2000.fr\/#website"},"primaryImageOfPage":{"@id":"https:\/\/espacemenager2000.fr\/produit\/velo-dappartement-bh-rhone\/#primaryimage"},"image":{"@id":"https:\/\/espacemenager2000.fr\/produit\/velo-dappartement-bh-rhone\/#primaryimage"},"thumbnailUrl":"https:\/\/espacemenager2000.fr\/wp-content\/uploads\/2026\/05\/Velo-dappartement-BH-Rhone-.jpg","datePublished":"2025-12-22T16:11:58+00:00","dateModified":"2026-05-14T00:17:38+00:00","description":"V\u00e9lo d'appartement BH Rhone - offre 32 niveaux d'intensit\u00e9 et 3 programmes pr\u00e9r\u00e9gl\u00e9s pour s'adapter aux diff\u00e9rents types d'entra\u00eenement. De plus, vous pouvez r\u00e9gler la r\u00e9sistance directement depuis le guidon gr\u00e2ce aux vitesses int\u00e9gr\u00e9es.","breadcrumb":{"@id":"https:\/\/espacemenager2000.fr\/produit\/velo-dappartement-bh-rhone\/#breadcrumb"},"inLanguage":"en-US","potentialAction":[{"@type":"ReadAction","target":["https:\/\/espacemenager2000.fr\/produit\/velo-dappartement-bh-rhone\/"]}]},{"@type":"ImageObject","inLanguage":"en-US","@id":"https:\/\/espacemenager2000.fr\/produit\/velo-dappartement-bh-rhone\/#primaryimage","url":"https:\/\/espacemenager2000.fr\/wp-content\/uploads\/2026\/05\/Velo-dappartement-BH-Rhone-.jpg","contentUrl":"https:\/\/espacemenager2000.fr\/wp-content\/uploads\/2026\/05\/Velo-dappartement-BH-Rhone-.jpg","width":800,"height":800},{"@type":"BreadcrumbList","@id":"https:\/\/espacemenager2000.fr\/produit\/velo-dappartement-bh-rhone\/#breadcrumb","itemListElement":[{"@type":"ListItem","position":1,"name":"Accueil","item":"https:\/\/espacemenager2000.fr\/"},{"@type":"ListItem","position":2,"name":"Boutique","item":"https:\/\/espacemenager2000.fr\/boutique\/"},{"@type":"ListItem","position":3,"name":"V\u00e9lo d&#8217;appartement BH Rhone"}]},{"@type":"WebSite","@id":"https:\/\/espacemenager2000.fr\/#website","url":"https:\/\/espacemenager2000.fr\/","name":"Espace Menager 2000","description":"Expert en \u00e9lectrom\u00e9nager depuis 2001, Espace M\u00e9nager 2000 vous propose une large gamme de produits : lave-linge, r\u00e9frig\u00e9rateurs, \u00e9lectronique et fitness. Profitez de notre savoir-faire en vente, r\u00e9paration et d\u00e9pannage. Livraison rapide dans toute la zone Euro. Qualit\u00e9 et service garantis.","publisher":{"@id":"https:\/\/espacemenager2000.fr\/#organization"},"potentialAction":[{"@type":"SearchAction","target":{"@type":"EntryPoint","urlTemplate":"https:\/\/espacemenager2000.fr\/?s={search_term_string}"},"query-input":{"@type":"PropertyValueSpecification","valueRequired":true,"valueName":"search_term_string"}}],"inLanguage":"en-US"},{"@type":"Organization","@id":"https:\/\/espacemenager2000.fr\/#organization","name":"Espace Menager 2000","url":"https:\/\/espacemenager2000.fr\/","logo":{"@type":"ImageObject","inLanguage":"en-US","@id":"https:\/\/espacemenager2000.fr\/#\/schema\/logo\/image\/","url":"https:\/\/espacemenager2000.fr\/wp-content\/uploads\/2026\/05\/Fav-Em2000.png","contentUrl":"https:\/\/espacemenager2000.fr\/wp-content\/uploads\/2026\/05\/Fav-Em2000.png","width":369,"height":369,"caption":"Espace Menager 2000"},"image":{"@id":"https:\/\/espacemenager2000.fr\/#\/schema\/logo\/image\/"},"sameAs":["https:\/\/www.facebook.com\/p\/Espace-menager-2000-100068469618146\/"]}]}},"_links":{"self":[{"href":"https:\/\/espacemenager2000.fr\/en\/wp-json\/wp\/v2\/product\/439","targetHints":{"allow":["GET"]}}],"collection":[{"href":"https:\/\/espacemenager2000.fr\/en\/wp-json\/wp\/v2\/product"}],"about":[{"href":"https:\/\/espacemenager2000.fr\/en\/wp-json\/wp\/v2\/types\/product"}],"replies":[{"embeddable":true,"href":"https:\/\/espacemenager2000.fr\/en\/wp-json\/wp\/v2\/comments?post=439"}],"wp:featuredmedia":[{"embeddable":true,"href":"https:\/\/espacemenager2000.fr\/en\/wp-json\/wp\/v2\/media\/440"}],"wp:attachment":[{"href":"https:\/\/espacemenager2000.fr\/en\/wp-json\/wp\/v2\/media?parent=439"}],"wp:term":[{"taxonomy":"product_brand","embeddable":true,"href":"https:\/\/espacemenager2000.fr\/en\/wp-json\/wp\/v2\/product_brand?post=439"},{"taxonomy":"product_cat","embeddable":true,"href":"https:\/\/espacemenager2000.fr\/en\/wp-json\/wp\/v2\/product_cat?post=439"},{"taxonomy":"product_tag","embeddable":true,"href":"https:\/\/espacemenager2000.fr\/en\/wp-json\/wp\/v2\/product_tag?post=439"}],"curies":[{"name":"wp","href":"https:\/\/api.w.org\/{rel}","templated":true}]}}