{"id":422,"date":"2025-12-22T16:11:58","date_gmt":"2025-12-22T16:11:58","guid":{"rendered":"https:\/\/espacemenager2000.fr\/?post_type=product&#038;p=422"},"modified":"2026-05-10T20:41:55","modified_gmt":"2026-05-10T20:41:55","slug":"velo-dappartement-bh-berlin-connect","status":"publish","type":"product","link":"https:\/\/espacemenager2000.fr\/en\/product\/velo-dappartement-bh-berlin-connect\/","title":{"rendered":"V\u00e9lo d&#8217;appartement BH Berlin Connect"},"content":{"rendered":"<h2>V\u00e9lo d&#8217;appartement BH Berlin Connect<\/h2>\n<div>Vous pouvez facilement vous remettre en forme, perdre du poids ou vous r\u00e9tablir d&#8217;une blessure gr\u00e2ce \u00e0 ce V\u00e9lo d&#8217;appartement BH Berlin Connect ergonomique muni d\u2019un <strong>frein magn\u00e9tique<\/strong>\u00a0et d\u2019une\u00a0<strong>roue d&#8217;inertie de 9 kg.<\/strong><\/div>\n<div><\/div>\n<div>\n<h3 style=\"font-weight: 400;\">Caract\u00e9ristiques V\u00e9lo d&#8217;appartement BH Berlin Connect<\/h3>\n<p>Vous pouvez facilement vous remettre en forme, perdre du poids ou vous r\u00e9tablir d&#8217;une blessure gr\u00e2ce \u00e0 ce v\u00e9lo ergonomique muni d\u2019un <b><strong>frein magn\u00e9tique<\/strong><\/b>\u00a0et d\u2019une\u00a0<b><strong>roue d&#8217;inertie de 9 kg. <\/strong><\/b>Vous contr\u00f4lez vos s\u00e9ances d&#8217;exercice facilement et efficacement gr\u00e2ce \u00e0 l&#8217;\u00e9cran LED.<\/p>\n<p>Il s&#8217;agit d&#8217;un produit exclusif de fitnessdigital, nous garantissons donc qu&#8217;il s&#8217;agit d&#8217;une option au rapport qualit\u00e9-prix parfait et que vous ne le trouverez pas sur d&#8217;autres sites web.<\/p>\n<h3><b><strong>Les points forts<\/strong><\/b><\/h3>\n<ul>\n<li><b><strong>Fr\u00e9quence d&#8217;utilisation r\u00e9guli\u00e8re comprise entre 3 et 7 heures par semaine<\/strong><\/b><\/li>\n<li><b><strong>P\u00e9dalage fluide et continu gr\u00e2ce \u00e0 la roue d&#8217;inertie de 9 kg<\/strong><\/b><\/li>\n<li><b><strong>Contr\u00f4le de l&#8217;effort avec 24 niveaux d&#8217;intensit\u00e9<\/strong><\/b><\/li>\n<li><b><strong>\u00c9cran LED pour tirer le meilleur parti de vos s\u00e9ances d&#8217;entra\u00eenement.<\/strong><\/b><\/li>\n<\/ul>\n<h4><b><strong>Caract\u00e9ristiques\u00a0<\/strong><\/b><b><strong>BH Berlin Connect<\/strong><\/b><\/h4>\n<p><b><strong>Con\u00e7u pour une utilisation domestique r\u00e9guli\u00e8re<\/strong><\/b><br \/>\nPour entra\u00eenements de 3 \u00e0 7 heures par semaine.<\/p>\n<p><b><strong>Volant d\u2019inertie de 9 kg<\/strong><\/b><br \/>\nGaranti un mouvement continu, tr\u00e8s doux et sans sensation de saccades.<\/p>\n<p><b><strong>Syst\u00e8me de frein magn\u00e9tique<\/strong><\/b><br \/>\nSans entretien. P\u00e9dalage silencieux et en douceur avec diff\u00e9rentes tensions.<\/p>\n<p><b><strong>Ecran LED\u00a0<\/strong><\/b><br \/>\nFournit des informations sur le temps, la vitesse, la distance parcourue, les calories br\u00fbl\u00e9es et la fr\u00e9quence cardiaque de votre s\u00e9ance d&#8217;entra\u00eenement.<\/p>\n<p><b><strong>24 niveaux d&#8217;intensit\u00e9<\/strong><\/b><br \/>\nContr\u00f4lez facilement l&#8217;effort que vous souhaitez fournir pendant l&#8217;exercice \u00e0 l&#8217;aide de la console.<\/p>\n<p><b><strong>Capteur de rythme cardique sur le guidon<\/strong><\/b><\/p>\n<p>Contr\u00f4lez facilement votre fr\u00e9quence cardiaque et connaissez votre pouls \u00e0 tout moment sans interrompre votre entra\u00eenement.<\/p>\n<p><b><strong>Si\u00e8ge et guidon r\u00e9gable<\/strong><\/b><br \/>\nR\u00e9glez la hauteur en fonction de vos besoins, et vous pouvez \u00e9galement avancer ou reculer le si\u00e8ge jusqu&#8217;\u00e0 ce que vous trouviez la position la plus confortable et la plus ergonomique sur le v\u00e9lo.<\/p>\n<p><b><strong>Am\u00e9liorer sa forme physique ou br\u00fbler des calories<\/strong><\/b><br \/>\nAssure un entra\u00eenement facile et contr\u00f4le.<\/p>\n<p><b><strong>Structure solide et stable<\/strong><\/b><br \/>\nPeut \u00eatre utilis\u00e9 par des personnes pesant jusqu&#8217;\u00e0 130 kg.<\/p>\n<p><b><strong>Moniteur et programmes<\/strong><\/b><\/p>\n<p><b><strong>Moniteur LED<\/strong><\/b><br \/>\nCet \u00e9cran dispose de 5 touches : haut, bas, marche\/arr\u00eat ; entr\u00e9e, remise \u00e0 z\u00e9ro. Le centre de l&#8217;\u00e9cran affiche simultan\u00e9ment le niveau du programme choisi. La partie inf\u00e9rieure de l&#8217;\u00e9cran affiche la vitesse\/le r\u00e9gime, le temps, la distance, les watts\/les calories et le pouls.<\/p>\n<p>Ce moniteur a la possibilit\u00e9 de fonctionner avec 6 modes diff\u00e9rents : \u00a0Manuel, Programmes, Watts (WATT), Utilisateur (USER), Impulsion (H.R.C.) et Al\u00e9atoire (Random).<\/p>\n<p><b><strong>1 programme manuel<\/strong><\/b><br \/>\nLes programmes ne sont plus num\u00e9rot\u00e9s de 1 \u00e0 12 (comme sur le moniteur pr\u00e9c\u00e9dent).<\/p>\n<p><b><strong>9 programmes pr\u00e9r\u00e9gl\u00e9s<\/strong><\/b><br \/>\nIls vous permettent de vous fixer des d\u00e9fis et de vous am\u00e9liorer \u00e0 chaque s\u00e9ance d&#8217;entra\u00eenement.<\/p>\n<p><b><strong>1 programme watts<\/strong><\/b><\/p>\n<p><b><strong>4 programmes de contr\u00f4le de la fr\u00e9quence cardiaque<\/strong><\/b><\/p>\n<h4><b><strong>Autres avantages<\/strong><\/b><\/h4>\n<table>\n<tbody>\n<tr>\n<td>Si\u00e8ge r\u00e9glable<\/td>\n<td>Horizontalement et verticalement<\/td>\n<\/tr>\n<tr>\n<td>Guidon r\u00e9glable<\/td>\n<td>\u2714\ufe0f<\/td>\n<\/tr>\n<tr>\n<td>Alimentation \u00e9lectrique<\/td>\n<td>\u2714\ufe0f<\/td>\n<\/tr>\n<tr>\n<td>Support pour Smartphone et tablettes<\/td>\n<td>\u2714\ufe0f<\/td>\n<\/tr>\n<tr>\n<td>Roulette de transport<\/td>\n<td>\u2714\ufe0f<\/td>\n<\/tr>\n<tr>\n<td>Porte-bouteille<\/td>\n<td>\u2714\ufe0f<\/td>\n<\/tr>\n<\/tbody>\n<\/table>\n<h3 style=\"font-weight: 600;\"><b><strong>Poids et dimensions BH Berlin Connect<\/strong><\/b><\/h3>\n<table>\n<tbody>\n<tr>\n<td>Volant d&#8217;inertie<\/td>\n<td>9kg<\/td>\n<\/tr>\n<tr>\n<td>Poids dde l&#8217;appareil<\/td>\n<td>31kg<\/td>\n<\/tr>\n<tr>\n<td>Poids maximum de l&#8217;utilisateur<\/td>\n<td>130kg<\/td>\n<\/tr>\n<tr>\n<td>Distance maximum et minimum si\u00e8ge-p\u00e9dale<\/td>\n<td>98-68cm<\/td>\n<\/tr>\n<tr>\n<td>Distance maximum et minimum si\u00e8ge-guidon<\/td>\n<td>45-40cm<\/td>\n<\/tr>\n<tr>\n<td>Dimensions (Lx l x H)<\/td>\n<td>110cm x 52cm x 146cm<\/td>\n<\/tr>\n<tr>\n<td>Niveleurs sur les pieds arri\u00e8res<\/td>\n<td>\u2714\ufe0f<\/td>\n<\/tr>\n<\/tbody>\n<\/table>\n<h4><b><strong>Entra\u00eenements interactifs avec la technologie \u00a0i.Concept 3.0 FTMS<\/strong><\/b><\/h4>\n<p>Vous souhaitez d\u00e9fier d&#8217;autres utilisateurs ou vous mesurer \u00e0 vos amis ? Parcourir les rues de grandes villes comme New York, Rome ou Paris, tout en vous entra\u00eenant pour votre prochain marathon ? Et&#8230; regarder des vid\u00e9os, consulter les actualit\u00e9s ou vos r\u00e9seaux sociaux ? \u00a0Gardez la forme et br\u00fblez des calories d&#8217;une mani\u00e8re beaucoup plus amusante avec toutes ces applications sp\u00e9cialement con\u00e7ues pour un entra\u00eenement interactif. Int\u00e9grez les derni\u00e8res technologies \u00e0 votre entra\u00eenement!<\/p>\n<h4>i.Concept 3.0 FTMS<\/h4>\n<p>Votre machine est d\u00e9sormais compatible avec encore plus d&#8217;applications d&#8217;entra\u00eenement ! De Zwift ou\u00a0<a href=\"https:\/\/www.fitnessdigital.com\/suscripcion-a-kinomap\/p\/10015486\/\"><b><strong>Kinomap\u00a0<\/strong><\/b><\/a>hasta\u00a0<b><strong>The Sufferfest<\/strong><\/b>\u00a0y \u00a1muchas m\u00e1s!. \u00a0En effet, BH a am\u00e9lior\u00e9 sa technologie FTMS (Fitness Machine Service) gr\u00e2ce \u00e0 laquelle elle a augment\u00e9 le degr\u00e9 de compatibilit\u00e9 de ses machines avec les applications les plus populaires. Incorporez plus facilement des s\u00e9ances d&#8217;entra\u00eenement interactives dans votre routine.<\/p>\n<p>Cette technologie, d\u00e9sormais appel\u00e9e i.Concept 3.0, vous permettra de connecter plus facilement votre application pr\u00e9f\u00e9r\u00e9e \u00e0 votre appareil de fitness. Qu&#8217;attendez-vous pour la tester ?<\/p>\n<h4><b><strong>Entra\u00eenements interactifs avec Zwift et Kinomap<\/strong><\/b><\/h4>\n<h5><b><strong>App de Kinomap<\/strong><\/b><\/h5>\n<ul>\n<li>Entra\u00eenez-vous dans le monde entier gr\u00e2ce \u00e0 des milliers de vid\u00e9os disponibles.<\/li>\n<li>Entra\u00eenements structur\u00e9s, y compris l&#8217;entra\u00eenement par intervalles et le coaching.<\/li>\n<li>Partagez vos r\u00e9sultats avec la communaut\u00e9 kinomap.<\/li>\n<li>D\u00e9fiez vos amis avec le mode multijoueur de kinomap.<\/li>\n<\/ul>\n<h5><b><strong>App de Zwift<\/strong><\/b><\/h5>\n<ul>\n<li>Motivateur de type jeu vid\u00e9o.<\/li>\n<li>Plus de 1000 entra\u00eenements s\u00e9lectionn\u00e9s par les entra\u00eeneurs.<\/li>\n<li>Courses de groupe, comp\u00e9titions et courses.<\/li>\n<li>Connectivit\u00e9 et communaut\u00e9 mondiales.<\/li>\n<\/ul>\n<\/div>","protected":false},"excerpt":{"rendered":"<div class=\"product attribute overview\">\n<div class=\"value\">\n<div>Vous pouvez facilement vous remettre en forme, perdre du poids ou vous r\u00e9tablir d&#8217;une blessure gr\u00e2ce \u00e0 ce v\u00e9lo ergonomique muni d\u2019un\u00a0<strong>frein magn\u00e9tique<\/strong>\u00a0et d\u2019une\u00a0<strong>roue d&#8217;inertie de 9 kg.<\/strong><\/div>\n<\/div>\n<\/div>","protected":false},"featured_media":423,"comment_status":"open","ping_status":"closed","template":"","meta":[],"product_brand":[16],"product_cat":[17,18,19,42],"product_tag":[22,23],"class_list":{"0":"post-422","1":"product","2":"type-product","3":"status-publish","4":"has-post-thumbnail","6":"product_brand-bh","7":"product_cat-bons-plans","8":"product_cat-promotions","9":"product_cat-training-fitness","10":"product_cat-velos-dappartement","11":"product_tag-tapis-de-course","12":"product_tag-tapis-de-course-bh","14":"first","15":"instock","16":"sale","17":"shipping-taxable","18":"purchasable","19":"product-type-simple"},"yoast_head":"<!-- This site is optimized with the Yoast SEO plugin v27.6 - https:\/\/yoast.com\/product\/yoast-seo-wordpress\/ -->\n<title>V\u00e9lo d&#039;appartement BH Berlin Connect - Promotion - Vente d&#039;\u00c9lectrom\u00e9nager Neuf et Garanti \u00e0 Paris<\/title>\n<meta name=\"description\" content=\"V\u00e9lo d&#039;appartement BH Berlin Connect - Vous pouvez facilement vous remettre en forme, perdre du poids ou vous r\u00e9tablir d&#039;une blessure gr\u00e2ce \u00e0 ce v\u00e9lo\" \/>\n<meta name=\"robots\" content=\"index, follow, max-snippet:-1, max-image-preview:large, max-video-preview:-1\" \/>\n<link rel=\"canonical\" href=\"https:\/\/espacemenager2000.fr\/en\/product\/velo-dappartement-bh-berlin-connect\/\" \/>\n<meta property=\"og:locale\" content=\"en_US\" \/>\n<meta property=\"og:type\" content=\"article\" \/>\n<meta property=\"og:title\" content=\"V\u00e9lo d&#039;appartement BH Berlin Connect - Promotion - Vente d&#039;\u00c9lectrom\u00e9nager Neuf et Garanti \u00e0 Paris\" \/>\n<meta property=\"og:description\" content=\"V\u00e9lo d&#039;appartement BH Berlin Connect - Vous pouvez facilement vous remettre en forme, perdre du poids ou vous r\u00e9tablir d&#039;une blessure gr\u00e2ce \u00e0 ce v\u00e9lo\" \/>\n<meta property=\"og:url\" content=\"https:\/\/espacemenager2000.fr\/en\/product\/velo-dappartement-bh-berlin-connect\/\" \/>\n<meta property=\"og:site_name\" content=\"Vente d&#039;\u00c9lectrom\u00e9nager Neuf et Garanti \u00e0 Paris\" \/>\n<meta property=\"article:publisher\" content=\"https:\/\/www.facebook.com\/p\/Espace-menager-2000-100068469618146\/\" \/>\n<meta property=\"article:modified_time\" content=\"2026-05-10T20:41:55+00:00\" \/>\n<meta property=\"og:image\" content=\"https:\/\/espacemenager2000.fr\/wp-content\/uploads\/2026\/05\/Velo-dappartement-BH-Berlin-Connect-.jpg\" \/>\n\t<meta property=\"og:image:width\" content=\"800\" \/>\n\t<meta property=\"og:image:height\" content=\"800\" \/>\n\t<meta property=\"og:image:type\" content=\"image\/jpeg\" \/>\n<meta name=\"twitter:card\" content=\"summary_large_image\" \/>\n<meta name=\"twitter:label1\" content=\"Est. reading time\" \/>\n\t<meta name=\"twitter:data1\" content=\"6 minutes\" \/>\n<script type=\"application\/ld+json\" class=\"yoast-schema-graph\">{\"@context\":\"https:\\\/\\\/schema.org\",\"@graph\":[{\"@type\":\"WebPage\",\"@id\":\"https:\\\/\\\/espacemenager2000.fr\\\/produit\\\/velo-dappartement-bh-berlin-connect\\\/\",\"url\":\"https:\\\/\\\/espacemenager2000.fr\\\/produit\\\/velo-dappartement-bh-berlin-connect\\\/\",\"name\":\"V\u00e9lo d'appartement BH Berlin Connect - Promotion - Vente d&#039;\u00c9lectrom\u00e9nager Neuf et Garanti \u00e0 Paris\",\"isPartOf\":{\"@id\":\"https:\\\/\\\/espacemenager2000.fr\\\/#website\"},\"primaryImageOfPage\":{\"@id\":\"https:\\\/\\\/espacemenager2000.fr\\\/produit\\\/velo-dappartement-bh-berlin-connect\\\/#primaryimage\"},\"image\":{\"@id\":\"https:\\\/\\\/espacemenager2000.fr\\\/produit\\\/velo-dappartement-bh-berlin-connect\\\/#primaryimage\"},\"thumbnailUrl\":\"https:\\\/\\\/espacemenager2000.fr\\\/wp-content\\\/uploads\\\/2026\\\/05\\\/Velo-dappartement-BH-Berlin-Connect-.jpg\",\"datePublished\":\"2025-12-22T16:11:58+00:00\",\"dateModified\":\"2026-05-10T20:41:55+00:00\",\"description\":\"V\u00e9lo d'appartement BH Berlin Connect - Vous pouvez facilement vous remettre en forme, perdre du poids ou vous r\u00e9tablir d'une blessure gr\u00e2ce \u00e0 ce v\u00e9lo\",\"breadcrumb\":{\"@id\":\"https:\\\/\\\/espacemenager2000.fr\\\/produit\\\/velo-dappartement-bh-berlin-connect\\\/#breadcrumb\"},\"inLanguage\":\"en-US\",\"potentialAction\":[{\"@type\":\"ReadAction\",\"target\":[\"https:\\\/\\\/espacemenager2000.fr\\\/produit\\\/velo-dappartement-bh-berlin-connect\\\/\"]}]},{\"@type\":\"ImageObject\",\"inLanguage\":\"en-US\",\"@id\":\"https:\\\/\\\/espacemenager2000.fr\\\/produit\\\/velo-dappartement-bh-berlin-connect\\\/#primaryimage\",\"url\":\"https:\\\/\\\/espacemenager2000.fr\\\/wp-content\\\/uploads\\\/2026\\\/05\\\/Velo-dappartement-BH-Berlin-Connect-.jpg\",\"contentUrl\":\"https:\\\/\\\/espacemenager2000.fr\\\/wp-content\\\/uploads\\\/2026\\\/05\\\/Velo-dappartement-BH-Berlin-Connect-.jpg\",\"width\":800,\"height\":800},{\"@type\":\"BreadcrumbList\",\"@id\":\"https:\\\/\\\/espacemenager2000.fr\\\/produit\\\/velo-dappartement-bh-berlin-connect\\\/#breadcrumb\",\"itemListElement\":[{\"@type\":\"ListItem\",\"position\":1,\"name\":\"Accueil\",\"item\":\"https:\\\/\\\/espacemenager2000.fr\\\/\"},{\"@type\":\"ListItem\",\"position\":2,\"name\":\"Boutique\",\"item\":\"https:\\\/\\\/espacemenager2000.fr\\\/boutique\\\/\"},{\"@type\":\"ListItem\",\"position\":3,\"name\":\"V\u00e9lo d&#8217;appartement BH Berlin Connect\"}]},{\"@type\":\"WebSite\",\"@id\":\"https:\\\/\\\/espacemenager2000.fr\\\/#website\",\"url\":\"https:\\\/\\\/espacemenager2000.fr\\\/\",\"name\":\"Espace Menager 2000\",\"description\":\"Expert en \u00e9lectrom\u00e9nager depuis 2001, Espace M\u00e9nager 2000 vous propose une large gamme de produits : lave-linge, r\u00e9frig\u00e9rateurs, \u00e9lectronique et fitness. Profitez de notre savoir-faire en vente, r\u00e9paration et d\u00e9pannage. Livraison rapide dans toute la zone Euro. Qualit\u00e9 et service garantis.\",\"publisher\":{\"@id\":\"https:\\\/\\\/espacemenager2000.fr\\\/#organization\"},\"potentialAction\":[{\"@type\":\"SearchAction\",\"target\":{\"@type\":\"EntryPoint\",\"urlTemplate\":\"https:\\\/\\\/espacemenager2000.fr\\\/?s={search_term_string}\"},\"query-input\":{\"@type\":\"PropertyValueSpecification\",\"valueRequired\":true,\"valueName\":\"search_term_string\"}}],\"inLanguage\":\"en-US\"},{\"@type\":\"Organization\",\"@id\":\"https:\\\/\\\/espacemenager2000.fr\\\/#organization\",\"name\":\"Espace Menager 2000\",\"url\":\"https:\\\/\\\/espacemenager2000.fr\\\/\",\"logo\":{\"@type\":\"ImageObject\",\"inLanguage\":\"en-US\",\"@id\":\"https:\\\/\\\/espacemenager2000.fr\\\/#\\\/schema\\\/logo\\\/image\\\/\",\"url\":\"https:\\\/\\\/espacemenager2000.fr\\\/wp-content\\\/uploads\\\/2026\\\/05\\\/Fav-Em2000.png\",\"contentUrl\":\"https:\\\/\\\/espacemenager2000.fr\\\/wp-content\\\/uploads\\\/2026\\\/05\\\/Fav-Em2000.png\",\"width\":369,\"height\":369,\"caption\":\"Espace Menager 2000\"},\"image\":{\"@id\":\"https:\\\/\\\/espacemenager2000.fr\\\/#\\\/schema\\\/logo\\\/image\\\/\"},\"sameAs\":[\"https:\\\/\\\/www.facebook.com\\\/p\\\/Espace-menager-2000-100068469618146\\\/\"]}]}<\/script>\n<!-- \/ Yoast SEO plugin. -->","yoast_head_json":{"title":"V\u00e9lo d'appartement BH Berlin Connect - Promotion - Vente d&#039;\u00c9lectrom\u00e9nager Neuf et Garanti \u00e0 Paris","description":"V\u00e9lo d'appartement BH Berlin Connect - Vous pouvez facilement vous remettre en forme, perdre du poids ou vous r\u00e9tablir d'une blessure gr\u00e2ce \u00e0 ce v\u00e9lo","robots":{"index":"index","follow":"follow","max-snippet":"max-snippet:-1","max-image-preview":"max-image-preview:large","max-video-preview":"max-video-preview:-1"},"canonical":"https:\/\/espacemenager2000.fr\/en\/product\/velo-dappartement-bh-berlin-connect\/","og_locale":"en_US","og_type":"article","og_title":"V\u00e9lo d'appartement BH Berlin Connect - Promotion - Vente d&#039;\u00c9lectrom\u00e9nager Neuf et Garanti \u00e0 Paris","og_description":"V\u00e9lo d'appartement BH Berlin Connect - Vous pouvez facilement vous remettre en forme, perdre du poids ou vous r\u00e9tablir d'une blessure gr\u00e2ce \u00e0 ce v\u00e9lo","og_url":"https:\/\/espacemenager2000.fr\/en\/product\/velo-dappartement-bh-berlin-connect\/","og_site_name":"Vente d&#039;\u00c9lectrom\u00e9nager Neuf et Garanti \u00e0 Paris","article_publisher":"https:\/\/www.facebook.com\/p\/Espace-menager-2000-100068469618146\/","article_modified_time":"2026-05-10T20:41:55+00:00","og_image":[{"width":800,"height":800,"url":"https:\/\/espacemenager2000.fr\/wp-content\/uploads\/2026\/05\/Velo-dappartement-BH-Berlin-Connect-.jpg","type":"image\/jpeg"}],"twitter_card":"summary_large_image","twitter_misc":{"Est. reading time":"6 minutes"},"schema":{"@context":"https:\/\/schema.org","@graph":[{"@type":"WebPage","@id":"https:\/\/espacemenager2000.fr\/produit\/velo-dappartement-bh-berlin-connect\/","url":"https:\/\/espacemenager2000.fr\/produit\/velo-dappartement-bh-berlin-connect\/","name":"V\u00e9lo d'appartement BH Berlin Connect - Promotion - Vente d&#039;\u00c9lectrom\u00e9nager Neuf et Garanti \u00e0 Paris","isPartOf":{"@id":"https:\/\/espacemenager2000.fr\/#website"},"primaryImageOfPage":{"@id":"https:\/\/espacemenager2000.fr\/produit\/velo-dappartement-bh-berlin-connect\/#primaryimage"},"image":{"@id":"https:\/\/espacemenager2000.fr\/produit\/velo-dappartement-bh-berlin-connect\/#primaryimage"},"thumbnailUrl":"https:\/\/espacemenager2000.fr\/wp-content\/uploads\/2026\/05\/Velo-dappartement-BH-Berlin-Connect-.jpg","datePublished":"2025-12-22T16:11:58+00:00","dateModified":"2026-05-10T20:41:55+00:00","description":"V\u00e9lo d'appartement BH Berlin Connect - Vous pouvez facilement vous remettre en forme, perdre du poids ou vous r\u00e9tablir d'une blessure gr\u00e2ce \u00e0 ce v\u00e9lo","breadcrumb":{"@id":"https:\/\/espacemenager2000.fr\/produit\/velo-dappartement-bh-berlin-connect\/#breadcrumb"},"inLanguage":"en-US","potentialAction":[{"@type":"ReadAction","target":["https:\/\/espacemenager2000.fr\/produit\/velo-dappartement-bh-berlin-connect\/"]}]},{"@type":"ImageObject","inLanguage":"en-US","@id":"https:\/\/espacemenager2000.fr\/produit\/velo-dappartement-bh-berlin-connect\/#primaryimage","url":"https:\/\/espacemenager2000.fr\/wp-content\/uploads\/2026\/05\/Velo-dappartement-BH-Berlin-Connect-.jpg","contentUrl":"https:\/\/espacemenager2000.fr\/wp-content\/uploads\/2026\/05\/Velo-dappartement-BH-Berlin-Connect-.jpg","width":800,"height":800},{"@type":"BreadcrumbList","@id":"https:\/\/espacemenager2000.fr\/produit\/velo-dappartement-bh-berlin-connect\/#breadcrumb","itemListElement":[{"@type":"ListItem","position":1,"name":"Accueil","item":"https:\/\/espacemenager2000.fr\/"},{"@type":"ListItem","position":2,"name":"Boutique","item":"https:\/\/espacemenager2000.fr\/boutique\/"},{"@type":"ListItem","position":3,"name":"V\u00e9lo d&#8217;appartement BH Berlin Connect"}]},{"@type":"WebSite","@id":"https:\/\/espacemenager2000.fr\/#website","url":"https:\/\/espacemenager2000.fr\/","name":"Espace Menager 2000","description":"Expert en \u00e9lectrom\u00e9nager depuis 2001, Espace M\u00e9nager 2000 vous propose une large gamme de produits : lave-linge, r\u00e9frig\u00e9rateurs, \u00e9lectronique et fitness. Profitez de notre savoir-faire en vente, r\u00e9paration et d\u00e9pannage. Livraison rapide dans toute la zone Euro. Qualit\u00e9 et service garantis.","publisher":{"@id":"https:\/\/espacemenager2000.fr\/#organization"},"potentialAction":[{"@type":"SearchAction","target":{"@type":"EntryPoint","urlTemplate":"https:\/\/espacemenager2000.fr\/?s={search_term_string}"},"query-input":{"@type":"PropertyValueSpecification","valueRequired":true,"valueName":"search_term_string"}}],"inLanguage":"en-US"},{"@type":"Organization","@id":"https:\/\/espacemenager2000.fr\/#organization","name":"Espace Menager 2000","url":"https:\/\/espacemenager2000.fr\/","logo":{"@type":"ImageObject","inLanguage":"en-US","@id":"https:\/\/espacemenager2000.fr\/#\/schema\/logo\/image\/","url":"https:\/\/espacemenager2000.fr\/wp-content\/uploads\/2026\/05\/Fav-Em2000.png","contentUrl":"https:\/\/espacemenager2000.fr\/wp-content\/uploads\/2026\/05\/Fav-Em2000.png","width":369,"height":369,"caption":"Espace Menager 2000"},"image":{"@id":"https:\/\/espacemenager2000.fr\/#\/schema\/logo\/image\/"},"sameAs":["https:\/\/www.facebook.com\/p\/Espace-menager-2000-100068469618146\/"]}]}},"_links":{"self":[{"href":"https:\/\/espacemenager2000.fr\/en\/wp-json\/wp\/v2\/product\/422","targetHints":{"allow":["GET"]}}],"collection":[{"href":"https:\/\/espacemenager2000.fr\/en\/wp-json\/wp\/v2\/product"}],"about":[{"href":"https:\/\/espacemenager2000.fr\/en\/wp-json\/wp\/v2\/types\/product"}],"replies":[{"embeddable":true,"href":"https:\/\/espacemenager2000.fr\/en\/wp-json\/wp\/v2\/comments?post=422"}],"wp:featuredmedia":[{"embeddable":true,"href":"https:\/\/espacemenager2000.fr\/en\/wp-json\/wp\/v2\/media\/423"}],"wp:attachment":[{"href":"https:\/\/espacemenager2000.fr\/en\/wp-json\/wp\/v2\/media?parent=422"}],"wp:term":[{"taxonomy":"product_brand","embeddable":true,"href":"https:\/\/espacemenager2000.fr\/en\/wp-json\/wp\/v2\/product_brand?post=422"},{"taxonomy":"product_cat","embeddable":true,"href":"https:\/\/espacemenager2000.fr\/en\/wp-json\/wp\/v2\/product_cat?post=422"},{"taxonomy":"product_tag","embeddable":true,"href":"https:\/\/espacemenager2000.fr\/en\/wp-json\/wp\/v2\/product_tag?post=422"}],"curies":[{"name":"wp","href":"https:\/\/api.w.org\/{rel}","templated":true}]}}