{"id":372,"date":"2025-12-22T16:11:34","date_gmt":"2025-12-22T16:11:34","guid":{"rendered":"https:\/\/espacemenager2000.fr\/?post_type=product&#038;p=372"},"modified":"2026-05-10T20:41:53","modified_gmt":"2026-05-10T20:41:53","slug":"velo-dappartement-adidas-one-c-21","status":"publish","type":"product","link":"https:\/\/espacemenager2000.fr\/en\/product\/velo-dappartement-adidas-one-c-21\/","title":{"rendered":"V\u00e9lo d&#8217;Appartement Adidas One C-21"},"content":{"rendered":"<h2>V\u00e9lo d&#8217;Appartement Adidas One C-21<\/h2>\n<div><strong>Le v\u00e9lo d&#8217;exercice adidas C-21 ou V\u00e9lo d&#8217;Appartement Adidas One C-21 <\/strong>est enti\u00e8rement \u00e9quip\u00e9 pour aider \u00e0 d\u00e9velopper l&#8217;endurance cardio et cibler les muscles du bas du corps sans causer de tension d&#8217;impact sur les articulations sensibles. Dot\u00e9 d&#8217;un\u00a0<strong>volant d&#8217;inertie solide de 9 kg \/ 20 lb, de 24 niveaux de r\u00e9sistance \u00e9lectronique et de 12 programmes de fitness vari\u00e9s<\/strong>, ainsi que de 4 programmes utilisateur, le C-21 est id\u00e9al pour l&#8217;entra\u00eenement en r\u00e9gime permanent et par intervalles, avec la fonctionnalit\u00e9 pour les entra\u00eenements de sprint et \u00e0 haute r\u00e9sistance.<\/div>\n<div>\n<h3>Caract\u00e9ristiques V\u00e9lo d&#8217;Appartement Adidas One C-21<\/h3>\n<div class=\"contenido\">\n<h4><strong><span class=\"titulo-bloque\">Produit Exclusif de fitnessdigital!<\/span><\/strong><\/h4>\n<div><strong style=\"font-size: 1rem;\">Le v\u00e9lo d&#8217;exercice adidas C-21 <\/strong><span style=\"font-size: 1rem;\">est enti\u00e8rement \u00e9quip\u00e9 pour aider \u00e0 d\u00e9velopper l&#8217;endurance cardio et cibler les muscles du bas du corps sans causer de tension d&#8217;impact sur les articulations sensibles. Dot\u00e9 d&#8217;un\u00a0<\/span><strong style=\"font-size: 1rem;\">volant d&#8217;inertie solide de 9 kg \/ 20 lb, de 24 niveaux de r\u00e9sistance \u00e9lectronique et de 12 programmes de fitness vari\u00e9s<\/strong><span style=\"font-size: 1rem;\">, ainsi que de 4 programmes utilisateur, le C-21 est id\u00e9al pour l&#8217;entra\u00eenement en r\u00e9gime permanent et par intervalles, avec la fonctionnalit\u00e9 pour les entra\u00eenements de sprint et \u00e0 haute r\u00e9sistance .<\/span><\/div>\n<div>\n<div><\/div>\n<div class=\"wrap\">\n<div class=\"col-5-8 tb-col-5-8 center-block txt-center\">\n<div class=\"video-item\">\n<div class=\"video-container text-center\">\n<div class=\"youtube-player\" data-id=\"https:\/\/www.youtube.com\/embed\/pWK7EKurp7M?rel=0&amp;autoplay=1&amp;wmode=opaque\">\n<div class=\"youtube-thumb\">\n<p><img fetchpriority=\"high\" decoding=\"async\" class=\"lazy-content img-fluid alignnone\" src=\"https:\/\/i1.ytimg.com\/vi\/pWK7EKurp7M\/maxresdefault.jpg\" alt=\"V\u00e9lo d'Appartement Adidas One C-21\" width=\"635\" height=\"357\" \/><\/p>\n<div class=\"play-button\"><\/div>\n<\/div>\n<\/div>\n<\/div>\n<\/div>\n<\/div>\n<\/div>\n<div><strong>Le pouls peut \u00eatre mesur\u00e9 rapidement \u00e0 l&#8217;aide des capteurs de pouls portatifs int\u00e9gr\u00e9s. Complet avec support de tablette, haut-parleurs int\u00e9gr\u00e9s et connectivit\u00e9 Bluetooth,<\/strong>\u00a0le C-21 se connecte \u00e0 votre t\u00e9l\u00e9phone ou tablette, vous permettant de vous entra\u00eener tout en \u00e9coutant vos morceaux pr\u00e9f\u00e9r\u00e9s ou en regardant les derniers films et coffrets.<\/div>\n<div><\/div>\n<div>\u00c9quip\u00e9 d&#8217;une selle large, dens\u00e9ment rembourr\u00e9e et enti\u00e8rement r\u00e9glable, le C-21 vous donne libre cours sur votre position de conduite,\u00a0<strong>favorisant une meilleure forme, r\u00e9duisant les irritations et maximisant le confort. Le porte-bouteille d&#8217;eau tr\u00e8s important est \u00e0 port\u00e9e de main et vous permet de rester hydrat\u00e9 pendant que vous parcourez les kilom\u00e8tres<\/strong>.<\/div>\n<\/div>\n<p>&nbsp;<\/p>\n<div><img decoding=\"async\" class=\"lazy-content img-fluid\" src=\"https:\/\/www.fitnessdigital.fr\/images\/productos\/detalles\/reebok\/rfe-c21-001.jpg\" alt=\"rfe-c21-001\" \/><\/div>\n<div><\/div>\n<h4><strong>Caract\u00e9ristiques V\u00e9lo d&#8217;Appartement Adidas One C-21<\/strong><\/h4>\n<div>\n<div><img decoding=\"async\" class=\"lazy-content img-fluid\" src=\"https:\/\/www.fitnessdigital.fr\/images\/productos\/detalles\/reebok\/rfe-c21-pantalla.jpg\" alt=\"rfe-c21-001\" \/><\/div>\n<ul>\n<li>Le volant d&#8217;inertie de 9 kg \/ 20 lb cr\u00e9e un mouvement de cycle fluide<\/li>\n<li>24 niveaux de r\u00e9sistance \u00e9lectronique vous permettent d&#8217;adapter l&#8217;intensit\u00e9 de votre conduite<\/li>\n<li>12 programmes de fitness + 4 entra\u00eenements personnalis\u00e9s offrent une vari\u00e9t\u00e9 de d\u00e9fis pour vous garder motiv\u00e9<\/li>\n<li>La console intuitive avec \u00e9cran LCD clair vous donne un contr\u00f4le total sur votre entra\u00eenement<\/li>\n<li>Les capteurs de pouls manuels int\u00e9gr\u00e9s indiquent votre pouls<\/li>\n<li>La r\u00e9troaction de la console comprend : la vitesse, le temps, la distance, les calories, le pouls, les watts, le r\u00e9gime et la r\u00e9sistance<\/li>\n<li>Le support pour tablette et t\u00e9l\u00e9phone int\u00e9gr\u00e9 \u00e0 la console offre un angle de vue optimal<\/li>\n<li>Haut-parleurs int\u00e9gr\u00e9s avec connectivit\u00e9 Bluetooth &#8211; entra\u00eenez-vous sur vos pistes et films pr\u00e9f\u00e9r\u00e9s<\/li>\n<li>Selle confort large et dens\u00e9ment rembourr\u00e9e avec r\u00e9glage vertical et horizontal du si\u00e8ge<\/li>\n<\/ul>\n<div><img decoding=\"async\" class=\"lazy-content img-fluid alignnone\" src=\"https:\/\/www.fitnessdigital.fr\/images\/productos\/detalles\/reebok\/rfe-c21-pedales.jpg\" alt=\"V\u00e9lo d'Appartement Adidas One C-21\" width=\"415\" height=\"440\" \/><\/div>\n<div><\/div>\n<h4><strong style=\"font-size: 1rem;\">Sp\u00e9cifications<\/strong><\/h4>\n<div><img decoding=\"async\" class=\"lazy-content img-fluid alignnone\" src=\"https:\/\/www.fitnessdigital.fr\/images\/productos\/detalles\/reebok\/rfe-c21-sillin.jpg\" alt=\"V\u00e9lo d'Appartement Adidas One C-21\" width=\"415\" height=\"440\" \/><\/div>\n<ul>\n<li>La hauteur de la selle varie de 67 cm \u00e0 92 cm \/ 26,3&#8243; \u00e0 36,2&#8243;<\/li>\n<li>Les p\u00e9dales \u00e0 haute adh\u00e9rence avec sangles r\u00e9glables offrent un confort suppl\u00e9mentaire lors de la conduite<\/li>\n<li>Porte-bouteille \u00e0 port\u00e9e de main pour vous aider \u00e0 rester hydrat\u00e9 pendant l&#8217;exercice<\/li>\n<li>Les roues de transport int\u00e9gr\u00e9es et la barre de pr\u00e9hension facilitent le d\u00e9placement du v\u00e9lo dans votre maison<\/li>\n<li>Le r\u00e9glage du niveau du sol assure la stabilit\u00e9 du v\u00e9lo<\/li>\n<li>La qualit\u00e9 de construction solide et fiable se traduit par un poids maximum \u00e9lev\u00e9 de l&#8217;utilisateur de 150 kg \/ 330 lb<\/li>\n<li>L&#8217;\u00e9clairage LED rouge signature\u00a0<strong>adidas<\/strong>\u00a0Ultra Series s&#8217;allume lorsque vous cr\u00e9ez de l&#8217;\u00e9nergie.<\/li>\n<li><strong>Dimensions d&#8217;installation :<\/strong> (L) 107 x (L) 57 x (H) 147 cm \/ (L) 42,1&#8243; x (L) 22,4&#8243; x (H) 57,8&#8243;<strong><br \/>\n<\/strong><\/li>\n<\/ul>\n<\/div>\n<h4><strong>Entra\u00eenements interactifs avec Zwift et Kinomap<\/strong><\/h4>\n<h5><strong>App de Kinomap<\/strong><\/h5>\n<div>\n<ul>\n<li>Entra\u00eenez-vous dans le monde entier gr\u00e2ce \u00e0 des milliers de vid\u00e9os disponibles.<\/li>\n<li>Entra\u00eenements structur\u00e9s, y compris l&#8217;entra\u00eenement par intervalles et le coaching.<\/li>\n<li>Partagez vos r\u00e9sultats avec la communaut\u00e9 kinomap.<\/li>\n<li>D\u00e9fiez vos amis avec le mode multijoueur de kinomap.<\/li>\n<\/ul>\n<\/div>\n<h5><strong>App de Zwift<\/strong><\/h5>\n<div>\n<ul>\n<li>Motivateur de type jeu vid\u00e9o.<\/li>\n<li>Plus de 1000 entra\u00eenements s\u00e9lectionn\u00e9s par les entra\u00eeneurs.<\/li>\n<li>Courses de groupe, comp\u00e9titions et courses.<\/li>\n<li>Connectivit\u00e9 et communaut\u00e9 mondiales.<\/li>\n<\/ul>\n<\/div>\n<div><\/div>\n<div><\/div>\n<div><strong>Adidas Console+ App<\/strong><\/div>\n<div><\/div>\n<div>\n<div class=\"wrap\">\n<div class=\"col-5-8 tb-col-5-8 center-block txt-center\">\n<div class=\"video-item\">\n<div class=\"video-container iframe-container text-center panoramic\">\n<div class=\"youtube-player\" data-id=\"https:\/\/www.youtube.com\/embed\/S04tr_GKEBE?rel=0&amp;autoplay=1&amp;wmode=opaque\">\n<div class=\"youtube-thumb\">\n<p><img loading=\"lazy\" decoding=\"async\" class=\"lazy-content img-fluid alignnone\" src=\"https:\/\/i1.ytimg.com\/vi\/S04tr_GKEBE\/maxresdefault.jpg\" alt=\"V\u00e9lo d'Appartement Adidas One C-21\" width=\"747\" height=\"420\" \/><\/p>\n<div class=\"play-button\"><\/div>\n<\/div>\n<\/div>\n<\/div>\n<\/div>\n<\/div>\n<\/div>\n<\/div>\n<h5><strong><br \/>\n<\/strong><strong>D\u00e9couvrez adidas Console+, le compagnon ultime pour vos entra\u00eenements cardio<\/strong><\/h5>\n<div><\/div>\n<div>\n<ul>\n<li>Am\u00e9liorez votre entra\u00eenement gr\u00e2ce \u00e0 une application facile \u00e0 utiliser qui apporte vari\u00e9t\u00e9 et dynamisme \u00e0 vos s\u00e9ances. Acc\u00e9dez \u00e0 des applications populaires comme Zwift, Peloton et Kinomap pour participer \u00e0 des cours interactifs et plonger dans des environnements d&#8217;entra\u00eenement ludiques.<\/li>\n<li>D\u00e9couvrez une large s\u00e9lection de programmes d&#8217;entra\u00eenement pr\u00e9\u00e9tablis sp\u00e9cialement con\u00e7us pour les tapis de course, v\u00e9los et elliptiques adidas. Am\u00e9liorez vos performances en analysant vos donn\u00e9es avec des rapports d\u00e9taill\u00e9s, en suivant votre progression au fil du temps et en obtenant des informations pr\u00e9cieuses sur votre \u00e9volution. Vous pouvez m\u00eame c\u00e9l\u00e9brer vos r\u00e9ussites en partageant vos exploits directement sur vos r\u00e9seaux sociaux.<\/li>\n<li>Utilisez l&#8217;application sur votre t\u00e9l\u00e9phone ou tablette avec toute la gamme cardio adidas et gardez un historique d\u00e9taill\u00e9 de vos entra\u00eenements tout au long de votre progression vers vos objectifs de fitness. De plus, vous pouvez synchroniser vos donn\u00e9es avec des applications tierces et plateformes de sant\u00e9 s\u00e9lectionn\u00e9es, vous permettant d\u2019int\u00e9grer vos outils de fitness pr\u00e9f\u00e9r\u00e9s en toute s\u00e9curit\u00e9, gr\u00e2ce au chiffrement TLS qui garantit la protection et la confidentialit\u00e9 de vos informations.<\/li>\n<\/ul>\n<\/div>\n<\/div>\n<\/div>\n<div><\/div>\n<div><\/div>","protected":false},"excerpt":{"rendered":"<div class=\"product attribute overview\">\n<div class=\"value\">\n<div><strong>Le v\u00e9lo d&#8217;exercice adidas C-21\u00a0<\/strong>est enti\u00e8rement \u00e9quip\u00e9 pour aider \u00e0 d\u00e9velopper l&#8217;endurance cardio et cibler les muscles du bas du corps sans causer de tension d&#8217;impact sur les articulations sensibles. Dot\u00e9 d&#8217;un\u00a0<strong>volant d&#8217;inertie solide de 9 kg \/ 20 lb, de 24 niveaux de r\u00e9sistance \u00e9lectronique et de 12 programmes de fitness vari\u00e9s<\/strong>, ainsi que de 4 programmes utilisateur, le C-21 est id\u00e9al pour l&#8217;entra\u00eenement en r\u00e9gime permanent et par intervalles, avec la fonctionnalit\u00e9 pour les entra\u00eenements de sprint et \u00e0 haute r\u00e9sistance .<\/div>\n<\/div>\n<\/div>","protected":false},"featured_media":373,"comment_status":"open","ping_status":"closed","template":"","meta":[],"product_brand":[21],"product_cat":[17,18,19,42],"product_tag":[43,44],"class_list":{"0":"post-372","1":"product","2":"type-product","3":"status-publish","4":"has-post-thumbnail","6":"product_brand-adidas","7":"product_cat-bons-plans","8":"product_cat-promotions","9":"product_cat-training-fitness","10":"product_cat-velos-dappartement","11":"product_tag-training-fitness","12":"product_tag-velos-dappartement","14":"first","15":"instock","16":"sale","17":"shipping-taxable","18":"purchasable","19":"product-type-simple"},"yoast_head":"<!-- This site is optimized with the Yoast SEO plugin v27.6 - https:\/\/yoast.com\/product\/yoast-seo-wordpress\/ -->\n<title>V\u00e9lo d&#039;Appartement Adidas One C-21 - Promotion - Vente d&#039;\u00c9lectrom\u00e9nager Neuf et Garanti \u00e0 Paris<\/title>\n<meta name=\"description\" content=\"V\u00e9lo d&#039;Appartement Adidas One C-21 - enti\u00e8rement \u00e9quip\u00e9 pour aider \u00e0 d\u00e9velopper l&#039;endurance cardio et cibler les muscles du bas du corps sans causer de tension d&#039;impact sur les articulations sensibles.\" \/>\n<meta name=\"robots\" content=\"index, follow, max-snippet:-1, max-image-preview:large, max-video-preview:-1\" \/>\n<link rel=\"canonical\" href=\"https:\/\/espacemenager2000.fr\/en\/product\/velo-dappartement-adidas-one-c-21\/\" \/>\n<meta property=\"og:locale\" content=\"en_US\" \/>\n<meta property=\"og:type\" content=\"article\" \/>\n<meta property=\"og:title\" content=\"V\u00e9lo d&#039;Appartement Adidas One C-21 - Promotion - Vente d&#039;\u00c9lectrom\u00e9nager Neuf et Garanti \u00e0 Paris\" \/>\n<meta property=\"og:description\" content=\"V\u00e9lo d&#039;Appartement Adidas One C-21 - enti\u00e8rement \u00e9quip\u00e9 pour aider \u00e0 d\u00e9velopper l&#039;endurance cardio et cibler les muscles du bas du corps sans causer de tension d&#039;impact sur les articulations sensibles.\" \/>\n<meta property=\"og:url\" content=\"https:\/\/espacemenager2000.fr\/en\/product\/velo-dappartement-adidas-one-c-21\/\" \/>\n<meta property=\"og:site_name\" content=\"Vente d&#039;\u00c9lectrom\u00e9nager Neuf et Garanti \u00e0 Paris\" \/>\n<meta property=\"article:publisher\" content=\"https:\/\/www.facebook.com\/p\/Espace-menager-2000-100068469618146\/\" \/>\n<meta property=\"article:modified_time\" content=\"2026-05-10T20:41:53+00:00\" \/>\n<meta property=\"og:image\" content=\"https:\/\/espacemenager2000.fr\/wp-content\/uploads\/2026\/05\/Velo-dAppartement-Adidas-One-C-21-.jpg\" \/>\n\t<meta property=\"og:image:width\" content=\"800\" \/>\n\t<meta property=\"og:image:height\" content=\"800\" \/>\n\t<meta property=\"og:image:type\" content=\"image\/jpeg\" \/>\n<meta name=\"twitter:card\" content=\"summary_large_image\" \/>\n<meta name=\"twitter:label1\" content=\"Est. reading time\" \/>\n\t<meta name=\"twitter:data1\" content=\"8 minutes\" \/>\n<script type=\"application\/ld+json\" class=\"yoast-schema-graph\">{\"@context\":\"https:\\\/\\\/schema.org\",\"@graph\":[{\"@type\":\"WebPage\",\"@id\":\"https:\\\/\\\/espacemenager2000.fr\\\/produit\\\/velo-dappartement-adidas-one-c-21\\\/\",\"url\":\"https:\\\/\\\/espacemenager2000.fr\\\/produit\\\/velo-dappartement-adidas-one-c-21\\\/\",\"name\":\"V\u00e9lo d'Appartement Adidas One C-21 - Promotion - Vente d&#039;\u00c9lectrom\u00e9nager Neuf et Garanti \u00e0 Paris\",\"isPartOf\":{\"@id\":\"https:\\\/\\\/espacemenager2000.fr\\\/#website\"},\"primaryImageOfPage\":{\"@id\":\"https:\\\/\\\/espacemenager2000.fr\\\/produit\\\/velo-dappartement-adidas-one-c-21\\\/#primaryimage\"},\"image\":{\"@id\":\"https:\\\/\\\/espacemenager2000.fr\\\/produit\\\/velo-dappartement-adidas-one-c-21\\\/#primaryimage\"},\"thumbnailUrl\":\"https:\\\/\\\/espacemenager2000.fr\\\/wp-content\\\/uploads\\\/2026\\\/05\\\/Velo-dAppartement-Adidas-One-C-21-.jpg\",\"datePublished\":\"2025-12-22T16:11:34+00:00\",\"dateModified\":\"2026-05-10T20:41:53+00:00\",\"description\":\"V\u00e9lo d'Appartement Adidas One C-21 - enti\u00e8rement \u00e9quip\u00e9 pour aider \u00e0 d\u00e9velopper l'endurance cardio et cibler les muscles du bas du corps sans causer de tension d'impact sur les articulations sensibles.\",\"breadcrumb\":{\"@id\":\"https:\\\/\\\/espacemenager2000.fr\\\/produit\\\/velo-dappartement-adidas-one-c-21\\\/#breadcrumb\"},\"inLanguage\":\"en-US\",\"potentialAction\":[{\"@type\":\"ReadAction\",\"target\":[\"https:\\\/\\\/espacemenager2000.fr\\\/produit\\\/velo-dappartement-adidas-one-c-21\\\/\"]}]},{\"@type\":\"ImageObject\",\"inLanguage\":\"en-US\",\"@id\":\"https:\\\/\\\/espacemenager2000.fr\\\/produit\\\/velo-dappartement-adidas-one-c-21\\\/#primaryimage\",\"url\":\"https:\\\/\\\/espacemenager2000.fr\\\/wp-content\\\/uploads\\\/2026\\\/05\\\/Velo-dAppartement-Adidas-One-C-21-.jpg\",\"contentUrl\":\"https:\\\/\\\/espacemenager2000.fr\\\/wp-content\\\/uploads\\\/2026\\\/05\\\/Velo-dAppartement-Adidas-One-C-21-.jpg\",\"width\":800,\"height\":800},{\"@type\":\"BreadcrumbList\",\"@id\":\"https:\\\/\\\/espacemenager2000.fr\\\/produit\\\/velo-dappartement-adidas-one-c-21\\\/#breadcrumb\",\"itemListElement\":[{\"@type\":\"ListItem\",\"position\":1,\"name\":\"Accueil\",\"item\":\"https:\\\/\\\/espacemenager2000.fr\\\/\"},{\"@type\":\"ListItem\",\"position\":2,\"name\":\"Boutique\",\"item\":\"https:\\\/\\\/espacemenager2000.fr\\\/boutique\\\/\"},{\"@type\":\"ListItem\",\"position\":3,\"name\":\"V\u00e9lo d&#8217;Appartement Adidas One C-21\"}]},{\"@type\":\"WebSite\",\"@id\":\"https:\\\/\\\/espacemenager2000.fr\\\/#website\",\"url\":\"https:\\\/\\\/espacemenager2000.fr\\\/\",\"name\":\"Espace Menager 2000\",\"description\":\"Expert en \u00e9lectrom\u00e9nager depuis 2001, Espace M\u00e9nager 2000 vous propose une large gamme de produits : lave-linge, r\u00e9frig\u00e9rateurs, \u00e9lectronique et fitness. Profitez de notre savoir-faire en vente, r\u00e9paration et d\u00e9pannage. Livraison rapide dans toute la zone Euro. Qualit\u00e9 et service garantis.\",\"publisher\":{\"@id\":\"https:\\\/\\\/espacemenager2000.fr\\\/#organization\"},\"potentialAction\":[{\"@type\":\"SearchAction\",\"target\":{\"@type\":\"EntryPoint\",\"urlTemplate\":\"https:\\\/\\\/espacemenager2000.fr\\\/?s={search_term_string}\"},\"query-input\":{\"@type\":\"PropertyValueSpecification\",\"valueRequired\":true,\"valueName\":\"search_term_string\"}}],\"inLanguage\":\"en-US\"},{\"@type\":\"Organization\",\"@id\":\"https:\\\/\\\/espacemenager2000.fr\\\/#organization\",\"name\":\"Espace Menager 2000\",\"url\":\"https:\\\/\\\/espacemenager2000.fr\\\/\",\"logo\":{\"@type\":\"ImageObject\",\"inLanguage\":\"en-US\",\"@id\":\"https:\\\/\\\/espacemenager2000.fr\\\/#\\\/schema\\\/logo\\\/image\\\/\",\"url\":\"https:\\\/\\\/espacemenager2000.fr\\\/wp-content\\\/uploads\\\/2026\\\/05\\\/Fav-Em2000.png\",\"contentUrl\":\"https:\\\/\\\/espacemenager2000.fr\\\/wp-content\\\/uploads\\\/2026\\\/05\\\/Fav-Em2000.png\",\"width\":369,\"height\":369,\"caption\":\"Espace Menager 2000\"},\"image\":{\"@id\":\"https:\\\/\\\/espacemenager2000.fr\\\/#\\\/schema\\\/logo\\\/image\\\/\"},\"sameAs\":[\"https:\\\/\\\/www.facebook.com\\\/p\\\/Espace-menager-2000-100068469618146\\\/\"]}]}<\/script>\n<!-- \/ Yoast SEO plugin. -->","yoast_head_json":{"title":"V\u00e9lo d'Appartement Adidas One C-21 - Promotion - Vente d&#039;\u00c9lectrom\u00e9nager Neuf et Garanti \u00e0 Paris","description":"V\u00e9lo d'Appartement Adidas One C-21 - enti\u00e8rement \u00e9quip\u00e9 pour aider \u00e0 d\u00e9velopper l'endurance cardio et cibler les muscles du bas du corps sans causer de tension d'impact sur les articulations sensibles.","robots":{"index":"index","follow":"follow","max-snippet":"max-snippet:-1","max-image-preview":"max-image-preview:large","max-video-preview":"max-video-preview:-1"},"canonical":"https:\/\/espacemenager2000.fr\/en\/product\/velo-dappartement-adidas-one-c-21\/","og_locale":"en_US","og_type":"article","og_title":"V\u00e9lo d'Appartement Adidas One C-21 - Promotion - Vente d&#039;\u00c9lectrom\u00e9nager Neuf et Garanti \u00e0 Paris","og_description":"V\u00e9lo d'Appartement Adidas One C-21 - enti\u00e8rement \u00e9quip\u00e9 pour aider \u00e0 d\u00e9velopper l'endurance cardio et cibler les muscles du bas du corps sans causer de tension d'impact sur les articulations sensibles.","og_url":"https:\/\/espacemenager2000.fr\/en\/product\/velo-dappartement-adidas-one-c-21\/","og_site_name":"Vente d&#039;\u00c9lectrom\u00e9nager Neuf et Garanti \u00e0 Paris","article_publisher":"https:\/\/www.facebook.com\/p\/Espace-menager-2000-100068469618146\/","article_modified_time":"2026-05-10T20:41:53+00:00","og_image":[{"width":800,"height":800,"url":"https:\/\/espacemenager2000.fr\/wp-content\/uploads\/2026\/05\/Velo-dAppartement-Adidas-One-C-21-.jpg","type":"image\/jpeg"}],"twitter_card":"summary_large_image","twitter_misc":{"Est. reading time":"8 minutes"},"schema":{"@context":"https:\/\/schema.org","@graph":[{"@type":"WebPage","@id":"https:\/\/espacemenager2000.fr\/produit\/velo-dappartement-adidas-one-c-21\/","url":"https:\/\/espacemenager2000.fr\/produit\/velo-dappartement-adidas-one-c-21\/","name":"V\u00e9lo d'Appartement Adidas One C-21 - Promotion - Vente d&#039;\u00c9lectrom\u00e9nager Neuf et Garanti \u00e0 Paris","isPartOf":{"@id":"https:\/\/espacemenager2000.fr\/#website"},"primaryImageOfPage":{"@id":"https:\/\/espacemenager2000.fr\/produit\/velo-dappartement-adidas-one-c-21\/#primaryimage"},"image":{"@id":"https:\/\/espacemenager2000.fr\/produit\/velo-dappartement-adidas-one-c-21\/#primaryimage"},"thumbnailUrl":"https:\/\/espacemenager2000.fr\/wp-content\/uploads\/2026\/05\/Velo-dAppartement-Adidas-One-C-21-.jpg","datePublished":"2025-12-22T16:11:34+00:00","dateModified":"2026-05-10T20:41:53+00:00","description":"V\u00e9lo d'Appartement Adidas One C-21 - enti\u00e8rement \u00e9quip\u00e9 pour aider \u00e0 d\u00e9velopper l'endurance cardio et cibler les muscles du bas du corps sans causer de tension d'impact sur les articulations sensibles.","breadcrumb":{"@id":"https:\/\/espacemenager2000.fr\/produit\/velo-dappartement-adidas-one-c-21\/#breadcrumb"},"inLanguage":"en-US","potentialAction":[{"@type":"ReadAction","target":["https:\/\/espacemenager2000.fr\/produit\/velo-dappartement-adidas-one-c-21\/"]}]},{"@type":"ImageObject","inLanguage":"en-US","@id":"https:\/\/espacemenager2000.fr\/produit\/velo-dappartement-adidas-one-c-21\/#primaryimage","url":"https:\/\/espacemenager2000.fr\/wp-content\/uploads\/2026\/05\/Velo-dAppartement-Adidas-One-C-21-.jpg","contentUrl":"https:\/\/espacemenager2000.fr\/wp-content\/uploads\/2026\/05\/Velo-dAppartement-Adidas-One-C-21-.jpg","width":800,"height":800},{"@type":"BreadcrumbList","@id":"https:\/\/espacemenager2000.fr\/produit\/velo-dappartement-adidas-one-c-21\/#breadcrumb","itemListElement":[{"@type":"ListItem","position":1,"name":"Accueil","item":"https:\/\/espacemenager2000.fr\/"},{"@type":"ListItem","position":2,"name":"Boutique","item":"https:\/\/espacemenager2000.fr\/boutique\/"},{"@type":"ListItem","position":3,"name":"V\u00e9lo d&#8217;Appartement Adidas One C-21"}]},{"@type":"WebSite","@id":"https:\/\/espacemenager2000.fr\/#website","url":"https:\/\/espacemenager2000.fr\/","name":"Espace Menager 2000","description":"Expert en \u00e9lectrom\u00e9nager depuis 2001, Espace M\u00e9nager 2000 vous propose une large gamme de produits : lave-linge, r\u00e9frig\u00e9rateurs, \u00e9lectronique et fitness. Profitez de notre savoir-faire en vente, r\u00e9paration et d\u00e9pannage. Livraison rapide dans toute la zone Euro. Qualit\u00e9 et service garantis.","publisher":{"@id":"https:\/\/espacemenager2000.fr\/#organization"},"potentialAction":[{"@type":"SearchAction","target":{"@type":"EntryPoint","urlTemplate":"https:\/\/espacemenager2000.fr\/?s={search_term_string}"},"query-input":{"@type":"PropertyValueSpecification","valueRequired":true,"valueName":"search_term_string"}}],"inLanguage":"en-US"},{"@type":"Organization","@id":"https:\/\/espacemenager2000.fr\/#organization","name":"Espace Menager 2000","url":"https:\/\/espacemenager2000.fr\/","logo":{"@type":"ImageObject","inLanguage":"en-US","@id":"https:\/\/espacemenager2000.fr\/#\/schema\/logo\/image\/","url":"https:\/\/espacemenager2000.fr\/wp-content\/uploads\/2026\/05\/Fav-Em2000.png","contentUrl":"https:\/\/espacemenager2000.fr\/wp-content\/uploads\/2026\/05\/Fav-Em2000.png","width":369,"height":369,"caption":"Espace Menager 2000"},"image":{"@id":"https:\/\/espacemenager2000.fr\/#\/schema\/logo\/image\/"},"sameAs":["https:\/\/www.facebook.com\/p\/Espace-menager-2000-100068469618146\/"]}]}},"_links":{"self":[{"href":"https:\/\/espacemenager2000.fr\/en\/wp-json\/wp\/v2\/product\/372","targetHints":{"allow":["GET"]}}],"collection":[{"href":"https:\/\/espacemenager2000.fr\/en\/wp-json\/wp\/v2\/product"}],"about":[{"href":"https:\/\/espacemenager2000.fr\/en\/wp-json\/wp\/v2\/types\/product"}],"replies":[{"embeddable":true,"href":"https:\/\/espacemenager2000.fr\/en\/wp-json\/wp\/v2\/comments?post=372"}],"wp:featuredmedia":[{"embeddable":true,"href":"https:\/\/espacemenager2000.fr\/en\/wp-json\/wp\/v2\/media\/373"}],"wp:attachment":[{"href":"https:\/\/espacemenager2000.fr\/en\/wp-json\/wp\/v2\/media?parent=372"}],"wp:term":[{"taxonomy":"product_brand","embeddable":true,"href":"https:\/\/espacemenager2000.fr\/en\/wp-json\/wp\/v2\/product_brand?post=372"},{"taxonomy":"product_cat","embeddable":true,"href":"https:\/\/espacemenager2000.fr\/en\/wp-json\/wp\/v2\/product_cat?post=372"},{"taxonomy":"product_tag","embeddable":true,"href":"https:\/\/espacemenager2000.fr\/en\/wp-json\/wp\/v2\/product_tag?post=372"}],"curies":[{"name":"wp","href":"https:\/\/api.w.org\/{rel}","templated":true}]}}