{"id":362,"date":"2025-12-22T16:11:34","date_gmt":"2025-12-22T16:11:34","guid":{"rendered":"https:\/\/espacemenager2000.fr\/?post_type=product&#038;p=362"},"modified":"2026-05-10T20:41:52","modified_gmt":"2026-05-10T20:41:52","slug":"tapis-de-course-reebok-jet-series-300-bluetooth","status":"publish","type":"product","link":"https:\/\/espacemenager2000.fr\/en\/product\/tapis-de-course-reebok-jet-series-300-bluetooth\/","title":{"rendered":"Tapis de course Reebok Jet Series 300 + Bluetooth"},"content":{"rendered":"<h2>Tapis de course Reebok Jet Series 300 + Bluetooth<\/h2>\n<div align=\"justify\">Le Tapis de course Reebok Jet Series 300 ou<strong>\u00a0Jet 300<\/strong>\u00a0treadmill propose une technologie de &#8221; air motion&#8221;\u00a0 avec son tapis de 150 x 51cm. Les coussins d\u00b4air amortisseurs transf\u00e8rent l\u00b4air pour s\u00b4adapter \u00e0 la foul\u00e9e de l\u00b4utilisateur.\u00a0 Ces mouvements d\u00b4air permettent de r\u00e9duire la force de r\u00e9action du sol pour \u00e9viter les blessures.<\/div>\n<div align=\"justify\"><\/div>\n<div align=\"justify\">\n<h3>Caract\u00e9ristiques Tapis de course Reebok Jet Series 300 + Bluetooth<\/h3>\n<div class=\"contenido\">\n<div align=\"justify\">\n<div align=\"justify\">\n<div align=\"justify\">Le<strong>\u00a0Jet 300<\/strong>\u00a0treadmill propose une technologie de &#8221; air motion&#8221;\u00a0 avec son tapis de 150 x 51cm. Les coussins d\u00b4air amortisseurs transf\u00e8rent l\u00b4air pour s\u00b4adapter \u00e0 la foul\u00e9e de l\u00b4utilisateur.\u00a0 Ces mouvements d\u00b4air permettent de r\u00e9duire la force de r\u00e9action du sol pour \u00e9viter les blessures.<\/div>\n<div align=\"justify\"><\/div>\n<div align=\"justify\">\n<p>Ce syst\u00e8me unique permet de r\u00e9duire les blessures et d\u00b4optimiser le temps d\u00b4entra\u00eenement.<\/p>\n<p><strong>Non compatible avec les bandes de poitrine.<\/strong><\/p>\n<\/div>\n<div align=\"justify\"><\/div>\n<h4 align=\"justify\"><strong style=\"font-size: 1rem;\">En ad\u00e9quation avec votre rythme<\/strong><\/h4>\n<\/div>\n<\/div>\n<div align=\"justify\">\n<p><span style=\"font-size: 1rem;\">Vous pouvez facilement s\u00e9lectionner la vitesse souhait\u00e9e via les boutons d\u00b4acc\u00e9l\u00e9ration de la console, ou les touches de vitesse pour vous rendre progressivement au rythme d\u00e9sir\u00e9.<\/span><\/p>\n<div align=\"justify\">\n<div align=\"justify\">\n<div align=\"justify\"><\/div>\n<div align=\"justify\">Le tapis de course peut \u00eatre r\u00e9gl\u00e9 sur 15 niveaux d\u00b4inclinaison diff\u00e9rents pour les courses de c\u00f4te,la marche ou l\u00b4inclinaison et offre 27 programmes .<\/div>\n<div align=\"justify\"><\/div>\n<div align=\"justify\">\n<p>Sans oublier ces petits d\u00e9tails, le tapis de course Reebok Jet 300 est compatible MP3 avec haut-parleurs int\u00e9gr\u00e9s vous permettant de vous entra\u00ecner au rythme de la musique.<\/p>\n<p><img decoding=\"async\" class=\"lazy-content img-fluid\" src=\"https:\/\/www.fitnessdigital.fr\/images\/productos\/detalles\/reebok\/ReebokJet-1pg.jpg\" alt=\"ReebokJet-1pg\" \/><\/p>\n<\/div>\n<div><\/div>\n<\/div>\n<div align=\"justify\"><\/div>\n<\/div>\n<h4 align=\"justify\"><strong>Les mellieurs finitions <\/strong><\/h4>\n<div align=\"justify\">\n<p><span style=\"font-size: 1rem;\">De plus son m\u00e9cansime de pliage \u00e9conomise l&#8217;espace pour ceux qui cherchent \u00e0 garder la forme sans avoir \u00e0 s&#8217;aventurer \u00e0 la salle de gym.<\/span><\/p>\n<div align=\"justify\"><\/div>\n<div align=\"justify\">Sans oublier ces petits d\u00e9tails, le tapis de course Reebok\u00a0<strong>Jet 300<\/strong>\u00a0est compatible<strong>\u00a0MP3<\/strong> avec haut-parleurs int\u00e9gr\u00e9s vous permettant de vous entra\u00ecner au rythme de la musique.<\/div>\n<div align=\"justify\"><\/div>\n<h4 align=\"justify\"><strong style=\"font-size: 1rem;\">Caract\u00e9ristiques techniques<\/strong><\/h4>\n<\/div>\n<ul>\n<li><strong>Moteur:<\/strong>\u00a02.5 CV<\/li>\n<li><strong>Surface de course:<\/strong>\u00a0150 x 51 cm<\/li>\n<li><strong>Vitesse \u00e9lectronique:<\/strong>\u00a01-16 km\/h<\/li>\n<li><strong>Programes:<\/strong>\u00a027 programes motivants\u00a0+ anlyse de la graisse corporelle<\/li>\n<li><strong>Interactivit\u00e9:<\/strong>\u00a0Console (Bouton du contr\u00f4le de la vitesse, Fonctions de l\u00b4\u00e9cran: niveau d\u00b4inclinaison 15, pouls,calories, temps, vitesse, distance et programme en cours)<\/li>\n<li><strong>Capteur de pouls:\u00a0<\/strong>sur le guidon<\/li>\n<li><strong>Connexion MP3 et haut-parleur<\/strong><\/li>\n<li><strong>Roulettes de transpor<\/strong><\/li>\n<li><strong>Poids utilisateur max:<\/strong>\u00a0140 kg<\/li>\n<li><strong>Niveaux d&#8217;inclinaison :<\/strong>\u00a015<\/li>\n<li><strong>Degr\u00e9 d&#8217;inclinaison maximal :<\/strong> 10,70 %.<\/li>\n<\/ul>\n<p><strong>Dimensions \/ taille<\/strong><\/p>\n<div align=\"justify\">\n<ul>\n<li><strong>Dimensions:<\/strong>\u00a0192 (Longueur) x 86 (Largeur) x 143,5 (Hauteur)<\/li>\n<li><strong>Dimensions pli\u00e9:<\/strong> 124,5 (Longueur) x 86 (Largeur) x 163 (Hauteur)<\/li>\n<\/ul>\n<\/div>\n<\/div>\n<h4><strong>Application Reebok Console<\/strong><\/h4>\n<div><\/div>\n<div>\n<div class=\"wrap\">\n<div class=\"col-5-8 tb-col-5-8 center-block txt-center\">\n<div class=\"video-item\">\n<div class=\"video-container iframe-container text-center panoramic\">\n<div class=\"youtube-player\" data-id=\"https:\/\/www.youtube.com\/embed\/jGTJivx_GZ4?rel=0&amp;autoplay=1&amp;wmode=opaque\">\n<div class=\"youtube-thumb\">\n<p><img fetchpriority=\"high\" decoding=\"async\" class=\"lazy-content img-fluid\" src=\"https:\/\/i1.ytimg.com\/vi\/jGTJivx_GZ4\/maxresdefault.jpg\" alt=\"https:\/\/i1.ytimg.com\/vi\/jGTJivx_GZ4\/maxresdefault.jpg\" width=\"725\" height=\"408\" \/><\/p>\n<div class=\"play-button\"><img decoding=\"async\" class=\"lazy-content img-fluid\" src=\"https:\/\/www.fitnessdigital.fr\/fitnessdigital\/images\/products\/apariencia-video.png\" alt=\"play\" width=\"\" height=\"\" \/><\/div>\n<\/div>\n<\/div>\n<\/div>\n<\/div>\n<\/div>\n<\/div>\n<\/div>\n<div><\/div>\n<h4><strong>D\u00e9couvrez l&#8217;application Reebok Console : le partenaire id\u00e9al pour votre tapis de course, votre v\u00e9lo, votre cross trainer ou votre rameur<\/strong><\/h4>\n<ul>\n<li>\n<div>Portez votre entra\u00eenement vers de nouveaux sommets gr\u00e2ce \u00e0 une application intuitive qui insuffle une nouvelle vie \u00e0 vos s\u00e9ances. Connectez-vous \u00e0 des applications d&#8217;entra\u00eenement populaires telles que Zwift, Kinomap et Peloton pour apporter de l&#8217;enthousiasme et de la diversit\u00e9 \u00e0 chaque s\u00e9ance d&#8217;entra\u00eenement, ce qui vous permet de rejoindre des classes interactives et de d\u00e9couvrir des environnements d&#8217;entra\u00eenement plus immersifs.<\/div>\n<\/li>\n<li>\n<div>D\u00e9couvrez une s\u00e9lection vari\u00e9e de programmes de fitness pr\u00eats \u00e0 l&#8217;emploi, con\u00e7us exclusivement pour les machines cardio Reebok. Lancez-vous des d\u00e9fis et surveillez votre d\u00e9veloppement gr\u00e2ce \u00e0 des rapports de performance d\u00e9taill\u00e9s, suivez l&#8217;\u00e9volution de votre parcours et obtenez des informations pr\u00e9cieuses sur votre entra\u00eenement. De plus, vous pouvez partager directement les \u00e9tapes de votre entra\u00eenement sur vos plateformes de m\u00e9dias sociaux pour c\u00e9l\u00e9brer chaque r\u00e9ussite.<\/div>\n<\/li>\n<li>\n<div>Utilisez sans effort l&#8217;application sur votre smartphone ou votre tablette \u00e0 travers notre gamme cardio, en documentant chaque s\u00e9ance d&#8217;entra\u00eenement au fur et \u00e0 mesure que vous progressez vers vos objectifs de remise en forme. En outre, vous pouvez synchroniser vos donn\u00e9es d&#8217;entra\u00eenement avec des applications externes de suivi de la sant\u00e9 et de la condition physique, ce qui vous permet de continuer \u00e0 utiliser vos outils pr\u00e9f\u00e9r\u00e9s tout en pr\u00e9servant la s\u00e9curit\u00e9 et la confidentialit\u00e9 des donn\u00e9es gr\u00e2ce au cryptage TLS.<\/div>\n<\/li>\n<\/ul>\n<\/div>\n<\/div>\n<div align=\"justify\"><\/div>","protected":false},"excerpt":{"rendered":"<div class=\"product attribute overview\">\n<div class=\"value\">Le Tapis de course Reebok Jet Series 300 ou<strong>\u00a0Jet 300<\/strong>\u00a0treadmill propose une technologie de &#8221; air motion&#8221;\u00a0 avec son tapis de 150 x 51cm. Les coussins d\u00b4air amortisseurs transf\u00e8rent l\u00b4air pour s\u00b4adapter \u00e0 la foul\u00e9e de l\u00b4utilisateur.\u00a0 Ces mouvements d\u00b4air permettent de r\u00e9duire la force de r\u00e9action du sol pour \u00e9viter les blessures.<\/div>\n<\/div>","protected":false},"featured_media":363,"comment_status":"open","ping_status":"closed","template":"","meta":[],"product_brand":[36],"product_cat":[17,18,20,19],"product_tag":[22,23],"class_list":{"0":"post-362","1":"product","2":"type-product","3":"status-publish","4":"has-post-thumbnail","6":"product_brand-reebok","7":"product_cat-bons-plans","8":"product_cat-promotions","9":"product_cat-tapis-de-course","10":"product_cat-training-fitness","11":"product_tag-tapis-de-course","12":"product_tag-tapis-de-course-bh","14":"first","15":"instock","16":"shipping-taxable","17":"purchasable","18":"product-type-simple"},"yoast_head":"<!-- This site is optimized with the Yoast SEO plugin v27.6 - https:\/\/yoast.com\/product\/yoast-seo-wordpress\/ -->\n<title>Tapis de course Reebok Jet Series 300 - Promotion - Vente d&#039;\u00c9lectrom\u00e9nager Neuf et Garanti \u00e0 Paris<\/title>\n<meta name=\"description\" content=\"Tapis de course Reebok Jet Series 300 - Moteur:\u00a02.5 CV - Surface de course:\u00a0150 x 51 cm - Dimensions:\u00a0192 (Longueur) x 86 (Largeur) x 143,5 (Hauteur)\" \/>\n<meta name=\"robots\" content=\"index, follow, max-snippet:-1, max-image-preview:large, max-video-preview:-1\" \/>\n<link rel=\"canonical\" href=\"https:\/\/espacemenager2000.fr\/en\/product\/tapis-de-course-reebok-jet-series-300-bluetooth\/\" \/>\n<meta property=\"og:locale\" content=\"en_US\" \/>\n<meta property=\"og:type\" content=\"article\" \/>\n<meta property=\"og:title\" content=\"Tapis de course Reebok Jet Series 300 - Promotion - Vente d&#039;\u00c9lectrom\u00e9nager Neuf et Garanti \u00e0 Paris\" \/>\n<meta property=\"og:description\" content=\"Tapis de course Reebok Jet Series 300 - Moteur:\u00a02.5 CV - Surface de course:\u00a0150 x 51 cm - Dimensions:\u00a0192 (Longueur) x 86 (Largeur) x 143,5 (Hauteur)\" \/>\n<meta property=\"og:url\" content=\"https:\/\/espacemenager2000.fr\/en\/product\/tapis-de-course-reebok-jet-series-300-bluetooth\/\" \/>\n<meta property=\"og:site_name\" content=\"Vente d&#039;\u00c9lectrom\u00e9nager Neuf et Garanti \u00e0 Paris\" \/>\n<meta property=\"article:publisher\" content=\"https:\/\/www.facebook.com\/p\/Espace-menager-2000-100068469618146\/\" \/>\n<meta property=\"article:modified_time\" content=\"2026-05-10T20:41:52+00:00\" \/>\n<meta property=\"og:image\" content=\"https:\/\/espacemenager2000.fr\/wp-content\/uploads\/2026\/05\/Tapis-de-course-Reebok-Jet-Series-300-.jpg\" \/>\n\t<meta property=\"og:image:width\" content=\"800\" \/>\n\t<meta property=\"og:image:height\" content=\"800\" \/>\n\t<meta property=\"og:image:type\" content=\"image\/jpeg\" \/>\n<meta name=\"twitter:card\" content=\"summary_large_image\" \/>\n<meta name=\"twitter:label1\" content=\"Est. reading time\" \/>\n\t<meta name=\"twitter:data1\" content=\"6 minutes\" \/>\n<script type=\"application\/ld+json\" class=\"yoast-schema-graph\">{\"@context\":\"https:\\\/\\\/schema.org\",\"@graph\":[{\"@type\":\"WebPage\",\"@id\":\"https:\\\/\\\/espacemenager2000.fr\\\/produit\\\/tapis-de-course-reebok-jet-series-300-bluetooth\\\/\",\"url\":\"https:\\\/\\\/espacemenager2000.fr\\\/produit\\\/tapis-de-course-reebok-jet-series-300-bluetooth\\\/\",\"name\":\"Tapis de course Reebok Jet Series 300 - Promotion - Vente d&#039;\u00c9lectrom\u00e9nager Neuf et Garanti \u00e0 Paris\",\"isPartOf\":{\"@id\":\"https:\\\/\\\/espacemenager2000.fr\\\/#website\"},\"primaryImageOfPage\":{\"@id\":\"https:\\\/\\\/espacemenager2000.fr\\\/produit\\\/tapis-de-course-reebok-jet-series-300-bluetooth\\\/#primaryimage\"},\"image\":{\"@id\":\"https:\\\/\\\/espacemenager2000.fr\\\/produit\\\/tapis-de-course-reebok-jet-series-300-bluetooth\\\/#primaryimage\"},\"thumbnailUrl\":\"https:\\\/\\\/espacemenager2000.fr\\\/wp-content\\\/uploads\\\/2026\\\/05\\\/Tapis-de-course-Reebok-Jet-Series-300-.jpg\",\"datePublished\":\"2025-12-22T16:11:34+00:00\",\"dateModified\":\"2026-05-10T20:41:52+00:00\",\"description\":\"Tapis de course Reebok Jet Series 300 - Moteur:\u00a02.5 CV - Surface de course:\u00a0150 x 51 cm - Dimensions:\u00a0192 (Longueur) x 86 (Largeur) x 143,5 (Hauteur)\",\"breadcrumb\":{\"@id\":\"https:\\\/\\\/espacemenager2000.fr\\\/produit\\\/tapis-de-course-reebok-jet-series-300-bluetooth\\\/#breadcrumb\"},\"inLanguage\":\"en-US\",\"potentialAction\":[{\"@type\":\"ReadAction\",\"target\":[\"https:\\\/\\\/espacemenager2000.fr\\\/produit\\\/tapis-de-course-reebok-jet-series-300-bluetooth\\\/\"]}]},{\"@type\":\"ImageObject\",\"inLanguage\":\"en-US\",\"@id\":\"https:\\\/\\\/espacemenager2000.fr\\\/produit\\\/tapis-de-course-reebok-jet-series-300-bluetooth\\\/#primaryimage\",\"url\":\"https:\\\/\\\/espacemenager2000.fr\\\/wp-content\\\/uploads\\\/2026\\\/05\\\/Tapis-de-course-Reebok-Jet-Series-300-.jpg\",\"contentUrl\":\"https:\\\/\\\/espacemenager2000.fr\\\/wp-content\\\/uploads\\\/2026\\\/05\\\/Tapis-de-course-Reebok-Jet-Series-300-.jpg\",\"width\":800,\"height\":800},{\"@type\":\"BreadcrumbList\",\"@id\":\"https:\\\/\\\/espacemenager2000.fr\\\/produit\\\/tapis-de-course-reebok-jet-series-300-bluetooth\\\/#breadcrumb\",\"itemListElement\":[{\"@type\":\"ListItem\",\"position\":1,\"name\":\"Accueil\",\"item\":\"https:\\\/\\\/espacemenager2000.fr\\\/\"},{\"@type\":\"ListItem\",\"position\":2,\"name\":\"Boutique\",\"item\":\"https:\\\/\\\/espacemenager2000.fr\\\/boutique\\\/\"},{\"@type\":\"ListItem\",\"position\":3,\"name\":\"Tapis de course Reebok Jet Series 300 + Bluetooth\"}]},{\"@type\":\"WebSite\",\"@id\":\"https:\\\/\\\/espacemenager2000.fr\\\/#website\",\"url\":\"https:\\\/\\\/espacemenager2000.fr\\\/\",\"name\":\"Espace Menager 2000\",\"description\":\"Expert en \u00e9lectrom\u00e9nager depuis 2001, Espace M\u00e9nager 2000 vous propose une large gamme de produits : lave-linge, r\u00e9frig\u00e9rateurs, \u00e9lectronique et fitness. Profitez de notre savoir-faire en vente, r\u00e9paration et d\u00e9pannage. Livraison rapide dans toute la zone Euro. Qualit\u00e9 et service garantis.\",\"publisher\":{\"@id\":\"https:\\\/\\\/espacemenager2000.fr\\\/#organization\"},\"potentialAction\":[{\"@type\":\"SearchAction\",\"target\":{\"@type\":\"EntryPoint\",\"urlTemplate\":\"https:\\\/\\\/espacemenager2000.fr\\\/?s={search_term_string}\"},\"query-input\":{\"@type\":\"PropertyValueSpecification\",\"valueRequired\":true,\"valueName\":\"search_term_string\"}}],\"inLanguage\":\"en-US\"},{\"@type\":\"Organization\",\"@id\":\"https:\\\/\\\/espacemenager2000.fr\\\/#organization\",\"name\":\"Espace Menager 2000\",\"url\":\"https:\\\/\\\/espacemenager2000.fr\\\/\",\"logo\":{\"@type\":\"ImageObject\",\"inLanguage\":\"en-US\",\"@id\":\"https:\\\/\\\/espacemenager2000.fr\\\/#\\\/schema\\\/logo\\\/image\\\/\",\"url\":\"https:\\\/\\\/espacemenager2000.fr\\\/wp-content\\\/uploads\\\/2026\\\/05\\\/Fav-Em2000.png\",\"contentUrl\":\"https:\\\/\\\/espacemenager2000.fr\\\/wp-content\\\/uploads\\\/2026\\\/05\\\/Fav-Em2000.png\",\"width\":369,\"height\":369,\"caption\":\"Espace Menager 2000\"},\"image\":{\"@id\":\"https:\\\/\\\/espacemenager2000.fr\\\/#\\\/schema\\\/logo\\\/image\\\/\"},\"sameAs\":[\"https:\\\/\\\/www.facebook.com\\\/p\\\/Espace-menager-2000-100068469618146\\\/\"]}]}<\/script>\n<!-- \/ Yoast SEO plugin. -->","yoast_head_json":{"title":"Tapis de course Reebok Jet Series 300 - Promotion - Vente d&#039;\u00c9lectrom\u00e9nager Neuf et Garanti \u00e0 Paris","description":"Tapis de course Reebok Jet Series 300 - Moteur:\u00a02.5 CV - Surface de course:\u00a0150 x 51 cm - Dimensions:\u00a0192 (Longueur) x 86 (Largeur) x 143,5 (Hauteur)","robots":{"index":"index","follow":"follow","max-snippet":"max-snippet:-1","max-image-preview":"max-image-preview:large","max-video-preview":"max-video-preview:-1"},"canonical":"https:\/\/espacemenager2000.fr\/en\/product\/tapis-de-course-reebok-jet-series-300-bluetooth\/","og_locale":"en_US","og_type":"article","og_title":"Tapis de course Reebok Jet Series 300 - Promotion - Vente d&#039;\u00c9lectrom\u00e9nager Neuf et Garanti \u00e0 Paris","og_description":"Tapis de course Reebok Jet Series 300 - Moteur:\u00a02.5 CV - Surface de course:\u00a0150 x 51 cm - Dimensions:\u00a0192 (Longueur) x 86 (Largeur) x 143,5 (Hauteur)","og_url":"https:\/\/espacemenager2000.fr\/en\/product\/tapis-de-course-reebok-jet-series-300-bluetooth\/","og_site_name":"Vente d&#039;\u00c9lectrom\u00e9nager Neuf et Garanti \u00e0 Paris","article_publisher":"https:\/\/www.facebook.com\/p\/Espace-menager-2000-100068469618146\/","article_modified_time":"2026-05-10T20:41:52+00:00","og_image":[{"width":800,"height":800,"url":"https:\/\/espacemenager2000.fr\/wp-content\/uploads\/2026\/05\/Tapis-de-course-Reebok-Jet-Series-300-.jpg","type":"image\/jpeg"}],"twitter_card":"summary_large_image","twitter_misc":{"Est. reading time":"6 minutes"},"schema":{"@context":"https:\/\/schema.org","@graph":[{"@type":"WebPage","@id":"https:\/\/espacemenager2000.fr\/produit\/tapis-de-course-reebok-jet-series-300-bluetooth\/","url":"https:\/\/espacemenager2000.fr\/produit\/tapis-de-course-reebok-jet-series-300-bluetooth\/","name":"Tapis de course Reebok Jet Series 300 - Promotion - Vente d&#039;\u00c9lectrom\u00e9nager Neuf et Garanti \u00e0 Paris","isPartOf":{"@id":"https:\/\/espacemenager2000.fr\/#website"},"primaryImageOfPage":{"@id":"https:\/\/espacemenager2000.fr\/produit\/tapis-de-course-reebok-jet-series-300-bluetooth\/#primaryimage"},"image":{"@id":"https:\/\/espacemenager2000.fr\/produit\/tapis-de-course-reebok-jet-series-300-bluetooth\/#primaryimage"},"thumbnailUrl":"https:\/\/espacemenager2000.fr\/wp-content\/uploads\/2026\/05\/Tapis-de-course-Reebok-Jet-Series-300-.jpg","datePublished":"2025-12-22T16:11:34+00:00","dateModified":"2026-05-10T20:41:52+00:00","description":"Tapis de course Reebok Jet Series 300 - Moteur:\u00a02.5 CV - Surface de course:\u00a0150 x 51 cm - Dimensions:\u00a0192 (Longueur) x 86 (Largeur) x 143,5 (Hauteur)","breadcrumb":{"@id":"https:\/\/espacemenager2000.fr\/produit\/tapis-de-course-reebok-jet-series-300-bluetooth\/#breadcrumb"},"inLanguage":"en-US","potentialAction":[{"@type":"ReadAction","target":["https:\/\/espacemenager2000.fr\/produit\/tapis-de-course-reebok-jet-series-300-bluetooth\/"]}]},{"@type":"ImageObject","inLanguage":"en-US","@id":"https:\/\/espacemenager2000.fr\/produit\/tapis-de-course-reebok-jet-series-300-bluetooth\/#primaryimage","url":"https:\/\/espacemenager2000.fr\/wp-content\/uploads\/2026\/05\/Tapis-de-course-Reebok-Jet-Series-300-.jpg","contentUrl":"https:\/\/espacemenager2000.fr\/wp-content\/uploads\/2026\/05\/Tapis-de-course-Reebok-Jet-Series-300-.jpg","width":800,"height":800},{"@type":"BreadcrumbList","@id":"https:\/\/espacemenager2000.fr\/produit\/tapis-de-course-reebok-jet-series-300-bluetooth\/#breadcrumb","itemListElement":[{"@type":"ListItem","position":1,"name":"Accueil","item":"https:\/\/espacemenager2000.fr\/"},{"@type":"ListItem","position":2,"name":"Boutique","item":"https:\/\/espacemenager2000.fr\/boutique\/"},{"@type":"ListItem","position":3,"name":"Tapis de course Reebok Jet Series 300 + Bluetooth"}]},{"@type":"WebSite","@id":"https:\/\/espacemenager2000.fr\/#website","url":"https:\/\/espacemenager2000.fr\/","name":"Espace Menager 2000","description":"Expert en \u00e9lectrom\u00e9nager depuis 2001, Espace M\u00e9nager 2000 vous propose une large gamme de produits : lave-linge, r\u00e9frig\u00e9rateurs, \u00e9lectronique et fitness. Profitez de notre savoir-faire en vente, r\u00e9paration et d\u00e9pannage. Livraison rapide dans toute la zone Euro. Qualit\u00e9 et service garantis.","publisher":{"@id":"https:\/\/espacemenager2000.fr\/#organization"},"potentialAction":[{"@type":"SearchAction","target":{"@type":"EntryPoint","urlTemplate":"https:\/\/espacemenager2000.fr\/?s={search_term_string}"},"query-input":{"@type":"PropertyValueSpecification","valueRequired":true,"valueName":"search_term_string"}}],"inLanguage":"en-US"},{"@type":"Organization","@id":"https:\/\/espacemenager2000.fr\/#organization","name":"Espace Menager 2000","url":"https:\/\/espacemenager2000.fr\/","logo":{"@type":"ImageObject","inLanguage":"en-US","@id":"https:\/\/espacemenager2000.fr\/#\/schema\/logo\/image\/","url":"https:\/\/espacemenager2000.fr\/wp-content\/uploads\/2026\/05\/Fav-Em2000.png","contentUrl":"https:\/\/espacemenager2000.fr\/wp-content\/uploads\/2026\/05\/Fav-Em2000.png","width":369,"height":369,"caption":"Espace Menager 2000"},"image":{"@id":"https:\/\/espacemenager2000.fr\/#\/schema\/logo\/image\/"},"sameAs":["https:\/\/www.facebook.com\/p\/Espace-menager-2000-100068469618146\/"]}]}},"_links":{"self":[{"href":"https:\/\/espacemenager2000.fr\/en\/wp-json\/wp\/v2\/product\/362","targetHints":{"allow":["GET"]}}],"collection":[{"href":"https:\/\/espacemenager2000.fr\/en\/wp-json\/wp\/v2\/product"}],"about":[{"href":"https:\/\/espacemenager2000.fr\/en\/wp-json\/wp\/v2\/types\/product"}],"replies":[{"embeddable":true,"href":"https:\/\/espacemenager2000.fr\/en\/wp-json\/wp\/v2\/comments?post=362"}],"wp:featuredmedia":[{"embeddable":true,"href":"https:\/\/espacemenager2000.fr\/en\/wp-json\/wp\/v2\/media\/363"}],"wp:attachment":[{"href":"https:\/\/espacemenager2000.fr\/en\/wp-json\/wp\/v2\/media?parent=362"}],"wp:term":[{"taxonomy":"product_brand","embeddable":true,"href":"https:\/\/espacemenager2000.fr\/en\/wp-json\/wp\/v2\/product_brand?post=362"},{"taxonomy":"product_cat","embeddable":true,"href":"https:\/\/espacemenager2000.fr\/en\/wp-json\/wp\/v2\/product_cat?post=362"},{"taxonomy":"product_tag","embeddable":true,"href":"https:\/\/espacemenager2000.fr\/en\/wp-json\/wp\/v2\/product_tag?post=362"}],"curies":[{"name":"wp","href":"https:\/\/api.w.org\/{rel}","templated":true}]}}