{"id":343,"date":"2025-12-22T16:11:12","date_gmt":"2025-12-22T16:11:12","guid":{"rendered":"https:\/\/espacemenager2000.fr\/?post_type=product&#038;p=343"},"modified":"2026-05-14T00:18:31","modified_gmt":"2026-05-14T00:18:31","slug":"tapis-de-course-reebok-z-tech-ac","status":"publish","type":"product","link":"https:\/\/espacemenager2000.fr\/en\/product\/tapis-de-course-reebok-z-tech-ac\/","title":{"rendered":"Tapis de Course Reebok Z-tech AC"},"content":{"rendered":"<h2>Tapis de Course Reebok Z-tech AC<\/h2>\n<p class=\"font_7 wixui-rich-text__text\">Entrez dans une nouvelle \u00e8re d&#8217;entra\u00eenement cardio \u00e0 domicile avec le Tapis de Course Reebok Z-tech AC, o\u00f9 l&#8217;innovation de conception rencontre la performance ultime pour une course sans pareille.<\/p>\n<h3 style=\"font-weight: 400;\">Caract\u00e9ristiques Tapis de Course Reebok Z-tech AC<\/h3>\n<h4 style=\"font-weight: 600;\">Pour quel public est destin\u00e9 cet appareil semi-professionnel?<\/h4>\n<ul>\n<li>Pour les\u00a0<b><strong>particuliers les plus exigeants<\/strong><\/b>\u00a0qui ont besoin d\u2019appareils de cardio ou de musculation qui offrent de grandes prestations.<\/li>\n<li>Pour les petites salles de sport en\u00a0<b><strong>entreprises, communaut\u00e9s de voisins, h\u00f4tels, centres de physioth\u00e9rapie et r\u00e9habilitation, EPAH, Communes, clubs sportifs, forces de l\u2019arm\u00e9e, la police et les pompiers<\/strong><\/b>. Ces appareils sont sp\u00e9cialement con\u00e7us en mati\u00e8re de\u00a0<b><strong>qualit\u00e9, garantie et prix<\/strong><\/b>\u00a0pour les besoins r\u00e9els de ce secteur. Si vous voulez plus d\u2019informations, visitez notre section sp\u00e9cifique\u00a0<a href=\"https:\/\/www.fitnessdigital.fr\/salles-de-sports-professionnelles\/pro\/gen\/\">profesionnelle<\/a>.<\/li>\n<\/ul>\n<h4><b><strong>Points cl\u00e9s<\/strong><\/b><\/h4>\n<ul>\n<li><b><strong>L&#8217;application Reebok Console, Kinomap et Zwift vous offrent des s\u00e9ances d&#8217;entra\u00eenement interactives que vous pouvez appr\u00e9cier pendant que vous vous entra\u00eenez.<\/strong><\/b><\/li>\n<li><b><strong>La plage de vitesse de 1 \u00e0 20 km\/h vous permet de passer d&#8217;une douce promenade \u00e0 un sprint rapide. L&#8217;utilisation est semi-professionnelle.<\/strong><\/b><\/li>\n<li><b><strong>L&#8217;\u00e9l\u00e9gant \u00e9cran LED affiche les performances en temps r\u00e9el : vitesse, temps, distance, calories, pouls, inclinaison et fr\u00e9quence cardiaque.<\/strong><\/b><\/li>\n<li><b><strong>Le moteur AC offre une puissance continue de 3ch et une puissance de pointe de 5ch.<\/strong><\/b><\/li>\n<\/ul>\n<h3 style=\"font-weight: 600;\"><b><strong>Sp\u00e9cifications\u00a0<\/strong><\/b><b><strong>Reebok Z-tech AC<\/strong><\/b><\/h3>\n<p><b><strong>\u00c9quip\u00e9 d&#8217;un puissant moteur de pointe de 5ch et d&#8217;un moteur continu de 3ch<\/strong><\/b><br \/>\nIl offre des performances et une fiabilit\u00e9 in\u00e9gal\u00e9es dans une plage de vitesse de 1 \u00e0 20 km\/h, id\u00e9ale pour la marche douce ou les sprints rapides.<br \/>\n<b><strong>Inclinaison \u00e9lectronique<\/strong><\/b><br \/>\n18 niveaux d&#8217;inclinaison pour\u00a0<b><strong>ajuster l&#8217;\u00e9l\u00e9vation et augmenter la difficult\u00e9.<\/strong><\/b><\/p>\n<p><b><strong>Programmes pr\u00e9r\u00e9gl\u00e9s<\/strong><\/b><br \/>\n<b><strong>Avec 36 programmes de remise en forme pr\u00e9r\u00e9gl\u00e9s<\/strong><\/b>, la gamme de d\u00e9fis du tapis de course vous permet de vous entra\u00eener d\u00e8s les r\u00e9glages.<\/p>\n<p><b><strong>Absorption des chocs<\/strong><\/b><br \/>\nLe syst\u00e8me d&#8217;amortissement\u00a0<b><strong>r\u00e9duit l&#8217;impact sur les articulations sensibles.<\/strong><\/b><\/p>\n<h5><b><strong>Support d&#8217;appareil<\/strong><\/b><\/h5>\n<p>Support pivotant offrant un angle optimal pour l&#8217;affichage d&#8217;une tablette jusqu&#8217;\u00e0 15,6 pouces. <b><strong>La tablette n&#8217;est pas incluse.<\/strong><\/b><\/p>\n<h5><b><strong>Compatibilit\u00e9 avec les applications<\/strong><\/b><\/h5>\n<p><b><strong>Compatible avec Zwift, Kinomap et l&#8217;application Reebok Console,<\/strong><\/b>\u00a0vous pouvez acc\u00e9der \u00e0 un monde d&#8217;exp\u00e9riences de course immersives, d&#8217;applications d&#8217;entra\u00eenement et de s\u00e9ances d&#8217;entra\u00eenement personnalis\u00e9es, tout en documentant vos performances avec un retour d&#8217;entra\u00eenement d\u00e9taill\u00e9.<br \/>\nDe la communaut\u00e9 de course gamifi\u00e9e de Zwift aux itin\u00e9raires r\u00e9els de Kinomap, d\u00e9bloquez des possibilit\u00e9s d&#8217;entra\u00eenement infinies avec le Z-Tech.<\/p>\n<p><b><strong>Console LED<\/strong><\/b><br \/>\nConsole LED avec retour d&#8217;information en temps r\u00e9el sur<b><strong>\u00a0la vitesse, la distance, les calories, le pouls et plus encore.\u00a0<\/strong><\/b><\/p>\n<p><b><strong>Conception ergonomique<\/strong><\/b><br \/>\nCapteurs de pouls sur les poign\u00e9es et les roues pour un<b><strong> r\u00e9glage rapide de la vitesse et de l&#8217;inclinaison.<\/strong><\/b><\/p>\n<p><b><strong>Plate-forme robuste<\/strong><\/b><br \/>\nCon\u00e7u pour durer, avec une grande surface de course de\u00a0<b><strong>154 x 55 cm et un poids maximum de 150 kg,\u00a0<\/strong><\/b>le tapis de course Z-Tech offre une plate-forme solide pour des performances maximales.<\/p>\n<h4><b><strong>Console et programmes<\/strong><\/b><\/h4>\n<p><b><strong>Console LED \u00e9l\u00e9gante<\/strong><\/b><br \/>\nL&#8217;interface \u00e0 cadran transmet des informations en direct sur les performances. Les mesures en temps r\u00e9el comprennent la vitesse, le temps, la distance, les calories, le pouls, l&#8217;inclinaison et la fr\u00e9quence cardiaque.<\/p>\n<p><b><strong>Grande vari\u00e9t\u00e9 de programmes<\/strong><\/b><br \/>\nD\u00e9marrage rapide, temps cible, distance cible, calories cibles, graisse corporelle, programme HRC, 36 programmes pr\u00e9r\u00e9gl\u00e9s + 3 cibles + IMC, applications int\u00e9gr\u00e9es.<\/p>\n<p><b><strong>Large \u00e9ventail de fonctions<\/strong><\/b><br \/>\nVitesse, temps, distance, calories, inclinaison, fr\u00e9quence cardiaque, fr\u00e9quence cardiaque cible.<\/p>\n<h4><b><strong>Autres avantages<\/strong><\/b><\/h4>\n<table>\n<tbody>\n<tr>\n<td>Syst\u00e8me de suspension<\/td>\n<td>\u2714\ufe0f<\/td>\n<\/tr>\n<tr>\n<td>Touches d&#8217;acc\u00e8s rapide<\/td>\n<td>\u2714\ufe0f<\/td>\n<\/tr>\n<tr>\n<td>Touches d&#8217;inclinaison rapide<\/td>\n<td>\u2714\ufe0f<\/td>\n<\/tr>\n<tr>\n<td>Capteur de pouls<\/td>\n<td>\u2714\ufe0f<\/td>\n<\/tr>\n<tr>\n<td>Haut-parleurs<\/td>\n<td>\u2714\ufe0f<\/td>\n<\/tr>\n<tr>\n<td>Port USB<\/td>\n<td>\u2714\ufe0f<\/td>\n<\/tr>\n<tr>\n<td>Porte-bouteille<\/td>\n<td>\u2714\ufe0f<\/td>\n<\/tr>\n<tr>\n<td>Roues de transport<\/td>\n<td>\u2714\ufe0f<\/td>\n<\/tr>\n<tr>\n<td>R\u00e9glage du niveau du sol<\/td>\n<td>\u2714\ufe0f<\/td>\n<\/tr>\n<tr>\n<td>Adaptateur Bluetooth<\/td>\n<td>\u2714\ufe0f<\/td>\n<\/tr>\n<tr>\n<td>USB &#8211; Chargement<\/td>\n<td>\u2714\ufe0f<\/td>\n<\/tr>\n<tr>\n<td>USB-Bluetooth<\/td>\n<td>\u2714\ufe0f<\/td>\n<\/tr>\n<tr>\n<td>APP (connexion BT)<\/td>\n<td>\u2714\ufe0f<\/td>\n<\/tr>\n<tr>\n<td>Affichage de la musique Bluetooth<\/td>\n<td>\u2714\ufe0f<\/td>\n<\/tr>\n<tr>\n<td>Port de charge USB<\/td>\n<td>\u2714\ufe0f<\/td>\n<\/tr>\n<tr>\n<td>Musique\u00a0Bluetooth<\/td>\n<td>\u2714\ufe0f<\/td>\n<\/tr>\n<\/tbody>\n<\/table>\n<h3 style=\"font-weight: 600;\"><b><strong>Dimensions et poids Reebok Z-tech AC<\/strong><\/b><\/h3>\n<table>\n<tbody>\n<tr>\n<td>Longueur<\/td>\n<td>171.5cm<\/td>\n<\/tr>\n<tr>\n<td>Largeur<\/td>\n<td>85cm<\/td>\n<\/tr>\n<tr>\n<td>Hauteur<\/td>\n<td>156.5cm<\/td>\n<\/tr>\n<tr>\n<td>Poids maximum de l&#8217;utilisateur<\/td>\n<td>150kg<\/td>\n<\/tr>\n<tr>\n<td>Surface de roulement<\/td>\n<td>154x55cm<\/td>\n<\/tr>\n<tr>\n<td>Poids net dans la bo\u00eete<\/td>\n<td>128kg<\/td>\n<\/tr>\n<tr>\n<td>Poids brut dans la bo\u00eete<\/td>\n<td>143kg<\/td>\n<\/tr>\n<\/tbody>\n<\/table>\n<p>&nbsp;<\/p>\n<h4><b><strong>Entra\u00eenements interactifs avec Zwift et Kinomap<\/strong><\/b><\/h4>\n<h5><b><strong>App de Kinomap<\/strong><\/b><\/h5>\n<ul>\n<li>Entra\u00eenez-vous dans le monde entier gr\u00e2ce \u00e0 des milliers de vid\u00e9os disponibles.<\/li>\n<li>Entra\u00eenements structur\u00e9s, y compris l&#8217;entra\u00eenement par intervalles et le coaching.<\/li>\n<li>Partagez vos r\u00e9sultats avec la communaut\u00e9 kinomap.<\/li>\n<li>D\u00e9fiez vos amis avec le mode multijoueur de kinomap.<\/li>\n<\/ul>\n<h5><b><strong>App de Zwift<\/strong><\/b><\/h5>\n<ul>\n<li>Motivateur de type jeu vid\u00e9o.<\/li>\n<li>Plus de 1000 entra\u00eenements s\u00e9lectionn\u00e9s par les entra\u00eeneurs.<\/li>\n<li>Courses de groupe, comp\u00e9titions et courses.<\/li>\n<li>Connectivit\u00e9 et communaut\u00e9 mondiales<\/li>\n<\/ul>\n<h5><b><strong>Application Reebok Console<\/strong><\/b><\/h5>\n<p><b><strong>D\u00e9couvrez l&#8217;application Reebok Console : le partenaire id\u00e9al pour votre tapis de course, votre v\u00e9lo, votre cross trainer ou votre rameur<\/strong><\/b><\/p>\n<ul>\n<li>Portez votre entra\u00eenement vers de nouveaux sommets gr\u00e2ce \u00e0 une application intuitive qui insuffle une nouvelle vie \u00e0 vos s\u00e9ances. Connectez-vous \u00e0 des applications d&#8217;entra\u00eenement populaires telles que Zwift, Kinomap pour apporter de l&#8217;enthousiasme et de la diversit\u00e9 \u00e0 chaque s\u00e9ance d&#8217;entra\u00eenement, ce qui vous permet de rejoindre des classes interactives et de d\u00e9couvrir des environnements d&#8217;entra\u00eenement plus immersifs.<\/li>\n<li>D\u00e9couvrez une s\u00e9lection vari\u00e9e de programmes de fitness pr\u00eats \u00e0 l&#8217;emploi, con\u00e7us exclusivement pour les machines cardio Reebok. Lancez-vous des d\u00e9fis et surveillez votre d\u00e9veloppement gr\u00e2ce \u00e0 des rapports de performance d\u00e9taill\u00e9s, suivez l&#8217;\u00e9volution de votre parcours et obtenez des informations pr\u00e9cieuses sur votre entra\u00eenement. De plus, vous pouvez partager directement les \u00e9tapes de votre entra\u00eenement sur vos plateformes de m\u00e9dias sociaux pour c\u00e9l\u00e9brer chaque r\u00e9ussite.<\/li>\n<li>Utilisez sans effort l&#8217;application sur votre smartphone ou votre tablette \u00e0 travers notre gamme cardio, en documentant chaque s\u00e9ance d&#8217;entra\u00eenement au fur et \u00e0 mesure que vous progressez vers vos objectifs de remise en forme. En outre, vous pouvez synchroniser vos donn\u00e9es d&#8217;entra\u00eenement avec des applications externes de suivi de la sant\u00e9 et de la condition physique, ce qui vous permet de continuer \u00e0 utiliser vos outils pr\u00e9f\u00e9r\u00e9s tout en pr\u00e9servant la s\u00e9curit\u00e9 et la confidentialit\u00e9 des donn\u00e9es gr\u00e2ce au cryptage TLS.<\/li>\n<\/ul>","protected":false},"excerpt":{"rendered":"<div class=\"product attribute overview\">\n<div class=\"value\">Entrez dans une nouvelle \u00e8re d&#8217;entra\u00eenement cardio \u00e0 domicile avec le Tapis de Course Reebok Z-tech AC, o\u00f9 l&#8217;innovation de conception rencontre la performance ultime pour une course sans pareille.<\/div>\n<\/div>","protected":false},"featured_media":344,"comment_status":"open","ping_status":"closed","template":"","meta":[],"product_brand":[36],"product_cat":[17,18,20,19],"product_tag":[22,23],"class_list":{"0":"post-343","1":"product","2":"type-product","3":"status-publish","4":"has-post-thumbnail","6":"product_brand-reebok","7":"product_cat-bons-plans","8":"product_cat-promotions","9":"product_cat-tapis-de-course","10":"product_cat-training-fitness","11":"product_tag-tapis-de-course","12":"product_tag-tapis-de-course-bh","14":"first","15":"instock","16":"featured","17":"shipping-taxable","18":"purchasable","19":"product-type-simple"},"yoast_head":"<!-- This site is optimized with the Yoast SEO plugin v27.6 - https:\/\/yoast.com\/product\/yoast-seo-wordpress\/ -->\n<title>Tapis de Course Reebok Z-tech AC - Promotion - Vente d&#039;\u00c9lectrom\u00e9nager Neuf et Garanti \u00e0 Paris<\/title>\n<meta name=\"description\" content=\"Tapis de Course Reebok Z-tech AC - Con\u00e7u pour durer, avec une grande surface de course de 154 x 55 cm et un poids maximum de 150 kg - Poids brut 143kg\" \/>\n<meta name=\"robots\" content=\"index, follow, max-snippet:-1, max-image-preview:large, max-video-preview:-1\" \/>\n<link rel=\"canonical\" href=\"https:\/\/espacemenager2000.fr\/en\/product\/tapis-de-course-reebok-z-tech-ac\/\" \/>\n<meta property=\"og:locale\" content=\"en_US\" \/>\n<meta property=\"og:type\" content=\"article\" \/>\n<meta property=\"og:title\" content=\"Tapis de Course Reebok Z-tech AC - Promotion - Vente d&#039;\u00c9lectrom\u00e9nager Neuf et Garanti \u00e0 Paris\" \/>\n<meta property=\"og:description\" content=\"Tapis de Course Reebok Z-tech AC - Con\u00e7u pour durer, avec une grande surface de course de 154 x 55 cm et un poids maximum de 150 kg - Poids brut 143kg\" \/>\n<meta property=\"og:url\" content=\"https:\/\/espacemenager2000.fr\/en\/product\/tapis-de-course-reebok-z-tech-ac\/\" \/>\n<meta property=\"og:site_name\" content=\"Vente d&#039;\u00c9lectrom\u00e9nager Neuf et Garanti \u00e0 Paris\" \/>\n<meta property=\"article:publisher\" content=\"https:\/\/www.facebook.com\/p\/Espace-menager-2000-100068469618146\/\" \/>\n<meta property=\"article:modified_time\" content=\"2026-05-14T00:18:31+00:00\" \/>\n<meta property=\"og:image\" content=\"https:\/\/espacemenager2000.fr\/wp-content\/uploads\/2026\/05\/Tapis-de-Course-Reebok-Z-tech-AC-.jpg\" \/>\n\t<meta property=\"og:image:width\" content=\"800\" \/>\n\t<meta property=\"og:image:height\" content=\"801\" \/>\n\t<meta property=\"og:image:type\" content=\"image\/jpeg\" \/>\n<meta name=\"twitter:card\" content=\"summary_large_image\" \/>\n<meta name=\"twitter:label1\" content=\"Est. reading time\" \/>\n\t<meta name=\"twitter:data1\" content=\"7 minutes\" \/>\n<script type=\"application\/ld+json\" class=\"yoast-schema-graph\">{\"@context\":\"https:\\\/\\\/schema.org\",\"@graph\":[{\"@type\":\"WebPage\",\"@id\":\"https:\\\/\\\/espacemenager2000.fr\\\/produit\\\/tapis-de-course-reebok-z-tech-ac\\\/\",\"url\":\"https:\\\/\\\/espacemenager2000.fr\\\/produit\\\/tapis-de-course-reebok-z-tech-ac\\\/\",\"name\":\"Tapis de Course Reebok Z-tech AC - Promotion - Vente d&#039;\u00c9lectrom\u00e9nager Neuf et Garanti \u00e0 Paris\",\"isPartOf\":{\"@id\":\"https:\\\/\\\/espacemenager2000.fr\\\/#website\"},\"primaryImageOfPage\":{\"@id\":\"https:\\\/\\\/espacemenager2000.fr\\\/produit\\\/tapis-de-course-reebok-z-tech-ac\\\/#primaryimage\"},\"image\":{\"@id\":\"https:\\\/\\\/espacemenager2000.fr\\\/produit\\\/tapis-de-course-reebok-z-tech-ac\\\/#primaryimage\"},\"thumbnailUrl\":\"https:\\\/\\\/espacemenager2000.fr\\\/wp-content\\\/uploads\\\/2026\\\/05\\\/Tapis-de-Course-Reebok-Z-tech-AC-.jpg\",\"datePublished\":\"2025-12-22T16:11:12+00:00\",\"dateModified\":\"2026-05-14T00:18:31+00:00\",\"description\":\"Tapis de Course Reebok Z-tech AC - Con\u00e7u pour durer, avec une grande surface de course de 154 x 55 cm et un poids maximum de 150 kg - Poids brut 143kg\",\"breadcrumb\":{\"@id\":\"https:\\\/\\\/espacemenager2000.fr\\\/produit\\\/tapis-de-course-reebok-z-tech-ac\\\/#breadcrumb\"},\"inLanguage\":\"en-US\",\"potentialAction\":[{\"@type\":\"ReadAction\",\"target\":[\"https:\\\/\\\/espacemenager2000.fr\\\/produit\\\/tapis-de-course-reebok-z-tech-ac\\\/\"]}]},{\"@type\":\"ImageObject\",\"inLanguage\":\"en-US\",\"@id\":\"https:\\\/\\\/espacemenager2000.fr\\\/produit\\\/tapis-de-course-reebok-z-tech-ac\\\/#primaryimage\",\"url\":\"https:\\\/\\\/espacemenager2000.fr\\\/wp-content\\\/uploads\\\/2026\\\/05\\\/Tapis-de-Course-Reebok-Z-tech-AC-.jpg\",\"contentUrl\":\"https:\\\/\\\/espacemenager2000.fr\\\/wp-content\\\/uploads\\\/2026\\\/05\\\/Tapis-de-Course-Reebok-Z-tech-AC-.jpg\",\"width\":800,\"height\":801},{\"@type\":\"BreadcrumbList\",\"@id\":\"https:\\\/\\\/espacemenager2000.fr\\\/produit\\\/tapis-de-course-reebok-z-tech-ac\\\/#breadcrumb\",\"itemListElement\":[{\"@type\":\"ListItem\",\"position\":1,\"name\":\"Accueil\",\"item\":\"https:\\\/\\\/espacemenager2000.fr\\\/\"},{\"@type\":\"ListItem\",\"position\":2,\"name\":\"Boutique\",\"item\":\"https:\\\/\\\/espacemenager2000.fr\\\/boutique\\\/\"},{\"@type\":\"ListItem\",\"position\":3,\"name\":\"Tapis de Course Reebok Z-tech AC\"}]},{\"@type\":\"WebSite\",\"@id\":\"https:\\\/\\\/espacemenager2000.fr\\\/#website\",\"url\":\"https:\\\/\\\/espacemenager2000.fr\\\/\",\"name\":\"Espace Menager 2000\",\"description\":\"Expert en \u00e9lectrom\u00e9nager depuis 2001, Espace M\u00e9nager 2000 vous propose une large gamme de produits : lave-linge, r\u00e9frig\u00e9rateurs, \u00e9lectronique et fitness. Profitez de notre savoir-faire en vente, r\u00e9paration et d\u00e9pannage. Livraison rapide dans toute la zone Euro. Qualit\u00e9 et service garantis.\",\"publisher\":{\"@id\":\"https:\\\/\\\/espacemenager2000.fr\\\/#organization\"},\"potentialAction\":[{\"@type\":\"SearchAction\",\"target\":{\"@type\":\"EntryPoint\",\"urlTemplate\":\"https:\\\/\\\/espacemenager2000.fr\\\/?s={search_term_string}\"},\"query-input\":{\"@type\":\"PropertyValueSpecification\",\"valueRequired\":true,\"valueName\":\"search_term_string\"}}],\"inLanguage\":\"en-US\"},{\"@type\":\"Organization\",\"@id\":\"https:\\\/\\\/espacemenager2000.fr\\\/#organization\",\"name\":\"Espace Menager 2000\",\"url\":\"https:\\\/\\\/espacemenager2000.fr\\\/\",\"logo\":{\"@type\":\"ImageObject\",\"inLanguage\":\"en-US\",\"@id\":\"https:\\\/\\\/espacemenager2000.fr\\\/#\\\/schema\\\/logo\\\/image\\\/\",\"url\":\"https:\\\/\\\/espacemenager2000.fr\\\/wp-content\\\/uploads\\\/2026\\\/05\\\/Fav-Em2000.png\",\"contentUrl\":\"https:\\\/\\\/espacemenager2000.fr\\\/wp-content\\\/uploads\\\/2026\\\/05\\\/Fav-Em2000.png\",\"width\":369,\"height\":369,\"caption\":\"Espace Menager 2000\"},\"image\":{\"@id\":\"https:\\\/\\\/espacemenager2000.fr\\\/#\\\/schema\\\/logo\\\/image\\\/\"},\"sameAs\":[\"https:\\\/\\\/www.facebook.com\\\/p\\\/Espace-menager-2000-100068469618146\\\/\"]}]}<\/script>\n<!-- \/ Yoast SEO plugin. -->","yoast_head_json":{"title":"Tapis de Course Reebok Z-tech AC - Promotion - Vente d&#039;\u00c9lectrom\u00e9nager Neuf et Garanti \u00e0 Paris","description":"Tapis de Course Reebok Z-tech AC - Con\u00e7u pour durer, avec une grande surface de course de 154 x 55 cm et un poids maximum de 150 kg - Poids brut 143kg","robots":{"index":"index","follow":"follow","max-snippet":"max-snippet:-1","max-image-preview":"max-image-preview:large","max-video-preview":"max-video-preview:-1"},"canonical":"https:\/\/espacemenager2000.fr\/en\/product\/tapis-de-course-reebok-z-tech-ac\/","og_locale":"en_US","og_type":"article","og_title":"Tapis de Course Reebok Z-tech AC - Promotion - Vente d&#039;\u00c9lectrom\u00e9nager Neuf et Garanti \u00e0 Paris","og_description":"Tapis de Course Reebok Z-tech AC - Con\u00e7u pour durer, avec une grande surface de course de 154 x 55 cm et un poids maximum de 150 kg - Poids brut 143kg","og_url":"https:\/\/espacemenager2000.fr\/en\/product\/tapis-de-course-reebok-z-tech-ac\/","og_site_name":"Vente d&#039;\u00c9lectrom\u00e9nager Neuf et Garanti \u00e0 Paris","article_publisher":"https:\/\/www.facebook.com\/p\/Espace-menager-2000-100068469618146\/","article_modified_time":"2026-05-14T00:18:31+00:00","og_image":[{"width":800,"height":801,"url":"https:\/\/espacemenager2000.fr\/wp-content\/uploads\/2026\/05\/Tapis-de-Course-Reebok-Z-tech-AC-.jpg","type":"image\/jpeg"}],"twitter_card":"summary_large_image","twitter_misc":{"Est. reading time":"7 minutes"},"schema":{"@context":"https:\/\/schema.org","@graph":[{"@type":"WebPage","@id":"https:\/\/espacemenager2000.fr\/produit\/tapis-de-course-reebok-z-tech-ac\/","url":"https:\/\/espacemenager2000.fr\/produit\/tapis-de-course-reebok-z-tech-ac\/","name":"Tapis de Course Reebok Z-tech AC - Promotion - Vente d&#039;\u00c9lectrom\u00e9nager Neuf et Garanti \u00e0 Paris","isPartOf":{"@id":"https:\/\/espacemenager2000.fr\/#website"},"primaryImageOfPage":{"@id":"https:\/\/espacemenager2000.fr\/produit\/tapis-de-course-reebok-z-tech-ac\/#primaryimage"},"image":{"@id":"https:\/\/espacemenager2000.fr\/produit\/tapis-de-course-reebok-z-tech-ac\/#primaryimage"},"thumbnailUrl":"https:\/\/espacemenager2000.fr\/wp-content\/uploads\/2026\/05\/Tapis-de-Course-Reebok-Z-tech-AC-.jpg","datePublished":"2025-12-22T16:11:12+00:00","dateModified":"2026-05-14T00:18:31+00:00","description":"Tapis de Course Reebok Z-tech AC - Con\u00e7u pour durer, avec une grande surface de course de 154 x 55 cm et un poids maximum de 150 kg - Poids brut 143kg","breadcrumb":{"@id":"https:\/\/espacemenager2000.fr\/produit\/tapis-de-course-reebok-z-tech-ac\/#breadcrumb"},"inLanguage":"en-US","potentialAction":[{"@type":"ReadAction","target":["https:\/\/espacemenager2000.fr\/produit\/tapis-de-course-reebok-z-tech-ac\/"]}]},{"@type":"ImageObject","inLanguage":"en-US","@id":"https:\/\/espacemenager2000.fr\/produit\/tapis-de-course-reebok-z-tech-ac\/#primaryimage","url":"https:\/\/espacemenager2000.fr\/wp-content\/uploads\/2026\/05\/Tapis-de-Course-Reebok-Z-tech-AC-.jpg","contentUrl":"https:\/\/espacemenager2000.fr\/wp-content\/uploads\/2026\/05\/Tapis-de-Course-Reebok-Z-tech-AC-.jpg","width":800,"height":801},{"@type":"BreadcrumbList","@id":"https:\/\/espacemenager2000.fr\/produit\/tapis-de-course-reebok-z-tech-ac\/#breadcrumb","itemListElement":[{"@type":"ListItem","position":1,"name":"Accueil","item":"https:\/\/espacemenager2000.fr\/"},{"@type":"ListItem","position":2,"name":"Boutique","item":"https:\/\/espacemenager2000.fr\/boutique\/"},{"@type":"ListItem","position":3,"name":"Tapis de Course Reebok Z-tech AC"}]},{"@type":"WebSite","@id":"https:\/\/espacemenager2000.fr\/#website","url":"https:\/\/espacemenager2000.fr\/","name":"Espace Menager 2000","description":"Expert en \u00e9lectrom\u00e9nager depuis 2001, Espace M\u00e9nager 2000 vous propose une large gamme de produits : lave-linge, r\u00e9frig\u00e9rateurs, \u00e9lectronique et fitness. Profitez de notre savoir-faire en vente, r\u00e9paration et d\u00e9pannage. Livraison rapide dans toute la zone Euro. Qualit\u00e9 et service garantis.","publisher":{"@id":"https:\/\/espacemenager2000.fr\/#organization"},"potentialAction":[{"@type":"SearchAction","target":{"@type":"EntryPoint","urlTemplate":"https:\/\/espacemenager2000.fr\/?s={search_term_string}"},"query-input":{"@type":"PropertyValueSpecification","valueRequired":true,"valueName":"search_term_string"}}],"inLanguage":"en-US"},{"@type":"Organization","@id":"https:\/\/espacemenager2000.fr\/#organization","name":"Espace Menager 2000","url":"https:\/\/espacemenager2000.fr\/","logo":{"@type":"ImageObject","inLanguage":"en-US","@id":"https:\/\/espacemenager2000.fr\/#\/schema\/logo\/image\/","url":"https:\/\/espacemenager2000.fr\/wp-content\/uploads\/2026\/05\/Fav-Em2000.png","contentUrl":"https:\/\/espacemenager2000.fr\/wp-content\/uploads\/2026\/05\/Fav-Em2000.png","width":369,"height":369,"caption":"Espace Menager 2000"},"image":{"@id":"https:\/\/espacemenager2000.fr\/#\/schema\/logo\/image\/"},"sameAs":["https:\/\/www.facebook.com\/p\/Espace-menager-2000-100068469618146\/"]}]}},"_links":{"self":[{"href":"https:\/\/espacemenager2000.fr\/en\/wp-json\/wp\/v2\/product\/343","targetHints":{"allow":["GET"]}}],"collection":[{"href":"https:\/\/espacemenager2000.fr\/en\/wp-json\/wp\/v2\/product"}],"about":[{"href":"https:\/\/espacemenager2000.fr\/en\/wp-json\/wp\/v2\/types\/product"}],"replies":[{"embeddable":true,"href":"https:\/\/espacemenager2000.fr\/en\/wp-json\/wp\/v2\/comments?post=343"}],"wp:featuredmedia":[{"embeddable":true,"href":"https:\/\/espacemenager2000.fr\/en\/wp-json\/wp\/v2\/media\/344"}],"wp:attachment":[{"href":"https:\/\/espacemenager2000.fr\/en\/wp-json\/wp\/v2\/media?parent=343"}],"wp:term":[{"taxonomy":"product_brand","embeddable":true,"href":"https:\/\/espacemenager2000.fr\/en\/wp-json\/wp\/v2\/product_brand?post=343"},{"taxonomy":"product_cat","embeddable":true,"href":"https:\/\/espacemenager2000.fr\/en\/wp-json\/wp\/v2\/product_cat?post=343"},{"taxonomy":"product_tag","embeddable":true,"href":"https:\/\/espacemenager2000.fr\/en\/wp-json\/wp\/v2\/product_tag?post=343"}],"curies":[{"name":"wp","href":"https:\/\/api.w.org\/{rel}","templated":true}]}}