{"id":338,"date":"2025-12-22T16:11:11","date_gmt":"2025-12-22T16:11:11","guid":{"rendered":"https:\/\/espacemenager2000.fr\/?post_type=product&#038;p=338"},"modified":"2026-05-14T00:18:34","modified_gmt":"2026-05-14T00:18:34","slug":"tapis-de-course-tecnovita-evo-t900","status":"publish","type":"product","link":"https:\/\/espacemenager2000.fr\/en\/product\/tapis-de-course-tecnovita-evo-t900\/","title":{"rendered":"Tapis de Course Tecnovita EVO T900"},"content":{"rendered":"<h2>Tapis de Course Tecnovita EVO T900<\/h2>\n<div>\n<div class=\"AppWys WYSIWYG\">\n<p class=\"text\">Le tapis de course\u00a0<strong>Tecnovita EVO T900<\/strong>\u00a0combine puissance et confort avec un moteur de 2,75 CV, capable de vous propulser jusqu\u2019\u00e0 16 km\/h pour des s\u00e9ances vari\u00e9es et dynamiques. Gr\u00e2ce \u00e0 ses 6 \u00e9lastom\u00e8res d\u2019amortissement, vos articulations restent prot\u00e9g\u00e9es, vous assurant des entra\u00eenements plus s\u00fbrs et plus agr\u00e9ables.<\/p>\n<\/div>\n<\/div>\n<div>\n<div class=\"AppWys WYSIWYG\">\n<h3>Caract\u00e9ristiques Tapis de Course Tecnovita EVO T900<\/h3>\n<div class=\"contenido\">\n<h4><strong>Points forts<\/strong><\/h4>\n<div>\n<ul>\n<li><strong>MOTEUR PUISSANT<\/strong>: Optimisez votre entra\u00eenement gr\u00e2ce au moteur de 2,75 HP. Cela vous permettra d&#8217;atteindre une vitesse de 16 km \/ h.<\/li>\n<li><strong>6 \u00c9LASTOM\u00c8RES<\/strong>: Gr\u00e2ce \u00e0 son syst\u00e8me d\u2019amortissement \u00e0 6 \u00e9lastom\u00e8res, vos articulations ne souffriront pas pendant l\u2019entra\u00eenement.<\/li>\n<li><strong>PLIAGE<\/strong>\u00a0: Plie et range la bande facilement.<\/li>\n<li><strong>ECO-MODE<\/strong>: Permet de modifier le logiciel du tapis de course pour r\u00e9duire la consommation de la machine jusqu\u2019\u00e0 25%.<\/li>\n<\/ul>\n<\/div>\n<h4><strong>Caract\u00e9ristiques techniques<\/strong><\/h4>\n<div>\n<ul>\n<li>Fr\u00e9quence d&#8217;utilisation occasionnelle<\/li>\n<li>Poids maximum de l&#8217;utilisateur\u00a0<strong>100Kg<\/strong><\/li>\n<li>Puissance (cr\u00eate \/ continue)\u00a0<strong>2,75CV<\/strong>\u00a0\/ 0,8CV<\/li>\n<li>Vitesse\u00a0<strong>1-16 km \/ h<\/strong><\/li>\n<li>Touches instantan\u00e9es rapides Oui<\/li>\n<li>Lev\u00e9e des cl\u00e9s d\u2019instantan\u00e9 Oui<\/li>\n<li><strong>Surface de course (L xl) 120X40cm<\/strong><\/li>\n<li>Syst\u00e8me d&#8217;amortissement 6 \u00e9lastom\u00e8res<\/li>\n<li>Mesure du pouls par contact Oui<\/li>\n<li>Syst\u00e8me de largage en douceur (SDS) Oui<\/li>\n<li>Roues de transport Oui<\/li>\n<li>Longueur 158cm<\/li>\n<li>73cm de large<\/li>\n<li>Hauteur 134cm<\/li>\n<li>Poids 62Kg<\/li>\n<li>Pliable oui<\/li>\n<\/ul>\n<\/div>\n<div><\/div>\n<div><strong>Des programmes<\/strong><\/div>\n<div><\/div>\n<div><\/div>\n<div>Profils personnalisables (Uprg) 3<\/div>\n<div>Test de graisse corporelle (BF) Oui<\/div>\n<div><\/div>\n<div><strong>Moniteur<\/strong><\/div>\n<div><\/div>\n<div>Affichage LED<\/div>\n<div><\/div>\n<\/div>\n<\/div>\n<\/div>","protected":false},"excerpt":{"rendered":"<div class=\"product attribute overview\">\n<div class=\"value\">Le tapis de course\u00a0<strong>Tecnovita EVO T900<\/strong>\u00a0combine puissance et confort avec un moteur de 2,75 CV, capable de vous propulser jusqu\u2019\u00e0 16 km\/h pour des s\u00e9ances vari\u00e9es et dynamiques. Gr\u00e2ce \u00e0 ses 6 \u00e9lastom\u00e8res d\u2019amortissement, vos articulations restent prot\u00e9g\u00e9es, vous assurant des entra\u00eenements plus s\u00fbrs et plus agr\u00e9ables.<\/div>\n<\/div>","protected":false},"featured_media":339,"comment_status":"open","ping_status":"closed","template":"","meta":[],"product_brand":[40],"product_cat":[17,18,20,19],"product_tag":[22,23],"class_list":{"0":"post-338","1":"product","2":"type-product","3":"status-publish","4":"has-post-thumbnail","6":"product_brand-tecnovita","7":"product_cat-bons-plans","8":"product_cat-promotions","9":"product_cat-tapis-de-course","10":"product_cat-training-fitness","11":"product_tag-tapis-de-course","12":"product_tag-tapis-de-course-bh","14":"first","15":"instock","16":"sale","17":"featured","18":"shipping-taxable","19":"purchasable","20":"product-type-simple"},"yoast_head":"<!-- This site is optimized with the Yoast SEO plugin v27.6 - https:\/\/yoast.com\/product\/yoast-seo-wordpress\/ -->\n<title>Tapis de Course Tecnovita EVO T900 - Promotion - Vente d&#039;\u00c9lectrom\u00e9nager Neuf et Garanti \u00e0 Paris<\/title>\n<meta name=\"description\" content=\"Tapis de Course Tecnovita EVO T900 - Poids maximum de l&#039;utilisateur 100Kg - Puissance (cr\u00eate \/ continue) 2,75CV \/ 0,8CV - Vitesse 1-16 km \/ h\" \/>\n<meta name=\"robots\" content=\"index, follow, max-snippet:-1, max-image-preview:large, max-video-preview:-1\" \/>\n<link rel=\"canonical\" href=\"https:\/\/espacemenager2000.fr\/en\/product\/tapis-de-course-tecnovita-evo-t900\/\" \/>\n<meta property=\"og:locale\" content=\"en_US\" \/>\n<meta property=\"og:type\" content=\"article\" \/>\n<meta property=\"og:title\" content=\"Tapis de Course Tecnovita EVO T900 - Promotion - Vente d&#039;\u00c9lectrom\u00e9nager Neuf et Garanti \u00e0 Paris\" \/>\n<meta property=\"og:description\" content=\"Tapis de Course Tecnovita EVO T900 - Poids maximum de l&#039;utilisateur 100Kg - Puissance (cr\u00eate \/ continue) 2,75CV \/ 0,8CV - Vitesse 1-16 km \/ h\" \/>\n<meta property=\"og:url\" content=\"https:\/\/espacemenager2000.fr\/en\/product\/tapis-de-course-tecnovita-evo-t900\/\" \/>\n<meta property=\"og:site_name\" content=\"Vente d&#039;\u00c9lectrom\u00e9nager Neuf et Garanti \u00e0 Paris\" \/>\n<meta property=\"article:publisher\" content=\"https:\/\/www.facebook.com\/p\/Espace-menager-2000-100068469618146\/\" \/>\n<meta property=\"article:modified_time\" content=\"2026-05-14T00:18:34+00:00\" \/>\n<meta property=\"og:image\" content=\"https:\/\/espacemenager2000.fr\/wp-content\/uploads\/2026\/05\/Tapis-de-Course-Tecnovita-EVO-T900-.jpg\" \/>\n\t<meta property=\"og:image:width\" content=\"800\" \/>\n\t<meta property=\"og:image:height\" content=\"800\" \/>\n\t<meta property=\"og:image:type\" content=\"image\/jpeg\" \/>\n<meta name=\"twitter:card\" content=\"summary_large_image\" \/>\n<meta name=\"twitter:label1\" content=\"Est. reading time\" \/>\n\t<meta name=\"twitter:data1\" content=\"3 minutes\" \/>\n<script type=\"application\/ld+json\" class=\"yoast-schema-graph\">{\"@context\":\"https:\\\/\\\/schema.org\",\"@graph\":[{\"@type\":\"WebPage\",\"@id\":\"https:\\\/\\\/espacemenager2000.fr\\\/produit\\\/tapis-de-course-tecnovita-evo-t900\\\/\",\"url\":\"https:\\\/\\\/espacemenager2000.fr\\\/produit\\\/tapis-de-course-tecnovita-evo-t900\\\/\",\"name\":\"Tapis de Course Tecnovita EVO T900 - Promotion - Vente d&#039;\u00c9lectrom\u00e9nager Neuf et Garanti \u00e0 Paris\",\"isPartOf\":{\"@id\":\"https:\\\/\\\/espacemenager2000.fr\\\/#website\"},\"primaryImageOfPage\":{\"@id\":\"https:\\\/\\\/espacemenager2000.fr\\\/produit\\\/tapis-de-course-tecnovita-evo-t900\\\/#primaryimage\"},\"image\":{\"@id\":\"https:\\\/\\\/espacemenager2000.fr\\\/produit\\\/tapis-de-course-tecnovita-evo-t900\\\/#primaryimage\"},\"thumbnailUrl\":\"https:\\\/\\\/espacemenager2000.fr\\\/wp-content\\\/uploads\\\/2026\\\/05\\\/Tapis-de-Course-Tecnovita-EVO-T900-.jpg\",\"datePublished\":\"2025-12-22T16:11:11+00:00\",\"dateModified\":\"2026-05-14T00:18:34+00:00\",\"description\":\"Tapis de Course Tecnovita EVO T900 - Poids maximum de l'utilisateur 100Kg - Puissance (cr\u00eate \\\/ continue) 2,75CV \\\/ 0,8CV - Vitesse 1-16 km \\\/ h\",\"breadcrumb\":{\"@id\":\"https:\\\/\\\/espacemenager2000.fr\\\/produit\\\/tapis-de-course-tecnovita-evo-t900\\\/#breadcrumb\"},\"inLanguage\":\"en-US\",\"potentialAction\":[{\"@type\":\"ReadAction\",\"target\":[\"https:\\\/\\\/espacemenager2000.fr\\\/produit\\\/tapis-de-course-tecnovita-evo-t900\\\/\"]}]},{\"@type\":\"ImageObject\",\"inLanguage\":\"en-US\",\"@id\":\"https:\\\/\\\/espacemenager2000.fr\\\/produit\\\/tapis-de-course-tecnovita-evo-t900\\\/#primaryimage\",\"url\":\"https:\\\/\\\/espacemenager2000.fr\\\/wp-content\\\/uploads\\\/2026\\\/05\\\/Tapis-de-Course-Tecnovita-EVO-T900-.jpg\",\"contentUrl\":\"https:\\\/\\\/espacemenager2000.fr\\\/wp-content\\\/uploads\\\/2026\\\/05\\\/Tapis-de-Course-Tecnovita-EVO-T900-.jpg\",\"width\":800,\"height\":800},{\"@type\":\"BreadcrumbList\",\"@id\":\"https:\\\/\\\/espacemenager2000.fr\\\/produit\\\/tapis-de-course-tecnovita-evo-t900\\\/#breadcrumb\",\"itemListElement\":[{\"@type\":\"ListItem\",\"position\":1,\"name\":\"Accueil\",\"item\":\"https:\\\/\\\/espacemenager2000.fr\\\/\"},{\"@type\":\"ListItem\",\"position\":2,\"name\":\"Boutique\",\"item\":\"https:\\\/\\\/espacemenager2000.fr\\\/boutique\\\/\"},{\"@type\":\"ListItem\",\"position\":3,\"name\":\"Tapis de Course Tecnovita EVO T900\"}]},{\"@type\":\"WebSite\",\"@id\":\"https:\\\/\\\/espacemenager2000.fr\\\/#website\",\"url\":\"https:\\\/\\\/espacemenager2000.fr\\\/\",\"name\":\"Espace Menager 2000\",\"description\":\"Expert en \u00e9lectrom\u00e9nager depuis 2001, Espace M\u00e9nager 2000 vous propose une large gamme de produits : lave-linge, r\u00e9frig\u00e9rateurs, \u00e9lectronique et fitness. Profitez de notre savoir-faire en vente, r\u00e9paration et d\u00e9pannage. Livraison rapide dans toute la zone Euro. Qualit\u00e9 et service garantis.\",\"publisher\":{\"@id\":\"https:\\\/\\\/espacemenager2000.fr\\\/#organization\"},\"potentialAction\":[{\"@type\":\"SearchAction\",\"target\":{\"@type\":\"EntryPoint\",\"urlTemplate\":\"https:\\\/\\\/espacemenager2000.fr\\\/?s={search_term_string}\"},\"query-input\":{\"@type\":\"PropertyValueSpecification\",\"valueRequired\":true,\"valueName\":\"search_term_string\"}}],\"inLanguage\":\"en-US\"},{\"@type\":\"Organization\",\"@id\":\"https:\\\/\\\/espacemenager2000.fr\\\/#organization\",\"name\":\"Espace Menager 2000\",\"url\":\"https:\\\/\\\/espacemenager2000.fr\\\/\",\"logo\":{\"@type\":\"ImageObject\",\"inLanguage\":\"en-US\",\"@id\":\"https:\\\/\\\/espacemenager2000.fr\\\/#\\\/schema\\\/logo\\\/image\\\/\",\"url\":\"https:\\\/\\\/espacemenager2000.fr\\\/wp-content\\\/uploads\\\/2026\\\/05\\\/Fav-Em2000.png\",\"contentUrl\":\"https:\\\/\\\/espacemenager2000.fr\\\/wp-content\\\/uploads\\\/2026\\\/05\\\/Fav-Em2000.png\",\"width\":369,\"height\":369,\"caption\":\"Espace Menager 2000\"},\"image\":{\"@id\":\"https:\\\/\\\/espacemenager2000.fr\\\/#\\\/schema\\\/logo\\\/image\\\/\"},\"sameAs\":[\"https:\\\/\\\/www.facebook.com\\\/p\\\/Espace-menager-2000-100068469618146\\\/\"]}]}<\/script>\n<!-- \/ Yoast SEO plugin. -->","yoast_head_json":{"title":"Tapis de Course Tecnovita EVO T900 - Promotion - Vente d&#039;\u00c9lectrom\u00e9nager Neuf et Garanti \u00e0 Paris","description":"Tapis de Course Tecnovita EVO T900 - Poids maximum de l'utilisateur 100Kg - Puissance (cr\u00eate \/ continue) 2,75CV \/ 0,8CV - Vitesse 1-16 km \/ h","robots":{"index":"index","follow":"follow","max-snippet":"max-snippet:-1","max-image-preview":"max-image-preview:large","max-video-preview":"max-video-preview:-1"},"canonical":"https:\/\/espacemenager2000.fr\/en\/product\/tapis-de-course-tecnovita-evo-t900\/","og_locale":"en_US","og_type":"article","og_title":"Tapis de Course Tecnovita EVO T900 - Promotion - Vente d&#039;\u00c9lectrom\u00e9nager Neuf et Garanti \u00e0 Paris","og_description":"Tapis de Course Tecnovita EVO T900 - Poids maximum de l'utilisateur 100Kg - Puissance (cr\u00eate \/ continue) 2,75CV \/ 0,8CV - Vitesse 1-16 km \/ h","og_url":"https:\/\/espacemenager2000.fr\/en\/product\/tapis-de-course-tecnovita-evo-t900\/","og_site_name":"Vente d&#039;\u00c9lectrom\u00e9nager Neuf et Garanti \u00e0 Paris","article_publisher":"https:\/\/www.facebook.com\/p\/Espace-menager-2000-100068469618146\/","article_modified_time":"2026-05-14T00:18:34+00:00","og_image":[{"width":800,"height":800,"url":"https:\/\/espacemenager2000.fr\/wp-content\/uploads\/2026\/05\/Tapis-de-Course-Tecnovita-EVO-T900-.jpg","type":"image\/jpeg"}],"twitter_card":"summary_large_image","twitter_misc":{"Est. reading time":"3 minutes"},"schema":{"@context":"https:\/\/schema.org","@graph":[{"@type":"WebPage","@id":"https:\/\/espacemenager2000.fr\/produit\/tapis-de-course-tecnovita-evo-t900\/","url":"https:\/\/espacemenager2000.fr\/produit\/tapis-de-course-tecnovita-evo-t900\/","name":"Tapis de Course Tecnovita EVO T900 - Promotion - Vente d&#039;\u00c9lectrom\u00e9nager Neuf et Garanti \u00e0 Paris","isPartOf":{"@id":"https:\/\/espacemenager2000.fr\/#website"},"primaryImageOfPage":{"@id":"https:\/\/espacemenager2000.fr\/produit\/tapis-de-course-tecnovita-evo-t900\/#primaryimage"},"image":{"@id":"https:\/\/espacemenager2000.fr\/produit\/tapis-de-course-tecnovita-evo-t900\/#primaryimage"},"thumbnailUrl":"https:\/\/espacemenager2000.fr\/wp-content\/uploads\/2026\/05\/Tapis-de-Course-Tecnovita-EVO-T900-.jpg","datePublished":"2025-12-22T16:11:11+00:00","dateModified":"2026-05-14T00:18:34+00:00","description":"Tapis de Course Tecnovita EVO T900 - Poids maximum de l'utilisateur 100Kg - Puissance (cr\u00eate \/ continue) 2,75CV \/ 0,8CV - Vitesse 1-16 km \/ h","breadcrumb":{"@id":"https:\/\/espacemenager2000.fr\/produit\/tapis-de-course-tecnovita-evo-t900\/#breadcrumb"},"inLanguage":"en-US","potentialAction":[{"@type":"ReadAction","target":["https:\/\/espacemenager2000.fr\/produit\/tapis-de-course-tecnovita-evo-t900\/"]}]},{"@type":"ImageObject","inLanguage":"en-US","@id":"https:\/\/espacemenager2000.fr\/produit\/tapis-de-course-tecnovita-evo-t900\/#primaryimage","url":"https:\/\/espacemenager2000.fr\/wp-content\/uploads\/2026\/05\/Tapis-de-Course-Tecnovita-EVO-T900-.jpg","contentUrl":"https:\/\/espacemenager2000.fr\/wp-content\/uploads\/2026\/05\/Tapis-de-Course-Tecnovita-EVO-T900-.jpg","width":800,"height":800},{"@type":"BreadcrumbList","@id":"https:\/\/espacemenager2000.fr\/produit\/tapis-de-course-tecnovita-evo-t900\/#breadcrumb","itemListElement":[{"@type":"ListItem","position":1,"name":"Accueil","item":"https:\/\/espacemenager2000.fr\/"},{"@type":"ListItem","position":2,"name":"Boutique","item":"https:\/\/espacemenager2000.fr\/boutique\/"},{"@type":"ListItem","position":3,"name":"Tapis de Course Tecnovita EVO T900"}]},{"@type":"WebSite","@id":"https:\/\/espacemenager2000.fr\/#website","url":"https:\/\/espacemenager2000.fr\/","name":"Espace Menager 2000","description":"Expert en \u00e9lectrom\u00e9nager depuis 2001, Espace M\u00e9nager 2000 vous propose une large gamme de produits : lave-linge, r\u00e9frig\u00e9rateurs, \u00e9lectronique et fitness. Profitez de notre savoir-faire en vente, r\u00e9paration et d\u00e9pannage. Livraison rapide dans toute la zone Euro. Qualit\u00e9 et service garantis.","publisher":{"@id":"https:\/\/espacemenager2000.fr\/#organization"},"potentialAction":[{"@type":"SearchAction","target":{"@type":"EntryPoint","urlTemplate":"https:\/\/espacemenager2000.fr\/?s={search_term_string}"},"query-input":{"@type":"PropertyValueSpecification","valueRequired":true,"valueName":"search_term_string"}}],"inLanguage":"en-US"},{"@type":"Organization","@id":"https:\/\/espacemenager2000.fr\/#organization","name":"Espace Menager 2000","url":"https:\/\/espacemenager2000.fr\/","logo":{"@type":"ImageObject","inLanguage":"en-US","@id":"https:\/\/espacemenager2000.fr\/#\/schema\/logo\/image\/","url":"https:\/\/espacemenager2000.fr\/wp-content\/uploads\/2026\/05\/Fav-Em2000.png","contentUrl":"https:\/\/espacemenager2000.fr\/wp-content\/uploads\/2026\/05\/Fav-Em2000.png","width":369,"height":369,"caption":"Espace Menager 2000"},"image":{"@id":"https:\/\/espacemenager2000.fr\/#\/schema\/logo\/image\/"},"sameAs":["https:\/\/www.facebook.com\/p\/Espace-menager-2000-100068469618146\/"]}]}},"_links":{"self":[{"href":"https:\/\/espacemenager2000.fr\/en\/wp-json\/wp\/v2\/product\/338","targetHints":{"allow":["GET"]}}],"collection":[{"href":"https:\/\/espacemenager2000.fr\/en\/wp-json\/wp\/v2\/product"}],"about":[{"href":"https:\/\/espacemenager2000.fr\/en\/wp-json\/wp\/v2\/types\/product"}],"replies":[{"embeddable":true,"href":"https:\/\/espacemenager2000.fr\/en\/wp-json\/wp\/v2\/comments?post=338"}],"wp:featuredmedia":[{"embeddable":true,"href":"https:\/\/espacemenager2000.fr\/en\/wp-json\/wp\/v2\/media\/339"}],"wp:attachment":[{"href":"https:\/\/espacemenager2000.fr\/en\/wp-json\/wp\/v2\/media?parent=338"}],"wp:term":[{"taxonomy":"product_brand","embeddable":true,"href":"https:\/\/espacemenager2000.fr\/en\/wp-json\/wp\/v2\/product_brand?post=338"},{"taxonomy":"product_cat","embeddable":true,"href":"https:\/\/espacemenager2000.fr\/en\/wp-json\/wp\/v2\/product_cat?post=338"},{"taxonomy":"product_tag","embeddable":true,"href":"https:\/\/espacemenager2000.fr\/en\/wp-json\/wp\/v2\/product_tag?post=338"}],"curies":[{"name":"wp","href":"https:\/\/api.w.org\/{rel}","templated":true}]}}