{"id":329,"date":"2025-12-22T16:11:11","date_gmt":"2025-12-22T16:11:11","guid":{"rendered":"https:\/\/espacemenager2000.fr\/?post_type=product&#038;p=329"},"modified":"2026-05-10T20:41:51","modified_gmt":"2026-05-10T20:41:51","slug":"tapis-de-course-titanium-strength-commercial-curved","status":"publish","type":"product","link":"https:\/\/espacemenager2000.fr\/en\/product\/tapis-de-course-titanium-strength-commercial-curved\/","title":{"rendered":"Tapis de Course Titanium Strength Commercial Curved"},"content":{"rendered":"<h2>Tapis de Course Titanium Strength Commercial Curved<\/h2>\n<p><strong>Tapis de Course Titanium Strength Commercial Curved<\/strong>\u00a0courb\u00e9 qui permet aux utilisateurs d&#8217;am\u00e9liorer leur puissance, leur vitesse, leur endurance et leur agilit\u00e9, en profitant de tous les avantages de l&#8217;entra\u00eenement sportif professionnel en toute s\u00e9curit\u00e9, de mani\u00e8re attrayante et efficace.<\/p>\n<h3>Caract\u00e9ristiques Tapis de Course Titanium Strength Commercial Curved<\/h3>\n<div class=\"inner entradilla\">\n<h4 class=\"title-level2\">Pour quel public est destin\u00e9 cet appareil semi-professionnel?<\/h4>\n<ul class=\"lista-bloques\">\n<li>Pour les\u00a0<strong>particuliers les plus exigeants<\/strong>\u00a0qui ont besoin d\u2019appareils de cardio ou de musculation qui offrent de grandes prestations.<\/li>\n<li>Pour les petites salles de sport en\u00a0<strong>entreprises, communaut\u00e9s de voisins, h\u00f4tels, centres de physioth\u00e9rapie et r\u00e9habilitation, EPAH, Communes, clubs sportifs, forces de l\u2019arm\u00e9e, la police et les pompiers<\/strong>. Ces appareils sont sp\u00e9cialement con\u00e7us en mati\u00e8re de\u00a0<strong>qualit\u00e9, garantie et prix<\/strong>\u00a0pour les besoins r\u00e9els de ce secteur. Si vous voulez plus d\u2019informations, visitez notre section sp\u00e9cifique\u00a0<a href=\"https:\/\/www.fitnessdigital.fr\/salles-de-sports-professionnelles\/pro\/gen\/\">profesionnelle<\/a>.<\/li>\n<\/ul>\n<\/div>\n<div>\n<p><img decoding=\"async\" class=\"lazy-content img-fluid\" src=\"https:\/\/www.fitnessdigital.fr\/images\/productos\/detalles\/titaniumstrength\/titanium-curved-10.jpg\" alt=\"\/titanium-curved-10\" \/><\/p>\n<\/div>\n<h4 class=\"contenido\"><strong>Description<\/strong><\/h4>\n<div class=\"contenido\">\n<p><strong style=\"font-size: 1rem;\">Tapis roulant<\/strong><span style=\"font-size: 1rem;\">\u00a0courb\u00e9 qui permet aux utilisateurs d&#8217;am\u00e9liorer leur puissance, leur vitesse, leur endurance et leur agilit\u00e9, en profitant de tous les avantages de l&#8217;entra\u00eenement sportif professionnel en toute s\u00e9curit\u00e9, de mani\u00e8re attrayante et efficace.<\/span><\/p>\n<p>Con\u00e7ue pour r\u00e9sister un usage intensif, le\u00a0<strong>Tapis de Course Courb\u00e9 Titanium<\/strong>\u00a0autoaliment\u00e9 est un \u00e9quipement hautement r\u00e9sistant et hautement fiable gr\u00e2ce \u00e0 sa conception robuste, \u00e0 des mat\u00e9riaux soigneusement s\u00e9lectionn\u00e9s et \u00e0 des composants d&#8217;excellente qualit\u00e9.<\/p>\n<div>\n<p><img decoding=\"async\" class=\"lazy-content img-fluid\" src=\"https:\/\/www.fitnessdigital.fr\/images\/productos\/detalles\/titaniumstrength\/titanium-curved-11.jpg\" alt=\"\/titanium-curved-11\" \/><\/p>\n<\/div>\n<ul>\n<li>150 000 km d&#8217;autonomie.<\/li>\n<li>\u00a0Con\u00e7ue pour \u00e9viter des blessures aux articulations.<\/li>\n<li>\u00a0Jusqu&#8217;\u00e0 30% de consommation calorique suppl\u00e9mentaire.<\/li>\n<li>\u00a0Sans moteur, sans \u00e9lectricit\u00e9 et z\u00e9ro maintenance.<\/li>\n<\/ul>\n<p><strong>Caract\u00e9ristiques<\/strong><\/p>\n<div>\n<p><img decoding=\"async\" class=\"lazy-content img-fluid\" src=\"https:\/\/www.fitnessdigital.fr\/images\/productos\/detalles\/titaniumstrength\/titanium-curved-12.jpg\" alt=\"\/titanium-curved-12\" \/><\/p>\n<\/div>\n<div><strong>Syst\u00e8me de courbe\u00a0<\/strong><\/div>\n<div>L&#8217;innovation dans la conception de la courbe offre une meilleure foul\u00e9e et un impact r\u00e9duit.<\/div>\n<div><\/div>\n<div><strong>Maintenance<\/strong><\/div>\n<div>Le syst\u00e8me de propulsion est compos\u00e9 de 144 roulements qui garantissent un mouvement de tapis lisse et silencieux. De plus, la maintenance est minimale car il n&#8217;est pas n\u00e9cessaire de serrer ou de graisser les composants de la courroie.<\/div>\n<div><\/div>\n<div><strong>Les 5 raisons d&#8217;utiliser un tapis roulant courb\u00e9\u00a0\u00a0<\/strong><\/div>\n<div><\/div>\n<ul>\n<li>Br\u00fble 30% de calories de plus en m\u00eame temps qu&#8217;un tapis roulant conventionnel, car le tapis roulant n&#8217;est pas d\u00e9plac\u00e9 par un moteur, il fonctionne avec l\u2019auto alimentation.<\/li>\n<li>Excellent pour la formation HIIT. Contrairement aux tapis motoris\u00e9s, vous pouvez passer du sprint \u00e0 la marche et vice versa imm\u00e9diatement.<\/li>\n<li>Prot\u00e9ger l&#8217;environnement. Les tapis roulants autopropuls\u00e9s n&#8217;ont pas besoin d&#8217;\u00e9lectricit\u00e9 car ils n&#8217;ont pas de moteurs.<\/li>\n<li>Faible co\u00fbt en maintenance. Tous les composants sont de la plus haute qualit\u00e9 pour assurer une longue dur\u00e9e de vie de l&#8217;\u00e9quipement, en plus d&#8217;assurer un faible co\u00fbt de maintenance.<\/li>\n<li>Faible impact. Le syst\u00e8me m\u00e9canique du tapis courb\u00e9 procure \u00e9galement une grande absorption d\u2019impact tout en \u00e9tant un syst\u00e8me l\u00e9ger et silencieux car il n\u2019y a ni frottement ni usure.<\/li>\n<\/ul>\n<p><strong>Sp\u00e9cifications<\/strong><\/p>\n<div>\n<p><img decoding=\"async\" class=\"lazy-content img-fluid\" src=\"https:\/\/www.fitnessdigital.fr\/images\/productos\/detalles\/titaniumstrength\/titanium-curved-13.jpg\" alt=\"\/titanium-curved-13\" \/><\/p>\n<\/div>\n<ul>\n<li><strong>Largeur:<\/strong>\u00a089 cm<\/li>\n<li><strong>Hauteur:\u00a0<\/strong>142 cm<\/li>\n<li><strong>Longueur:\u00a0<\/strong>180 cm<\/li>\n<li><strong>Surface de roulement:\u00a0<\/strong>160 x 44 cm<\/li>\n<li><strong>Poids maximal de l&#8217;utilisateur:<\/strong>\u00a0200 kg<\/li>\n<li><strong>Poids (kg):\u00a0<\/strong>145<\/li>\n<li><strong>Vitesse maximale:\u00a0<\/strong>25 km\/h<\/li>\n<li><strong>Partie la plus haute de la surface de roulement :<\/strong>\u00a040 cm<\/li>\n<\/ul>\n<\/div>","protected":false},"excerpt":{"rendered":"<div class=\"product attribute overview\">\n<div class=\"value\"><strong>Tapis de Course Titanium Strength Commercial Curved<\/strong>\u00a0courb\u00e9 qui permet aux utilisateurs d&#8217;am\u00e9liorer leur puissance, leur vitesse, leur endurance et leur agilit\u00e9, en profitant de tous les avantages de l&#8217;entra\u00eenement sportif professionnel en toute s\u00e9curit\u00e9, de mani\u00e8re attrayante et efficace.<\/div>\n<\/div>","protected":false},"featured_media":330,"comment_status":"open","ping_status":"closed","template":"","meta":[],"product_brand":[38],"product_cat":[17,18,20,19],"product_tag":[22,23],"class_list":{"0":"post-329","1":"product","2":"type-product","3":"status-publish","4":"has-post-thumbnail","6":"product_brand-titanium-strength","7":"product_cat-bons-plans","8":"product_cat-promotions","9":"product_cat-tapis-de-course","10":"product_cat-training-fitness","11":"product_tag-tapis-de-course","12":"product_tag-tapis-de-course-bh","14":"first","15":"instock","16":"shipping-taxable","17":"purchasable","18":"product-type-simple"},"yoast_head":"<!-- This site is optimized with the Yoast SEO plugin v27.6 - https:\/\/yoast.com\/product\/yoast-seo-wordpress\/ -->\n<title>Tapis de Course Titanium Strength Commercial Curved - Promotion - Vente d&#039;\u00c9lectrom\u00e9nager Neuf et Garanti \u00e0 Paris<\/title>\n<meta name=\"description\" content=\"Tapis de Course Titanium Strength Commercial Curved - permet aux utilisateurs d&#039;am\u00e9liorer leur puissance, leur vitesse, leur endurance et leur agilit\u00e9\" \/>\n<meta name=\"robots\" content=\"index, follow, max-snippet:-1, max-image-preview:large, max-video-preview:-1\" \/>\n<link rel=\"canonical\" href=\"https:\/\/espacemenager2000.fr\/en\/product\/tapis-de-course-titanium-strength-commercial-curved\/\" \/>\n<meta property=\"og:locale\" content=\"en_US\" \/>\n<meta property=\"og:type\" content=\"article\" \/>\n<meta property=\"og:title\" content=\"Tapis de Course Titanium Strength Commercial Curved - Promotion - Vente d&#039;\u00c9lectrom\u00e9nager Neuf et Garanti \u00e0 Paris\" \/>\n<meta property=\"og:description\" content=\"Tapis de Course Titanium Strength Commercial Curved - permet aux utilisateurs d&#039;am\u00e9liorer leur puissance, leur vitesse, leur endurance et leur agilit\u00e9\" \/>\n<meta property=\"og:url\" content=\"https:\/\/espacemenager2000.fr\/en\/product\/tapis-de-course-titanium-strength-commercial-curved\/\" \/>\n<meta property=\"og:site_name\" content=\"Vente d&#039;\u00c9lectrom\u00e9nager Neuf et Garanti \u00e0 Paris\" \/>\n<meta property=\"article:publisher\" content=\"https:\/\/www.facebook.com\/p\/Espace-menager-2000-100068469618146\/\" \/>\n<meta property=\"article:modified_time\" content=\"2026-05-10T20:41:51+00:00\" \/>\n<meta property=\"og:image\" content=\"https:\/\/espacemenager2000.fr\/wp-content\/uploads\/2026\/05\/Tapis-de-Course-Titanium-Strength-Commercial-Curved-.jpg\" \/>\n\t<meta property=\"og:image:width\" content=\"800\" \/>\n\t<meta property=\"og:image:height\" content=\"800\" \/>\n\t<meta property=\"og:image:type\" content=\"image\/jpeg\" \/>\n<meta name=\"twitter:card\" content=\"summary_large_image\" \/>\n<meta name=\"twitter:label1\" content=\"Est. reading time\" \/>\n\t<meta name=\"twitter:data1\" content=\"6 minutes\" \/>\n<script type=\"application\/ld+json\" class=\"yoast-schema-graph\">{\"@context\":\"https:\\\/\\\/schema.org\",\"@graph\":[{\"@type\":\"WebPage\",\"@id\":\"https:\\\/\\\/espacemenager2000.fr\\\/produit\\\/tapis-de-course-titanium-strength-commercial-curved\\\/\",\"url\":\"https:\\\/\\\/espacemenager2000.fr\\\/produit\\\/tapis-de-course-titanium-strength-commercial-curved\\\/\",\"name\":\"Tapis de Course Titanium Strength Commercial Curved - Promotion - Vente d&#039;\u00c9lectrom\u00e9nager Neuf et Garanti \u00e0 Paris\",\"isPartOf\":{\"@id\":\"https:\\\/\\\/espacemenager2000.fr\\\/#website\"},\"primaryImageOfPage\":{\"@id\":\"https:\\\/\\\/espacemenager2000.fr\\\/produit\\\/tapis-de-course-titanium-strength-commercial-curved\\\/#primaryimage\"},\"image\":{\"@id\":\"https:\\\/\\\/espacemenager2000.fr\\\/produit\\\/tapis-de-course-titanium-strength-commercial-curved\\\/#primaryimage\"},\"thumbnailUrl\":\"https:\\\/\\\/espacemenager2000.fr\\\/wp-content\\\/uploads\\\/2026\\\/05\\\/Tapis-de-Course-Titanium-Strength-Commercial-Curved-.jpg\",\"datePublished\":\"2025-12-22T16:11:11+00:00\",\"dateModified\":\"2026-05-10T20:41:51+00:00\",\"description\":\"Tapis de Course Titanium Strength Commercial Curved - permet aux utilisateurs d'am\u00e9liorer leur puissance, leur vitesse, leur endurance et leur agilit\u00e9\",\"breadcrumb\":{\"@id\":\"https:\\\/\\\/espacemenager2000.fr\\\/produit\\\/tapis-de-course-titanium-strength-commercial-curved\\\/#breadcrumb\"},\"inLanguage\":\"en-US\",\"potentialAction\":[{\"@type\":\"ReadAction\",\"target\":[\"https:\\\/\\\/espacemenager2000.fr\\\/produit\\\/tapis-de-course-titanium-strength-commercial-curved\\\/\"]}]},{\"@type\":\"ImageObject\",\"inLanguage\":\"en-US\",\"@id\":\"https:\\\/\\\/espacemenager2000.fr\\\/produit\\\/tapis-de-course-titanium-strength-commercial-curved\\\/#primaryimage\",\"url\":\"https:\\\/\\\/espacemenager2000.fr\\\/wp-content\\\/uploads\\\/2026\\\/05\\\/Tapis-de-Course-Titanium-Strength-Commercial-Curved-.jpg\",\"contentUrl\":\"https:\\\/\\\/espacemenager2000.fr\\\/wp-content\\\/uploads\\\/2026\\\/05\\\/Tapis-de-Course-Titanium-Strength-Commercial-Curved-.jpg\",\"width\":800,\"height\":800},{\"@type\":\"BreadcrumbList\",\"@id\":\"https:\\\/\\\/espacemenager2000.fr\\\/produit\\\/tapis-de-course-titanium-strength-commercial-curved\\\/#breadcrumb\",\"itemListElement\":[{\"@type\":\"ListItem\",\"position\":1,\"name\":\"Accueil\",\"item\":\"https:\\\/\\\/espacemenager2000.fr\\\/\"},{\"@type\":\"ListItem\",\"position\":2,\"name\":\"Boutique\",\"item\":\"https:\\\/\\\/espacemenager2000.fr\\\/boutique\\\/\"},{\"@type\":\"ListItem\",\"position\":3,\"name\":\"Tapis de Course Titanium Strength Commercial Curved\"}]},{\"@type\":\"WebSite\",\"@id\":\"https:\\\/\\\/espacemenager2000.fr\\\/#website\",\"url\":\"https:\\\/\\\/espacemenager2000.fr\\\/\",\"name\":\"Espace Menager 2000\",\"description\":\"Expert en \u00e9lectrom\u00e9nager depuis 2001, Espace M\u00e9nager 2000 vous propose une large gamme de produits : lave-linge, r\u00e9frig\u00e9rateurs, \u00e9lectronique et fitness. Profitez de notre savoir-faire en vente, r\u00e9paration et d\u00e9pannage. Livraison rapide dans toute la zone Euro. Qualit\u00e9 et service garantis.\",\"publisher\":{\"@id\":\"https:\\\/\\\/espacemenager2000.fr\\\/#organization\"},\"potentialAction\":[{\"@type\":\"SearchAction\",\"target\":{\"@type\":\"EntryPoint\",\"urlTemplate\":\"https:\\\/\\\/espacemenager2000.fr\\\/?s={search_term_string}\"},\"query-input\":{\"@type\":\"PropertyValueSpecification\",\"valueRequired\":true,\"valueName\":\"search_term_string\"}}],\"inLanguage\":\"en-US\"},{\"@type\":\"Organization\",\"@id\":\"https:\\\/\\\/espacemenager2000.fr\\\/#organization\",\"name\":\"Espace Menager 2000\",\"url\":\"https:\\\/\\\/espacemenager2000.fr\\\/\",\"logo\":{\"@type\":\"ImageObject\",\"inLanguage\":\"en-US\",\"@id\":\"https:\\\/\\\/espacemenager2000.fr\\\/#\\\/schema\\\/logo\\\/image\\\/\",\"url\":\"https:\\\/\\\/espacemenager2000.fr\\\/wp-content\\\/uploads\\\/2026\\\/05\\\/Fav-Em2000.png\",\"contentUrl\":\"https:\\\/\\\/espacemenager2000.fr\\\/wp-content\\\/uploads\\\/2026\\\/05\\\/Fav-Em2000.png\",\"width\":369,\"height\":369,\"caption\":\"Espace Menager 2000\"},\"image\":{\"@id\":\"https:\\\/\\\/espacemenager2000.fr\\\/#\\\/schema\\\/logo\\\/image\\\/\"},\"sameAs\":[\"https:\\\/\\\/www.facebook.com\\\/p\\\/Espace-menager-2000-100068469618146\\\/\"]}]}<\/script>\n<!-- \/ Yoast SEO plugin. -->","yoast_head_json":{"title":"Tapis de Course Titanium Strength Commercial Curved - Promotion - Vente d&#039;\u00c9lectrom\u00e9nager Neuf et Garanti \u00e0 Paris","description":"Tapis de Course Titanium Strength Commercial Curved - permet aux utilisateurs d'am\u00e9liorer leur puissance, leur vitesse, leur endurance et leur agilit\u00e9","robots":{"index":"index","follow":"follow","max-snippet":"max-snippet:-1","max-image-preview":"max-image-preview:large","max-video-preview":"max-video-preview:-1"},"canonical":"https:\/\/espacemenager2000.fr\/en\/product\/tapis-de-course-titanium-strength-commercial-curved\/","og_locale":"en_US","og_type":"article","og_title":"Tapis de Course Titanium Strength Commercial Curved - Promotion - Vente d&#039;\u00c9lectrom\u00e9nager Neuf et Garanti \u00e0 Paris","og_description":"Tapis de Course Titanium Strength Commercial Curved - permet aux utilisateurs d'am\u00e9liorer leur puissance, leur vitesse, leur endurance et leur agilit\u00e9","og_url":"https:\/\/espacemenager2000.fr\/en\/product\/tapis-de-course-titanium-strength-commercial-curved\/","og_site_name":"Vente d&#039;\u00c9lectrom\u00e9nager Neuf et Garanti \u00e0 Paris","article_publisher":"https:\/\/www.facebook.com\/p\/Espace-menager-2000-100068469618146\/","article_modified_time":"2026-05-10T20:41:51+00:00","og_image":[{"width":800,"height":800,"url":"https:\/\/espacemenager2000.fr\/wp-content\/uploads\/2026\/05\/Tapis-de-Course-Titanium-Strength-Commercial-Curved-.jpg","type":"image\/jpeg"}],"twitter_card":"summary_large_image","twitter_misc":{"Est. reading time":"6 minutes"},"schema":{"@context":"https:\/\/schema.org","@graph":[{"@type":"WebPage","@id":"https:\/\/espacemenager2000.fr\/produit\/tapis-de-course-titanium-strength-commercial-curved\/","url":"https:\/\/espacemenager2000.fr\/produit\/tapis-de-course-titanium-strength-commercial-curved\/","name":"Tapis de Course Titanium Strength Commercial Curved - Promotion - Vente d&#039;\u00c9lectrom\u00e9nager Neuf et Garanti \u00e0 Paris","isPartOf":{"@id":"https:\/\/espacemenager2000.fr\/#website"},"primaryImageOfPage":{"@id":"https:\/\/espacemenager2000.fr\/produit\/tapis-de-course-titanium-strength-commercial-curved\/#primaryimage"},"image":{"@id":"https:\/\/espacemenager2000.fr\/produit\/tapis-de-course-titanium-strength-commercial-curved\/#primaryimage"},"thumbnailUrl":"https:\/\/espacemenager2000.fr\/wp-content\/uploads\/2026\/05\/Tapis-de-Course-Titanium-Strength-Commercial-Curved-.jpg","datePublished":"2025-12-22T16:11:11+00:00","dateModified":"2026-05-10T20:41:51+00:00","description":"Tapis de Course Titanium Strength Commercial Curved - permet aux utilisateurs d'am\u00e9liorer leur puissance, leur vitesse, leur endurance et leur agilit\u00e9","breadcrumb":{"@id":"https:\/\/espacemenager2000.fr\/produit\/tapis-de-course-titanium-strength-commercial-curved\/#breadcrumb"},"inLanguage":"en-US","potentialAction":[{"@type":"ReadAction","target":["https:\/\/espacemenager2000.fr\/produit\/tapis-de-course-titanium-strength-commercial-curved\/"]}]},{"@type":"ImageObject","inLanguage":"en-US","@id":"https:\/\/espacemenager2000.fr\/produit\/tapis-de-course-titanium-strength-commercial-curved\/#primaryimage","url":"https:\/\/espacemenager2000.fr\/wp-content\/uploads\/2026\/05\/Tapis-de-Course-Titanium-Strength-Commercial-Curved-.jpg","contentUrl":"https:\/\/espacemenager2000.fr\/wp-content\/uploads\/2026\/05\/Tapis-de-Course-Titanium-Strength-Commercial-Curved-.jpg","width":800,"height":800},{"@type":"BreadcrumbList","@id":"https:\/\/espacemenager2000.fr\/produit\/tapis-de-course-titanium-strength-commercial-curved\/#breadcrumb","itemListElement":[{"@type":"ListItem","position":1,"name":"Accueil","item":"https:\/\/espacemenager2000.fr\/"},{"@type":"ListItem","position":2,"name":"Boutique","item":"https:\/\/espacemenager2000.fr\/boutique\/"},{"@type":"ListItem","position":3,"name":"Tapis de Course Titanium Strength Commercial Curved"}]},{"@type":"WebSite","@id":"https:\/\/espacemenager2000.fr\/#website","url":"https:\/\/espacemenager2000.fr\/","name":"Espace Menager 2000","description":"Expert en \u00e9lectrom\u00e9nager depuis 2001, Espace M\u00e9nager 2000 vous propose une large gamme de produits : lave-linge, r\u00e9frig\u00e9rateurs, \u00e9lectronique et fitness. Profitez de notre savoir-faire en vente, r\u00e9paration et d\u00e9pannage. Livraison rapide dans toute la zone Euro. Qualit\u00e9 et service garantis.","publisher":{"@id":"https:\/\/espacemenager2000.fr\/#organization"},"potentialAction":[{"@type":"SearchAction","target":{"@type":"EntryPoint","urlTemplate":"https:\/\/espacemenager2000.fr\/?s={search_term_string}"},"query-input":{"@type":"PropertyValueSpecification","valueRequired":true,"valueName":"search_term_string"}}],"inLanguage":"en-US"},{"@type":"Organization","@id":"https:\/\/espacemenager2000.fr\/#organization","name":"Espace Menager 2000","url":"https:\/\/espacemenager2000.fr\/","logo":{"@type":"ImageObject","inLanguage":"en-US","@id":"https:\/\/espacemenager2000.fr\/#\/schema\/logo\/image\/","url":"https:\/\/espacemenager2000.fr\/wp-content\/uploads\/2026\/05\/Fav-Em2000.png","contentUrl":"https:\/\/espacemenager2000.fr\/wp-content\/uploads\/2026\/05\/Fav-Em2000.png","width":369,"height":369,"caption":"Espace Menager 2000"},"image":{"@id":"https:\/\/espacemenager2000.fr\/#\/schema\/logo\/image\/"},"sameAs":["https:\/\/www.facebook.com\/p\/Espace-menager-2000-100068469618146\/"]}]}},"_links":{"self":[{"href":"https:\/\/espacemenager2000.fr\/en\/wp-json\/wp\/v2\/product\/329","targetHints":{"allow":["GET"]}}],"collection":[{"href":"https:\/\/espacemenager2000.fr\/en\/wp-json\/wp\/v2\/product"}],"about":[{"href":"https:\/\/espacemenager2000.fr\/en\/wp-json\/wp\/v2\/types\/product"}],"replies":[{"embeddable":true,"href":"https:\/\/espacemenager2000.fr\/en\/wp-json\/wp\/v2\/comments?post=329"}],"wp:featuredmedia":[{"embeddable":true,"href":"https:\/\/espacemenager2000.fr\/en\/wp-json\/wp\/v2\/media\/330"}],"wp:attachment":[{"href":"https:\/\/espacemenager2000.fr\/en\/wp-json\/wp\/v2\/media?parent=329"}],"wp:term":[{"taxonomy":"product_brand","embeddable":true,"href":"https:\/\/espacemenager2000.fr\/en\/wp-json\/wp\/v2\/product_brand?post=329"},{"taxonomy":"product_cat","embeddable":true,"href":"https:\/\/espacemenager2000.fr\/en\/wp-json\/wp\/v2\/product_cat?post=329"},{"taxonomy":"product_tag","embeddable":true,"href":"https:\/\/espacemenager2000.fr\/en\/wp-json\/wp\/v2\/product_tag?post=329"}],"curies":[{"name":"wp","href":"https:\/\/api.w.org\/{rel}","templated":true}]}}