{"id":318,"date":"2025-12-22T16:11:11","date_gmt":"2025-12-22T16:11:11","guid":{"rendered":"https:\/\/espacemenager2000.fr\/?post_type=product&#038;p=318"},"modified":"2026-05-10T20:41:51","modified_gmt":"2026-05-10T20:41:51","slug":"tapis-de-course-reebok-sl8-0","status":"publish","type":"product","link":"https:\/\/espacemenager2000.fr\/en\/product\/tapis-de-course-reebok-sl8-0\/","title":{"rendered":"Tapis de Course Reebok SL8.0"},"content":{"rendered":"<h2>Tapis de Course Reebok SL8.0<\/h2>\n<p>Tapis de Course Reebok SL8.0: Pour les petites salles de sport en <strong>entreprises, communaut\u00e9s de voisins, h\u00f4tels, centres de physioth\u00e9rapie et r\u00e9habilitation, EPAH, Communes, clubs sportifs, forces de l\u2019arm\u00e9e, la police et les pompiers<\/strong>. Ces appareils sont sp\u00e9cialement con\u00e7us en mati\u00e8re de\u00a0<strong>qualit\u00e9, garantie et prix<\/strong>\u00a0pour les besoins r\u00e9els de ce secteur. Si vous voulez plus d\u2019informations, visitez notre section sp\u00e9cifique\u00a0professionnelle.<\/p>\n<h3>Caract\u00e9ristiques Tapis de Course Reebok SL8.0<\/h3>\n<div class=\"inner entradilla\">\n<h4 class=\"title-level2\">Pour quel public est destin\u00e9 cet appareil semi-professionnel?<\/h4>\n<ul class=\"lista-bloques\">\n<li>Pour les\u00a0<strong>particuliers les plus exigeants<\/strong>\u00a0qui ont besoin d\u2019appareils de cardio ou de musculation qui offrent de grandes prestations.<\/li>\n<li>Pour les petites salles de sport en\u00a0<strong>entreprises, communaut\u00e9s de voisins, h\u00f4tels, centres de physioth\u00e9rapie et r\u00e9habilitation, EPAH, Communes, clubs sportifs, forces de l\u2019arm\u00e9e, la police et les pompiers<\/strong>. Ces appareils sont sp\u00e9cialement con\u00e7us en mati\u00e8re de\u00a0<strong>qualit\u00e9, garantie et prix<\/strong>\u00a0pour les besoins r\u00e9els de ce secteur. Si vous voulez plus d\u2019informations, visitez notre section sp\u00e9cifique\u00a0professionnelle.<\/li>\n<\/ul>\n<\/div>\n<div class=\"contenido\">\n<div><img decoding=\"async\" class=\"lazy-content img-fluid\" src=\"https:\/\/www.fitnessdigital.fr\/images\/productos\/detalles\/Produit-exclusif-1.jpg\" alt=\"Produit-exclusif-1\" width=\"326\" height=\"115\" \/><\/div>\n<div><\/div>\n<div>Con\u00e7u avec la technologie de pointe SubLite, le<strong>\u00a0tapis de course Reebok SL8.0<\/strong>\u00a0amortit chaque pas, vous offrant un confort et une stabilit\u00e9 que seuls les meilleurs tapis de course peuvent \u00e9galer. \u00c9quip\u00e9 d&#8217;un moteur de 3 CV, le tapis de course a une vitesse maximale de 20 km\/h.<\/div>\n<div><\/div>\n<div>\n<div class=\"wrap\">\n<div class=\"col-5-8 tb-col-5-8 center-block txt-center\">\n<div class=\"video-item\">\n<div class=\"video-container text-center\">\n<div class=\"youtube-player\" data-id=\"https:\/\/www.youtube.com\/embed\/WF0D_Dhvjzg?rel=0&amp;autoplay=1&amp;wmode=opaque\">\n<div class=\"youtube-thumb\">\n<p><img fetchpriority=\"high\" decoding=\"async\" class=\"lazy-content img-fluid alignnone\" src=\"https:\/\/i1.ytimg.com\/vi\/WF0D_Dhvjzg\/maxresdefault.jpg\" alt=\"Tapis de Course Reebok SL8.0 \" width=\"596\" height=\"335\" \/><\/p>\n<div><\/div>\n<h3 class=\"play-button\"><strong style=\"font-size: 1rem;\">Points forts<\/strong><\/h3>\n<\/div>\n<\/div>\n<\/div>\n<\/div>\n<\/div>\n<\/div>\n<\/div>\n<ul>\n<li><strong>Con\u00e7u pour une utilisation intensive jusqu&#8217;\u00e0 20 heures par semaine<\/strong><\/li>\n<li><strong>18 niveaux d&#8217;inclinaison pour un entra\u00eenement cardiovasculaire avanc\u00e9<\/strong><\/li>\n<li><strong>Puissant moteur de 3 CV en pointe<\/strong><\/li>\n<li><strong>Grande surface de course 150 cm x 52 cm<\/strong><\/li>\n<\/ul>\n<h3><strong>Caract\u00e9ristiques du Reebok SL8.0<br \/>\n<\/strong><\/h3>\n<h4><strong>Int\u00e9gr\u00e9 avec un Media Hub complet<\/strong><\/h4>\n<div>\n<p>Le tapis de course SL8.0 vous permettra d&#8217;\u00e9couter votre musique gr\u00e2ce aux haut-parleurs 5W ou \u00e0 des \u00e9couteurs via le port AUX, tout en rechargeant vos appareils.<\/p>\n<\/div>\n<div><strong>Support de tablette de 7,3&#8243; de large<\/strong><\/div>\n<div>Vous pourrez vivre la meilleure des exp\u00e9riences gr\u00e2ce \u00e0 votre tablette ou votre smartphone<\/div>\n<div><\/div>\n<div><img decoding=\"async\" class=\"lazy-content img-fluid alignnone\" src=\"https:\/\/www.fitnessdigital.fr\/images\/productos\/detalles\/reebok\/Reebok-SL80-2.gif\" alt=\"Reebook SL8.0\" width=\"520\" height=\"315\" \/><\/div>\n<p><strong><br \/>\nTechnologie Sublite int\u00e9gr\u00e9e<br \/>\n<\/strong>La plateforme r\u00e9duit les impacts sur les articulations en amortissant chaque pas. La surface de course a un design orthop\u00e9dique unique, et est compos\u00e9e d&#8217;un mat\u00e9riel dense et adh\u00e9rent, combin\u00e9 pour vous offrir un confort et une stabilit\u00e9 totale.<\/p>\n<div><img loading=\"lazy\" decoding=\"async\" class=\"lazy-content img-fluid\" src=\"https:\/\/www.fitnessdigital.fr\/images\/productos\/detalles\/reebok\/Reebok-SL80-1.gif\" alt=\"Reebook SL8.0\" width=\"469\" height=\"284\" \/><\/div>\n<div><\/div>\n<h4><strong>90% assembl\u00e9<\/strong><\/h4>\n<div>\n<p>Le montage de votre tapis de course SL8.0 ne vous prendra pas beaucoup de temps, son syst\u00e8me de fabrication innovant optimise le temps de montage, et aucune connaissance technique n&#8217;est n\u00e9cessaire. Vous pourrez commencer \u00e0 courir imm\u00e9diatement! N&#8217;oubliez pas que pour prolonger la dur\u00e9e de vie de votre tapis de course, il est n\u00e9cessaire de le lubrifier de temps en temps. Pour cela,\u00a0\u00a0<a href=\"https:\/\/www.fitnessdigital.fr\/spray-lubrifiant-fitnessdigital-pour-tapis-de-course\/p\/10001110\/\">le lubrifiant pour tapis de course<\/a>\u00a0est tout \u00e0 fait appropri\u00e9.<\/p>\n<\/div>\n<div><img loading=\"lazy\" decoding=\"async\" class=\"lazy-content img-fluid\" src=\"https:\/\/www.fitnessdigital.fr\/images\/productos\/detalles\/reebok\/reebok-sl80-newlogo-01.jpg\" alt=\"Reebook SL8.0\" width=\"415\" height=\"440\" \/><\/div>\n<div><\/div>\n<h4><strong>Poids et mesures Reebok SL8.0<br \/>\n<\/strong><\/h4>\n<table border=\"1\">\n<colgroup>\n<col \/>\n<col \/><\/colgroup>\n<tbody>\n<tr>\n<td><strong>Longueur(x)<\/strong><\/td>\n<td>190.3cm<\/td>\n<\/tr>\n<tr>\n<td><strong>Largeur (y)<\/strong><\/td>\n<td>83cm<\/td>\n<\/tr>\n<tr>\n<td><strong>Hauteur (z)<\/strong><\/td>\n<td>160cm<\/td>\n<\/tr>\n<tr>\n<td><strong>Poids<\/strong><\/td>\n<td>107kg<\/td>\n<\/tr>\n<tr>\n<td><strong>Poids maximum de l&#8217;utilisateur\u00a0<\/strong><\/td>\n<td>150kg<\/td>\n<\/tr>\n<tr>\n<td><strong>Surface de course<\/strong><\/td>\n<td>150cm x 52cm<\/td>\n<\/tr>\n<\/tbody>\n<\/table>\n<p>Si les dimensions de ce tapis de course sont trop encombrantes, nous poss\u00e9dons une large s\u00e9lection de\u00a0<a href=\"https:\/\/www.fitnessdigital.fr\/tapis-de-course\/c\/40\/?&amp;ca=79&amp;av=6\">tapis de course pliables<\/a>\u00a0et vous y trouverez le tapis de course adapt\u00e9 \u00e0 l&#8217;espace dont vous disposez.<\/p>\n<h4><strong>Informations techniques Reebok SL8.0<br \/>\n<\/strong><\/h4>\n<table border=\"1\">\n<colgroup>\n<col \/>\n<col \/><\/colgroup>\n<tbody>\n<tr>\n<td><strong>Fr\u00e9quence d&#8217;utilisation<\/strong><\/td>\n<td>Intensivo<\/td>\n<\/tr>\n<tr>\n<td><strong>Vitesse maximum<\/strong><\/td>\n<td>1-20km\/h<\/td>\n<\/tr>\n<tr>\n<td><strong>Puissance du moteur ( continue\/pointe)<\/strong><\/td>\n<td>1.5\/3CV<\/td>\n<\/tr>\n<tr>\n<td><strong>Inclinaison<\/strong><\/td>\n<td>18 niveaux, atteint une pente de 8,7 % \u00e0 son niveau le plus \u00e9lev\u00e9<\/td>\n<\/tr>\n<tr>\n<td><strong>Bluetooth<\/strong><\/td>\n<td>\u2714\ufe0f<\/td>\n<\/tr>\n<tr>\n<td><strong>USB<\/strong><\/td>\n<td>\u2714\ufe0f<\/td>\n<\/tr>\n<tr>\n<td><strong>AUX<\/strong><\/td>\n<td>\u2714\ufe0f<\/td>\n<\/tr>\n<tr>\n<td><strong>Haut-parleurs\u00a0<\/strong><\/td>\n<td>5W<\/td>\n<\/tr>\n<tr>\n<td><strong>Mesure du pouls par contact\u00a0<\/strong><\/td>\n<td>\u2714\ufe0f<\/td>\n<\/tr>\n<tr>\n<td><strong>Roulettes de transport<\/strong><\/td>\n<td>\u2714\ufe0f<\/td>\n<\/tr>\n<tr>\n<td><strong>Kinomap<\/strong><\/td>\n<td>\u2714\ufe0f (en cintas compradas a partir del 01\/01\/\/2023)<\/td>\n<\/tr>\n<tr>\n<td><strong>Porte-bouteille\u00a0<\/strong><\/td>\n<td>\u2714\ufe0f<\/td>\n<\/tr>\n<tr>\n<td><strong>Haut-parleurs\u00a0<\/strong><\/td>\n<td>\u2714\ufe0f<\/td>\n<\/tr>\n<tr>\n<td><strong>Ventilateur<\/strong><\/td>\n<td>\u2714\ufe0f<\/td>\n<\/tr>\n<tr>\n<td><strong>Console<\/strong><\/td>\n<td>Interface LED ultra<\/td>\n<\/tr>\n<tr>\n<td><strong>Programmes<\/strong><\/td>\n<td>24 programas<\/td>\n<\/tr>\n<tr>\n<td><strong>Syst\u00e8me d&#8217;amortissement<\/strong><\/td>\n<td>Sublite<\/td>\n<\/tr>\n<tr>\n<td><strong>Cardiofr\u00e9quencem\u00e8tre<\/strong><\/td>\n<td>No compatible<\/td>\n<\/tr>\n<tr>\n<td><strong>Watts<\/strong><\/td>\n<td>5<\/td>\n<\/tr>\n<\/tbody>\n<\/table>\n<div><\/div>\n<div><\/div>\n<div><strong>Application Reebok Console<\/strong><\/div>\n<div><\/div>\n<div>\n<div class=\"wrap\">\n<div class=\"col-5-8 tb-col-5-8 center-block txt-center\">\n<div class=\"video-item\">\n<div class=\"video-container iframe-container text-center panoramic\">\n<div class=\"youtube-player\" data-id=\"https:\/\/www.youtube.com\/embed\/jGTJivx_GZ4?rel=0&amp;autoplay=1&amp;wmode=opaque\">\n<div class=\"youtube-thumb\">\n<p><img loading=\"lazy\" decoding=\"async\" class=\"lazy-content img-fluid alignnone\" src=\"https:\/\/i1.ytimg.com\/vi\/jGTJivx_GZ4\/maxresdefault.jpg\" alt=\"Tapis de Course Reebok SL8.0 \" width=\"786\" height=\"442\" \/><\/p>\n<div class=\"play-button\"><img decoding=\"async\" class=\"lazy-content img-fluid\" src=\"https:\/\/www.fitnessdigital.fr\/fitnessdigital\/images\/products\/apariencia-video.png\" alt=\"play\" width=\"\" height=\"\" \/><\/div>\n<\/div>\n<\/div>\n<\/div>\n<\/div>\n<\/div>\n<\/div>\n<\/div>\n<div><\/div>\n<div><strong>D\u00e9couvrez l&#8217;application Reebok Console : le partenaire id\u00e9al pour votre tapis de course, votre v\u00e9lo, votre cross trainer ou votre rameur<\/strong><\/div>\n<div><\/div>\n<ul>\n<li>\n<div>Portez votre entra\u00eenement vers de nouveaux sommets gr\u00e2ce \u00e0 une application intuitive qui insuffle une nouvelle vie \u00e0 vos s\u00e9ances. Connectez-vous \u00e0 des applications d&#8217;entra\u00eenement populaires telles que Zwift, Kinomap et Peloton pour apporter de l&#8217;enthousiasme et de la diversit\u00e9 \u00e0 chaque s\u00e9ance d&#8217;entra\u00eenement, ce qui vous permet de rejoindre des classes interactives et de d\u00e9couvrir des environnements d&#8217;entra\u00eenement plus immersifs.<\/div>\n<\/li>\n<li>\n<div>D\u00e9couvrez une s\u00e9lection vari\u00e9e de programmes de fitness pr\u00eats \u00e0 l&#8217;emploi, con\u00e7us exclusivement pour les machines cardio Reebok. Lancez-vous des d\u00e9fis et surveillez votre d\u00e9veloppement gr\u00e2ce \u00e0 des rapports de performance d\u00e9taill\u00e9s, suivez l&#8217;\u00e9volution de votre parcours et obtenez des informations pr\u00e9cieuses sur votre entra\u00eenement. De plus, vous pouvez partager directement les \u00e9tapes de votre entra\u00eenement sur vos plateformes de m\u00e9dias sociaux pour c\u00e9l\u00e9brer chaque r\u00e9ussite.<\/div>\n<\/li>\n<li>\n<div>Utilisez sans effort l&#8217;application sur votre smartphone ou votre tablette \u00e0 travers notre gamme cardio, en documentant chaque s\u00e9ance d&#8217;entra\u00eenement au fur et \u00e0 mesure que vous progressez vers vos objectifs de remise en forme. En outre, vous pouvez synchroniser vos donn\u00e9es d&#8217;entra\u00eenement avec des applications externes de suivi de la sant\u00e9 et de la condition physique, ce qui vous permet de continuer \u00e0 utiliser vos outils pr\u00e9f\u00e9r\u00e9s tout en pr\u00e9servant la s\u00e9curit\u00e9 et la confidentialit\u00e9 des donn\u00e9es gr\u00e2ce au cryptage TLS.<\/div>\n<\/li>\n<\/ul>\n<\/div>","protected":false},"excerpt":{"rendered":"<div class=\"product attribute overview\">\n<div class=\"value\">Pour les petites salles de sport en <strong>entreprises, communaut\u00e9s de voisins, h\u00f4tels, centres de physioth\u00e9rapie et r\u00e9habilitation, EPAH, Communes, clubs sportifs, forces de l\u2019arm\u00e9e, la police et les pompiers<\/strong>. Ces appareils sont sp\u00e9cialement con\u00e7us en mati\u00e8re de\u00a0<strong>qualit\u00e9, garantie et prix<\/strong>\u00a0pour les besoins r\u00e9els de ce secteur. Si vous voulez plus d\u2019informations, visitez notre section sp\u00e9cifique\u00a0professionnelle.<\/div>\n<\/div>","protected":false},"featured_media":319,"comment_status":"open","ping_status":"closed","template":"","meta":[],"product_brand":[36],"product_cat":[17,18,20,19],"product_tag":[22,23],"class_list":{"0":"post-318","1":"product","2":"type-product","3":"status-publish","4":"has-post-thumbnail","6":"product_brand-reebok","7":"product_cat-bons-plans","8":"product_cat-promotions","9":"product_cat-tapis-de-course","10":"product_cat-training-fitness","11":"product_tag-tapis-de-course","12":"product_tag-tapis-de-course-bh","14":"first","15":"instock","16":"shipping-taxable","17":"purchasable","18":"product-type-simple"},"yoast_head":"<!-- This site is optimized with the Yoast SEO plugin v27.6 - https:\/\/yoast.com\/product\/yoast-seo-wordpress\/ -->\n<title>Tapis de Course Reebok SL8.0 - Promotion - Vente d&#039;\u00c9lectrom\u00e9nager Neuf et Garanti \u00e0 Paris<\/title>\n<meta name=\"description\" content=\"Tapis de Course Reebok SL8.0 - Pour les\u00a0particuliers les plus exigeants\u00a0qui ont besoin d\u2019appareils de cardio ou de musculation qui offrent de grandes prestations.\" \/>\n<meta name=\"robots\" content=\"index, follow, max-snippet:-1, max-image-preview:large, max-video-preview:-1\" \/>\n<link rel=\"canonical\" href=\"https:\/\/espacemenager2000.fr\/en\/product\/tapis-de-course-reebok-sl8-0\/\" \/>\n<meta property=\"og:locale\" content=\"en_US\" \/>\n<meta property=\"og:type\" content=\"article\" \/>\n<meta property=\"og:title\" content=\"Tapis de Course Reebok SL8.0 - Promotion - Vente d&#039;\u00c9lectrom\u00e9nager Neuf et Garanti \u00e0 Paris\" \/>\n<meta property=\"og:description\" content=\"Tapis de Course Reebok SL8.0 - Pour les\u00a0particuliers les plus exigeants\u00a0qui ont besoin d\u2019appareils de cardio ou de musculation qui offrent de grandes prestations.\" \/>\n<meta property=\"og:url\" content=\"https:\/\/espacemenager2000.fr\/en\/product\/tapis-de-course-reebok-sl8-0\/\" \/>\n<meta property=\"og:site_name\" content=\"Vente d&#039;\u00c9lectrom\u00e9nager Neuf et Garanti \u00e0 Paris\" \/>\n<meta property=\"article:publisher\" content=\"https:\/\/www.facebook.com\/p\/Espace-menager-2000-100068469618146\/\" \/>\n<meta property=\"article:modified_time\" content=\"2026-05-10T20:41:51+00:00\" \/>\n<meta property=\"og:image\" content=\"https:\/\/espacemenager2000.fr\/wp-content\/uploads\/2026\/05\/Tapis-de-Course-Reebok-SL8.0-.jpg\" \/>\n\t<meta property=\"og:image:width\" content=\"800\" \/>\n\t<meta property=\"og:image:height\" content=\"800\" \/>\n\t<meta property=\"og:image:type\" content=\"image\/jpeg\" \/>\n<meta name=\"twitter:card\" content=\"summary_large_image\" \/>\n<meta name=\"twitter:label1\" content=\"Est. reading time\" \/>\n\t<meta name=\"twitter:data1\" content=\"8 minutes\" \/>\n<script type=\"application\/ld+json\" class=\"yoast-schema-graph\">{\"@context\":\"https:\\\/\\\/schema.org\",\"@graph\":[{\"@type\":\"WebPage\",\"@id\":\"https:\\\/\\\/espacemenager2000.fr\\\/produit\\\/tapis-de-course-reebok-sl8-0\\\/\",\"url\":\"https:\\\/\\\/espacemenager2000.fr\\\/produit\\\/tapis-de-course-reebok-sl8-0\\\/\",\"name\":\"Tapis de Course Reebok SL8.0 - Promotion - Vente d&#039;\u00c9lectrom\u00e9nager Neuf et Garanti \u00e0 Paris\",\"isPartOf\":{\"@id\":\"https:\\\/\\\/espacemenager2000.fr\\\/#website\"},\"primaryImageOfPage\":{\"@id\":\"https:\\\/\\\/espacemenager2000.fr\\\/produit\\\/tapis-de-course-reebok-sl8-0\\\/#primaryimage\"},\"image\":{\"@id\":\"https:\\\/\\\/espacemenager2000.fr\\\/produit\\\/tapis-de-course-reebok-sl8-0\\\/#primaryimage\"},\"thumbnailUrl\":\"https:\\\/\\\/espacemenager2000.fr\\\/wp-content\\\/uploads\\\/2026\\\/05\\\/Tapis-de-Course-Reebok-SL8.0-.jpg\",\"datePublished\":\"2025-12-22T16:11:11+00:00\",\"dateModified\":\"2026-05-10T20:41:51+00:00\",\"description\":\"Tapis de Course Reebok SL8.0 - Pour les\u00a0particuliers les plus exigeants\u00a0qui ont besoin d\u2019appareils de cardio ou de musculation qui offrent de grandes prestations.\",\"breadcrumb\":{\"@id\":\"https:\\\/\\\/espacemenager2000.fr\\\/produit\\\/tapis-de-course-reebok-sl8-0\\\/#breadcrumb\"},\"inLanguage\":\"en-US\",\"potentialAction\":[{\"@type\":\"ReadAction\",\"target\":[\"https:\\\/\\\/espacemenager2000.fr\\\/produit\\\/tapis-de-course-reebok-sl8-0\\\/\"]}]},{\"@type\":\"ImageObject\",\"inLanguage\":\"en-US\",\"@id\":\"https:\\\/\\\/espacemenager2000.fr\\\/produit\\\/tapis-de-course-reebok-sl8-0\\\/#primaryimage\",\"url\":\"https:\\\/\\\/espacemenager2000.fr\\\/wp-content\\\/uploads\\\/2026\\\/05\\\/Tapis-de-Course-Reebok-SL8.0-.jpg\",\"contentUrl\":\"https:\\\/\\\/espacemenager2000.fr\\\/wp-content\\\/uploads\\\/2026\\\/05\\\/Tapis-de-Course-Reebok-SL8.0-.jpg\",\"width\":800,\"height\":800},{\"@type\":\"BreadcrumbList\",\"@id\":\"https:\\\/\\\/espacemenager2000.fr\\\/produit\\\/tapis-de-course-reebok-sl8-0\\\/#breadcrumb\",\"itemListElement\":[{\"@type\":\"ListItem\",\"position\":1,\"name\":\"Accueil\",\"item\":\"https:\\\/\\\/espacemenager2000.fr\\\/\"},{\"@type\":\"ListItem\",\"position\":2,\"name\":\"Boutique\",\"item\":\"https:\\\/\\\/espacemenager2000.fr\\\/boutique\\\/\"},{\"@type\":\"ListItem\",\"position\":3,\"name\":\"Tapis de Course Reebok SL8.0\"}]},{\"@type\":\"WebSite\",\"@id\":\"https:\\\/\\\/espacemenager2000.fr\\\/#website\",\"url\":\"https:\\\/\\\/espacemenager2000.fr\\\/\",\"name\":\"Espace Menager 2000\",\"description\":\"Expert en \u00e9lectrom\u00e9nager depuis 2001, Espace M\u00e9nager 2000 vous propose une large gamme de produits : lave-linge, r\u00e9frig\u00e9rateurs, \u00e9lectronique et fitness. Profitez de notre savoir-faire en vente, r\u00e9paration et d\u00e9pannage. Livraison rapide dans toute la zone Euro. Qualit\u00e9 et service garantis.\",\"publisher\":{\"@id\":\"https:\\\/\\\/espacemenager2000.fr\\\/#organization\"},\"potentialAction\":[{\"@type\":\"SearchAction\",\"target\":{\"@type\":\"EntryPoint\",\"urlTemplate\":\"https:\\\/\\\/espacemenager2000.fr\\\/?s={search_term_string}\"},\"query-input\":{\"@type\":\"PropertyValueSpecification\",\"valueRequired\":true,\"valueName\":\"search_term_string\"}}],\"inLanguage\":\"en-US\"},{\"@type\":\"Organization\",\"@id\":\"https:\\\/\\\/espacemenager2000.fr\\\/#organization\",\"name\":\"Espace Menager 2000\",\"url\":\"https:\\\/\\\/espacemenager2000.fr\\\/\",\"logo\":{\"@type\":\"ImageObject\",\"inLanguage\":\"en-US\",\"@id\":\"https:\\\/\\\/espacemenager2000.fr\\\/#\\\/schema\\\/logo\\\/image\\\/\",\"url\":\"https:\\\/\\\/espacemenager2000.fr\\\/wp-content\\\/uploads\\\/2026\\\/05\\\/Fav-Em2000.png\",\"contentUrl\":\"https:\\\/\\\/espacemenager2000.fr\\\/wp-content\\\/uploads\\\/2026\\\/05\\\/Fav-Em2000.png\",\"width\":369,\"height\":369,\"caption\":\"Espace Menager 2000\"},\"image\":{\"@id\":\"https:\\\/\\\/espacemenager2000.fr\\\/#\\\/schema\\\/logo\\\/image\\\/\"},\"sameAs\":[\"https:\\\/\\\/www.facebook.com\\\/p\\\/Espace-menager-2000-100068469618146\\\/\"]}]}<\/script>\n<!-- \/ Yoast SEO plugin. -->","yoast_head_json":{"title":"Tapis de Course Reebok SL8.0 - Promotion - Vente d&#039;\u00c9lectrom\u00e9nager Neuf et Garanti \u00e0 Paris","description":"Tapis de Course Reebok SL8.0 - Pour les\u00a0particuliers les plus exigeants\u00a0qui ont besoin d\u2019appareils de cardio ou de musculation qui offrent de grandes prestations.","robots":{"index":"index","follow":"follow","max-snippet":"max-snippet:-1","max-image-preview":"max-image-preview:large","max-video-preview":"max-video-preview:-1"},"canonical":"https:\/\/espacemenager2000.fr\/en\/product\/tapis-de-course-reebok-sl8-0\/","og_locale":"en_US","og_type":"article","og_title":"Tapis de Course Reebok SL8.0 - Promotion - Vente d&#039;\u00c9lectrom\u00e9nager Neuf et Garanti \u00e0 Paris","og_description":"Tapis de Course Reebok SL8.0 - Pour les\u00a0particuliers les plus exigeants\u00a0qui ont besoin d\u2019appareils de cardio ou de musculation qui offrent de grandes prestations.","og_url":"https:\/\/espacemenager2000.fr\/en\/product\/tapis-de-course-reebok-sl8-0\/","og_site_name":"Vente d&#039;\u00c9lectrom\u00e9nager Neuf et Garanti \u00e0 Paris","article_publisher":"https:\/\/www.facebook.com\/p\/Espace-menager-2000-100068469618146\/","article_modified_time":"2026-05-10T20:41:51+00:00","og_image":[{"width":800,"height":800,"url":"https:\/\/espacemenager2000.fr\/wp-content\/uploads\/2026\/05\/Tapis-de-Course-Reebok-SL8.0-.jpg","type":"image\/jpeg"}],"twitter_card":"summary_large_image","twitter_misc":{"Est. reading time":"8 minutes"},"schema":{"@context":"https:\/\/schema.org","@graph":[{"@type":"WebPage","@id":"https:\/\/espacemenager2000.fr\/produit\/tapis-de-course-reebok-sl8-0\/","url":"https:\/\/espacemenager2000.fr\/produit\/tapis-de-course-reebok-sl8-0\/","name":"Tapis de Course Reebok SL8.0 - Promotion - Vente d&#039;\u00c9lectrom\u00e9nager Neuf et Garanti \u00e0 Paris","isPartOf":{"@id":"https:\/\/espacemenager2000.fr\/#website"},"primaryImageOfPage":{"@id":"https:\/\/espacemenager2000.fr\/produit\/tapis-de-course-reebok-sl8-0\/#primaryimage"},"image":{"@id":"https:\/\/espacemenager2000.fr\/produit\/tapis-de-course-reebok-sl8-0\/#primaryimage"},"thumbnailUrl":"https:\/\/espacemenager2000.fr\/wp-content\/uploads\/2026\/05\/Tapis-de-Course-Reebok-SL8.0-.jpg","datePublished":"2025-12-22T16:11:11+00:00","dateModified":"2026-05-10T20:41:51+00:00","description":"Tapis de Course Reebok SL8.0 - Pour les\u00a0particuliers les plus exigeants\u00a0qui ont besoin d\u2019appareils de cardio ou de musculation qui offrent de grandes prestations.","breadcrumb":{"@id":"https:\/\/espacemenager2000.fr\/produit\/tapis-de-course-reebok-sl8-0\/#breadcrumb"},"inLanguage":"en-US","potentialAction":[{"@type":"ReadAction","target":["https:\/\/espacemenager2000.fr\/produit\/tapis-de-course-reebok-sl8-0\/"]}]},{"@type":"ImageObject","inLanguage":"en-US","@id":"https:\/\/espacemenager2000.fr\/produit\/tapis-de-course-reebok-sl8-0\/#primaryimage","url":"https:\/\/espacemenager2000.fr\/wp-content\/uploads\/2026\/05\/Tapis-de-Course-Reebok-SL8.0-.jpg","contentUrl":"https:\/\/espacemenager2000.fr\/wp-content\/uploads\/2026\/05\/Tapis-de-Course-Reebok-SL8.0-.jpg","width":800,"height":800},{"@type":"BreadcrumbList","@id":"https:\/\/espacemenager2000.fr\/produit\/tapis-de-course-reebok-sl8-0\/#breadcrumb","itemListElement":[{"@type":"ListItem","position":1,"name":"Accueil","item":"https:\/\/espacemenager2000.fr\/"},{"@type":"ListItem","position":2,"name":"Boutique","item":"https:\/\/espacemenager2000.fr\/boutique\/"},{"@type":"ListItem","position":3,"name":"Tapis de Course Reebok SL8.0"}]},{"@type":"WebSite","@id":"https:\/\/espacemenager2000.fr\/#website","url":"https:\/\/espacemenager2000.fr\/","name":"Espace Menager 2000","description":"Expert en \u00e9lectrom\u00e9nager depuis 2001, Espace M\u00e9nager 2000 vous propose une large gamme de produits : lave-linge, r\u00e9frig\u00e9rateurs, \u00e9lectronique et fitness. Profitez de notre savoir-faire en vente, r\u00e9paration et d\u00e9pannage. Livraison rapide dans toute la zone Euro. Qualit\u00e9 et service garantis.","publisher":{"@id":"https:\/\/espacemenager2000.fr\/#organization"},"potentialAction":[{"@type":"SearchAction","target":{"@type":"EntryPoint","urlTemplate":"https:\/\/espacemenager2000.fr\/?s={search_term_string}"},"query-input":{"@type":"PropertyValueSpecification","valueRequired":true,"valueName":"search_term_string"}}],"inLanguage":"en-US"},{"@type":"Organization","@id":"https:\/\/espacemenager2000.fr\/#organization","name":"Espace Menager 2000","url":"https:\/\/espacemenager2000.fr\/","logo":{"@type":"ImageObject","inLanguage":"en-US","@id":"https:\/\/espacemenager2000.fr\/#\/schema\/logo\/image\/","url":"https:\/\/espacemenager2000.fr\/wp-content\/uploads\/2026\/05\/Fav-Em2000.png","contentUrl":"https:\/\/espacemenager2000.fr\/wp-content\/uploads\/2026\/05\/Fav-Em2000.png","width":369,"height":369,"caption":"Espace Menager 2000"},"image":{"@id":"https:\/\/espacemenager2000.fr\/#\/schema\/logo\/image\/"},"sameAs":["https:\/\/www.facebook.com\/p\/Espace-menager-2000-100068469618146\/"]}]}},"_links":{"self":[{"href":"https:\/\/espacemenager2000.fr\/en\/wp-json\/wp\/v2\/product\/318","targetHints":{"allow":["GET"]}}],"collection":[{"href":"https:\/\/espacemenager2000.fr\/en\/wp-json\/wp\/v2\/product"}],"about":[{"href":"https:\/\/espacemenager2000.fr\/en\/wp-json\/wp\/v2\/types\/product"}],"replies":[{"embeddable":true,"href":"https:\/\/espacemenager2000.fr\/en\/wp-json\/wp\/v2\/comments?post=318"}],"wp:featuredmedia":[{"embeddable":true,"href":"https:\/\/espacemenager2000.fr\/en\/wp-json\/wp\/v2\/media\/319"}],"wp:attachment":[{"href":"https:\/\/espacemenager2000.fr\/en\/wp-json\/wp\/v2\/media?parent=318"}],"wp:term":[{"taxonomy":"product_brand","embeddable":true,"href":"https:\/\/espacemenager2000.fr\/en\/wp-json\/wp\/v2\/product_brand?post=318"},{"taxonomy":"product_cat","embeddable":true,"href":"https:\/\/espacemenager2000.fr\/en\/wp-json\/wp\/v2\/product_cat?post=318"},{"taxonomy":"product_tag","embeddable":true,"href":"https:\/\/espacemenager2000.fr\/en\/wp-json\/wp\/v2\/product_tag?post=318"}],"curies":[{"name":"wp","href":"https:\/\/api.w.org\/{rel}","templated":true}]}}