{"id":302,"date":"2025-12-22T16:11:11","date_gmt":"2025-12-22T16:11:11","guid":{"rendered":"https:\/\/espacemenager2000.fr\/?post_type=product&#038;p=302"},"modified":"2026-05-10T20:41:49","modified_gmt":"2026-05-10T20:41:49","slug":"tapis-de-course-proform-carbon-tl","status":"publish","type":"product","link":"https:\/\/espacemenager2000.fr\/en\/product\/tapis-de-course-proform-carbon-tl\/","title":{"rendered":"Tapis de Course Proform Carbon TL"},"content":{"rendered":"<h2>Tapis de Course Proform Carbon TL<\/h2>\n<div>Le tapis de course ProForm Carbon TL et la technologie d&#8217;entra\u00eenement par abonnement iFIT Train rendent le fitness plus accessible et plus pratique que jamais. Connectez-vous \u00e0 iFIT sur votre propre appareil, connectez-le \u00e0 votre tapis de course et d\u00e9couvrez le frisson des entra\u00eenements intelligents qui ajustent l&#8217;intensit\u00e9 pour vous.<\/div>\n<div><\/div>\n<div>\n<h3 style=\"font-weight: 400;\">Caract\u00e9ristiques Tapis de Course Proform Carbon TL<\/h3>\n<p><b><strong>L&#8217;abonnement iFIT TRAIN d\u00e9bloque l&#8217;exp\u00e9rience iFIT sur les \u00e9quipements NordicTrack et ProForm sans \u00e9cran tactile. iFIT TRAIN est uniquement disponible sur mobile et tablette.\u00a0<\/strong><\/b><\/p>\n<p>Le tapis de course ProForm Carbon TL et la technologie d&#8217;entra\u00eenement par abonnement iFIT Train rendent le fitness plus accessible et plus pratique que jamais. Connectez-vous \u00e0 iFIT sur votre propre appareil, connectez-le \u00e0 votre tapis de course et d\u00e9couvrez le frisson des entra\u00eenements intelligents qui ajustent l&#8217;intensit\u00e9 pour vous.<\/p>\n<p>iFIT suit vos performances et modifie automatiquement l&#8217;inclinaison de 0 \u00e0 10 % et de 0 \u00e0 16 km\/h pour qu&#8217;elle corresponde exactement \u00e0 vos besoins. L&#8217;amorti ProShox\u2122 est con\u00e7u pour absorber les chocs et assurer la stabilit\u00e9 pendant la randonn\u00e9e, la marche, la course et le jogging afin que vous puissiez vous d\u00e9passer confortablement.<\/p>\n<p>Les entra\u00eeneurs iFIT que vous suivez sont des athl\u00e8tes professionnels, experts en fitness. iFIT compte plus de 10 000 s\u00e9ances d&#8217;entra\u00eenement et constitue la plus grande biblioth\u00e8que d&#8217;entra\u00eenement en plein air au monde.<\/p>\n<h3><b><strong>Points cl\u00e9s<\/strong><\/b><\/h3>\n<ul>\n<li><b><strong>ActivePulse\u2122 ajuste l&#8217;intensit\u00e9 automatiquement. Tapis de course uniquement. L&#8217;amorti RunFlex\u2122 est con\u00e7u pour absorber les impacts et assurer la stabilit\u00e9<\/strong><\/b><\/li>\n<li><b><strong>La vitesse de 0 \u00e0 16 km\/h, l&#8217;inclinaison de 10 % et le d\u00e9clin de 0 % soutiennent vos objectifs et vos plans d&#8217;entra\u00eenement<\/strong><\/b><\/li>\n<li><b><strong>Pliez et d\u00e9placez facilement le tapis de course pour optimiser votre espace<\/strong><\/b><\/li>\n<li><b><strong>Avec un \u00e9cran de 5 pouces, vous pouvez \u00e9galement utiliser votre propre appareil sur le support pour suivre les entra\u00eeneurs iFIT<\/strong><\/b><\/li>\n<\/ul>\n<h4><b><strong>Caract\u00e9ristiques Proform Carbon TL<\/strong><\/b><\/h4>\n<h5><b><strong>Propuls\u00e9 par iFIT<\/strong><\/b><\/h5>\n<p>Obtenez plus de ProForm avec iFIT &#8211; acc\u00e9dez \u00e0 plus de 10 000 s\u00e9ances d&#8217;entra\u00eenement et \u00e0 des fonctions intelligentes pour une exp\u00e9rience personnalis\u00e9e. B\u00e9n\u00e9ficiez des conseils des experts iFIT sur des entra\u00eenements du monde entier adapt\u00e9s \u00e0 votre condition physique et \u00e0 vos objectifs gr\u00e2ce \u00e0 notre technologie SmartAdjust\u2122.<\/p>\n<p><b><strong>*D\u00e9couvrez iFIT Train avec un essai gratuit de 1 mois. R\u00e9serv\u00e9 aux nouveaux utilisateurs.<\/strong><\/b><\/p>\n<h5><b><strong>ActivePulse\u2122<\/strong><\/b><\/h5>\n<p>Progressez avec un entra\u00eenement intelligent bas\u00e9 sur la fr\u00e9quence cardiaque. ActivePulse\u2122 utilise les informations relatives \u00e0 votre fr\u00e9quence cardiaque pour ajuster automatiquement la vitesse, l&#8217;inclinaison et la r\u00e9sistance de l&#8217;entra\u00eenement afin de vous maintenir dans la bonne zone de fr\u00e9quence cardiaque.<\/p>\n<p>Enfin, un syst\u00e8me intelligent qui \u00e9limine les approximations et garantit un entra\u00eenement pr\u00e9cis bas\u00e9 sur la fr\u00e9quence cardiaque. Gr\u00e2ce \u00e0 un moniteur de fr\u00e9quence cardiaque ActivePulse\u2122, vous pouvez ajuster automatiquement la vitesse et l&#8217;inclinaison pour rester dans votre zone cible.<\/p>\n<h5><b><strong>0-16 km\/h<\/strong><\/b><\/h5>\n<p>0-16 km\/h signifie que vous pouvez courir un mile en seulement 3:44 directement sur votre tapis de course.* Choisissez la vitesse la plus confortable pour vous, ou iFIT peut contr\u00f4ler votre vitesse automatiquement pour une exp\u00e9rience immersive et mains libres.<\/p>\n<h5><b><strong>Amortissement ProShox\u2122<\/strong><\/b><\/h5>\n<p>L&#8217;amorti ProShox\u2122 est con\u00e7u pour absorber les impacts et assurer la stabilit\u00e9 pendant la randonn\u00e9e, la marche, la course et le jogging, afin que vous puissiez vous d\u00e9passer confortablement.<\/p>\n<h5><b><strong>Pliable et compact<\/strong><\/b><\/h5>\n<p>Le tapis de course se plie facilement pour optimiser l&#8217;espace. Lorsque vous \u00eates pr\u00eat \u00e0 vous entra\u00eener, retirez le loquet et posez doucement le tapis de course sur le sol.<\/p>\n<h5><b><strong>Inclinaison de 0 \u00e0 10<\/strong><\/b><\/h5>\n<p>L&#8217;inclinaison de 0 \u00e0 10 % vous permet d&#8217;atteindre vos objectifs et de suivre vos plans d&#8217;entra\u00eenement. Entra\u00eenez-vous pour une course de 5 km, un marathon, de longues marches et bien plus encore. Concentrez-vous sur des groupes musculaires sp\u00e9cifiques pour entra\u00eener votre corps, quelle que soit la distance ou l&#8217;altitude.<\/p>\n<h5><b><strong>Support d&#8217;appareil<\/strong><\/b><\/h5>\n<p>Reposez votre t\u00e9l\u00e9phone portable ou votre tablette dans le support d&#8217;appareil pour suivre les entra\u00eeneurs iFIT. Il vous suffit de brancher votre appareil, de le placer dans le support, de le maintenir charg\u00e9 \u00e0 l&#8217;aide de la prise USB-C et vous \u00eates pr\u00eat \u00e0 vous entra\u00eener.<\/p>\n<h5><b><strong>Applications tierces<\/strong><\/b><\/h5>\n<p>iFIT se synchronise avec Strava, Garmin, Google Fit et Apple Health, ce qui vous permet de stocker toutes vos donn\u00e9es de fitness en un seul endroit. Enregistrez chaque pas, chaque calorie et chaque s\u00e9ance d&#8217;entra\u00eenement pour conna\u00eetre vos progr\u00e8s et savoir si vous \u00eates proche d&#8217;atteindre vos objectifs.<\/p>\n<p><b><strong>*Le rythme estim\u00e9 est bas\u00e9 sur la vitesse maximale du tapis roulant mesur\u00e9e dans des conditions contr\u00f4l\u00e9es ; l&#8217;exp\u00e9rience de l&#8217;utilisateur peut varier.<\/strong><\/b><\/p>\n<h4><b><strong>Poids et mesures Proform Carbon TL<\/strong><\/b><\/h4>\n<table>\n<tbody>\n<tr>\n<td>Conception SpaceSaver\u00ae + support EasyLift\u2122<\/td>\n<td>\u2714\ufe0f<\/td>\n<\/tr>\n<tr>\n<td>Dimensions du produit assembl\u00e9<\/td>\n<td>174.2cm x 81.5cm x 144.8cm<\/td>\n<\/tr>\n<tr>\n<td>Dimensions du produit pli\u00e9<\/td>\n<td>168cm x 84cm<\/td>\n<\/tr>\n<tr>\n<td>Poids maximum de l&#8217;utilisateur<\/td>\n<td>136kg<\/td>\n<\/tr>\n<\/tbody>\n<\/table>\n<h4><b><strong>Informations techniques Proform Carbon TL<\/strong><\/b><\/h4>\n<table>\n<tbody>\n<tr>\n<td>\u00c9cran<\/td>\n<td>LCD 5 pouces<\/td>\n<\/tr>\n<tr>\n<td>Surface de roulement<\/td>\n<td>140cm x 46cm<\/td>\n<\/tr>\n<tr>\n<td>Inclinaison maximale<\/td>\n<td>10%<\/td>\n<\/tr>\n<tr>\n<td>Vitesse maximale<\/td>\n<td>0-16km\/h<\/td>\n<\/tr>\n<tr>\n<td>Moteur<\/td>\n<td>2,6CV<\/td>\n<\/tr>\n<tr>\n<td>Possibilit\u00e9 de pliage<\/td>\n<td>\u2714\ufe0f<\/td>\n<\/tr>\n<tr>\n<td>Dimensions dans la bo\u00eete<\/td>\n<td>198.1cm x 25.4cm<\/td>\n<\/tr>\n<tr>\n<td>Poids en bo\u00eete<\/td>\n<td>89.1kg<\/td>\n<\/tr>\n<\/tbody>\n<\/table>\n<p>&nbsp;<\/p>\n<\/div>","protected":false},"excerpt":{"rendered":"<div class=\"product attribute overview\">\n<div class=\"value\">Le tapis de course ProForm Carbon TL et la technologie d&#8217;entra\u00eenement par abonnement iFIT Train rendent le fitness plus accessible et plus pratique que jamais. Connectez-vous \u00e0 iFIT sur votre propre appareil, connectez-le \u00e0 votre tapis de course et d\u00e9couvrez le frisson des entra\u00eenements intelligents qui ajustent l&#8217;intensit\u00e9 pour vous.<\/div>\n<\/div>","protected":false},"featured_media":303,"comment_status":"open","ping_status":"closed","template":"","meta":[],"product_brand":[34],"product_cat":[17,18,20,19],"product_tag":[22,23],"class_list":{"0":"post-302","1":"product","2":"type-product","3":"status-publish","4":"has-post-thumbnail","6":"product_brand-proform","7":"product_cat-bons-plans","8":"product_cat-promotions","9":"product_cat-tapis-de-course","10":"product_cat-training-fitness","11":"product_tag-tapis-de-course","12":"product_tag-tapis-de-course-bh","14":"first","15":"instock","16":"sale","17":"shipping-taxable","18":"purchasable","19":"product-type-simple"},"yoast_head":"<!-- This site is optimized with the Yoast SEO plugin v27.6 - https:\/\/yoast.com\/product\/yoast-seo-wordpress\/ -->\n<title>Tapis de Course Proform Carbon TL - Promotion - Vente d&#039;\u00c9lectrom\u00e9nager Neuf et Garanti \u00e0 Paris<\/title>\n<meta name=\"description\" content=\"Tapis de Course Proform Carbon TL - la technologie d&#039;entra\u00eenement par abonnement iFIT Train rendent le fitness plus accessible et plus pratique que jamais.\" \/>\n<meta name=\"robots\" content=\"index, follow, max-snippet:-1, max-image-preview:large, max-video-preview:-1\" \/>\n<link rel=\"canonical\" href=\"https:\/\/espacemenager2000.fr\/en\/product\/tapis-de-course-proform-carbon-tl\/\" \/>\n<meta property=\"og:locale\" content=\"en_US\" \/>\n<meta property=\"og:type\" content=\"article\" \/>\n<meta property=\"og:title\" content=\"Tapis de Course Proform Carbon TL - Promotion - Vente d&#039;\u00c9lectrom\u00e9nager Neuf et Garanti \u00e0 Paris\" \/>\n<meta property=\"og:description\" content=\"Tapis de Course Proform Carbon TL - la technologie d&#039;entra\u00eenement par abonnement iFIT Train rendent le fitness plus accessible et plus pratique que jamais.\" \/>\n<meta property=\"og:url\" content=\"https:\/\/espacemenager2000.fr\/en\/product\/tapis-de-course-proform-carbon-tl\/\" \/>\n<meta property=\"og:site_name\" content=\"Vente d&#039;\u00c9lectrom\u00e9nager Neuf et Garanti \u00e0 Paris\" \/>\n<meta property=\"article:publisher\" content=\"https:\/\/www.facebook.com\/p\/Espace-menager-2000-100068469618146\/\" \/>\n<meta property=\"article:modified_time\" content=\"2026-05-10T20:41:49+00:00\" \/>\n<meta property=\"og:image\" content=\"https:\/\/espacemenager2000.fr\/wp-content\/uploads\/2026\/05\/Tapis-de-Course-Proform-Carbon-TL-.jpg\" \/>\n\t<meta property=\"og:image:width\" content=\"800\" \/>\n\t<meta property=\"og:image:height\" content=\"800\" \/>\n\t<meta property=\"og:image:type\" content=\"image\/jpeg\" \/>\n<meta name=\"twitter:card\" content=\"summary_large_image\" \/>\n<meta name=\"twitter:label1\" content=\"Est. reading time\" \/>\n\t<meta name=\"twitter:data1\" content=\"7 minutes\" \/>\n<script type=\"application\/ld+json\" class=\"yoast-schema-graph\">{\"@context\":\"https:\\\/\\\/schema.org\",\"@graph\":[{\"@type\":\"WebPage\",\"@id\":\"https:\\\/\\\/espacemenager2000.fr\\\/produit\\\/tapis-de-course-proform-carbon-tl\\\/\",\"url\":\"https:\\\/\\\/espacemenager2000.fr\\\/produit\\\/tapis-de-course-proform-carbon-tl\\\/\",\"name\":\"Tapis de Course Proform Carbon TL - Promotion - Vente d&#039;\u00c9lectrom\u00e9nager Neuf et Garanti \u00e0 Paris\",\"isPartOf\":{\"@id\":\"https:\\\/\\\/espacemenager2000.fr\\\/#website\"},\"primaryImageOfPage\":{\"@id\":\"https:\\\/\\\/espacemenager2000.fr\\\/produit\\\/tapis-de-course-proform-carbon-tl\\\/#primaryimage\"},\"image\":{\"@id\":\"https:\\\/\\\/espacemenager2000.fr\\\/produit\\\/tapis-de-course-proform-carbon-tl\\\/#primaryimage\"},\"thumbnailUrl\":\"https:\\\/\\\/espacemenager2000.fr\\\/wp-content\\\/uploads\\\/2026\\\/05\\\/Tapis-de-Course-Proform-Carbon-TL-.jpg\",\"datePublished\":\"2025-12-22T16:11:11+00:00\",\"dateModified\":\"2026-05-10T20:41:49+00:00\",\"description\":\"Tapis de Course Proform Carbon TL - la technologie d'entra\u00eenement par abonnement iFIT Train rendent le fitness plus accessible et plus pratique que jamais.\",\"breadcrumb\":{\"@id\":\"https:\\\/\\\/espacemenager2000.fr\\\/produit\\\/tapis-de-course-proform-carbon-tl\\\/#breadcrumb\"},\"inLanguage\":\"en-US\",\"potentialAction\":[{\"@type\":\"ReadAction\",\"target\":[\"https:\\\/\\\/espacemenager2000.fr\\\/produit\\\/tapis-de-course-proform-carbon-tl\\\/\"]}]},{\"@type\":\"ImageObject\",\"inLanguage\":\"en-US\",\"@id\":\"https:\\\/\\\/espacemenager2000.fr\\\/produit\\\/tapis-de-course-proform-carbon-tl\\\/#primaryimage\",\"url\":\"https:\\\/\\\/espacemenager2000.fr\\\/wp-content\\\/uploads\\\/2026\\\/05\\\/Tapis-de-Course-Proform-Carbon-TL-.jpg\",\"contentUrl\":\"https:\\\/\\\/espacemenager2000.fr\\\/wp-content\\\/uploads\\\/2026\\\/05\\\/Tapis-de-Course-Proform-Carbon-TL-.jpg\",\"width\":800,\"height\":800},{\"@type\":\"BreadcrumbList\",\"@id\":\"https:\\\/\\\/espacemenager2000.fr\\\/produit\\\/tapis-de-course-proform-carbon-tl\\\/#breadcrumb\",\"itemListElement\":[{\"@type\":\"ListItem\",\"position\":1,\"name\":\"Accueil\",\"item\":\"https:\\\/\\\/espacemenager2000.fr\\\/\"},{\"@type\":\"ListItem\",\"position\":2,\"name\":\"Boutique\",\"item\":\"https:\\\/\\\/espacemenager2000.fr\\\/boutique\\\/\"},{\"@type\":\"ListItem\",\"position\":3,\"name\":\"Tapis de Course Proform Carbon TL\"}]},{\"@type\":\"WebSite\",\"@id\":\"https:\\\/\\\/espacemenager2000.fr\\\/#website\",\"url\":\"https:\\\/\\\/espacemenager2000.fr\\\/\",\"name\":\"Espace Menager 2000\",\"description\":\"Expert en \u00e9lectrom\u00e9nager depuis 2001, Espace M\u00e9nager 2000 vous propose une large gamme de produits : lave-linge, r\u00e9frig\u00e9rateurs, \u00e9lectronique et fitness. Profitez de notre savoir-faire en vente, r\u00e9paration et d\u00e9pannage. Livraison rapide dans toute la zone Euro. Qualit\u00e9 et service garantis.\",\"publisher\":{\"@id\":\"https:\\\/\\\/espacemenager2000.fr\\\/#organization\"},\"potentialAction\":[{\"@type\":\"SearchAction\",\"target\":{\"@type\":\"EntryPoint\",\"urlTemplate\":\"https:\\\/\\\/espacemenager2000.fr\\\/?s={search_term_string}\"},\"query-input\":{\"@type\":\"PropertyValueSpecification\",\"valueRequired\":true,\"valueName\":\"search_term_string\"}}],\"inLanguage\":\"en-US\"},{\"@type\":\"Organization\",\"@id\":\"https:\\\/\\\/espacemenager2000.fr\\\/#organization\",\"name\":\"Espace Menager 2000\",\"url\":\"https:\\\/\\\/espacemenager2000.fr\\\/\",\"logo\":{\"@type\":\"ImageObject\",\"inLanguage\":\"en-US\",\"@id\":\"https:\\\/\\\/espacemenager2000.fr\\\/#\\\/schema\\\/logo\\\/image\\\/\",\"url\":\"https:\\\/\\\/espacemenager2000.fr\\\/wp-content\\\/uploads\\\/2026\\\/05\\\/Fav-Em2000.png\",\"contentUrl\":\"https:\\\/\\\/espacemenager2000.fr\\\/wp-content\\\/uploads\\\/2026\\\/05\\\/Fav-Em2000.png\",\"width\":369,\"height\":369,\"caption\":\"Espace Menager 2000\"},\"image\":{\"@id\":\"https:\\\/\\\/espacemenager2000.fr\\\/#\\\/schema\\\/logo\\\/image\\\/\"},\"sameAs\":[\"https:\\\/\\\/www.facebook.com\\\/p\\\/Espace-menager-2000-100068469618146\\\/\"]}]}<\/script>\n<!-- \/ Yoast SEO plugin. -->","yoast_head_json":{"title":"Tapis de Course Proform Carbon TL - Promotion - Vente d&#039;\u00c9lectrom\u00e9nager Neuf et Garanti \u00e0 Paris","description":"Tapis de Course Proform Carbon TL - la technologie d'entra\u00eenement par abonnement iFIT Train rendent le fitness plus accessible et plus pratique que jamais.","robots":{"index":"index","follow":"follow","max-snippet":"max-snippet:-1","max-image-preview":"max-image-preview:large","max-video-preview":"max-video-preview:-1"},"canonical":"https:\/\/espacemenager2000.fr\/en\/product\/tapis-de-course-proform-carbon-tl\/","og_locale":"en_US","og_type":"article","og_title":"Tapis de Course Proform Carbon TL - Promotion - Vente d&#039;\u00c9lectrom\u00e9nager Neuf et Garanti \u00e0 Paris","og_description":"Tapis de Course Proform Carbon TL - la technologie d'entra\u00eenement par abonnement iFIT Train rendent le fitness plus accessible et plus pratique que jamais.","og_url":"https:\/\/espacemenager2000.fr\/en\/product\/tapis-de-course-proform-carbon-tl\/","og_site_name":"Vente d&#039;\u00c9lectrom\u00e9nager Neuf et Garanti \u00e0 Paris","article_publisher":"https:\/\/www.facebook.com\/p\/Espace-menager-2000-100068469618146\/","article_modified_time":"2026-05-10T20:41:49+00:00","og_image":[{"width":800,"height":800,"url":"https:\/\/espacemenager2000.fr\/wp-content\/uploads\/2026\/05\/Tapis-de-Course-Proform-Carbon-TL-.jpg","type":"image\/jpeg"}],"twitter_card":"summary_large_image","twitter_misc":{"Est. reading time":"7 minutes"},"schema":{"@context":"https:\/\/schema.org","@graph":[{"@type":"WebPage","@id":"https:\/\/espacemenager2000.fr\/produit\/tapis-de-course-proform-carbon-tl\/","url":"https:\/\/espacemenager2000.fr\/produit\/tapis-de-course-proform-carbon-tl\/","name":"Tapis de Course Proform Carbon TL - Promotion - Vente d&#039;\u00c9lectrom\u00e9nager Neuf et Garanti \u00e0 Paris","isPartOf":{"@id":"https:\/\/espacemenager2000.fr\/#website"},"primaryImageOfPage":{"@id":"https:\/\/espacemenager2000.fr\/produit\/tapis-de-course-proform-carbon-tl\/#primaryimage"},"image":{"@id":"https:\/\/espacemenager2000.fr\/produit\/tapis-de-course-proform-carbon-tl\/#primaryimage"},"thumbnailUrl":"https:\/\/espacemenager2000.fr\/wp-content\/uploads\/2026\/05\/Tapis-de-Course-Proform-Carbon-TL-.jpg","datePublished":"2025-12-22T16:11:11+00:00","dateModified":"2026-05-10T20:41:49+00:00","description":"Tapis de Course Proform Carbon TL - la technologie d'entra\u00eenement par abonnement iFIT Train rendent le fitness plus accessible et plus pratique que jamais.","breadcrumb":{"@id":"https:\/\/espacemenager2000.fr\/produit\/tapis-de-course-proform-carbon-tl\/#breadcrumb"},"inLanguage":"en-US","potentialAction":[{"@type":"ReadAction","target":["https:\/\/espacemenager2000.fr\/produit\/tapis-de-course-proform-carbon-tl\/"]}]},{"@type":"ImageObject","inLanguage":"en-US","@id":"https:\/\/espacemenager2000.fr\/produit\/tapis-de-course-proform-carbon-tl\/#primaryimage","url":"https:\/\/espacemenager2000.fr\/wp-content\/uploads\/2026\/05\/Tapis-de-Course-Proform-Carbon-TL-.jpg","contentUrl":"https:\/\/espacemenager2000.fr\/wp-content\/uploads\/2026\/05\/Tapis-de-Course-Proform-Carbon-TL-.jpg","width":800,"height":800},{"@type":"BreadcrumbList","@id":"https:\/\/espacemenager2000.fr\/produit\/tapis-de-course-proform-carbon-tl\/#breadcrumb","itemListElement":[{"@type":"ListItem","position":1,"name":"Accueil","item":"https:\/\/espacemenager2000.fr\/"},{"@type":"ListItem","position":2,"name":"Boutique","item":"https:\/\/espacemenager2000.fr\/boutique\/"},{"@type":"ListItem","position":3,"name":"Tapis de Course Proform Carbon TL"}]},{"@type":"WebSite","@id":"https:\/\/espacemenager2000.fr\/#website","url":"https:\/\/espacemenager2000.fr\/","name":"Espace Menager 2000","description":"Expert en \u00e9lectrom\u00e9nager depuis 2001, Espace M\u00e9nager 2000 vous propose une large gamme de produits : lave-linge, r\u00e9frig\u00e9rateurs, \u00e9lectronique et fitness. Profitez de notre savoir-faire en vente, r\u00e9paration et d\u00e9pannage. Livraison rapide dans toute la zone Euro. Qualit\u00e9 et service garantis.","publisher":{"@id":"https:\/\/espacemenager2000.fr\/#organization"},"potentialAction":[{"@type":"SearchAction","target":{"@type":"EntryPoint","urlTemplate":"https:\/\/espacemenager2000.fr\/?s={search_term_string}"},"query-input":{"@type":"PropertyValueSpecification","valueRequired":true,"valueName":"search_term_string"}}],"inLanguage":"en-US"},{"@type":"Organization","@id":"https:\/\/espacemenager2000.fr\/#organization","name":"Espace Menager 2000","url":"https:\/\/espacemenager2000.fr\/","logo":{"@type":"ImageObject","inLanguage":"en-US","@id":"https:\/\/espacemenager2000.fr\/#\/schema\/logo\/image\/","url":"https:\/\/espacemenager2000.fr\/wp-content\/uploads\/2026\/05\/Fav-Em2000.png","contentUrl":"https:\/\/espacemenager2000.fr\/wp-content\/uploads\/2026\/05\/Fav-Em2000.png","width":369,"height":369,"caption":"Espace Menager 2000"},"image":{"@id":"https:\/\/espacemenager2000.fr\/#\/schema\/logo\/image\/"},"sameAs":["https:\/\/www.facebook.com\/p\/Espace-menager-2000-100068469618146\/"]}]}},"_links":{"self":[{"href":"https:\/\/espacemenager2000.fr\/en\/wp-json\/wp\/v2\/product\/302","targetHints":{"allow":["GET"]}}],"collection":[{"href":"https:\/\/espacemenager2000.fr\/en\/wp-json\/wp\/v2\/product"}],"about":[{"href":"https:\/\/espacemenager2000.fr\/en\/wp-json\/wp\/v2\/types\/product"}],"replies":[{"embeddable":true,"href":"https:\/\/espacemenager2000.fr\/en\/wp-json\/wp\/v2\/comments?post=302"}],"wp:featuredmedia":[{"embeddable":true,"href":"https:\/\/espacemenager2000.fr\/en\/wp-json\/wp\/v2\/media\/303"}],"wp:attachment":[{"href":"https:\/\/espacemenager2000.fr\/en\/wp-json\/wp\/v2\/media?parent=302"}],"wp:term":[{"taxonomy":"product_brand","embeddable":true,"href":"https:\/\/espacemenager2000.fr\/en\/wp-json\/wp\/v2\/product_brand?post=302"},{"taxonomy":"product_cat","embeddable":true,"href":"https:\/\/espacemenager2000.fr\/en\/wp-json\/wp\/v2\/product_cat?post=302"},{"taxonomy":"product_tag","embeddable":true,"href":"https:\/\/espacemenager2000.fr\/en\/wp-json\/wp\/v2\/product_tag?post=302"}],"curies":[{"name":"wp","href":"https:\/\/api.w.org\/{rel}","templated":true}]}}