{"id":295,"date":"2025-12-22T16:10:49","date_gmt":"2025-12-22T16:10:49","guid":{"rendered":"https:\/\/espacemenager2000.fr\/?post_type=product&#038;p=295"},"modified":"2026-05-10T20:41:48","modified_gmt":"2026-05-10T20:41:48","slug":"tapis-de-course-proform-105-cst","status":"publish","type":"product","link":"https:\/\/espacemenager2000.fr\/en\/product\/tapis-de-course-proform-105-cst\/","title":{"rendered":"Tapis de Course Proform 105 CST"},"content":{"rendered":"<h2>Tapis de Course Proform 105 CST<\/h2>\n<div>Le\u00a0<strong>tapis de course ProForm 105 CST<\/strong>\u00a0poss\u00e8de une console tr\u00e8s pratique \u00e0 utiliser, gr\u00e2ce \u00e0 un \u00e9cran r\u00e9tro-\u00e9clair\u00e9 de 5 pouces. Elle vous permet d&#8217;avoir toutes vos informations et vos commandes \u00e0 port\u00e9e de main. D&#8217;une simple pression sur ses touches, vous pourrez choisir votre entra\u00eenement parmi les 6 programmes pr\u00e9d\u00e9finis pour optimiser vos s\u00e9ances de conditionnement physique, modifier l&#8217;inclinaison du tapis ou encore sa vitesse. Ce tapis de course d\u00e9marre \u00e0 2 km\/h et il est possible d&#8217;abaisser la vitesse \u00e0 1 km\/h. Les incr\u00e9ments peuvent \u00eatre de 0,1 \u00e0 0,1.<\/div>\n<div><\/div>\n<div>\n<h3>Caract\u00e9ristiques Tapis de Course Proform 105 CST<\/h3>\n<div class=\"contenido\">\n<div>\n<p><strong>Une console ergonomique<\/strong><\/p>\n<ul>\n<li><strong>6 programmes<\/strong><\/li>\n<li><strong>Ecran r\u00e9tro-\u00e9clair\u00e9 5&#8243;<\/strong><\/li>\n<\/ul>\n<p>Le\u00a0<strong>tapis de course ProForm 105 CST<\/strong>\u00a0poss\u00e8de une console tr\u00e8s pratique \u00e0 utiliser, gr\u00e2ce \u00e0 un \u00e9cran r\u00e9tro-\u00e9clair\u00e9 de 5 pouces. Elle vous permet d&#8217;avoir toutes vos informations et vos commandes \u00e0 port\u00e9e de main. D&#8217;une simple pression sur ses touches, vous pourrez choisir votre entra\u00eenement parmi les 6 programmes pr\u00e9d\u00e9finis pour optimiser vos s\u00e9ances de conditionnement physique, modifier l&#8217;inclinaison du tapis ou encore sa vitesse. Ce tapis de course d\u00e9marre \u00e0 2 km\/h et il est possible d&#8217;abaisser la vitesse \u00e0 1 km\/h. Les incr\u00e9ments peuvent \u00eatre de 0,1 \u00e0 0,1.<\/p>\n<\/div>\n<div><\/div>\n<div><strong>Ecran LCD<\/strong><br \/>\nVous pouvez augmenter et diminuer la vitesse et la r\u00e9sistance manuellement, mais aucun programme n&#8217;est inclus. L&#8217;acc\u00e8s aux programmes n\u00e9cessite l&#8217;utilisation de l&#8217;application iFIT, via un smartphone ou une tablette, et requiert un abonnement iFIT (\u00e0 partir d&#8217;un smartphone\/tablette, il n&#8217;y a pas d&#8217;option pour les programmes gratuits).<\/div>\n<div>\n<p><strong>Des options infinies<\/strong><\/p>\n<ul>\n<li><strong>iFit\u00ae Bluetooth Compatible<\/strong><\/li>\n<li><strong>Google Maps\u2122<\/strong><\/li>\n<\/ul>\n<p>Appuyez sur la touche &#8220;D\u00e9marrer&#8221;et personnalisez votre conditionnement physique avec des s\u00e9ances d&#8217;entra\u00eenement con\u00e7ues par des coachs personnels certifi\u00e9s. Cette biblioth\u00e8que d&#8217;exercices toujours en \u00e9volution offre des programmes qui progressent avec vous, du stade de d\u00e9butant \u00e0 celui de marathonien. Ce tapis de course &#8220;compatible&#8221; * r\u00e8gle automatiquement l&#8217;inclinaison pour recr\u00e9er des sentiers dans le monde entier.<\/p>\n<\/div>\n<div><\/div>\n<h5><strong>Plus de vitesse, plus de performances<\/strong><\/h5>\n<ul>\n<li><strong style=\"font-size: 1rem;\">Vitesse maximale : 16 km\/h<\/strong><\/li>\n<li><strong style=\"font-size: 1rem;\">Surface de course : 41 x 127 cm<\/strong><\/li>\n<\/ul>\n<div>\n<p>Le tapis de course\u00a0<strong>ProForm 105 CST<\/strong>\u00a0vous permet de d\u00e9passer vos objectifs. Sa vitesse maximale de 16 km\/h, permet d&#8217;optimiser vos s\u00e9ances pour un renforcement musculaire plus intense.<\/p>\n<p>L&#8217;amorti ProShox soulage vos articulations adoucissant vos foul\u00e9es, et la surface de course du tapis vous aide \u00e0 obtenir un entra\u00eenement encore plus complet.<\/p>\n<\/div>\n<div><\/div>\n<h5><strong>La technologie \u00e0 port\u00e9e de main<\/strong><\/h5>\n<div><\/div>\n<div><strong style=\"font-size: 1rem;\">Inclinaison manuelle ajustable : 2 positions<\/strong><\/div>\n<div>Avec le\u00a0<strong>tapis de course ProForm 105 CST<\/strong>, et d&#8217;une simple pression sur une touche de la console, vous pourrez\u00a0 faire varier la vitesse pendant vos s\u00e9ances ou bien choisir un des 6 programmes d&#8217;entra\u00eenement pour optimiser vos s\u00e9ances selon vos objectifs. L&#8217;inclinaison du tapis de course, elle, est ajustable manuellement.<\/div>\n<div><\/div>\n<h5><strong>Caract\u00e9ristiques<\/strong><\/h5>\n<h5><strong>Technologie<\/strong><\/h5>\n<ul>\n<li>Type d&#8217;affichage de la console : Ecran LCD 5&#8243;<\/li>\n<li>Compatibilit\u00e9 iFit\u00ae : iFit Bluetooth Compatible<\/li>\n<\/ul>\n<h5><strong>Ing\u00e9nierie<\/strong><\/h5>\n<ul>\n<li>Puissance du moteur en continu : 1,75 CV<\/li>\n<li>Vitesse maximum : 16 km\/h<\/li>\n<li>Inclinaison maximum : 6%<\/li>\n<\/ul>\n<h5><strong>Confort<\/strong><\/h5>\n<ul>\n<li>Amorti : ProShox<\/li>\n<li>Surface de course en cm (Lxl) : 41 x 127 cm<\/li>\n<li>Ceinture cardiaque thoracique : En option<\/li>\n<\/ul>\n<h5><strong>Commodit\u00e9<\/strong><\/h5>\n<ul>\n<li>Dimensions du produit en cm (Lxlxh) : 163 X 76 X 138 cm<\/li>\n<li>Mod\u00e8le pliable : Oui<\/li>\n<li>Dimensions du produit pli\u00e9 en cm (Lxlxh) : 81 X 73 X 153 cm<\/li>\n<li>Poids du produit : 53 kg<\/li>\n<li>Poids max de l&#8217;utilisateur : 115 kg<\/li>\n<li>Poids du colis : 54 kg<\/li>\n<li>Dimensions du colis en cm (Lxlxh) : 170 X 77 X 29 cm<\/li>\n<\/ul>\n<h5><strong>Autres sp\u00e9cifications<\/strong><\/h5>\n<ul>\n<li>Nombre de programmes : 6<\/li>\n<li>Prise de pulsations cardiaques : Oui<\/li>\n<\/ul>\n<\/div>\n<\/div>\n<div><\/div>\n<div><\/div>\n<div><\/div>","protected":false},"excerpt":{"rendered":"<div class=\"product attribute overview\">\n<div class=\"value\">Le\u00a0<strong>tapis de course ProForm 105 CST<\/strong>\u00a0poss\u00e8de une console tr\u00e8s pratique \u00e0 utiliser, gr\u00e2ce \u00e0 un \u00e9cran r\u00e9tro-\u00e9clair\u00e9 de 5 pouces. Elle vous permet d&#8217;avoir toutes vos informations et vos commandes \u00e0 port\u00e9e de main. D&#8217;une simple pression sur ses touches, vous pourrez choisir votre entra\u00eenement parmi les 6 programmes pr\u00e9d\u00e9finis pour optimiser vos s\u00e9ances de conditionnement physique, modifier l&#8217;inclinaison du tapis ou encore sa vitesse. Ce tapis de course d\u00e9marre \u00e0 2 km\/h et il est possible d&#8217;abaisser la vitesse \u00e0 1 km\/h. Les incr\u00e9ments peuvent \u00eatre de 0,1 \u00e0 0,1.<\/div>\n<\/div>","protected":false},"featured_media":296,"comment_status":"open","ping_status":"closed","template":"","meta":[],"product_brand":[34],"product_cat":[17,18,20,19],"product_tag":[22,23],"class_list":{"0":"post-295","1":"product","2":"type-product","3":"status-publish","4":"has-post-thumbnail","6":"product_brand-proform","7":"product_cat-bons-plans","8":"product_cat-promotions","9":"product_cat-tapis-de-course","10":"product_cat-training-fitness","11":"product_tag-tapis-de-course","12":"product_tag-tapis-de-course-bh","14":"first","15":"instock","16":"sale","17":"shipping-taxable","18":"purchasable","19":"product-type-simple"},"yoast_head":"<!-- This site is optimized with the Yoast SEO plugin v27.6 - https:\/\/yoast.com\/product\/yoast-seo-wordpress\/ -->\n<title>Tapis de Course Proform 105 CST - Promotion - Vente d&#039;\u00c9lectrom\u00e9nager Neuf et Garanti \u00e0 Paris<\/title>\n<meta name=\"description\" content=\"Tapis de Course Proform 105 CST - Elle vous permet d&#039;avoir toutes vos informations et vos commandes \u00e0 port\u00e9e de main. - Vitesse maximale : 16 km\/h\" \/>\n<meta name=\"robots\" content=\"index, follow, max-snippet:-1, max-image-preview:large, max-video-preview:-1\" \/>\n<link rel=\"canonical\" href=\"https:\/\/espacemenager2000.fr\/en\/product\/tapis-de-course-proform-105-cst\/\" \/>\n<meta property=\"og:locale\" content=\"en_US\" \/>\n<meta property=\"og:type\" content=\"article\" \/>\n<meta property=\"og:title\" content=\"Tapis de Course Proform 105 CST - Promotion - Vente d&#039;\u00c9lectrom\u00e9nager Neuf et Garanti \u00e0 Paris\" \/>\n<meta property=\"og:description\" content=\"Tapis de Course Proform 105 CST - Elle vous permet d&#039;avoir toutes vos informations et vos commandes \u00e0 port\u00e9e de main. - Vitesse maximale : 16 km\/h\" \/>\n<meta property=\"og:url\" content=\"https:\/\/espacemenager2000.fr\/en\/product\/tapis-de-course-proform-105-cst\/\" \/>\n<meta property=\"og:site_name\" content=\"Vente d&#039;\u00c9lectrom\u00e9nager Neuf et Garanti \u00e0 Paris\" \/>\n<meta property=\"article:publisher\" content=\"https:\/\/www.facebook.com\/p\/Espace-menager-2000-100068469618146\/\" \/>\n<meta property=\"article:modified_time\" content=\"2026-05-10T20:41:48+00:00\" \/>\n<meta property=\"og:image\" content=\"https:\/\/espacemenager2000.fr\/wp-content\/uploads\/2026\/05\/Tapis-de-Course-Proform-105-CST-.jpg\" \/>\n\t<meta property=\"og:image:width\" content=\"800\" \/>\n\t<meta property=\"og:image:height\" content=\"800\" \/>\n\t<meta property=\"og:image:type\" content=\"image\/jpeg\" \/>\n<meta name=\"twitter:card\" content=\"summary_large_image\" \/>\n<meta name=\"twitter:label1\" content=\"Est. reading time\" \/>\n\t<meta name=\"twitter:data1\" content=\"5 minutes\" \/>\n<script type=\"application\/ld+json\" class=\"yoast-schema-graph\">{\"@context\":\"https:\\\/\\\/schema.org\",\"@graph\":[{\"@type\":\"WebPage\",\"@id\":\"https:\\\/\\\/espacemenager2000.fr\\\/produit\\\/tapis-de-course-proform-105-cst\\\/\",\"url\":\"https:\\\/\\\/espacemenager2000.fr\\\/produit\\\/tapis-de-course-proform-105-cst\\\/\",\"name\":\"Tapis de Course Proform 105 CST - Promotion - Vente d&#039;\u00c9lectrom\u00e9nager Neuf et Garanti \u00e0 Paris\",\"isPartOf\":{\"@id\":\"https:\\\/\\\/espacemenager2000.fr\\\/#website\"},\"primaryImageOfPage\":{\"@id\":\"https:\\\/\\\/espacemenager2000.fr\\\/produit\\\/tapis-de-course-proform-105-cst\\\/#primaryimage\"},\"image\":{\"@id\":\"https:\\\/\\\/espacemenager2000.fr\\\/produit\\\/tapis-de-course-proform-105-cst\\\/#primaryimage\"},\"thumbnailUrl\":\"https:\\\/\\\/espacemenager2000.fr\\\/wp-content\\\/uploads\\\/2026\\\/05\\\/Tapis-de-Course-Proform-105-CST-.jpg\",\"datePublished\":\"2025-12-22T16:10:49+00:00\",\"dateModified\":\"2026-05-10T20:41:48+00:00\",\"description\":\"Tapis de Course Proform 105 CST - Elle vous permet d'avoir toutes vos informations et vos commandes \u00e0 port\u00e9e de main. - Vitesse maximale : 16 km\\\/h\",\"breadcrumb\":{\"@id\":\"https:\\\/\\\/espacemenager2000.fr\\\/produit\\\/tapis-de-course-proform-105-cst\\\/#breadcrumb\"},\"inLanguage\":\"en-US\",\"potentialAction\":[{\"@type\":\"ReadAction\",\"target\":[\"https:\\\/\\\/espacemenager2000.fr\\\/produit\\\/tapis-de-course-proform-105-cst\\\/\"]}]},{\"@type\":\"ImageObject\",\"inLanguage\":\"en-US\",\"@id\":\"https:\\\/\\\/espacemenager2000.fr\\\/produit\\\/tapis-de-course-proform-105-cst\\\/#primaryimage\",\"url\":\"https:\\\/\\\/espacemenager2000.fr\\\/wp-content\\\/uploads\\\/2026\\\/05\\\/Tapis-de-Course-Proform-105-CST-.jpg\",\"contentUrl\":\"https:\\\/\\\/espacemenager2000.fr\\\/wp-content\\\/uploads\\\/2026\\\/05\\\/Tapis-de-Course-Proform-105-CST-.jpg\",\"width\":800,\"height\":800},{\"@type\":\"BreadcrumbList\",\"@id\":\"https:\\\/\\\/espacemenager2000.fr\\\/produit\\\/tapis-de-course-proform-105-cst\\\/#breadcrumb\",\"itemListElement\":[{\"@type\":\"ListItem\",\"position\":1,\"name\":\"Accueil\",\"item\":\"https:\\\/\\\/espacemenager2000.fr\\\/\"},{\"@type\":\"ListItem\",\"position\":2,\"name\":\"Boutique\",\"item\":\"https:\\\/\\\/espacemenager2000.fr\\\/boutique\\\/\"},{\"@type\":\"ListItem\",\"position\":3,\"name\":\"Tapis de Course Proform 105 CST\"}]},{\"@type\":\"WebSite\",\"@id\":\"https:\\\/\\\/espacemenager2000.fr\\\/#website\",\"url\":\"https:\\\/\\\/espacemenager2000.fr\\\/\",\"name\":\"Espace Menager 2000\",\"description\":\"Expert en \u00e9lectrom\u00e9nager depuis 2001, Espace M\u00e9nager 2000 vous propose une large gamme de produits : lave-linge, r\u00e9frig\u00e9rateurs, \u00e9lectronique et fitness. Profitez de notre savoir-faire en vente, r\u00e9paration et d\u00e9pannage. Livraison rapide dans toute la zone Euro. Qualit\u00e9 et service garantis.\",\"publisher\":{\"@id\":\"https:\\\/\\\/espacemenager2000.fr\\\/#organization\"},\"potentialAction\":[{\"@type\":\"SearchAction\",\"target\":{\"@type\":\"EntryPoint\",\"urlTemplate\":\"https:\\\/\\\/espacemenager2000.fr\\\/?s={search_term_string}\"},\"query-input\":{\"@type\":\"PropertyValueSpecification\",\"valueRequired\":true,\"valueName\":\"search_term_string\"}}],\"inLanguage\":\"en-US\"},{\"@type\":\"Organization\",\"@id\":\"https:\\\/\\\/espacemenager2000.fr\\\/#organization\",\"name\":\"Espace Menager 2000\",\"url\":\"https:\\\/\\\/espacemenager2000.fr\\\/\",\"logo\":{\"@type\":\"ImageObject\",\"inLanguage\":\"en-US\",\"@id\":\"https:\\\/\\\/espacemenager2000.fr\\\/#\\\/schema\\\/logo\\\/image\\\/\",\"url\":\"https:\\\/\\\/espacemenager2000.fr\\\/wp-content\\\/uploads\\\/2026\\\/05\\\/Fav-Em2000.png\",\"contentUrl\":\"https:\\\/\\\/espacemenager2000.fr\\\/wp-content\\\/uploads\\\/2026\\\/05\\\/Fav-Em2000.png\",\"width\":369,\"height\":369,\"caption\":\"Espace Menager 2000\"},\"image\":{\"@id\":\"https:\\\/\\\/espacemenager2000.fr\\\/#\\\/schema\\\/logo\\\/image\\\/\"},\"sameAs\":[\"https:\\\/\\\/www.facebook.com\\\/p\\\/Espace-menager-2000-100068469618146\\\/\"]}]}<\/script>\n<!-- \/ Yoast SEO plugin. -->","yoast_head_json":{"title":"Tapis de Course Proform 105 CST - Promotion - Vente d&#039;\u00c9lectrom\u00e9nager Neuf et Garanti \u00e0 Paris","description":"Tapis de Course Proform 105 CST - Elle vous permet d'avoir toutes vos informations et vos commandes \u00e0 port\u00e9e de main. - Vitesse maximale : 16 km\/h","robots":{"index":"index","follow":"follow","max-snippet":"max-snippet:-1","max-image-preview":"max-image-preview:large","max-video-preview":"max-video-preview:-1"},"canonical":"https:\/\/espacemenager2000.fr\/en\/product\/tapis-de-course-proform-105-cst\/","og_locale":"en_US","og_type":"article","og_title":"Tapis de Course Proform 105 CST - Promotion - Vente d&#039;\u00c9lectrom\u00e9nager Neuf et Garanti \u00e0 Paris","og_description":"Tapis de Course Proform 105 CST - Elle vous permet d'avoir toutes vos informations et vos commandes \u00e0 port\u00e9e de main. - Vitesse maximale : 16 km\/h","og_url":"https:\/\/espacemenager2000.fr\/en\/product\/tapis-de-course-proform-105-cst\/","og_site_name":"Vente d&#039;\u00c9lectrom\u00e9nager Neuf et Garanti \u00e0 Paris","article_publisher":"https:\/\/www.facebook.com\/p\/Espace-menager-2000-100068469618146\/","article_modified_time":"2026-05-10T20:41:48+00:00","og_image":[{"width":800,"height":800,"url":"https:\/\/espacemenager2000.fr\/wp-content\/uploads\/2026\/05\/Tapis-de-Course-Proform-105-CST-.jpg","type":"image\/jpeg"}],"twitter_card":"summary_large_image","twitter_misc":{"Est. reading time":"5 minutes"},"schema":{"@context":"https:\/\/schema.org","@graph":[{"@type":"WebPage","@id":"https:\/\/espacemenager2000.fr\/produit\/tapis-de-course-proform-105-cst\/","url":"https:\/\/espacemenager2000.fr\/produit\/tapis-de-course-proform-105-cst\/","name":"Tapis de Course Proform 105 CST - Promotion - Vente d&#039;\u00c9lectrom\u00e9nager Neuf et Garanti \u00e0 Paris","isPartOf":{"@id":"https:\/\/espacemenager2000.fr\/#website"},"primaryImageOfPage":{"@id":"https:\/\/espacemenager2000.fr\/produit\/tapis-de-course-proform-105-cst\/#primaryimage"},"image":{"@id":"https:\/\/espacemenager2000.fr\/produit\/tapis-de-course-proform-105-cst\/#primaryimage"},"thumbnailUrl":"https:\/\/espacemenager2000.fr\/wp-content\/uploads\/2026\/05\/Tapis-de-Course-Proform-105-CST-.jpg","datePublished":"2025-12-22T16:10:49+00:00","dateModified":"2026-05-10T20:41:48+00:00","description":"Tapis de Course Proform 105 CST - Elle vous permet d'avoir toutes vos informations et vos commandes \u00e0 port\u00e9e de main. - Vitesse maximale : 16 km\/h","breadcrumb":{"@id":"https:\/\/espacemenager2000.fr\/produit\/tapis-de-course-proform-105-cst\/#breadcrumb"},"inLanguage":"en-US","potentialAction":[{"@type":"ReadAction","target":["https:\/\/espacemenager2000.fr\/produit\/tapis-de-course-proform-105-cst\/"]}]},{"@type":"ImageObject","inLanguage":"en-US","@id":"https:\/\/espacemenager2000.fr\/produit\/tapis-de-course-proform-105-cst\/#primaryimage","url":"https:\/\/espacemenager2000.fr\/wp-content\/uploads\/2026\/05\/Tapis-de-Course-Proform-105-CST-.jpg","contentUrl":"https:\/\/espacemenager2000.fr\/wp-content\/uploads\/2026\/05\/Tapis-de-Course-Proform-105-CST-.jpg","width":800,"height":800},{"@type":"BreadcrumbList","@id":"https:\/\/espacemenager2000.fr\/produit\/tapis-de-course-proform-105-cst\/#breadcrumb","itemListElement":[{"@type":"ListItem","position":1,"name":"Accueil","item":"https:\/\/espacemenager2000.fr\/"},{"@type":"ListItem","position":2,"name":"Boutique","item":"https:\/\/espacemenager2000.fr\/boutique\/"},{"@type":"ListItem","position":3,"name":"Tapis de Course Proform 105 CST"}]},{"@type":"WebSite","@id":"https:\/\/espacemenager2000.fr\/#website","url":"https:\/\/espacemenager2000.fr\/","name":"Espace Menager 2000","description":"Expert en \u00e9lectrom\u00e9nager depuis 2001, Espace M\u00e9nager 2000 vous propose une large gamme de produits : lave-linge, r\u00e9frig\u00e9rateurs, \u00e9lectronique et fitness. Profitez de notre savoir-faire en vente, r\u00e9paration et d\u00e9pannage. Livraison rapide dans toute la zone Euro. Qualit\u00e9 et service garantis.","publisher":{"@id":"https:\/\/espacemenager2000.fr\/#organization"},"potentialAction":[{"@type":"SearchAction","target":{"@type":"EntryPoint","urlTemplate":"https:\/\/espacemenager2000.fr\/?s={search_term_string}"},"query-input":{"@type":"PropertyValueSpecification","valueRequired":true,"valueName":"search_term_string"}}],"inLanguage":"en-US"},{"@type":"Organization","@id":"https:\/\/espacemenager2000.fr\/#organization","name":"Espace Menager 2000","url":"https:\/\/espacemenager2000.fr\/","logo":{"@type":"ImageObject","inLanguage":"en-US","@id":"https:\/\/espacemenager2000.fr\/#\/schema\/logo\/image\/","url":"https:\/\/espacemenager2000.fr\/wp-content\/uploads\/2026\/05\/Fav-Em2000.png","contentUrl":"https:\/\/espacemenager2000.fr\/wp-content\/uploads\/2026\/05\/Fav-Em2000.png","width":369,"height":369,"caption":"Espace Menager 2000"},"image":{"@id":"https:\/\/espacemenager2000.fr\/#\/schema\/logo\/image\/"},"sameAs":["https:\/\/www.facebook.com\/p\/Espace-menager-2000-100068469618146\/"]}]}},"_links":{"self":[{"href":"https:\/\/espacemenager2000.fr\/en\/wp-json\/wp\/v2\/product\/295","targetHints":{"allow":["GET"]}}],"collection":[{"href":"https:\/\/espacemenager2000.fr\/en\/wp-json\/wp\/v2\/product"}],"about":[{"href":"https:\/\/espacemenager2000.fr\/en\/wp-json\/wp\/v2\/types\/product"}],"replies":[{"embeddable":true,"href":"https:\/\/espacemenager2000.fr\/en\/wp-json\/wp\/v2\/comments?post=295"}],"wp:featuredmedia":[{"embeddable":true,"href":"https:\/\/espacemenager2000.fr\/en\/wp-json\/wp\/v2\/media\/296"}],"wp:attachment":[{"href":"https:\/\/espacemenager2000.fr\/en\/wp-json\/wp\/v2\/media?parent=295"}],"wp:term":[{"taxonomy":"product_brand","embeddable":true,"href":"https:\/\/espacemenager2000.fr\/en\/wp-json\/wp\/v2\/product_brand?post=295"},{"taxonomy":"product_cat","embeddable":true,"href":"https:\/\/espacemenager2000.fr\/en\/wp-json\/wp\/v2\/product_cat?post=295"},{"taxonomy":"product_tag","embeddable":true,"href":"https:\/\/espacemenager2000.fr\/en\/wp-json\/wp\/v2\/product_tag?post=295"}],"curies":[{"name":"wp","href":"https:\/\/api.w.org\/{rel}","templated":true}]}}