{"id":268,"date":"2025-12-22T16:10:49","date_gmt":"2025-12-22T16:10:49","guid":{"rendered":"https:\/\/espacemenager2000.fr\/?post_type=product&#038;p=268"},"modified":"2026-05-10T20:41:46","modified_gmt":"2026-05-10T20:41:46","slug":"tapis-de-course-proform-carbon-tls","status":"publish","type":"product","link":"https:\/\/espacemenager2000.fr\/en\/product\/tapis-de-course-proform-carbon-tls\/","title":{"rendered":"Tapis de Course Proform Carbon TLS"},"content":{"rendered":"<h2>Tapis de Course Proform Carbon TLS<\/h2>\n<div><strong>Le tapis de course ProForm Carbon TLS et l&#8217;abonnement iFIT Train<\/strong>\u00a0sont dot\u00e9s d&#8217;une technologie qui rend le fitness plus efficace et plus pratique que jamais. Connectez-vous \u00e0 iFIT sur votre propre appareil, connectez-le \u00e0 votre tapis de course et vivez l&#8217;exp\u00e9rience d&#8217;entra\u00eenements intelligents qui ajustent l&#8217;intensit\u00e9 pour vous.<\/div>\n<div><\/div>\n<div>\n<h3 style=\"font-weight: 400;\">Caract\u00e9ristiques Tapis de Course Proform Carbon TLS<\/h3>\n<p><b><strong>L&#8217;abonnement iFIT TRAIN d\u00e9bloque l&#8217;exp\u00e9rience iFIT sur les \u00e9quipements NordicTrack et ProForm sans \u00e9cran tactile. iFIT TRAIN est uniquement disponible sur mobile et tablette.\u00a0<\/strong><\/b><\/p>\n<p><b><strong>Le tapis de course ProForm Carbon TLS et l&#8217;abonnement iFIT Train<\/strong><\/b>\u00a0sont dot\u00e9s d&#8217;une technologie qui rend le fitness plus efficace et plus pratique que jamais. Connectez-vous \u00e0 iFIT sur votre propre appareil, connectez-le \u00e0 votre tapis de course et vivez l&#8217;exp\u00e9rience d&#8217;entra\u00eenements intelligents qui ajustent l&#8217;intensit\u00e9 pour vous.<\/p>\n<p><b><strong>iFIT suit vos performances et modifie automatiquement l&#8217;inclinaison de 0 \u00e0 12 % et de 0 \u00e0 16 km\/h<\/strong><\/b>\u00a0pour r\u00e9pondre exactement \u00e0 vos besoins. L&#8217;amorti\u00a0<b><strong>ProShox<\/strong><\/b>\u2122 absorbe les chocs et assure la stabilit\u00e9 pendant la randonn\u00e9e, la marche, la course et le jogging afin que vous puissiez vous entra\u00eener en toute s\u00e9curit\u00e9 plus longtemps.<\/p>\n<p>Se replie facilement pour optimiser l&#8217;espace dans votre pi\u00e8ce. iFIT est la plus grande biblioth\u00e8que d&#8217;entra\u00eenement en plein air au monde, avec plus de 10 000 s\u00e9ances d&#8217;entra\u00eenement dirig\u00e9es par des athl\u00e8tes et des entra\u00eeneurs professionnels. Avec iFIT, ce tapis de course est plus qu&#8217;un simple tapis de course. Il devient un outil d&#8217;entra\u00eenement personnel efficace pour de vrais r\u00e9sultats.<\/p>\n<h3><b><strong>Points cl\u00e9s<\/strong><\/b><\/h3>\n<ul>\n<li><b><strong>ActivePulse\u2122 ajuste l&#8217;intensit\u00e9 automatiquement. Pour tapis de course uniquement. L&#8217;amorti RunFlex\u2122 est con\u00e7u pour absorber les impacts et assurer la stabilit\u00e9.<\/strong><\/b><\/li>\n<li><b><strong>La vitesse de 0 \u00e0 16 km\/h, l&#8217;inclinaison de 12 % et la d\u00e9clivit\u00e9 de 0 % soutiennent vos objectifs et vos plans d&#8217;entra\u00eenement.<\/strong><\/b><\/li>\n<li><b><strong>Pliez et d\u00e9placez facilement le tapis de course pour optimiser votre espace.<\/strong><\/b><\/li>\n<li><b><strong>Avec un \u00e9cran de 5 pouces, vous pouvez \u00e9galement utiliser votre propre appareil sur le support pour suivre les entra\u00eeneurs iFIT<\/strong><\/b><\/li>\n<\/ul>\n<h4><b><strong>Caract\u00e9ristiques Proform Carbon TLS<\/strong><\/b><\/h4>\n<h5><b><strong>Propuls\u00e9 par iFIT<\/strong><\/b><\/h5>\n<p>Obtenez plus de ProForm avec iFIT &#8211; acc\u00e9dez \u00e0 plus de 10 000 s\u00e9ances d&#8217;entra\u00eenement et \u00e0 des fonctionnalit\u00e9s intelligentes pour une exp\u00e9rience personnalis\u00e9e. B\u00e9n\u00e9ficiez des conseils d&#8217;experts iFIT sur des entra\u00eenements du monde entier adapt\u00e9s \u00e0 votre condition physique et \u00e0 vos objectifs gr\u00e2ce \u00e0 notre technologie SmartAdjust\u2122.<\/p>\n<p><b><strong>*D\u00e9couvrez iFIT Train avec un essai gratuit de 1 mois. R\u00e9serv\u00e9 aux nouveaux utilisateurs.<\/strong><\/b><\/p>\n<h5><b><strong>ActivePulse\u2122<\/strong><\/b><\/h5>\n<p>L&#8217;entra\u00eenement par zone de fr\u00e9quence cardiaque est efficace et iFIT le rend plus facile que jamais. Avec un moniteur de fr\u00e9quence cardiaque (vendu s\u00e9par\u00e9ment), ActivePulse\u2122 ajuste automatiquement la vitesse et l&#8217;inclinaison pour vous maintenir dans votre zone cible.<\/p>\n<h5><b><strong>0-16 km\/h<\/strong><\/b><\/h5>\n<p>0-16 km\/h signifie que vous pouvez courir un mile en seulement 3:07 directement sur votre tapis de course* Choisissez la vitesse la plus confortable pour vous, ou iFIT peut la contr\u00f4ler automatiquement pour une exp\u00e9rience immersive et mains libres.<\/p>\n<h5><b><strong>Amortissement ProShox\u2122<\/strong><\/b><\/h5>\n<p>L&#8217;amorti ProShox\u2122 absorbe les chocs et assure la stabilit\u00e9 pendant la randonn\u00e9e, la marche, la course et le jogging, afin que vous puissiez vous entra\u00eener plus longtemps en toute s\u00e9curit\u00e9.<\/p>\n<h5><b><strong>Pliable et compact<\/strong><\/b><\/h5>\n<p>Pliez facilement le tapis de course pour optimiser votre espace. Lorsque vous \u00eates pr\u00eat \u00e0 vous entra\u00eener, il vous suffit d&#8217;appuyer sur la barre avec votre pied pour que le tapis de course s&#8217;abaisse au sol.<\/p>\n<h5><b><strong>Inclinaison de 0 \u00e0 12<\/strong><\/b><\/h5>\n<p>L&#8217;inclinaison de 0 \u00e0 12 % est compatible avec vos objectifs et vos plans d&#8217;entra\u00eenement. Entra\u00eenez-vous pour une course de 5 km, un marathon, de longues marches et plus encore. Faites travailler davantage de groupes musculaires pour entra\u00eener votre corps.<\/p>\n<h5><b><strong>Support d&#8217;appareil<\/strong><\/b><\/h5>\n<p>Reposez votre t\u00e9l\u00e9phone portable ou votre tablette dans le support d&#8217;appareil pour suivre les entra\u00eeneurs iFIT. Il vous suffit de brancher votre appareil, de le placer dans le support, de le maintenir charg\u00e9 \u00e0 l&#8217;aide de la prise USB-C et vous \u00eates pr\u00eat \u00e0 vous entra\u00eener.<\/p>\n<h5><b><strong>Applications tierces<\/strong><\/b><\/h5>\n<p>iFIT se synchronise avec Strava, Garmin, Google Fit et Apple Health, ce qui vous permet de stocker toutes vos donn\u00e9es de fitness en un seul endroit. Enregistrez chaque pas, chaque calorie et chaque s\u00e9ance d&#8217;entra\u00eenement pour conna\u00eetre vos progr\u00e8s et savoir si vous \u00eates proche d&#8217;atteindre vos objectifs.<\/p>\n<p><b><strong>*Le rythme estim\u00e9 est bas\u00e9 sur la vitesse maximale du tapis roulant mesur\u00e9e dans des conditions contr\u00f4l\u00e9es ; l&#8217;exp\u00e9rience de l&#8217;utilisateur peut varier.<\/strong><\/b><\/p>\n<h3><b><strong>Poids et mesures Proform Carbon TLS<\/strong><\/b><\/h3>\n<table>\n<tbody>\n<tr>\n<td>Conception SpaceSaver\u00ae + support EasyLift\u2122<\/td>\n<td>\u2714\ufe0f<\/td>\n<\/tr>\n<tr>\n<td>Dimensions du produit assembl\u00e9<\/td>\n<td>171cm x 80cm x 143cm<\/td>\n<\/tr>\n<tr>\n<td>Dimensions du produit pli\u00e9<\/td>\n<td>84 x 80 x 167cm<\/td>\n<\/tr>\n<tr>\n<td>Poids maximum de l&#8217;utilisateur<\/td>\n<td>136kg<\/td>\n<\/tr>\n<\/tbody>\n<\/table>\n<h4><b><strong>Informations techniques Proform Carbon TLS<\/strong><\/b><\/h4>\n<table>\n<tbody>\n<tr>\n<td>ActivePulse<\/td>\n<td>\u2714\ufe0f<\/td>\n<\/tr>\n<tr>\n<td>Smart Adjust<\/td>\n<td>\u2714\ufe0f<\/td>\n<\/tr>\n<tr>\n<td>\u00c9cran<\/td>\n<td>\u00c9cran LCD de 5 pouces<\/td>\n<\/tr>\n<tr>\n<td>Vitesse<\/td>\n<td>Vitesse 0-16Km\/h avec commandes OneTouch\u00ae. Vitesse minimum 1KPH avec incr\u00e9ments de 0,1 KPH.<\/td>\n<\/tr>\n<tr>\n<td>Inclinaison<\/td>\n<td>Inclinaison de +12\u00b0% avec commandes OneTouch\u00ae. L&#8217;inclinaison\/d\u00e9croissance est r\u00e9glable par incr\u00e9ments de 0,5 %.<\/td>\n<\/tr>\n<tr>\n<td>Surface de roulement<\/td>\n<td>46 x 140 cm<\/td>\n<\/tr>\n<tr>\n<td>Moteur<\/td>\n<td>2.6 CHP Quiet Drive System<\/td>\n<\/tr>\n<tr>\n<td>Amortissement<\/td>\n<td>ProShox\u2122<\/td>\n<\/tr>\n<tr>\n<td>Ventilateur<\/td>\n<td>CoolAire\u2122<\/td>\n<\/tr>\n<tr>\n<td>Audio<\/td>\n<td>Deux haut-parleurs de 2&#8221; \u00e0 amplification num\u00e9rique. Connectivit\u00e9 Bluetooth\u00ae pour casque d&#8217;\u00e9coute<\/td>\n<\/tr>\n<tr>\n<td>Pliable<\/td>\n<td>Conception SpaceSaver\u00ae avec assistance EasyLift\u00ae.<\/td>\n<\/tr>\n<tr>\n<td>USB-C Port<\/td>\n<td>Oui (chargeur de l&#8217;appareil)<\/td>\n<\/tr>\n<\/tbody>\n<\/table>\n<\/div>","protected":false},"excerpt":{"rendered":"<div class=\"product attribute overview\">\n<div class=\"value\">\n<div><strong>Le tapis de course ProForm Carbon TLS et l&#8217;abonnement iFIT Train<\/strong>\u00a0sont dot\u00e9s d&#8217;une technologie qui rend le fitness plus efficace et plus pratique que jamais. Connectez-vous \u00e0 iFIT sur votre propre appareil, connectez-le \u00e0 votre tapis de course et vivez l&#8217;exp\u00e9rience d&#8217;entra\u00eenements intelligents qui ajustent l&#8217;intensit\u00e9 pour vous.<\/div>\n<\/div>\n<\/div>","protected":false},"featured_media":269,"comment_status":"open","ping_status":"closed","template":"","meta":[],"product_brand":[34],"product_cat":[17,18,20,19],"product_tag":[22,23],"class_list":{"0":"post-268","1":"product","2":"type-product","3":"status-publish","4":"has-post-thumbnail","6":"product_brand-proform","7":"product_cat-bons-plans","8":"product_cat-promotions","9":"product_cat-tapis-de-course","10":"product_cat-training-fitness","11":"product_tag-tapis-de-course","12":"product_tag-tapis-de-course-bh","14":"first","15":"instock","16":"shipping-taxable","17":"purchasable","18":"product-type-simple"},"yoast_head":"<!-- This site is optimized with the Yoast SEO plugin v27.6 - https:\/\/yoast.com\/product\/yoast-seo-wordpress\/ -->\n<title>Tapis de Course Proform Carbon TLS - Promotion - Vente d&#039;\u00c9lectrom\u00e9nager Neuf et Garanti \u00e0 Paris<\/title>\n<meta name=\"description\" content=\"Tapis de Course Proform Carbon TLS - Vitesse 0-16Km\/h avec commandes OneTouch\u00ae. Vitesse minimum 1KPH avec incr\u00e9ments de 0,1 KPH - \u00c9cran LCD de 5 pouces\" \/>\n<meta name=\"robots\" content=\"index, follow, max-snippet:-1, max-image-preview:large, max-video-preview:-1\" \/>\n<link rel=\"canonical\" href=\"https:\/\/espacemenager2000.fr\/en\/product\/tapis-de-course-proform-carbon-tls\/\" \/>\n<meta property=\"og:locale\" content=\"en_US\" \/>\n<meta property=\"og:type\" content=\"article\" \/>\n<meta property=\"og:title\" content=\"Tapis de Course Proform Carbon TLS - Promotion - Vente d&#039;\u00c9lectrom\u00e9nager Neuf et Garanti \u00e0 Paris\" \/>\n<meta property=\"og:description\" content=\"Tapis de Course Proform Carbon TLS - Vitesse 0-16Km\/h avec commandes OneTouch\u00ae. Vitesse minimum 1KPH avec incr\u00e9ments de 0,1 KPH - \u00c9cran LCD de 5 pouces\" \/>\n<meta property=\"og:url\" content=\"https:\/\/espacemenager2000.fr\/en\/product\/tapis-de-course-proform-carbon-tls\/\" \/>\n<meta property=\"og:site_name\" content=\"Vente d&#039;\u00c9lectrom\u00e9nager Neuf et Garanti \u00e0 Paris\" \/>\n<meta property=\"article:publisher\" content=\"https:\/\/www.facebook.com\/p\/Espace-menager-2000-100068469618146\/\" \/>\n<meta property=\"article:modified_time\" content=\"2026-05-10T20:41:46+00:00\" \/>\n<meta property=\"og:image\" content=\"https:\/\/espacemenager2000.fr\/wp-content\/uploads\/2026\/05\/Tapis-de-Course-Proform-Carbon-TLS-.jpg\" \/>\n\t<meta property=\"og:image:width\" content=\"800\" \/>\n\t<meta property=\"og:image:height\" content=\"800\" \/>\n\t<meta property=\"og:image:type\" content=\"image\/jpeg\" \/>\n<meta name=\"twitter:card\" content=\"summary_large_image\" \/>\n<meta name=\"twitter:label1\" content=\"Est. reading time\" \/>\n\t<meta name=\"twitter:data1\" content=\"6 minutes\" \/>\n<script type=\"application\/ld+json\" class=\"yoast-schema-graph\">{\"@context\":\"https:\\\/\\\/schema.org\",\"@graph\":[{\"@type\":\"WebPage\",\"@id\":\"https:\\\/\\\/espacemenager2000.fr\\\/produit\\\/tapis-de-course-proform-carbon-tls\\\/\",\"url\":\"https:\\\/\\\/espacemenager2000.fr\\\/produit\\\/tapis-de-course-proform-carbon-tls\\\/\",\"name\":\"Tapis de Course Proform Carbon TLS - Promotion - Vente d&#039;\u00c9lectrom\u00e9nager Neuf et Garanti \u00e0 Paris\",\"isPartOf\":{\"@id\":\"https:\\\/\\\/espacemenager2000.fr\\\/#website\"},\"primaryImageOfPage\":{\"@id\":\"https:\\\/\\\/espacemenager2000.fr\\\/produit\\\/tapis-de-course-proform-carbon-tls\\\/#primaryimage\"},\"image\":{\"@id\":\"https:\\\/\\\/espacemenager2000.fr\\\/produit\\\/tapis-de-course-proform-carbon-tls\\\/#primaryimage\"},\"thumbnailUrl\":\"https:\\\/\\\/espacemenager2000.fr\\\/wp-content\\\/uploads\\\/2026\\\/05\\\/Tapis-de-Course-Proform-Carbon-TLS-.jpg\",\"datePublished\":\"2025-12-22T16:10:49+00:00\",\"dateModified\":\"2026-05-10T20:41:46+00:00\",\"description\":\"Tapis de Course Proform Carbon TLS - Vitesse 0-16Km\\\/h avec commandes OneTouch\u00ae. Vitesse minimum 1KPH avec incr\u00e9ments de 0,1 KPH - \u00c9cran LCD de 5 pouces\",\"breadcrumb\":{\"@id\":\"https:\\\/\\\/espacemenager2000.fr\\\/produit\\\/tapis-de-course-proform-carbon-tls\\\/#breadcrumb\"},\"inLanguage\":\"en-US\",\"potentialAction\":[{\"@type\":\"ReadAction\",\"target\":[\"https:\\\/\\\/espacemenager2000.fr\\\/produit\\\/tapis-de-course-proform-carbon-tls\\\/\"]}]},{\"@type\":\"ImageObject\",\"inLanguage\":\"en-US\",\"@id\":\"https:\\\/\\\/espacemenager2000.fr\\\/produit\\\/tapis-de-course-proform-carbon-tls\\\/#primaryimage\",\"url\":\"https:\\\/\\\/espacemenager2000.fr\\\/wp-content\\\/uploads\\\/2026\\\/05\\\/Tapis-de-Course-Proform-Carbon-TLS-.jpg\",\"contentUrl\":\"https:\\\/\\\/espacemenager2000.fr\\\/wp-content\\\/uploads\\\/2026\\\/05\\\/Tapis-de-Course-Proform-Carbon-TLS-.jpg\",\"width\":800,\"height\":800},{\"@type\":\"BreadcrumbList\",\"@id\":\"https:\\\/\\\/espacemenager2000.fr\\\/produit\\\/tapis-de-course-proform-carbon-tls\\\/#breadcrumb\",\"itemListElement\":[{\"@type\":\"ListItem\",\"position\":1,\"name\":\"Accueil\",\"item\":\"https:\\\/\\\/espacemenager2000.fr\\\/\"},{\"@type\":\"ListItem\",\"position\":2,\"name\":\"Boutique\",\"item\":\"https:\\\/\\\/espacemenager2000.fr\\\/boutique\\\/\"},{\"@type\":\"ListItem\",\"position\":3,\"name\":\"Tapis de Course Proform Carbon TLS\"}]},{\"@type\":\"WebSite\",\"@id\":\"https:\\\/\\\/espacemenager2000.fr\\\/#website\",\"url\":\"https:\\\/\\\/espacemenager2000.fr\\\/\",\"name\":\"Espace Menager 2000\",\"description\":\"Expert en \u00e9lectrom\u00e9nager depuis 2001, Espace M\u00e9nager 2000 vous propose une large gamme de produits : lave-linge, r\u00e9frig\u00e9rateurs, \u00e9lectronique et fitness. Profitez de notre savoir-faire en vente, r\u00e9paration et d\u00e9pannage. Livraison rapide dans toute la zone Euro. Qualit\u00e9 et service garantis.\",\"publisher\":{\"@id\":\"https:\\\/\\\/espacemenager2000.fr\\\/#organization\"},\"potentialAction\":[{\"@type\":\"SearchAction\",\"target\":{\"@type\":\"EntryPoint\",\"urlTemplate\":\"https:\\\/\\\/espacemenager2000.fr\\\/?s={search_term_string}\"},\"query-input\":{\"@type\":\"PropertyValueSpecification\",\"valueRequired\":true,\"valueName\":\"search_term_string\"}}],\"inLanguage\":\"en-US\"},{\"@type\":\"Organization\",\"@id\":\"https:\\\/\\\/espacemenager2000.fr\\\/#organization\",\"name\":\"Espace Menager 2000\",\"url\":\"https:\\\/\\\/espacemenager2000.fr\\\/\",\"logo\":{\"@type\":\"ImageObject\",\"inLanguage\":\"en-US\",\"@id\":\"https:\\\/\\\/espacemenager2000.fr\\\/#\\\/schema\\\/logo\\\/image\\\/\",\"url\":\"https:\\\/\\\/espacemenager2000.fr\\\/wp-content\\\/uploads\\\/2026\\\/05\\\/Fav-Em2000.png\",\"contentUrl\":\"https:\\\/\\\/espacemenager2000.fr\\\/wp-content\\\/uploads\\\/2026\\\/05\\\/Fav-Em2000.png\",\"width\":369,\"height\":369,\"caption\":\"Espace Menager 2000\"},\"image\":{\"@id\":\"https:\\\/\\\/espacemenager2000.fr\\\/#\\\/schema\\\/logo\\\/image\\\/\"},\"sameAs\":[\"https:\\\/\\\/www.facebook.com\\\/p\\\/Espace-menager-2000-100068469618146\\\/\"]}]}<\/script>\n<!-- \/ Yoast SEO plugin. -->","yoast_head_json":{"title":"Tapis de Course Proform Carbon TLS - Promotion - Vente d&#039;\u00c9lectrom\u00e9nager Neuf et Garanti \u00e0 Paris","description":"Tapis de Course Proform Carbon TLS - Vitesse 0-16Km\/h avec commandes OneTouch\u00ae. Vitesse minimum 1KPH avec incr\u00e9ments de 0,1 KPH - \u00c9cran LCD de 5 pouces","robots":{"index":"index","follow":"follow","max-snippet":"max-snippet:-1","max-image-preview":"max-image-preview:large","max-video-preview":"max-video-preview:-1"},"canonical":"https:\/\/espacemenager2000.fr\/en\/product\/tapis-de-course-proform-carbon-tls\/","og_locale":"en_US","og_type":"article","og_title":"Tapis de Course Proform Carbon TLS - Promotion - Vente d&#039;\u00c9lectrom\u00e9nager Neuf et Garanti \u00e0 Paris","og_description":"Tapis de Course Proform Carbon TLS - Vitesse 0-16Km\/h avec commandes OneTouch\u00ae. Vitesse minimum 1KPH avec incr\u00e9ments de 0,1 KPH - \u00c9cran LCD de 5 pouces","og_url":"https:\/\/espacemenager2000.fr\/en\/product\/tapis-de-course-proform-carbon-tls\/","og_site_name":"Vente d&#039;\u00c9lectrom\u00e9nager Neuf et Garanti \u00e0 Paris","article_publisher":"https:\/\/www.facebook.com\/p\/Espace-menager-2000-100068469618146\/","article_modified_time":"2026-05-10T20:41:46+00:00","og_image":[{"width":800,"height":800,"url":"https:\/\/espacemenager2000.fr\/wp-content\/uploads\/2026\/05\/Tapis-de-Course-Proform-Carbon-TLS-.jpg","type":"image\/jpeg"}],"twitter_card":"summary_large_image","twitter_misc":{"Est. reading time":"6 minutes"},"schema":{"@context":"https:\/\/schema.org","@graph":[{"@type":"WebPage","@id":"https:\/\/espacemenager2000.fr\/produit\/tapis-de-course-proform-carbon-tls\/","url":"https:\/\/espacemenager2000.fr\/produit\/tapis-de-course-proform-carbon-tls\/","name":"Tapis de Course Proform Carbon TLS - Promotion - Vente d&#039;\u00c9lectrom\u00e9nager Neuf et Garanti \u00e0 Paris","isPartOf":{"@id":"https:\/\/espacemenager2000.fr\/#website"},"primaryImageOfPage":{"@id":"https:\/\/espacemenager2000.fr\/produit\/tapis-de-course-proform-carbon-tls\/#primaryimage"},"image":{"@id":"https:\/\/espacemenager2000.fr\/produit\/tapis-de-course-proform-carbon-tls\/#primaryimage"},"thumbnailUrl":"https:\/\/espacemenager2000.fr\/wp-content\/uploads\/2026\/05\/Tapis-de-Course-Proform-Carbon-TLS-.jpg","datePublished":"2025-12-22T16:10:49+00:00","dateModified":"2026-05-10T20:41:46+00:00","description":"Tapis de Course Proform Carbon TLS - Vitesse 0-16Km\/h avec commandes OneTouch\u00ae. Vitesse minimum 1KPH avec incr\u00e9ments de 0,1 KPH - \u00c9cran LCD de 5 pouces","breadcrumb":{"@id":"https:\/\/espacemenager2000.fr\/produit\/tapis-de-course-proform-carbon-tls\/#breadcrumb"},"inLanguage":"en-US","potentialAction":[{"@type":"ReadAction","target":["https:\/\/espacemenager2000.fr\/produit\/tapis-de-course-proform-carbon-tls\/"]}]},{"@type":"ImageObject","inLanguage":"en-US","@id":"https:\/\/espacemenager2000.fr\/produit\/tapis-de-course-proform-carbon-tls\/#primaryimage","url":"https:\/\/espacemenager2000.fr\/wp-content\/uploads\/2026\/05\/Tapis-de-Course-Proform-Carbon-TLS-.jpg","contentUrl":"https:\/\/espacemenager2000.fr\/wp-content\/uploads\/2026\/05\/Tapis-de-Course-Proform-Carbon-TLS-.jpg","width":800,"height":800},{"@type":"BreadcrumbList","@id":"https:\/\/espacemenager2000.fr\/produit\/tapis-de-course-proform-carbon-tls\/#breadcrumb","itemListElement":[{"@type":"ListItem","position":1,"name":"Accueil","item":"https:\/\/espacemenager2000.fr\/"},{"@type":"ListItem","position":2,"name":"Boutique","item":"https:\/\/espacemenager2000.fr\/boutique\/"},{"@type":"ListItem","position":3,"name":"Tapis de Course Proform Carbon TLS"}]},{"@type":"WebSite","@id":"https:\/\/espacemenager2000.fr\/#website","url":"https:\/\/espacemenager2000.fr\/","name":"Espace Menager 2000","description":"Expert en \u00e9lectrom\u00e9nager depuis 2001, Espace M\u00e9nager 2000 vous propose une large gamme de produits : lave-linge, r\u00e9frig\u00e9rateurs, \u00e9lectronique et fitness. Profitez de notre savoir-faire en vente, r\u00e9paration et d\u00e9pannage. Livraison rapide dans toute la zone Euro. Qualit\u00e9 et service garantis.","publisher":{"@id":"https:\/\/espacemenager2000.fr\/#organization"},"potentialAction":[{"@type":"SearchAction","target":{"@type":"EntryPoint","urlTemplate":"https:\/\/espacemenager2000.fr\/?s={search_term_string}"},"query-input":{"@type":"PropertyValueSpecification","valueRequired":true,"valueName":"search_term_string"}}],"inLanguage":"en-US"},{"@type":"Organization","@id":"https:\/\/espacemenager2000.fr\/#organization","name":"Espace Menager 2000","url":"https:\/\/espacemenager2000.fr\/","logo":{"@type":"ImageObject","inLanguage":"en-US","@id":"https:\/\/espacemenager2000.fr\/#\/schema\/logo\/image\/","url":"https:\/\/espacemenager2000.fr\/wp-content\/uploads\/2026\/05\/Fav-Em2000.png","contentUrl":"https:\/\/espacemenager2000.fr\/wp-content\/uploads\/2026\/05\/Fav-Em2000.png","width":369,"height":369,"caption":"Espace Menager 2000"},"image":{"@id":"https:\/\/espacemenager2000.fr\/#\/schema\/logo\/image\/"},"sameAs":["https:\/\/www.facebook.com\/p\/Espace-menager-2000-100068469618146\/"]}]}},"_links":{"self":[{"href":"https:\/\/espacemenager2000.fr\/en\/wp-json\/wp\/v2\/product\/268","targetHints":{"allow":["GET"]}}],"collection":[{"href":"https:\/\/espacemenager2000.fr\/en\/wp-json\/wp\/v2\/product"}],"about":[{"href":"https:\/\/espacemenager2000.fr\/en\/wp-json\/wp\/v2\/types\/product"}],"replies":[{"embeddable":true,"href":"https:\/\/espacemenager2000.fr\/en\/wp-json\/wp\/v2\/comments?post=268"}],"wp:featuredmedia":[{"embeddable":true,"href":"https:\/\/espacemenager2000.fr\/en\/wp-json\/wp\/v2\/media\/269"}],"wp:attachment":[{"href":"https:\/\/espacemenager2000.fr\/en\/wp-json\/wp\/v2\/media?parent=268"}],"wp:term":[{"taxonomy":"product_brand","embeddable":true,"href":"https:\/\/espacemenager2000.fr\/en\/wp-json\/wp\/v2\/product_brand?post=268"},{"taxonomy":"product_cat","embeddable":true,"href":"https:\/\/espacemenager2000.fr\/en\/wp-json\/wp\/v2\/product_cat?post=268"},{"taxonomy":"product_tag","embeddable":true,"href":"https:\/\/espacemenager2000.fr\/en\/wp-json\/wp\/v2\/product_tag?post=268"}],"curies":[{"name":"wp","href":"https:\/\/api.w.org\/{rel}","templated":true}]}}