{"id":259,"date":"2025-12-22T16:10:49","date_gmt":"2025-12-22T16:10:49","guid":{"rendered":"https:\/\/espacemenager2000.fr\/?post_type=product&#038;p=259"},"modified":"2026-05-10T20:41:46","modified_gmt":"2026-05-10T20:41:46","slug":"tapis-de-course-nordictrack-x16-incline-trainer","status":"publish","type":"product","link":"https:\/\/espacemenager2000.fr\/en\/product\/tapis-de-course-nordictrack-x16-incline-trainer\/","title":{"rendered":"Tapis de Course NordicTrack X16 Incline Trainer"},"content":{"rendered":"<h2>Tapis de Course NordicTrack X16 Incline Trainer<\/h2>\n<div><strong>Le tapis de course NordicTrack X16 ou NordicTrack X16 Incline Trainer et l&#8217;abonnement iFIT Pro <\/strong>sont dot\u00e9s d&#8217;une technologie qui met les r\u00e9sultats \u00e0 la port\u00e9e de tous. iFIT suit vos performances et ajuste automatiquement l&#8217;inclinaison de<strong>\u00a040 % \u00e0 une d\u00e9clinaison de -6 %, et la vitesse de 0 \u00e0 20 KM\/H, de sorte que chaque s\u00e9ance d&#8217;entra\u00eenement puisse se faire avec les mains libres et de fa\u00e7on personnalis\u00e9e.<\/strong><\/div>\n<div><\/div>\n<div>\n<h3>Caract\u00e9ristiques Tapis de Course NordicTrack X16 Incline Trainer<\/h3>\n<div class=\"contenido\">\n<div><strong>Le tapis de course NordicTrack X16 et l&#8217;abonnement iFIT Pro\u00a0<\/strong>sont dot\u00e9s d&#8217;une technologie qui met les r\u00e9sultats \u00e0 la port\u00e9e de tous. iFIT suit vos performances et ajuste automatiquement l&#8217;inclinaison de<strong>\u00a040 % \u00e0 une d\u00e9clinaison de -6 %, et la vitesse de 0 \u00e0 20 KM\/H, de sorte que chaque s\u00e9ance d&#8217;entra\u00eenement puisse se faire avec les mains libres et de fa\u00e7on personnalis\u00e9e.<\/strong><\/div>\n<div><\/div>\n<div><strong>L&#8217;amorti SpringFlex\u2122\u00a0<\/strong>de la bande de course absorbe les impacts et assure la stabilit\u00e9 pour vous aider \u00e0 pousser plus loin votre entra\u00eenement. iFIT est la plus grande biblioth\u00e8que de vid\u00e9os d&#8217;entra\u00eenements film\u00e9es en plein air \u00e0 travers le monde, avec plus de 10 000 entra\u00eenements men\u00e9s par des athl\u00e8tes et des coachs certifi\u00e9s.<\/div>\n<div><\/div>\n<div>Avec iFIT, ce tapis de course est plus qu&#8217;un simple tapis de course. Il devient un outil d&#8217;entra\u00eenement personnel puissant pour obtenir des r\u00e9sultats concrets.<\/div>\n<\/div>\n<\/div>\n<div><\/div>\n<div>\n<h4><strong>Points cl\u00e9s<\/strong><\/h4>\n<div>\n<ul>\n<li><strong>Dot\u00e9 d&#8217;un moniteur de fr\u00e9quence cardiaque, ActivePulse\u2122 ajuste automatiquement la vitesse et l&#8217;inclinaison pour vous maintenir dans votre zone cible.<\/strong><\/li>\n<li><strong>Faites pivoter l&#8217;\u00e9cran tactile de 16 pouces et suivez les entra\u00eeneurs iFIT \u00e0 travers des s\u00e9ances d&#8217;entra\u00eenement comme la musculation et le yoga<\/strong><\/li>\n<li><strong>Entra\u00eenements iFIT dirig\u00e9s par un coach<\/strong><\/li>\n<li><strong>40 % d&#8217;inclinaison et -6 % de d\u00e9clivit\u00e9 avec des s\u00e9ances d&#8217;entra\u00eenement interactives<\/strong><\/li>\n<\/ul>\n<\/div>\n<h4><strong>Caract\u00e9ristiques\u00a0<\/strong><strong>Incline Trainer X16<\/strong><\/h4>\n<h5><strong>D\u00e9velopp\u00e9 par iFIT<\/strong><\/h5>\n<div>Explorez tout le potentiel de NordicTrack avec iFIT &#8211; acc\u00e9dez \u00e0 plus de 10 000 s\u00e9ances d&#8217;entra\u00eenement et des fonctions intelligentes pour une exp\u00e9rience personnalis\u00e9e. Profitez d&#8217;un entra\u00eenement par des coachs iFIT experts lors de s\u00e9ances dans le monde entier qui s&#8217;adaptent \u00e0 votre niveau de forme et \u00e0 vos objectifs gr\u00e2ce \u00e0 notre technologie SmartAdjust\u2122.<\/div>\n<div><\/div>\n<div><img fetchpriority=\"high\" decoding=\"async\" class=\"lazy-content img-fluid\" src=\"https:\/\/www.fitnessdigital.fr\/images\/productos\/detalles\/nordictrack\/nordictrack-ifitpro-fr.jpg\" alt=\"\" width=\"415\" height=\"440\" \/><\/div>\n<div><\/div>\n<h4><strong>ActivePulse\u2122<\/strong><\/h4>\n<\/div>\n<div>\n<div>L&#8217;entra\u00eenement par zone de fr\u00e9quence cardiaque est efficace et iFIT le rend plus facile que jamais. Avec un moniteur de fr\u00e9quence cardiaque, ActivePulse\u2122 ajuste automatiquement la vitesse et l&#8217;inclinaison pour vous maintenir dans la zone cible.<\/div>\n<div><\/div>\n<h5><strong>AI Coach (b\u00eata)<\/strong><\/h5>\n<div>La fonctionnalit\u00e9 AI Coach d&#8217;iFIT vous accompagne directement pour vous aider \u00e0 instaurer des habitudes saines et \u00e0 vous responsabiliser. Une fois que vous avez d\u00e9fini votre objectif, AI Coach planifie des s\u00e9ances d&#8217;entra\u00eenement pour vous, qui s&#8217;affichent automatiquement sur votre \u00e9quipement.<\/div>\n<div><\/div>\n<h5><strong>\u00c9cran tactile pivotant de 16 pouces (40,64 cm)<\/strong><\/h5>\n<div>L&#8217;\u00e9cran tactile pivotant de 16 pouces (40,64 cm) vous permet de tourner l&#8217;\u00e9cran pour que vous puissiez toujours voir votre s\u00e9ance d&#8217;entra\u00eenement. Suivez les coachs iFIT dans des s\u00e9ances d&#8217;entra\u00eenement hors du tapis de course : musculation, yoga, HIIT, et bien plus encore&#8230;<\/div>\n<div><\/div>\n<h5><strong>0-20 Km\/h<\/strong><\/h5>\n<div>0-20 Km\/h signifie que vous pouvez courir \u00e0 une allure de 3:07 minutes par kilom\u00e8tre sur votre tapis de course. Choisissez la vitesse qui vous convient le mieux, ou iFIT peut contr\u00f4ler votre vitesse automatiquement pour une exp\u00e9rience immersive et mains libres.<\/div>\n<div><\/div>\n<h5><strong>Amorti SpringFlex\u2122<\/strong><\/h5>\n<\/div>\n<div>\n<div>L&#8217;amorti SpringFlex\u2122 est con\u00e7u pour absorber les chocs et offrir de la stabilit\u00e9, pour vous aider \u00e0 donner le meilleur de vous-m\u00eame lors de vos entra\u00eenements. Que vous fassiez du sprint, de la marche inclin\u00e9e ou du jogging, l&#8217;amorti rendra votre entra\u00eenement plus confortable.<\/div>\n<div><\/div>\n<h5><strong>40% d&#8217;inclinaison \u00e0 6% de d\u00e9clinaison<\/strong><\/h5>\n<div>Une inclinaison de -6% \u00e0 40% favorise la r\u00e9alisation de vos objectifs et de vos plans d&#8217;entra\u00eenement. Entra\u00eenez-vous pour un 5km, un marathon, de longues randonn\u00e9es et bien plus encore&#8230; La large amplitude d&#8217;inclinaison et de d\u00e9clinaison vous permet de cibler un plus grand nombre de groupes musculaires, pour entra\u00eener votre corps \u00e0 la marche, au jogging, \u00e0 la randonn\u00e9e et \u00e0 la course, quelle que soit la distance ou le d\u00e9nivel\u00e9.<\/div>\n<div><\/div>\n<h5><strong>Applications tierces<\/strong><\/h5>\n<div>iFIT se synchronise avec Strava, Garmin, Google Fit et Apple Health, ce qui vous permet de stocker toutes vos donn\u00e9es de fitness en un seul endroit. Suivez chaque pas, chaque calorie et chaque s\u00e9ance d&#8217;entra\u00eenement pour conna\u00eetre vos progr\u00e8s et savoir si vous \u00eates proche d&#8217;atteindre vos objectifs.<\/div>\n<\/div>\n<div>\n<h5><strong>Services de streaming<\/strong><\/h5>\n<div>Avec iFIT PRO, vous avez acc\u00e8s \u00e0 des services de streaming directement sur l&#8217;\u00e9cran tactile HD de 24&#8243;. Tournez l&#8217;\u00e9cran pour obtenir l&#8217;angle de vue id\u00e9al et entra\u00eenez-vous tout en regardant vos \u00e9missions et films pr\u00e9f\u00e9r\u00e9s.<\/div>\n<div><\/div>\n<div><img decoding=\"async\" class=\"lazy-content img-fluid\" src=\"https:\/\/www.fitnessdigital.fr\/images\/productos\/detalles\/ifit\/ifit-streaming-1.jpg\" alt=\"\" width=\"520\" height=\"115\" \/><\/div>\n<div><\/div>\n<h5><strong>Google Maps<\/strong><\/h5>\n<div>Choisissez votre propre parcours en cr\u00e9ant un itin\u00e9raire personnalis\u00e9 avec Google Maps et plongez-vous dans les images Street View qui changent en fonction de votre rythme. De plus, l&#8217;inclinaison et la d\u00e9clinaison de votre tapis de course s&#8217;ajustent automatiquement pour simuler le d\u00e9nivel\u00e9 du parcours.<\/div>\n<\/div>\n<div><\/div>\n<div><\/div>\n<div>\n<h4><strong>Entra\u00eenez-vous avec iFIT , le monde intelligent du fitness<\/strong><\/h4>\n<h5><strong>Options d&#8217;entra\u00eenement infinies<\/strong><\/h5>\n<p>Oubliez l&#8217;ennui gr\u00e2ce \u00e0 une grande vari\u00e9t\u00e9 d&#8217;exp\u00e9riences d&#8217;entra\u00eenement. Des s\u00e9ances en groupe aux entra\u00eenements globaux, en passant par les options d&#8217;entra\u00eenement crois\u00e9 telles que le yoga et la musculation compl\u00e8te. Nos entra\u00eeneurs de classe mondiale vous offriront une vari\u00e9t\u00e9 de possibilit\u00e9s. Des milliers de s\u00e9ances d&#8217;entra\u00eenement disponibles dans toutes les langues.<\/p>\n<p><strong>Embarquez pour un parcours de remise en forme personnalis\u00e9<\/strong><\/p>\n<div>Les s\u00e9ries progressives d&#8217; iFIT sont con\u00e7ues pour vous maintenir sur la bonne voie pendant des semaines et des mois afin de vous aider \u00e0 prendre des habitudes et \u00e0 obtenir des r\u00e9sultats avec des entra\u00eeneurs experts dans les plus beaux endroits du monde.<\/div>\n<\/div>\n<div><\/div>\n<div>\n<h5 style=\"font-weight: 400;\"><b><strong>Exp\u00e9rience iFIT<\/strong><\/b><\/h5>\n<h5 style=\"font-weight: 400;\">Sur les \u00e9quipements compatibles iFIT , votre tapis de course, votre v\u00e9lo, votre rameur ou votre v\u00e9lo elliptique suivra automatiquement votre entra\u00eeneur iFIT . Il s&#8217;agit d&#8217;un voyage de remise en forme immersif \u00e0 travers des lieux et des cultures \u00e0 couper le souffle.<\/h5>\n<p>L&#8217;application iFIT * contient une biblioth\u00e8que croissante d&#8217;entra\u00eenements dans toutes les langues, \u00e0 la fois sur et hors de votre ordinateur. O\u00f9 que vous soyez, vous b\u00e9n\u00e9ficierez toujours de l&#8217;exp\u00e9rience iFIT compl\u00e8te, avec des exercices de poids corporel, de yoga, d&#8217;entra\u00eenement crois\u00e9 et des s\u00e9ances d&#8217;entra\u00eenement en direct.<\/p>\n<p style=\"font-weight: 400;\"><b><strong>*Vous devez \u00eatre un membre iFIT PRO pour acc\u00e9der au contenu complet et aux fonctionnalit\u00e9s de l&#8217;\u00e9quipement, vous pouvez les ajouter \u00e0 votre commande\u00a0Training Apps | fitnessdigital<\/strong><\/b><\/p>\n<p style=\"font-weight: 400;\"><b><strong>Poids et mesures\u00a0<\/strong><\/b><b><strong>Incline Trainer X16<\/strong><\/b><\/p>\n<table>\n<tbody>\n<tr>\n<td>Dimensions du produit assembl\u00e9<\/td>\n<td>177.55cm x 97cm x 186cm<\/td>\n<\/tr>\n<tr>\n<td>Poids maximum de l&#8217;utilisateur<\/td>\n<td>182kg<\/td>\n<\/tr>\n<\/tbody>\n<\/table>\n<p style=\"font-weight: 400;\"><b><strong>Informations techniques<\/strong><\/b><b><strong>\u00a0<\/strong><\/b><b><strong>Incline Trainer X16<\/strong><\/b><\/p>\n<table>\n<tbody>\n<tr>\n<td>ActivePulse<\/td>\n<td>\u2714\ufe0f<\/td>\n<\/tr>\n<tr>\n<td>Smart Adjust<\/td>\n<td>\u2714\ufe0f<\/td>\n<\/tr>\n<tr>\n<td>\u00c9cran<\/td>\n<td>\u00c9cran tactile HD 16&#8242; (\u00e9cran pivotant qui s&#8217;incline)<\/td>\n<\/tr>\n<tr>\n<td>Vitesse<\/td>\n<td>Vitesse de 0 \u00e0 20 km\/h avec commandes OneTouch\u00ae. Vitesse minimale de 1 km\/h avec incr\u00e9ments de 0,1 km\/h.<\/td>\n<\/tr>\n<tr>\n<td>Inclinaison<\/td>\n<td>40\u00ba\/- 6\u00ba<\/td>\n<\/tr>\n<tr>\n<td>Surface de roulement<\/td>\n<td>55 x 152cm<\/td>\n<\/tr>\n<tr>\n<td>Moteur<\/td>\n<td>4.25cv<\/td>\n<\/tr>\n<tr>\n<td>Amortissement<\/td>\n<td>SpringFlex\u2122<\/td>\n<\/tr>\n<tr>\n<td>Ventilateur<\/td>\n<td>AutoBreeze\u2122<\/td>\n<\/tr>\n<tr>\n<td>Audio<\/td>\n<td>Audio haut de gamme. Connectivit\u00e9 casque Bluetooth<\/td>\n<\/tr>\n<tr>\n<td>USB-C Port<\/td>\n<td>Oui (chargeur de l&#8217;appareil)<\/td>\n<\/tr>\n<\/tbody>\n<\/table>\n<\/div>","protected":false},"excerpt":{"rendered":"<div class=\"product attribute overview\">\n<div class=\"value\">\n<div><strong>Le tapis de course NordicTrack X16 et l&#8217;abonnement iFIT Pro\u00a0<\/strong>sont dot\u00e9s d&#8217;une technologie qui met les r\u00e9sultats \u00e0 la port\u00e9e de tous. iFIT suit vos performances et ajuste automatiquement l&#8217;inclinaison de<strong>\u00a040 % \u00e0 une d\u00e9clinaison de -6 %, et la vitesse de 0 \u00e0 20 KM\/H, de sorte que chaque s\u00e9ance d&#8217;entra\u00eenement puisse se faire avec les mains libres et de fa\u00e7on personnalis\u00e9e.<\/strong><\/div>\n<\/div>\n<\/div>","protected":false},"featured_media":260,"comment_status":"open","ping_status":"closed","template":"","meta":[],"product_brand":[32],"product_cat":[17,18,20,19],"product_tag":[22,23],"class_list":{"0":"post-259","1":"product","2":"type-product","3":"status-publish","4":"has-post-thumbnail","6":"product_brand-nordictrack","7":"product_cat-bons-plans","8":"product_cat-promotions","9":"product_cat-tapis-de-course","10":"product_cat-training-fitness","11":"product_tag-tapis-de-course","12":"product_tag-tapis-de-course-bh","14":"first","15":"instock","16":"sale","17":"shipping-taxable","18":"purchasable","19":"product-type-simple"},"yoast_head":"<!-- This site is optimized with the Yoast SEO plugin v27.6 - https:\/\/yoast.com\/product\/yoast-seo-wordpress\/ -->\n<title>Tapis de Course NordicTrack X16 - Promotion - Vente d&#039;\u00c9lectrom\u00e9nager Neuf et Garanti \u00e0 Paris<\/title>\n<meta name=\"description\" content=\"Tapis de Course NordicTrack X16 - dot\u00e9s d&#039;une technologie qui met les r\u00e9sultats \u00e0 la port\u00e9e de tous. iFIT suit vos performances et ajuste automatiquement\" \/>\n<meta name=\"robots\" content=\"index, follow, max-snippet:-1, max-image-preview:large, max-video-preview:-1\" \/>\n<link rel=\"canonical\" href=\"https:\/\/espacemenager2000.fr\/en\/product\/tapis-de-course-nordictrack-x16-incline-trainer\/\" \/>\n<meta property=\"og:locale\" content=\"en_US\" \/>\n<meta property=\"og:type\" content=\"article\" \/>\n<meta property=\"og:title\" content=\"Tapis de Course NordicTrack X16 - Promotion - Vente d&#039;\u00c9lectrom\u00e9nager Neuf et Garanti \u00e0 Paris\" \/>\n<meta property=\"og:description\" content=\"Tapis de Course NordicTrack X16 - dot\u00e9s d&#039;une technologie qui met les r\u00e9sultats \u00e0 la port\u00e9e de tous. iFIT suit vos performances et ajuste automatiquement\" \/>\n<meta property=\"og:url\" content=\"https:\/\/espacemenager2000.fr\/en\/product\/tapis-de-course-nordictrack-x16-incline-trainer\/\" \/>\n<meta property=\"og:site_name\" content=\"Vente d&#039;\u00c9lectrom\u00e9nager Neuf et Garanti \u00e0 Paris\" \/>\n<meta property=\"article:publisher\" content=\"https:\/\/www.facebook.com\/p\/Espace-menager-2000-100068469618146\/\" \/>\n<meta property=\"article:modified_time\" content=\"2026-05-10T20:41:46+00:00\" \/>\n<meta property=\"og:image\" content=\"https:\/\/espacemenager2000.fr\/wp-content\/uploads\/2026\/05\/NordicTrack-X16-Incline-Trainer-.jpg\" \/>\n\t<meta property=\"og:image:width\" content=\"800\" \/>\n\t<meta property=\"og:image:height\" content=\"800\" \/>\n\t<meta property=\"og:image:type\" content=\"image\/jpeg\" \/>\n<meta name=\"twitter:card\" content=\"summary_large_image\" \/>\n<meta name=\"twitter:label1\" content=\"Est. reading time\" \/>\n\t<meta name=\"twitter:data1\" content=\"9 minutes\" \/>\n<script type=\"application\/ld+json\" class=\"yoast-schema-graph\">{\"@context\":\"https:\\\/\\\/schema.org\",\"@graph\":[{\"@type\":\"WebPage\",\"@id\":\"https:\\\/\\\/espacemenager2000.fr\\\/produit\\\/tapis-de-course-nordictrack-x16-incline-trainer\\\/\",\"url\":\"https:\\\/\\\/espacemenager2000.fr\\\/produit\\\/tapis-de-course-nordictrack-x16-incline-trainer\\\/\",\"name\":\"Tapis de Course NordicTrack X16 - Promotion - Vente d&#039;\u00c9lectrom\u00e9nager Neuf et Garanti \u00e0 Paris\",\"isPartOf\":{\"@id\":\"https:\\\/\\\/espacemenager2000.fr\\\/#website\"},\"primaryImageOfPage\":{\"@id\":\"https:\\\/\\\/espacemenager2000.fr\\\/produit\\\/tapis-de-course-nordictrack-x16-incline-trainer\\\/#primaryimage\"},\"image\":{\"@id\":\"https:\\\/\\\/espacemenager2000.fr\\\/produit\\\/tapis-de-course-nordictrack-x16-incline-trainer\\\/#primaryimage\"},\"thumbnailUrl\":\"https:\\\/\\\/espacemenager2000.fr\\\/wp-content\\\/uploads\\\/2026\\\/05\\\/NordicTrack-X16-Incline-Trainer-.jpg\",\"datePublished\":\"2025-12-22T16:10:49+00:00\",\"dateModified\":\"2026-05-10T20:41:46+00:00\",\"description\":\"Tapis de Course NordicTrack X16 - dot\u00e9s d'une technologie qui met les r\u00e9sultats \u00e0 la port\u00e9e de tous. iFIT suit vos performances et ajuste automatiquement\",\"breadcrumb\":{\"@id\":\"https:\\\/\\\/espacemenager2000.fr\\\/produit\\\/tapis-de-course-nordictrack-x16-incline-trainer\\\/#breadcrumb\"},\"inLanguage\":\"en-US\",\"potentialAction\":[{\"@type\":\"ReadAction\",\"target\":[\"https:\\\/\\\/espacemenager2000.fr\\\/produit\\\/tapis-de-course-nordictrack-x16-incline-trainer\\\/\"]}]},{\"@type\":\"ImageObject\",\"inLanguage\":\"en-US\",\"@id\":\"https:\\\/\\\/espacemenager2000.fr\\\/produit\\\/tapis-de-course-nordictrack-x16-incline-trainer\\\/#primaryimage\",\"url\":\"https:\\\/\\\/espacemenager2000.fr\\\/wp-content\\\/uploads\\\/2026\\\/05\\\/NordicTrack-X16-Incline-Trainer-.jpg\",\"contentUrl\":\"https:\\\/\\\/espacemenager2000.fr\\\/wp-content\\\/uploads\\\/2026\\\/05\\\/NordicTrack-X16-Incline-Trainer-.jpg\",\"width\":800,\"height\":800},{\"@type\":\"BreadcrumbList\",\"@id\":\"https:\\\/\\\/espacemenager2000.fr\\\/produit\\\/tapis-de-course-nordictrack-x16-incline-trainer\\\/#breadcrumb\",\"itemListElement\":[{\"@type\":\"ListItem\",\"position\":1,\"name\":\"Accueil\",\"item\":\"https:\\\/\\\/espacemenager2000.fr\\\/\"},{\"@type\":\"ListItem\",\"position\":2,\"name\":\"Boutique\",\"item\":\"https:\\\/\\\/espacemenager2000.fr\\\/boutique\\\/\"},{\"@type\":\"ListItem\",\"position\":3,\"name\":\"Tapis de Course NordicTrack X16 Incline Trainer\"}]},{\"@type\":\"WebSite\",\"@id\":\"https:\\\/\\\/espacemenager2000.fr\\\/#website\",\"url\":\"https:\\\/\\\/espacemenager2000.fr\\\/\",\"name\":\"Espace Menager 2000\",\"description\":\"Expert en \u00e9lectrom\u00e9nager depuis 2001, Espace M\u00e9nager 2000 vous propose une large gamme de produits : lave-linge, r\u00e9frig\u00e9rateurs, \u00e9lectronique et fitness. Profitez de notre savoir-faire en vente, r\u00e9paration et d\u00e9pannage. Livraison rapide dans toute la zone Euro. Qualit\u00e9 et service garantis.\",\"publisher\":{\"@id\":\"https:\\\/\\\/espacemenager2000.fr\\\/#organization\"},\"potentialAction\":[{\"@type\":\"SearchAction\",\"target\":{\"@type\":\"EntryPoint\",\"urlTemplate\":\"https:\\\/\\\/espacemenager2000.fr\\\/?s={search_term_string}\"},\"query-input\":{\"@type\":\"PropertyValueSpecification\",\"valueRequired\":true,\"valueName\":\"search_term_string\"}}],\"inLanguage\":\"en-US\"},{\"@type\":\"Organization\",\"@id\":\"https:\\\/\\\/espacemenager2000.fr\\\/#organization\",\"name\":\"Espace Menager 2000\",\"url\":\"https:\\\/\\\/espacemenager2000.fr\\\/\",\"logo\":{\"@type\":\"ImageObject\",\"inLanguage\":\"en-US\",\"@id\":\"https:\\\/\\\/espacemenager2000.fr\\\/#\\\/schema\\\/logo\\\/image\\\/\",\"url\":\"https:\\\/\\\/espacemenager2000.fr\\\/wp-content\\\/uploads\\\/2026\\\/05\\\/Fav-Em2000.png\",\"contentUrl\":\"https:\\\/\\\/espacemenager2000.fr\\\/wp-content\\\/uploads\\\/2026\\\/05\\\/Fav-Em2000.png\",\"width\":369,\"height\":369,\"caption\":\"Espace Menager 2000\"},\"image\":{\"@id\":\"https:\\\/\\\/espacemenager2000.fr\\\/#\\\/schema\\\/logo\\\/image\\\/\"},\"sameAs\":[\"https:\\\/\\\/www.facebook.com\\\/p\\\/Espace-menager-2000-100068469618146\\\/\"]}]}<\/script>\n<!-- \/ Yoast SEO plugin. -->","yoast_head_json":{"title":"Tapis de Course NordicTrack X16 - Promotion - Vente d&#039;\u00c9lectrom\u00e9nager Neuf et Garanti \u00e0 Paris","description":"Tapis de Course NordicTrack X16 - dot\u00e9s d'une technologie qui met les r\u00e9sultats \u00e0 la port\u00e9e de tous. iFIT suit vos performances et ajuste automatiquement","robots":{"index":"index","follow":"follow","max-snippet":"max-snippet:-1","max-image-preview":"max-image-preview:large","max-video-preview":"max-video-preview:-1"},"canonical":"https:\/\/espacemenager2000.fr\/en\/product\/tapis-de-course-nordictrack-x16-incline-trainer\/","og_locale":"en_US","og_type":"article","og_title":"Tapis de Course NordicTrack X16 - Promotion - Vente d&#039;\u00c9lectrom\u00e9nager Neuf et Garanti \u00e0 Paris","og_description":"Tapis de Course NordicTrack X16 - dot\u00e9s d'une technologie qui met les r\u00e9sultats \u00e0 la port\u00e9e de tous. iFIT suit vos performances et ajuste automatiquement","og_url":"https:\/\/espacemenager2000.fr\/en\/product\/tapis-de-course-nordictrack-x16-incline-trainer\/","og_site_name":"Vente d&#039;\u00c9lectrom\u00e9nager Neuf et Garanti \u00e0 Paris","article_publisher":"https:\/\/www.facebook.com\/p\/Espace-menager-2000-100068469618146\/","article_modified_time":"2026-05-10T20:41:46+00:00","og_image":[{"width":800,"height":800,"url":"https:\/\/espacemenager2000.fr\/wp-content\/uploads\/2026\/05\/NordicTrack-X16-Incline-Trainer-.jpg","type":"image\/jpeg"}],"twitter_card":"summary_large_image","twitter_misc":{"Est. reading time":"9 minutes"},"schema":{"@context":"https:\/\/schema.org","@graph":[{"@type":"WebPage","@id":"https:\/\/espacemenager2000.fr\/produit\/tapis-de-course-nordictrack-x16-incline-trainer\/","url":"https:\/\/espacemenager2000.fr\/produit\/tapis-de-course-nordictrack-x16-incline-trainer\/","name":"Tapis de Course NordicTrack X16 - Promotion - Vente d&#039;\u00c9lectrom\u00e9nager Neuf et Garanti \u00e0 Paris","isPartOf":{"@id":"https:\/\/espacemenager2000.fr\/#website"},"primaryImageOfPage":{"@id":"https:\/\/espacemenager2000.fr\/produit\/tapis-de-course-nordictrack-x16-incline-trainer\/#primaryimage"},"image":{"@id":"https:\/\/espacemenager2000.fr\/produit\/tapis-de-course-nordictrack-x16-incline-trainer\/#primaryimage"},"thumbnailUrl":"https:\/\/espacemenager2000.fr\/wp-content\/uploads\/2026\/05\/NordicTrack-X16-Incline-Trainer-.jpg","datePublished":"2025-12-22T16:10:49+00:00","dateModified":"2026-05-10T20:41:46+00:00","description":"Tapis de Course NordicTrack X16 - dot\u00e9s d'une technologie qui met les r\u00e9sultats \u00e0 la port\u00e9e de tous. iFIT suit vos performances et ajuste automatiquement","breadcrumb":{"@id":"https:\/\/espacemenager2000.fr\/produit\/tapis-de-course-nordictrack-x16-incline-trainer\/#breadcrumb"},"inLanguage":"en-US","potentialAction":[{"@type":"ReadAction","target":["https:\/\/espacemenager2000.fr\/produit\/tapis-de-course-nordictrack-x16-incline-trainer\/"]}]},{"@type":"ImageObject","inLanguage":"en-US","@id":"https:\/\/espacemenager2000.fr\/produit\/tapis-de-course-nordictrack-x16-incline-trainer\/#primaryimage","url":"https:\/\/espacemenager2000.fr\/wp-content\/uploads\/2026\/05\/NordicTrack-X16-Incline-Trainer-.jpg","contentUrl":"https:\/\/espacemenager2000.fr\/wp-content\/uploads\/2026\/05\/NordicTrack-X16-Incline-Trainer-.jpg","width":800,"height":800},{"@type":"BreadcrumbList","@id":"https:\/\/espacemenager2000.fr\/produit\/tapis-de-course-nordictrack-x16-incline-trainer\/#breadcrumb","itemListElement":[{"@type":"ListItem","position":1,"name":"Accueil","item":"https:\/\/espacemenager2000.fr\/"},{"@type":"ListItem","position":2,"name":"Boutique","item":"https:\/\/espacemenager2000.fr\/boutique\/"},{"@type":"ListItem","position":3,"name":"Tapis de Course NordicTrack X16 Incline Trainer"}]},{"@type":"WebSite","@id":"https:\/\/espacemenager2000.fr\/#website","url":"https:\/\/espacemenager2000.fr\/","name":"Espace Menager 2000","description":"Expert en \u00e9lectrom\u00e9nager depuis 2001, Espace M\u00e9nager 2000 vous propose une large gamme de produits : lave-linge, r\u00e9frig\u00e9rateurs, \u00e9lectronique et fitness. Profitez de notre savoir-faire en vente, r\u00e9paration et d\u00e9pannage. Livraison rapide dans toute la zone Euro. Qualit\u00e9 et service garantis.","publisher":{"@id":"https:\/\/espacemenager2000.fr\/#organization"},"potentialAction":[{"@type":"SearchAction","target":{"@type":"EntryPoint","urlTemplate":"https:\/\/espacemenager2000.fr\/?s={search_term_string}"},"query-input":{"@type":"PropertyValueSpecification","valueRequired":true,"valueName":"search_term_string"}}],"inLanguage":"en-US"},{"@type":"Organization","@id":"https:\/\/espacemenager2000.fr\/#organization","name":"Espace Menager 2000","url":"https:\/\/espacemenager2000.fr\/","logo":{"@type":"ImageObject","inLanguage":"en-US","@id":"https:\/\/espacemenager2000.fr\/#\/schema\/logo\/image\/","url":"https:\/\/espacemenager2000.fr\/wp-content\/uploads\/2026\/05\/Fav-Em2000.png","contentUrl":"https:\/\/espacemenager2000.fr\/wp-content\/uploads\/2026\/05\/Fav-Em2000.png","width":369,"height":369,"caption":"Espace Menager 2000"},"image":{"@id":"https:\/\/espacemenager2000.fr\/#\/schema\/logo\/image\/"},"sameAs":["https:\/\/www.facebook.com\/p\/Espace-menager-2000-100068469618146\/"]}]}},"_links":{"self":[{"href":"https:\/\/espacemenager2000.fr\/en\/wp-json\/wp\/v2\/product\/259","targetHints":{"allow":["GET"]}}],"collection":[{"href":"https:\/\/espacemenager2000.fr\/en\/wp-json\/wp\/v2\/product"}],"about":[{"href":"https:\/\/espacemenager2000.fr\/en\/wp-json\/wp\/v2\/types\/product"}],"replies":[{"embeddable":true,"href":"https:\/\/espacemenager2000.fr\/en\/wp-json\/wp\/v2\/comments?post=259"}],"wp:featuredmedia":[{"embeddable":true,"href":"https:\/\/espacemenager2000.fr\/en\/wp-json\/wp\/v2\/media\/260"}],"wp:attachment":[{"href":"https:\/\/espacemenager2000.fr\/en\/wp-json\/wp\/v2\/media?parent=259"}],"wp:term":[{"taxonomy":"product_brand","embeddable":true,"href":"https:\/\/espacemenager2000.fr\/en\/wp-json\/wp\/v2\/product_brand?post=259"},{"taxonomy":"product_cat","embeddable":true,"href":"https:\/\/espacemenager2000.fr\/en\/wp-json\/wp\/v2\/product_cat?post=259"},{"taxonomy":"product_tag","embeddable":true,"href":"https:\/\/espacemenager2000.fr\/en\/wp-json\/wp\/v2\/product_tag?post=259"}],"curies":[{"name":"wp","href":"https:\/\/api.w.org\/{rel}","templated":true}]}}