{"id":245,"date":"2025-12-22T16:10:49","date_gmt":"2025-12-22T16:10:49","guid":{"rendered":"https:\/\/espacemenager2000.fr\/?post_type=product&#038;p=245"},"modified":"2026-05-10T20:41:45","modified_gmt":"2026-05-10T20:41:45","slug":"tapis-de-course-nordictrack-t-series-8","status":"publish","type":"product","link":"https:\/\/espacemenager2000.fr\/en\/product\/tapis-de-course-nordictrack-t-series-8\/","title":{"rendered":"Tapis de Course NordicTrack T Series 8"},"content":{"rendered":"<h2>Tapis de Course NordicTrack T Series 8<\/h2>\n<div><strong>Le tapis de course NordicTrack Commercial T Series 8 ou Tapis de Course NordicTrack T Series 8 <\/strong>et l&#8217;abonnement iFIT TRAIN sont dot\u00e9s d&#8217;une technologie qui met les r\u00e9sultats \u00e0 la port\u00e9e de tous.<strong>\u00a0L&#8217;abonnement iFIT TRAIN d\u00e9bloque l&#8217;exp\u00e9rience iFIT sur les \u00e9quipements NordicTrack et ProForm sans \u00e9cran tactile. iFIT TRAIN est uniquement disponible sur mobile et tablette.\u00a0<\/strong><\/div>\n<h3 style=\"font-weight: 400;\">Caract\u00e9ristiques Tapis de Course NordicTrack T Series 8<\/h3>\n<p><b><strong>Le tapis de course NordicTrack Commercial T Series 8\u00a0<\/strong><\/b>et l&#8217;abonnement iFIT TRAIN sont dot\u00e9s d&#8217;une technologie qui met les r\u00e9sultats \u00e0 la port\u00e9e de tous.<b><strong>\u00a0L&#8217;abonnement iFIT TRAIN d\u00e9bloque l&#8217;exp\u00e9rience iFIT sur les \u00e9quipements NordicTrack et ProForm sans \u00e9cran tactile. iFIT TRAIN est uniquement disponible sur mobile et tablette.\u00a0<\/strong><\/b><\/p>\n<p><b><strong>Le tapis de course NordicTrack Commercial T Series 8 et l&#8217;abonnement iFIT Train\u00a0<\/strong><\/b>sont dot\u00e9s d&#8217;une technologie qui met les r\u00e9sultats \u00e0 la port\u00e9e de tous. iFIT suit vos performances et ajuste automatiquement l&#8217;inclinaison de\u00a0<b><strong>12 % \u00e0 0 %, ainsi que la vitesse de 0 \u00e0 20 km\/h,<\/strong><\/b>\u00a0de sorte que chaque s\u00e9ance d&#8217;entra\u00eenement puisse se faire les mains libres et de fa\u00e7on personnalis\u00e9e.<\/p>\n<p>L&#8217;amorti RunFlex\u2122 imite la randonn\u00e9e, la marche, la course et le jogging en ext\u00e9rieur, afin que vous soyez mieux pr\u00e9par\u00e9 \u00e0 progresser en plein air. iFIT est la plus grande biblioth\u00e8que de vid\u00e9os d&#8217;entra\u00eenements film\u00e9es en plein air \u00e0 travers le monde, avec plus de 10 000 entra\u00eenements men\u00e9s par des athl\u00e8tes et des coachs certifi\u00e9s.<\/p>\n<p>Il se plie et se d\u00e9place facilement pour optimiser l&#8217;espace de votre pi\u00e8ce. Avec iFIT, ce tapis de course est plus qu&#8217;un simple tapis de course. Il devient un outil d&#8217;entra\u00eenement personnel efficace pour obtenir de vrais r\u00e9sultats.<\/p>\n<h3><b><strong>Points cl\u00e9s<\/strong><\/b><\/h3>\n<ul>\n<li><b><strong>ActivePulse\u2122 ajuste l&#8217;intensit\u00e9 automatiquement. Pour le tapis de course uniquement. L&#8217;amorti RunFlex\u2122 est con\u00e7u pour absorber les impacts et assurer la stabilit\u00e9<\/strong><\/b><\/li>\n<li><b><strong>La vitesse de 0 \u00e0 20 km\/h, l&#8217;inclinaison de 12 % et la d\u00e9clivit\u00e9 de 0 % soutiennent vos objectifs et vos plans d&#8217;entra\u00eenement<\/strong><\/b><\/li>\n<li><b><strong>Pliez et d\u00e9placez facilement le tapis de course pour optimiser votre espace<\/strong><\/b><\/li>\n<li><b><strong>Avec un \u00e9cran de 7 pouces, vous pouvez \u00e9galement utiliser votre propre appareil sur le support pour suivre les entra\u00eenements iFIT<\/strong><\/b><\/li>\n<\/ul>\n<h4><b><strong>Caract\u00e9ristiques NordicTrack T Series 8<\/strong><\/b><\/h4>\n<h5><b><strong>D\u00e9velopp\u00e9 par iFIT<\/strong><\/b><\/h5>\n<p>Explorez tout le potentiel de NordicTrack avec iFIT &#8211; acc\u00e9dez \u00e0 plus de 10 000 s\u00e9ances d&#8217;entra\u00eenement et des fonctions intelligentes pour une exp\u00e9rience personnalis\u00e9e. B\u00e9n\u00e9ficiez d&#8217;entra\u00eenements par des coachs iFIT experts, lors de s\u00e9ances dans le monde entier qui s&#8217;adaptent \u00e0 votre niveau de forme et \u00e0 vos objectifs gr\u00e2ce \u00e0 notre technologie SmartAdjust\u2122 (abonnement iFIT n\u00e9cessaire).<\/p>\n<h4><b><strong>*D\u00e9couvrez iFIT Train avec un essai gratuit de 1 mois. R\u00e9serv\u00e9 aux nouveaux utilisateurs.<\/strong><\/b><\/h4>\n<h5><b><strong>ActivePulse\u2122<\/strong><\/b><\/h5>\n<p>Progressez avec un entra\u00eenement intelligent bas\u00e9 sur la fr\u00e9quence cardiaque. ActivePulse\u2122 utilise les informations relatives \u00e0 votre fr\u00e9quence cardiaque pour ajuster automatiquement la vitesse, l&#8217;inclinaison et la r\u00e9sistance de l&#8217;entra\u00eenement afin de vous maintenir dans la bonne zone de fr\u00e9quence cardiaque.<\/p>\n<p>Enfin, un syst\u00e8me intelligent qui \u00e9limine les approximations et garantit un entra\u00eenement pr\u00e9cis bas\u00e9 sur la fr\u00e9quence cardiaque. Gr\u00e2ce \u00e0 un moniteur de fr\u00e9quence cardiaque ActivePulse\u2122, vous pouvez ajuster automatiquement la vitesse et l&#8217;inclinaison pour rester dans votre zone cible.<\/p>\n<h5><b><strong>0-20 km\/h<\/strong><\/b><\/h5>\n<p>0-20 km\/h signifie que vous pouvez courir jusqu&#8217;\u00e0 un kilom\u00e8tre en seulement 3:07 sur votre tapis de course.* Choisissez la vitesse qui vous convient le mieux ou iFIT peut contr\u00f4ler votre vitesse automatiquement pour une exp\u00e9rience immersive et mains libres.<\/p>\n<h5><b><strong>Amorti RunFlex\u2122<\/strong><\/b><\/h5>\n<p>L&#8217;amorti RunFlex\u2122 est con\u00e7u pour absorber les impacts et assurer la stabilit\u00e9 afin que vous puissiez aller plus loin. Que vous fassiez du sprint, de la marche inclin\u00e9e ou du jogging, l&#8217;amorti de la bande course est l\u00e0 pour vous soutenir.<\/p>\n<h5><b><strong>Pliable et compact<\/strong><\/b><\/h5>\n<p>Pliez et d\u00e9placez facilement le tapis de course pour optimiser l&#8217;espace de votre pi\u00e8ce. Lorsque vous \u00eates pr\u00eat \u00e0 vous entra\u00eener, d&#8217;une simple pression du pied, appuyez sur la barre noire et le tapis de course se d\u00e9pliera de lui-m\u00eame jusqu&#8217;au sol.<\/p>\n<h5><b><strong>Inclinaison de 0% \u00e0 +12%<\/strong><\/b><\/h5>\n<p>L&#8217;inclinaison de 0% \u00e0 +12% favorise la r\u00e9alisation de vos objectifs et de vos plans d&#8217;entra\u00eenement. Entra\u00eenez-vous pour un 5km, un marathon, de longues randonn\u00e9es et bien plus encore&#8230; La large amplitude d&#8217;inclinaison et de d\u00e9clinaison vous aide \u00e0 cibler davantage de groupes musculaires pour entra\u00eener votre corps \u00e0 marcher, trottiner, randonner et courir sur n&#8217;importe quelle distance ou d\u00e9nivel\u00e9.<\/p>\n<h5><b><strong>\u00c9cran LCD de 7&#8243; et support de tablette<\/strong><\/b><\/h5>\n<p>Consultez vos statistiques d&#8217;entra\u00eenement en direct sur un \u00e9cran de 7 pouces (17,8 cm). Vous pouvez \u00e9galement connecter votre propre appareil \u00e0 iFIT et le poser sur la tablette de l&#8217;\u00e9quipement pour suivre les coachs iFIT lors de s\u00e9ances d&#8217;entra\u00eenement dans le monde entier.<\/p>\n<h5><b><strong>Applications tierces<\/strong><\/b><\/h5>\n<p>iFIT se synchronise avec Strava, Garmin, Google Fit et Apple Health, ce qui vous permet de stocker toutes vos donn\u00e9es de fitness en un seul endroit. Suivez chaque pas, chaque calorie et chaque s\u00e9ance d&#8217;entra\u00eenement pour conna\u00eetre vos progr\u00e8s et savoir si vous \u00eates proche d&#8217;atteindre vos objectifs.<\/p>\n<p><b><strong>*Allure estim\u00e9e bas\u00e9e sur la vitesse maximale du tapis mesur\u00e9e dans des conditions contr\u00f4l\u00e9es.<\/strong><\/b><\/p>\n<h4><b><strong>Entra\u00eenez-vous avec iFIT , le monde intelligent du fitness<\/strong><\/b><\/h4>\n<h5><b><strong>Options d&#8217;entra\u00eenement infinies<\/strong><\/b><\/h5>\n<p>Oubliez l&#8217;ennui gr\u00e2ce \u00e0 une grande vari\u00e9t\u00e9 d&#8217;exp\u00e9riences d&#8217;entra\u00eenement. Des s\u00e9ances en groupe aux entra\u00eenements globaux, en passant par les options d&#8217;entra\u00eenement crois\u00e9 telles que le yoga et la musculation compl\u00e8te. Nos entra\u00eeneurs de classe mondiale vous offriront une vari\u00e9t\u00e9 de possibilit\u00e9s. Des milliers de s\u00e9ances d&#8217;entra\u00eenement disponibles dans toutes les langues.<\/p>\n<h5><b><\/b><b><strong>Embarquez pour un parcours de remise en forme personnalis\u00e9<\/strong><\/b><\/h5>\n<p>Les s\u00e9ries progressives d&#8217; iFIT sont con\u00e7ues pour vous maintenir sur la bonne voie pendant des semaines et des mois afin de vous aider \u00e0 prendre des habitudes et \u00e0 obtenir des r\u00e9sultats avec des entra\u00eeneurs experts dans les plus beaux endroits du monde.<\/p>\n<p><b><strong>Exp\u00e9rience iFIT<\/strong><\/b><\/p>\n<p>Sur les \u00e9quipements compatibles iFIT , votre tapis de course, votre v\u00e9lo, votre rameur ou votre v\u00e9lo elliptique suivra automatiquement votre entra\u00eeneur iFIT . Il s&#8217;agit d&#8217;un voyage de remise en forme immersif \u00e0 travers des lieux et des cultures \u00e0 couper le souffle.<\/p>\n<p>L&#8217;application iFIT * contient une biblioth\u00e8que croissante d&#8217;entra\u00eenements dans toutes les langues, \u00e0 la fois sur et hors de votre ordinateur. O\u00f9 que vous soyez, vous b\u00e9n\u00e9ficierez toujours de l&#8217;exp\u00e9rience iFIT compl\u00e8te, avec des exercices de poids corporel, de yoga, d&#8217;entra\u00eenement crois\u00e9 et des s\u00e9ances d&#8217;entra\u00eenement en direct.<\/p>\n<p>&nbsp;<\/p>\n<p><b><strong>*Vous devez \u00eatre un membre iFIT Train pour acc\u00e9der au contenu complet et aux fonctionnalit\u00e9s de l&#8217;\u00e9quipement, vous pouvez les ajouter \u00e0 votre commande\u00a0Training Apps | fitnessdigital<\/strong><\/b><\/p>\n<p><b><strong>Poids et mesures<\/strong><\/b><b><strong>\u00a0NordicTrack T Series 8<\/strong><\/b><\/p>\n<table>\n<tbody>\n<tr>\n<td>Conception SpaceSaver\u00ae + support EasyLift\u2122<\/td>\n<td>\u2714\ufe0f<\/td>\n<\/tr>\n<tr>\n<td>Dimensions du produit assembl\u00e9<\/td>\n<td>191cm x 87cm x 148cm<\/td>\n<\/tr>\n<tr>\n<td>Dimensions du produit pli\u00e9<\/td>\n<td>104cm x 87cm x 174cm<\/td>\n<\/tr>\n<tr>\n<td>Poids maximum de l&#8217;utilisateur<\/td>\n<td>147kg<\/td>\n<\/tr>\n<\/tbody>\n<\/table>\n<p><b><strong>Informations techniques<\/strong><\/b><b><strong>\u00a0NordicTrack T Series 8<\/strong><\/b><\/p>\n<table>\n<tbody>\n<tr>\n<td>\u00c9cran<\/td>\n<td>7 pouces LCD<\/td>\n<\/tr>\n<tr>\n<td>Surface de roulement<\/td>\n<td>152 x 51cm<\/td>\n<\/tr>\n<tr>\n<td>Inclinaison maximale<\/td>\n<td>12%<\/td>\n<\/tr>\n<tr>\n<td>Declinaison maximale<\/td>\n<td>0%<\/td>\n<\/tr>\n<tr>\n<td>Vitesse maximale<\/td>\n<td>0-20km\/h<\/td>\n<\/tr>\n<tr>\n<td>Moteur<\/td>\n<td>3CV<\/td>\n<\/tr>\n<tr>\n<td>Possibilit\u00e9 de pliage<\/td>\n<td>\u2714\ufe0f<\/td>\n<\/tr>\n<tr>\n<td>Dimensions dans la bo\u00eete<\/td>\n<td>207 x 84.3cm<\/td>\n<\/tr>\n<tr>\n<td>Poids en bo\u00eete<\/td>\n<td>113.3kg<\/td>\n<\/tr>\n<tr>\n<td>ActivePulse<\/td>\n<td>\u2714\ufe0f<\/td>\n<\/tr>\n<tr>\n<td>Smart Adjust<\/td>\n<td>\u2714\ufe0f<\/td>\n<\/tr>\n<tr>\n<td>Amortissement<\/td>\n<td>SelectFlex\u2122<\/td>\n<\/tr>\n<tr>\n<td>Ventilateur<\/td>\n<td>\u2714\ufe0f<\/td>\n<\/tr>\n<tr>\n<td>Audio<\/td>\n<td>Deux haut-parleurs de 2 pouces \u00e0 amplification num\u00e9rique. Connectivit\u00e9 casque Bluetooth<\/td>\n<\/tr>\n<tr>\n<td>USB-C Port<\/td>\n<td>Oui (chargeur de l&#8217;appareil)<\/td>\n<\/tr>\n<\/tbody>\n<\/table>\n<p>&nbsp;<\/p>","protected":false},"excerpt":{"rendered":"<div class=\"product attribute overview\">\n<div class=\"value\">\n<div><strong>Le tapis de course NordicTrack Commercial T Series 8\u00a0<\/strong>et l&#8217;abonnement iFIT TRAIN sont dot\u00e9s d&#8217;une technologie qui met les r\u00e9sultats \u00e0 la port\u00e9e de tous.<strong>\u00a0L&#8217;abonnement iFIT TRAIN d\u00e9bloque l&#8217;exp\u00e9rience iFIT sur les \u00e9quipements NordicTrack et ProForm sans \u00e9cran tactile. iFIT TRAIN est uniquement disponible sur mobile et tablette.\u00a0<\/strong><\/div>\n<\/div>\n<\/div>","protected":false},"featured_media":246,"comment_status":"open","ping_status":"closed","template":"","meta":[],"product_brand":[32],"product_cat":[17,18,20,19],"product_tag":[22,23],"class_list":{"0":"post-245","1":"product","2":"type-product","3":"status-publish","4":"has-post-thumbnail","6":"product_brand-nordictrack","7":"product_cat-bons-plans","8":"product_cat-promotions","9":"product_cat-tapis-de-course","10":"product_cat-training-fitness","11":"product_tag-tapis-de-course","12":"product_tag-tapis-de-course-bh","14":"first","15":"instock","16":"sale","17":"shipping-taxable","18":"purchasable","19":"product-type-simple"},"yoast_head":"<!-- This site is optimized with the Yoast SEO plugin v27.6 - https:\/\/yoast.com\/product\/yoast-seo-wordpress\/ -->\n<title>Tapis de Course NordicTrack T Series 8 - Promotion - Vente d&#039;\u00c9lectrom\u00e9nager Neuf et Garanti \u00e0 Paris<\/title>\n<meta name=\"description\" content=\"Tapis de Course NordicTrack T Series 8 - Dimensions du produit assembl\u00e9 191cm x 87cm x 148cm - Dimensions du produit pli\u00e9 104cm x 87cm x 174cm\" \/>\n<meta name=\"robots\" content=\"index, follow, max-snippet:-1, max-image-preview:large, max-video-preview:-1\" \/>\n<link rel=\"canonical\" href=\"https:\/\/espacemenager2000.fr\/en\/product\/tapis-de-course-nordictrack-t-series-8\/\" \/>\n<meta property=\"og:locale\" content=\"en_US\" \/>\n<meta property=\"og:type\" content=\"article\" \/>\n<meta property=\"og:title\" content=\"Tapis de Course NordicTrack T Series 8 - Promotion - Vente d&#039;\u00c9lectrom\u00e9nager Neuf et Garanti \u00e0 Paris\" \/>\n<meta property=\"og:description\" content=\"Tapis de Course NordicTrack T Series 8 - Dimensions du produit assembl\u00e9 191cm x 87cm x 148cm - Dimensions du produit pli\u00e9 104cm x 87cm x 174cm\" \/>\n<meta property=\"og:url\" content=\"https:\/\/espacemenager2000.fr\/en\/product\/tapis-de-course-nordictrack-t-series-8\/\" \/>\n<meta property=\"og:site_name\" content=\"Vente d&#039;\u00c9lectrom\u00e9nager Neuf et Garanti \u00e0 Paris\" \/>\n<meta property=\"article:publisher\" content=\"https:\/\/www.facebook.com\/p\/Espace-menager-2000-100068469618146\/\" \/>\n<meta property=\"article:modified_time\" content=\"2026-05-10T20:41:45+00:00\" \/>\n<meta property=\"og:image\" content=\"https:\/\/espacemenager2000.fr\/wp-content\/uploads\/2026\/05\/Tapis-de-Course-NordicTrack-T-Series-8-.jpg\" \/>\n\t<meta property=\"og:image:width\" content=\"800\" \/>\n\t<meta property=\"og:image:height\" content=\"800\" \/>\n\t<meta property=\"og:image:type\" content=\"image\/jpeg\" \/>\n<meta name=\"twitter:card\" content=\"summary_large_image\" \/>\n<meta name=\"twitter:label1\" content=\"Est. reading time\" \/>\n\t<meta name=\"twitter:data1\" content=\"8 minutes\" \/>\n<script type=\"application\/ld+json\" class=\"yoast-schema-graph\">{\"@context\":\"https:\\\/\\\/schema.org\",\"@graph\":[{\"@type\":\"WebPage\",\"@id\":\"https:\\\/\\\/espacemenager2000.fr\\\/produit\\\/tapis-de-course-nordictrack-t-series-8\\\/\",\"url\":\"https:\\\/\\\/espacemenager2000.fr\\\/produit\\\/tapis-de-course-nordictrack-t-series-8\\\/\",\"name\":\"Tapis de Course NordicTrack T Series 8 - Promotion - Vente d&#039;\u00c9lectrom\u00e9nager Neuf et Garanti \u00e0 Paris\",\"isPartOf\":{\"@id\":\"https:\\\/\\\/espacemenager2000.fr\\\/#website\"},\"primaryImageOfPage\":{\"@id\":\"https:\\\/\\\/espacemenager2000.fr\\\/produit\\\/tapis-de-course-nordictrack-t-series-8\\\/#primaryimage\"},\"image\":{\"@id\":\"https:\\\/\\\/espacemenager2000.fr\\\/produit\\\/tapis-de-course-nordictrack-t-series-8\\\/#primaryimage\"},\"thumbnailUrl\":\"https:\\\/\\\/espacemenager2000.fr\\\/wp-content\\\/uploads\\\/2026\\\/05\\\/Tapis-de-Course-NordicTrack-T-Series-8-.jpg\",\"datePublished\":\"2025-12-22T16:10:49+00:00\",\"dateModified\":\"2026-05-10T20:41:45+00:00\",\"description\":\"Tapis de Course NordicTrack T Series 8 - Dimensions du produit assembl\u00e9 191cm x 87cm x 148cm - Dimensions du produit pli\u00e9 104cm x 87cm x 174cm\",\"breadcrumb\":{\"@id\":\"https:\\\/\\\/espacemenager2000.fr\\\/produit\\\/tapis-de-course-nordictrack-t-series-8\\\/#breadcrumb\"},\"inLanguage\":\"en-US\",\"potentialAction\":[{\"@type\":\"ReadAction\",\"target\":[\"https:\\\/\\\/espacemenager2000.fr\\\/produit\\\/tapis-de-course-nordictrack-t-series-8\\\/\"]}]},{\"@type\":\"ImageObject\",\"inLanguage\":\"en-US\",\"@id\":\"https:\\\/\\\/espacemenager2000.fr\\\/produit\\\/tapis-de-course-nordictrack-t-series-8\\\/#primaryimage\",\"url\":\"https:\\\/\\\/espacemenager2000.fr\\\/wp-content\\\/uploads\\\/2026\\\/05\\\/Tapis-de-Course-NordicTrack-T-Series-8-.jpg\",\"contentUrl\":\"https:\\\/\\\/espacemenager2000.fr\\\/wp-content\\\/uploads\\\/2026\\\/05\\\/Tapis-de-Course-NordicTrack-T-Series-8-.jpg\",\"width\":800,\"height\":800},{\"@type\":\"BreadcrumbList\",\"@id\":\"https:\\\/\\\/espacemenager2000.fr\\\/produit\\\/tapis-de-course-nordictrack-t-series-8\\\/#breadcrumb\",\"itemListElement\":[{\"@type\":\"ListItem\",\"position\":1,\"name\":\"Accueil\",\"item\":\"https:\\\/\\\/espacemenager2000.fr\\\/\"},{\"@type\":\"ListItem\",\"position\":2,\"name\":\"Boutique\",\"item\":\"https:\\\/\\\/espacemenager2000.fr\\\/boutique\\\/\"},{\"@type\":\"ListItem\",\"position\":3,\"name\":\"Tapis de Course NordicTrack T Series 8\"}]},{\"@type\":\"WebSite\",\"@id\":\"https:\\\/\\\/espacemenager2000.fr\\\/#website\",\"url\":\"https:\\\/\\\/espacemenager2000.fr\\\/\",\"name\":\"Espace Menager 2000\",\"description\":\"Expert en \u00e9lectrom\u00e9nager depuis 2001, Espace M\u00e9nager 2000 vous propose une large gamme de produits : lave-linge, r\u00e9frig\u00e9rateurs, \u00e9lectronique et fitness. Profitez de notre savoir-faire en vente, r\u00e9paration et d\u00e9pannage. Livraison rapide dans toute la zone Euro. Qualit\u00e9 et service garantis.\",\"publisher\":{\"@id\":\"https:\\\/\\\/espacemenager2000.fr\\\/#organization\"},\"potentialAction\":[{\"@type\":\"SearchAction\",\"target\":{\"@type\":\"EntryPoint\",\"urlTemplate\":\"https:\\\/\\\/espacemenager2000.fr\\\/?s={search_term_string}\"},\"query-input\":{\"@type\":\"PropertyValueSpecification\",\"valueRequired\":true,\"valueName\":\"search_term_string\"}}],\"inLanguage\":\"en-US\"},{\"@type\":\"Organization\",\"@id\":\"https:\\\/\\\/espacemenager2000.fr\\\/#organization\",\"name\":\"Espace Menager 2000\",\"url\":\"https:\\\/\\\/espacemenager2000.fr\\\/\",\"logo\":{\"@type\":\"ImageObject\",\"inLanguage\":\"en-US\",\"@id\":\"https:\\\/\\\/espacemenager2000.fr\\\/#\\\/schema\\\/logo\\\/image\\\/\",\"url\":\"https:\\\/\\\/espacemenager2000.fr\\\/wp-content\\\/uploads\\\/2026\\\/05\\\/Fav-Em2000.png\",\"contentUrl\":\"https:\\\/\\\/espacemenager2000.fr\\\/wp-content\\\/uploads\\\/2026\\\/05\\\/Fav-Em2000.png\",\"width\":369,\"height\":369,\"caption\":\"Espace Menager 2000\"},\"image\":{\"@id\":\"https:\\\/\\\/espacemenager2000.fr\\\/#\\\/schema\\\/logo\\\/image\\\/\"},\"sameAs\":[\"https:\\\/\\\/www.facebook.com\\\/p\\\/Espace-menager-2000-100068469618146\\\/\"]}]}<\/script>\n<!-- \/ Yoast SEO plugin. -->","yoast_head_json":{"title":"Tapis de Course NordicTrack T Series 8 - Promotion - Vente d&#039;\u00c9lectrom\u00e9nager Neuf et Garanti \u00e0 Paris","description":"Tapis de Course NordicTrack T Series 8 - Dimensions du produit assembl\u00e9 191cm x 87cm x 148cm - Dimensions du produit pli\u00e9 104cm x 87cm x 174cm","robots":{"index":"index","follow":"follow","max-snippet":"max-snippet:-1","max-image-preview":"max-image-preview:large","max-video-preview":"max-video-preview:-1"},"canonical":"https:\/\/espacemenager2000.fr\/en\/product\/tapis-de-course-nordictrack-t-series-8\/","og_locale":"en_US","og_type":"article","og_title":"Tapis de Course NordicTrack T Series 8 - Promotion - Vente d&#039;\u00c9lectrom\u00e9nager Neuf et Garanti \u00e0 Paris","og_description":"Tapis de Course NordicTrack T Series 8 - Dimensions du produit assembl\u00e9 191cm x 87cm x 148cm - Dimensions du produit pli\u00e9 104cm x 87cm x 174cm","og_url":"https:\/\/espacemenager2000.fr\/en\/product\/tapis-de-course-nordictrack-t-series-8\/","og_site_name":"Vente d&#039;\u00c9lectrom\u00e9nager Neuf et Garanti \u00e0 Paris","article_publisher":"https:\/\/www.facebook.com\/p\/Espace-menager-2000-100068469618146\/","article_modified_time":"2026-05-10T20:41:45+00:00","og_image":[{"width":800,"height":800,"url":"https:\/\/espacemenager2000.fr\/wp-content\/uploads\/2026\/05\/Tapis-de-Course-NordicTrack-T-Series-8-.jpg","type":"image\/jpeg"}],"twitter_card":"summary_large_image","twitter_misc":{"Est. reading time":"8 minutes"},"schema":{"@context":"https:\/\/schema.org","@graph":[{"@type":"WebPage","@id":"https:\/\/espacemenager2000.fr\/produit\/tapis-de-course-nordictrack-t-series-8\/","url":"https:\/\/espacemenager2000.fr\/produit\/tapis-de-course-nordictrack-t-series-8\/","name":"Tapis de Course NordicTrack T Series 8 - Promotion - Vente d&#039;\u00c9lectrom\u00e9nager Neuf et Garanti \u00e0 Paris","isPartOf":{"@id":"https:\/\/espacemenager2000.fr\/#website"},"primaryImageOfPage":{"@id":"https:\/\/espacemenager2000.fr\/produit\/tapis-de-course-nordictrack-t-series-8\/#primaryimage"},"image":{"@id":"https:\/\/espacemenager2000.fr\/produit\/tapis-de-course-nordictrack-t-series-8\/#primaryimage"},"thumbnailUrl":"https:\/\/espacemenager2000.fr\/wp-content\/uploads\/2026\/05\/Tapis-de-Course-NordicTrack-T-Series-8-.jpg","datePublished":"2025-12-22T16:10:49+00:00","dateModified":"2026-05-10T20:41:45+00:00","description":"Tapis de Course NordicTrack T Series 8 - Dimensions du produit assembl\u00e9 191cm x 87cm x 148cm - Dimensions du produit pli\u00e9 104cm x 87cm x 174cm","breadcrumb":{"@id":"https:\/\/espacemenager2000.fr\/produit\/tapis-de-course-nordictrack-t-series-8\/#breadcrumb"},"inLanguage":"en-US","potentialAction":[{"@type":"ReadAction","target":["https:\/\/espacemenager2000.fr\/produit\/tapis-de-course-nordictrack-t-series-8\/"]}]},{"@type":"ImageObject","inLanguage":"en-US","@id":"https:\/\/espacemenager2000.fr\/produit\/tapis-de-course-nordictrack-t-series-8\/#primaryimage","url":"https:\/\/espacemenager2000.fr\/wp-content\/uploads\/2026\/05\/Tapis-de-Course-NordicTrack-T-Series-8-.jpg","contentUrl":"https:\/\/espacemenager2000.fr\/wp-content\/uploads\/2026\/05\/Tapis-de-Course-NordicTrack-T-Series-8-.jpg","width":800,"height":800},{"@type":"BreadcrumbList","@id":"https:\/\/espacemenager2000.fr\/produit\/tapis-de-course-nordictrack-t-series-8\/#breadcrumb","itemListElement":[{"@type":"ListItem","position":1,"name":"Accueil","item":"https:\/\/espacemenager2000.fr\/"},{"@type":"ListItem","position":2,"name":"Boutique","item":"https:\/\/espacemenager2000.fr\/boutique\/"},{"@type":"ListItem","position":3,"name":"Tapis de Course NordicTrack T Series 8"}]},{"@type":"WebSite","@id":"https:\/\/espacemenager2000.fr\/#website","url":"https:\/\/espacemenager2000.fr\/","name":"Espace Menager 2000","description":"Expert en \u00e9lectrom\u00e9nager depuis 2001, Espace M\u00e9nager 2000 vous propose une large gamme de produits : lave-linge, r\u00e9frig\u00e9rateurs, \u00e9lectronique et fitness. Profitez de notre savoir-faire en vente, r\u00e9paration et d\u00e9pannage. Livraison rapide dans toute la zone Euro. Qualit\u00e9 et service garantis.","publisher":{"@id":"https:\/\/espacemenager2000.fr\/#organization"},"potentialAction":[{"@type":"SearchAction","target":{"@type":"EntryPoint","urlTemplate":"https:\/\/espacemenager2000.fr\/?s={search_term_string}"},"query-input":{"@type":"PropertyValueSpecification","valueRequired":true,"valueName":"search_term_string"}}],"inLanguage":"en-US"},{"@type":"Organization","@id":"https:\/\/espacemenager2000.fr\/#organization","name":"Espace Menager 2000","url":"https:\/\/espacemenager2000.fr\/","logo":{"@type":"ImageObject","inLanguage":"en-US","@id":"https:\/\/espacemenager2000.fr\/#\/schema\/logo\/image\/","url":"https:\/\/espacemenager2000.fr\/wp-content\/uploads\/2026\/05\/Fav-Em2000.png","contentUrl":"https:\/\/espacemenager2000.fr\/wp-content\/uploads\/2026\/05\/Fav-Em2000.png","width":369,"height":369,"caption":"Espace Menager 2000"},"image":{"@id":"https:\/\/espacemenager2000.fr\/#\/schema\/logo\/image\/"},"sameAs":["https:\/\/www.facebook.com\/p\/Espace-menager-2000-100068469618146\/"]}]}},"_links":{"self":[{"href":"https:\/\/espacemenager2000.fr\/en\/wp-json\/wp\/v2\/product\/245","targetHints":{"allow":["GET"]}}],"collection":[{"href":"https:\/\/espacemenager2000.fr\/en\/wp-json\/wp\/v2\/product"}],"about":[{"href":"https:\/\/espacemenager2000.fr\/en\/wp-json\/wp\/v2\/types\/product"}],"replies":[{"embeddable":true,"href":"https:\/\/espacemenager2000.fr\/en\/wp-json\/wp\/v2\/comments?post=245"}],"wp:featuredmedia":[{"embeddable":true,"href":"https:\/\/espacemenager2000.fr\/en\/wp-json\/wp\/v2\/media\/246"}],"wp:attachment":[{"href":"https:\/\/espacemenager2000.fr\/en\/wp-json\/wp\/v2\/media?parent=245"}],"wp:term":[{"taxonomy":"product_brand","embeddable":true,"href":"https:\/\/espacemenager2000.fr\/en\/wp-json\/wp\/v2\/product_brand?post=245"},{"taxonomy":"product_cat","embeddable":true,"href":"https:\/\/espacemenager2000.fr\/en\/wp-json\/wp\/v2\/product_cat?post=245"},{"taxonomy":"product_tag","embeddable":true,"href":"https:\/\/espacemenager2000.fr\/en\/wp-json\/wp\/v2\/product_tag?post=245"}],"curies":[{"name":"wp","href":"https:\/\/api.w.org\/{rel}","templated":true}]}}