{"id":236,"date":"2025-12-22T16:10:49","date_gmt":"2025-12-22T16:10:49","guid":{"rendered":"https:\/\/espacemenager2000.fr\/?post_type=product&#038;p=236"},"modified":"2026-05-14T00:18:41","modified_gmt":"2026-05-14T00:18:41","slug":"tapis-de-course-nordictrack-commercial-1250","status":"publish","type":"product","link":"https:\/\/espacemenager2000.fr\/en\/product\/tapis-de-course-nordictrack-commercial-1250\/","title":{"rendered":"Tapis de course NordicTrack Commercial 1250"},"content":{"rendered":"<h2>Tapis de course NordicTrack Commercial 1250<\/h2>\n<p style=\"font-weight: 400;\">Le\u00a0<b><strong>tapis de course NordicTrack Commercial 1250<\/strong><\/b>\u00a0et l&#8217;abonnement iFIT Pro offrent une technologie qui rend les r\u00e9sultats accessibles \u00e0 tous. iFIT suit vos performances et\u00a0<b><strong>ajuste automatiquement l&#8217;inclinaison de 12 % \u00e0 la d\u00e9clinaison de -3 %<\/strong><\/b>, ainsi que la vitesse de 0 \u00e0 20 km\/h, pour que chaque entra\u00eenement soit mains libres et personnalis\u00e9 pour vous.\u00a0<b><strong>L&#8217;amorti RunFlex\u2122<\/strong><\/b>\u00a0imite la randonn\u00e9e, la marche, la course et le jogging en ext\u00e9rieur, afin que vous soyez mieux pr\u00e9par\u00e9 \u00e0 progresser en plein air.<\/p>\n<h3 style=\"font-weight: 400;\">Caract\u00e9ristiques Tapis de course NordicTrack Commercial 1250<\/h3>\n<p>Le\u00a0<b><strong>tapis de course NordicTrack Commercial 1250<\/strong><\/b>\u00a0et l&#8217;abonnement iFIT Pro offrent une technologie qui rend les r\u00e9sultats accessibles \u00e0 tous. iFIT suit vos performances et\u00a0<b><strong>ajuste automatiquement l&#8217;inclinaison de 12 % \u00e0 la d\u00e9clinaison de -3 %<\/strong><\/b>, ainsi que la vitesse de 0 \u00e0 20 km\/h, pour que chaque entra\u00eenement soit mains libres et personnalis\u00e9 pour vous.\u00a0<b><strong>L&#8217;amorti RunFlex\u2122<\/strong><\/b>\u00a0imite la randonn\u00e9e, la marche, la course et le jogging en ext\u00e9rieur, afin que vous soyez mieux pr\u00e9par\u00e9 \u00e0 progresser en plein air.<\/p>\n<h3><b><strong>Key Points<\/strong><\/b><\/h3>\n<ul>\n<li><b><strong>Conception pliante SpaceSaver pour une utilisation maximale de l&#8217;espace<\/strong><\/b><\/li>\n<li><b><strong>\u00c9cran tactile HD 10 \u00bb inclinable et pivotant que vous pouvez faire pivoter pour visualiser votre s\u00e9ance d&#8217;entra\u00eenement et suivre les entra\u00eeneurs iFIT .<\/strong><\/b><\/li>\n<li><b><strong>Entra\u00eenement iFIT dirig\u00e9 par un coach<\/strong><\/b><\/li>\n<li><b><strong>Inclinaison de 12 % et d\u00e9clin de 3 % avec des s\u00e9ances d&#8217;entra\u00eenement interactives<\/strong><\/b><\/li>\n<\/ul>\n<h4><b><strong>Caract\u00e9ristiques NordicTrack Commercial 1250<\/strong><\/b><\/h4>\n<h5><b><strong>D\u00e9velopp\u00e9 par iFIT<\/strong><\/b><\/h5>\n<p>Explorez tout le potentiel de NordicTrack avec iFIT &#8211; acc\u00e9dez \u00e0 plus de 10 000 s\u00e9ances d&#8217;entra\u00eenement et des fonctions intelligentes pour une exp\u00e9rience personnalis\u00e9e. B\u00e9n\u00e9ficiez d&#8217;un entra\u00eenement par des coachs iFIT experts, lors de s\u00e9ances dans le monde entier, qui s&#8217;adaptent \u00e0 votre niveau de forme et \u00e0 vos objectifs gr\u00e2ce \u00e0 notre technologie SmartAdjust\u2122.<\/p>\n<h5><b><strong>SmartAdjust\u2122<\/strong><\/b><\/h5>\n<p>Le Commercial 1250 ajuste automatiquement l&#8217;inclinaison, la d\u00e9clivit\u00e9 et la vitesse de votre entra\u00eenement iFIT. SmartAdjust\u2122 va plus loin et personnalise chaque s\u00e9ance d&#8217;entra\u00eenement en fonction de votre niveau de forme physique, sur la base des r\u00e9glages effectu\u00e9s.<\/p>\n<h5><b><strong>0-20 KM\/H\u00a0<\/strong><\/b><\/h5>\n<p>La fonction 0-20 KM\/H vous permet de courir \u00e0 un rythme allant jusqu&#8217;\u00e0 3 minutes\/km, ce qui est excellent pour l&#8217;entra\u00eenement par intervalles.<\/p>\n<h5><b><strong>Amorti RunFlex\u2122<\/strong><\/b><\/h5>\n<p>L&#8217;amorti RunFlex\u2122 est con\u00e7u pour absorber les impacts et assurer la stabilit\u00e9 afin que vous puissiez optimiser vos s\u00e9ances d&#8217;entra\u00eenement. Que vous fassiez du sprint, de la marche inclin\u00e9e ou du jogging, l&#8217;amorti rendra votre entra\u00eenement plus confortable.<\/p>\n<h5><b><strong>ActivePulse\u2122<\/strong><\/b><\/h5>\n<p>L&#8217;entra\u00eenement par zone de fr\u00e9quence cardiaque est efficace et iFIT le rend plus facile que jamais. Avec un moniteur de fr\u00e9quence cardiaque, ActivePulse\u2122 ajuste automatiquement la vitesse et l&#8217;inclinaison pour vous maintenir dans la zone cibl\u00e9e.<\/p>\n<h5><b><strong>Applications tierces<\/strong><\/b><\/h5>\n<p>iFIT se synchronise avec Strava, Garmin, Google Fit et Apple Health, ce qui vous permet de stocker toutes vos donn\u00e9es de fitness en un seul endroit. Suivez chaque pas, chaque calorie et chaque s\u00e9ance d&#8217;entra\u00eenement pour conna\u00eetre vos progr\u00e8s et savoir si vous \u00eates proche d&#8217;atteindre vos objectifs.<\/p>\n<h5><b><strong>Services de streaming<\/strong><\/b><\/h5>\n<p>Avec iFIT PRO, vous avez acc\u00e8s \u00e0 des services de streaming directement sur l&#8217;\u00e9cran tactile HD de 10&#8243;. Tournez l&#8217;\u00e9cran pour obtenir l&#8217;angle de vue id\u00e9al et entra\u00eenez-vous tout en regardant vos \u00e9missions et films pr\u00e9f\u00e9r\u00e9s.<\/p>\n<h5><b><strong>Google Maps<\/strong><\/b><\/h5>\n<p>Choisissez votre propre parcours en cr\u00e9ant un itin\u00e9raire personnalis\u00e9 avec Google Maps et plongez-vous dans les images Street View qui changent en fonction de votre rythme. De plus, l&#8217;inclinaison et la d\u00e9clinaison de votre tapis de course s&#8217;ajustent automatiquement pour simuler le d\u00e9nivel\u00e9 du parcours.<\/p>\n<h4><b><strong>Entra\u00eenez-vous avec iFIT , le monde intelligent du fitness<\/strong><\/b><\/h4>\n<h5><b><strong>Options d&#8217;entra\u00eenement infinies<\/strong><\/b><\/h5>\n<p>Oubliez l&#8217;ennui gr\u00e2ce \u00e0 une grande vari\u00e9t\u00e9 d&#8217;exp\u00e9riences d&#8217;entra\u00eenement. Des s\u00e9ances en groupe aux entra\u00eenements globaux, en passant par les options d&#8217;entra\u00eenement crois\u00e9 telles que le yoga et la musculation compl\u00e8te. Nos entra\u00eeneurs de classe mondiale vous offriront une vari\u00e9t\u00e9 de possibilit\u00e9s. Des milliers de s\u00e9ances d&#8217;entra\u00eenement disponibles dans toutes les langues.<\/p>\n<h5><b><strong>Embarquez pour un parcours de remise en forme personnalis\u00e9<\/strong><\/b><\/h5>\n<p>Les s\u00e9ries progressives d&#8217; iFIT sont con\u00e7ues pour vous maintenir sur la bonne voie pendant des semaines et des mois afin de vous aider \u00e0 prendre des habitudes et \u00e0 obtenir des r\u00e9sultats avec des entra\u00eeneurs experts dans les plus beaux endroits du monde.<\/p>\n<h5><b><strong>Exp\u00e9rience iFIT<\/strong><\/b><\/h5>\n<p>Sur les \u00e9quipements compatibles iFIT , votre tapis de course, votre v\u00e9lo, votre rameur ou votre v\u00e9lo elliptique suivra automatiquement votre entra\u00eeneur iFIT . Il s&#8217;agit d&#8217;un voyage de remise en forme immersif \u00e0 travers des lieux et des cultures \u00e0 couper le souffle.<\/p>\n<p>L&#8217;application iFIT * contient une biblioth\u00e8que croissante d&#8217;entra\u00eenements dans toutes les langues, \u00e0 la fois sur et hors de votre ordinateur. O\u00f9 que vous soyez, vous b\u00e9n\u00e9ficierez toujours de l&#8217;exp\u00e9rience iFIT compl\u00e8te, avec des exercices de poids corporel, de yoga, d&#8217;entra\u00eenement crois\u00e9 et des s\u00e9ances d&#8217;entra\u00eenement en direct.<\/p>\n<p><b><strong>*Vous devez \u00eatre un membre iFIT PRO pour acc\u00e9der au contenu complet et aux fonctionnalit\u00e9s de l&#8217;\u00e9quipement, vous pouvez les ajouter \u00e0 votre commande\u00a0Training Apps | fitnessdigital<\/strong><\/b><\/p>\n<p><b><strong>Poids et mesures NordicTrack Commercial 1250<\/strong><\/b><\/p>\n<table>\n<tbody>\n<tr>\n<td>Design SpaceSaver\u00ae + Assistance EasyLift\u2122<\/td>\n<td>\u2714\ufe0f<\/td>\n<\/tr>\n<tr>\n<td>Dimensions du produit assembl\u00e9<\/td>\n<td>196cm x 94cm x 151cm<\/td>\n<\/tr>\n<tr>\n<td>Dimensions du produit pli\u00e9<\/td>\n<td>112cm x 94cm x 175cm<\/td>\n<\/tr>\n<tr>\n<td>Poids maximum de l&#8217;utilisateur<\/td>\n<td>182kg<\/td>\n<\/tr>\n<\/tbody>\n<\/table>\n<p><b><strong>Informations techniques\u00a0<\/strong><\/b><b><strong>NordicTrack Commercial 1250<\/strong><\/b><\/p>\n<table style=\"font-size: 1rem;\">\n<tbody>\n<tr>\n<td colspan=\"2\"><b><strong>Technologie<\/strong><\/b><\/td>\n<\/tr>\n<tr>\n<td>\u00c9cran tactile<\/td>\n<td>Inclinaison et pivotement HD de 10 pouces<\/td>\n<\/tr>\n<tr>\n<td>Inclinaison et basculement interactifs<\/td>\n<td>\u2714\ufe0f<\/td>\n<\/tr>\n<tr>\n<td>Nouvelle technologie ActivePulse\u2122<\/td>\n<td>\u2714\ufe0f<\/td>\n<\/tr>\n<tr>\n<td>Haut-parleurs<\/td>\n<td>2&#8243;<\/td>\n<\/tr>\n<tr>\n<td>Technologie SmartAdjust\u2122<\/td>\n<td>\u2714\ufe0f<\/td>\n<\/tr>\n<tr>\n<td>Casque Bluetooth et connectivit\u00e9 de fr\u00e9quence cardiaque<\/td>\n<td>\u2714\ufe0f<\/td>\n<\/tr>\n<tr>\n<td>Technologie d&#8217;entra\u00eenement Google Maps\u2122<\/td>\n<td>\u2714\ufe0f<\/td>\n<\/tr>\n<tr>\n<td>Port USB<\/td>\n<td>\u2714\ufe0f<\/td>\n<\/tr>\n<tr>\n<td colspan=\"2\"><b><strong>Confort<\/strong><\/b><\/td>\n<\/tr>\n<tr>\n<td>Nouvelle hauteur de marche r\u00e9duite<\/td>\n<td>\u2714\ufe0f<\/td>\n<\/tr>\n<tr>\n<td>Amortissement fixe Runners Flex\u2122<\/td>\n<td>\u2714\ufe0f<\/td>\n<\/tr>\n<tr>\n<td>Surface de course<\/td>\n<td>55 x 152cm<\/td>\n<\/tr>\n<tr>\n<td>Ventilateur AutoBreeze\u2122<\/td>\n<td>\u2714\ufe0f<\/td>\n<\/tr>\n<tr>\n<td>Plateau int\u00e9gr\u00e9<\/td>\n<td>\u2714\ufe0f<\/td>\n<\/tr>\n<tr>\n<td colspan=\"2\"><b><strong>Ing\u00e9nierie<\/strong><\/b><\/td>\n<\/tr>\n<tr>\n<td>D\u00e9clinaison et inclinaison<\/td>\n<td>-3% y 12%<\/td>\n<\/tr>\n<tr>\n<td>Vitesse<\/td>\n<td>0-20km\/h<\/td>\n<\/tr>\n<tr>\n<td>Moteur continu<\/td>\n<td>3.6 CHP<\/td>\n<\/tr>\n<tr>\n<td>Syst\u00e8me d&#8217;entra\u00eenement Smart Response<\/td>\n<td>\u2714\ufe0f<\/td>\n<\/tr>\n<\/tbody>\n<\/table>\n<p>&nbsp;<\/p>","protected":false},"excerpt":{"rendered":"<div class=\"product attribute overview\">\n<div class=\"value\">\n<p class=\"ai-optimize-6\" style=\"font-weight: 400;\">Le\u00a0<b><strong>tapis de course NordicTrack Commercial 1250<\/strong><\/b>\u00a0et l&#8217;abonnement iFIT Pro offrent une technologie qui rend les r\u00e9sultats accessibles \u00e0 tous. iFIT suit vos performances et\u00a0<b><strong>ajuste automatiquement l&#8217;inclinaison de 12 % \u00e0 la d\u00e9clinaison de -3 %<\/strong><\/b>, ainsi que la vitesse de 0 \u00e0 20 km\/h, pour que chaque entra\u00eenement soit mains libres et personnalis\u00e9 pour vous.\u00a0<b><strong>L&#8217;amorti RunFlex\u2122<\/strong><\/b>\u00a0imite la randonn\u00e9e, la marche, la course et le jogging en ext\u00e9rieur, afin que vous soyez mieux pr\u00e9par\u00e9 \u00e0 progresser en plein air.<\/p>\n<\/div>\n<\/div>","protected":false},"featured_media":237,"comment_status":"open","ping_status":"closed","template":"","meta":[],"product_brand":[32],"product_cat":[17,18,20,19],"product_tag":[22,23],"class_list":{"0":"post-236","1":"product","2":"type-product","3":"status-publish","4":"has-post-thumbnail","6":"product_brand-nordictrack","7":"product_cat-bons-plans","8":"product_cat-promotions","9":"product_cat-tapis-de-course","10":"product_cat-training-fitness","11":"product_tag-tapis-de-course","12":"product_tag-tapis-de-course-bh","14":"first","15":"instock","16":"sale","17":"featured","18":"shipping-taxable","19":"purchasable","20":"product-type-simple"},"yoast_head":"<!-- This site is optimized with the Yoast SEO plugin v27.6 - https:\/\/yoast.com\/product\/yoast-seo-wordpress\/ -->\n<title>Tapis de course NordicTrack Commercial 1250 - Promotion - Vente d&#039;\u00c9lectrom\u00e9nager Neuf et Garanti \u00e0 Paris<\/title>\n<meta name=\"description\" content=\"Tapis de course NordicTrack Commercial 1250 - La s\u00e9rie de tapis de course la plus populaire\u00a0et nos meilleurs coachs vous emm\u00e8nent \u00e0 travers le monde.\" \/>\n<meta name=\"robots\" content=\"index, follow, max-snippet:-1, max-image-preview:large, max-video-preview:-1\" \/>\n<link rel=\"canonical\" href=\"https:\/\/espacemenager2000.fr\/en\/product\/tapis-de-course-nordictrack-commercial-1250\/\" \/>\n<meta property=\"og:locale\" content=\"en_US\" \/>\n<meta property=\"og:type\" content=\"article\" \/>\n<meta property=\"og:title\" content=\"Tapis de course NordicTrack Commercial 1250 - Promotion - Vente d&#039;\u00c9lectrom\u00e9nager Neuf et Garanti \u00e0 Paris\" \/>\n<meta property=\"og:description\" content=\"Tapis de course NordicTrack Commercial 1250 - La s\u00e9rie de tapis de course la plus populaire\u00a0et nos meilleurs coachs vous emm\u00e8nent \u00e0 travers le monde.\" \/>\n<meta property=\"og:url\" content=\"https:\/\/espacemenager2000.fr\/en\/product\/tapis-de-course-nordictrack-commercial-1250\/\" \/>\n<meta property=\"og:site_name\" content=\"Vente d&#039;\u00c9lectrom\u00e9nager Neuf et Garanti \u00e0 Paris\" \/>\n<meta property=\"article:publisher\" content=\"https:\/\/www.facebook.com\/p\/Espace-menager-2000-100068469618146\/\" \/>\n<meta property=\"article:modified_time\" content=\"2026-05-14T00:18:41+00:00\" \/>\n<meta property=\"og:image\" content=\"https:\/\/espacemenager2000.fr\/wp-content\/uploads\/2026\/05\/Tapis-de-course-NordicTrack-Commercial-1250-.jpg\" \/>\n\t<meta property=\"og:image:width\" content=\"800\" \/>\n\t<meta property=\"og:image:height\" content=\"800\" \/>\n\t<meta property=\"og:image:type\" content=\"image\/jpeg\" \/>\n<meta name=\"twitter:card\" content=\"summary_large_image\" \/>\n<meta name=\"twitter:label1\" content=\"Est. reading time\" \/>\n\t<meta name=\"twitter:data1\" content=\"7 minutes\" \/>\n<script type=\"application\/ld+json\" class=\"yoast-schema-graph\">{\"@context\":\"https:\\\/\\\/schema.org\",\"@graph\":[{\"@type\":\"WebPage\",\"@id\":\"https:\\\/\\\/espacemenager2000.fr\\\/produit\\\/tapis-de-course-nordictrack-commercial-1250\\\/\",\"url\":\"https:\\\/\\\/espacemenager2000.fr\\\/produit\\\/tapis-de-course-nordictrack-commercial-1250\\\/\",\"name\":\"Tapis de course NordicTrack Commercial 1250 - Promotion - Vente d&#039;\u00c9lectrom\u00e9nager Neuf et Garanti \u00e0 Paris\",\"isPartOf\":{\"@id\":\"https:\\\/\\\/espacemenager2000.fr\\\/#website\"},\"primaryImageOfPage\":{\"@id\":\"https:\\\/\\\/espacemenager2000.fr\\\/produit\\\/tapis-de-course-nordictrack-commercial-1250\\\/#primaryimage\"},\"image\":{\"@id\":\"https:\\\/\\\/espacemenager2000.fr\\\/produit\\\/tapis-de-course-nordictrack-commercial-1250\\\/#primaryimage\"},\"thumbnailUrl\":\"https:\\\/\\\/espacemenager2000.fr\\\/wp-content\\\/uploads\\\/2026\\\/05\\\/Tapis-de-course-NordicTrack-Commercial-1250-.jpg\",\"datePublished\":\"2025-12-22T16:10:49+00:00\",\"dateModified\":\"2026-05-14T00:18:41+00:00\",\"description\":\"Tapis de course NordicTrack Commercial 1250 - La s\u00e9rie de tapis de course la plus populaire\u00a0et nos meilleurs coachs vous emm\u00e8nent \u00e0 travers le monde.\",\"breadcrumb\":{\"@id\":\"https:\\\/\\\/espacemenager2000.fr\\\/produit\\\/tapis-de-course-nordictrack-commercial-1250\\\/#breadcrumb\"},\"inLanguage\":\"en-US\",\"potentialAction\":[{\"@type\":\"ReadAction\",\"target\":[\"https:\\\/\\\/espacemenager2000.fr\\\/produit\\\/tapis-de-course-nordictrack-commercial-1250\\\/\"]}]},{\"@type\":\"ImageObject\",\"inLanguage\":\"en-US\",\"@id\":\"https:\\\/\\\/espacemenager2000.fr\\\/produit\\\/tapis-de-course-nordictrack-commercial-1250\\\/#primaryimage\",\"url\":\"https:\\\/\\\/espacemenager2000.fr\\\/wp-content\\\/uploads\\\/2026\\\/05\\\/Tapis-de-course-NordicTrack-Commercial-1250-.jpg\",\"contentUrl\":\"https:\\\/\\\/espacemenager2000.fr\\\/wp-content\\\/uploads\\\/2026\\\/05\\\/Tapis-de-course-NordicTrack-Commercial-1250-.jpg\",\"width\":800,\"height\":800},{\"@type\":\"BreadcrumbList\",\"@id\":\"https:\\\/\\\/espacemenager2000.fr\\\/produit\\\/tapis-de-course-nordictrack-commercial-1250\\\/#breadcrumb\",\"itemListElement\":[{\"@type\":\"ListItem\",\"position\":1,\"name\":\"Accueil\",\"item\":\"https:\\\/\\\/espacemenager2000.fr\\\/\"},{\"@type\":\"ListItem\",\"position\":2,\"name\":\"Boutique\",\"item\":\"https:\\\/\\\/espacemenager2000.fr\\\/boutique\\\/\"},{\"@type\":\"ListItem\",\"position\":3,\"name\":\"Tapis de course NordicTrack Commercial 1250\"}]},{\"@type\":\"WebSite\",\"@id\":\"https:\\\/\\\/espacemenager2000.fr\\\/#website\",\"url\":\"https:\\\/\\\/espacemenager2000.fr\\\/\",\"name\":\"Espace Menager 2000\",\"description\":\"Expert en \u00e9lectrom\u00e9nager depuis 2001, Espace M\u00e9nager 2000 vous propose une large gamme de produits : lave-linge, r\u00e9frig\u00e9rateurs, \u00e9lectronique et fitness. Profitez de notre savoir-faire en vente, r\u00e9paration et d\u00e9pannage. Livraison rapide dans toute la zone Euro. Qualit\u00e9 et service garantis.\",\"publisher\":{\"@id\":\"https:\\\/\\\/espacemenager2000.fr\\\/#organization\"},\"potentialAction\":[{\"@type\":\"SearchAction\",\"target\":{\"@type\":\"EntryPoint\",\"urlTemplate\":\"https:\\\/\\\/espacemenager2000.fr\\\/?s={search_term_string}\"},\"query-input\":{\"@type\":\"PropertyValueSpecification\",\"valueRequired\":true,\"valueName\":\"search_term_string\"}}],\"inLanguage\":\"en-US\"},{\"@type\":\"Organization\",\"@id\":\"https:\\\/\\\/espacemenager2000.fr\\\/#organization\",\"name\":\"Espace Menager 2000\",\"url\":\"https:\\\/\\\/espacemenager2000.fr\\\/\",\"logo\":{\"@type\":\"ImageObject\",\"inLanguage\":\"en-US\",\"@id\":\"https:\\\/\\\/espacemenager2000.fr\\\/#\\\/schema\\\/logo\\\/image\\\/\",\"url\":\"https:\\\/\\\/espacemenager2000.fr\\\/wp-content\\\/uploads\\\/2026\\\/05\\\/Fav-Em2000.png\",\"contentUrl\":\"https:\\\/\\\/espacemenager2000.fr\\\/wp-content\\\/uploads\\\/2026\\\/05\\\/Fav-Em2000.png\",\"width\":369,\"height\":369,\"caption\":\"Espace Menager 2000\"},\"image\":{\"@id\":\"https:\\\/\\\/espacemenager2000.fr\\\/#\\\/schema\\\/logo\\\/image\\\/\"},\"sameAs\":[\"https:\\\/\\\/www.facebook.com\\\/p\\\/Espace-menager-2000-100068469618146\\\/\"]}]}<\/script>\n<!-- \/ Yoast SEO plugin. -->","yoast_head_json":{"title":"Tapis de course NordicTrack Commercial 1250 - Promotion - Vente d&#039;\u00c9lectrom\u00e9nager Neuf et Garanti \u00e0 Paris","description":"Tapis de course NordicTrack Commercial 1250 - La s\u00e9rie de tapis de course la plus populaire\u00a0et nos meilleurs coachs vous emm\u00e8nent \u00e0 travers le monde.","robots":{"index":"index","follow":"follow","max-snippet":"max-snippet:-1","max-image-preview":"max-image-preview:large","max-video-preview":"max-video-preview:-1"},"canonical":"https:\/\/espacemenager2000.fr\/en\/product\/tapis-de-course-nordictrack-commercial-1250\/","og_locale":"en_US","og_type":"article","og_title":"Tapis de course NordicTrack Commercial 1250 - Promotion - Vente d&#039;\u00c9lectrom\u00e9nager Neuf et Garanti \u00e0 Paris","og_description":"Tapis de course NordicTrack Commercial 1250 - La s\u00e9rie de tapis de course la plus populaire\u00a0et nos meilleurs coachs vous emm\u00e8nent \u00e0 travers le monde.","og_url":"https:\/\/espacemenager2000.fr\/en\/product\/tapis-de-course-nordictrack-commercial-1250\/","og_site_name":"Vente d&#039;\u00c9lectrom\u00e9nager Neuf et Garanti \u00e0 Paris","article_publisher":"https:\/\/www.facebook.com\/p\/Espace-menager-2000-100068469618146\/","article_modified_time":"2026-05-14T00:18:41+00:00","og_image":[{"width":800,"height":800,"url":"https:\/\/espacemenager2000.fr\/wp-content\/uploads\/2026\/05\/Tapis-de-course-NordicTrack-Commercial-1250-.jpg","type":"image\/jpeg"}],"twitter_card":"summary_large_image","twitter_misc":{"Est. reading time":"7 minutes"},"schema":{"@context":"https:\/\/schema.org","@graph":[{"@type":"WebPage","@id":"https:\/\/espacemenager2000.fr\/produit\/tapis-de-course-nordictrack-commercial-1250\/","url":"https:\/\/espacemenager2000.fr\/produit\/tapis-de-course-nordictrack-commercial-1250\/","name":"Tapis de course NordicTrack Commercial 1250 - Promotion - Vente d&#039;\u00c9lectrom\u00e9nager Neuf et Garanti \u00e0 Paris","isPartOf":{"@id":"https:\/\/espacemenager2000.fr\/#website"},"primaryImageOfPage":{"@id":"https:\/\/espacemenager2000.fr\/produit\/tapis-de-course-nordictrack-commercial-1250\/#primaryimage"},"image":{"@id":"https:\/\/espacemenager2000.fr\/produit\/tapis-de-course-nordictrack-commercial-1250\/#primaryimage"},"thumbnailUrl":"https:\/\/espacemenager2000.fr\/wp-content\/uploads\/2026\/05\/Tapis-de-course-NordicTrack-Commercial-1250-.jpg","datePublished":"2025-12-22T16:10:49+00:00","dateModified":"2026-05-14T00:18:41+00:00","description":"Tapis de course NordicTrack Commercial 1250 - La s\u00e9rie de tapis de course la plus populaire\u00a0et nos meilleurs coachs vous emm\u00e8nent \u00e0 travers le monde.","breadcrumb":{"@id":"https:\/\/espacemenager2000.fr\/produit\/tapis-de-course-nordictrack-commercial-1250\/#breadcrumb"},"inLanguage":"en-US","potentialAction":[{"@type":"ReadAction","target":["https:\/\/espacemenager2000.fr\/produit\/tapis-de-course-nordictrack-commercial-1250\/"]}]},{"@type":"ImageObject","inLanguage":"en-US","@id":"https:\/\/espacemenager2000.fr\/produit\/tapis-de-course-nordictrack-commercial-1250\/#primaryimage","url":"https:\/\/espacemenager2000.fr\/wp-content\/uploads\/2026\/05\/Tapis-de-course-NordicTrack-Commercial-1250-.jpg","contentUrl":"https:\/\/espacemenager2000.fr\/wp-content\/uploads\/2026\/05\/Tapis-de-course-NordicTrack-Commercial-1250-.jpg","width":800,"height":800},{"@type":"BreadcrumbList","@id":"https:\/\/espacemenager2000.fr\/produit\/tapis-de-course-nordictrack-commercial-1250\/#breadcrumb","itemListElement":[{"@type":"ListItem","position":1,"name":"Accueil","item":"https:\/\/espacemenager2000.fr\/"},{"@type":"ListItem","position":2,"name":"Boutique","item":"https:\/\/espacemenager2000.fr\/boutique\/"},{"@type":"ListItem","position":3,"name":"Tapis de course NordicTrack Commercial 1250"}]},{"@type":"WebSite","@id":"https:\/\/espacemenager2000.fr\/#website","url":"https:\/\/espacemenager2000.fr\/","name":"Espace Menager 2000","description":"Expert en \u00e9lectrom\u00e9nager depuis 2001, Espace M\u00e9nager 2000 vous propose une large gamme de produits : lave-linge, r\u00e9frig\u00e9rateurs, \u00e9lectronique et fitness. Profitez de notre savoir-faire en vente, r\u00e9paration et d\u00e9pannage. Livraison rapide dans toute la zone Euro. Qualit\u00e9 et service garantis.","publisher":{"@id":"https:\/\/espacemenager2000.fr\/#organization"},"potentialAction":[{"@type":"SearchAction","target":{"@type":"EntryPoint","urlTemplate":"https:\/\/espacemenager2000.fr\/?s={search_term_string}"},"query-input":{"@type":"PropertyValueSpecification","valueRequired":true,"valueName":"search_term_string"}}],"inLanguage":"en-US"},{"@type":"Organization","@id":"https:\/\/espacemenager2000.fr\/#organization","name":"Espace Menager 2000","url":"https:\/\/espacemenager2000.fr\/","logo":{"@type":"ImageObject","inLanguage":"en-US","@id":"https:\/\/espacemenager2000.fr\/#\/schema\/logo\/image\/","url":"https:\/\/espacemenager2000.fr\/wp-content\/uploads\/2026\/05\/Fav-Em2000.png","contentUrl":"https:\/\/espacemenager2000.fr\/wp-content\/uploads\/2026\/05\/Fav-Em2000.png","width":369,"height":369,"caption":"Espace Menager 2000"},"image":{"@id":"https:\/\/espacemenager2000.fr\/#\/schema\/logo\/image\/"},"sameAs":["https:\/\/www.facebook.com\/p\/Espace-menager-2000-100068469618146\/"]}]}},"_links":{"self":[{"href":"https:\/\/espacemenager2000.fr\/en\/wp-json\/wp\/v2\/product\/236","targetHints":{"allow":["GET"]}}],"collection":[{"href":"https:\/\/espacemenager2000.fr\/en\/wp-json\/wp\/v2\/product"}],"about":[{"href":"https:\/\/espacemenager2000.fr\/en\/wp-json\/wp\/v2\/types\/product"}],"replies":[{"embeddable":true,"href":"https:\/\/espacemenager2000.fr\/en\/wp-json\/wp\/v2\/comments?post=236"}],"wp:featuredmedia":[{"embeddable":true,"href":"https:\/\/espacemenager2000.fr\/en\/wp-json\/wp\/v2\/media\/237"}],"wp:attachment":[{"href":"https:\/\/espacemenager2000.fr\/en\/wp-json\/wp\/v2\/media?parent=236"}],"wp:term":[{"taxonomy":"product_brand","embeddable":true,"href":"https:\/\/espacemenager2000.fr\/en\/wp-json\/wp\/v2\/product_brand?post=236"},{"taxonomy":"product_cat","embeddable":true,"href":"https:\/\/espacemenager2000.fr\/en\/wp-json\/wp\/v2\/product_cat?post=236"},{"taxonomy":"product_tag","embeddable":true,"href":"https:\/\/espacemenager2000.fr\/en\/wp-json\/wp\/v2\/product_tag?post=236"}],"curies":[{"name":"wp","href":"https:\/\/api.w.org\/{rel}","templated":true}]}}