{"id":183,"date":"2025-12-22T16:10:26","date_gmt":"2025-12-22T16:10:26","guid":{"rendered":"https:\/\/espacemenager2000.fr\/?post_type=product&#038;p=183"},"modified":"2026-05-14T00:18:46","modified_gmt":"2026-05-14T00:18:46","slug":"tapis-de-course-nordictrack-commercial-2450","status":"publish","type":"product","link":"https:\/\/espacemenager2000.fr\/en\/product\/tapis-de-course-nordictrack-commercial-2450\/","title":{"rendered":"Tapis de Course NordicTrack Commercial 2450"},"content":{"rendered":"<h3>Tapis de Course NordicTrack Commercial 2450<\/h3>\n<div>\n<p>NordicTrack Commercial 2450: <strong style=\"font-size: 1rem;\">La s\u00e9rie de tapis de course la plus populaire<\/strong><span style=\"font-size: 1rem;\">\u00a0et nos meilleurs coachs vous emm\u00e8nent \u00e0 travers le monde.<\/span><\/p>\n<\/div>\n<h3>Caract\u00e9ristiques Tapis de Course NordicTrack Commercial 2450 (2024)<\/h3>\n<div class=\"contenido\">\n<div><strong>La s\u00e9rie de tapis de course la plus populaire<\/strong>\u00a0et nos meilleurs coachs vous emm\u00e8nent \u00e0 travers le monde.<\/div>\n<div><\/div>\n<div><strong>Points cl\u00e9s NordicTrack Commercial 2450<\/strong><\/div>\n<div><\/div>\n<div>\n<ul>\n<li><strong>22 &#8221; \u00c9cran tactile HD inclinable et pivotant<\/strong><\/li>\n<li><strong>Inclinaison 12% et d\u00e9clinaison -3%<\/strong><\/li>\n<li><strong>Pliable &#8211; Technologie SpaceSaver\u00ae<\/strong><\/li>\n<li><strong>Entra\u00eenement interactif avec les coachs iFIT<\/strong><\/li>\n<\/ul>\n<p><img fetchpriority=\"high\" decoding=\"async\" class=\"alignnone size-medium wp-image-21791\" src=\"https:\/\/rodeosport.fr\/wp-content\/uploads\/2025\/05\/NordicTrack-Commercial-2450--300x300.jpg\" alt=\"NordicTrack Commercial 2450\" width=\"300\" height=\"300\" \/><\/p>\n<p>&nbsp;<\/p>\n<div><strong><span class=\"detail-text\">Caract\u00e9ristiques NordicTrack Commercial 2450<\/span><\/strong><\/div>\n<div><\/div>\n<div>\n<p><strong>Les coachs iFIT contr\u00f4lent l&#8217;inclinaison et la vitesse gr\u00e2ce \u00e0 la technologie AutoAdjust.<\/strong><\/p>\n<p>&nbsp;<\/p>\n<\/div>\n<div>\n<ul>\n<li>Inclinaison 12%<\/li>\n<li>D\u00e9clinaison -3%<\/li>\n<li>Vitesse 0-19 KM\/H<\/li>\n<li>Ajustements automatiques mains libres<\/li>\n<\/ul>\n<\/div>\n<div><strong>Faites pivoter l&#8217;\u00e9cran 22&#8243;\u00a0<\/strong><\/div>\n<div><\/div>\n<div>\n<ul>\n<li>Pour compl\u00e9ter votre salle de sport \u00e0 domicile avec des milliers d&#8217;entra\u00eenements iFIT, du HIIT au yoga. Le logiciel iFIT comprend plusieurs \u00e9crans de programmes gratuits pr\u00e9d\u00e9finis, et vous passez au niveau sup\u00e9rieur en acc\u00e9dant \u00e0 tout le contenu disponible par le biais de l&#8217; Abonnement iFIT.<\/li>\n<\/ul>\n<\/div>\n<div><strong>Faites en sorte que chaque entra\u00eenement compte avec la technologie iFIT.<\/strong><\/div>\n<div><\/div>\n<div>\n<ul>\n<li>La technologie d&#8217;apprentissage automatique SmartAdjust\u2122 adapte automatiquement chaque entra\u00eenement \u00e0 votre forme.<\/li>\n<li>Allez plus loin avec les d\u00e9fis mensuels et poursuivez vos objectifs \u00e0 mesure que vous atteignez de nouveaux niveaux.<\/li>\n<li>Gardez une trace de chaque calorie et de chaque battement de c\u0153ur pendant que vous vous efforcez d&#8217;atteindre vos objectifs.<\/li>\n<\/ul>\n<\/div>\n<div>\n<p><strong>Technologie activepulse\u2122<\/strong><\/p>\n<p>&nbsp;<\/p>\n<\/div>\n<div>\n<ul>\n<li>Vendu s\u00e9par\u00e9ment.<\/li>\n<\/ul>\n<\/div>\n<\/div>\n<\/div>\n<div><strong>Avantages NordicTrack Commercial 2450<\/strong><\/div>\n<div><\/div>\n<div>\n<ul>\n<li>Restez motiv\u00e9 et sur la bonne voie gr\u00e2ce aux s\u00e9ries progressives con\u00e7ues pour vous transformer.<\/li>\n<li>La technologie d&#8217;apprentissage automatique SmartAdjust\u2122 adapte automatiquement chaque entra\u00eenement \u00e0 votre forme.<\/li>\n<li>Allez plus loin avec les d\u00e9fis mensuels et poursuivez vos objectifs \u00e0 mesure que vous atteignez de nouveaux niveaux.<\/li>\n<li>Gardez une trace de chaque calorie et de chaque battement de c\u0153ur pendant que vous vous efforcez d&#8217;atteindre vos objectifs.<\/li>\n<\/ul>\n<\/div>\n<h4><strong><span class=\"detail-text\">Sp\u00e9cifications NordicTrack Commercial 2450<br \/>\n<\/span><\/strong><\/h4>\n<h5><strong>Technologie NordicTrack Commercial 2450<\/strong><\/h5>\n<div>\n<ul>\n<li>\u00c9cran tactile HD 22&#8243; inclinable et pivotant<\/li>\n<li><strong>Ecran T\u00e1ctil:\u00a0<\/strong>Le logiciel iFIT comprend plusieurs \u00e9crans de programmes gratuits pr\u00e9d\u00e9finis, et vous passez au niveau sup\u00e9rieur en acc\u00e9dant \u00e0 tout le contenu disponible par le biais de l&#8217; Abonnement iFIT.<\/li>\n<li>Possibilit\u00e9 d&#8217;incliner ou d\u00e9cliner la bande de course<\/li>\n<li>Haut-parleurs int\u00e9gr\u00e9s<\/li>\n<li>Technologie ActivePulse\u2122<\/li>\n<li>Ajustement automatique de la vitesse et inclinaison en fonction de votre fr\u00e9quence cardiaque. N\u00e9cessite un brassard cardio, vendu s\u00e9par\u00e9ment).<\/li>\n<li>Technologie AutoAdjust\u2122<\/li>\n<li>30 jours d&#8217;essai iFIT inclus**<\/li>\n<li>Quiet Drive Incline Tech<\/li>\n<li>Connexion casque Bluetooth &amp; connectivit\u00e9 fr\u00e9quence cardiaque<\/li>\n<li>Technologie Google Maps\u2122<\/li>\n<\/ul>\n<\/div>\n<div><\/div>\n<div><strong>Ing\u00e9nierie NordicTrack Commercial 2450<\/strong><\/div>\n<div><\/div>\n<div>\n<ul>\n<li>Inclinaison de -3% \u00e0 +12%<\/li>\n<li>Vitesse 0 &#8211; 19 Km\/h<\/li>\n<li>Moteur 3,6 CV<\/li>\n<li>Contr\u00f4les OneTouch\u00ae<\/li>\n<li>Poids maximum de l&#8217;utilisateur 135 Kg<\/li>\n<\/ul>\n<\/div>\n<div><strong>Confort NordicTrack Commercial 2450<\/strong><\/div>\n<div>\n<ul>\n<li>Hauteur de la bande de course r\u00e9duite<\/li>\n<li>Surface de course 51 x 152 cm<\/li>\n<li>Ventilateur AutoBreeze\u2122<\/li>\n<li>Plateau \u00e0 accessoires int\u00e9gr\u00e9<\/li>\n<li>Amorti Runners Flex<\/li>\n<\/ul>\n<\/div>\n<div><strong>Dimensions et poids NordicTrack Commercial 2450<\/strong><\/div>\n<ul>\n<li>Design SpaceSaver\u00ae avec assistance EasyLift\u2122<\/li>\n<li><strong>Poids du colis:\u00a0<\/strong>130 Kg<\/li>\n<li><strong>Dimensions du produit:\u00a0<\/strong>199 x 90 x 163 cm<\/li>\n<li><strong>Poduit pli\u00e9:<\/strong>\u00a086 x 90 x 172 cm<\/li>\n<\/ul>\n<p>&nbsp;<\/p>\n<p>&nbsp;<\/p>\n<p>&nbsp;<\/p>\n<p>&nbsp;<\/p>\n<p>&nbsp;<\/p>","protected":false},"excerpt":{"rendered":"<div class=\"product attribute overview\">\n<div class=\"value\">\n<div><strong>La s\u00e9rie de tapis de course la plus populaire<\/strong>\u00a0et nos meilleurs coachs vous emm\u00e8nent \u00e0 travers le monde.<\/div>\n<\/div>\n<\/div>","protected":false},"featured_media":184,"comment_status":"open","ping_status":"closed","template":"","meta":[],"product_brand":[32],"product_cat":[17,18,20,19],"product_tag":[22,23],"class_list":{"0":"post-183","1":"product","2":"type-product","3":"status-publish","4":"has-post-thumbnail","6":"product_brand-nordictrack","7":"product_cat-bons-plans","8":"product_cat-promotions","9":"product_cat-tapis-de-course","10":"product_cat-training-fitness","11":"product_tag-tapis-de-course","12":"product_tag-tapis-de-course-bh","14":"first","15":"instock","16":"featured","17":"shipping-taxable","18":"purchasable","19":"product-type-simple"},"yoast_head":"<!-- This site is optimized with the Yoast SEO plugin v27.6 - https:\/\/yoast.com\/product\/yoast-seo-wordpress\/ -->\n<title>Tapis de Course NordicTrack Commercial 2450 - Promotion - Vente d&#039;\u00c9lectrom\u00e9nager Neuf et Garanti \u00e0 Paris<\/title>\n<meta name=\"description\" content=\"Tapis de Course NordicTrack Commercial 2450 - La s\u00e9rie de tapis de course la plus populaire\u00a0et nos meilleurs coachs vous emm\u00e8nent \u00e0 travers le monde.\" \/>\n<meta name=\"robots\" content=\"index, follow, max-snippet:-1, max-image-preview:large, max-video-preview:-1\" \/>\n<link rel=\"canonical\" href=\"https:\/\/espacemenager2000.fr\/en\/product\/tapis-de-course-nordictrack-commercial-2450\/\" \/>\n<meta property=\"og:locale\" content=\"en_US\" \/>\n<meta property=\"og:type\" content=\"article\" \/>\n<meta property=\"og:title\" content=\"Tapis de Course NordicTrack Commercial 2450 - Promotion - Vente d&#039;\u00c9lectrom\u00e9nager Neuf et Garanti \u00e0 Paris\" \/>\n<meta property=\"og:description\" content=\"Tapis de Course NordicTrack Commercial 2450 - La s\u00e9rie de tapis de course la plus populaire\u00a0et nos meilleurs coachs vous emm\u00e8nent \u00e0 travers le monde.\" \/>\n<meta property=\"og:url\" content=\"https:\/\/espacemenager2000.fr\/en\/product\/tapis-de-course-nordictrack-commercial-2450\/\" \/>\n<meta property=\"og:site_name\" content=\"Vente d&#039;\u00c9lectrom\u00e9nager Neuf et Garanti \u00e0 Paris\" \/>\n<meta property=\"article:publisher\" content=\"https:\/\/www.facebook.com\/p\/Espace-menager-2000-100068469618146\/\" \/>\n<meta property=\"article:modified_time\" content=\"2026-05-14T00:18:46+00:00\" \/>\n<meta property=\"og:image\" content=\"https:\/\/espacemenager2000.fr\/wp-content\/uploads\/2026\/05\/NordicTrack-Commercial-2450-.jpg\" \/>\n\t<meta property=\"og:image:width\" content=\"800\" \/>\n\t<meta property=\"og:image:height\" content=\"800\" \/>\n\t<meta property=\"og:image:type\" content=\"image\/jpeg\" \/>\n<meta name=\"twitter:card\" content=\"summary_large_image\" \/>\n<meta name=\"twitter:label1\" content=\"Est. reading time\" \/>\n\t<meta name=\"twitter:data1\" content=\"5 minutes\" \/>\n<script type=\"application\/ld+json\" class=\"yoast-schema-graph\">{\"@context\":\"https:\\\/\\\/schema.org\",\"@graph\":[{\"@type\":\"WebPage\",\"@id\":\"https:\\\/\\\/espacemenager2000.fr\\\/produit\\\/tapis-de-course-nordictrack-commercial-2450\\\/\",\"url\":\"https:\\\/\\\/espacemenager2000.fr\\\/produit\\\/tapis-de-course-nordictrack-commercial-2450\\\/\",\"name\":\"Tapis de Course NordicTrack Commercial 2450 - Promotion - Vente d&#039;\u00c9lectrom\u00e9nager Neuf et Garanti \u00e0 Paris\",\"isPartOf\":{\"@id\":\"https:\\\/\\\/espacemenager2000.fr\\\/#website\"},\"primaryImageOfPage\":{\"@id\":\"https:\\\/\\\/espacemenager2000.fr\\\/produit\\\/tapis-de-course-nordictrack-commercial-2450\\\/#primaryimage\"},\"image\":{\"@id\":\"https:\\\/\\\/espacemenager2000.fr\\\/produit\\\/tapis-de-course-nordictrack-commercial-2450\\\/#primaryimage\"},\"thumbnailUrl\":\"https:\\\/\\\/espacemenager2000.fr\\\/wp-content\\\/uploads\\\/2026\\\/05\\\/NordicTrack-Commercial-2450-.jpg\",\"datePublished\":\"2025-12-22T16:10:26+00:00\",\"dateModified\":\"2026-05-14T00:18:46+00:00\",\"description\":\"Tapis de Course NordicTrack Commercial 2450 - La s\u00e9rie de tapis de course la plus populaire\u00a0et nos meilleurs coachs vous emm\u00e8nent \u00e0 travers le monde.\",\"breadcrumb\":{\"@id\":\"https:\\\/\\\/espacemenager2000.fr\\\/produit\\\/tapis-de-course-nordictrack-commercial-2450\\\/#breadcrumb\"},\"inLanguage\":\"en-US\",\"potentialAction\":[{\"@type\":\"ReadAction\",\"target\":[\"https:\\\/\\\/espacemenager2000.fr\\\/produit\\\/tapis-de-course-nordictrack-commercial-2450\\\/\"]}]},{\"@type\":\"ImageObject\",\"inLanguage\":\"en-US\",\"@id\":\"https:\\\/\\\/espacemenager2000.fr\\\/produit\\\/tapis-de-course-nordictrack-commercial-2450\\\/#primaryimage\",\"url\":\"https:\\\/\\\/espacemenager2000.fr\\\/wp-content\\\/uploads\\\/2026\\\/05\\\/NordicTrack-Commercial-2450-.jpg\",\"contentUrl\":\"https:\\\/\\\/espacemenager2000.fr\\\/wp-content\\\/uploads\\\/2026\\\/05\\\/NordicTrack-Commercial-2450-.jpg\",\"width\":800,\"height\":800},{\"@type\":\"BreadcrumbList\",\"@id\":\"https:\\\/\\\/espacemenager2000.fr\\\/produit\\\/tapis-de-course-nordictrack-commercial-2450\\\/#breadcrumb\",\"itemListElement\":[{\"@type\":\"ListItem\",\"position\":1,\"name\":\"Accueil\",\"item\":\"https:\\\/\\\/espacemenager2000.fr\\\/\"},{\"@type\":\"ListItem\",\"position\":2,\"name\":\"Boutique\",\"item\":\"https:\\\/\\\/espacemenager2000.fr\\\/boutique\\\/\"},{\"@type\":\"ListItem\",\"position\":3,\"name\":\"Tapis de Course NordicTrack Commercial 2450\"}]},{\"@type\":\"WebSite\",\"@id\":\"https:\\\/\\\/espacemenager2000.fr\\\/#website\",\"url\":\"https:\\\/\\\/espacemenager2000.fr\\\/\",\"name\":\"Espace Menager 2000\",\"description\":\"Expert en \u00e9lectrom\u00e9nager depuis 2001, Espace M\u00e9nager 2000 vous propose une large gamme de produits : lave-linge, r\u00e9frig\u00e9rateurs, \u00e9lectronique et fitness. Profitez de notre savoir-faire en vente, r\u00e9paration et d\u00e9pannage. Livraison rapide dans toute la zone Euro. Qualit\u00e9 et service garantis.\",\"publisher\":{\"@id\":\"https:\\\/\\\/espacemenager2000.fr\\\/#organization\"},\"potentialAction\":[{\"@type\":\"SearchAction\",\"target\":{\"@type\":\"EntryPoint\",\"urlTemplate\":\"https:\\\/\\\/espacemenager2000.fr\\\/?s={search_term_string}\"},\"query-input\":{\"@type\":\"PropertyValueSpecification\",\"valueRequired\":true,\"valueName\":\"search_term_string\"}}],\"inLanguage\":\"en-US\"},{\"@type\":\"Organization\",\"@id\":\"https:\\\/\\\/espacemenager2000.fr\\\/#organization\",\"name\":\"Espace Menager 2000\",\"url\":\"https:\\\/\\\/espacemenager2000.fr\\\/\",\"logo\":{\"@type\":\"ImageObject\",\"inLanguage\":\"en-US\",\"@id\":\"https:\\\/\\\/espacemenager2000.fr\\\/#\\\/schema\\\/logo\\\/image\\\/\",\"url\":\"https:\\\/\\\/espacemenager2000.fr\\\/wp-content\\\/uploads\\\/2026\\\/05\\\/Fav-Em2000.png\",\"contentUrl\":\"https:\\\/\\\/espacemenager2000.fr\\\/wp-content\\\/uploads\\\/2026\\\/05\\\/Fav-Em2000.png\",\"width\":369,\"height\":369,\"caption\":\"Espace Menager 2000\"},\"image\":{\"@id\":\"https:\\\/\\\/espacemenager2000.fr\\\/#\\\/schema\\\/logo\\\/image\\\/\"},\"sameAs\":[\"https:\\\/\\\/www.facebook.com\\\/p\\\/Espace-menager-2000-100068469618146\\\/\"]}]}<\/script>\n<!-- \/ Yoast SEO plugin. -->","yoast_head_json":{"title":"Tapis de Course NordicTrack Commercial 2450 - Promotion - Vente d&#039;\u00c9lectrom\u00e9nager Neuf et Garanti \u00e0 Paris","description":"Tapis de Course NordicTrack Commercial 2450 - La s\u00e9rie de tapis de course la plus populaire\u00a0et nos meilleurs coachs vous emm\u00e8nent \u00e0 travers le monde.","robots":{"index":"index","follow":"follow","max-snippet":"max-snippet:-1","max-image-preview":"max-image-preview:large","max-video-preview":"max-video-preview:-1"},"canonical":"https:\/\/espacemenager2000.fr\/en\/product\/tapis-de-course-nordictrack-commercial-2450\/","og_locale":"en_US","og_type":"article","og_title":"Tapis de Course NordicTrack Commercial 2450 - Promotion - Vente d&#039;\u00c9lectrom\u00e9nager Neuf et Garanti \u00e0 Paris","og_description":"Tapis de Course NordicTrack Commercial 2450 - La s\u00e9rie de tapis de course la plus populaire\u00a0et nos meilleurs coachs vous emm\u00e8nent \u00e0 travers le monde.","og_url":"https:\/\/espacemenager2000.fr\/en\/product\/tapis-de-course-nordictrack-commercial-2450\/","og_site_name":"Vente d&#039;\u00c9lectrom\u00e9nager Neuf et Garanti \u00e0 Paris","article_publisher":"https:\/\/www.facebook.com\/p\/Espace-menager-2000-100068469618146\/","article_modified_time":"2026-05-14T00:18:46+00:00","og_image":[{"width":800,"height":800,"url":"https:\/\/espacemenager2000.fr\/wp-content\/uploads\/2026\/05\/NordicTrack-Commercial-2450-.jpg","type":"image\/jpeg"}],"twitter_card":"summary_large_image","twitter_misc":{"Est. reading time":"5 minutes"},"schema":{"@context":"https:\/\/schema.org","@graph":[{"@type":"WebPage","@id":"https:\/\/espacemenager2000.fr\/produit\/tapis-de-course-nordictrack-commercial-2450\/","url":"https:\/\/espacemenager2000.fr\/produit\/tapis-de-course-nordictrack-commercial-2450\/","name":"Tapis de Course NordicTrack Commercial 2450 - Promotion - Vente d&#039;\u00c9lectrom\u00e9nager Neuf et Garanti \u00e0 Paris","isPartOf":{"@id":"https:\/\/espacemenager2000.fr\/#website"},"primaryImageOfPage":{"@id":"https:\/\/espacemenager2000.fr\/produit\/tapis-de-course-nordictrack-commercial-2450\/#primaryimage"},"image":{"@id":"https:\/\/espacemenager2000.fr\/produit\/tapis-de-course-nordictrack-commercial-2450\/#primaryimage"},"thumbnailUrl":"https:\/\/espacemenager2000.fr\/wp-content\/uploads\/2026\/05\/NordicTrack-Commercial-2450-.jpg","datePublished":"2025-12-22T16:10:26+00:00","dateModified":"2026-05-14T00:18:46+00:00","description":"Tapis de Course NordicTrack Commercial 2450 - La s\u00e9rie de tapis de course la plus populaire\u00a0et nos meilleurs coachs vous emm\u00e8nent \u00e0 travers le monde.","breadcrumb":{"@id":"https:\/\/espacemenager2000.fr\/produit\/tapis-de-course-nordictrack-commercial-2450\/#breadcrumb"},"inLanguage":"en-US","potentialAction":[{"@type":"ReadAction","target":["https:\/\/espacemenager2000.fr\/produit\/tapis-de-course-nordictrack-commercial-2450\/"]}]},{"@type":"ImageObject","inLanguage":"en-US","@id":"https:\/\/espacemenager2000.fr\/produit\/tapis-de-course-nordictrack-commercial-2450\/#primaryimage","url":"https:\/\/espacemenager2000.fr\/wp-content\/uploads\/2026\/05\/NordicTrack-Commercial-2450-.jpg","contentUrl":"https:\/\/espacemenager2000.fr\/wp-content\/uploads\/2026\/05\/NordicTrack-Commercial-2450-.jpg","width":800,"height":800},{"@type":"BreadcrumbList","@id":"https:\/\/espacemenager2000.fr\/produit\/tapis-de-course-nordictrack-commercial-2450\/#breadcrumb","itemListElement":[{"@type":"ListItem","position":1,"name":"Accueil","item":"https:\/\/espacemenager2000.fr\/"},{"@type":"ListItem","position":2,"name":"Boutique","item":"https:\/\/espacemenager2000.fr\/boutique\/"},{"@type":"ListItem","position":3,"name":"Tapis de Course NordicTrack Commercial 2450"}]},{"@type":"WebSite","@id":"https:\/\/espacemenager2000.fr\/#website","url":"https:\/\/espacemenager2000.fr\/","name":"Espace Menager 2000","description":"Expert en \u00e9lectrom\u00e9nager depuis 2001, Espace M\u00e9nager 2000 vous propose une large gamme de produits : lave-linge, r\u00e9frig\u00e9rateurs, \u00e9lectronique et fitness. Profitez de notre savoir-faire en vente, r\u00e9paration et d\u00e9pannage. Livraison rapide dans toute la zone Euro. Qualit\u00e9 et service garantis.","publisher":{"@id":"https:\/\/espacemenager2000.fr\/#organization"},"potentialAction":[{"@type":"SearchAction","target":{"@type":"EntryPoint","urlTemplate":"https:\/\/espacemenager2000.fr\/?s={search_term_string}"},"query-input":{"@type":"PropertyValueSpecification","valueRequired":true,"valueName":"search_term_string"}}],"inLanguage":"en-US"},{"@type":"Organization","@id":"https:\/\/espacemenager2000.fr\/#organization","name":"Espace Menager 2000","url":"https:\/\/espacemenager2000.fr\/","logo":{"@type":"ImageObject","inLanguage":"en-US","@id":"https:\/\/espacemenager2000.fr\/#\/schema\/logo\/image\/","url":"https:\/\/espacemenager2000.fr\/wp-content\/uploads\/2026\/05\/Fav-Em2000.png","contentUrl":"https:\/\/espacemenager2000.fr\/wp-content\/uploads\/2026\/05\/Fav-Em2000.png","width":369,"height":369,"caption":"Espace Menager 2000"},"image":{"@id":"https:\/\/espacemenager2000.fr\/#\/schema\/logo\/image\/"},"sameAs":["https:\/\/www.facebook.com\/p\/Espace-menager-2000-100068469618146\/"]}]}},"_links":{"self":[{"href":"https:\/\/espacemenager2000.fr\/en\/wp-json\/wp\/v2\/product\/183","targetHints":{"allow":["GET"]}}],"collection":[{"href":"https:\/\/espacemenager2000.fr\/en\/wp-json\/wp\/v2\/product"}],"about":[{"href":"https:\/\/espacemenager2000.fr\/en\/wp-json\/wp\/v2\/types\/product"}],"replies":[{"embeddable":true,"href":"https:\/\/espacemenager2000.fr\/en\/wp-json\/wp\/v2\/comments?post=183"}],"wp:featuredmedia":[{"embeddable":true,"href":"https:\/\/espacemenager2000.fr\/en\/wp-json\/wp\/v2\/media\/184"}],"wp:attachment":[{"href":"https:\/\/espacemenager2000.fr\/en\/wp-json\/wp\/v2\/media?parent=183"}],"wp:term":[{"taxonomy":"product_brand","embeddable":true,"href":"https:\/\/espacemenager2000.fr\/en\/wp-json\/wp\/v2\/product_brand?post=183"},{"taxonomy":"product_cat","embeddable":true,"href":"https:\/\/espacemenager2000.fr\/en\/wp-json\/wp\/v2\/product_cat?post=183"},{"taxonomy":"product_tag","embeddable":true,"href":"https:\/\/espacemenager2000.fr\/en\/wp-json\/wp\/v2\/product_tag?post=183"}],"curies":[{"name":"wp","href":"https:\/\/api.w.org\/{rel}","templated":true}]}}