{"id":177,"date":"2025-12-22T16:10:26","date_gmt":"2025-12-22T16:10:26","guid":{"rendered":"https:\/\/espacemenager2000.fr\/?post_type=product&#038;p=177"},"modified":"2026-05-10T20:41:43","modified_gmt":"2026-05-10T20:41:43","slug":"tapis-de-course-bodytone-active-run-400-gris","status":"publish","type":"product","link":"https:\/\/espacemenager2000.fr\/en\/product\/tapis-de-course-bodytone-active-run-400-gris\/","title":{"rendered":"Tapis de Course Bodytone Active RUN 400 Gris"},"content":{"rendered":"<h3>Tapis de Course Bodytone Active RUN 400 Gris<\/h3>\n<p><strong>Connectez-vous aux principales applications du march\u00e9 avec Tapis de Course Bodytone Active RUN 400 Gris OU Bodytone Active RUN 400. P<\/strong>articipez \u00e0 des comp\u00e9titions avec vos amis, suivez vos s\u00e9ances . d&#8217;entra\u00eenement et atteignez vos objectifs. Les machines bodytone sont connect\u00e9es \u00e0 Kinomap, Mybodytone, Volava, Zwift.<\/p>\n<h3>Caract\u00e9ristiques Tapis de Course Bodytone Active RUN 400 Couleur: Gris<\/h3>\n<div class=\"contenido\">\n<div><\/div>\n<div><strong>Caract\u00e9ristiques Bodytone Active RUN 400<\/strong><\/div>\n<div><\/div>\n<div><strong>Connectez-vous aux principales applications du march\u00e9<\/strong><br \/>\nParticipez \u00e0 des comp\u00e9titions avec vos amis, suivez vos s\u00e9ances d&#8217;entra\u00eenement et atteignez vos objectifs. Les machines bodytone sont connect\u00e9es \u00e0 Kinomap, Mybodytone, Volava, Zwift.<\/div>\n<div><\/div>\n<\/div>\n<div><strong>L&#8217;AR400SM\u00a0<\/strong>dispose d&#8217;un \u00e9cran o\u00f9 vous pouvez voir les m\u00e9triques de votre s\u00e9ance d&#8217;entra\u00eenement et connecter votre tapis de course aux principales applications du march\u00e9. Vous pouvez ainsi avoir toutes vos s\u00e9ances d&#8217;entra\u00eenement \u00e0 port\u00e9e de main et analyser l&#8217;\u00e9volution de vos entra\u00eenements.<\/div>\n<div><\/div>\n<div><strong>Coussin d&#8217;air<\/strong><br \/>\n<strong>L&#8217;Active Run 400 Smart\u00a0<\/strong>int\u00e8gre le syst\u00e8me SA Mode, un syst\u00e8me de coussin d&#8217;air qui vous aidera \u00e0 avoir de meilleures sensations de course, en modifiant la duret\u00e9 de votre foul\u00e9e et en obtenant une course plus fluide et moins blessante.<\/div>\n<div><\/div>\n<p><strong>15 niveaux d&#8217;inclinaison<\/strong><br \/>\nIl dispose d&#8217;un syst\u00e8me d&#8217;inclinaison automatique de 0%-12,4% id\u00e9al pour modeler vos s\u00e9ances \u00e0 votre guise ou pour une exp\u00e9rience immersive \u00e0 l&#8217;aide de simulateurs tels que Zwift, Kinomap ou MyBodytone.<\/p>\n<div><strong>Panneau de boutons et lecteur FC sur les bras<\/strong><br \/>\nSur les bras, vous trouverez le lecteur de fr\u00e9quence cardiaque et deux panneaux de boutons avec les fonctions Start\/Stop et Speed up or down.<\/div>\n<div><\/div>\n<div><strong>Haut-parleurs Bodytone Active RUN 400<\/strong><br \/>\n\u00c9coutez de la musique tout en faisant du sport gr\u00e2ce \u00e0 la connexion MP3 et aux haut-parleurs HD int\u00e9gr\u00e9s.<\/div>\n<div><\/div>\n<div><strong>Moteur Bodytone Active RUN 400<\/strong><br \/>\nSon moteur \u00e0 courant continu de 2,2 CV lui permet d&#8217;atteindre une vitesse de 16 km\/h.<\/div>\n<div><\/div>\n<div><\/div>\n<div><strong>Sp\u00e9cifications Bodytone Active RUN 400<\/strong><\/div>\n<div><\/div>\n<ul>\n<li><strong>Affichage<\/strong>: LED<\/li>\n<li><strong>Connectivit\u00e9<\/strong>: smart<\/li>\n<li><strong>Connectivit\u00e9 et multim\u00e9dia<\/strong>: connexion jack 3,5, connexion usb<\/li>\n<li><strong>Connectivit\u00e9 avec les applications<\/strong>: kinomap, mybodytone, zwift, volava<\/li>\n<li><strong>Haut-parleurs:<\/strong>\u00a0oui<\/li>\n<li><strong>Lecture de la fr\u00e9quence cardiaque<\/strong>: capteurs de fr\u00e9quence cardiaque inclus dans le guidon<\/li>\n<li><strong>Boutons du guidon<\/strong>: contr\u00f4le de l&#8217;inclinaison, contr\u00f4le de la vitesse<\/li>\n<li><strong>Boutons \u00e0 l&#8217;\u00e9cran:<\/strong>\u00a0bouton d&#8217;entra\u00eenement pr\u00e9d\u00e9fini, bouton de mode d&#8217;entra\u00eenement, bouton de d\u00e9sactivation du haut-parleur, bouton de mode Sa, bouton de contr\u00f4le de l&#8217;amortissement, bouton de d\u00e9marrage\/arr\u00eat, boutons de vitesse pr\u00e9d\u00e9finie, boutons multifonctions de volume et de saut de chanson, boutons de changement d&#8217;inclinaison, boutons de changement de vitesse.<\/li>\n<li><strong>Prise en charge des tablettes et des t\u00e9l\u00e9phones portables<\/strong>: oui<\/li>\n<li><strong>Vitesse<\/strong>: 1 &#8211; 16 km\/h<\/li>\n<li><strong>Amortissement<\/strong>: syst\u00e8me de mode sa, syst\u00e8me d&#8217;amortissement \u00e0 air.<\/li>\n<li><strong>Inclinaison<\/strong>: automatique, 15 niveaux : 0% &#8211; 12,4%.<\/li>\n<li><strong>Nombre<\/strong>\u00a0<strong>maximal d&#8217;heures d&#8217;utilisation:<\/strong>\u00a010h\/semaine<\/li>\n<li><strong>Intensit\u00e9<\/strong>: interm\u00e9diaire<\/li>\n<li><strong>Moteur<\/strong>: 2.2 hp dc<\/li>\n<li><strong>Surface de course<\/strong>: 122 x 42cm<\/li>\n<\/ul>\n<p><strong>Caract\u00e9ristiques <\/strong><\/p>\n<ul>\n<li>\n<div><strong>Caract\u00e9ristiques du tapis<\/strong>: 1,5 mm d&#8217;\u00e9paisseur<\/div>\n<\/li>\n<li>\n<div><strong>\u00c9quipements et suppl\u00e9ments:<\/strong>\u00a02 porte-bouteilles<\/div>\n<\/li>\n<li>\n<div><strong>Entretien<\/strong>: bodytone autolubricate belt\u00ae Tapis antistatique qui \u00e9limine les petits chocs \u00e9lectriques g\u00eanants pour le corps et qui, gr\u00e2ce \u00e0 son syst\u00e8me d&#8217;autolubrification, \u00e9vite d&#8217;endommager irr\u00e9m\u00e9diablement le moteur.<\/div>\n<\/li>\n<li>\n<div><strong>Poids maximum de l&#8217;utilisateur<\/strong>: 120 kg<\/div>\n<\/li>\n<li>\n<div><strong>Poids brut<\/strong>: 54 kg<\/div>\n<\/li>\n<li>\n<div><strong>Poids net<\/strong>: 45kg<\/div>\n<\/li>\n<li>\n<div><strong>Dimensions<\/strong>: 155 x 74 x 123cm<\/div>\n<\/li>\n<li>\n<div><strong>Dimensions de la bo\u00eete<\/strong>: 162 x 77 x 29cm<\/div>\n<\/li>\n<li>\n<div><strong>Processus d&#8217;assemblage<\/strong>: syst\u00e8me plug&amp;play<\/div>\n<\/li>\n<li>\n<div><strong>Couleur<\/strong>: jaune, bleu, gris, rouge<\/div>\n<\/li>\n<li>\n<div><strong>Roues de transport<\/strong>: Oui, le produit est \u00e9quip\u00e9 de roues pour faciliter le transport.<\/div>\n<\/li>\n<li>\n<div><strong>Exigences \u00e9lectriques<\/strong>: 230 vac \u00b110% 50\/60 hz<\/div>\n<\/li>\n<\/ul>\n<p>&nbsp;<\/p>\n<p>&nbsp;<\/p>\n<p>&nbsp;<\/p>\n<p>&nbsp;<\/p>","protected":false},"excerpt":{"rendered":"<div class=\"product attribute overview\">\n<div class=\"value\">\n<div>Entra\u00eenez-vous avec des amis, suivez vos mesures et participez \u00e0 des comp\u00e9titions pour am\u00e9liorer vos r\u00e9sultats. Les machines bodytone sont connect\u00e9es \u00e0 Kinomap, Mybodytone, Volava, Zwift.<\/div>\n<\/div>\n<\/div>","protected":false},"featured_media":178,"comment_status":"open","ping_status":"closed","template":"","meta":[],"product_brand":[24],"product_cat":[17,18,20,19],"product_tag":[22,23],"class_list":{"0":"post-177","1":"product","2":"type-product","3":"status-publish","4":"has-post-thumbnail","6":"product_brand-bodytone","7":"product_cat-bons-plans","8":"product_cat-promotions","9":"product_cat-tapis-de-course","10":"product_cat-training-fitness","11":"product_tag-tapis-de-course","12":"product_tag-tapis-de-course-bh","14":"first","15":"instock","16":"sale","17":"shipping-taxable","18":"purchasable","19":"product-type-simple"},"yoast_head":"<!-- This site is optimized with the Yoast SEO plugin v27.6 - https:\/\/yoast.com\/product\/yoast-seo-wordpress\/ -->\n<title>Tapis de Course Bodytone Active RUN 400 Gris - Vente d&#039;\u00c9lectrom\u00e9nager Neuf et Garanti \u00e0 Paris<\/title>\n<meta name=\"description\" content=\"Tapis de Course Bodytone Active RUN 400 Gris - Participez \u00e0 des comp\u00e9titions avec vos amis, suivez vos s\u00e9ances - d&#039;entra\u00eenement et atteignez vos objectifs.\" \/>\n<meta name=\"robots\" content=\"index, follow, max-snippet:-1, max-image-preview:large, max-video-preview:-1\" \/>\n<link rel=\"canonical\" href=\"https:\/\/espacemenager2000.fr\/en\/product\/tapis-de-course-bodytone-active-run-400-gris\/\" \/>\n<meta property=\"og:locale\" content=\"en_US\" \/>\n<meta property=\"og:type\" content=\"article\" \/>\n<meta property=\"og:title\" content=\"Tapis de Course Bodytone Active RUN 400 Gris - Vente d&#039;\u00c9lectrom\u00e9nager Neuf et Garanti \u00e0 Paris\" \/>\n<meta property=\"og:description\" content=\"Tapis de Course Bodytone Active RUN 400 Gris - Participez \u00e0 des comp\u00e9titions avec vos amis, suivez vos s\u00e9ances - d&#039;entra\u00eenement et atteignez vos objectifs.\" \/>\n<meta property=\"og:url\" content=\"https:\/\/espacemenager2000.fr\/en\/product\/tapis-de-course-bodytone-active-run-400-gris\/\" \/>\n<meta property=\"og:site_name\" content=\"Vente d&#039;\u00c9lectrom\u00e9nager Neuf et Garanti \u00e0 Paris\" \/>\n<meta property=\"article:publisher\" content=\"https:\/\/www.facebook.com\/p\/Espace-menager-2000-100068469618146\/\" \/>\n<meta property=\"article:modified_time\" content=\"2026-05-10T20:41:43+00:00\" \/>\n<meta property=\"og:image\" content=\"https:\/\/espacemenager2000.fr\/wp-content\/uploads\/2026\/05\/Bodytone-Active-RUN-400-1.jpg\" \/>\n\t<meta property=\"og:image:width\" content=\"800\" \/>\n\t<meta property=\"og:image:height\" content=\"800\" \/>\n\t<meta property=\"og:image:type\" content=\"image\/jpeg\" \/>\n<meta name=\"twitter:card\" content=\"summary_large_image\" \/>\n<meta name=\"twitter:label1\" content=\"Est. reading time\" \/>\n\t<meta name=\"twitter:data1\" content=\"5 minutes\" \/>\n<script type=\"application\/ld+json\" class=\"yoast-schema-graph\">{\"@context\":\"https:\\\/\\\/schema.org\",\"@graph\":[{\"@type\":\"WebPage\",\"@id\":\"https:\\\/\\\/espacemenager2000.fr\\\/produit\\\/tapis-de-course-bodytone-active-run-400-gris\\\/\",\"url\":\"https:\\\/\\\/espacemenager2000.fr\\\/produit\\\/tapis-de-course-bodytone-active-run-400-gris\\\/\",\"name\":\"Tapis de Course Bodytone Active RUN 400 Gris - Vente d&#039;\u00c9lectrom\u00e9nager Neuf et Garanti \u00e0 Paris\",\"isPartOf\":{\"@id\":\"https:\\\/\\\/espacemenager2000.fr\\\/#website\"},\"primaryImageOfPage\":{\"@id\":\"https:\\\/\\\/espacemenager2000.fr\\\/produit\\\/tapis-de-course-bodytone-active-run-400-gris\\\/#primaryimage\"},\"image\":{\"@id\":\"https:\\\/\\\/espacemenager2000.fr\\\/produit\\\/tapis-de-course-bodytone-active-run-400-gris\\\/#primaryimage\"},\"thumbnailUrl\":\"https:\\\/\\\/espacemenager2000.fr\\\/wp-content\\\/uploads\\\/2026\\\/05\\\/Bodytone-Active-RUN-400-1.jpg\",\"datePublished\":\"2025-12-22T16:10:26+00:00\",\"dateModified\":\"2026-05-10T20:41:43+00:00\",\"description\":\"Tapis de Course Bodytone Active RUN 400 Gris - Participez \u00e0 des comp\u00e9titions avec vos amis, suivez vos s\u00e9ances - d'entra\u00eenement et atteignez vos objectifs.\",\"breadcrumb\":{\"@id\":\"https:\\\/\\\/espacemenager2000.fr\\\/produit\\\/tapis-de-course-bodytone-active-run-400-gris\\\/#breadcrumb\"},\"inLanguage\":\"en-US\",\"potentialAction\":[{\"@type\":\"ReadAction\",\"target\":[\"https:\\\/\\\/espacemenager2000.fr\\\/produit\\\/tapis-de-course-bodytone-active-run-400-gris\\\/\"]}]},{\"@type\":\"ImageObject\",\"inLanguage\":\"en-US\",\"@id\":\"https:\\\/\\\/espacemenager2000.fr\\\/produit\\\/tapis-de-course-bodytone-active-run-400-gris\\\/#primaryimage\",\"url\":\"https:\\\/\\\/espacemenager2000.fr\\\/wp-content\\\/uploads\\\/2026\\\/05\\\/Bodytone-Active-RUN-400-1.jpg\",\"contentUrl\":\"https:\\\/\\\/espacemenager2000.fr\\\/wp-content\\\/uploads\\\/2026\\\/05\\\/Bodytone-Active-RUN-400-1.jpg\",\"width\":800,\"height\":800},{\"@type\":\"BreadcrumbList\",\"@id\":\"https:\\\/\\\/espacemenager2000.fr\\\/produit\\\/tapis-de-course-bodytone-active-run-400-gris\\\/#breadcrumb\",\"itemListElement\":[{\"@type\":\"ListItem\",\"position\":1,\"name\":\"Accueil\",\"item\":\"https:\\\/\\\/espacemenager2000.fr\\\/\"},{\"@type\":\"ListItem\",\"position\":2,\"name\":\"Boutique\",\"item\":\"https:\\\/\\\/espacemenager2000.fr\\\/boutique\\\/\"},{\"@type\":\"ListItem\",\"position\":3,\"name\":\"Tapis de Course Bodytone Active RUN 400 Gris\"}]},{\"@type\":\"WebSite\",\"@id\":\"https:\\\/\\\/espacemenager2000.fr\\\/#website\",\"url\":\"https:\\\/\\\/espacemenager2000.fr\\\/\",\"name\":\"Espace Menager 2000\",\"description\":\"Expert en \u00e9lectrom\u00e9nager depuis 2001, Espace M\u00e9nager 2000 vous propose une large gamme de produits : lave-linge, r\u00e9frig\u00e9rateurs, \u00e9lectronique et fitness. Profitez de notre savoir-faire en vente, r\u00e9paration et d\u00e9pannage. Livraison rapide dans toute la zone Euro. Qualit\u00e9 et service garantis.\",\"publisher\":{\"@id\":\"https:\\\/\\\/espacemenager2000.fr\\\/#organization\"},\"potentialAction\":[{\"@type\":\"SearchAction\",\"target\":{\"@type\":\"EntryPoint\",\"urlTemplate\":\"https:\\\/\\\/espacemenager2000.fr\\\/?s={search_term_string}\"},\"query-input\":{\"@type\":\"PropertyValueSpecification\",\"valueRequired\":true,\"valueName\":\"search_term_string\"}}],\"inLanguage\":\"en-US\"},{\"@type\":\"Organization\",\"@id\":\"https:\\\/\\\/espacemenager2000.fr\\\/#organization\",\"name\":\"Espace Menager 2000\",\"url\":\"https:\\\/\\\/espacemenager2000.fr\\\/\",\"logo\":{\"@type\":\"ImageObject\",\"inLanguage\":\"en-US\",\"@id\":\"https:\\\/\\\/espacemenager2000.fr\\\/#\\\/schema\\\/logo\\\/image\\\/\",\"url\":\"https:\\\/\\\/espacemenager2000.fr\\\/wp-content\\\/uploads\\\/2026\\\/05\\\/Fav-Em2000.png\",\"contentUrl\":\"https:\\\/\\\/espacemenager2000.fr\\\/wp-content\\\/uploads\\\/2026\\\/05\\\/Fav-Em2000.png\",\"width\":369,\"height\":369,\"caption\":\"Espace Menager 2000\"},\"image\":{\"@id\":\"https:\\\/\\\/espacemenager2000.fr\\\/#\\\/schema\\\/logo\\\/image\\\/\"},\"sameAs\":[\"https:\\\/\\\/www.facebook.com\\\/p\\\/Espace-menager-2000-100068469618146\\\/\"]}]}<\/script>\n<!-- \/ Yoast SEO plugin. -->","yoast_head_json":{"title":"Tapis de Course Bodytone Active RUN 400 Gris - Vente d&#039;\u00c9lectrom\u00e9nager Neuf et Garanti \u00e0 Paris","description":"Tapis de Course Bodytone Active RUN 400 Gris - Participez \u00e0 des comp\u00e9titions avec vos amis, suivez vos s\u00e9ances - d'entra\u00eenement et atteignez vos objectifs.","robots":{"index":"index","follow":"follow","max-snippet":"max-snippet:-1","max-image-preview":"max-image-preview:large","max-video-preview":"max-video-preview:-1"},"canonical":"https:\/\/espacemenager2000.fr\/en\/product\/tapis-de-course-bodytone-active-run-400-gris\/","og_locale":"en_US","og_type":"article","og_title":"Tapis de Course Bodytone Active RUN 400 Gris - Vente d&#039;\u00c9lectrom\u00e9nager Neuf et Garanti \u00e0 Paris","og_description":"Tapis de Course Bodytone Active RUN 400 Gris - Participez \u00e0 des comp\u00e9titions avec vos amis, suivez vos s\u00e9ances - d'entra\u00eenement et atteignez vos objectifs.","og_url":"https:\/\/espacemenager2000.fr\/en\/product\/tapis-de-course-bodytone-active-run-400-gris\/","og_site_name":"Vente d&#039;\u00c9lectrom\u00e9nager Neuf et Garanti \u00e0 Paris","article_publisher":"https:\/\/www.facebook.com\/p\/Espace-menager-2000-100068469618146\/","article_modified_time":"2026-05-10T20:41:43+00:00","og_image":[{"width":800,"height":800,"url":"https:\/\/espacemenager2000.fr\/wp-content\/uploads\/2026\/05\/Bodytone-Active-RUN-400-1.jpg","type":"image\/jpeg"}],"twitter_card":"summary_large_image","twitter_misc":{"Est. reading time":"5 minutes"},"schema":{"@context":"https:\/\/schema.org","@graph":[{"@type":"WebPage","@id":"https:\/\/espacemenager2000.fr\/produit\/tapis-de-course-bodytone-active-run-400-gris\/","url":"https:\/\/espacemenager2000.fr\/produit\/tapis-de-course-bodytone-active-run-400-gris\/","name":"Tapis de Course Bodytone Active RUN 400 Gris - Vente d&#039;\u00c9lectrom\u00e9nager Neuf et Garanti \u00e0 Paris","isPartOf":{"@id":"https:\/\/espacemenager2000.fr\/#website"},"primaryImageOfPage":{"@id":"https:\/\/espacemenager2000.fr\/produit\/tapis-de-course-bodytone-active-run-400-gris\/#primaryimage"},"image":{"@id":"https:\/\/espacemenager2000.fr\/produit\/tapis-de-course-bodytone-active-run-400-gris\/#primaryimage"},"thumbnailUrl":"https:\/\/espacemenager2000.fr\/wp-content\/uploads\/2026\/05\/Bodytone-Active-RUN-400-1.jpg","datePublished":"2025-12-22T16:10:26+00:00","dateModified":"2026-05-10T20:41:43+00:00","description":"Tapis de Course Bodytone Active RUN 400 Gris - Participez \u00e0 des comp\u00e9titions avec vos amis, suivez vos s\u00e9ances - d'entra\u00eenement et atteignez vos objectifs.","breadcrumb":{"@id":"https:\/\/espacemenager2000.fr\/produit\/tapis-de-course-bodytone-active-run-400-gris\/#breadcrumb"},"inLanguage":"en-US","potentialAction":[{"@type":"ReadAction","target":["https:\/\/espacemenager2000.fr\/produit\/tapis-de-course-bodytone-active-run-400-gris\/"]}]},{"@type":"ImageObject","inLanguage":"en-US","@id":"https:\/\/espacemenager2000.fr\/produit\/tapis-de-course-bodytone-active-run-400-gris\/#primaryimage","url":"https:\/\/espacemenager2000.fr\/wp-content\/uploads\/2026\/05\/Bodytone-Active-RUN-400-1.jpg","contentUrl":"https:\/\/espacemenager2000.fr\/wp-content\/uploads\/2026\/05\/Bodytone-Active-RUN-400-1.jpg","width":800,"height":800},{"@type":"BreadcrumbList","@id":"https:\/\/espacemenager2000.fr\/produit\/tapis-de-course-bodytone-active-run-400-gris\/#breadcrumb","itemListElement":[{"@type":"ListItem","position":1,"name":"Accueil","item":"https:\/\/espacemenager2000.fr\/"},{"@type":"ListItem","position":2,"name":"Boutique","item":"https:\/\/espacemenager2000.fr\/boutique\/"},{"@type":"ListItem","position":3,"name":"Tapis de Course Bodytone Active RUN 400 Gris"}]},{"@type":"WebSite","@id":"https:\/\/espacemenager2000.fr\/#website","url":"https:\/\/espacemenager2000.fr\/","name":"Espace Menager 2000","description":"Expert en \u00e9lectrom\u00e9nager depuis 2001, Espace M\u00e9nager 2000 vous propose une large gamme de produits : lave-linge, r\u00e9frig\u00e9rateurs, \u00e9lectronique et fitness. Profitez de notre savoir-faire en vente, r\u00e9paration et d\u00e9pannage. Livraison rapide dans toute la zone Euro. Qualit\u00e9 et service garantis.","publisher":{"@id":"https:\/\/espacemenager2000.fr\/#organization"},"potentialAction":[{"@type":"SearchAction","target":{"@type":"EntryPoint","urlTemplate":"https:\/\/espacemenager2000.fr\/?s={search_term_string}"},"query-input":{"@type":"PropertyValueSpecification","valueRequired":true,"valueName":"search_term_string"}}],"inLanguage":"en-US"},{"@type":"Organization","@id":"https:\/\/espacemenager2000.fr\/#organization","name":"Espace Menager 2000","url":"https:\/\/espacemenager2000.fr\/","logo":{"@type":"ImageObject","inLanguage":"en-US","@id":"https:\/\/espacemenager2000.fr\/#\/schema\/logo\/image\/","url":"https:\/\/espacemenager2000.fr\/wp-content\/uploads\/2026\/05\/Fav-Em2000.png","contentUrl":"https:\/\/espacemenager2000.fr\/wp-content\/uploads\/2026\/05\/Fav-Em2000.png","width":369,"height":369,"caption":"Espace Menager 2000"},"image":{"@id":"https:\/\/espacemenager2000.fr\/#\/schema\/logo\/image\/"},"sameAs":["https:\/\/www.facebook.com\/p\/Espace-menager-2000-100068469618146\/"]}]}},"_links":{"self":[{"href":"https:\/\/espacemenager2000.fr\/en\/wp-json\/wp\/v2\/product\/177","targetHints":{"allow":["GET"]}}],"collection":[{"href":"https:\/\/espacemenager2000.fr\/en\/wp-json\/wp\/v2\/product"}],"about":[{"href":"https:\/\/espacemenager2000.fr\/en\/wp-json\/wp\/v2\/types\/product"}],"replies":[{"embeddable":true,"href":"https:\/\/espacemenager2000.fr\/en\/wp-json\/wp\/v2\/comments?post=177"}],"wp:featuredmedia":[{"embeddable":true,"href":"https:\/\/espacemenager2000.fr\/en\/wp-json\/wp\/v2\/media\/178"}],"wp:attachment":[{"href":"https:\/\/espacemenager2000.fr\/en\/wp-json\/wp\/v2\/media?parent=177"}],"wp:term":[{"taxonomy":"product_brand","embeddable":true,"href":"https:\/\/espacemenager2000.fr\/en\/wp-json\/wp\/v2\/product_brand?post=177"},{"taxonomy":"product_cat","embeddable":true,"href":"https:\/\/espacemenager2000.fr\/en\/wp-json\/wp\/v2\/product_cat?post=177"},{"taxonomy":"product_tag","embeddable":true,"href":"https:\/\/espacemenager2000.fr\/en\/wp-json\/wp\/v2\/product_tag?post=177"}],"curies":[{"name":"wp","href":"https:\/\/api.w.org\/{rel}","templated":true}]}}