{"id":1572,"date":"2025-12-22T16:18:03","date_gmt":"2025-12-22T16:18:03","guid":{"rendered":"https:\/\/espacemenager2000.fr\/?post_type=product&#038;p=1572"},"modified":"2026-05-14T00:20:48","modified_gmt":"2026-05-14T00:20:48","slug":"kinetic-road-machine-control","status":"publish","type":"product","link":"https:\/\/espacemenager2000.fr\/en\/product\/kinetic-road-machine-control\/","title":{"rendered":"Kinetic road machine control"},"content":{"rendered":"<h2>Kinetic road machine control<\/h2>\n<p>Le\u00a0<strong>Kinetic Road Machine Control<\/strong> fait partie des derni\u00e8res g\u00e9n\u00e9rations de hometrainer.\u00a0 Il s&#8217;adresse aussi bien aux cyclistes occasionnels qu&#8217;aux plus confirm\u00e9s et permet de reproduire fidelement les sensations d&#8217;un entrainement en ext\u00e9rieur.<\/p>\n<h3>Description<\/h3>\n<div>\n<p>Le\u00a0<strong>Kinetic Road Machine <\/strong>fait partie des derni\u00e8res g\u00e9n\u00e9rations de hometrainer.<\/p>\n<p>Il s&#8217;adresse aussi bien aux cyclistes occasionnels qu&#8217;aux plus confirm\u00e9s et permet de reproduire fidelement les sensations d&#8217;un entrainement en ext\u00e9rieur.<\/p>\n<p>Pouvant simuler des pentes jusqu&#8217;\u00e0 10%, sa r\u00e9sistance jusqu&#8217;\u00e0 1800 watts vous permettra de vous entrainer avec beaucoup d&#8217;intensit\u00e9.<\/p>\n<p>Le home trainer Kinetic Road Machine Control int\u00e8gre un frein \u00e0 r\u00e9sistance \u00e9lectromagn\u00e9tique et une connectivit\u00e9 Bluetooth ou ANT+, qui\u00a0 permet de reccueillir vos donn\u00e9es d&#8217;entra\u00eenement telles que la vitesse, la cadence et la puissance sur des supports compatibles. Il est utilisable avec de nombreuses applications comme :\u00a0Kinetic Fit, Zwift ou TrainerRoad.<\/p>\n<h3>Points forts<\/h3>\n<ul>\n<li>Frein \u00e0 r\u00e9sistance \u00e9lectromagn\u00e9tique<\/li>\n<li>Comptatibilit\u00e9 Bluetooth et ANT+<\/li>\n<li>Simulation de pente jusqu&#8217;\u00e0 10%<\/li>\n<\/ul>\n<h3>Caract\u00e9ristiques techniques<\/h3>\n<ul>\n<li>Fixation du v\u00e9lo : sur roue-arri\u00e8re<\/li>\n<li>Logiciel Interactif : Oui<\/li>\n<li>Connectivit\u00e9 : ANT+, Bluetooth<\/li>\n<li>Puissance Maximale : 1800 Watts<\/li>\n<li>Pente maximale : 10%<\/li>\n<\/ul>\n<\/div>\n<table>\n<tbody>\n<tr>\n<td>Logiciel Interactif<\/td>\n<td>Oui<\/td>\n<\/tr>\n<\/tbody>\n<\/table>\n<p>Code produit fabriquant :\u00a0<span id=\"codeproduit\">T-6400<\/span><\/p>","protected":false},"excerpt":{"rendered":"<p>Le\u00a0<strong>Kinetic Road Machine Control<\/strong> fait partie des derni\u00e8res g\u00e9n\u00e9rations de hometrainer.\u00a0 Il s&#8217;adresse aussi bien aux cyclistes occasionnels qu&#8217;aux plus confirm\u00e9s et permet de reproduire fidelement les sensations d&#8217;un entrainement en ext\u00e9rieur.<\/p>","protected":false},"featured_media":1573,"comment_status":"open","ping_status":"closed","template":"","meta":[],"product_brand":[82],"product_cat":[17,69,18,19],"product_tag":[],"class_list":{"0":"post-1572","1":"product","2":"type-product","3":"status-publish","4":"has-post-thumbnail","6":"product_brand-kinetic","7":"product_cat-bons-plans","8":"product_cat-hometrainers","9":"product_cat-promotions","10":"product_cat-training-fitness","12":"first","13":"instock","14":"featured","15":"shipping-taxable","16":"purchasable","17":"product-type-simple"},"yoast_head":"<!-- This site is optimized with the Yoast SEO plugin v27.6 - https:\/\/yoast.com\/product\/yoast-seo-wordpress\/ -->\n<title>Kinetic road machine control - Promotion - Vente d&#039;\u00c9lectrom\u00e9nager Neuf et Garanti \u00e0 Paris<\/title>\n<meta name=\"description\" content=\"Kinetic road machine control - Il s&#039;adresse aussi bien aux cyclistes occasionnels qu&#039;aux plus confirm\u00e9s et permet de reproduire fid\u00e8lement les sensations d&#039;un entrainement en ext\u00e9rieur.\" \/>\n<meta name=\"robots\" content=\"index, follow, max-snippet:-1, max-image-preview:large, max-video-preview:-1\" \/>\n<link rel=\"canonical\" href=\"https:\/\/espacemenager2000.fr\/en\/product\/kinetic-road-machine-control\/\" \/>\n<meta property=\"og:locale\" content=\"en_US\" \/>\n<meta property=\"og:type\" content=\"article\" \/>\n<meta property=\"og:title\" content=\"Kinetic road machine control - Promotion - Vente d&#039;\u00c9lectrom\u00e9nager Neuf et Garanti \u00e0 Paris\" \/>\n<meta property=\"og:description\" content=\"Kinetic road machine control - Il s&#039;adresse aussi bien aux cyclistes occasionnels qu&#039;aux plus confirm\u00e9s et permet de reproduire fid\u00e8lement les sensations d&#039;un entrainement en ext\u00e9rieur.\" \/>\n<meta property=\"og:url\" content=\"https:\/\/espacemenager2000.fr\/en\/product\/kinetic-road-machine-control\/\" \/>\n<meta property=\"og:site_name\" content=\"Vente d&#039;\u00c9lectrom\u00e9nager Neuf et Garanti \u00e0 Paris\" \/>\n<meta property=\"article:publisher\" content=\"https:\/\/www.facebook.com\/p\/Espace-menager-2000-100068469618146\/\" \/>\n<meta property=\"article:modified_time\" content=\"2026-05-14T00:20:48+00:00\" \/>\n<meta property=\"og:image\" content=\"https:\/\/espacemenager2000.fr\/wp-content\/uploads\/2026\/05\/KI153_01.jpg\" \/>\n\t<meta property=\"og:image:width\" content=\"480\" \/>\n\t<meta property=\"og:image:height\" content=\"480\" \/>\n\t<meta property=\"og:image:type\" content=\"image\/jpeg\" \/>\n<meta name=\"twitter:card\" content=\"summary_large_image\" \/>\n<meta name=\"twitter:label1\" content=\"Est. reading time\" \/>\n\t<meta name=\"twitter:data1\" content=\"2 minutes\" \/>\n<script type=\"application\/ld+json\" class=\"yoast-schema-graph\">{\"@context\":\"https:\\\/\\\/schema.org\",\"@graph\":[{\"@type\":\"WebPage\",\"@id\":\"https:\\\/\\\/espacemenager2000.fr\\\/produit\\\/kinetic-road-machine-control\\\/\",\"url\":\"https:\\\/\\\/espacemenager2000.fr\\\/produit\\\/kinetic-road-machine-control\\\/\",\"name\":\"Kinetic road machine control - Promotion - Vente d&#039;\u00c9lectrom\u00e9nager Neuf et Garanti \u00e0 Paris\",\"isPartOf\":{\"@id\":\"https:\\\/\\\/espacemenager2000.fr\\\/#website\"},\"primaryImageOfPage\":{\"@id\":\"https:\\\/\\\/espacemenager2000.fr\\\/produit\\\/kinetic-road-machine-control\\\/#primaryimage\"},\"image\":{\"@id\":\"https:\\\/\\\/espacemenager2000.fr\\\/produit\\\/kinetic-road-machine-control\\\/#primaryimage\"},\"thumbnailUrl\":\"https:\\\/\\\/espacemenager2000.fr\\\/wp-content\\\/uploads\\\/2026\\\/05\\\/KI153_01.jpg\",\"datePublished\":\"2025-12-22T16:18:03+00:00\",\"dateModified\":\"2026-05-14T00:20:48+00:00\",\"description\":\"Kinetic road machine control - Il s'adresse aussi bien aux cyclistes occasionnels qu'aux plus confirm\u00e9s et permet de reproduire fid\u00e8lement les sensations d'un entrainement en ext\u00e9rieur.\",\"breadcrumb\":{\"@id\":\"https:\\\/\\\/espacemenager2000.fr\\\/produit\\\/kinetic-road-machine-control\\\/#breadcrumb\"},\"inLanguage\":\"en-US\",\"potentialAction\":[{\"@type\":\"ReadAction\",\"target\":[\"https:\\\/\\\/espacemenager2000.fr\\\/produit\\\/kinetic-road-machine-control\\\/\"]}]},{\"@type\":\"ImageObject\",\"inLanguage\":\"en-US\",\"@id\":\"https:\\\/\\\/espacemenager2000.fr\\\/produit\\\/kinetic-road-machine-control\\\/#primaryimage\",\"url\":\"https:\\\/\\\/espacemenager2000.fr\\\/wp-content\\\/uploads\\\/2026\\\/05\\\/KI153_01.jpg\",\"contentUrl\":\"https:\\\/\\\/espacemenager2000.fr\\\/wp-content\\\/uploads\\\/2026\\\/05\\\/KI153_01.jpg\",\"width\":480,\"height\":480},{\"@type\":\"BreadcrumbList\",\"@id\":\"https:\\\/\\\/espacemenager2000.fr\\\/produit\\\/kinetic-road-machine-control\\\/#breadcrumb\",\"itemListElement\":[{\"@type\":\"ListItem\",\"position\":1,\"name\":\"Accueil\",\"item\":\"https:\\\/\\\/espacemenager2000.fr\\\/\"},{\"@type\":\"ListItem\",\"position\":2,\"name\":\"Boutique\",\"item\":\"https:\\\/\\\/espacemenager2000.fr\\\/boutique\\\/\"},{\"@type\":\"ListItem\",\"position\":3,\"name\":\"Kinetic road machine control\"}]},{\"@type\":\"WebSite\",\"@id\":\"https:\\\/\\\/espacemenager2000.fr\\\/#website\",\"url\":\"https:\\\/\\\/espacemenager2000.fr\\\/\",\"name\":\"Espace Menager 2000\",\"description\":\"Expert en \u00e9lectrom\u00e9nager depuis 2001, Espace M\u00e9nager 2000 vous propose une large gamme de produits : lave-linge, r\u00e9frig\u00e9rateurs, \u00e9lectronique et fitness. Profitez de notre savoir-faire en vente, r\u00e9paration et d\u00e9pannage. Livraison rapide dans toute la zone Euro. Qualit\u00e9 et service garantis.\",\"publisher\":{\"@id\":\"https:\\\/\\\/espacemenager2000.fr\\\/#organization\"},\"potentialAction\":[{\"@type\":\"SearchAction\",\"target\":{\"@type\":\"EntryPoint\",\"urlTemplate\":\"https:\\\/\\\/espacemenager2000.fr\\\/?s={search_term_string}\"},\"query-input\":{\"@type\":\"PropertyValueSpecification\",\"valueRequired\":true,\"valueName\":\"search_term_string\"}}],\"inLanguage\":\"en-US\"},{\"@type\":\"Organization\",\"@id\":\"https:\\\/\\\/espacemenager2000.fr\\\/#organization\",\"name\":\"Espace Menager 2000\",\"url\":\"https:\\\/\\\/espacemenager2000.fr\\\/\",\"logo\":{\"@type\":\"ImageObject\",\"inLanguage\":\"en-US\",\"@id\":\"https:\\\/\\\/espacemenager2000.fr\\\/#\\\/schema\\\/logo\\\/image\\\/\",\"url\":\"https:\\\/\\\/espacemenager2000.fr\\\/wp-content\\\/uploads\\\/2026\\\/05\\\/Fav-Em2000.png\",\"contentUrl\":\"https:\\\/\\\/espacemenager2000.fr\\\/wp-content\\\/uploads\\\/2026\\\/05\\\/Fav-Em2000.png\",\"width\":369,\"height\":369,\"caption\":\"Espace Menager 2000\"},\"image\":{\"@id\":\"https:\\\/\\\/espacemenager2000.fr\\\/#\\\/schema\\\/logo\\\/image\\\/\"},\"sameAs\":[\"https:\\\/\\\/www.facebook.com\\\/p\\\/Espace-menager-2000-100068469618146\\\/\"]}]}<\/script>\n<!-- \/ Yoast SEO plugin. -->","yoast_head_json":{"title":"Kinetic road machine control - Promotion - Vente d&#039;\u00c9lectrom\u00e9nager Neuf et Garanti \u00e0 Paris","description":"Kinetic road machine control - Il s'adresse aussi bien aux cyclistes occasionnels qu'aux plus confirm\u00e9s et permet de reproduire fid\u00e8lement les sensations d'un entrainement en ext\u00e9rieur.","robots":{"index":"index","follow":"follow","max-snippet":"max-snippet:-1","max-image-preview":"max-image-preview:large","max-video-preview":"max-video-preview:-1"},"canonical":"https:\/\/espacemenager2000.fr\/en\/product\/kinetic-road-machine-control\/","og_locale":"en_US","og_type":"article","og_title":"Kinetic road machine control - Promotion - Vente d&#039;\u00c9lectrom\u00e9nager Neuf et Garanti \u00e0 Paris","og_description":"Kinetic road machine control - Il s'adresse aussi bien aux cyclistes occasionnels qu'aux plus confirm\u00e9s et permet de reproduire fid\u00e8lement les sensations d'un entrainement en ext\u00e9rieur.","og_url":"https:\/\/espacemenager2000.fr\/en\/product\/kinetic-road-machine-control\/","og_site_name":"Vente d&#039;\u00c9lectrom\u00e9nager Neuf et Garanti \u00e0 Paris","article_publisher":"https:\/\/www.facebook.com\/p\/Espace-menager-2000-100068469618146\/","article_modified_time":"2026-05-14T00:20:48+00:00","og_image":[{"width":480,"height":480,"url":"https:\/\/espacemenager2000.fr\/wp-content\/uploads\/2026\/05\/KI153_01.jpg","type":"image\/jpeg"}],"twitter_card":"summary_large_image","twitter_misc":{"Est. reading time":"2 minutes"},"schema":{"@context":"https:\/\/schema.org","@graph":[{"@type":"WebPage","@id":"https:\/\/espacemenager2000.fr\/produit\/kinetic-road-machine-control\/","url":"https:\/\/espacemenager2000.fr\/produit\/kinetic-road-machine-control\/","name":"Kinetic road machine control - Promotion - Vente d&#039;\u00c9lectrom\u00e9nager Neuf et Garanti \u00e0 Paris","isPartOf":{"@id":"https:\/\/espacemenager2000.fr\/#website"},"primaryImageOfPage":{"@id":"https:\/\/espacemenager2000.fr\/produit\/kinetic-road-machine-control\/#primaryimage"},"image":{"@id":"https:\/\/espacemenager2000.fr\/produit\/kinetic-road-machine-control\/#primaryimage"},"thumbnailUrl":"https:\/\/espacemenager2000.fr\/wp-content\/uploads\/2026\/05\/KI153_01.jpg","datePublished":"2025-12-22T16:18:03+00:00","dateModified":"2026-05-14T00:20:48+00:00","description":"Kinetic road machine control - Il s'adresse aussi bien aux cyclistes occasionnels qu'aux plus confirm\u00e9s et permet de reproduire fid\u00e8lement les sensations d'un entrainement en ext\u00e9rieur.","breadcrumb":{"@id":"https:\/\/espacemenager2000.fr\/produit\/kinetic-road-machine-control\/#breadcrumb"},"inLanguage":"en-US","potentialAction":[{"@type":"ReadAction","target":["https:\/\/espacemenager2000.fr\/produit\/kinetic-road-machine-control\/"]}]},{"@type":"ImageObject","inLanguage":"en-US","@id":"https:\/\/espacemenager2000.fr\/produit\/kinetic-road-machine-control\/#primaryimage","url":"https:\/\/espacemenager2000.fr\/wp-content\/uploads\/2026\/05\/KI153_01.jpg","contentUrl":"https:\/\/espacemenager2000.fr\/wp-content\/uploads\/2026\/05\/KI153_01.jpg","width":480,"height":480},{"@type":"BreadcrumbList","@id":"https:\/\/espacemenager2000.fr\/produit\/kinetic-road-machine-control\/#breadcrumb","itemListElement":[{"@type":"ListItem","position":1,"name":"Accueil","item":"https:\/\/espacemenager2000.fr\/"},{"@type":"ListItem","position":2,"name":"Boutique","item":"https:\/\/espacemenager2000.fr\/boutique\/"},{"@type":"ListItem","position":3,"name":"Kinetic road machine control"}]},{"@type":"WebSite","@id":"https:\/\/espacemenager2000.fr\/#website","url":"https:\/\/espacemenager2000.fr\/","name":"Espace Menager 2000","description":"Expert en \u00e9lectrom\u00e9nager depuis 2001, Espace M\u00e9nager 2000 vous propose une large gamme de produits : lave-linge, r\u00e9frig\u00e9rateurs, \u00e9lectronique et fitness. Profitez de notre savoir-faire en vente, r\u00e9paration et d\u00e9pannage. Livraison rapide dans toute la zone Euro. Qualit\u00e9 et service garantis.","publisher":{"@id":"https:\/\/espacemenager2000.fr\/#organization"},"potentialAction":[{"@type":"SearchAction","target":{"@type":"EntryPoint","urlTemplate":"https:\/\/espacemenager2000.fr\/?s={search_term_string}"},"query-input":{"@type":"PropertyValueSpecification","valueRequired":true,"valueName":"search_term_string"}}],"inLanguage":"en-US"},{"@type":"Organization","@id":"https:\/\/espacemenager2000.fr\/#organization","name":"Espace Menager 2000","url":"https:\/\/espacemenager2000.fr\/","logo":{"@type":"ImageObject","inLanguage":"en-US","@id":"https:\/\/espacemenager2000.fr\/#\/schema\/logo\/image\/","url":"https:\/\/espacemenager2000.fr\/wp-content\/uploads\/2026\/05\/Fav-Em2000.png","contentUrl":"https:\/\/espacemenager2000.fr\/wp-content\/uploads\/2026\/05\/Fav-Em2000.png","width":369,"height":369,"caption":"Espace Menager 2000"},"image":{"@id":"https:\/\/espacemenager2000.fr\/#\/schema\/logo\/image\/"},"sameAs":["https:\/\/www.facebook.com\/p\/Espace-menager-2000-100068469618146\/"]}]}},"_links":{"self":[{"href":"https:\/\/espacemenager2000.fr\/en\/wp-json\/wp\/v2\/product\/1572","targetHints":{"allow":["GET"]}}],"collection":[{"href":"https:\/\/espacemenager2000.fr\/en\/wp-json\/wp\/v2\/product"}],"about":[{"href":"https:\/\/espacemenager2000.fr\/en\/wp-json\/wp\/v2\/types\/product"}],"replies":[{"embeddable":true,"href":"https:\/\/espacemenager2000.fr\/en\/wp-json\/wp\/v2\/comments?post=1572"}],"wp:featuredmedia":[{"embeddable":true,"href":"https:\/\/espacemenager2000.fr\/en\/wp-json\/wp\/v2\/media\/1573"}],"wp:attachment":[{"href":"https:\/\/espacemenager2000.fr\/en\/wp-json\/wp\/v2\/media?parent=1572"}],"wp:term":[{"taxonomy":"product_brand","embeddable":true,"href":"https:\/\/espacemenager2000.fr\/en\/wp-json\/wp\/v2\/product_brand?post=1572"},{"taxonomy":"product_cat","embeddable":true,"href":"https:\/\/espacemenager2000.fr\/en\/wp-json\/wp\/v2\/product_cat?post=1572"},{"taxonomy":"product_tag","embeddable":true,"href":"https:\/\/espacemenager2000.fr\/en\/wp-json\/wp\/v2\/product_tag?post=1572"}],"curies":[{"name":"wp","href":"https:\/\/api.w.org\/{rel}","templated":true}]}}