{"id":1558,"date":"2025-12-22T16:18:03","date_gmt":"2025-12-22T16:18:03","guid":{"rendered":"https:\/\/espacemenager2000.fr\/?post_type=product&#038;p=1558"},"modified":"2026-05-14T00:20:45","modified_gmt":"2026-05-14T00:20:45","slug":"feedback-sports-omnium-over-drive-rouleau-libre","status":"publish","type":"product","link":"https:\/\/espacemenager2000.fr\/en\/product\/feedback-sports-omnium-over-drive-rouleau-libre\/","title":{"rendered":"Feedback Sports Omnium Over-Drive Rouleau Libre"},"content":{"rendered":"<h2>Feedback Sports Omnium Over-Drive Rouleau Libre<\/h2>\n<p>Le\u00a0<strong>Feedback Sports Omnium Portable Trainer<\/strong>\u00a0est la solution optimale pour l&#8217;\u00e9chauffement avant la course, pour les voyages ainsi que pour les froides journ\u00e9es d&#8217;hiver \u00e0 la maison. Le trainer est r\u00e9glable en hauteur au niveau de la fourche et en longueur, ce qui permet de l&#8217;adapter sans probl\u00e8me \u00e0 la majorit\u00e9 des v\u00e9los, qu&#8217;il s&#8217;agisse de v\u00e9los de course ou de VTT.<\/p>\n<h2 class=\"product-detail-description__title\">Feedback Sports Omnium &#8211; Over-Drive Rouleau Libre &#8211; rouge<\/h2>\n<div class=\"product-detail-description__content\">\n<div class=\"cms-content\">\n<p>Le\u00a0<strong>Feedback Sports Omnium Portable Trainer<\/strong>\u00a0est la solution optimale pour l&#8217;\u00e9chauffement avant la course, pour les voyages ainsi que pour les froides journ\u00e9es d&#8217;hiver \u00e0 la maison. Le trainer est r\u00e9glable en hauteur au niveau de la fourche et en longueur, ce qui permet de l&#8217;adapter sans probl\u00e8me \u00e0 la majorit\u00e9 des v\u00e9los, qu&#8217;il s&#8217;agisse de v\u00e9los de course ou de VTT.<\/p>\n<p>Gr\u00e2ce au design &#8220;Fork-Mount&#8221;, la roue arri\u00e8re reste sur le v\u00e9lo, ce qui facilite consid\u00e9rablement le retour du v\u00e9lo \u00e0 son \u00e9tat normal. L&#8217;Omnium g\u00e9n\u00e8re une augmentation automatique de la r\u00e9sistance (IPR) gr\u00e2ce \u00e0 une unit\u00e9 de r\u00e9sistance magn\u00e9tique brevet\u00e9e, ce qui permet une sensation de conduite authentique et une conduite dynamique. Les rouleaux m\u00e9nagent les pneus, ce qui \u00e9vite de devoir changer les roues avant la course. De plus, les rouleaux de pr\u00e9cision avec l&#8217;IPR (Internal Progressive Resistance) fonctionnent tr\u00e8s silencieusement. Par cons\u00e9quent, on peut \u00eatre s\u00fbr que les voisins ne seront pas d\u00e9rang\u00e9s lors d&#8217;une s\u00e9ance d&#8217;entra\u00eenement en int\u00e9rieur.<\/p>\n<p>Pr\u00e9cision, transportabilit\u00e9, innovation et durabilit\u00e9 caract\u00e9risent ce Portable Bike Trainer. Avec sa surface d&#8217;appui compacte, le trainer \u00e0 roulettes s&#8217;adapte m\u00eame aux plus petits espaces. Il se monte ou se d\u00e9monte en un tour de main et n&#8217;occupe que peu de place lorsqu&#8217;il n&#8217;est pas utilis\u00e9. Et si l&#8217;on part en voyage, il peut \u00eatre facilement rang\u00e9 et emport\u00e9 dans le sac de transport correspondant, car l&#8217;entra\u00eeneur pliable est autoris\u00e9 par les compagnies a\u00e9riennes pour les bagages \u00e0 main. Et avec seulement 6,35 kg, c&#8217;est un v\u00e9ritable poids plume, tr\u00e8s facile \u00e0 transporter.<\/p>\n<h3>D\u00e9tails du\u00a0Feedback Sports\u00a0Omnium Over-Drive\u00a0&#8211; Rouleau libre<\/h3>\n<ul>\n<li>La r\u00e9sistance progressivement croissante simule une authentique sensation de conduite sur route (r\u00e9sistance au roulement et \u00e0 l&#8217;air)<\/li>\n<li>Exp\u00e9rience de conduite la plus r\u00e9aliste possible gr\u00e2ce \u00e0 une roue arri\u00e8re flottante et dynamique<\/li>\n<li>Unit\u00e9 de r\u00e9sistance brevet\u00e9e qui ne fonctionne pas par frottement, mais par courant de Foucault induit magn\u00e9tiquement<\/li>\n<li>Enti\u00e8rement pr\u00e9mont\u00e9, facile \u00e0 d\u00e9plier<\/li>\n<li>Compatible avec les attaches rapides standard et les axes traversants (12 x 100 mm, 15 x 100 mm et 15 x 110 mm Boost)<\/li>\n<li>Compatible avec des roues de 16&#8243; \u00e0 29&#8243; gr\u00e2ce au porte-fourche r\u00e9glable en hauteur et au design du chariot<\/li>\n<li>Adaptable \u00e0 la plupart des tailles et g\u00e9om\u00e9tries de cadre (empattement variable de 840 \u00e0 1200 mm)<\/li>\n<li>Les roulements sont graiss\u00e9s et \u00e9tanches &#8211; pas d&#8217;entretien n\u00e9cessaire<\/li>\n<li>Roulettes en aluminium d&#8217;environ 10 cm (4&#8243;) de large et usin\u00e9es avec pr\u00e9cision pour une conduite fluide et silencieuse<\/li>\n<li>Sac de transport robuste pour un transport et un stockage faciles (inclus)<\/li>\n<li>Transport facile gr\u00e2ce \u00e0 son faible poids<\/li>\n<li>En cas d&#8217;utilisation d&#8217;un capteur de vitesse de la roue arri\u00e8re ANT+ ou Bluetooth, compatible avec les applications cyclistes : Zwift, The Sufferfest, TrainerRoad et fonction<\/li>\n<\/ul>\n<h2 class=\"product-detail-data-sheet__title\">Fiche technique pour Feedback Sports Omnium &#8211; Over-Drive Rouleau Libre &#8211; rouge<\/h2>\n<table class=\"product-detail-data-sheet__table\">\n<tbody>\n<tr class=\"product-detail-data-sheet__row\">\n<td class=\"product-detail-data-sheet__cell product-detail-data-sheet__cell--title\">Nom de produit:<\/td>\n<td class=\"product-detail-data-sheet__cell product-detail-data-sheet__cell--value\">Feedback Sports Omnium &#8211; Over-Drive Rouleau Libre &#8211; rouge<\/td>\n<\/tr>\n<tr class=\"product-detail-data-sheet__row\">\n<td class=\"product-detail-data-sheet__cell product-detail-data-sheet__cell--title\">Marque:<\/td>\n<td class=\"product-detail-data-sheet__cell product-detail-data-sheet__cell--value\">Feedback Sports<\/td>\n<\/tr>\n<tr class=\"product-detail-data-sheet__row\">\n<td class=\"product-detail-data-sheet__cell product-detail-data-sheet__cell--title\">Num\u00e9ro d\u2019article:<\/td>\n<td class=\"product-detail-data-sheet__cell product-detail-data-sheet__cell--value\">FBS259499<\/td>\n<\/tr>\n<tr class=\"product-detail-data-sheet__row\">\n<td class=\"product-detail-data-sheet__cell product-detail-data-sheet__cell--title\">Activit\u00e9:<\/td>\n<td class=\"product-detail-data-sheet__cell product-detail-data-sheet__cell--value\">Cyclisme<\/td>\n<\/tr>\n<tr class=\"product-detail-data-sheet__row\">\n<td class=\"product-detail-data-sheet__cell product-detail-data-sheet__cell--title\">Domaine d&#8217;utilisation:<\/td>\n<td class=\"product-detail-data-sheet__cell product-detail-data-sheet__cell--value\">Home-Trainer<\/td>\n<\/tr>\n<tr class=\"product-detail-data-sheet__row\">\n<td class=\"product-detail-data-sheet__cell product-detail-data-sheet__cell--title\">Taille de roue:<\/td>\n<td class=\"product-detail-data-sheet__cell product-detail-data-sheet__cell--value\">20&#8243; (406mm), 26&#8243; (559mm), 27,5&#8243; \/ 650B (584mm), 28&#8243; (622mm) (700C), 29&#8243; (622mm), 16&#8243; (305mm)<\/td>\n<\/tr>\n<tr class=\"product-detail-data-sheet__row\">\n<td class=\"product-detail-data-sheet__cell product-detail-data-sheet__cell--title\">Mod\u00e8le d\u2019entra\u00eenement:<\/td>\n<td class=\"product-detail-data-sheet__cell product-detail-data-sheet__cell--value\">Rouleau libre (roller)<\/td>\n<\/tr>\n<tr class=\"product-detail-data-sheet__row\">\n<td class=\"product-detail-data-sheet__cell product-detail-data-sheet__cell--title\">Frein d&#8217;entra\u00eenement:<\/td>\n<td class=\"product-detail-data-sheet__cell product-detail-data-sheet__cell--value\">Frein magn\u00e9tique<\/td>\n<\/tr>\n<tr class=\"product-detail-data-sheet__row\">\n<td class=\"product-detail-data-sheet__cell product-detail-data-sheet__cell--title\">Ann\u00e9e du mod\u00e8le:<\/td>\n<td class=\"product-detail-data-sheet__cell product-detail-data-sheet__cell--value\">2025<\/td>\n<\/tr>\n<tr class=\"product-detail-data-sheet__row\">\n<td class=\"product-detail-data-sheet__cell product-detail-data-sheet__cell--title\">Collection:<\/td>\n<td class=\"product-detail-data-sheet__cell product-detail-data-sheet__cell--value\">Toute l&#8217;ann\u00e9e<\/td>\n<\/tr>\n<tr class=\"product-detail-data-sheet__row\">\n<td class=\"product-detail-data-sheet__cell product-detail-data-sheet__cell--title\">Couleur:<\/td>\n<td class=\"product-detail-data-sheet__cell product-detail-data-sheet__cell--value\">Rouge<\/td>\n<\/tr>\n<tr class=\"product-detail-data-sheet__row\">\n<td class=\"product-detail-data-sheet__cell product-detail-data-sheet__cell--title\">Poids:<\/td>\n<td class=\"product-detail-data-sheet__cell product-detail-data-sheet__cell--value\">6350g<\/td>\n<\/tr>\n<tr class=\"product-detail-data-sheet__row\">\n<td class=\"product-detail-data-sheet__cell product-detail-data-sheet__cell--title\">Num\u00e9ro d&#8217;article du fabricant:<\/td>\n<td class=\"product-detail-data-sheet__cell product-detail-data-sheet__cell--value\">17084<\/td>\n<\/tr>\n<tr class=\"product-detail-data-sheet__row\">\n<td class=\"product-detail-data-sheet__cell product-detail-data-sheet__cell--title\">Source de l&#8217;indication de poids:<\/td>\n<td class=\"product-detail-data-sheet__cell product-detail-data-sheet__cell--value\">Fabricant<\/td>\n<\/tr>\n<tr class=\"product-detail-data-sheet__row\">\n<td class=\"product-detail-data-sheet__cell product-detail-data-sheet__cell--title\">Restriction de poids:<\/td>\n<td class=\"product-detail-data-sheet__cell product-detail-data-sheet__cell--value\">102kg<\/td>\n<\/tr>\n<tr class=\"product-detail-data-sheet__row\">\n<td class=\"product-detail-data-sheet__cell product-detail-data-sheet__cell--title\">GTIN:<\/td>\n<td class=\"product-detail-data-sheet__cell product-detail-data-sheet__cell--value\">817966010659<\/td>\n<\/tr>\n<tr class=\"product-detail-data-sheet__row\">\n<td class=\"product-detail-data-sheet__cell product-detail-data-sheet__cell--title\">Page du fabricant:<\/td>\n<td class=\"product-detail-data-sheet__cell product-detail-data-sheet__cell--value\">http:\/\/www.feedbacksports.com\/<\/td>\n<\/tr>\n<\/tbody>\n<\/table>\n<\/div>\n<\/div>","protected":false},"excerpt":{"rendered":"<div class=\"product attribute overview\">\n<div class=\"value\">\n<div class=\"elementor-widget elementor-element elementor-element-cenezrn elementor-widget-text-editor\" data-element_type=\"text-editor\">\n<div class=\"elementor-widget-container\">\n<div class=\"elementor-text-editor rte-content\">\n<p>Le\u00a0<strong>Feedback Sports Omnium Portable Trainer<\/strong>\u00a0est la solution optimale pour l&#8217;\u00e9chauffement avant la course, pour les voyages ainsi que pour les froides journ\u00e9es d&#8217;hiver \u00e0 la maison. Le trainer est r\u00e9glable en hauteur au niveau de la fourche et en longueur, ce qui permet de l&#8217;adapter sans probl\u00e8me \u00e0 la majorit\u00e9 des v\u00e9los, qu&#8217;il s&#8217;agisse de v\u00e9los de course ou de VTT.<\/p>\n<\/div>\n<\/div>\n<\/div>\n<div class=\"elementor-widget elementor-element elementor-element-ki1x5cr elementor-widget-text-editor\" data-element_type=\"text-editor\">\n<div class=\"elementor-widget-container\">\n<div class=\"elementor-text-editor rte-content\"><a class=\"zReHs\" href=\"https:\/\/hemvelos.com\/produit\/velo-dinterieur-wahoo-fitness-kickr-bike-shift\/\" data-ved=\"2ahUKEwj2oNmc04KOAxXTUUEAHe9kDrYQFnoECB0QAQ\"><br \/>\n<\/a><\/p>\n<div class=\"notranslate ESMNde HGLrXd ojE3Fb\">\n<div class=\"q0vns\">\n<div class=\"eqA2re UnOTSe Vwoesf\" aria-hidden=\"true\"><\/div>\n<\/div>\n<\/div>\n<\/div>\n<\/div>\n<\/div>\n<\/div>\n<\/div>","protected":false},"featured_media":1559,"comment_status":"open","ping_status":"closed","template":"","meta":[],"product_brand":[80],"product_cat":[17,69,18,19],"product_tag":[71],"class_list":{"0":"post-1558","1":"product","2":"type-product","3":"status-publish","4":"has-post-thumbnail","6":"product_brand-feedback-sports","7":"product_cat-bons-plans","8":"product_cat-hometrainers","9":"product_cat-promotions","10":"product_cat-training-fitness","11":"product_tag-hometrainers","13":"first","14":"instock","15":"featured","16":"shipping-taxable","17":"purchasable","18":"product-type-simple"},"yoast_head":"<!-- This site is optimized with the Yoast SEO plugin v27.6 - https:\/\/yoast.com\/product\/yoast-seo-wordpress\/ -->\n<title>Feedback Sports Omnium - Promotion - Vente d&#039;\u00c9lectrom\u00e9nager Neuf et Garanti \u00e0 Paris<\/title>\n<meta name=\"description\" content=\"Feedback Sports Omnium - Le trainer est r\u00e9glable en hauteur au niveau de la fourche et en longueur, ce qui permet de l&#039;adapter sans probl\u00e8me \u00e0 la majorit\u00e9 des v\u00e9los, qu&#039;il s&#039;agisse de v\u00e9los de course ou de VTT.\" \/>\n<meta name=\"robots\" content=\"index, follow, max-snippet:-1, max-image-preview:large, max-video-preview:-1\" \/>\n<link rel=\"canonical\" href=\"https:\/\/espacemenager2000.fr\/en\/product\/feedback-sports-omnium-over-drive-rouleau-libre\/\" \/>\n<meta property=\"og:locale\" content=\"en_US\" \/>\n<meta property=\"og:type\" content=\"article\" \/>\n<meta property=\"og:title\" content=\"Feedback Sports Omnium - Promotion - Vente d&#039;\u00c9lectrom\u00e9nager Neuf et Garanti \u00e0 Paris\" \/>\n<meta property=\"og:description\" content=\"Feedback Sports Omnium - Le trainer est r\u00e9glable en hauteur au niveau de la fourche et en longueur, ce qui permet de l&#039;adapter sans probl\u00e8me \u00e0 la majorit\u00e9 des v\u00e9los, qu&#039;il s&#039;agisse de v\u00e9los de course ou de VTT.\" \/>\n<meta property=\"og:url\" content=\"https:\/\/espacemenager2000.fr\/en\/product\/feedback-sports-omnium-over-drive-rouleau-libre\/\" \/>\n<meta property=\"og:site_name\" content=\"Vente d&#039;\u00c9lectrom\u00e9nager Neuf et Garanti \u00e0 Paris\" \/>\n<meta property=\"article:publisher\" content=\"https:\/\/www.facebook.com\/p\/Espace-menager-2000-100068469618146\/\" \/>\n<meta property=\"article:modified_time\" content=\"2026-05-14T00:20:45+00:00\" \/>\n<meta property=\"og:image\" content=\"https:\/\/espacemenager2000.fr\/wp-content\/uploads\/2026\/05\/feedback-sports-omnium-over-drive-bike-roller-red-1579421.jpg\" \/>\n\t<meta property=\"og:image:width\" content=\"1200\" \/>\n\t<meta property=\"og:image:height\" content=\"1200\" \/>\n\t<meta property=\"og:image:type\" content=\"image\/jpeg\" \/>\n<meta name=\"twitter:card\" content=\"summary_large_image\" \/>\n<meta name=\"twitter:label1\" content=\"Est. reading time\" \/>\n\t<meta name=\"twitter:data1\" content=\"4 minutes\" \/>\n<script type=\"application\/ld+json\" class=\"yoast-schema-graph\">{\"@context\":\"https:\\\/\\\/schema.org\",\"@graph\":[{\"@type\":\"WebPage\",\"@id\":\"https:\\\/\\\/espacemenager2000.fr\\\/produit\\\/feedback-sports-omnium-over-drive-rouleau-libre\\\/\",\"url\":\"https:\\\/\\\/espacemenager2000.fr\\\/produit\\\/feedback-sports-omnium-over-drive-rouleau-libre\\\/\",\"name\":\"Feedback Sports Omnium - Promotion - Vente d&#039;\u00c9lectrom\u00e9nager Neuf et Garanti \u00e0 Paris\",\"isPartOf\":{\"@id\":\"https:\\\/\\\/espacemenager2000.fr\\\/#website\"},\"primaryImageOfPage\":{\"@id\":\"https:\\\/\\\/espacemenager2000.fr\\\/produit\\\/feedback-sports-omnium-over-drive-rouleau-libre\\\/#primaryimage\"},\"image\":{\"@id\":\"https:\\\/\\\/espacemenager2000.fr\\\/produit\\\/feedback-sports-omnium-over-drive-rouleau-libre\\\/#primaryimage\"},\"thumbnailUrl\":\"https:\\\/\\\/espacemenager2000.fr\\\/wp-content\\\/uploads\\\/2026\\\/05\\\/feedback-sports-omnium-over-drive-bike-roller-red-1579421.jpg\",\"datePublished\":\"2025-12-22T16:18:03+00:00\",\"dateModified\":\"2026-05-14T00:20:45+00:00\",\"description\":\"Feedback Sports Omnium - Le trainer est r\u00e9glable en hauteur au niveau de la fourche et en longueur, ce qui permet de l'adapter sans probl\u00e8me \u00e0 la majorit\u00e9 des v\u00e9los, qu'il s'agisse de v\u00e9los de course ou de VTT.\",\"breadcrumb\":{\"@id\":\"https:\\\/\\\/espacemenager2000.fr\\\/produit\\\/feedback-sports-omnium-over-drive-rouleau-libre\\\/#breadcrumb\"},\"inLanguage\":\"en-US\",\"potentialAction\":[{\"@type\":\"ReadAction\",\"target\":[\"https:\\\/\\\/espacemenager2000.fr\\\/produit\\\/feedback-sports-omnium-over-drive-rouleau-libre\\\/\"]}]},{\"@type\":\"ImageObject\",\"inLanguage\":\"en-US\",\"@id\":\"https:\\\/\\\/espacemenager2000.fr\\\/produit\\\/feedback-sports-omnium-over-drive-rouleau-libre\\\/#primaryimage\",\"url\":\"https:\\\/\\\/espacemenager2000.fr\\\/wp-content\\\/uploads\\\/2026\\\/05\\\/feedback-sports-omnium-over-drive-bike-roller-red-1579421.jpg\",\"contentUrl\":\"https:\\\/\\\/espacemenager2000.fr\\\/wp-content\\\/uploads\\\/2026\\\/05\\\/feedback-sports-omnium-over-drive-bike-roller-red-1579421.jpg\",\"width\":1200,\"height\":1200},{\"@type\":\"BreadcrumbList\",\"@id\":\"https:\\\/\\\/espacemenager2000.fr\\\/produit\\\/feedback-sports-omnium-over-drive-rouleau-libre\\\/#breadcrumb\",\"itemListElement\":[{\"@type\":\"ListItem\",\"position\":1,\"name\":\"Accueil\",\"item\":\"https:\\\/\\\/espacemenager2000.fr\\\/\"},{\"@type\":\"ListItem\",\"position\":2,\"name\":\"Boutique\",\"item\":\"https:\\\/\\\/espacemenager2000.fr\\\/boutique\\\/\"},{\"@type\":\"ListItem\",\"position\":3,\"name\":\"Feedback Sports Omnium Over-Drive Rouleau Libre\"}]},{\"@type\":\"WebSite\",\"@id\":\"https:\\\/\\\/espacemenager2000.fr\\\/#website\",\"url\":\"https:\\\/\\\/espacemenager2000.fr\\\/\",\"name\":\"Espace Menager 2000\",\"description\":\"Expert en \u00e9lectrom\u00e9nager depuis 2001, Espace M\u00e9nager 2000 vous propose une large gamme de produits : lave-linge, r\u00e9frig\u00e9rateurs, \u00e9lectronique et fitness. Profitez de notre savoir-faire en vente, r\u00e9paration et d\u00e9pannage. Livraison rapide dans toute la zone Euro. Qualit\u00e9 et service garantis.\",\"publisher\":{\"@id\":\"https:\\\/\\\/espacemenager2000.fr\\\/#organization\"},\"potentialAction\":[{\"@type\":\"SearchAction\",\"target\":{\"@type\":\"EntryPoint\",\"urlTemplate\":\"https:\\\/\\\/espacemenager2000.fr\\\/?s={search_term_string}\"},\"query-input\":{\"@type\":\"PropertyValueSpecification\",\"valueRequired\":true,\"valueName\":\"search_term_string\"}}],\"inLanguage\":\"en-US\"},{\"@type\":\"Organization\",\"@id\":\"https:\\\/\\\/espacemenager2000.fr\\\/#organization\",\"name\":\"Espace Menager 2000\",\"url\":\"https:\\\/\\\/espacemenager2000.fr\\\/\",\"logo\":{\"@type\":\"ImageObject\",\"inLanguage\":\"en-US\",\"@id\":\"https:\\\/\\\/espacemenager2000.fr\\\/#\\\/schema\\\/logo\\\/image\\\/\",\"url\":\"https:\\\/\\\/espacemenager2000.fr\\\/wp-content\\\/uploads\\\/2026\\\/05\\\/Fav-Em2000.png\",\"contentUrl\":\"https:\\\/\\\/espacemenager2000.fr\\\/wp-content\\\/uploads\\\/2026\\\/05\\\/Fav-Em2000.png\",\"width\":369,\"height\":369,\"caption\":\"Espace Menager 2000\"},\"image\":{\"@id\":\"https:\\\/\\\/espacemenager2000.fr\\\/#\\\/schema\\\/logo\\\/image\\\/\"},\"sameAs\":[\"https:\\\/\\\/www.facebook.com\\\/p\\\/Espace-menager-2000-100068469618146\\\/\"]}]}<\/script>\n<!-- \/ Yoast SEO plugin. -->","yoast_head_json":{"title":"Feedback Sports Omnium - Promotion - Vente d&#039;\u00c9lectrom\u00e9nager Neuf et Garanti \u00e0 Paris","description":"Feedback Sports Omnium - Le trainer est r\u00e9glable en hauteur au niveau de la fourche et en longueur, ce qui permet de l'adapter sans probl\u00e8me \u00e0 la majorit\u00e9 des v\u00e9los, qu'il s'agisse de v\u00e9los de course ou de VTT.","robots":{"index":"index","follow":"follow","max-snippet":"max-snippet:-1","max-image-preview":"max-image-preview:large","max-video-preview":"max-video-preview:-1"},"canonical":"https:\/\/espacemenager2000.fr\/en\/product\/feedback-sports-omnium-over-drive-rouleau-libre\/","og_locale":"en_US","og_type":"article","og_title":"Feedback Sports Omnium - Promotion - Vente d&#039;\u00c9lectrom\u00e9nager Neuf et Garanti \u00e0 Paris","og_description":"Feedback Sports Omnium - Le trainer est r\u00e9glable en hauteur au niveau de la fourche et en longueur, ce qui permet de l'adapter sans probl\u00e8me \u00e0 la majorit\u00e9 des v\u00e9los, qu'il s'agisse de v\u00e9los de course ou de VTT.","og_url":"https:\/\/espacemenager2000.fr\/en\/product\/feedback-sports-omnium-over-drive-rouleau-libre\/","og_site_name":"Vente d&#039;\u00c9lectrom\u00e9nager Neuf et Garanti \u00e0 Paris","article_publisher":"https:\/\/www.facebook.com\/p\/Espace-menager-2000-100068469618146\/","article_modified_time":"2026-05-14T00:20:45+00:00","og_image":[{"width":1200,"height":1200,"url":"https:\/\/espacemenager2000.fr\/wp-content\/uploads\/2026\/05\/feedback-sports-omnium-over-drive-bike-roller-red-1579421.jpg","type":"image\/jpeg"}],"twitter_card":"summary_large_image","twitter_misc":{"Est. reading time":"4 minutes"},"schema":{"@context":"https:\/\/schema.org","@graph":[{"@type":"WebPage","@id":"https:\/\/espacemenager2000.fr\/produit\/feedback-sports-omnium-over-drive-rouleau-libre\/","url":"https:\/\/espacemenager2000.fr\/produit\/feedback-sports-omnium-over-drive-rouleau-libre\/","name":"Feedback Sports Omnium - Promotion - Vente d&#039;\u00c9lectrom\u00e9nager Neuf et Garanti \u00e0 Paris","isPartOf":{"@id":"https:\/\/espacemenager2000.fr\/#website"},"primaryImageOfPage":{"@id":"https:\/\/espacemenager2000.fr\/produit\/feedback-sports-omnium-over-drive-rouleau-libre\/#primaryimage"},"image":{"@id":"https:\/\/espacemenager2000.fr\/produit\/feedback-sports-omnium-over-drive-rouleau-libre\/#primaryimage"},"thumbnailUrl":"https:\/\/espacemenager2000.fr\/wp-content\/uploads\/2026\/05\/feedback-sports-omnium-over-drive-bike-roller-red-1579421.jpg","datePublished":"2025-12-22T16:18:03+00:00","dateModified":"2026-05-14T00:20:45+00:00","description":"Feedback Sports Omnium - Le trainer est r\u00e9glable en hauteur au niveau de la fourche et en longueur, ce qui permet de l'adapter sans probl\u00e8me \u00e0 la majorit\u00e9 des v\u00e9los, qu'il s'agisse de v\u00e9los de course ou de VTT.","breadcrumb":{"@id":"https:\/\/espacemenager2000.fr\/produit\/feedback-sports-omnium-over-drive-rouleau-libre\/#breadcrumb"},"inLanguage":"en-US","potentialAction":[{"@type":"ReadAction","target":["https:\/\/espacemenager2000.fr\/produit\/feedback-sports-omnium-over-drive-rouleau-libre\/"]}]},{"@type":"ImageObject","inLanguage":"en-US","@id":"https:\/\/espacemenager2000.fr\/produit\/feedback-sports-omnium-over-drive-rouleau-libre\/#primaryimage","url":"https:\/\/espacemenager2000.fr\/wp-content\/uploads\/2026\/05\/feedback-sports-omnium-over-drive-bike-roller-red-1579421.jpg","contentUrl":"https:\/\/espacemenager2000.fr\/wp-content\/uploads\/2026\/05\/feedback-sports-omnium-over-drive-bike-roller-red-1579421.jpg","width":1200,"height":1200},{"@type":"BreadcrumbList","@id":"https:\/\/espacemenager2000.fr\/produit\/feedback-sports-omnium-over-drive-rouleau-libre\/#breadcrumb","itemListElement":[{"@type":"ListItem","position":1,"name":"Accueil","item":"https:\/\/espacemenager2000.fr\/"},{"@type":"ListItem","position":2,"name":"Boutique","item":"https:\/\/espacemenager2000.fr\/boutique\/"},{"@type":"ListItem","position":3,"name":"Feedback Sports Omnium Over-Drive Rouleau Libre"}]},{"@type":"WebSite","@id":"https:\/\/espacemenager2000.fr\/#website","url":"https:\/\/espacemenager2000.fr\/","name":"Espace Menager 2000","description":"Expert en \u00e9lectrom\u00e9nager depuis 2001, Espace M\u00e9nager 2000 vous propose une large gamme de produits : lave-linge, r\u00e9frig\u00e9rateurs, \u00e9lectronique et fitness. Profitez de notre savoir-faire en vente, r\u00e9paration et d\u00e9pannage. Livraison rapide dans toute la zone Euro. Qualit\u00e9 et service garantis.","publisher":{"@id":"https:\/\/espacemenager2000.fr\/#organization"},"potentialAction":[{"@type":"SearchAction","target":{"@type":"EntryPoint","urlTemplate":"https:\/\/espacemenager2000.fr\/?s={search_term_string}"},"query-input":{"@type":"PropertyValueSpecification","valueRequired":true,"valueName":"search_term_string"}}],"inLanguage":"en-US"},{"@type":"Organization","@id":"https:\/\/espacemenager2000.fr\/#organization","name":"Espace Menager 2000","url":"https:\/\/espacemenager2000.fr\/","logo":{"@type":"ImageObject","inLanguage":"en-US","@id":"https:\/\/espacemenager2000.fr\/#\/schema\/logo\/image\/","url":"https:\/\/espacemenager2000.fr\/wp-content\/uploads\/2026\/05\/Fav-Em2000.png","contentUrl":"https:\/\/espacemenager2000.fr\/wp-content\/uploads\/2026\/05\/Fav-Em2000.png","width":369,"height":369,"caption":"Espace Menager 2000"},"image":{"@id":"https:\/\/espacemenager2000.fr\/#\/schema\/logo\/image\/"},"sameAs":["https:\/\/www.facebook.com\/p\/Espace-menager-2000-100068469618146\/"]}]}},"_links":{"self":[{"href":"https:\/\/espacemenager2000.fr\/en\/wp-json\/wp\/v2\/product\/1558","targetHints":{"allow":["GET"]}}],"collection":[{"href":"https:\/\/espacemenager2000.fr\/en\/wp-json\/wp\/v2\/product"}],"about":[{"href":"https:\/\/espacemenager2000.fr\/en\/wp-json\/wp\/v2\/types\/product"}],"replies":[{"embeddable":true,"href":"https:\/\/espacemenager2000.fr\/en\/wp-json\/wp\/v2\/comments?post=1558"}],"wp:featuredmedia":[{"embeddable":true,"href":"https:\/\/espacemenager2000.fr\/en\/wp-json\/wp\/v2\/media\/1559"}],"wp:attachment":[{"href":"https:\/\/espacemenager2000.fr\/en\/wp-json\/wp\/v2\/media?parent=1558"}],"wp:term":[{"taxonomy":"product_brand","embeddable":true,"href":"https:\/\/espacemenager2000.fr\/en\/wp-json\/wp\/v2\/product_brand?post=1558"},{"taxonomy":"product_cat","embeddable":true,"href":"https:\/\/espacemenager2000.fr\/en\/wp-json\/wp\/v2\/product_cat?post=1558"},{"taxonomy":"product_tag","embeddable":true,"href":"https:\/\/espacemenager2000.fr\/en\/wp-json\/wp\/v2\/product_tag?post=1558"}],"curies":[{"name":"wp","href":"https:\/\/api.w.org\/{rel}","templated":true}]}}