{"id":1517,"date":"2025-12-22T16:17:40","date_gmt":"2025-12-22T16:17:40","guid":{"rendered":"https:\/\/espacemenager2000.fr\/?post_type=product&#038;p=1517"},"modified":"2026-05-14T00:20:52","modified_gmt":"2026-05-14T00:20:52","slug":"home-trainer-zumo-interactive","status":"publish","type":"product","link":"https:\/\/espacemenager2000.fr\/en\/product\/home-trainer-zumo-interactive\/","title":{"rendered":"Home trainer ZUMO INTERACTIVE"},"content":{"rendered":"<h2>Home trainer ZUMO INTERACTIVE<\/h2>\n<p class=\"svelte-1ywj8ks\">Home-trainer ZUMO INTERACTIVE connect\u00e9 compatible avec les principales applications du march\u00e9 (Zwift, TrainerRoad, Rouvy, My E-training Mobile&#8230;.) via Bluetooth et ANT+.<\/p>\n<h3>Caract\u00e9ristiques<\/h3>\n<table class=\"table-technique hover table-scroll\">\n<tbody>\n<tr>\n<td>Type<\/td>\n<td>Direct drive<\/td>\n<\/tr>\n<tr>\n<td>Compatible roues<\/td>\n<td>26&#8221;, 27, 29&#8221;, 700<\/td>\n<\/tr>\n<tr>\n<td>R\u00e9sistance<\/td>\n<td>Electrique<\/td>\n<\/tr>\n<tr>\n<td>Connect\u00e9<\/td>\n<td>Oui<\/td>\n<\/tr>\n<tr>\n<td>Puissance max<\/td>\n<td>1350 Watt<\/td>\n<\/tr>\n<tr>\n<td>Mat\u00e9riaux (materiel)<\/td>\n<td>Acier<\/td>\n<\/tr>\n<tr>\n<td>Int\u00e9ractif<\/td>\n<td>Oui<\/td>\n<\/tr>\n<\/tbody>\n<\/table>\n<p>&nbsp;<\/p>\n<p class=\"svelte-1ywj8ks\">Home Trainer connect\u00e9 compatible avec les principales applications du march\u00e9 (Zwift, TrainerRoad, Rouvy, My E-training Mobile&#8230;.) via Bluetooth et ANT+.<\/p>\n<h4>Informations<\/h4>\n<p class=\"svelte-1ywj8ks\">Silencieux, puissant (1100 watts) et pr\u00e9cis il permet une analyse d\u00e9taill\u00e9e des performances et un ajustement automatique de la r\u00e9sistance.<br \/>\nSimule de mani\u00e8re r\u00e9aliste les pentes jusqu&#8217;\u00e0 10% avec une pr\u00e9cision de mesure de +\/- 5%.<\/p>\n<p>Compatible moyeux QR 130-135x5mm et axes traversants 142x12mm et 148x12mm.<\/p>\n<p>L&#8217;une des fonctionnalit\u00e9s du Zumo d&#8217;Elite est le Power Meter<br \/>\nLink (PML), un algorithme pour le home trainer pour communiquer les donn\u00e9es de puissance via un capteur de puissance ou ergom\u00e8tre \u00e0 appliquer \u00e0 votre v\u00e9lo.<br \/>\nLes donn\u00e9es d&#8217;alimentation peuvent donc \u00eatre plus pr\u00e9cis qu&#8217;il ne le serait simplement en utilisant son algorithme et directement corr\u00e9l\u00e9s \u00e0 la resistance appliqu\u00e9 par votre application pr\u00e9f\u00e9r\u00e9e.<\/p>\n<p><img decoding=\"async\" src=\"https:\/\/static-pepper.dealabs.com\/threads\/raw\/r8VYP\/2369300_1\/fs\/895x577\/qt\/65\/2369300_1.jpg\" alt=\"2369300-r8VYP.jpg\" data-width=\"480\" data-height=\"480\" data-image=\"2369300-r8VYP\" \/><br \/>\nSortir de la routine quotidienne est devenu une re\u0301alite\u0301 gra\u0302ce a\u0300 l\u2019entrai\u0302nement indoor. Le ZUMO fait partie de la nouvelle ge\u0301ne\u0301ration de Home Trainer comple\u0300tement interactifs ANT+TM FE-C.<br \/>\nConnect\u00e9 vous \u00e0 votre application pr\u00e9f\u00e9r\u00e9 et laissez vous guider !<br \/>\nCompatible Smartphone, tablette, ordinateur de ve\u0301lo, montres sportives, Windows et Mac. Ordinateur ANT+TM et\/ou Bluetooth<br \/>\nCompatible iOS, Android, MacOS et Windows.<\/p>\n<p><img decoding=\"async\" src=\"https:\/\/static-pepper.dealabs.com\/threads\/raw\/xdcEl\/2369300_1\/fs\/895x577\/qt\/65\/2369300_1.jpg\" alt=\"2369300-xdcEl.jpg\" data-width=\"480\" data-height=\"480\" data-image=\"2369300-xdcEl\" \/><br \/>\n<strong>Inclus<\/strong><br \/>\nAbonnement gratuit a\u0300 My E-Training software &amp; app pour 12 mois<\/p>\n<p>Compatible hubs QR 130-135x5mm and Thru Axle 142x12mm et 148x12mm.<\/p>\n<p><img decoding=\"async\" src=\"https:\/\/static-pepper.dealabs.com\/threads\/raw\/dzfpI\/2369300_1\/fs\/895x577\/qt\/65\/2369300_1.jpg\" alt=\"2369300-dzfpI.jpg\" data-width=\"480\" data-height=\"480\" data-image=\"2369300-dzfpI\" \/><\/p>","protected":false},"excerpt":{"rendered":"<div class=\"product attribute overview\">\n<div class=\"value\">\n<div class=\"elementor-widget elementor-element elementor-element-cenezrn elementor-widget-text-editor\" data-element_type=\"text-editor\">\n<div class=\"elementor-widget-container\">\n<div class=\"elementor-text-editor rte-content\">\n<p class=\"svelte-1ywj8ks\">Home Trainer connect\u00e9 compatible avec les principales applications du march\u00e9 (Zwift, TrainerRoad, Rouvy, My E-training Mobile&#8230;.) via Bluetooth et ANT+.<\/p>\n<\/div>\n<\/div>\n<\/div>\n<div class=\"elementor-widget elementor-element elementor-element-ki1x5cr elementor-widget-text-editor\" data-element_type=\"text-editor\">\n<div class=\"elementor-widget-container\">\n<div class=\"elementor-text-editor rte-content\"><a class=\"zReHs\" href=\"https:\/\/hemvelos.com\/produit\/velo-dinterieur-wahoo-fitness-kickr-bike-shift\/\" data-ved=\"2ahUKEwj2oNmc04KOAxXTUUEAHe9kDrYQFnoECB0QAQ\"><br \/>\n<\/a><\/p>\n<div class=\"notranslate ESMNde HGLrXd ojE3Fb\">\n<div class=\"q0vns\">\n<div class=\"eqA2re UnOTSe Vwoesf\" aria-hidden=\"true\"><\/div>\n<\/div>\n<\/div>\n<\/div>\n<\/div>\n<\/div>\n<\/div>\n<\/div>","protected":false},"featured_media":1518,"comment_status":"open","ping_status":"closed","template":"","meta":[],"product_brand":[72],"product_cat":[17,69,18,19],"product_tag":[71],"class_list":{"0":"post-1517","1":"product","2":"type-product","3":"status-publish","4":"has-post-thumbnail","6":"product_brand-elite","7":"product_cat-bons-plans","8":"product_cat-hometrainers","9":"product_cat-promotions","10":"product_cat-training-fitness","11":"product_tag-hometrainers","13":"first","14":"instock","15":"featured","16":"shipping-taxable","17":"purchasable","18":"product-type-simple"},"yoast_head":"<!-- This site is optimized with the Yoast SEO plugin v27.6 - https:\/\/yoast.com\/product\/yoast-seo-wordpress\/ -->\n<title>Home trainer ZUMO INTERACTIVE - Promotion - Vente d&#039;\u00c9lectrom\u00e9nager Neuf et Garanti \u00e0 Paris<\/title>\n<meta name=\"description\" content=\"Home trainer ZUMO INTERACTIVE - Home Trainer connect\u00e9 compatible avec les principales applications du march\u00e9 (Zwift, TrainerRoad, Rouvy, My E-training Mobile)\" \/>\n<meta name=\"robots\" content=\"index, follow, max-snippet:-1, max-image-preview:large, max-video-preview:-1\" \/>\n<link rel=\"canonical\" href=\"https:\/\/espacemenager2000.fr\/en\/product\/home-trainer-zumo-interactive\/\" \/>\n<meta property=\"og:locale\" content=\"en_US\" \/>\n<meta property=\"og:type\" content=\"article\" \/>\n<meta property=\"og:title\" content=\"Home trainer ZUMO INTERACTIVE - Promotion - Vente d&#039;\u00c9lectrom\u00e9nager Neuf et Garanti \u00e0 Paris\" \/>\n<meta property=\"og:description\" content=\"Home trainer ZUMO INTERACTIVE - Home Trainer connect\u00e9 compatible avec les principales applications du march\u00e9 (Zwift, TrainerRoad, Rouvy, My E-training Mobile)\" \/>\n<meta property=\"og:url\" content=\"https:\/\/espacemenager2000.fr\/en\/product\/home-trainer-zumo-interactive\/\" \/>\n<meta property=\"og:site_name\" content=\"Vente d&#039;\u00c9lectrom\u00e9nager Neuf et Garanti \u00e0 Paris\" \/>\n<meta property=\"article:publisher\" content=\"https:\/\/www.facebook.com\/p\/Espace-menager-2000-100068469618146\/\" \/>\n<meta property=\"article:modified_time\" content=\"2026-05-14T00:20:52+00:00\" \/>\n<meta property=\"og:image\" content=\"https:\/\/espacemenager2000.fr\/wp-content\/uploads\/2026\/05\/EL01705AKU_Q1.webp\" \/>\n\t<meta property=\"og:image:width\" content=\"1200\" \/>\n\t<meta property=\"og:image:height\" content=\"1200\" \/>\n\t<meta property=\"og:image:type\" content=\"image\/webp\" \/>\n<meta name=\"twitter:card\" content=\"summary_large_image\" \/>\n<meta name=\"twitter:label1\" content=\"Est. reading time\" \/>\n\t<meta name=\"twitter:data1\" content=\"3 minutes\" \/>\n<script type=\"application\/ld+json\" class=\"yoast-schema-graph\">{\"@context\":\"https:\\\/\\\/schema.org\",\"@graph\":[{\"@type\":\"WebPage\",\"@id\":\"https:\\\/\\\/espacemenager2000.fr\\\/produit\\\/home-trainer-zumo-interactive\\\/\",\"url\":\"https:\\\/\\\/espacemenager2000.fr\\\/produit\\\/home-trainer-zumo-interactive\\\/\",\"name\":\"Home trainer ZUMO INTERACTIVE - Promotion - Vente d&#039;\u00c9lectrom\u00e9nager Neuf et Garanti \u00e0 Paris\",\"isPartOf\":{\"@id\":\"https:\\\/\\\/espacemenager2000.fr\\\/#website\"},\"primaryImageOfPage\":{\"@id\":\"https:\\\/\\\/espacemenager2000.fr\\\/produit\\\/home-trainer-zumo-interactive\\\/#primaryimage\"},\"image\":{\"@id\":\"https:\\\/\\\/espacemenager2000.fr\\\/produit\\\/home-trainer-zumo-interactive\\\/#primaryimage\"},\"thumbnailUrl\":\"https:\\\/\\\/espacemenager2000.fr\\\/wp-content\\\/uploads\\\/2026\\\/05\\\/EL01705AKU_Q1.webp\",\"datePublished\":\"2025-12-22T16:17:40+00:00\",\"dateModified\":\"2026-05-14T00:20:52+00:00\",\"description\":\"Home trainer ZUMO INTERACTIVE - Home Trainer connect\u00e9 compatible avec les principales applications du march\u00e9 (Zwift, TrainerRoad, Rouvy, My E-training Mobile)\",\"breadcrumb\":{\"@id\":\"https:\\\/\\\/espacemenager2000.fr\\\/produit\\\/home-trainer-zumo-interactive\\\/#breadcrumb\"},\"inLanguage\":\"en-US\",\"potentialAction\":[{\"@type\":\"ReadAction\",\"target\":[\"https:\\\/\\\/espacemenager2000.fr\\\/produit\\\/home-trainer-zumo-interactive\\\/\"]}]},{\"@type\":\"ImageObject\",\"inLanguage\":\"en-US\",\"@id\":\"https:\\\/\\\/espacemenager2000.fr\\\/produit\\\/home-trainer-zumo-interactive\\\/#primaryimage\",\"url\":\"https:\\\/\\\/espacemenager2000.fr\\\/wp-content\\\/uploads\\\/2026\\\/05\\\/EL01705AKU_Q1.webp\",\"contentUrl\":\"https:\\\/\\\/espacemenager2000.fr\\\/wp-content\\\/uploads\\\/2026\\\/05\\\/EL01705AKU_Q1.webp\",\"width\":1200,\"height\":1200},{\"@type\":\"BreadcrumbList\",\"@id\":\"https:\\\/\\\/espacemenager2000.fr\\\/produit\\\/home-trainer-zumo-interactive\\\/#breadcrumb\",\"itemListElement\":[{\"@type\":\"ListItem\",\"position\":1,\"name\":\"Accueil\",\"item\":\"https:\\\/\\\/espacemenager2000.fr\\\/\"},{\"@type\":\"ListItem\",\"position\":2,\"name\":\"Boutique\",\"item\":\"https:\\\/\\\/espacemenager2000.fr\\\/boutique\\\/\"},{\"@type\":\"ListItem\",\"position\":3,\"name\":\"Home trainer ZUMO INTERACTIVE\"}]},{\"@type\":\"WebSite\",\"@id\":\"https:\\\/\\\/espacemenager2000.fr\\\/#website\",\"url\":\"https:\\\/\\\/espacemenager2000.fr\\\/\",\"name\":\"Espace Menager 2000\",\"description\":\"Expert en \u00e9lectrom\u00e9nager depuis 2001, Espace M\u00e9nager 2000 vous propose une large gamme de produits : lave-linge, r\u00e9frig\u00e9rateurs, \u00e9lectronique et fitness. Profitez de notre savoir-faire en vente, r\u00e9paration et d\u00e9pannage. Livraison rapide dans toute la zone Euro. Qualit\u00e9 et service garantis.\",\"publisher\":{\"@id\":\"https:\\\/\\\/espacemenager2000.fr\\\/#organization\"},\"potentialAction\":[{\"@type\":\"SearchAction\",\"target\":{\"@type\":\"EntryPoint\",\"urlTemplate\":\"https:\\\/\\\/espacemenager2000.fr\\\/?s={search_term_string}\"},\"query-input\":{\"@type\":\"PropertyValueSpecification\",\"valueRequired\":true,\"valueName\":\"search_term_string\"}}],\"inLanguage\":\"en-US\"},{\"@type\":\"Organization\",\"@id\":\"https:\\\/\\\/espacemenager2000.fr\\\/#organization\",\"name\":\"Espace Menager 2000\",\"url\":\"https:\\\/\\\/espacemenager2000.fr\\\/\",\"logo\":{\"@type\":\"ImageObject\",\"inLanguage\":\"en-US\",\"@id\":\"https:\\\/\\\/espacemenager2000.fr\\\/#\\\/schema\\\/logo\\\/image\\\/\",\"url\":\"https:\\\/\\\/espacemenager2000.fr\\\/wp-content\\\/uploads\\\/2026\\\/05\\\/Fav-Em2000.png\",\"contentUrl\":\"https:\\\/\\\/espacemenager2000.fr\\\/wp-content\\\/uploads\\\/2026\\\/05\\\/Fav-Em2000.png\",\"width\":369,\"height\":369,\"caption\":\"Espace Menager 2000\"},\"image\":{\"@id\":\"https:\\\/\\\/espacemenager2000.fr\\\/#\\\/schema\\\/logo\\\/image\\\/\"},\"sameAs\":[\"https:\\\/\\\/www.facebook.com\\\/p\\\/Espace-menager-2000-100068469618146\\\/\"]}]}<\/script>\n<!-- \/ Yoast SEO plugin. -->","yoast_head_json":{"title":"Home trainer ZUMO INTERACTIVE - Promotion - Vente d&#039;\u00c9lectrom\u00e9nager Neuf et Garanti \u00e0 Paris","description":"Home trainer ZUMO INTERACTIVE - Home Trainer connect\u00e9 compatible avec les principales applications du march\u00e9 (Zwift, TrainerRoad, Rouvy, My E-training Mobile)","robots":{"index":"index","follow":"follow","max-snippet":"max-snippet:-1","max-image-preview":"max-image-preview:large","max-video-preview":"max-video-preview:-1"},"canonical":"https:\/\/espacemenager2000.fr\/en\/product\/home-trainer-zumo-interactive\/","og_locale":"en_US","og_type":"article","og_title":"Home trainer ZUMO INTERACTIVE - Promotion - Vente d&#039;\u00c9lectrom\u00e9nager Neuf et Garanti \u00e0 Paris","og_description":"Home trainer ZUMO INTERACTIVE - Home Trainer connect\u00e9 compatible avec les principales applications du march\u00e9 (Zwift, TrainerRoad, Rouvy, My E-training Mobile)","og_url":"https:\/\/espacemenager2000.fr\/en\/product\/home-trainer-zumo-interactive\/","og_site_name":"Vente d&#039;\u00c9lectrom\u00e9nager Neuf et Garanti \u00e0 Paris","article_publisher":"https:\/\/www.facebook.com\/p\/Espace-menager-2000-100068469618146\/","article_modified_time":"2026-05-14T00:20:52+00:00","og_image":[{"width":1200,"height":1200,"url":"https:\/\/espacemenager2000.fr\/wp-content\/uploads\/2026\/05\/EL01705AKU_Q1.webp","type":"image\/webp"}],"twitter_card":"summary_large_image","twitter_misc":{"Est. reading time":"3 minutes"},"schema":{"@context":"https:\/\/schema.org","@graph":[{"@type":"WebPage","@id":"https:\/\/espacemenager2000.fr\/produit\/home-trainer-zumo-interactive\/","url":"https:\/\/espacemenager2000.fr\/produit\/home-trainer-zumo-interactive\/","name":"Home trainer ZUMO INTERACTIVE - Promotion - Vente d&#039;\u00c9lectrom\u00e9nager Neuf et Garanti \u00e0 Paris","isPartOf":{"@id":"https:\/\/espacemenager2000.fr\/#website"},"primaryImageOfPage":{"@id":"https:\/\/espacemenager2000.fr\/produit\/home-trainer-zumo-interactive\/#primaryimage"},"image":{"@id":"https:\/\/espacemenager2000.fr\/produit\/home-trainer-zumo-interactive\/#primaryimage"},"thumbnailUrl":"https:\/\/espacemenager2000.fr\/wp-content\/uploads\/2026\/05\/EL01705AKU_Q1.webp","datePublished":"2025-12-22T16:17:40+00:00","dateModified":"2026-05-14T00:20:52+00:00","description":"Home trainer ZUMO INTERACTIVE - Home Trainer connect\u00e9 compatible avec les principales applications du march\u00e9 (Zwift, TrainerRoad, Rouvy, My E-training Mobile)","breadcrumb":{"@id":"https:\/\/espacemenager2000.fr\/produit\/home-trainer-zumo-interactive\/#breadcrumb"},"inLanguage":"en-US","potentialAction":[{"@type":"ReadAction","target":["https:\/\/espacemenager2000.fr\/produit\/home-trainer-zumo-interactive\/"]}]},{"@type":"ImageObject","inLanguage":"en-US","@id":"https:\/\/espacemenager2000.fr\/produit\/home-trainer-zumo-interactive\/#primaryimage","url":"https:\/\/espacemenager2000.fr\/wp-content\/uploads\/2026\/05\/EL01705AKU_Q1.webp","contentUrl":"https:\/\/espacemenager2000.fr\/wp-content\/uploads\/2026\/05\/EL01705AKU_Q1.webp","width":1200,"height":1200},{"@type":"BreadcrumbList","@id":"https:\/\/espacemenager2000.fr\/produit\/home-trainer-zumo-interactive\/#breadcrumb","itemListElement":[{"@type":"ListItem","position":1,"name":"Accueil","item":"https:\/\/espacemenager2000.fr\/"},{"@type":"ListItem","position":2,"name":"Boutique","item":"https:\/\/espacemenager2000.fr\/boutique\/"},{"@type":"ListItem","position":3,"name":"Home trainer ZUMO INTERACTIVE"}]},{"@type":"WebSite","@id":"https:\/\/espacemenager2000.fr\/#website","url":"https:\/\/espacemenager2000.fr\/","name":"Espace Menager 2000","description":"Expert en \u00e9lectrom\u00e9nager depuis 2001, Espace M\u00e9nager 2000 vous propose une large gamme de produits : lave-linge, r\u00e9frig\u00e9rateurs, \u00e9lectronique et fitness. Profitez de notre savoir-faire en vente, r\u00e9paration et d\u00e9pannage. Livraison rapide dans toute la zone Euro. Qualit\u00e9 et service garantis.","publisher":{"@id":"https:\/\/espacemenager2000.fr\/#organization"},"potentialAction":[{"@type":"SearchAction","target":{"@type":"EntryPoint","urlTemplate":"https:\/\/espacemenager2000.fr\/?s={search_term_string}"},"query-input":{"@type":"PropertyValueSpecification","valueRequired":true,"valueName":"search_term_string"}}],"inLanguage":"en-US"},{"@type":"Organization","@id":"https:\/\/espacemenager2000.fr\/#organization","name":"Espace Menager 2000","url":"https:\/\/espacemenager2000.fr\/","logo":{"@type":"ImageObject","inLanguage":"en-US","@id":"https:\/\/espacemenager2000.fr\/#\/schema\/logo\/image\/","url":"https:\/\/espacemenager2000.fr\/wp-content\/uploads\/2026\/05\/Fav-Em2000.png","contentUrl":"https:\/\/espacemenager2000.fr\/wp-content\/uploads\/2026\/05\/Fav-Em2000.png","width":369,"height":369,"caption":"Espace Menager 2000"},"image":{"@id":"https:\/\/espacemenager2000.fr\/#\/schema\/logo\/image\/"},"sameAs":["https:\/\/www.facebook.com\/p\/Espace-menager-2000-100068469618146\/"]}]}},"_links":{"self":[{"href":"https:\/\/espacemenager2000.fr\/en\/wp-json\/wp\/v2\/product\/1517","targetHints":{"allow":["GET"]}}],"collection":[{"href":"https:\/\/espacemenager2000.fr\/en\/wp-json\/wp\/v2\/product"}],"about":[{"href":"https:\/\/espacemenager2000.fr\/en\/wp-json\/wp\/v2\/types\/product"}],"replies":[{"embeddable":true,"href":"https:\/\/espacemenager2000.fr\/en\/wp-json\/wp\/v2\/comments?post=1517"}],"wp:featuredmedia":[{"embeddable":true,"href":"https:\/\/espacemenager2000.fr\/en\/wp-json\/wp\/v2\/media\/1518"}],"wp:attachment":[{"href":"https:\/\/espacemenager2000.fr\/en\/wp-json\/wp\/v2\/media?parent=1517"}],"wp:term":[{"taxonomy":"product_brand","embeddable":true,"href":"https:\/\/espacemenager2000.fr\/en\/wp-json\/wp\/v2\/product_brand?post=1517"},{"taxonomy":"product_cat","embeddable":true,"href":"https:\/\/espacemenager2000.fr\/en\/wp-json\/wp\/v2\/product_cat?post=1517"},{"taxonomy":"product_tag","embeddable":true,"href":"https:\/\/espacemenager2000.fr\/en\/wp-json\/wp\/v2\/product_tag?post=1517"}],"curies":[{"name":"wp","href":"https:\/\/api.w.org\/{rel}","templated":true}]}}