{"id":1513,"date":"2025-12-22T16:17:40","date_gmt":"2025-12-22T16:17:40","guid":{"rendered":"https:\/\/espacemenager2000.fr\/?post_type=product&#038;p=1513"},"modified":"2026-05-14T00:20:50","modified_gmt":"2026-05-14T00:20:50","slug":"home-trainer-magnetic-sport-nakamura","status":"publish","type":"product","link":"https:\/\/espacemenager2000.fr\/en\/product\/home-trainer-magnetic-sport-nakamura\/","title":{"rendered":"Home Trainer Magnetic Sport NAKAMURA"},"content":{"rendered":"<h2>Home Trainer Magnetic Sport NAKAMURA<\/h2>\n<p>Gr\u00e2ce au Home Trainer Magnetic ou Home Trainer Magnetic Sport NAKAMURA vous pouvez vous entrainer sans sortir de chez vous. Dot\u00e9 d\u2019un moteur \u00e0 r\u00e9sistance magn\u00e9tique, le Home Trainer propose \u00e0 1 \u00e0 5 niveaux de r\u00e9sistance diff\u00e9rents pour reproduire le plus fid\u00e8lement les conditions d\u2019un entrainement ext\u00e9rieur.<\/p>\n<h3 class=\"accordion-title\" aria-selected=\"true\">Description<span class=\"product-reference\">\u00a0R\u00e9f\u00e9rence : 2248469P3W<\/span><\/h3>\n<p class=\"partially__hidden\">Gr\u00e2ce au Home Trainer Magnetic vous pouvez vous entrainer sans sortir de chez vous.<\/p>\n<div id=\"u601gg-accordion\" class=\"accordion-content\" role=\"tabpanel\" data-tab-content=\"\" aria-labelledby=\"u601gg-accordion-label\" aria-hidden=\"false\">\n<ul>\n<li>Moteur \u00e0 r\u00e9sistance magn\u00e9tique (1 \u00e0 5 niveaux)<\/li>\n<li>Pieds ajustables pour s&#8217;adapter \u00e0 toutes surface de sol<\/li>\n<li>Rouleau en aluminium pour \u00e9viter une usure trop rapide des pneus<\/li>\n<li>Convient aux v\u00e9los route ou VTT de 26&#8243; \u00e0 29&#8243;<\/li>\n<li>Cadre en acier facile \u00e0 plier<\/li>\n<li>Facilit\u00e9 de montage et d\u00e9montage gr\u00e2ce au levier de serrage<\/li>\n<li>Support de roue inclus<\/li>\n<li>Poids maximal: 135 kg (coureur + v\u00e9lo)<\/li>\n<li>intensif<\/li>\n<\/ul>\n<p>Gr\u00e2ce au Home Trainer Magnetic vous pouvez vous entrainer sans sortir de chez vous. Dot\u00e9 d\u2019un moteur \u00e0 r\u00e9sistance magn\u00e9tique, le Home Trainer propose \u00e0 1 \u00e0 5 niveaux de r\u00e9sistance diff\u00e9rents pour reproduire le plus fid\u00e8lement les conditions d\u2019un entrainement ext\u00e9rieur. Ses pieds sont \u00e9galement ajustables pour s&#8217;adapter parfaitement \u00e0 toutes surface de sol. Le rouleau en aluminium permet d\u2019\u00e9viter une usure trop rapide des pneus d\u00fbe aux frottements. Son cadre en acier est facile \u00e0 plier, pour emporter son Home Trainer partout. Il a \u00e9galement \u00e9t\u00e9 pens\u00e9 pour faciliter le montage et le d\u00e9montage du v\u00e9lo gr\u00e2ce au levier de serrage. Un support de roue est inclus. Attention cependant, le poids maximal est de 135 kg (poids coureur et v\u00e9lo cumul\u00e9s).<br \/>\nHome Trainer uniquement compatible avec les v\u00e9los dot\u00e9s d&#8217;axes rapides. Non compatible avec les v\u00e9los \u00e9quip\u00e9s d&#8217;axes traversants.<\/p>\n<\/div>\n<div role=\"tabpanel\" data-tab-content=\"\" aria-labelledby=\"u601gg-accordion-label\" aria-hidden=\"false\"><\/div>\n<div role=\"tabpanel\" data-tab-content=\"\" aria-labelledby=\"u601gg-accordion-label\" aria-hidden=\"false\"><\/div>","protected":false},"excerpt":{"rendered":"<div class=\"product attribute overview\">\n<div class=\"value\">\n<div class=\"elementor-widget elementor-element elementor-element-cenezrn elementor-widget-text-editor\" data-element_type=\"text-editor\">\n<div class=\"elementor-widget-container\">\n<div class=\"elementor-text-editor rte-content\">Gr\u00e2ce au Home Trainer Magnetic vous pouvez vous entrainer sans sortir de chez vous. Dot\u00e9 d\u2019un moteur \u00e0 r\u00e9sistance magn\u00e9tique, le Home Trainer propose \u00e0 1 \u00e0 5 niveaux de r\u00e9sistance diff\u00e9rents pour reproduire le plus fid\u00e8lement les conditions d\u2019un entrainement ext\u00e9rieur.<\/div>\n<\/div>\n<\/div>\n<div class=\"elementor-widget elementor-element elementor-element-ki1x5cr elementor-widget-text-editor\" data-element_type=\"text-editor\">\n<div class=\"elementor-widget-container\">\n<div class=\"elementor-text-editor rte-content\"><a class=\"zReHs\" href=\"https:\/\/hemvelos.com\/produit\/velo-dinterieur-wahoo-fitness-kickr-bike-shift\/\" data-ved=\"2ahUKEwj2oNmc04KOAxXTUUEAHe9kDrYQFnoECB0QAQ\"><br \/>\n<\/a><\/p>\n<div class=\"notranslate ESMNde HGLrXd ojE3Fb\">\n<div class=\"q0vns\">\n<div class=\"eqA2re UnOTSe Vwoesf\" aria-hidden=\"true\"><\/div>\n<\/div>\n<\/div>\n<\/div>\n<\/div>\n<\/div>\n<\/div>\n<\/div>","protected":false},"featured_media":1514,"comment_status":"open","ping_status":"closed","template":"","meta":[],"product_brand":[76],"product_cat":[17,69,18,19],"product_tag":[71],"class_list":{"0":"post-1513","1":"product","2":"type-product","3":"status-publish","4":"has-post-thumbnail","6":"product_brand-nakamura","7":"product_cat-bons-plans","8":"product_cat-hometrainers","9":"product_cat-promotions","10":"product_cat-training-fitness","11":"product_tag-hometrainers","13":"first","14":"instock","15":"featured","16":"shipping-taxable","17":"purchasable","18":"product-type-simple"},"yoast_head":"<!-- This site is optimized with the Yoast SEO plugin v27.6 - https:\/\/yoast.com\/product\/yoast-seo-wordpress\/ -->\n<title>Home Trainer Magnetic Sport NAKAMURA - Promotion - Vente d&#039;\u00c9lectrom\u00e9nager Neuf et Garanti \u00e0 Paris<\/title>\n<meta name=\"description\" content=\"Home Trainer Magnetic Sport NAKAMURA - vous pouvez vous entrainer sans sortir de chez vous. Dot\u00e9 d\u2019un moteur \u00e0 r\u00e9sistance magn\u00e9tique, le Home Trainer propose \u00e0 1 \u00e0 5 niveaux de r\u00e9sistance diff\u00e9rents pour reproduire le plus fid\u00e8lement les conditions d\u2019un entrainement ext\u00e9rieur.\" \/>\n<meta name=\"robots\" content=\"index, follow, max-snippet:-1, max-image-preview:large, max-video-preview:-1\" \/>\n<link rel=\"canonical\" href=\"https:\/\/espacemenager2000.fr\/en\/product\/home-trainer-magnetic-sport-nakamura\/\" \/>\n<meta property=\"og:locale\" content=\"en_US\" \/>\n<meta property=\"og:type\" content=\"article\" \/>\n<meta property=\"og:title\" content=\"Home Trainer Magnetic Sport NAKAMURA - Promotion - Vente d&#039;\u00c9lectrom\u00e9nager Neuf et Garanti \u00e0 Paris\" \/>\n<meta property=\"og:description\" content=\"Home Trainer Magnetic Sport NAKAMURA - vous pouvez vous entrainer sans sortir de chez vous. Dot\u00e9 d\u2019un moteur \u00e0 r\u00e9sistance magn\u00e9tique, le Home Trainer propose \u00e0 1 \u00e0 5 niveaux de r\u00e9sistance diff\u00e9rents pour reproduire le plus fid\u00e8lement les conditions d\u2019un entrainement ext\u00e9rieur.\" \/>\n<meta property=\"og:url\" content=\"https:\/\/espacemenager2000.fr\/en\/product\/home-trainer-magnetic-sport-nakamura\/\" \/>\n<meta property=\"og:site_name\" content=\"Vente d&#039;\u00c9lectrom\u00e9nager Neuf et Garanti \u00e0 Paris\" \/>\n<meta property=\"article:publisher\" content=\"https:\/\/www.facebook.com\/p\/Espace-menager-2000-100068469618146\/\" \/>\n<meta property=\"article:modified_time\" content=\"2026-05-14T00:20:50+00:00\" \/>\n<meta property=\"og:image\" content=\"https:\/\/espacemenager2000.fr\/wp-content\/uploads\/2026\/05\/2248469P3W_D2.webp\" \/>\n\t<meta property=\"og:image:width\" content=\"1200\" \/>\n\t<meta property=\"og:image:height\" content=\"1200\" \/>\n\t<meta property=\"og:image:type\" content=\"image\/webp\" \/>\n<meta name=\"twitter:card\" content=\"summary_large_image\" \/>\n<meta name=\"twitter:label1\" content=\"Est. reading time\" \/>\n\t<meta name=\"twitter:data1\" content=\"3 minutes\" \/>\n<script type=\"application\/ld+json\" class=\"yoast-schema-graph\">{\"@context\":\"https:\\\/\\\/schema.org\",\"@graph\":[{\"@type\":\"WebPage\",\"@id\":\"https:\\\/\\\/espacemenager2000.fr\\\/produit\\\/home-trainer-magnetic-sport-nakamura\\\/\",\"url\":\"https:\\\/\\\/espacemenager2000.fr\\\/produit\\\/home-trainer-magnetic-sport-nakamura\\\/\",\"name\":\"Home Trainer Magnetic Sport NAKAMURA - Promotion - Vente d&#039;\u00c9lectrom\u00e9nager Neuf et Garanti \u00e0 Paris\",\"isPartOf\":{\"@id\":\"https:\\\/\\\/espacemenager2000.fr\\\/#website\"},\"primaryImageOfPage\":{\"@id\":\"https:\\\/\\\/espacemenager2000.fr\\\/produit\\\/home-trainer-magnetic-sport-nakamura\\\/#primaryimage\"},\"image\":{\"@id\":\"https:\\\/\\\/espacemenager2000.fr\\\/produit\\\/home-trainer-magnetic-sport-nakamura\\\/#primaryimage\"},\"thumbnailUrl\":\"https:\\\/\\\/espacemenager2000.fr\\\/wp-content\\\/uploads\\\/2026\\\/05\\\/2248469P3W_D2.webp\",\"datePublished\":\"2025-12-22T16:17:40+00:00\",\"dateModified\":\"2026-05-14T00:20:50+00:00\",\"description\":\"Home Trainer Magnetic Sport NAKAMURA - vous pouvez vous entrainer sans sortir de chez vous. Dot\u00e9 d\u2019un moteur \u00e0 r\u00e9sistance magn\u00e9tique, le Home Trainer propose \u00e0 1 \u00e0 5 niveaux de r\u00e9sistance diff\u00e9rents pour reproduire le plus fid\u00e8lement les conditions d\u2019un entrainement ext\u00e9rieur.\",\"breadcrumb\":{\"@id\":\"https:\\\/\\\/espacemenager2000.fr\\\/produit\\\/home-trainer-magnetic-sport-nakamura\\\/#breadcrumb\"},\"inLanguage\":\"en-US\",\"potentialAction\":[{\"@type\":\"ReadAction\",\"target\":[\"https:\\\/\\\/espacemenager2000.fr\\\/produit\\\/home-trainer-magnetic-sport-nakamura\\\/\"]}]},{\"@type\":\"ImageObject\",\"inLanguage\":\"en-US\",\"@id\":\"https:\\\/\\\/espacemenager2000.fr\\\/produit\\\/home-trainer-magnetic-sport-nakamura\\\/#primaryimage\",\"url\":\"https:\\\/\\\/espacemenager2000.fr\\\/wp-content\\\/uploads\\\/2026\\\/05\\\/2248469P3W_D2.webp\",\"contentUrl\":\"https:\\\/\\\/espacemenager2000.fr\\\/wp-content\\\/uploads\\\/2026\\\/05\\\/2248469P3W_D2.webp\",\"width\":1200,\"height\":1200},{\"@type\":\"BreadcrumbList\",\"@id\":\"https:\\\/\\\/espacemenager2000.fr\\\/produit\\\/home-trainer-magnetic-sport-nakamura\\\/#breadcrumb\",\"itemListElement\":[{\"@type\":\"ListItem\",\"position\":1,\"name\":\"Accueil\",\"item\":\"https:\\\/\\\/espacemenager2000.fr\\\/\"},{\"@type\":\"ListItem\",\"position\":2,\"name\":\"Boutique\",\"item\":\"https:\\\/\\\/espacemenager2000.fr\\\/boutique\\\/\"},{\"@type\":\"ListItem\",\"position\":3,\"name\":\"Home Trainer Magnetic Sport NAKAMURA\"}]},{\"@type\":\"WebSite\",\"@id\":\"https:\\\/\\\/espacemenager2000.fr\\\/#website\",\"url\":\"https:\\\/\\\/espacemenager2000.fr\\\/\",\"name\":\"Espace Menager 2000\",\"description\":\"Expert en \u00e9lectrom\u00e9nager depuis 2001, Espace M\u00e9nager 2000 vous propose une large gamme de produits : lave-linge, r\u00e9frig\u00e9rateurs, \u00e9lectronique et fitness. Profitez de notre savoir-faire en vente, r\u00e9paration et d\u00e9pannage. Livraison rapide dans toute la zone Euro. Qualit\u00e9 et service garantis.\",\"publisher\":{\"@id\":\"https:\\\/\\\/espacemenager2000.fr\\\/#organization\"},\"potentialAction\":[{\"@type\":\"SearchAction\",\"target\":{\"@type\":\"EntryPoint\",\"urlTemplate\":\"https:\\\/\\\/espacemenager2000.fr\\\/?s={search_term_string}\"},\"query-input\":{\"@type\":\"PropertyValueSpecification\",\"valueRequired\":true,\"valueName\":\"search_term_string\"}}],\"inLanguage\":\"en-US\"},{\"@type\":\"Organization\",\"@id\":\"https:\\\/\\\/espacemenager2000.fr\\\/#organization\",\"name\":\"Espace Menager 2000\",\"url\":\"https:\\\/\\\/espacemenager2000.fr\\\/\",\"logo\":{\"@type\":\"ImageObject\",\"inLanguage\":\"en-US\",\"@id\":\"https:\\\/\\\/espacemenager2000.fr\\\/#\\\/schema\\\/logo\\\/image\\\/\",\"url\":\"https:\\\/\\\/espacemenager2000.fr\\\/wp-content\\\/uploads\\\/2026\\\/05\\\/Fav-Em2000.png\",\"contentUrl\":\"https:\\\/\\\/espacemenager2000.fr\\\/wp-content\\\/uploads\\\/2026\\\/05\\\/Fav-Em2000.png\",\"width\":369,\"height\":369,\"caption\":\"Espace Menager 2000\"},\"image\":{\"@id\":\"https:\\\/\\\/espacemenager2000.fr\\\/#\\\/schema\\\/logo\\\/image\\\/\"},\"sameAs\":[\"https:\\\/\\\/www.facebook.com\\\/p\\\/Espace-menager-2000-100068469618146\\\/\"]}]}<\/script>\n<!-- \/ Yoast SEO plugin. -->","yoast_head_json":{"title":"Home Trainer Magnetic Sport NAKAMURA - Promotion - Vente d&#039;\u00c9lectrom\u00e9nager Neuf et Garanti \u00e0 Paris","description":"Home Trainer Magnetic Sport NAKAMURA - vous pouvez vous entrainer sans sortir de chez vous. Dot\u00e9 d\u2019un moteur \u00e0 r\u00e9sistance magn\u00e9tique, le Home Trainer propose \u00e0 1 \u00e0 5 niveaux de r\u00e9sistance diff\u00e9rents pour reproduire le plus fid\u00e8lement les conditions d\u2019un entrainement ext\u00e9rieur.","robots":{"index":"index","follow":"follow","max-snippet":"max-snippet:-1","max-image-preview":"max-image-preview:large","max-video-preview":"max-video-preview:-1"},"canonical":"https:\/\/espacemenager2000.fr\/en\/product\/home-trainer-magnetic-sport-nakamura\/","og_locale":"en_US","og_type":"article","og_title":"Home Trainer Magnetic Sport NAKAMURA - Promotion - Vente d&#039;\u00c9lectrom\u00e9nager Neuf et Garanti \u00e0 Paris","og_description":"Home Trainer Magnetic Sport NAKAMURA - vous pouvez vous entrainer sans sortir de chez vous. Dot\u00e9 d\u2019un moteur \u00e0 r\u00e9sistance magn\u00e9tique, le Home Trainer propose \u00e0 1 \u00e0 5 niveaux de r\u00e9sistance diff\u00e9rents pour reproduire le plus fid\u00e8lement les conditions d\u2019un entrainement ext\u00e9rieur.","og_url":"https:\/\/espacemenager2000.fr\/en\/product\/home-trainer-magnetic-sport-nakamura\/","og_site_name":"Vente d&#039;\u00c9lectrom\u00e9nager Neuf et Garanti \u00e0 Paris","article_publisher":"https:\/\/www.facebook.com\/p\/Espace-menager-2000-100068469618146\/","article_modified_time":"2026-05-14T00:20:50+00:00","og_image":[{"width":1200,"height":1200,"url":"https:\/\/espacemenager2000.fr\/wp-content\/uploads\/2026\/05\/2248469P3W_D2.webp","type":"image\/webp"}],"twitter_card":"summary_large_image","twitter_misc":{"Est. reading time":"3 minutes"},"schema":{"@context":"https:\/\/schema.org","@graph":[{"@type":"WebPage","@id":"https:\/\/espacemenager2000.fr\/produit\/home-trainer-magnetic-sport-nakamura\/","url":"https:\/\/espacemenager2000.fr\/produit\/home-trainer-magnetic-sport-nakamura\/","name":"Home Trainer Magnetic Sport NAKAMURA - Promotion - Vente d&#039;\u00c9lectrom\u00e9nager Neuf et Garanti \u00e0 Paris","isPartOf":{"@id":"https:\/\/espacemenager2000.fr\/#website"},"primaryImageOfPage":{"@id":"https:\/\/espacemenager2000.fr\/produit\/home-trainer-magnetic-sport-nakamura\/#primaryimage"},"image":{"@id":"https:\/\/espacemenager2000.fr\/produit\/home-trainer-magnetic-sport-nakamura\/#primaryimage"},"thumbnailUrl":"https:\/\/espacemenager2000.fr\/wp-content\/uploads\/2026\/05\/2248469P3W_D2.webp","datePublished":"2025-12-22T16:17:40+00:00","dateModified":"2026-05-14T00:20:50+00:00","description":"Home Trainer Magnetic Sport NAKAMURA - vous pouvez vous entrainer sans sortir de chez vous. Dot\u00e9 d\u2019un moteur \u00e0 r\u00e9sistance magn\u00e9tique, le Home Trainer propose \u00e0 1 \u00e0 5 niveaux de r\u00e9sistance diff\u00e9rents pour reproduire le plus fid\u00e8lement les conditions d\u2019un entrainement ext\u00e9rieur.","breadcrumb":{"@id":"https:\/\/espacemenager2000.fr\/produit\/home-trainer-magnetic-sport-nakamura\/#breadcrumb"},"inLanguage":"en-US","potentialAction":[{"@type":"ReadAction","target":["https:\/\/espacemenager2000.fr\/produit\/home-trainer-magnetic-sport-nakamura\/"]}]},{"@type":"ImageObject","inLanguage":"en-US","@id":"https:\/\/espacemenager2000.fr\/produit\/home-trainer-magnetic-sport-nakamura\/#primaryimage","url":"https:\/\/espacemenager2000.fr\/wp-content\/uploads\/2026\/05\/2248469P3W_D2.webp","contentUrl":"https:\/\/espacemenager2000.fr\/wp-content\/uploads\/2026\/05\/2248469P3W_D2.webp","width":1200,"height":1200},{"@type":"BreadcrumbList","@id":"https:\/\/espacemenager2000.fr\/produit\/home-trainer-magnetic-sport-nakamura\/#breadcrumb","itemListElement":[{"@type":"ListItem","position":1,"name":"Accueil","item":"https:\/\/espacemenager2000.fr\/"},{"@type":"ListItem","position":2,"name":"Boutique","item":"https:\/\/espacemenager2000.fr\/boutique\/"},{"@type":"ListItem","position":3,"name":"Home Trainer Magnetic Sport NAKAMURA"}]},{"@type":"WebSite","@id":"https:\/\/espacemenager2000.fr\/#website","url":"https:\/\/espacemenager2000.fr\/","name":"Espace Menager 2000","description":"Expert en \u00e9lectrom\u00e9nager depuis 2001, Espace M\u00e9nager 2000 vous propose une large gamme de produits : lave-linge, r\u00e9frig\u00e9rateurs, \u00e9lectronique et fitness. Profitez de notre savoir-faire en vente, r\u00e9paration et d\u00e9pannage. Livraison rapide dans toute la zone Euro. Qualit\u00e9 et service garantis.","publisher":{"@id":"https:\/\/espacemenager2000.fr\/#organization"},"potentialAction":[{"@type":"SearchAction","target":{"@type":"EntryPoint","urlTemplate":"https:\/\/espacemenager2000.fr\/?s={search_term_string}"},"query-input":{"@type":"PropertyValueSpecification","valueRequired":true,"valueName":"search_term_string"}}],"inLanguage":"en-US"},{"@type":"Organization","@id":"https:\/\/espacemenager2000.fr\/#organization","name":"Espace Menager 2000","url":"https:\/\/espacemenager2000.fr\/","logo":{"@type":"ImageObject","inLanguage":"en-US","@id":"https:\/\/espacemenager2000.fr\/#\/schema\/logo\/image\/","url":"https:\/\/espacemenager2000.fr\/wp-content\/uploads\/2026\/05\/Fav-Em2000.png","contentUrl":"https:\/\/espacemenager2000.fr\/wp-content\/uploads\/2026\/05\/Fav-Em2000.png","width":369,"height":369,"caption":"Espace Menager 2000"},"image":{"@id":"https:\/\/espacemenager2000.fr\/#\/schema\/logo\/image\/"},"sameAs":["https:\/\/www.facebook.com\/p\/Espace-menager-2000-100068469618146\/"]}]}},"_links":{"self":[{"href":"https:\/\/espacemenager2000.fr\/en\/wp-json\/wp\/v2\/product\/1513","targetHints":{"allow":["GET"]}}],"collection":[{"href":"https:\/\/espacemenager2000.fr\/en\/wp-json\/wp\/v2\/product"}],"about":[{"href":"https:\/\/espacemenager2000.fr\/en\/wp-json\/wp\/v2\/types\/product"}],"replies":[{"embeddable":true,"href":"https:\/\/espacemenager2000.fr\/en\/wp-json\/wp\/v2\/comments?post=1513"}],"wp:featuredmedia":[{"embeddable":true,"href":"https:\/\/espacemenager2000.fr\/en\/wp-json\/wp\/v2\/media\/1514"}],"wp:attachment":[{"href":"https:\/\/espacemenager2000.fr\/en\/wp-json\/wp\/v2\/media?parent=1513"}],"wp:term":[{"taxonomy":"product_brand","embeddable":true,"href":"https:\/\/espacemenager2000.fr\/en\/wp-json\/wp\/v2\/product_brand?post=1513"},{"taxonomy":"product_cat","embeddable":true,"href":"https:\/\/espacemenager2000.fr\/en\/wp-json\/wp\/v2\/product_cat?post=1513"},{"taxonomy":"product_tag","embeddable":true,"href":"https:\/\/espacemenager2000.fr\/en\/wp-json\/wp\/v2\/product_tag?post=1513"}],"curies":[{"name":"wp","href":"https:\/\/api.w.org\/{rel}","templated":true}]}}