{"id":1509,"date":"2025-12-22T16:17:40","date_gmt":"2025-12-22T16:17:40","guid":{"rendered":"https:\/\/espacemenager2000.fr\/?post_type=product&#038;p=1509"},"modified":"2026-05-10T20:42:39","modified_gmt":"2026-05-10T20:42:39","slug":"saris-m2-smart-trainer","status":"publish","type":"product","link":"https:\/\/espacemenager2000.fr\/en\/product\/saris-m2-smart-trainer\/","title":{"rendered":"Saris M2 Smart Trainer"},"content":{"rendered":"<h2>Saris M2 Smart Trainer<\/h2>\n<p class=\"partially__hidden\">Parfait pour pratiquer une activit\u00e9 physique chez soi, le home trainer SARIS M2 ou Saris M2 Smart Trainer est votre compagnon id\u00e9al lors de vos sessions int\u00e9rieures. Intelligent, il offre un large choix d&#8217;entra\u00eenement, jusqu&#8217;\u00e0 1500 watts et une pente de 15 %.<\/p>\n<h3>Description<\/h3>\n<p class=\"partially__hidden\">Parfait pour pratiquer une activit\u00e9 physique chez soi, le home trainer SARIS M2 est votre compagnon id\u00e9al lors de vos sessions int\u00e9rieures. Intelligent, il offre un large choix d&#8217;entra\u00eenement, jusqu&#8217;\u00e0 1500 watts et une pente de 15 %.<br \/>\nCe home trainer intelligent est capable de reproduire n&#8217;importe quel parcours et propose une sensation de r\u00e9alisme sup\u00e9rieure. Que vous souhaitiez participer \u00e0 une course en groupe sur Zwift, grimper les Dolomites sur Rouvy ou simplement avoir besoin d&#8217;une s\u00e9ance de transpiration, le home trainer SARIS M2 vous y emm\u00e8ne.<\/p>\n<p class=\"partially__hidden\">Pour cela, vous devez disposer de votre v\u00e9lo, du home trainer SARIS M2, de votre application de v\u00e9lo d&#8217;int\u00e9rieur pr\u00e9f\u00e9r\u00e9e et de l&#8217;appareil de votre choix. Connectez-vous simplement \u00e0 votre application de cyclisme d&#8217;int\u00e9rieur via les capteurs double bande ANT + FE-C et Bluetooth int\u00e9gr\u00e9s sur le home trainer. Son syst\u00e8me de r\u00e9ponse \u00e9lectromagn\u00e9tique fait le reste.<br \/>\nGr\u00e2ce aux donn\u00e9es de vitesse, de cadence et de puissance int\u00e9gr\u00e9es, vous pouvez suivre et enregistrer vos performances sans capteurs externes suppl\u00e9mentaires. Cela permet un suivi qualitatif de votre entra\u00eenement. De plus, son bouton d&#8217;embrayage innovant assure une connexion parfaite du pneu au rouleau pour chaque parcours.<\/p>\n<h3 class=\"accordion-content\" role=\"tabpanel\" aria-labelledby=\"fgoyml-accordion-label\" aria-hidden=\"false\"><strong>D\u00e9tails produits :<\/strong><\/h3>\n<ul>\n<li>Le niveau de bruit est de 69 d\u00e9cibels pour 20 mph<\/li>\n<li>Fournit des lectures de puissance pr\u00e9cises jusqu&#8217;\u00e0 +\/5%<\/li>\n<li>S&#8217;adapte aux cadres de route et de v\u00e9lo de montagne avec une attache \u00e0 d\u00e9gagement rapide en acier incluse<\/li>\n<li>Compatible avec des moyeux arri\u00e8re : 120 mm, 130 mm et 135 mm<\/li>\n<li>Adaptateur \u00e0 axe traversant en option disponible pour 142&#215;12 mm et 148&#215;12 mm<\/li>\n<li>Normes double ANT + FE-C et Bluetooth int\u00e9gr\u00e9es<\/li>\n<li>La r\u00e9sistance \u00e9lectromagn\u00e9tique \u00e0 r\u00e9ponse rapide assure la r\u00e9sistance la plus r\u00e9active et la puissance maximale disponible<\/li>\n<li>La conception robuste est capable de g\u00e9rer jusqu&#8217;\u00e0 1500 watts \u00e0 20 km\/h et peut simuler jusqu&#8217;\u00e0 15% de pente<\/li>\n<li>Le mode sous tension, non associ\u00e9 \u00e0 aucune application, vous permet de rouler avec une courbe de r\u00e9sistance progressive<\/li>\n<li>Pas besoin de capteurs externes suppl\u00e9mentaires<\/li>\n<li>Les voyants LED communiquent la connectivit\u00e9 et plus encore<\/li>\n<li>Le syst\u00e8me de refroidissement interne d\u00e9place l&#8217;air \u00e0 travers le home trainer pour le garder frais<\/li>\n<li>Les capteurs thermiques actifs garantissent des donn\u00e9es de performance pr\u00e9cises m\u00eame pendant les entra\u00eenements les plus difficiles<\/li>\n<li>Livr\u00e9 sur un ch\u00e2ssis Classic pliable avec un levier \u00e0 ressort<\/li>\n<\/ul>\n<h3 id=\"fgoyml-accordion\" class=\"accordion-content\" role=\"tabpanel\" aria-labelledby=\"fgoyml-accordion-label\" aria-hidden=\"false\">Comprend un bouton d&#8217;embrayage pour une tension parfaite du rouleau au pneu \u00e0 chaque parcours ;<br \/>\n&#8211; Le rouleau d&#8217;unit\u00e9 de r\u00e9sistance de 2 &#8221; permet 650b, 700c, 26&#8243;, 27 &#8220;et 29&#8221; &#8211; jusqu&#8217;\u00e0 un pneu 2.0 ;<br \/>\n&#8211; Ne convient pas aux tailles de roues 650c, ni \u00e0 tous les pneus 29 pouces ;<br \/>\n&#8211; Le rouleau en alliage usin\u00e9 avec pr\u00e9cision r\u00e9duit l&#8217;usure et le glissement des pneus ;<br \/>\n&#8211; Les pieds de nivellement excentriques permettent un ajustement facile sur des surfaces in\u00e9gales ;<br \/>\n&#8211; Pneu d&#8217;entra\u00eenement recommand\u00e9 ;<br \/>\n&#8211; Compatible avec une grande vari\u00e9t\u00e9 d&#8217;appareils et d&#8217;applications de cyclisme d&#8217;int\u00e9rieur, notamment Rouvy, Zwift, TrainerRoad et bien d&#8217;autres ;<br \/>\n&#8211; Les mises \u00e0 jour du firmware OTA via les appareils Bluetooth garantissent que le home trainer reste \u00e0 jour ;<br \/>\n&#8211; Le home trainer est test\u00e9 pour le poids combin\u00e9 (cycliste et v\u00e9lo) de 300 lb (135 kg) ;<br \/>\n&#8211; Non compatible avec l&#8217;adaptateur de roue Saris 20\/24 &#8220;.<\/h3>","protected":false},"excerpt":{"rendered":"<div class=\"product attribute overview\">\n<div class=\"value\">\n<div class=\"elementor-widget elementor-element elementor-element-cenezrn elementor-widget-text-editor\" data-element_type=\"text-editor\">\n<div class=\"elementor-widget-container\">\n<div class=\"elementor-text-editor rte-content\">\n<p class=\"partially__hidden\">Parfait pour pratiquer une activit\u00e9 physique chez soi, le home trainer SARIS M2 est votre compagnon id\u00e9al lors de vos sessions int\u00e9rieures. Intelligent, il offre un large choix d&#8217;entra\u00eenement, jusqu&#8217;\u00e0 1500 watts et une pente de 15 %.<\/p>\n<\/div>\n<\/div>\n<\/div>\n<div class=\"elementor-widget elementor-element elementor-element-ki1x5cr elementor-widget-text-editor\" data-element_type=\"text-editor\">\n<div class=\"elementor-widget-container\">\n<div class=\"elementor-text-editor rte-content\"><a class=\"zReHs\" href=\"https:\/\/hemvelos.com\/produit\/velo-dinterieur-wahoo-fitness-kickr-bike-shift\/\" data-ved=\"2ahUKEwj2oNmc04KOAxXTUUEAHe9kDrYQFnoECB0QAQ\"><br \/>\n<\/a><\/p>\n<div class=\"notranslate ESMNde HGLrXd ojE3Fb\">\n<div class=\"q0vns\">\n<div class=\"eqA2re UnOTSe Vwoesf\" aria-hidden=\"true\"><\/div>\n<\/div>\n<\/div>\n<\/div>\n<\/div>\n<\/div>\n<\/div>\n<\/div>","protected":false},"featured_media":1510,"comment_status":"open","ping_status":"closed","template":"","meta":[],"product_brand":[74],"product_cat":[17,69,18,19],"product_tag":[71],"class_list":{"0":"post-1509","1":"product","2":"type-product","3":"status-publish","4":"has-post-thumbnail","6":"product_brand-saris","7":"product_cat-bons-plans","8":"product_cat-hometrainers","9":"product_cat-promotions","10":"product_cat-training-fitness","11":"product_tag-hometrainers","13":"first","14":"instock","15":"shipping-taxable","16":"purchasable","17":"product-type-simple"},"yoast_head":"<!-- This site is optimized with the Yoast SEO plugin v27.6 - https:\/\/yoast.com\/product\/yoast-seo-wordpress\/ -->\n<title>Saris M2 Smart Trainer - Promotion - Vente d&#039;\u00c9lectrom\u00e9nager Neuf et Garanti \u00e0 Paris<\/title>\n<meta name=\"description\" content=\"Saris M2 Smart Trainer - Parfait pour pratiquer une activit\u00e9 physique chez soi, le home trainer SARIS M2 est votre compagnon id\u00e9al lors de vos sessions int\u00e9rieures. Intelligent, il offre un large choix d&#039;entra\u00eenement, jusqu&#039;\u00e0 1500 watts et une pente de 15 %.\" \/>\n<meta name=\"robots\" content=\"index, follow, max-snippet:-1, max-image-preview:large, max-video-preview:-1\" \/>\n<link rel=\"canonical\" href=\"https:\/\/espacemenager2000.fr\/en\/product\/saris-m2-smart-trainer\/\" \/>\n<meta property=\"og:locale\" content=\"en_US\" \/>\n<meta property=\"og:type\" content=\"article\" \/>\n<meta property=\"og:title\" content=\"Saris M2 Smart Trainer - Promotion - Vente d&#039;\u00c9lectrom\u00e9nager Neuf et Garanti \u00e0 Paris\" \/>\n<meta property=\"og:description\" content=\"Saris M2 Smart Trainer - Parfait pour pratiquer une activit\u00e9 physique chez soi, le home trainer SARIS M2 est votre compagnon id\u00e9al lors de vos sessions int\u00e9rieures. Intelligent, il offre un large choix d&#039;entra\u00eenement, jusqu&#039;\u00e0 1500 watts et une pente de 15 %.\" \/>\n<meta property=\"og:url\" content=\"https:\/\/espacemenager2000.fr\/en\/product\/saris-m2-smart-trainer\/\" \/>\n<meta property=\"og:site_name\" content=\"Vente d&#039;\u00c9lectrom\u00e9nager Neuf et Garanti \u00e0 Paris\" \/>\n<meta property=\"article:publisher\" content=\"https:\/\/www.facebook.com\/p\/Espace-menager-2000-100068469618146\/\" \/>\n<meta property=\"article:modified_time\" content=\"2026-05-10T20:42:39+00:00\" \/>\n<meta property=\"og:image\" content=\"https:\/\/espacemenager2000.fr\/wp-content\/uploads\/2026\/05\/9930TF_AKU_DE.webp\" \/>\n\t<meta property=\"og:image:width\" content=\"1200\" \/>\n\t<meta property=\"og:image:height\" content=\"1200\" \/>\n\t<meta property=\"og:image:type\" content=\"image\/webp\" \/>\n<meta name=\"twitter:card\" content=\"summary_large_image\" \/>\n<meta name=\"twitter:label1\" content=\"Est. reading time\" \/>\n\t<meta name=\"twitter:data1\" content=\"4 minutes\" \/>\n<script type=\"application\/ld+json\" class=\"yoast-schema-graph\">{\"@context\":\"https:\\\/\\\/schema.org\",\"@graph\":[{\"@type\":\"WebPage\",\"@id\":\"https:\\\/\\\/espacemenager2000.fr\\\/produit\\\/saris-m2-smart-trainer\\\/\",\"url\":\"https:\\\/\\\/espacemenager2000.fr\\\/produit\\\/saris-m2-smart-trainer\\\/\",\"name\":\"Saris M2 Smart Trainer - Promotion - Vente d&#039;\u00c9lectrom\u00e9nager Neuf et Garanti \u00e0 Paris\",\"isPartOf\":{\"@id\":\"https:\\\/\\\/espacemenager2000.fr\\\/#website\"},\"primaryImageOfPage\":{\"@id\":\"https:\\\/\\\/espacemenager2000.fr\\\/produit\\\/saris-m2-smart-trainer\\\/#primaryimage\"},\"image\":{\"@id\":\"https:\\\/\\\/espacemenager2000.fr\\\/produit\\\/saris-m2-smart-trainer\\\/#primaryimage\"},\"thumbnailUrl\":\"https:\\\/\\\/espacemenager2000.fr\\\/wp-content\\\/uploads\\\/2026\\\/05\\\/9930TF_AKU_DE.webp\",\"datePublished\":\"2025-12-22T16:17:40+00:00\",\"dateModified\":\"2026-05-10T20:42:39+00:00\",\"description\":\"Saris M2 Smart Trainer - Parfait pour pratiquer une activit\u00e9 physique chez soi, le home trainer SARIS M2 est votre compagnon id\u00e9al lors de vos sessions int\u00e9rieures. Intelligent, il offre un large choix d'entra\u00eenement, jusqu'\u00e0 1500 watts et une pente de 15 %.\",\"breadcrumb\":{\"@id\":\"https:\\\/\\\/espacemenager2000.fr\\\/produit\\\/saris-m2-smart-trainer\\\/#breadcrumb\"},\"inLanguage\":\"en-US\",\"potentialAction\":[{\"@type\":\"ReadAction\",\"target\":[\"https:\\\/\\\/espacemenager2000.fr\\\/produit\\\/saris-m2-smart-trainer\\\/\"]}]},{\"@type\":\"ImageObject\",\"inLanguage\":\"en-US\",\"@id\":\"https:\\\/\\\/espacemenager2000.fr\\\/produit\\\/saris-m2-smart-trainer\\\/#primaryimage\",\"url\":\"https:\\\/\\\/espacemenager2000.fr\\\/wp-content\\\/uploads\\\/2026\\\/05\\\/9930TF_AKU_DE.webp\",\"contentUrl\":\"https:\\\/\\\/espacemenager2000.fr\\\/wp-content\\\/uploads\\\/2026\\\/05\\\/9930TF_AKU_DE.webp\",\"width\":1200,\"height\":1200},{\"@type\":\"BreadcrumbList\",\"@id\":\"https:\\\/\\\/espacemenager2000.fr\\\/produit\\\/saris-m2-smart-trainer\\\/#breadcrumb\",\"itemListElement\":[{\"@type\":\"ListItem\",\"position\":1,\"name\":\"Accueil\",\"item\":\"https:\\\/\\\/espacemenager2000.fr\\\/\"},{\"@type\":\"ListItem\",\"position\":2,\"name\":\"Boutique\",\"item\":\"https:\\\/\\\/espacemenager2000.fr\\\/boutique\\\/\"},{\"@type\":\"ListItem\",\"position\":3,\"name\":\"Saris M2 Smart Trainer\"}]},{\"@type\":\"WebSite\",\"@id\":\"https:\\\/\\\/espacemenager2000.fr\\\/#website\",\"url\":\"https:\\\/\\\/espacemenager2000.fr\\\/\",\"name\":\"Espace Menager 2000\",\"description\":\"Expert en \u00e9lectrom\u00e9nager depuis 2001, Espace M\u00e9nager 2000 vous propose une large gamme de produits : lave-linge, r\u00e9frig\u00e9rateurs, \u00e9lectronique et fitness. Profitez de notre savoir-faire en vente, r\u00e9paration et d\u00e9pannage. Livraison rapide dans toute la zone Euro. Qualit\u00e9 et service garantis.\",\"publisher\":{\"@id\":\"https:\\\/\\\/espacemenager2000.fr\\\/#organization\"},\"potentialAction\":[{\"@type\":\"SearchAction\",\"target\":{\"@type\":\"EntryPoint\",\"urlTemplate\":\"https:\\\/\\\/espacemenager2000.fr\\\/?s={search_term_string}\"},\"query-input\":{\"@type\":\"PropertyValueSpecification\",\"valueRequired\":true,\"valueName\":\"search_term_string\"}}],\"inLanguage\":\"en-US\"},{\"@type\":\"Organization\",\"@id\":\"https:\\\/\\\/espacemenager2000.fr\\\/#organization\",\"name\":\"Espace Menager 2000\",\"url\":\"https:\\\/\\\/espacemenager2000.fr\\\/\",\"logo\":{\"@type\":\"ImageObject\",\"inLanguage\":\"en-US\",\"@id\":\"https:\\\/\\\/espacemenager2000.fr\\\/#\\\/schema\\\/logo\\\/image\\\/\",\"url\":\"https:\\\/\\\/espacemenager2000.fr\\\/wp-content\\\/uploads\\\/2026\\\/05\\\/Fav-Em2000.png\",\"contentUrl\":\"https:\\\/\\\/espacemenager2000.fr\\\/wp-content\\\/uploads\\\/2026\\\/05\\\/Fav-Em2000.png\",\"width\":369,\"height\":369,\"caption\":\"Espace Menager 2000\"},\"image\":{\"@id\":\"https:\\\/\\\/espacemenager2000.fr\\\/#\\\/schema\\\/logo\\\/image\\\/\"},\"sameAs\":[\"https:\\\/\\\/www.facebook.com\\\/p\\\/Espace-menager-2000-100068469618146\\\/\"]}]}<\/script>\n<!-- \/ Yoast SEO plugin. -->","yoast_head_json":{"title":"Saris M2 Smart Trainer - Promotion - Vente d&#039;\u00c9lectrom\u00e9nager Neuf et Garanti \u00e0 Paris","description":"Saris M2 Smart Trainer - Parfait pour pratiquer une activit\u00e9 physique chez soi, le home trainer SARIS M2 est votre compagnon id\u00e9al lors de vos sessions int\u00e9rieures. Intelligent, il offre un large choix d'entra\u00eenement, jusqu'\u00e0 1500 watts et une pente de 15 %.","robots":{"index":"index","follow":"follow","max-snippet":"max-snippet:-1","max-image-preview":"max-image-preview:large","max-video-preview":"max-video-preview:-1"},"canonical":"https:\/\/espacemenager2000.fr\/en\/product\/saris-m2-smart-trainer\/","og_locale":"en_US","og_type":"article","og_title":"Saris M2 Smart Trainer - Promotion - Vente d&#039;\u00c9lectrom\u00e9nager Neuf et Garanti \u00e0 Paris","og_description":"Saris M2 Smart Trainer - Parfait pour pratiquer une activit\u00e9 physique chez soi, le home trainer SARIS M2 est votre compagnon id\u00e9al lors de vos sessions int\u00e9rieures. Intelligent, il offre un large choix d'entra\u00eenement, jusqu'\u00e0 1500 watts et une pente de 15 %.","og_url":"https:\/\/espacemenager2000.fr\/en\/product\/saris-m2-smart-trainer\/","og_site_name":"Vente d&#039;\u00c9lectrom\u00e9nager Neuf et Garanti \u00e0 Paris","article_publisher":"https:\/\/www.facebook.com\/p\/Espace-menager-2000-100068469618146\/","article_modified_time":"2026-05-10T20:42:39+00:00","og_image":[{"width":1200,"height":1200,"url":"https:\/\/espacemenager2000.fr\/wp-content\/uploads\/2026\/05\/9930TF_AKU_DE.webp","type":"image\/webp"}],"twitter_card":"summary_large_image","twitter_misc":{"Est. reading time":"4 minutes"},"schema":{"@context":"https:\/\/schema.org","@graph":[{"@type":"WebPage","@id":"https:\/\/espacemenager2000.fr\/produit\/saris-m2-smart-trainer\/","url":"https:\/\/espacemenager2000.fr\/produit\/saris-m2-smart-trainer\/","name":"Saris M2 Smart Trainer - Promotion - Vente d&#039;\u00c9lectrom\u00e9nager Neuf et Garanti \u00e0 Paris","isPartOf":{"@id":"https:\/\/espacemenager2000.fr\/#website"},"primaryImageOfPage":{"@id":"https:\/\/espacemenager2000.fr\/produit\/saris-m2-smart-trainer\/#primaryimage"},"image":{"@id":"https:\/\/espacemenager2000.fr\/produit\/saris-m2-smart-trainer\/#primaryimage"},"thumbnailUrl":"https:\/\/espacemenager2000.fr\/wp-content\/uploads\/2026\/05\/9930TF_AKU_DE.webp","datePublished":"2025-12-22T16:17:40+00:00","dateModified":"2026-05-10T20:42:39+00:00","description":"Saris M2 Smart Trainer - Parfait pour pratiquer une activit\u00e9 physique chez soi, le home trainer SARIS M2 est votre compagnon id\u00e9al lors de vos sessions int\u00e9rieures. Intelligent, il offre un large choix d'entra\u00eenement, jusqu'\u00e0 1500 watts et une pente de 15 %.","breadcrumb":{"@id":"https:\/\/espacemenager2000.fr\/produit\/saris-m2-smart-trainer\/#breadcrumb"},"inLanguage":"en-US","potentialAction":[{"@type":"ReadAction","target":["https:\/\/espacemenager2000.fr\/produit\/saris-m2-smart-trainer\/"]}]},{"@type":"ImageObject","inLanguage":"en-US","@id":"https:\/\/espacemenager2000.fr\/produit\/saris-m2-smart-trainer\/#primaryimage","url":"https:\/\/espacemenager2000.fr\/wp-content\/uploads\/2026\/05\/9930TF_AKU_DE.webp","contentUrl":"https:\/\/espacemenager2000.fr\/wp-content\/uploads\/2026\/05\/9930TF_AKU_DE.webp","width":1200,"height":1200},{"@type":"BreadcrumbList","@id":"https:\/\/espacemenager2000.fr\/produit\/saris-m2-smart-trainer\/#breadcrumb","itemListElement":[{"@type":"ListItem","position":1,"name":"Accueil","item":"https:\/\/espacemenager2000.fr\/"},{"@type":"ListItem","position":2,"name":"Boutique","item":"https:\/\/espacemenager2000.fr\/boutique\/"},{"@type":"ListItem","position":3,"name":"Saris M2 Smart Trainer"}]},{"@type":"WebSite","@id":"https:\/\/espacemenager2000.fr\/#website","url":"https:\/\/espacemenager2000.fr\/","name":"Espace Menager 2000","description":"Expert en \u00e9lectrom\u00e9nager depuis 2001, Espace M\u00e9nager 2000 vous propose une large gamme de produits : lave-linge, r\u00e9frig\u00e9rateurs, \u00e9lectronique et fitness. Profitez de notre savoir-faire en vente, r\u00e9paration et d\u00e9pannage. Livraison rapide dans toute la zone Euro. Qualit\u00e9 et service garantis.","publisher":{"@id":"https:\/\/espacemenager2000.fr\/#organization"},"potentialAction":[{"@type":"SearchAction","target":{"@type":"EntryPoint","urlTemplate":"https:\/\/espacemenager2000.fr\/?s={search_term_string}"},"query-input":{"@type":"PropertyValueSpecification","valueRequired":true,"valueName":"search_term_string"}}],"inLanguage":"en-US"},{"@type":"Organization","@id":"https:\/\/espacemenager2000.fr\/#organization","name":"Espace Menager 2000","url":"https:\/\/espacemenager2000.fr\/","logo":{"@type":"ImageObject","inLanguage":"en-US","@id":"https:\/\/espacemenager2000.fr\/#\/schema\/logo\/image\/","url":"https:\/\/espacemenager2000.fr\/wp-content\/uploads\/2026\/05\/Fav-Em2000.png","contentUrl":"https:\/\/espacemenager2000.fr\/wp-content\/uploads\/2026\/05\/Fav-Em2000.png","width":369,"height":369,"caption":"Espace Menager 2000"},"image":{"@id":"https:\/\/espacemenager2000.fr\/#\/schema\/logo\/image\/"},"sameAs":["https:\/\/www.facebook.com\/p\/Espace-menager-2000-100068469618146\/"]}]}},"_links":{"self":[{"href":"https:\/\/espacemenager2000.fr\/en\/wp-json\/wp\/v2\/product\/1509","targetHints":{"allow":["GET"]}}],"collection":[{"href":"https:\/\/espacemenager2000.fr\/en\/wp-json\/wp\/v2\/product"}],"about":[{"href":"https:\/\/espacemenager2000.fr\/en\/wp-json\/wp\/v2\/types\/product"}],"replies":[{"embeddable":true,"href":"https:\/\/espacemenager2000.fr\/en\/wp-json\/wp\/v2\/comments?post=1509"}],"wp:featuredmedia":[{"embeddable":true,"href":"https:\/\/espacemenager2000.fr\/en\/wp-json\/wp\/v2\/media\/1510"}],"wp:attachment":[{"href":"https:\/\/espacemenager2000.fr\/en\/wp-json\/wp\/v2\/media?parent=1509"}],"wp:term":[{"taxonomy":"product_brand","embeddable":true,"href":"https:\/\/espacemenager2000.fr\/en\/wp-json\/wp\/v2\/product_brand?post=1509"},{"taxonomy":"product_cat","embeddable":true,"href":"https:\/\/espacemenager2000.fr\/en\/wp-json\/wp\/v2\/product_cat?post=1509"},{"taxonomy":"product_tag","embeddable":true,"href":"https:\/\/espacemenager2000.fr\/en\/wp-json\/wp\/v2\/product_tag?post=1509"}],"curies":[{"name":"wp","href":"https:\/\/api.w.org\/{rel}","templated":true}]}}