{"id":1497,"date":"2025-12-22T16:17:39","date_gmt":"2025-12-22T16:17:39","guid":{"rendered":"https:\/\/espacemenager2000.fr\/?post_type=product&#038;p=1497"},"modified":"2026-05-10T20:42:39","modified_gmt":"2026-05-10T20:42:39","slug":"home-trainer-elite-tuo","status":"publish","type":"product","link":"https:\/\/espacemenager2000.fr\/en\/product\/home-trainer-elite-tuo\/","title":{"rendered":"Home Trainer ELITE TUO"},"content":{"rendered":"<h2>Home Trainer ELITE TUO<\/h2>\n<p>Aussi facile et pratique \u00e0 utiliser que performant et \u00e9l\u00e9gant, le\u00a0<strong>home trainer ELITE Tuo<\/strong> est un mod\u00e8le silencieux destin\u00e9 aux cyclistes qui, par n\u00e9cessit\u00e9 ou simplement par passion. Souhaitent p\u00e9daler <em>indoor<\/em>\u00a0sur leur propre v\u00e9lo en disposant d&#8217;une machine tr\u00e8s performante qui s&#8217;int\u00e8gre \u00e0 merveille dans leur salon.<\/p>\n<h3>Description<\/h3>\n<div>\n<div>\n<p>Aussi facile et pratique \u00e0 utiliser que performant et \u00e9l\u00e9gant, le\u00a0<strong>home trainer ELITE Tuo<\/strong> est un mod\u00e8le silencieux destin\u00e9 aux cyclistes qui, par n\u00e9cessit\u00e9 ou simplement par passion. Souhaitent p\u00e9daler <em>indoor<\/em>\u00a0sur leur propre v\u00e9lo en disposant d&#8217;une machine tr\u00e8s performante qui s&#8217;int\u00e8gre \u00e0 merveille dans leur salon.<\/p>\n<p>Le Suito b\u00e9n\u00e9ficie d&#8217;une technologie de transmission directe par frein magn\u00e9tique g\u00e9r\u00e9e \u00e9lectroniquement garantissant un tr\u00e8s grand r\u00e9alisme en permettant notamment de simuler des pentes jusqu&#8217;\u00e0 10\u00a0%. Ce home trainer inclue un algorithme d\u00e9velopp\u00e9 en collaboration avec le\u00a0<em>Fraunhofer Institute for Industrial Mathematics ITWM, Allemagne.<\/em> Qui, en plus des donn\u00e9es habituelles, prend en compte l&#8217;\u00e9nergie du volant d&#8217;inertie \u00e0 l&#8217;acc\u00e9l\u00e9ration et la d\u00e9c\u00e9l\u00e9ration pour le calcul de la puissance.<\/p>\n<\/div>\n<\/div>\n<div><\/div>\n<h4>Plus<\/h4>\n<div>\n<div><\/div>\n<div>\n<p>Il int\u00e8gre \u00e9galement un capteur de puissance PML (Power Meter Link). Qui utilise l&#8217;ergom\u00e8tre de votre v\u00e9lo pour ajuster la r\u00e9sistance \u00e0 la puissance mesur\u00e9e avec une pr\u00e9cision de +\/- 3%. Associ\u00e9 au logiciel et \u00e0 l\u2019application My E-Training (abonnement de 12 mois inclus). Le Tuo vous permet d&#8217;obtenir et d&#8217;analyser dans le d\u00e9tail les donn\u00e9es de vitesse, de puissance et de cadence.<\/p>\n<p>Le contr\u00f4le, la lecture et l&#8217;analyse des donn\u00e9es sont facilit\u00e9es par la connexion ANT+ FE-C. Qui se traduit par une interaction totale du rouleau avec l\u2019appli, le logiciel. L\u2019ordinateur et les p\u00e9riph\u00e9riques (smartphone et tablette) de n\u2019importe quel type fonctionnant avec IOS, Android, OSX et Windows. Partout, \u00e0 tout moment et en un rien de temps. Il vous suffira de configurer le parcours ou le programme d\u2019entra\u00eenement pour commencer \u00e0 p\u00e9daler. Tuo s\u2019occupe du reste en modifiant automatiquement la r\u00e9sistance et en g\u00e9rant au mieux l\u2019entra\u00eenement.<\/p>\n<p>Associant des pieds faits de bois de h\u00eatre avec des antid\u00e9rapants en caoutchouc et un cadre en m\u00e9tal, ce rouleau est pr\u00e9cis. Tr\u00e8s stable et pr\u00eat \u00e0 l&#8217;emploi dans n\u2019importe quelle situation et \u00e0 n\u2019importe quel niveau. De plus, quand vous avez termin\u00e9 votre s\u00e9ance, il se replie rapidement et occupe tr\u00e8s peu d&#8217;espace pour un stockage rapide et raffin\u00e9 o\u00f9 que soyez.<\/p>\n<\/div>\n<\/div>\n<div><\/div>\n<div>\n<h4>Points forts<\/h4>\n<div class=\"point_forts_content\">\n<p>D\u00e9velopp\u00e9 en collaboration avec Adriano Design, il s&#8221;int\u00e8gre \u00e0 la perfection dans l&#8217;esth\u00e9tique de votre maison<\/p>\n<p>Id\u00e9al pour les entra\u00eenements avec phases en danseuse, et ceux bas\u00e9s sur la cadence et les sprints de seuil<\/p>\n<p>Permet de simuler des pentes jusqu\u2019\u00e0 10 %, en d\u00e9veloppant une puissance de 1250 watts \u00e0 une vitesse de 40 km\/h<\/p>\n<p>Fonctionnement tr\u00e8s silencieux, pour des entrainements d&#8217;une grande tranquillit\u00e9<\/p>\n<p>Compl\u00e8tement interactif ANT+ FE-C \/\u00a0Compatible avec tous les logiciels d&#8217;analyse et de r\u00e9alit\u00e9 virtuelle<\/p>\n<p>Se referme rapidement apr\u00e8s usage, occupe un minimum d\u2019espace et se transporte facilement<\/p>\n<p>Usure r\u00e9duite et adh\u00e9rence importante du pneu sur le rouleau en \u00e9lastogel<\/p>\n<h2>Informations techniques<\/h2>\n<div class=\"informations_content\"><span class=\"metafield-multi_line_text_field\">Compatibilit\u00e9 Roues : Toutes<br \/>\nConnectivit\u00e9 : ANT+<br \/>\nConnectivit\u00e9 : Bluetooth<br \/>\nFixation du V\u00e9lo : sur Roue Arri\u00e8re<br \/>\nLogiciel Interactif : Oui<br \/>\nPuissance Maximale : 2000 Watts<br \/>\nR\u00e9sistance : \u00c9lectromagn\u00e9tique<br \/>\nSerrage Rapide : Non Fourni<br \/>\nSupport Roue Avant : Non Fourni<br \/>\nTransmission directe interactive avec frein magn\u00e9tique g\u00e9r\u00e9 \u00e9lectroniquement ;<br \/>\nCapteur de puissance int\u00e9gr\u00e9 PML (Power Meter Link) \/ Pr\u00e9cision :+\/- 3 % ;<br \/>\nCommunication sans fil ANT+ (FE-C, puissance, vitesse et cadence), Bluetooth (FTMS,\u00a0puissance, vitesse et cadence) ;<br \/>\nPente maximale simulable : 10 % ;<\/span><\/div>\n<div><\/div>\n<h4 class=\"informations_content\"><span class=\"metafield-multi_line_text_field\">Information<\/span><\/h4>\n<div><\/div>\n<div class=\"informations_content\"><span class=\"metafield-multi_line_text_field\">Puissance maximale : 2.050 watts \u00e0 60 km\/h \/ 1.250 watts \u00e0 40 km\/h ;<br \/>\nContr\u00f4le effectu\u00e9 par smartphone, tablette, ordinateur de v\u00e9lo et montres sportives ANT+ FE-C et Bluetooth ;<br \/>\nLecture sur\u00a0smartphone, tablette, ordinateur de v\u00e9lo, Windows et Mac, montres sportives, ordinateur ANT+ et\/ou Bluetooth ;<br \/>\nCompatible avec My E-Training et avec toutes les autres plateformes pour l&#8217;indoor-cycling dont Zwift, TrainerRoad, BikEvo, Kinomap, The Sufferset ;<br \/>\nCompatible avec v\u00e9lo sur route et VTT avec 9&#215;130\/135 mm \u00a0\u00e0 blocage rapide et axe traversant 12&#215;142 mm ainsi qu&#8217;avec les axes Boost 12&#215;148 mm (avec adaptateur fourni) ;<br \/>\nCompatible avec roue allant jusqu&#8217;\u00e0 29&#8243; ;<br \/>\nSortie : puissance, vitesse, cadence ;<br \/>\nLivr\u00e9 avec un abonnement My E-Training \u00a0software &amp; app pendant 12 mois ;<br \/>\nEncombrement ouvert : 680 x 690 mm \/ Hauteur : 410 mm ;<br \/>\nDimension pli\u00e9 : 430 x 315 x 560 mm ;<br \/>\nPoids (fabricant) : 10,3 kg.<\/span><\/div>\n<\/div>\n<\/div>\n<p>&nbsp;<\/p>\n<p>&nbsp;<\/p>","protected":false},"excerpt":{"rendered":"<div class=\"product attribute overview\">\n<div class=\"value\">\n<div class=\"elementor-widget elementor-element elementor-element-cenezrn elementor-widget-text-editor\" data-element_type=\"text-editor\">\n<div class=\"elementor-widget-container\">\n<div class=\"elementor-text-editor rte-content\">Aussi facile et pratique \u00e0 utiliser que performant et \u00e9l\u00e9gant, le\u00a0<strong>home trainer ELITE Tuo<\/strong>\u00a0est un mod\u00e8le silencieux destin\u00e9 aux cyclistes\u00a0qui, par n\u00e9cessit\u00e9 ou simplement par passion, souhaitent p\u00e9daler\u00a0<em>indoor<\/em>\u00a0sur leur propre v\u00e9lo en disposant d&#8217;une machine tr\u00e8s performante qui s&#8217;int\u00e8gre \u00e0 merveille dans leur salon.<\/div>\n<\/div>\n<\/div>\n<div class=\"elementor-widget elementor-element elementor-element-ki1x5cr elementor-widget-text-editor\" data-element_type=\"text-editor\">\n<div class=\"elementor-widget-container\">\n<div class=\"elementor-text-editor rte-content\"><a class=\"zReHs\" href=\"https:\/\/hemvelos.com\/produit\/velo-dinterieur-wahoo-fitness-kickr-bike-shift\/\" data-ved=\"2ahUKEwj2oNmc04KOAxXTUUEAHe9kDrYQFnoECB0QAQ\"><br \/>\n<\/a><\/p>\n<div class=\"notranslate ESMNde HGLrXd ojE3Fb\">\n<div class=\"q0vns\">\n<div class=\"eqA2re UnOTSe Vwoesf\" aria-hidden=\"true\"><\/div>\n<\/div>\n<\/div>\n<\/div>\n<\/div>\n<\/div>\n<\/div>\n<\/div>","protected":false},"featured_media":1498,"comment_status":"open","ping_status":"closed","template":"","meta":[],"product_brand":[72],"product_cat":[17,69,18,19],"product_tag":[71],"class_list":{"0":"post-1497","1":"product","2":"type-product","3":"status-publish","4":"has-post-thumbnail","6":"product_brand-elite","7":"product_cat-bons-plans","8":"product_cat-hometrainers","9":"product_cat-promotions","10":"product_cat-training-fitness","11":"product_tag-hometrainers","13":"first","14":"instock","15":"shipping-taxable","16":"purchasable","17":"product-type-simple"},"yoast_head":"<!-- This site is optimized with the Yoast SEO plugin v27.6 - https:\/\/yoast.com\/product\/yoast-seo-wordpress\/ -->\n<title>Home Trainer ELITE TUO - Promotion - Vente d&#039;\u00c9lectrom\u00e9nager Neuf et Garanti \u00e0 Paris<\/title>\n<meta name=\"description\" content=\"Home Trainer ELITE TUO - Aussi facile et pratique \u00e0 utiliser que performant et \u00e9l\u00e9gant. mod\u00e8le silencieux destin\u00e9 aux cyclistes qui, par n\u00e9cessit\u00e9 ou simplement par passion\" \/>\n<meta name=\"robots\" content=\"index, follow, max-snippet:-1, max-image-preview:large, max-video-preview:-1\" \/>\n<link rel=\"canonical\" href=\"https:\/\/espacemenager2000.fr\/en\/product\/home-trainer-elite-tuo\/\" \/>\n<meta property=\"og:locale\" content=\"en_US\" \/>\n<meta property=\"og:type\" content=\"article\" \/>\n<meta property=\"og:title\" content=\"Home Trainer ELITE TUO - Promotion - Vente d&#039;\u00c9lectrom\u00e9nager Neuf et Garanti \u00e0 Paris\" \/>\n<meta property=\"og:description\" content=\"Home Trainer ELITE TUO - Aussi facile et pratique \u00e0 utiliser que performant et \u00e9l\u00e9gant. mod\u00e8le silencieux destin\u00e9 aux cyclistes qui, par n\u00e9cessit\u00e9 ou simplement par passion\" \/>\n<meta property=\"og:url\" content=\"https:\/\/espacemenager2000.fr\/en\/product\/home-trainer-elite-tuo\/\" \/>\n<meta property=\"og:site_name\" content=\"Vente d&#039;\u00c9lectrom\u00e9nager Neuf et Garanti \u00e0 Paris\" \/>\n<meta property=\"article:publisher\" content=\"https:\/\/www.facebook.com\/p\/Espace-menager-2000-100068469618146\/\" \/>\n<meta property=\"article:modified_time\" content=\"2026-05-10T20:42:39+00:00\" \/>\n<meta property=\"og:image\" content=\"https:\/\/espacemenager2000.fr\/wp-content\/uploads\/2026\/05\/elite-tuo.jpg\" \/>\n\t<meta property=\"og:image:width\" content=\"1024\" \/>\n\t<meta property=\"og:image:height\" content=\"718\" \/>\n\t<meta property=\"og:image:type\" content=\"image\/jpeg\" \/>\n<meta name=\"twitter:card\" content=\"summary_large_image\" \/>\n<meta name=\"twitter:label1\" content=\"Est. reading time\" \/>\n\t<meta name=\"twitter:data1\" content=\"6 minutes\" \/>\n<script type=\"application\/ld+json\" class=\"yoast-schema-graph\">{\"@context\":\"https:\\\/\\\/schema.org\",\"@graph\":[{\"@type\":\"WebPage\",\"@id\":\"https:\\\/\\\/espacemenager2000.fr\\\/produit\\\/home-trainer-elite-tuo\\\/\",\"url\":\"https:\\\/\\\/espacemenager2000.fr\\\/produit\\\/home-trainer-elite-tuo\\\/\",\"name\":\"Home Trainer ELITE TUO - Promotion - Vente d&#039;\u00c9lectrom\u00e9nager Neuf et Garanti \u00e0 Paris\",\"isPartOf\":{\"@id\":\"https:\\\/\\\/espacemenager2000.fr\\\/#website\"},\"primaryImageOfPage\":{\"@id\":\"https:\\\/\\\/espacemenager2000.fr\\\/produit\\\/home-trainer-elite-tuo\\\/#primaryimage\"},\"image\":{\"@id\":\"https:\\\/\\\/espacemenager2000.fr\\\/produit\\\/home-trainer-elite-tuo\\\/#primaryimage\"},\"thumbnailUrl\":\"https:\\\/\\\/espacemenager2000.fr\\\/wp-content\\\/uploads\\\/2026\\\/05\\\/elite-tuo.jpg\",\"datePublished\":\"2025-12-22T16:17:39+00:00\",\"dateModified\":\"2026-05-10T20:42:39+00:00\",\"description\":\"Home Trainer ELITE TUO - Aussi facile et pratique \u00e0 utiliser que performant et \u00e9l\u00e9gant. mod\u00e8le silencieux destin\u00e9 aux cyclistes qui, par n\u00e9cessit\u00e9 ou simplement par passion\",\"breadcrumb\":{\"@id\":\"https:\\\/\\\/espacemenager2000.fr\\\/produit\\\/home-trainer-elite-tuo\\\/#breadcrumb\"},\"inLanguage\":\"en-US\",\"potentialAction\":[{\"@type\":\"ReadAction\",\"target\":[\"https:\\\/\\\/espacemenager2000.fr\\\/produit\\\/home-trainer-elite-tuo\\\/\"]}]},{\"@type\":\"ImageObject\",\"inLanguage\":\"en-US\",\"@id\":\"https:\\\/\\\/espacemenager2000.fr\\\/produit\\\/home-trainer-elite-tuo\\\/#primaryimage\",\"url\":\"https:\\\/\\\/espacemenager2000.fr\\\/wp-content\\\/uploads\\\/2026\\\/05\\\/elite-tuo.jpg\",\"contentUrl\":\"https:\\\/\\\/espacemenager2000.fr\\\/wp-content\\\/uploads\\\/2026\\\/05\\\/elite-tuo.jpg\",\"width\":1024,\"height\":718},{\"@type\":\"BreadcrumbList\",\"@id\":\"https:\\\/\\\/espacemenager2000.fr\\\/produit\\\/home-trainer-elite-tuo\\\/#breadcrumb\",\"itemListElement\":[{\"@type\":\"ListItem\",\"position\":1,\"name\":\"Accueil\",\"item\":\"https:\\\/\\\/espacemenager2000.fr\\\/\"},{\"@type\":\"ListItem\",\"position\":2,\"name\":\"Boutique\",\"item\":\"https:\\\/\\\/espacemenager2000.fr\\\/boutique\\\/\"},{\"@type\":\"ListItem\",\"position\":3,\"name\":\"Home Trainer ELITE TUO\"}]},{\"@type\":\"WebSite\",\"@id\":\"https:\\\/\\\/espacemenager2000.fr\\\/#website\",\"url\":\"https:\\\/\\\/espacemenager2000.fr\\\/\",\"name\":\"Espace Menager 2000\",\"description\":\"Expert en \u00e9lectrom\u00e9nager depuis 2001, Espace M\u00e9nager 2000 vous propose une large gamme de produits : lave-linge, r\u00e9frig\u00e9rateurs, \u00e9lectronique et fitness. Profitez de notre savoir-faire en vente, r\u00e9paration et d\u00e9pannage. Livraison rapide dans toute la zone Euro. Qualit\u00e9 et service garantis.\",\"publisher\":{\"@id\":\"https:\\\/\\\/espacemenager2000.fr\\\/#organization\"},\"potentialAction\":[{\"@type\":\"SearchAction\",\"target\":{\"@type\":\"EntryPoint\",\"urlTemplate\":\"https:\\\/\\\/espacemenager2000.fr\\\/?s={search_term_string}\"},\"query-input\":{\"@type\":\"PropertyValueSpecification\",\"valueRequired\":true,\"valueName\":\"search_term_string\"}}],\"inLanguage\":\"en-US\"},{\"@type\":\"Organization\",\"@id\":\"https:\\\/\\\/espacemenager2000.fr\\\/#organization\",\"name\":\"Espace Menager 2000\",\"url\":\"https:\\\/\\\/espacemenager2000.fr\\\/\",\"logo\":{\"@type\":\"ImageObject\",\"inLanguage\":\"en-US\",\"@id\":\"https:\\\/\\\/espacemenager2000.fr\\\/#\\\/schema\\\/logo\\\/image\\\/\",\"url\":\"https:\\\/\\\/espacemenager2000.fr\\\/wp-content\\\/uploads\\\/2026\\\/05\\\/Fav-Em2000.png\",\"contentUrl\":\"https:\\\/\\\/espacemenager2000.fr\\\/wp-content\\\/uploads\\\/2026\\\/05\\\/Fav-Em2000.png\",\"width\":369,\"height\":369,\"caption\":\"Espace Menager 2000\"},\"image\":{\"@id\":\"https:\\\/\\\/espacemenager2000.fr\\\/#\\\/schema\\\/logo\\\/image\\\/\"},\"sameAs\":[\"https:\\\/\\\/www.facebook.com\\\/p\\\/Espace-menager-2000-100068469618146\\\/\"]}]}<\/script>\n<!-- \/ Yoast SEO plugin. -->","yoast_head_json":{"title":"Home Trainer ELITE TUO - Promotion - Vente d&#039;\u00c9lectrom\u00e9nager Neuf et Garanti \u00e0 Paris","description":"Home Trainer ELITE TUO - Aussi facile et pratique \u00e0 utiliser que performant et \u00e9l\u00e9gant. mod\u00e8le silencieux destin\u00e9 aux cyclistes qui, par n\u00e9cessit\u00e9 ou simplement par passion","robots":{"index":"index","follow":"follow","max-snippet":"max-snippet:-1","max-image-preview":"max-image-preview:large","max-video-preview":"max-video-preview:-1"},"canonical":"https:\/\/espacemenager2000.fr\/en\/product\/home-trainer-elite-tuo\/","og_locale":"en_US","og_type":"article","og_title":"Home Trainer ELITE TUO - Promotion - Vente d&#039;\u00c9lectrom\u00e9nager Neuf et Garanti \u00e0 Paris","og_description":"Home Trainer ELITE TUO - Aussi facile et pratique \u00e0 utiliser que performant et \u00e9l\u00e9gant. mod\u00e8le silencieux destin\u00e9 aux cyclistes qui, par n\u00e9cessit\u00e9 ou simplement par passion","og_url":"https:\/\/espacemenager2000.fr\/en\/product\/home-trainer-elite-tuo\/","og_site_name":"Vente d&#039;\u00c9lectrom\u00e9nager Neuf et Garanti \u00e0 Paris","article_publisher":"https:\/\/www.facebook.com\/p\/Espace-menager-2000-100068469618146\/","article_modified_time":"2026-05-10T20:42:39+00:00","og_image":[{"width":1024,"height":718,"url":"https:\/\/espacemenager2000.fr\/wp-content\/uploads\/2026\/05\/elite-tuo.jpg","type":"image\/jpeg"}],"twitter_card":"summary_large_image","twitter_misc":{"Est. reading time":"6 minutes"},"schema":{"@context":"https:\/\/schema.org","@graph":[{"@type":"WebPage","@id":"https:\/\/espacemenager2000.fr\/produit\/home-trainer-elite-tuo\/","url":"https:\/\/espacemenager2000.fr\/produit\/home-trainer-elite-tuo\/","name":"Home Trainer ELITE TUO - Promotion - Vente d&#039;\u00c9lectrom\u00e9nager Neuf et Garanti \u00e0 Paris","isPartOf":{"@id":"https:\/\/espacemenager2000.fr\/#website"},"primaryImageOfPage":{"@id":"https:\/\/espacemenager2000.fr\/produit\/home-trainer-elite-tuo\/#primaryimage"},"image":{"@id":"https:\/\/espacemenager2000.fr\/produit\/home-trainer-elite-tuo\/#primaryimage"},"thumbnailUrl":"https:\/\/espacemenager2000.fr\/wp-content\/uploads\/2026\/05\/elite-tuo.jpg","datePublished":"2025-12-22T16:17:39+00:00","dateModified":"2026-05-10T20:42:39+00:00","description":"Home Trainer ELITE TUO - Aussi facile et pratique \u00e0 utiliser que performant et \u00e9l\u00e9gant. mod\u00e8le silencieux destin\u00e9 aux cyclistes qui, par n\u00e9cessit\u00e9 ou simplement par passion","breadcrumb":{"@id":"https:\/\/espacemenager2000.fr\/produit\/home-trainer-elite-tuo\/#breadcrumb"},"inLanguage":"en-US","potentialAction":[{"@type":"ReadAction","target":["https:\/\/espacemenager2000.fr\/produit\/home-trainer-elite-tuo\/"]}]},{"@type":"ImageObject","inLanguage":"en-US","@id":"https:\/\/espacemenager2000.fr\/produit\/home-trainer-elite-tuo\/#primaryimage","url":"https:\/\/espacemenager2000.fr\/wp-content\/uploads\/2026\/05\/elite-tuo.jpg","contentUrl":"https:\/\/espacemenager2000.fr\/wp-content\/uploads\/2026\/05\/elite-tuo.jpg","width":1024,"height":718},{"@type":"BreadcrumbList","@id":"https:\/\/espacemenager2000.fr\/produit\/home-trainer-elite-tuo\/#breadcrumb","itemListElement":[{"@type":"ListItem","position":1,"name":"Accueil","item":"https:\/\/espacemenager2000.fr\/"},{"@type":"ListItem","position":2,"name":"Boutique","item":"https:\/\/espacemenager2000.fr\/boutique\/"},{"@type":"ListItem","position":3,"name":"Home Trainer ELITE TUO"}]},{"@type":"WebSite","@id":"https:\/\/espacemenager2000.fr\/#website","url":"https:\/\/espacemenager2000.fr\/","name":"Espace Menager 2000","description":"Expert en \u00e9lectrom\u00e9nager depuis 2001, Espace M\u00e9nager 2000 vous propose une large gamme de produits : lave-linge, r\u00e9frig\u00e9rateurs, \u00e9lectronique et fitness. Profitez de notre savoir-faire en vente, r\u00e9paration et d\u00e9pannage. Livraison rapide dans toute la zone Euro. Qualit\u00e9 et service garantis.","publisher":{"@id":"https:\/\/espacemenager2000.fr\/#organization"},"potentialAction":[{"@type":"SearchAction","target":{"@type":"EntryPoint","urlTemplate":"https:\/\/espacemenager2000.fr\/?s={search_term_string}"},"query-input":{"@type":"PropertyValueSpecification","valueRequired":true,"valueName":"search_term_string"}}],"inLanguage":"en-US"},{"@type":"Organization","@id":"https:\/\/espacemenager2000.fr\/#organization","name":"Espace Menager 2000","url":"https:\/\/espacemenager2000.fr\/","logo":{"@type":"ImageObject","inLanguage":"en-US","@id":"https:\/\/espacemenager2000.fr\/#\/schema\/logo\/image\/","url":"https:\/\/espacemenager2000.fr\/wp-content\/uploads\/2026\/05\/Fav-Em2000.png","contentUrl":"https:\/\/espacemenager2000.fr\/wp-content\/uploads\/2026\/05\/Fav-Em2000.png","width":369,"height":369,"caption":"Espace Menager 2000"},"image":{"@id":"https:\/\/espacemenager2000.fr\/#\/schema\/logo\/image\/"},"sameAs":["https:\/\/www.facebook.com\/p\/Espace-menager-2000-100068469618146\/"]}]}},"_links":{"self":[{"href":"https:\/\/espacemenager2000.fr\/en\/wp-json\/wp\/v2\/product\/1497","targetHints":{"allow":["GET"]}}],"collection":[{"href":"https:\/\/espacemenager2000.fr\/en\/wp-json\/wp\/v2\/product"}],"about":[{"href":"https:\/\/espacemenager2000.fr\/en\/wp-json\/wp\/v2\/types\/product"}],"replies":[{"embeddable":true,"href":"https:\/\/espacemenager2000.fr\/en\/wp-json\/wp\/v2\/comments?post=1497"}],"wp:featuredmedia":[{"embeddable":true,"href":"https:\/\/espacemenager2000.fr\/en\/wp-json\/wp\/v2\/media\/1498"}],"wp:attachment":[{"href":"https:\/\/espacemenager2000.fr\/en\/wp-json\/wp\/v2\/media?parent=1497"}],"wp:term":[{"taxonomy":"product_brand","embeddable":true,"href":"https:\/\/espacemenager2000.fr\/en\/wp-json\/wp\/v2\/product_brand?post=1497"},{"taxonomy":"product_cat","embeddable":true,"href":"https:\/\/espacemenager2000.fr\/en\/wp-json\/wp\/v2\/product_cat?post=1497"},{"taxonomy":"product_tag","embeddable":true,"href":"https:\/\/espacemenager2000.fr\/en\/wp-json\/wp\/v2\/product_tag?post=1497"}],"curies":[{"name":"wp","href":"https:\/\/api.w.org\/{rel}","templated":true}]}}