{"id":1468,"date":"2025-12-22T16:17:17","date_gmt":"2025-12-22T16:17:17","guid":{"rendered":"https:\/\/espacemenager2000.fr\/?post_type=product&#038;p=1468"},"modified":"2026-05-14T00:20:59","modified_gmt":"2026-05-14T00:20:59","slug":"elite-nero-rouleaux-dentrainement","status":"publish","type":"product","link":"https:\/\/espacemenager2000.fr\/en\/product\/elite-nero-rouleaux-dentrainement\/","title":{"rendered":"Elite Nero Rouleaux d\u2019Entra\u00eenement"},"content":{"rendered":"<h2>Elite Nero Rouleaux d\u2019Entra\u00eenement<\/h2>\n<p>Le Elite Nero Rouleaux d\u2019Entra\u00eenement a repris le design, le syst\u00e8me de l\u00e9vitation et le confort de l&#8217;enrouleur Quick-Motion pour le rendre noir, agressif, sportif et interactif. La fusion de l&#8217;innovation Quick-Motion et de l&#8217;interactivit\u00e9 de l&#8217;Arion Digital Smart B+ a maintenant donn\u00e9 naissance au Nero, le nouveau rouleau innovant d&#8217;Elite.<\/p>\n<h3><strong>Description<\/strong><\/h3>\n<h4><b>Une interactivit\u00e9 in\u00e9gal\u00e9e<\/b><\/h4>\n<p>Le Nero a repris le design, le syst\u00e8me de l\u00e9vitation et le confort de l&#8217;enrouleur Quick-Motion pour le rendre noir, agressif, sportif et interactif. La fusion de l&#8217;innovation Quick-Motion et de l&#8217;interactivit\u00e9 de l&#8217;Arion Digital Smart B+ a maintenant donn\u00e9 naissance au Nero, le nouveau rouleau innovant d&#8217;Elite.<\/p>\n<p>Esth\u00e9tiquement s\u00e9duisant et techniquement performant, le Nero poss\u00e8de tous les atouts pour permettre aux sportifs de vivre un entra\u00eenement riche en sensations et en stimulations. Le Nero est le premier v\u00e9lo \u00e0 roulettes \u00e9quip\u00e9 d&#8217;une roue d&#8217;inertie qui permet une conduite plus douce et plus naturelle.<\/p>\n<div class=\"youtube-video-block contentbird-ignore-import\" data-props=\"{&quot;videoId&quot;:&quot;-d17wu-OOM8&quot;}\">\n<div class=\"youtube--video--wrapper\">\n<div class=\"youtube--legal-overlay\">\n<p class=\"youtube--legal-text paragraph mb-4\">En cliquant sur &#8220;Accept &amp; Play&#8221;, vous acceptez que Youtube place des cookies sur votre terminal et que des donn\u00e9es soient transmises \u00e0 Youtube. Vous trouverez d\u2019autres informations sur\u00a0<a href=\"https:\/\/policies.google.com\/technologies\/cookies?hl=fr#types-of-cookies\" target=\"_blank\" rel=\"noopener noreferrer\">Comment Google utilise les cookies<\/a><\/p>\n<div class=\"button__content-wrapper\">Accept &amp; Play<\/div>\n<\/div>\n<\/div>\n<\/div>\n<h3>Infos techniques de l&#8217;Elite Nero<\/h3>\n<h3><b>Interactivit\u00e9<\/b><\/h3>\n<p>NERO est un rouleau interactif qui interagit avec tous les types d&#8217;applications, de logiciels ainsi qu&#8217;avec les ordinateurs, les smartphones et les tablettes IOS, Android, MacOS et Windows. Il adapte sa r\u00e9sistance en fonction de la s\u00e9ance d&#8217;entra\u00eenement. Nero utilise les protocoles de communication sans fil ANT+ et Bluetooth pour envoyer instantan\u00e9ment toutes les donn\u00e9es d&#8217;entra\u00eenement aux programmes, aux apps et au logiciel.<\/p>\n<h4>Sa capacit\u00e9 \u00e0 communiquer sans fil avec la plupart des programmes et applications disponibles offre aux cyclistes l&#8217;avantage de pouvoir choisir entre diff\u00e9rentes s\u00e9ances d&#8217;entra\u00eenement. Elite recommande pour cela My E-Training\u00a0<i>(12 mois d&#8217;abonnement gratuit &#8211; inclus)<\/i>, car il offre une multitude de fonctions qui satisferont tous les cyclistes, du d\u00e9butant \u00e0 l&#8217;expert.<\/h4>\n<p><b>Rotation r\u00e9guli\u00e8re lors du p\u00e9dalage<\/b><\/p>\n<p>Le Nero se distingue par son \u00e9tonnante r\u00e9gularit\u00e9 dans la rondeur du p\u00e9dalage. Pour l&#8217;am\u00e9liorer, deux volants d&#8217;inertie ont \u00e9t\u00e9 install\u00e9s dans le rouleau arri\u00e8re. Gr\u00e2ce \u00e0 cette solution adapt\u00e9e, tu auras l&#8217;impression d&#8217;\u00eatre en plein air lorsque tu rouleras sur le Nero, m\u00eame en mont\u00e9e.<\/p>\n<h4><b>Manipulation facile<\/b><\/h4>\n<p>Rouler sur un entra\u00eeneur \u00e0 roulettes n&#8217;est pas facile au d\u00e9but. Monter et descendre d&#8217;un v\u00e9lo qui n&#8217;est pas stable peut \u00eatre d\u00e9licat et parfois effrayant. Avec Nero, tu n&#8217;as aucune raison d&#8217;avoir peur. Une marche escamotable a \u00e9t\u00e9 int\u00e9gr\u00e9e pour soutenir le cycliste. Il n&#8217;est pas n\u00e9cessaire de placer le trainer contre un mur, il n&#8217;y a pas de risque de chute. Gr\u00e2ce \u00e0 cette marche int\u00e9gr\u00e9e, le conducteur a une position de d\u00e9part fixe lorsqu&#8217;il commence \u00e0 conduire ou lorsqu&#8217;il termine ses s\u00e9ances d&#8217;entra\u00eenement. Une fois la marche repli\u00e9e apr\u00e8s l&#8217;entra\u00eenement, elle dispara\u00eet parfaitement dans le design du Nero.<\/p>\n<h4><b>Roulettes en forme de parabole<\/b><\/h4>\n<p>Les caract\u00e9ristiques techniques des trois rouleaux garantissent un contr\u00f4le facile de ton rythme. La forme parabolique typique des extr\u00e9mit\u00e9s des roulettes guide imm\u00e9diatement la roue vers le centre du trainer.<\/p>\n<h4><b>Syst\u00e8me de l\u00e9vitation<\/b><\/h4>\n<p>Le Nero a repris le syst\u00e8me de l\u00e9vitation du rouleau Quick-Motion, qui facilite l&#8217;\u00e9quilibre pendant l&#8217;entra\u00eenement. Il facilite l&#8217;approche des rouleaux en absorbant les mouvements brusques, typiques d&#8217;une m\u00e9fiance initiale, et en les ramenant en douceur. Cela signifie que m\u00eame les sportifs moins exp\u00e9riment\u00e9s peuvent s&#8217;habituer \u00e0 Nero en quelques minutes et s&#8217;entra\u00eener efficacement sur ce rouleau.<\/p>\n<p>De plus, le syst\u00e8me de l\u00e9vitation impl\u00e9ment\u00e9 dans Nero am\u00e9liore \u00e9galement l&#8217;\u00e9quilibre dans tous les gestes sportifs, comme par exemple la position debout \u00e0 v\u00e9lo.<\/p>\n<h4><b>Excitant<\/b><\/h4>\n<p>L&#8217;unit\u00e9 de r\u00e9sistance interactive est capable de simuler des pentes allant jusqu&#8217;\u00e0 7%, ce qui est un pourcentage consid\u00e9rable pour un rouleau. Cela signifie que l&#8217;entra\u00eenement sur ce trainer est interactif, amusant et passionnant. Les nombreuses activit\u00e9s sportives qui peuvent \u00eatre pratiqu\u00e9es sur ce rouleau se combinent avec la possibilit\u00e9 d&#8217;utiliser diff\u00e9rents types de logiciels.<\/p>\n<p>Qu&#8217;il s&#8217;agisse d&#8217;une mont\u00e9e depuis une vid\u00e9o Elite Real ou depuis le monde virtuel de Zwift, tu peux sentir la r\u00e9sistance qui change constamment pour t&#8217;offrir une exp\u00e9rience de conduite presque totalement r\u00e9aliste.<\/p>\n<h4><b>Compatibilit\u00e9 maximale<\/b><\/h4>\n<p>NERO est compatible aussi bien avec les v\u00e9los de course qu&#8217;avec les v\u00e9los de VTT. Le rouleau avant est r\u00e9glable sur 11 positions diff\u00e9rentes afin de garantir une compatibilit\u00e9 parfaite avec le cadre du v\u00e9lo utilis\u00e9.<\/p>\n<p><b>Silencieux<\/b><br \/>\nLa surface parfaitement lisse et antistatique des roulettes r\u00e9duit consid\u00e9rablement le bruit et l&#8217;usure des pneus.<\/p>\n<h4><b>Peu encombrant<\/b><\/h4>\n<p>Le cadre pliable en 3 parties permet de r\u00e9duire de 50% l&#8217;espace n\u00e9cessaire au stockage du trainer. Une fois repli\u00e9, il est facile \u00e0 transporter gr\u00e2ce \u00e0 la poign\u00e9e ergonomique int\u00e9gr\u00e9e au cadre et \u00e0 son syst\u00e8me de verrouillage.<\/p>\n<p><b>Transmission sans fil :<\/b>ANT+ sans fil (FE-C, Power et Speed&amp;Cadence) ou Bluetooth.<br \/>\n<b>Compatible avec :<\/b>ZWIFT, BIKEVO, TrainerRoad, Kinomap, Rouvy et MyTraining.<\/p>\n<p>Inclus 12 mois d&#8217;acc\u00e8s gratuit \u00e0 l&#8217;application My E-Training.<br \/>\nContenu de la livraison : y compris 12 mois d&#8217;acc\u00e8s gratuit \u00e0 l&#8217;application My E-Training<br \/>\nMat\u00e9riaux : Cadre : Acier \/ Plastique<\/p>\n<h3 class=\"product-detail-data-sheet__title\">Fiche technique pour Elite Nero Rouleaux d\u2019Entra\u00eenement &#8211; black<\/h3>\n<table class=\"product-detail-data-sheet__table\">\n<tbody>\n<tr class=\"product-detail-data-sheet__row\">\n<td class=\"product-detail-data-sheet__cell product-detail-data-sheet__cell--title\">Nom de produit:<\/td>\n<td class=\"product-detail-data-sheet__cell product-detail-data-sheet__cell--value\">Elite Nero Rouleaux d\u2019Entra\u00eenement &#8211; black<\/td>\n<\/tr>\n<tr class=\"product-detail-data-sheet__row\">\n<td class=\"product-detail-data-sheet__cell product-detail-data-sheet__cell--title\">Marque:<\/td>\n<td class=\"product-detail-data-sheet__cell product-detail-data-sheet__cell--value\">Elite<\/td>\n<\/tr>\n<tr class=\"product-detail-data-sheet__row\">\n<td class=\"product-detail-data-sheet__cell product-detail-data-sheet__cell--title\">Num\u00e9ro d\u2019article:<\/td>\n<td class=\"product-detail-data-sheet__cell product-detail-data-sheet__cell--value\">ELI390010<\/td>\n<\/tr>\n<tr class=\"product-detail-data-sheet__row\">\n<td class=\"product-detail-data-sheet__cell product-detail-data-sheet__cell--title\">Activit\u00e9:<\/td>\n<td class=\"product-detail-data-sheet__cell product-detail-data-sheet__cell--value\">Cyclisme<\/td>\n<\/tr>\n<tr class=\"product-detail-data-sheet__row\">\n<td class=\"product-detail-data-sheet__cell product-detail-data-sheet__cell--title\">Domaine d&#8217;utilisation:<\/td>\n<td class=\"product-detail-data-sheet__cell product-detail-data-sheet__cell--value\">Home-Trainer<\/td>\n<\/tr>\n<tr class=\"product-detail-data-sheet__row\">\n<td class=\"product-detail-data-sheet__cell product-detail-data-sheet__cell--title\">Norme de transmission:<\/td>\n<td class=\"product-detail-data-sheet__cell product-detail-data-sheet__cell--value\">ANT+, Bluetooth<\/td>\n<\/tr>\n<tr class=\"product-detail-data-sheet__row\">\n<td class=\"product-detail-data-sheet__cell product-detail-data-sheet__cell--title\">Mod\u00e8le d\u2019entra\u00eenement:<\/td>\n<td class=\"product-detail-data-sheet__cell product-detail-data-sheet__cell--value\">Rouleau libre (roller)<\/td>\n<\/tr>\n<tr class=\"product-detail-data-sheet__row\">\n<td class=\"product-detail-data-sheet__cell product-detail-data-sheet__cell--title\">Fonctions d\u2019entra\u00eeneur:<\/td>\n<td class=\"product-detail-data-sheet__cell product-detail-data-sheet__cell--value\">Compatibilit\u00e9 PC (\u00e9galement en option), Compatibilit\u00e9 Appli (\u00e9galement en option), Virtual Reality<\/td>\n<\/tr>\n<tr class=\"product-detail-data-sheet__row\">\n<td class=\"product-detail-data-sheet__cell product-detail-data-sheet__cell--title\">Frein d&#8217;entra\u00eenement:<\/td>\n<td class=\"product-detail-data-sheet__cell product-detail-data-sheet__cell--value\">Frein magn\u00e9tique<\/td>\n<\/tr>\n<tr class=\"product-detail-data-sheet__row\">\n<td class=\"product-detail-data-sheet__cell product-detail-data-sheet__cell--title\">Ann\u00e9e du mod\u00e8le:<\/td>\n<td class=\"product-detail-data-sheet__cell product-detail-data-sheet__cell--value\">2024<\/td>\n<\/tr>\n<tr class=\"product-detail-data-sheet__row\">\n<td class=\"product-detail-data-sheet__cell product-detail-data-sheet__cell--title\">Collection:<\/td>\n<td class=\"product-detail-data-sheet__cell product-detail-data-sheet__cell--value\">Toute l&#8217;ann\u00e9e<\/td>\n<\/tr>\n<tr class=\"product-detail-data-sheet__row\">\n<td class=\"product-detail-data-sheet__cell product-detail-data-sheet__cell--title\">Couleur:<\/td>\n<td class=\"product-detail-data-sheet__cell product-detail-data-sheet__cell--value\">Noir<\/td>\n<\/tr>\n<tr class=\"product-detail-data-sheet__row\">\n<td class=\"product-detail-data-sheet__cell product-detail-data-sheet__cell--title\">Poids:<\/td>\n<td class=\"product-detail-data-sheet__cell product-detail-data-sheet__cell--value\">23780g<\/td>\n<\/tr>\n<tr class=\"product-detail-data-sheet__row\">\n<td class=\"product-detail-data-sheet__cell product-detail-data-sheet__cell--title\">GTIN:<\/td>\n<td class=\"product-detail-data-sheet__cell product-detail-data-sheet__cell--value\">8020775031599<\/td>\n<\/tr>\n<tr class=\"product-detail-data-sheet__row\">\n<td class=\"product-detail-data-sheet__cell product-detail-data-sheet__cell--title\">Page du fabricant:<\/td>\n<td class=\"product-detail-data-sheet__cell product-detail-data-sheet__cell--value\">http:\/\/www.elite-it.com\/de<\/td>\n<\/tr>\n<\/tbody>\n<\/table>\n<p>&nbsp;<\/p>\n<p>&nbsp;<\/p>","protected":false},"excerpt":{"rendered":"<div class=\"product attribute overview\">\n<div class=\"value\">\n<div class=\"elementor-widget elementor-element elementor-element-cenezrn elementor-widget-text-editor\" data-element_type=\"text-editor\">\n<div class=\"elementor-widget-container\">\n<div class=\"elementor-text-editor rte-content\">Le Nero a repris le design, le syst\u00e8me de l\u00e9vitation et le confort de l&#8217;enrouleur Quick-Motion pour le rendre noir, agressif, sportif et interactif. La fusion de l&#8217;innovation Quick-Motion et de l&#8217;interactivit\u00e9 de l&#8217;Arion Digital Smart B+ a maintenant donn\u00e9 naissance au Nero, le nouveau rouleau innovant d&#8217;Elite.<\/div>\n<\/div>\n<\/div>\n<div class=\"elementor-widget elementor-element elementor-element-ki1x5cr elementor-widget-text-editor\" data-element_type=\"text-editor\">\n<div class=\"elementor-widget-container\">\n<div class=\"elementor-text-editor rte-content\"><a class=\"zReHs\" href=\"https:\/\/hemvelos.com\/produit\/velo-dinterieur-wahoo-fitness-kickr-bike-shift\/\" data-ved=\"2ahUKEwj2oNmc04KOAxXTUUEAHe9kDrYQFnoECB0QAQ\"><br \/>\n<\/a><\/p>\n<div class=\"notranslate ESMNde HGLrXd ojE3Fb\">\n<div class=\"q0vns\">\n<div class=\"eqA2re UnOTSe Vwoesf\" aria-hidden=\"true\"><\/div>\n<\/div>\n<\/div>\n<\/div>\n<\/div>\n<\/div>\n<\/div>\n<\/div>","protected":false},"featured_media":1469,"comment_status":"open","ping_status":"closed","template":"","meta":[],"product_brand":[72],"product_cat":[17,69,18,19],"product_tag":[71],"class_list":{"0":"post-1468","1":"product","2":"type-product","3":"status-publish","4":"has-post-thumbnail","6":"product_brand-elite","7":"product_cat-bons-plans","8":"product_cat-hometrainers","9":"product_cat-promotions","10":"product_cat-training-fitness","11":"product_tag-hometrainers","13":"first","14":"instock","15":"featured","16":"shipping-taxable","17":"purchasable","18":"product-type-simple"},"yoast_head":"<!-- This site is optimized with the Yoast SEO plugin v27.6 - https:\/\/yoast.com\/product\/yoast-seo-wordpress\/ -->\n<title>Elite Nero Rouleaux d\u2019Entra\u00eenement - Promotion - Vente d&#039;\u00c9lectrom\u00e9nager Neuf et Garanti \u00e0 Paris<\/title>\n<meta name=\"description\" content=\"Elite Nero Rouleaux d\u2019Entra\u00eenement - Le syst\u00e8me de l\u00e9vitation et le confort de l&#039;enrouleur Quick-Motion pour le rendre noir, agressif, sportif et interactif\" \/>\n<meta name=\"robots\" content=\"index, follow, max-snippet:-1, max-image-preview:large, max-video-preview:-1\" \/>\n<link rel=\"canonical\" href=\"https:\/\/espacemenager2000.fr\/en\/product\/elite-nero-rouleaux-dentrainement\/\" \/>\n<meta property=\"og:locale\" content=\"en_US\" \/>\n<meta property=\"og:type\" content=\"article\" \/>\n<meta property=\"og:title\" content=\"Elite Nero Rouleaux d\u2019Entra\u00eenement - Promotion - Vente d&#039;\u00c9lectrom\u00e9nager Neuf et Garanti \u00e0 Paris\" \/>\n<meta property=\"og:description\" content=\"Elite Nero Rouleaux d\u2019Entra\u00eenement - Le syst\u00e8me de l\u00e9vitation et le confort de l&#039;enrouleur Quick-Motion pour le rendre noir, agressif, sportif et interactif\" \/>\n<meta property=\"og:url\" content=\"https:\/\/espacemenager2000.fr\/en\/product\/elite-nero-rouleaux-dentrainement\/\" \/>\n<meta property=\"og:site_name\" content=\"Vente d&#039;\u00c9lectrom\u00e9nager Neuf et Garanti \u00e0 Paris\" \/>\n<meta property=\"article:publisher\" content=\"https:\/\/www.facebook.com\/p\/Espace-menager-2000-100068469618146\/\" \/>\n<meta property=\"article:modified_time\" content=\"2026-05-14T00:20:59+00:00\" \/>\n<meta property=\"og:image\" content=\"https:\/\/espacemenager2000.fr\/wp-content\/uploads\/2026\/05\/290193-00-d-589574.jpg\" \/>\n\t<meta property=\"og:image:width\" content=\"1024\" \/>\n\t<meta property=\"og:image:height\" content=\"1024\" \/>\n\t<meta property=\"og:image:type\" content=\"image\/jpeg\" \/>\n<meta name=\"twitter:card\" content=\"summary_large_image\" \/>\n<meta name=\"twitter:label1\" content=\"Est. reading time\" \/>\n\t<meta name=\"twitter:data1\" content=\"5 minutes\" \/>\n<script type=\"application\/ld+json\" class=\"yoast-schema-graph\">{\"@context\":\"https:\\\/\\\/schema.org\",\"@graph\":[{\"@type\":\"WebPage\",\"@id\":\"https:\\\/\\\/espacemenager2000.fr\\\/produit\\\/elite-nero-rouleaux-dentrainement\\\/\",\"url\":\"https:\\\/\\\/espacemenager2000.fr\\\/produit\\\/elite-nero-rouleaux-dentrainement\\\/\",\"name\":\"Elite Nero Rouleaux d\u2019Entra\u00eenement - Promotion - Vente d&#039;\u00c9lectrom\u00e9nager Neuf et Garanti \u00e0 Paris\",\"isPartOf\":{\"@id\":\"https:\\\/\\\/espacemenager2000.fr\\\/#website\"},\"primaryImageOfPage\":{\"@id\":\"https:\\\/\\\/espacemenager2000.fr\\\/produit\\\/elite-nero-rouleaux-dentrainement\\\/#primaryimage\"},\"image\":{\"@id\":\"https:\\\/\\\/espacemenager2000.fr\\\/produit\\\/elite-nero-rouleaux-dentrainement\\\/#primaryimage\"},\"thumbnailUrl\":\"https:\\\/\\\/espacemenager2000.fr\\\/wp-content\\\/uploads\\\/2026\\\/05\\\/290193-00-d-589574.jpg\",\"datePublished\":\"2025-12-22T16:17:17+00:00\",\"dateModified\":\"2026-05-14T00:20:59+00:00\",\"description\":\"Elite Nero Rouleaux d\u2019Entra\u00eenement - Le syst\u00e8me de l\u00e9vitation et le confort de l'enrouleur Quick-Motion pour le rendre noir, agressif, sportif et interactif\",\"breadcrumb\":{\"@id\":\"https:\\\/\\\/espacemenager2000.fr\\\/produit\\\/elite-nero-rouleaux-dentrainement\\\/#breadcrumb\"},\"inLanguage\":\"en-US\",\"potentialAction\":[{\"@type\":\"ReadAction\",\"target\":[\"https:\\\/\\\/espacemenager2000.fr\\\/produit\\\/elite-nero-rouleaux-dentrainement\\\/\"]}]},{\"@type\":\"ImageObject\",\"inLanguage\":\"en-US\",\"@id\":\"https:\\\/\\\/espacemenager2000.fr\\\/produit\\\/elite-nero-rouleaux-dentrainement\\\/#primaryimage\",\"url\":\"https:\\\/\\\/espacemenager2000.fr\\\/wp-content\\\/uploads\\\/2026\\\/05\\\/290193-00-d-589574.jpg\",\"contentUrl\":\"https:\\\/\\\/espacemenager2000.fr\\\/wp-content\\\/uploads\\\/2026\\\/05\\\/290193-00-d-589574.jpg\",\"width\":1024,\"height\":1024},{\"@type\":\"BreadcrumbList\",\"@id\":\"https:\\\/\\\/espacemenager2000.fr\\\/produit\\\/elite-nero-rouleaux-dentrainement\\\/#breadcrumb\",\"itemListElement\":[{\"@type\":\"ListItem\",\"position\":1,\"name\":\"Accueil\",\"item\":\"https:\\\/\\\/espacemenager2000.fr\\\/\"},{\"@type\":\"ListItem\",\"position\":2,\"name\":\"Boutique\",\"item\":\"https:\\\/\\\/espacemenager2000.fr\\\/boutique\\\/\"},{\"@type\":\"ListItem\",\"position\":3,\"name\":\"Elite Nero Rouleaux d\u2019Entra\u00eenement\"}]},{\"@type\":\"WebSite\",\"@id\":\"https:\\\/\\\/espacemenager2000.fr\\\/#website\",\"url\":\"https:\\\/\\\/espacemenager2000.fr\\\/\",\"name\":\"Espace Menager 2000\",\"description\":\"Expert en \u00e9lectrom\u00e9nager depuis 2001, Espace M\u00e9nager 2000 vous propose une large gamme de produits : lave-linge, r\u00e9frig\u00e9rateurs, \u00e9lectronique et fitness. Profitez de notre savoir-faire en vente, r\u00e9paration et d\u00e9pannage. Livraison rapide dans toute la zone Euro. Qualit\u00e9 et service garantis.\",\"publisher\":{\"@id\":\"https:\\\/\\\/espacemenager2000.fr\\\/#organization\"},\"potentialAction\":[{\"@type\":\"SearchAction\",\"target\":{\"@type\":\"EntryPoint\",\"urlTemplate\":\"https:\\\/\\\/espacemenager2000.fr\\\/?s={search_term_string}\"},\"query-input\":{\"@type\":\"PropertyValueSpecification\",\"valueRequired\":true,\"valueName\":\"search_term_string\"}}],\"inLanguage\":\"en-US\"},{\"@type\":\"Organization\",\"@id\":\"https:\\\/\\\/espacemenager2000.fr\\\/#organization\",\"name\":\"Espace Menager 2000\",\"url\":\"https:\\\/\\\/espacemenager2000.fr\\\/\",\"logo\":{\"@type\":\"ImageObject\",\"inLanguage\":\"en-US\",\"@id\":\"https:\\\/\\\/espacemenager2000.fr\\\/#\\\/schema\\\/logo\\\/image\\\/\",\"url\":\"https:\\\/\\\/espacemenager2000.fr\\\/wp-content\\\/uploads\\\/2026\\\/05\\\/Fav-Em2000.png\",\"contentUrl\":\"https:\\\/\\\/espacemenager2000.fr\\\/wp-content\\\/uploads\\\/2026\\\/05\\\/Fav-Em2000.png\",\"width\":369,\"height\":369,\"caption\":\"Espace Menager 2000\"},\"image\":{\"@id\":\"https:\\\/\\\/espacemenager2000.fr\\\/#\\\/schema\\\/logo\\\/image\\\/\"},\"sameAs\":[\"https:\\\/\\\/www.facebook.com\\\/p\\\/Espace-menager-2000-100068469618146\\\/\"]}]}<\/script>\n<!-- \/ Yoast SEO plugin. -->","yoast_head_json":{"title":"Elite Nero Rouleaux d\u2019Entra\u00eenement - Promotion - Vente d&#039;\u00c9lectrom\u00e9nager Neuf et Garanti \u00e0 Paris","description":"Elite Nero Rouleaux d\u2019Entra\u00eenement - Le syst\u00e8me de l\u00e9vitation et le confort de l'enrouleur Quick-Motion pour le rendre noir, agressif, sportif et interactif","robots":{"index":"index","follow":"follow","max-snippet":"max-snippet:-1","max-image-preview":"max-image-preview:large","max-video-preview":"max-video-preview:-1"},"canonical":"https:\/\/espacemenager2000.fr\/en\/product\/elite-nero-rouleaux-dentrainement\/","og_locale":"en_US","og_type":"article","og_title":"Elite Nero Rouleaux d\u2019Entra\u00eenement - Promotion - Vente d&#039;\u00c9lectrom\u00e9nager Neuf et Garanti \u00e0 Paris","og_description":"Elite Nero Rouleaux d\u2019Entra\u00eenement - Le syst\u00e8me de l\u00e9vitation et le confort de l'enrouleur Quick-Motion pour le rendre noir, agressif, sportif et interactif","og_url":"https:\/\/espacemenager2000.fr\/en\/product\/elite-nero-rouleaux-dentrainement\/","og_site_name":"Vente d&#039;\u00c9lectrom\u00e9nager Neuf et Garanti \u00e0 Paris","article_publisher":"https:\/\/www.facebook.com\/p\/Espace-menager-2000-100068469618146\/","article_modified_time":"2026-05-14T00:20:59+00:00","og_image":[{"width":1024,"height":1024,"url":"https:\/\/espacemenager2000.fr\/wp-content\/uploads\/2026\/05\/290193-00-d-589574.jpg","type":"image\/jpeg"}],"twitter_card":"summary_large_image","twitter_misc":{"Est. reading time":"5 minutes"},"schema":{"@context":"https:\/\/schema.org","@graph":[{"@type":"WebPage","@id":"https:\/\/espacemenager2000.fr\/produit\/elite-nero-rouleaux-dentrainement\/","url":"https:\/\/espacemenager2000.fr\/produit\/elite-nero-rouleaux-dentrainement\/","name":"Elite Nero Rouleaux d\u2019Entra\u00eenement - Promotion - Vente d&#039;\u00c9lectrom\u00e9nager Neuf et Garanti \u00e0 Paris","isPartOf":{"@id":"https:\/\/espacemenager2000.fr\/#website"},"primaryImageOfPage":{"@id":"https:\/\/espacemenager2000.fr\/produit\/elite-nero-rouleaux-dentrainement\/#primaryimage"},"image":{"@id":"https:\/\/espacemenager2000.fr\/produit\/elite-nero-rouleaux-dentrainement\/#primaryimage"},"thumbnailUrl":"https:\/\/espacemenager2000.fr\/wp-content\/uploads\/2026\/05\/290193-00-d-589574.jpg","datePublished":"2025-12-22T16:17:17+00:00","dateModified":"2026-05-14T00:20:59+00:00","description":"Elite Nero Rouleaux d\u2019Entra\u00eenement - Le syst\u00e8me de l\u00e9vitation et le confort de l'enrouleur Quick-Motion pour le rendre noir, agressif, sportif et interactif","breadcrumb":{"@id":"https:\/\/espacemenager2000.fr\/produit\/elite-nero-rouleaux-dentrainement\/#breadcrumb"},"inLanguage":"en-US","potentialAction":[{"@type":"ReadAction","target":["https:\/\/espacemenager2000.fr\/produit\/elite-nero-rouleaux-dentrainement\/"]}]},{"@type":"ImageObject","inLanguage":"en-US","@id":"https:\/\/espacemenager2000.fr\/produit\/elite-nero-rouleaux-dentrainement\/#primaryimage","url":"https:\/\/espacemenager2000.fr\/wp-content\/uploads\/2026\/05\/290193-00-d-589574.jpg","contentUrl":"https:\/\/espacemenager2000.fr\/wp-content\/uploads\/2026\/05\/290193-00-d-589574.jpg","width":1024,"height":1024},{"@type":"BreadcrumbList","@id":"https:\/\/espacemenager2000.fr\/produit\/elite-nero-rouleaux-dentrainement\/#breadcrumb","itemListElement":[{"@type":"ListItem","position":1,"name":"Accueil","item":"https:\/\/espacemenager2000.fr\/"},{"@type":"ListItem","position":2,"name":"Boutique","item":"https:\/\/espacemenager2000.fr\/boutique\/"},{"@type":"ListItem","position":3,"name":"Elite Nero Rouleaux d\u2019Entra\u00eenement"}]},{"@type":"WebSite","@id":"https:\/\/espacemenager2000.fr\/#website","url":"https:\/\/espacemenager2000.fr\/","name":"Espace Menager 2000","description":"Expert en \u00e9lectrom\u00e9nager depuis 2001, Espace M\u00e9nager 2000 vous propose une large gamme de produits : lave-linge, r\u00e9frig\u00e9rateurs, \u00e9lectronique et fitness. Profitez de notre savoir-faire en vente, r\u00e9paration et d\u00e9pannage. Livraison rapide dans toute la zone Euro. Qualit\u00e9 et service garantis.","publisher":{"@id":"https:\/\/espacemenager2000.fr\/#organization"},"potentialAction":[{"@type":"SearchAction","target":{"@type":"EntryPoint","urlTemplate":"https:\/\/espacemenager2000.fr\/?s={search_term_string}"},"query-input":{"@type":"PropertyValueSpecification","valueRequired":true,"valueName":"search_term_string"}}],"inLanguage":"en-US"},{"@type":"Organization","@id":"https:\/\/espacemenager2000.fr\/#organization","name":"Espace Menager 2000","url":"https:\/\/espacemenager2000.fr\/","logo":{"@type":"ImageObject","inLanguage":"en-US","@id":"https:\/\/espacemenager2000.fr\/#\/schema\/logo\/image\/","url":"https:\/\/espacemenager2000.fr\/wp-content\/uploads\/2026\/05\/Fav-Em2000.png","contentUrl":"https:\/\/espacemenager2000.fr\/wp-content\/uploads\/2026\/05\/Fav-Em2000.png","width":369,"height":369,"caption":"Espace Menager 2000"},"image":{"@id":"https:\/\/espacemenager2000.fr\/#\/schema\/logo\/image\/"},"sameAs":["https:\/\/www.facebook.com\/p\/Espace-menager-2000-100068469618146\/"]}]}},"_links":{"self":[{"href":"https:\/\/espacemenager2000.fr\/en\/wp-json\/wp\/v2\/product\/1468","targetHints":{"allow":["GET"]}}],"collection":[{"href":"https:\/\/espacemenager2000.fr\/en\/wp-json\/wp\/v2\/product"}],"about":[{"href":"https:\/\/espacemenager2000.fr\/en\/wp-json\/wp\/v2\/types\/product"}],"replies":[{"embeddable":true,"href":"https:\/\/espacemenager2000.fr\/en\/wp-json\/wp\/v2\/comments?post=1468"}],"wp:featuredmedia":[{"embeddable":true,"href":"https:\/\/espacemenager2000.fr\/en\/wp-json\/wp\/v2\/media\/1469"}],"wp:attachment":[{"href":"https:\/\/espacemenager2000.fr\/en\/wp-json\/wp\/v2\/media?parent=1468"}],"wp:term":[{"taxonomy":"product_brand","embeddable":true,"href":"https:\/\/espacemenager2000.fr\/en\/wp-json\/wp\/v2\/product_brand?post=1468"},{"taxonomy":"product_cat","embeddable":true,"href":"https:\/\/espacemenager2000.fr\/en\/wp-json\/wp\/v2\/product_cat?post=1468"},{"taxonomy":"product_tag","embeddable":true,"href":"https:\/\/espacemenager2000.fr\/en\/wp-json\/wp\/v2\/product_tag?post=1468"}],"curies":[{"name":"wp","href":"https:\/\/api.w.org\/{rel}","templated":true}]}}