{"id":1463,"date":"2025-12-22T16:17:17","date_gmt":"2025-12-22T16:17:17","guid":{"rendered":"https:\/\/espacemenager2000.fr\/?post_type=product&#038;p=1463"},"modified":"2026-05-10T20:42:37","modified_gmt":"2026-05-10T20:42:37","slug":"home-trainer-wahoo-kickr-smart-trainer-v6","status":"publish","type":"product","link":"https:\/\/espacemenager2000.fr\/en\/product\/home-trainer-wahoo-kickr-smart-trainer-v6\/","title":{"rendered":"Home Trainer Wahoo KICKR Smart Trainer v6"},"content":{"rendered":"<h2>Home Trainer Wahoo KICKR Smart Trainer v6<\/h2>\n<div>Avec son Wi-Fi rapide comme la lumi\u00e8re,<strong> le home trainer connect\u00e9 KICKR ou Home Trainer Wahoo KICKR Smart Trainer v6 <\/strong>continue de se d\u00e9marquer dans l\u2019industrie du home trainer en vous permettant de vous connecter, de vous mesurer aux autres et de vous entra\u00eener en int\u00e9rieur.<\/div>\n<div><\/div>\n<div>\n<h3>Caract\u00e9ristiques Rouleau d&#8217;entra\u00eenement intelligent Wahoo KICKR Smart Power Trainer v6<\/h3>\n<div class=\"contenido\">\n<div><\/div>\n<div>Avec son Wi-Fi rapide comme la lumi\u00e8re,<strong>\u00a0le home trainer connect\u00e9 KICKR\u00a0<\/strong>continue de se d\u00e9marquer dans l\u2019industrie du home trainer en vous permettant de vous connecter, de vous mesurer aux autres et de vous entra\u00eener en int\u00e9rieur.<\/div>\n<div><\/div>\n<div><strong>Le choix d\u2019EF en mati\u00e8re de home trainer<\/strong><br \/>\nEn tant que mat\u00e9riel officiel et fournisseur officiel de logiciel d\u2019entra\u00eenement pour les \u00e9quipes EF Education\u2013EasyPost et EF Education\u2013Tibco\u2013SVB,\u00a0<strong>Wahoo<\/strong>\u00a0fournit aux deux \u00e9quipes les outils n\u00e9cessaires pour continuer de dynamiser le sport et d\u00e9fier le statu quo.<\/div>\n<div><\/div>\n<div><strong>Entrez dans une nouvelle dimension<\/strong><\/div>\n<div>Donnez une nouvelle dimension \u00e0 vos sessions de cyclisme d\u2019int\u00e9rieur avec des simulations de pente pouvant atteindre 20 % d\u2019inclinaison. Avec plus de 2 200 watts de r\u00e9sistance offrant une pr\u00e9cision de +\/- 1 %, le\u00a0<strong>KICKR<\/strong>\u00a0est en mesure de r\u00e9pondre aux exigences des cyclistes les plus puissants au monde.<\/div>\n<div><\/div>\n<div><strong>*Inclut 3 mois gratuits de Bkool \u00e0 l&#8217;int\u00e9rieur.<\/strong><\/div>\n<div><\/div>\n<div><strong><img fetchpriority=\"high\" decoding=\"async\" class=\"lazy-content img-fluid alignnone\" src=\"https:\/\/www.fitnessdigital.fr\/images\/productos\/detalles\/wahoo\/wahoo-kickr-01.jpg\" alt=\"Home Trainer Wahoo KICKR Smart Trainer v6\" width=\"415\" height=\"440\" \/><\/strong><\/div>\n<div><\/div>\n<div><\/div>\n<h4><strong>Points cl\u00e9s Home Trainer Wahoo KICKR Smart Trainer v6<\/strong><\/h4>\n<div><\/div>\n<div>\n<ul>\n<li><strong>NOUVEAU: Connectivit\u00e9 Wi-Fi pour un transfert de donn\u00e9es plus rapide et plus stable.<\/strong><\/li>\n<li><strong>NOUVEAU: L\u2019ERG Easy Ramp vous permet de revenir \u00e0 votre activit\u00e9.<\/strong><\/li>\n<li><strong>NOUVEAU: L\u2019odom\u00e8tre enregistre votre distance totale parcourue.<\/strong><\/li>\n<li><strong>NOUVEAUT\u00c9: Le Race Mode utilise le WiFi pour diffuser jusqu\u2019\u00e0 10 fois plus vite, ce qui repr\u00e9sente un avantage non n\u00e9gligeable lors des \u00e9tapes de course les plus critiques.<\/strong><\/li>\n<\/ul>\n<\/div>\n<div><\/div>\n<div><strong><img decoding=\"async\" class=\"lazy-content img-fluid alignnone\" src=\"https:\/\/www.fitnessdigital.fr\/images\/productos\/detalles\/wahoo\/wahoo-kickr-02.jpg\" alt=\"Home Trainer Wahoo KICKR Smart Trainer v6\" width=\"415\" height=\"440\" \/><\/strong><\/div>\n<div><\/div>\n<div><\/div>\n<h4><strong>Caract\u00e9ristiques Home Trainer Wahoo KICKR Smart Trainer v6<\/strong><\/h4>\n<div><\/div>\n<div><strong>Ressenti de route r\u00e9aliste<\/strong><br \/>\nLe volant inertie haute technologie de qualit\u00e9 professionnelle\u00a0<strong>KICKR<\/strong>\u00a0p\u00e8se 16 lb\/7,25 kg a \u00e9t\u00e9 con\u00e7u pour offrir des sensations plus r\u00e9alistes.<\/div>\n<div><\/div>\n<div><strong>R\u00e9sistance contr\u00f4l\u00e9e<\/strong><br \/>\nLorsqu\u2019il est connect\u00e9 \u00e0 votre smartphone, votre tablette, votre ordinateur ou votre ordinateur de v\u00e9lo GPS, le KIC<strong>K<\/strong>R ajuste automatiquement la r\u00e9sistance en fonction du logiciel ou du parcours.<\/div>\n<div><\/div>\n<h5><strong>P\u00e9dales KICKR AXIS<\/strong><\/h5>\n<div><\/div>\n<div>Les p\u00e9dales confortables et personnalisables r\u00e9pondent au tempo et aux changements de position, reproduisant le mouvement lat\u00e9ral qui accompagne les sorties traditionnelles.<\/div>\n<div><\/div>\n<h5><strong>Une durabilit\u00e9 de qualit\u00e9 professionnelle<\/strong><\/h5>\n<div><\/div>\n<div>Une structure solide en acier permet au\u00a0<strong>KICKR<\/strong>\u00a0de rester en place alors que vous d\u00e9ployez votre pleine puissance et r\u00e9siste \u00e0 des ann\u00e9es d\u2019utilisation intensive.<\/div>\n<div><\/div>\n<h5><strong>Connectivit\u00e9 transparente Home Trainer Wahoo KICKR Smart Trainer v6<\/strong><\/h5>\n<div><\/div>\n<div>Offrant une connexion Wi-Fi de 2,4 GHz, jusqu\u2019\u00e0 3 connexions Bluetooth, un port de connexion direct et une compatibilit\u00e9 ANT+\/ANT+FE-C, les home trainers connect\u00e9s\u00a0<strong>KICKR<\/strong>\u00a0s\u2019associent \u00e0 la plupart des appareils et des applications afin que vous puissiez contr\u00f4ler un maximum les donn\u00e9es relatives \u00e0 votre entra\u00eenement et \u00e0 vos parcours.<\/div>\n<div><\/div>\n<div><strong>Pas de limites \u00e0 l\u2019entra\u00eenement avec Wahoo x<\/strong><br \/>\nTous les homes trainers\u00a0<strong>Wahoo<\/strong>\u00a0et les v\u00e9los connect\u00e9s s\u2019accompagnent d\u2019un essai gratuit de\u00a0<strong>Wahoo<\/strong>\u00a0X, vous donnant acc\u00e8s \u00e0 SYSTM, une collection compl\u00e8te d\u2019activit\u00e9s physiques structur\u00e9es et de programmes d\u2019entra\u00eenement vous permettant d\u2019atteindre vos objectifs de fitness.<\/div>\n<div><\/div>\n<div><img decoding=\"async\" class=\"lazy-content img-fluid alignnone\" src=\"https:\/\/www.fitnessdigital.fr\/images\/productos\/detalles\/wahoo\/wahoo-kickr-03.jpg\" alt=\"Home Trainer Wahoo KICKR Smart Trainer v6\" width=\"415\" height=\"440\" \/><\/div>\n<div><\/div>\n<div><\/div>\n<h4><strong>Sp\u00e9cifications Home Trainer Wahoo KICKR Smart Trainer v6<\/strong><\/h4>\n<div><\/div>\n<div>\n<ul>\n<li><strong>Puissance de sortie maximale:\u00a0<\/strong>2200\u00a0Watts<\/li>\n<li><strong>Pente simul\u00e9e maximum<\/strong>: 20\u00a0%<\/li>\n<li><strong>Pente minimale simul\u00e9e:<\/strong>\u00a0-10 %<\/li>\n<li><strong>Poids du produit:\u00a0<\/strong>47\u00a0lb \/ 22\u00a0kg<\/li>\n<li><strong>Transmission:<\/strong>\u00a0Entra\u00eenement par courroie<\/li>\n<li><strong>Type de r\u00e9sistance:<\/strong>\u00a0\u00c9lectromagn\u00e9tique<\/li>\n<li><strong>Pr\u00e9cision de la puissance<\/strong>: +\/- 1\u00a0%<\/li>\n<li>Connectivit\u00e9 Connexion ANT+, ANT+ FE-C, Wi-Fi, Bluetooth, Direct Connect<\/li>\n<li><strong>Cassette<\/strong>\u00a0: Comprend 11\u00a0vitesses avec un ratio de 11-28<\/li>\n<li><strong>Types de moyeu<\/strong>: Axe traversant 130\/135\u00a0mm QR, 12\u00a0x\u00a0142 et 12\u00a0x\u00a0148<\/li>\n<li><strong>Adaptateurs:<\/strong>\u00a0Comprend un adaptateur QR de 130\/135\u00a0mm et une entretoise de moyeu, un adaptateur 12\u00a0x\u00a0142\/148 et une entretoise de moyeu et une entretoise de cassette de 1,8\u00a0mm<\/li>\n<li><strong>Poids maximum support\u00e9:\u00a0<\/strong>250 lb \/ 113 kg<\/li>\n<\/ul>\n<\/div>\n<div><\/div>\n<div><\/div>\n<h5><strong>Qu\u2019y a-t-il dans la bo\u00eete?<br \/>\n<\/strong><\/h5>\n<div><\/div>\n<div>\n<ul>\n<li><strong>KICKR<\/strong><\/li>\n<li>Adaptateur secteur<\/li>\n<li>P\u00e9dales\u00a0<strong>KICKR<\/strong>\u00a0AXIS &#8211; Difficile, moyen, facile<\/li>\n<li>Broche d\u00e9montage rapide<\/li>\n<li>Adaptateur c\u00f4t\u00e9 commande pour d\u00e9montage rapide 130\u00a0mm et 135\u00a0mm<\/li>\n<li>Entretoise de moyeu r\u00e9versible pour d\u00e9montage rapide 130\u00a0mm et 135\u00a0mm<\/li>\n<li>Adaptateur c\u00f4t\u00e9 commande pour axe traversant 12\u00a0x\u00a0142\u00a0 et 12\u00a0x\u00a0148<\/li>\n<li>Entretoise de moyeu r\u00e9versible pour axe traversant<\/li>\n<li>Entretoise de cassette 1,8\u00a0mm<\/li>\n<li>Rondelle de calibre de disque de frein<\/li>\n<\/ul>\n<\/div>\n<h5><strong>Appareils compatibles<\/strong><\/h5>\n<div><\/div>\n<ul>\n<li>\n<div><strong>iPhone\/iPad:\u00a0<\/strong>iOS 16 ou plus r\u00e9cent<\/div>\n<\/li>\n<li>\n<div><strong>Android:<\/strong>\u00a0Veuillez consulter notre site d\u2019assistance pour v\u00e9rifier la\u00a0Compatibilit\u00e9 avec Android<\/div>\n<\/li>\n<li>\n<div><strong>MacOS:<\/strong>\u00a0Compatible Bluetooth ou \u00e0 associer \u00e0 une cl\u00e9 ANT+<\/div>\n<\/li>\n<li>\n<div><strong>PC Windows:\u00a0<\/strong>Compatible Bluetooth ou \u00e0 associer \u00e0 une cl\u00e9 ANT+<\/div>\n<\/li>\n<li>\n<div>\n<p><strong>Zwift Play:<\/strong>\u00a0Changements de vitesse virtuels<\/p>\n<\/div>\n<\/li>\n<\/ul>\n<p><strong>*Kickr (V6), Kickr Core, Kickr Move: Ces mod\u00e8les fonctionneront avec ou sans Zwift Cog and Click. Ils seront tous marqu\u00e9s comme Zwift Ready et seront r\u00e9pertori\u00e9s dans le r\u00e9pertoire de compatibilit\u00e9 Zwift. Zwift Ready est une marque pour les rouleaux intelligents qui sont compatibles avec Zwift Cog &amp; Click et, par cons\u00e9quent, avec le cadre intelligent Zwift.<br \/>\n<\/strong><\/p>\n<\/div>\n<\/div>","protected":false},"excerpt":{"rendered":"<div class=\"product attribute overview\">\n<div class=\"value\">\n<div class=\"elementor-widget elementor-element elementor-element-cenezrn elementor-widget-text-editor\" data-element_type=\"text-editor\">\n<div class=\"elementor-widget-container\">\n<div class=\"elementor-text-editor rte-content\">\n<div>Avec son Wi-Fi rapide comme la lumi\u00e8re,<strong>\u00a0le home trainer connect\u00e9 KICKR\u00a0<\/strong>continue de se d\u00e9marquer dans l\u2019industrie du home trainer en vous permettant de vous connecter, de vous mesurer aux autres et de vous entra\u00eener en int\u00e9rieur.<\/div>\n<\/div>\n<\/div>\n<\/div>\n<div class=\"elementor-widget elementor-element elementor-element-ki1x5cr elementor-widget-text-editor\" data-element_type=\"text-editor\">\n<div class=\"elementor-widget-container\">\n<div class=\"elementor-text-editor rte-content\"><a class=\"zReHs\" href=\"https:\/\/hemvelos.com\/produit\/velo-dinterieur-wahoo-fitness-kickr-bike-shift\/\" data-ved=\"2ahUKEwj2oNmc04KOAxXTUUEAHe9kDrYQFnoECB0QAQ\"><br \/>\n<\/a><\/p>\n<div class=\"notranslate ESMNde HGLrXd ojE3Fb\">\n<div class=\"q0vns\">\n<div class=\"eqA2re UnOTSe Vwoesf\" aria-hidden=\"true\"><\/div>\n<\/div>\n<\/div>\n<\/div>\n<\/div>\n<\/div>\n<\/div>\n<\/div>","protected":false},"featured_media":1464,"comment_status":"open","ping_status":"closed","template":"","meta":[],"product_brand":[66],"product_cat":[17,69,18,19],"product_tag":[71],"class_list":{"0":"post-1463","1":"product","2":"type-product","3":"status-publish","4":"has-post-thumbnail","6":"product_brand-wahoo-fitness","7":"product_cat-bons-plans","8":"product_cat-hometrainers","9":"product_cat-promotions","10":"product_cat-training-fitness","11":"product_tag-hometrainers","13":"first","14":"instock","15":"sale","16":"shipping-taxable","17":"purchasable","18":"product-type-simple"},"yoast_head":"<!-- This site is optimized with the Yoast SEO plugin v27.6 - https:\/\/yoast.com\/product\/yoast-seo-wordpress\/ -->\n<title>Home Trainer Wahoo KICKR Smart Trainer v6 - Promotion - Vente d&#039;\u00c9lectrom\u00e9nager Neuf et Garanti \u00e0 Paris<\/title>\n<meta name=\"description\" content=\"Home Trainer Wahoo KICKR Smart Trainer v6 - Avec son Wi-Fi rapide comme la lumi\u00e8re, il continue de se d\u00e9marquer dans l\u2019industrie du home trainer en vous permettant de vous connecter, de vous mesurer aux autres et de vous entra\u00eener en int\u00e9rieur.\" \/>\n<meta name=\"robots\" content=\"index, follow, max-snippet:-1, max-image-preview:large, max-video-preview:-1\" \/>\n<link rel=\"canonical\" href=\"https:\/\/espacemenager2000.fr\/en\/product\/home-trainer-wahoo-kickr-smart-trainer-v6\/\" \/>\n<meta property=\"og:locale\" content=\"en_US\" \/>\n<meta property=\"og:type\" content=\"article\" \/>\n<meta property=\"og:title\" content=\"Home Trainer Wahoo KICKR Smart Trainer v6 - Promotion - Vente d&#039;\u00c9lectrom\u00e9nager Neuf et Garanti \u00e0 Paris\" \/>\n<meta property=\"og:description\" content=\"Home Trainer Wahoo KICKR Smart Trainer v6 - Avec son Wi-Fi rapide comme la lumi\u00e8re, il continue de se d\u00e9marquer dans l\u2019industrie du home trainer en vous permettant de vous connecter, de vous mesurer aux autres et de vous entra\u00eener en int\u00e9rieur.\" \/>\n<meta property=\"og:url\" content=\"https:\/\/espacemenager2000.fr\/en\/product\/home-trainer-wahoo-kickr-smart-trainer-v6\/\" \/>\n<meta property=\"og:site_name\" content=\"Vente d&#039;\u00c9lectrom\u00e9nager Neuf et Garanti \u00e0 Paris\" \/>\n<meta property=\"article:publisher\" content=\"https:\/\/www.facebook.com\/p\/Espace-menager-2000-100068469618146\/\" \/>\n<meta property=\"article:modified_time\" content=\"2026-05-10T20:42:37+00:00\" \/>\n<meta property=\"og:image\" content=\"https:\/\/espacemenager2000.fr\/wp-content\/uploads\/2026\/05\/wahoo-kickr-v6-1315751.jpg\" \/>\n\t<meta property=\"og:image:width\" content=\"1440\" \/>\n\t<meta property=\"og:image:height\" content=\"1440\" \/>\n\t<meta property=\"og:image:type\" content=\"image\/jpeg\" \/>\n<meta name=\"twitter:card\" content=\"summary_large_image\" \/>\n<meta name=\"twitter:label1\" content=\"Est. reading time\" \/>\n\t<meta name=\"twitter:data1\" content=\"5 minutes\" \/>\n<script type=\"application\/ld+json\" class=\"yoast-schema-graph\">{\"@context\":\"https:\\\/\\\/schema.org\",\"@graph\":[{\"@type\":\"WebPage\",\"@id\":\"https:\\\/\\\/espacemenager2000.fr\\\/produit\\\/home-trainer-wahoo-kickr-smart-trainer-v6\\\/\",\"url\":\"https:\\\/\\\/espacemenager2000.fr\\\/produit\\\/home-trainer-wahoo-kickr-smart-trainer-v6\\\/\",\"name\":\"Home Trainer Wahoo KICKR Smart Trainer v6 - Promotion - Vente d&#039;\u00c9lectrom\u00e9nager Neuf et Garanti \u00e0 Paris\",\"isPartOf\":{\"@id\":\"https:\\\/\\\/espacemenager2000.fr\\\/#website\"},\"primaryImageOfPage\":{\"@id\":\"https:\\\/\\\/espacemenager2000.fr\\\/produit\\\/home-trainer-wahoo-kickr-smart-trainer-v6\\\/#primaryimage\"},\"image\":{\"@id\":\"https:\\\/\\\/espacemenager2000.fr\\\/produit\\\/home-trainer-wahoo-kickr-smart-trainer-v6\\\/#primaryimage\"},\"thumbnailUrl\":\"https:\\\/\\\/espacemenager2000.fr\\\/wp-content\\\/uploads\\\/2026\\\/05\\\/wahoo-kickr-v6-1315751.jpg\",\"datePublished\":\"2025-12-22T16:17:17+00:00\",\"dateModified\":\"2026-05-10T20:42:37+00:00\",\"description\":\"Home Trainer Wahoo KICKR Smart Trainer v6 - Avec son Wi-Fi rapide comme la lumi\u00e8re, il continue de se d\u00e9marquer dans l\u2019industrie du home trainer en vous permettant de vous connecter, de vous mesurer aux autres et de vous entra\u00eener en int\u00e9rieur.\",\"breadcrumb\":{\"@id\":\"https:\\\/\\\/espacemenager2000.fr\\\/produit\\\/home-trainer-wahoo-kickr-smart-trainer-v6\\\/#breadcrumb\"},\"inLanguage\":\"en-US\",\"potentialAction\":[{\"@type\":\"ReadAction\",\"target\":[\"https:\\\/\\\/espacemenager2000.fr\\\/produit\\\/home-trainer-wahoo-kickr-smart-trainer-v6\\\/\"]}]},{\"@type\":\"ImageObject\",\"inLanguage\":\"en-US\",\"@id\":\"https:\\\/\\\/espacemenager2000.fr\\\/produit\\\/home-trainer-wahoo-kickr-smart-trainer-v6\\\/#primaryimage\",\"url\":\"https:\\\/\\\/espacemenager2000.fr\\\/wp-content\\\/uploads\\\/2026\\\/05\\\/wahoo-kickr-v6-1315751.jpg\",\"contentUrl\":\"https:\\\/\\\/espacemenager2000.fr\\\/wp-content\\\/uploads\\\/2026\\\/05\\\/wahoo-kickr-v6-1315751.jpg\",\"width\":1440,\"height\":1440},{\"@type\":\"BreadcrumbList\",\"@id\":\"https:\\\/\\\/espacemenager2000.fr\\\/produit\\\/home-trainer-wahoo-kickr-smart-trainer-v6\\\/#breadcrumb\",\"itemListElement\":[{\"@type\":\"ListItem\",\"position\":1,\"name\":\"Accueil\",\"item\":\"https:\\\/\\\/espacemenager2000.fr\\\/\"},{\"@type\":\"ListItem\",\"position\":2,\"name\":\"Boutique\",\"item\":\"https:\\\/\\\/espacemenager2000.fr\\\/boutique\\\/\"},{\"@type\":\"ListItem\",\"position\":3,\"name\":\"Home Trainer Wahoo KICKR Smart Trainer v6\"}]},{\"@type\":\"WebSite\",\"@id\":\"https:\\\/\\\/espacemenager2000.fr\\\/#website\",\"url\":\"https:\\\/\\\/espacemenager2000.fr\\\/\",\"name\":\"Espace Menager 2000\",\"description\":\"Expert en \u00e9lectrom\u00e9nager depuis 2001, Espace M\u00e9nager 2000 vous propose une large gamme de produits : lave-linge, r\u00e9frig\u00e9rateurs, \u00e9lectronique et fitness. Profitez de notre savoir-faire en vente, r\u00e9paration et d\u00e9pannage. Livraison rapide dans toute la zone Euro. Qualit\u00e9 et service garantis.\",\"publisher\":{\"@id\":\"https:\\\/\\\/espacemenager2000.fr\\\/#organization\"},\"potentialAction\":[{\"@type\":\"SearchAction\",\"target\":{\"@type\":\"EntryPoint\",\"urlTemplate\":\"https:\\\/\\\/espacemenager2000.fr\\\/?s={search_term_string}\"},\"query-input\":{\"@type\":\"PropertyValueSpecification\",\"valueRequired\":true,\"valueName\":\"search_term_string\"}}],\"inLanguage\":\"en-US\"},{\"@type\":\"Organization\",\"@id\":\"https:\\\/\\\/espacemenager2000.fr\\\/#organization\",\"name\":\"Espace Menager 2000\",\"url\":\"https:\\\/\\\/espacemenager2000.fr\\\/\",\"logo\":{\"@type\":\"ImageObject\",\"inLanguage\":\"en-US\",\"@id\":\"https:\\\/\\\/espacemenager2000.fr\\\/#\\\/schema\\\/logo\\\/image\\\/\",\"url\":\"https:\\\/\\\/espacemenager2000.fr\\\/wp-content\\\/uploads\\\/2026\\\/05\\\/Fav-Em2000.png\",\"contentUrl\":\"https:\\\/\\\/espacemenager2000.fr\\\/wp-content\\\/uploads\\\/2026\\\/05\\\/Fav-Em2000.png\",\"width\":369,\"height\":369,\"caption\":\"Espace Menager 2000\"},\"image\":{\"@id\":\"https:\\\/\\\/espacemenager2000.fr\\\/#\\\/schema\\\/logo\\\/image\\\/\"},\"sameAs\":[\"https:\\\/\\\/www.facebook.com\\\/p\\\/Espace-menager-2000-100068469618146\\\/\"]}]}<\/script>\n<!-- \/ Yoast SEO plugin. -->","yoast_head_json":{"title":"Home Trainer Wahoo KICKR Smart Trainer v6 - Promotion - Vente d&#039;\u00c9lectrom\u00e9nager Neuf et Garanti \u00e0 Paris","description":"Home Trainer Wahoo KICKR Smart Trainer v6 - Avec son Wi-Fi rapide comme la lumi\u00e8re, il continue de se d\u00e9marquer dans l\u2019industrie du home trainer en vous permettant de vous connecter, de vous mesurer aux autres et de vous entra\u00eener en int\u00e9rieur.","robots":{"index":"index","follow":"follow","max-snippet":"max-snippet:-1","max-image-preview":"max-image-preview:large","max-video-preview":"max-video-preview:-1"},"canonical":"https:\/\/espacemenager2000.fr\/en\/product\/home-trainer-wahoo-kickr-smart-trainer-v6\/","og_locale":"en_US","og_type":"article","og_title":"Home Trainer Wahoo KICKR Smart Trainer v6 - Promotion - Vente d&#039;\u00c9lectrom\u00e9nager Neuf et Garanti \u00e0 Paris","og_description":"Home Trainer Wahoo KICKR Smart Trainer v6 - Avec son Wi-Fi rapide comme la lumi\u00e8re, il continue de se d\u00e9marquer dans l\u2019industrie du home trainer en vous permettant de vous connecter, de vous mesurer aux autres et de vous entra\u00eener en int\u00e9rieur.","og_url":"https:\/\/espacemenager2000.fr\/en\/product\/home-trainer-wahoo-kickr-smart-trainer-v6\/","og_site_name":"Vente d&#039;\u00c9lectrom\u00e9nager Neuf et Garanti \u00e0 Paris","article_publisher":"https:\/\/www.facebook.com\/p\/Espace-menager-2000-100068469618146\/","article_modified_time":"2026-05-10T20:42:37+00:00","og_image":[{"width":1440,"height":1440,"url":"https:\/\/espacemenager2000.fr\/wp-content\/uploads\/2026\/05\/wahoo-kickr-v6-1315751.jpg","type":"image\/jpeg"}],"twitter_card":"summary_large_image","twitter_misc":{"Est. reading time":"5 minutes"},"schema":{"@context":"https:\/\/schema.org","@graph":[{"@type":"WebPage","@id":"https:\/\/espacemenager2000.fr\/produit\/home-trainer-wahoo-kickr-smart-trainer-v6\/","url":"https:\/\/espacemenager2000.fr\/produit\/home-trainer-wahoo-kickr-smart-trainer-v6\/","name":"Home Trainer Wahoo KICKR Smart Trainer v6 - Promotion - Vente d&#039;\u00c9lectrom\u00e9nager Neuf et Garanti \u00e0 Paris","isPartOf":{"@id":"https:\/\/espacemenager2000.fr\/#website"},"primaryImageOfPage":{"@id":"https:\/\/espacemenager2000.fr\/produit\/home-trainer-wahoo-kickr-smart-trainer-v6\/#primaryimage"},"image":{"@id":"https:\/\/espacemenager2000.fr\/produit\/home-trainer-wahoo-kickr-smart-trainer-v6\/#primaryimage"},"thumbnailUrl":"https:\/\/espacemenager2000.fr\/wp-content\/uploads\/2026\/05\/wahoo-kickr-v6-1315751.jpg","datePublished":"2025-12-22T16:17:17+00:00","dateModified":"2026-05-10T20:42:37+00:00","description":"Home Trainer Wahoo KICKR Smart Trainer v6 - Avec son Wi-Fi rapide comme la lumi\u00e8re, il continue de se d\u00e9marquer dans l\u2019industrie du home trainer en vous permettant de vous connecter, de vous mesurer aux autres et de vous entra\u00eener en int\u00e9rieur.","breadcrumb":{"@id":"https:\/\/espacemenager2000.fr\/produit\/home-trainer-wahoo-kickr-smart-trainer-v6\/#breadcrumb"},"inLanguage":"en-US","potentialAction":[{"@type":"ReadAction","target":["https:\/\/espacemenager2000.fr\/produit\/home-trainer-wahoo-kickr-smart-trainer-v6\/"]}]},{"@type":"ImageObject","inLanguage":"en-US","@id":"https:\/\/espacemenager2000.fr\/produit\/home-trainer-wahoo-kickr-smart-trainer-v6\/#primaryimage","url":"https:\/\/espacemenager2000.fr\/wp-content\/uploads\/2026\/05\/wahoo-kickr-v6-1315751.jpg","contentUrl":"https:\/\/espacemenager2000.fr\/wp-content\/uploads\/2026\/05\/wahoo-kickr-v6-1315751.jpg","width":1440,"height":1440},{"@type":"BreadcrumbList","@id":"https:\/\/espacemenager2000.fr\/produit\/home-trainer-wahoo-kickr-smart-trainer-v6\/#breadcrumb","itemListElement":[{"@type":"ListItem","position":1,"name":"Accueil","item":"https:\/\/espacemenager2000.fr\/"},{"@type":"ListItem","position":2,"name":"Boutique","item":"https:\/\/espacemenager2000.fr\/boutique\/"},{"@type":"ListItem","position":3,"name":"Home Trainer Wahoo KICKR Smart Trainer v6"}]},{"@type":"WebSite","@id":"https:\/\/espacemenager2000.fr\/#website","url":"https:\/\/espacemenager2000.fr\/","name":"Espace Menager 2000","description":"Expert en \u00e9lectrom\u00e9nager depuis 2001, Espace M\u00e9nager 2000 vous propose une large gamme de produits : lave-linge, r\u00e9frig\u00e9rateurs, \u00e9lectronique et fitness. Profitez de notre savoir-faire en vente, r\u00e9paration et d\u00e9pannage. Livraison rapide dans toute la zone Euro. Qualit\u00e9 et service garantis.","publisher":{"@id":"https:\/\/espacemenager2000.fr\/#organization"},"potentialAction":[{"@type":"SearchAction","target":{"@type":"EntryPoint","urlTemplate":"https:\/\/espacemenager2000.fr\/?s={search_term_string}"},"query-input":{"@type":"PropertyValueSpecification","valueRequired":true,"valueName":"search_term_string"}}],"inLanguage":"en-US"},{"@type":"Organization","@id":"https:\/\/espacemenager2000.fr\/#organization","name":"Espace Menager 2000","url":"https:\/\/espacemenager2000.fr\/","logo":{"@type":"ImageObject","inLanguage":"en-US","@id":"https:\/\/espacemenager2000.fr\/#\/schema\/logo\/image\/","url":"https:\/\/espacemenager2000.fr\/wp-content\/uploads\/2026\/05\/Fav-Em2000.png","contentUrl":"https:\/\/espacemenager2000.fr\/wp-content\/uploads\/2026\/05\/Fav-Em2000.png","width":369,"height":369,"caption":"Espace Menager 2000"},"image":{"@id":"https:\/\/espacemenager2000.fr\/#\/schema\/logo\/image\/"},"sameAs":["https:\/\/www.facebook.com\/p\/Espace-menager-2000-100068469618146\/"]}]}},"_links":{"self":[{"href":"https:\/\/espacemenager2000.fr\/en\/wp-json\/wp\/v2\/product\/1463","targetHints":{"allow":["GET"]}}],"collection":[{"href":"https:\/\/espacemenager2000.fr\/en\/wp-json\/wp\/v2\/product"}],"about":[{"href":"https:\/\/espacemenager2000.fr\/en\/wp-json\/wp\/v2\/types\/product"}],"replies":[{"embeddable":true,"href":"https:\/\/espacemenager2000.fr\/en\/wp-json\/wp\/v2\/comments?post=1463"}],"wp:featuredmedia":[{"embeddable":true,"href":"https:\/\/espacemenager2000.fr\/en\/wp-json\/wp\/v2\/media\/1464"}],"wp:attachment":[{"href":"https:\/\/espacemenager2000.fr\/en\/wp-json\/wp\/v2\/media?parent=1463"}],"wp:term":[{"taxonomy":"product_brand","embeddable":true,"href":"https:\/\/espacemenager2000.fr\/en\/wp-json\/wp\/v2\/product_brand?post=1463"},{"taxonomy":"product_cat","embeddable":true,"href":"https:\/\/espacemenager2000.fr\/en\/wp-json\/wp\/v2\/product_cat?post=1463"},{"taxonomy":"product_tag","embeddable":true,"href":"https:\/\/espacemenager2000.fr\/en\/wp-json\/wp\/v2\/product_tag?post=1463"}],"curies":[{"name":"wp","href":"https:\/\/api.w.org\/{rel}","templated":true}]}}