{"id":1455,"date":"2025-12-22T16:17:17","date_gmt":"2025-12-22T16:17:17","guid":{"rendered":"https:\/\/espacemenager2000.fr\/?post_type=product&#038;p=1455"},"modified":"2026-05-10T20:42:36","modified_gmt":"2026-05-10T20:42:36","slug":"wahoo-kickr-core-powertrainer","status":"publish","type":"product","link":"https:\/\/espacemenager2000.fr\/en\/product\/wahoo-kickr-core-powertrainer\/","title":{"rendered":"Wahoo KICKR CORE PowerTrainer"},"content":{"rendered":"<h2>Wahoo KICKR CORE PowerTrainer<\/h2>\n<div>Le home trainer connect\u00e9 est compatible avec les accessoires\u00a0<strong>pour home trainers KICKR ou Wahoo KICKR CORE PowerTrainer, comprenant le simulateur de pente KICKR CLIMB et le ventilateur connect\u00e9 KICKR HEADWIND<\/strong>. Il vous permet d\u2019obtenir la configuration id\u00e9ale de votre home trainer connect\u00e9 pour donner \u00e0 votre exp\u00e9rience immersive une nouvelle dimension.<\/div>\n<div><\/div>\n<div>\n<h2>Caract\u00e9ristiques Rouleau d&#8217;entra\u00eenement intelligent Wahoo KICKR CORE PowerTrainer<\/h2>\n<div class=\"contenido\">\n<div><\/div>\n<div><strong>Le KICKR CORE procure une exp\u00e9rience Zwift r\u00e9aliste, fid\u00e8le et silencieuse.\u00a0<\/strong><\/div>\n<div><\/div>\n<div>Le home trainer connect\u00e9 est compatible avec les accessoires\u00a0<strong>pour home trainers KICKR, comprenant le simulateur de pente KICKR CLIMB et le ventilateur connect\u00e9 KICKR HEADWIND<\/strong>. Il vous permet d\u2019obtenir la configuration id\u00e9ale de votre home trainer connect\u00e9 pour donner \u00e0 votre exp\u00e9rience immersive une nouvelle dimension.<\/div>\n<div><\/div>\n<div><strong>*Inclut 3 mois gratuits de Bkool \u00e0 l&#8217;int\u00e9rieur.<\/strong><\/div>\n<div><\/div>\n<div><img fetchpriority=\"high\" decoding=\"async\" class=\"lazy-content img-fluid\" src=\"https:\/\/www.fitnessdigital.fr\/images\/productos\/detalles\/wahoo\/wahoo-kickcore-01.jpg\" alt=\"\" width=\"415\" height=\"440\" \/><\/div>\n<div><\/div>\n<div><\/div>\n<div><strong>Caract\u00e9ristiques<\/strong><\/div>\n<div><\/div>\n<div>\n<p><strong>Kickr encore et en core<\/strong><br \/>\n<strong>Le KICKR CORE<\/strong>\u00a0b\u00e9n\u00e9ficie de la technologie de roue libre de pr\u00e9cision et d\u2019algorithmes avanc\u00e9s pour vous offrir une exp\u00e9rience aussi r\u00e9aliste, pr\u00e9cise et silencieuse que celle que vous \u00eates en droit d\u2019attendre de\u00a0<strong>Wahoo.<\/strong><\/p>\n<p><strong>R\u00e9sistance contr\u00f4l\u00e9e<\/strong><br \/>\nLorsqu\u2019il est connect\u00e9 \u00e0 votre smartphone, votre tablette, votre ordinateur ou votre ordinateur de v\u00e9lo GPS,<strong>\u00a0le home trainer connect\u00e9 KICKR CORE<\/strong>\u00a0ajuste automatiquement la r\u00e9sistance en fonction du logiciel ou du parcours.<\/p>\n<p><strong>Vitesse, distance, puissance et cadence<\/strong><br \/>\nLe\u00a0<strong>KICKR CORE<\/strong>\u00a0vous fournit les indicateurs essentiels de votre session en int\u00e9rieur.<\/p>\n<p><strong>Une durabilit\u00e9 de qualit\u00e9 professionnelle<\/strong><br \/>\nUne structure solide en acier permet au\u00a0<strong>KICKR<\/strong>\u00a0de rester en place alors que vous d\u00e9ployez votre pleine puissance et r\u00e9siste \u00e0 des ann\u00e9es d\u2019utilisation intensive.<\/p>\n<p><strong>Pas de limites \u00e0 l\u2019entra\u00eenement avec wahoo x<\/strong><br \/>\nTous les homes trainers\u00a0<strong>Wahoo<\/strong>\u00a0et les v\u00e9los connect\u00e9s s\u2019accompagnent d\u2019un essai gratuit de\u00a0<strong>Wahoo<\/strong>\u00a0X, vous donnant acc\u00e8s \u00e0 SYSTM, une collection compl\u00e8te d\u2019activit\u00e9s physiques structur\u00e9es et de programmes d\u2019entra\u00eenement vous permettant d\u2019atteindre vos objectifs de fitness.<\/p>\n<\/div>\n<div><\/div>\n<div><img decoding=\"async\" class=\"lazy-content img-fluid\" src=\"https:\/\/www.fitnessdigital.fr\/images\/productos\/detalles\/wahoo\/wahoo-kickcore-02.jpg\" alt=\"\" width=\"520\" height=\"315\" \/><\/div>\n<div><\/div>\n<div><\/div>\n<div><strong>Sp\u00e9cifications<\/strong><\/div>\n<div><\/div>\n<div>\n<ul>\n<li><strong>Puissance de sortie maximale:<\/strong>\u00a01800\u00a0Watts<\/li>\n<li><strong>Pente simul\u00e9e maximum<\/strong>: 16\u00a0%<\/li>\n<li><strong>Pente minimale simul\u00e9e<\/strong>: -10 %<\/li>\n<li><strong>Poids du produit:\u00a0<\/strong>40\u00a0lb \/ 18\u00a0kg<\/li>\n<li><strong>Transmission:<\/strong>\u00a0Entra\u00eenement par courroie<\/li>\n<li><strong>Type de r\u00e9sistance<\/strong>: \u00c9lectromagn\u00e9tique<\/li>\n<li><strong>Pr\u00e9cision de la puissance:\u00a0<\/strong>+\/-2\u00a0%<\/li>\n<li>Connectivit\u00e9 Connexion ANT+, ANT+ FE-C et jusqu\u2019\u00e0 trois connexions Bluetooth<\/li>\n<li>L\u2019home trainer\u00a0<strong>KICKR CORE<\/strong>\u00a0comprend une cassette pr\u00e9install\u00e9e pour s\u2019adapter \u00e0 la transmission de votre v\u00e9lo.<\/li>\n<li><strong>Types de moyeu:<\/strong>\u00a0Axe traversant 130\/135\u00a0mm QR, 12\u00a0x\u00a0142 et 12\u00a0x\u00a0148<\/li>\n<li><strong>Adaptateurs:<\/strong>\u00a0Comprend un adaptateur QR de 130\/135\u00a0mm et une entretoise de moyeu, un adaptateur 12\u00a0x\u00a0142\/148 et une entretoise de moyeu et une entretoise de cassette de 1,8\u00a0mm<\/li>\n<li><strong>Poids maximum support\u00e9:\u00a0<\/strong>250 lb \/ 113 kg<\/li>\n<\/ul>\n<p>&nbsp;<\/p>\n<p><img decoding=\"async\" class=\"lazy-content img-fluid\" src=\"https:\/\/www.fitnessdigital.fr\/images\/productos\/detalles\/wahoo\/wahoo-kickcore-03.jpg\" alt=\"\" width=\"415\" height=\"440\" \/><\/p>\n<\/div>\n<div><\/div>\n<div><\/div>\n<div><strong>Qu\u2019y a-t-il dans la bo\u00eete?<\/strong><\/div>\n<div><\/div>\n<div>\n<ul>\n<li>Home trainer connect\u00e9\u00a0<strong>KICKR CORE<\/strong><\/li>\n<li>Pied arri\u00e8re<\/li>\n<li>Pied avant<\/li>\n<li>\u00c9crous (x4)<\/li>\n<li>Boulons (x4)<\/li>\n<li>Tournevis hexagonal<\/li>\n<li>Adaptateur c\u00f4t\u00e9 commande pour d\u00e9montage rapide 130\u00a0mm et 135\u00a0mm<\/li>\n<li>Entretoise de moyeu r\u00e9versible pour d\u00e9montage rapide 130\u00a0mm et 135\u00a0mm<\/li>\n<li>Adaptateur c\u00f4t\u00e9 commande pour axe traversant 12\u00a0x\u00a0142\u00a0 et 12\u00a0x\u00a0148<\/li>\n<li>Entretoise de moyeu r\u00e9versible pour axe traversant<\/li>\n<li>Adaptateur secteur<\/li>\n<li>Broche d\u00e9montage rapide<\/li>\n<li>Entretoise de cassette 1,8 mm<\/li>\n<\/ul>\n<\/div>\n<div><\/div>\n<div><\/div>\n<div><strong>Appareils compatibles<\/strong><\/div>\n<div><\/div>\n<ul>\n<li><strong>iPhone\/iPad<\/strong>: iOS 16 ou plus r\u00e9cent<\/li>\n<li><strong>Android:<\/strong>\u00a0Veuillez consulter notre site d\u2019assistance pour v\u00e9rifier la Compatibilit\u00e9 avec Android<\/li>\n<li><strong>MacOS:<\/strong>\u00a0Compatible Bluetooth ou \u00e0 associer \u00e0 une cl\u00e9 ANT+<\/li>\n<li><strong>PC Windows:<\/strong>\u00a0Compatible Bluetooth ou \u00e0 associer \u00e0 une cl\u00e9 ANT+<\/li>\n<\/ul>\n<p><strong>*Kickr (V6), Kickr Core, Kickr Move: Ces mod\u00e8les fonctionneront avec ou sans Zwift Cog and Click. Ils seront tous marqu\u00e9s comme Zwift Ready et seront r\u00e9pertori\u00e9s dans le r\u00e9pertoire de compatibilit\u00e9 Zwift. Zwift Ready est une marque pour les rouleaux intelligents qui sont compatibles avec Zwift Cog &amp; Click et, par cons\u00e9quent, avec le cadre intelligent Zwift.\u00a0<\/strong><\/p>\n<\/div>\n<\/div>","protected":false},"excerpt":{"rendered":"<div class=\"product attribute overview\">\n<div class=\"value\">\n<div class=\"elementor-widget elementor-element elementor-element-cenezrn elementor-widget-text-editor\" data-element_type=\"text-editor\">\n<div class=\"elementor-widget-container\">\n<div class=\"elementor-text-editor rte-content\">\n<div>Le home trainer connect\u00e9 est compatible avec les accessoires\u00a0<strong>pour home trainers KICKR, comprenant le simulateur de pente KICKR CLIMB et le ventilateur connect\u00e9 KICKR HEADWIND<\/strong>. Il vous permet d\u2019obtenir la configuration id\u00e9ale de votre home trainer connect\u00e9 pour donner \u00e0 votre exp\u00e9rience immersive une nouvelle dimension.<\/div>\n<\/div>\n<\/div>\n<\/div>\n<div class=\"elementor-widget elementor-element elementor-element-ki1x5cr elementor-widget-text-editor\" data-element_type=\"text-editor\">\n<div class=\"elementor-widget-container\">\n<div class=\"elementor-text-editor rte-content\"><a class=\"zReHs\" href=\"https:\/\/hemvelos.com\/produit\/velo-dinterieur-wahoo-fitness-kickr-bike-shift\/\" data-ved=\"2ahUKEwj2oNmc04KOAxXTUUEAHe9kDrYQFnoECB0QAQ\"><br \/>\n<\/a><\/p>\n<div class=\"notranslate ESMNde HGLrXd ojE3Fb\">\n<div class=\"q0vns\">\n<div class=\"eqA2re UnOTSe Vwoesf\" aria-hidden=\"true\"><\/div>\n<\/div>\n<\/div>\n<\/div>\n<\/div>\n<\/div>\n<\/div>\n<\/div>","protected":false},"featured_media":1456,"comment_status":"open","ping_status":"closed","template":"","meta":[],"product_brand":[66],"product_cat":[17,69,18,19],"product_tag":[71],"class_list":{"0":"post-1455","1":"product","2":"type-product","3":"status-publish","4":"has-post-thumbnail","6":"product_brand-wahoo-fitness","7":"product_cat-bons-plans","8":"product_cat-hometrainers","9":"product_cat-promotions","10":"product_cat-training-fitness","11":"product_tag-hometrainers","13":"first","14":"instock","15":"sale","16":"shipping-taxable","17":"purchasable","18":"product-type-simple"},"yoast_head":"<!-- This site is optimized with the Yoast SEO plugin v27.6 - https:\/\/yoast.com\/product\/yoast-seo-wordpress\/ -->\n<title>Wahoo KICKR CORE PowerTrainer - Promotion - Vente d&#039;\u00c9lectrom\u00e9nager Neuf et Garanti \u00e0 Paris<\/title>\n<meta name=\"description\" content=\"Wahoo KICKR CORE PowerTrainer - compatible avec les accessoires pour home trainers KICKR, comprenant le simulateur de pente KICKR CLIMB et le ventilateur connect\u00e9 KICKR HEADWIND.\" \/>\n<meta name=\"robots\" content=\"index, follow, max-snippet:-1, max-image-preview:large, max-video-preview:-1\" \/>\n<link rel=\"canonical\" href=\"https:\/\/espacemenager2000.fr\/en\/product\/wahoo-kickr-core-powertrainer\/\" \/>\n<meta property=\"og:locale\" content=\"en_US\" \/>\n<meta property=\"og:type\" content=\"article\" \/>\n<meta property=\"og:title\" content=\"Wahoo KICKR CORE PowerTrainer - Promotion - Vente d&#039;\u00c9lectrom\u00e9nager Neuf et Garanti \u00e0 Paris\" \/>\n<meta property=\"og:description\" content=\"Wahoo KICKR CORE PowerTrainer - compatible avec les accessoires pour home trainers KICKR, comprenant le simulateur de pente KICKR CLIMB et le ventilateur connect\u00e9 KICKR HEADWIND.\" \/>\n<meta property=\"og:url\" content=\"https:\/\/espacemenager2000.fr\/en\/product\/wahoo-kickr-core-powertrainer\/\" \/>\n<meta property=\"og:site_name\" content=\"Vente d&#039;\u00c9lectrom\u00e9nager Neuf et Garanti \u00e0 Paris\" \/>\n<meta property=\"article:publisher\" content=\"https:\/\/www.facebook.com\/p\/Espace-menager-2000-100068469618146\/\" \/>\n<meta property=\"article:modified_time\" content=\"2026-05-10T20:42:36+00:00\" \/>\n<meta property=\"og:image\" content=\"https:\/\/espacemenager2000.fr\/wp-content\/uploads\/2026\/05\/BK_D8.jpg\" \/>\n\t<meta property=\"og:image:width\" content=\"1200\" \/>\n\t<meta property=\"og:image:height\" content=\"1200\" \/>\n\t<meta property=\"og:image:type\" content=\"image\/jpeg\" \/>\n<meta name=\"twitter:card\" content=\"summary_large_image\" \/>\n<meta name=\"twitter:label1\" content=\"Est. reading time\" \/>\n\t<meta name=\"twitter:data1\" content=\"4 minutes\" \/>\n<script type=\"application\/ld+json\" class=\"yoast-schema-graph\">{\"@context\":\"https:\\\/\\\/schema.org\",\"@graph\":[{\"@type\":\"WebPage\",\"@id\":\"https:\\\/\\\/espacemenager2000.fr\\\/produit\\\/wahoo-kickr-core-powertrainer\\\/\",\"url\":\"https:\\\/\\\/espacemenager2000.fr\\\/produit\\\/wahoo-kickr-core-powertrainer\\\/\",\"name\":\"Wahoo KICKR CORE PowerTrainer - Promotion - Vente d&#039;\u00c9lectrom\u00e9nager Neuf et Garanti \u00e0 Paris\",\"isPartOf\":{\"@id\":\"https:\\\/\\\/espacemenager2000.fr\\\/#website\"},\"primaryImageOfPage\":{\"@id\":\"https:\\\/\\\/espacemenager2000.fr\\\/produit\\\/wahoo-kickr-core-powertrainer\\\/#primaryimage\"},\"image\":{\"@id\":\"https:\\\/\\\/espacemenager2000.fr\\\/produit\\\/wahoo-kickr-core-powertrainer\\\/#primaryimage\"},\"thumbnailUrl\":\"https:\\\/\\\/espacemenager2000.fr\\\/wp-content\\\/uploads\\\/2026\\\/05\\\/BK_D8.jpg\",\"datePublished\":\"2025-12-22T16:17:17+00:00\",\"dateModified\":\"2026-05-10T20:42:36+00:00\",\"description\":\"Wahoo KICKR CORE PowerTrainer - compatible avec les accessoires pour home trainers KICKR, comprenant le simulateur de pente KICKR CLIMB et le ventilateur connect\u00e9 KICKR HEADWIND.\",\"breadcrumb\":{\"@id\":\"https:\\\/\\\/espacemenager2000.fr\\\/produit\\\/wahoo-kickr-core-powertrainer\\\/#breadcrumb\"},\"inLanguage\":\"en-US\",\"potentialAction\":[{\"@type\":\"ReadAction\",\"target\":[\"https:\\\/\\\/espacemenager2000.fr\\\/produit\\\/wahoo-kickr-core-powertrainer\\\/\"]}]},{\"@type\":\"ImageObject\",\"inLanguage\":\"en-US\",\"@id\":\"https:\\\/\\\/espacemenager2000.fr\\\/produit\\\/wahoo-kickr-core-powertrainer\\\/#primaryimage\",\"url\":\"https:\\\/\\\/espacemenager2000.fr\\\/wp-content\\\/uploads\\\/2026\\\/05\\\/BK_D8.jpg\",\"contentUrl\":\"https:\\\/\\\/espacemenager2000.fr\\\/wp-content\\\/uploads\\\/2026\\\/05\\\/BK_D8.jpg\",\"width\":1200,\"height\":1200},{\"@type\":\"BreadcrumbList\",\"@id\":\"https:\\\/\\\/espacemenager2000.fr\\\/produit\\\/wahoo-kickr-core-powertrainer\\\/#breadcrumb\",\"itemListElement\":[{\"@type\":\"ListItem\",\"position\":1,\"name\":\"Accueil\",\"item\":\"https:\\\/\\\/espacemenager2000.fr\\\/\"},{\"@type\":\"ListItem\",\"position\":2,\"name\":\"Boutique\",\"item\":\"https:\\\/\\\/espacemenager2000.fr\\\/boutique\\\/\"},{\"@type\":\"ListItem\",\"position\":3,\"name\":\"Wahoo KICKR CORE PowerTrainer\"}]},{\"@type\":\"WebSite\",\"@id\":\"https:\\\/\\\/espacemenager2000.fr\\\/#website\",\"url\":\"https:\\\/\\\/espacemenager2000.fr\\\/\",\"name\":\"Espace Menager 2000\",\"description\":\"Expert en \u00e9lectrom\u00e9nager depuis 2001, Espace M\u00e9nager 2000 vous propose une large gamme de produits : lave-linge, r\u00e9frig\u00e9rateurs, \u00e9lectronique et fitness. Profitez de notre savoir-faire en vente, r\u00e9paration et d\u00e9pannage. Livraison rapide dans toute la zone Euro. Qualit\u00e9 et service garantis.\",\"publisher\":{\"@id\":\"https:\\\/\\\/espacemenager2000.fr\\\/#organization\"},\"potentialAction\":[{\"@type\":\"SearchAction\",\"target\":{\"@type\":\"EntryPoint\",\"urlTemplate\":\"https:\\\/\\\/espacemenager2000.fr\\\/?s={search_term_string}\"},\"query-input\":{\"@type\":\"PropertyValueSpecification\",\"valueRequired\":true,\"valueName\":\"search_term_string\"}}],\"inLanguage\":\"en-US\"},{\"@type\":\"Organization\",\"@id\":\"https:\\\/\\\/espacemenager2000.fr\\\/#organization\",\"name\":\"Espace Menager 2000\",\"url\":\"https:\\\/\\\/espacemenager2000.fr\\\/\",\"logo\":{\"@type\":\"ImageObject\",\"inLanguage\":\"en-US\",\"@id\":\"https:\\\/\\\/espacemenager2000.fr\\\/#\\\/schema\\\/logo\\\/image\\\/\",\"url\":\"https:\\\/\\\/espacemenager2000.fr\\\/wp-content\\\/uploads\\\/2026\\\/05\\\/Fav-Em2000.png\",\"contentUrl\":\"https:\\\/\\\/espacemenager2000.fr\\\/wp-content\\\/uploads\\\/2026\\\/05\\\/Fav-Em2000.png\",\"width\":369,\"height\":369,\"caption\":\"Espace Menager 2000\"},\"image\":{\"@id\":\"https:\\\/\\\/espacemenager2000.fr\\\/#\\\/schema\\\/logo\\\/image\\\/\"},\"sameAs\":[\"https:\\\/\\\/www.facebook.com\\\/p\\\/Espace-menager-2000-100068469618146\\\/\"]}]}<\/script>\n<!-- \/ Yoast SEO plugin. -->","yoast_head_json":{"title":"Wahoo KICKR CORE PowerTrainer - Promotion - Vente d&#039;\u00c9lectrom\u00e9nager Neuf et Garanti \u00e0 Paris","description":"Wahoo KICKR CORE PowerTrainer - compatible avec les accessoires pour home trainers KICKR, comprenant le simulateur de pente KICKR CLIMB et le ventilateur connect\u00e9 KICKR HEADWIND.","robots":{"index":"index","follow":"follow","max-snippet":"max-snippet:-1","max-image-preview":"max-image-preview:large","max-video-preview":"max-video-preview:-1"},"canonical":"https:\/\/espacemenager2000.fr\/en\/product\/wahoo-kickr-core-powertrainer\/","og_locale":"en_US","og_type":"article","og_title":"Wahoo KICKR CORE PowerTrainer - Promotion - Vente d&#039;\u00c9lectrom\u00e9nager Neuf et Garanti \u00e0 Paris","og_description":"Wahoo KICKR CORE PowerTrainer - compatible avec les accessoires pour home trainers KICKR, comprenant le simulateur de pente KICKR CLIMB et le ventilateur connect\u00e9 KICKR HEADWIND.","og_url":"https:\/\/espacemenager2000.fr\/en\/product\/wahoo-kickr-core-powertrainer\/","og_site_name":"Vente d&#039;\u00c9lectrom\u00e9nager Neuf et Garanti \u00e0 Paris","article_publisher":"https:\/\/www.facebook.com\/p\/Espace-menager-2000-100068469618146\/","article_modified_time":"2026-05-10T20:42:36+00:00","og_image":[{"width":1200,"height":1200,"url":"https:\/\/espacemenager2000.fr\/wp-content\/uploads\/2026\/05\/BK_D8.jpg","type":"image\/jpeg"}],"twitter_card":"summary_large_image","twitter_misc":{"Est. reading time":"4 minutes"},"schema":{"@context":"https:\/\/schema.org","@graph":[{"@type":"WebPage","@id":"https:\/\/espacemenager2000.fr\/produit\/wahoo-kickr-core-powertrainer\/","url":"https:\/\/espacemenager2000.fr\/produit\/wahoo-kickr-core-powertrainer\/","name":"Wahoo KICKR CORE PowerTrainer - Promotion - Vente d&#039;\u00c9lectrom\u00e9nager Neuf et Garanti \u00e0 Paris","isPartOf":{"@id":"https:\/\/espacemenager2000.fr\/#website"},"primaryImageOfPage":{"@id":"https:\/\/espacemenager2000.fr\/produit\/wahoo-kickr-core-powertrainer\/#primaryimage"},"image":{"@id":"https:\/\/espacemenager2000.fr\/produit\/wahoo-kickr-core-powertrainer\/#primaryimage"},"thumbnailUrl":"https:\/\/espacemenager2000.fr\/wp-content\/uploads\/2026\/05\/BK_D8.jpg","datePublished":"2025-12-22T16:17:17+00:00","dateModified":"2026-05-10T20:42:36+00:00","description":"Wahoo KICKR CORE PowerTrainer - compatible avec les accessoires pour home trainers KICKR, comprenant le simulateur de pente KICKR CLIMB et le ventilateur connect\u00e9 KICKR HEADWIND.","breadcrumb":{"@id":"https:\/\/espacemenager2000.fr\/produit\/wahoo-kickr-core-powertrainer\/#breadcrumb"},"inLanguage":"en-US","potentialAction":[{"@type":"ReadAction","target":["https:\/\/espacemenager2000.fr\/produit\/wahoo-kickr-core-powertrainer\/"]}]},{"@type":"ImageObject","inLanguage":"en-US","@id":"https:\/\/espacemenager2000.fr\/produit\/wahoo-kickr-core-powertrainer\/#primaryimage","url":"https:\/\/espacemenager2000.fr\/wp-content\/uploads\/2026\/05\/BK_D8.jpg","contentUrl":"https:\/\/espacemenager2000.fr\/wp-content\/uploads\/2026\/05\/BK_D8.jpg","width":1200,"height":1200},{"@type":"BreadcrumbList","@id":"https:\/\/espacemenager2000.fr\/produit\/wahoo-kickr-core-powertrainer\/#breadcrumb","itemListElement":[{"@type":"ListItem","position":1,"name":"Accueil","item":"https:\/\/espacemenager2000.fr\/"},{"@type":"ListItem","position":2,"name":"Boutique","item":"https:\/\/espacemenager2000.fr\/boutique\/"},{"@type":"ListItem","position":3,"name":"Wahoo KICKR CORE PowerTrainer"}]},{"@type":"WebSite","@id":"https:\/\/espacemenager2000.fr\/#website","url":"https:\/\/espacemenager2000.fr\/","name":"Espace Menager 2000","description":"Expert en \u00e9lectrom\u00e9nager depuis 2001, Espace M\u00e9nager 2000 vous propose une large gamme de produits : lave-linge, r\u00e9frig\u00e9rateurs, \u00e9lectronique et fitness. Profitez de notre savoir-faire en vente, r\u00e9paration et d\u00e9pannage. Livraison rapide dans toute la zone Euro. Qualit\u00e9 et service garantis.","publisher":{"@id":"https:\/\/espacemenager2000.fr\/#organization"},"potentialAction":[{"@type":"SearchAction","target":{"@type":"EntryPoint","urlTemplate":"https:\/\/espacemenager2000.fr\/?s={search_term_string}"},"query-input":{"@type":"PropertyValueSpecification","valueRequired":true,"valueName":"search_term_string"}}],"inLanguage":"en-US"},{"@type":"Organization","@id":"https:\/\/espacemenager2000.fr\/#organization","name":"Espace Menager 2000","url":"https:\/\/espacemenager2000.fr\/","logo":{"@type":"ImageObject","inLanguage":"en-US","@id":"https:\/\/espacemenager2000.fr\/#\/schema\/logo\/image\/","url":"https:\/\/espacemenager2000.fr\/wp-content\/uploads\/2026\/05\/Fav-Em2000.png","contentUrl":"https:\/\/espacemenager2000.fr\/wp-content\/uploads\/2026\/05\/Fav-Em2000.png","width":369,"height":369,"caption":"Espace Menager 2000"},"image":{"@id":"https:\/\/espacemenager2000.fr\/#\/schema\/logo\/image\/"},"sameAs":["https:\/\/www.facebook.com\/p\/Espace-menager-2000-100068469618146\/"]}]}},"_links":{"self":[{"href":"https:\/\/espacemenager2000.fr\/en\/wp-json\/wp\/v2\/product\/1455","targetHints":{"allow":["GET"]}}],"collection":[{"href":"https:\/\/espacemenager2000.fr\/en\/wp-json\/wp\/v2\/product"}],"about":[{"href":"https:\/\/espacemenager2000.fr\/en\/wp-json\/wp\/v2\/types\/product"}],"replies":[{"embeddable":true,"href":"https:\/\/espacemenager2000.fr\/en\/wp-json\/wp\/v2\/comments?post=1455"}],"wp:featuredmedia":[{"embeddable":true,"href":"https:\/\/espacemenager2000.fr\/en\/wp-json\/wp\/v2\/media\/1456"}],"wp:attachment":[{"href":"https:\/\/espacemenager2000.fr\/en\/wp-json\/wp\/v2\/media?parent=1455"}],"wp:term":[{"taxonomy":"product_brand","embeddable":true,"href":"https:\/\/espacemenager2000.fr\/en\/wp-json\/wp\/v2\/product_brand?post=1455"},{"taxonomy":"product_cat","embeddable":true,"href":"https:\/\/espacemenager2000.fr\/en\/wp-json\/wp\/v2\/product_cat?post=1455"},{"taxonomy":"product_tag","embeddable":true,"href":"https:\/\/espacemenager2000.fr\/en\/wp-json\/wp\/v2\/product_tag?post=1455"}],"curies":[{"name":"wp","href":"https:\/\/api.w.org\/{rel}","templated":true}]}}