{"id":1449,"date":"2025-12-22T16:17:17","date_gmt":"2025-12-22T16:17:17","guid":{"rendered":"https:\/\/espacemenager2000.fr\/?post_type=product&#038;p=1449"},"modified":"2026-05-14T00:20:57","modified_gmt":"2026-05-14T00:20:57","slug":"home-trainer-wahoo-kickr-move","status":"publish","type":"product","link":"https:\/\/espacemenager2000.fr\/en\/product\/home-trainer-wahoo-kickr-move\/","title":{"rendered":"Home Trainer Wahoo KICKR MOVE"},"content":{"rendered":"<h2>Home Trainer Wahoo KICKR MOVE<\/h2>\n<div>Avec son mouvement longitudinal, le Home Trainer Wahoo KICKR MOVE<strong>\u00a0<\/strong>permet au v\u00e9lo de bouger naturellement pour une exp\u00e9rience de p\u00e9dalage plus r\u00e9aliste et plus confortable que jamais auparavant.<\/div>\n<div>\n<h3>Caract\u00e9ristiques Rouleau d&#8217;entra\u00eenement intelligent Wahoo KICKR MOVE PowerTrainer<\/h3>\n<div class=\"contenido\">\n<div><\/div>\n<div>Avec son mouvement longitudinal, l\u2019home trainer\u00a0<strong>KICKR MOVE\u00a0<\/strong>permet au v\u00e9lo de bouger naturellement pour une exp\u00e9rience de p\u00e9dalage plus r\u00e9aliste et plus confortable que jamais auparavant.<\/div>\n<div><\/div>\n<h4><strong>Le mod\u00e8le KICKR MOVE\u00a0<\/strong><\/h4>\n<div><\/div>\n<div>offre une toute nouvelle dimension en mati\u00e8re de sensations de p\u00e9dalage. Gr\u00e2ce \u00e0 un mouvement d\u2019axe double int\u00e9gr\u00e9 et \u00e0 la l\u00e9gendaire technologie de volant d\u2019inertie <strong>KICKR, KICKR MOVE\u00a0<\/strong>permet \u00e0 votre v\u00e9lo de bouger librement lorsque vous p\u00e9dalez avec puissance lors de vos courses et entra\u00eenements en int\u00e9rieur. Il en r\u00e9sulte une exp\u00e9rience de cyclisme plus stimulante, plus confortable et plus r\u00e9aliste que jamais.<\/div>\n<div><\/div>\n<div>Que vous vous leviez de la selle pour une attaque explosive ou que vous cherchiez votre rythme pendant un effort d\u2019endurance difficile, quel que soit votre mouvement,\u00a0<strong>KICKR MOVE<\/strong>\u00a0bouge avec vous. Cette libert\u00e9 refl\u00e8te ce que vous pouvez ressentir en ext\u00e9rieur, et apporte un niveau sup\u00e9rieur de r\u00e9alisme et de confort \u00e0 vos s\u00e9ances en int\u00e9rieur. Elle vous permet \u00e9galement de verrouiller votre position pour des efforts cibl\u00e9s.<\/div>\n<div><\/div>\n<div><strong>*Inclut 3 mois gratuits de Bkool \u00e0 l&#8217;int\u00e9rieur.<\/strong><\/div>\n<div><\/div>\n<div><img fetchpriority=\"high\" decoding=\"async\" class=\"lazy-content img-fluid\" src=\"https:\/\/www.fitnessdigital.fr\/images\/productos\/detalles\/wahoo\/wahoo-kickrmove-01.jpg\" alt=\"\" width=\"415\" height=\"440\" \/><\/div>\n<div><\/div>\n<h4><strong>Points cl\u00e9s Home Trainer Wahoo KICKR MOVE<\/strong><\/h4>\n<div><\/div>\n<div>\n<ul>\n<li><strong>NOUVEAU: Le mouvement avant-arri\u00e8re, d\u2019une amplitude de 20 cm, r\u00e9agit aux changements de tempo du p\u00e9dalage<\/strong><\/li>\n<li><strong>La base du KICKR MOVE permet un mouvement lat\u00e9ral suppl\u00e9mentaire, et est compatible avec les p\u00e9dales AXIS<\/strong><\/li>\n<li><strong>Auto-\u00e9talonnage et mises \u00e0 jour du micrologiciel<\/strong><\/li>\n<li><strong>Extr\u00eamement silencieux<\/strong><\/li>\n<\/ul>\n<\/div>\n<div><\/div>\n<h4><strong>Caract\u00e9ristiques Home Trainer Wahoo KICKR MOVE<\/strong><\/h4>\n<div><\/div>\n<div><strong>Un confort ultime<\/strong><br \/>\n<strong>Le KICKR MOVE<\/strong>\u00a0fournit un niveau sup\u00e9rieur de confort \u00e0 vos s\u00e9ances de cyclisme en int\u00e9rieur. Le mouvement d\u00e9clench\u00e9 par son action avant-arri\u00e8re r\u00e9duit la fatigue et am\u00e9liore l\u2019efficacit\u00e9 g\u00e9n\u00e9rale, ce qui vous permet de vous entra\u00eener plus longtemps et plus intens\u00e9ment que jamais.<\/div>\n<div><\/div>\n<div><strong>Option Lock-Out<\/strong><br \/>\nSi vous souhaitez de la stabilit\u00e9 ou une position pr\u00e9r\u00e9gl\u00e9e,\u00a0<strong>KICKR MOVE<\/strong>\u00a0propose une option emp\u00eachant le mouvement avant-arri\u00e8re et verrouillant la position de l\u2019appareil.<\/div>\n<div><\/div>\n<h5><strong>Erg Easy Ramp<\/strong><\/h5>\n<div><\/div>\n<div>Vous avez besoin de faire une pause durant votre entra\u00eenement ? ERG Easy Ramp\u2122 vous permet de reprendre votre entra\u00eenement de mani\u00e8re graduelle au lieu de vous imposer un effort qui va vous couper les jambes avant de pouvoir atteindre vos meilleures statistiques.<\/div>\n<div><\/div>\n<h5><strong>Une durabilit\u00e9 de qualit\u00e9 professionnelle<\/strong><\/h5>\n<div><\/div>\n<div>Une structure solide en acier permet au KICKR de rester en place alors que vous d\u00e9ployez votre pleine puissance et r\u00e9siste \u00e0 des ann\u00e9es d\u2019utilisation intensive.<\/div>\n<div><\/div>\n<h5><strong>Une connectivit\u00e9 homog\u00e8ne<\/strong><\/h5>\n<div><\/div>\n<div>Offrant une connexion Wi-Fi de 2,4 GHz, jusqu\u2019\u00e0 3 connexions Bluetooth, un port de connexion direct et une compatibilit\u00e9 ANT+\/ANT+FE-C, les home trainers KICKR d\u2019int\u00e9rieur s\u2019associent \u00e0 la plupart des appareils et des applications, afin que vous b\u00e9n\u00e9ficiiez d\u2019un contr\u00f4le maximal des donn\u00e9es relatives \u00e0 votre entra\u00eenement et \u00e0 vos parcours.<\/div>\n<div><\/div>\n<div><strong>Pas de limites \u00e0 l\u2019entra\u00eenement avec Wahoo X<\/strong><br \/>\nTous les home trainers connect\u00e9s\u00a0<strong>Wahoo<\/strong>\u00a0s\u2019accompagnent d\u2019un essai gratuit \u00e0\u00a0<strong>Wahoo<\/strong>\u00a0X vous donnant acc\u00e8s \u00e0 SYSTM, une collection compl\u00e8te d\u2019activit\u00e9s physiques structur\u00e9es et de programmes d\u2019entra\u00eenement vous permettant d\u2019atteindre vos objectifs de fitness.<\/div>\n<div><\/div>\n<div><img decoding=\"async\" class=\"lazy-content img-fluid\" src=\"https:\/\/www.fitnessdigital.fr\/images\/productos\/detalles\/wahoo\/wahoo-kickrmove-02.jpg\" alt=\"\" width=\"520\" height=\"315\" \/><\/div>\n<div><\/div>\n<h4><strong>Sp\u00e9cifications Home Trainer Wahoo KICKR MOVE<\/strong><\/h4>\n<div><\/div>\n<div>\n<ul>\n<li><strong>Puissance de sortie maximale:<\/strong>\u00a02200\u00a0Watts<\/li>\n<li><strong>Pente simul\u00e9e maximum:<\/strong>\u00a020\u00a0%<\/li>\n<li><strong>Pente minimale simul\u00e9e:<\/strong>\u00a0-10 %<\/li>\n<li><strong>Poids du produit:<\/strong>\u00a064\u00a0lb\/29\u00a0kg<\/li>\n<li><strong>Transmission:<\/strong>\u00a0Entra\u00eenement par courroie<\/li>\n<li><strong>Type de r\u00e9sistance:\u00a0<\/strong>\u00c9lectromagn\u00e9tique<\/li>\n<li><strong>Pr\u00e9cision de la puissance:<\/strong>\u00a0+\/- 1\u00a0%<\/li>\n<li>Connectivit\u00e9 Connexion directe ANT+, ANT+ FE-C, Wi-Fi et Bluetooth<\/li>\n<li><strong>Cassette<\/strong>\u00a0: Comprend 11\u00a0vitesses avec un ratio de 11-28<\/li>\n<li><strong>Types de moyeu:\u00a0<\/strong>Axe traversant 130\/135\u00a0mm QR, 12\u00a0x\u00a0142 et 12\u00a0x\u00a0148<\/li>\n<li><strong>Adaptateurs:<\/strong>\u00a0Comprend un adaptateur QR de 130\/135\u00a0mm et une entretoise de moyeu, un adaptateur 12\u00a0x\u00a0142\/148 et une entretoise de moyeu et une entretoise de cassette de 1,8\u00a0mm<\/li>\n<li>Poids maximum support\u00e9 250 lb \/ 113 kg<\/li>\n<\/ul>\n<\/div>\n<h5><strong>Qu\u2019y a-t-il dans la bo\u00eete?<\/strong><\/h5>\n<div><\/div>\n<div>\n<ul>\n<li>KICKR MOVE<\/li>\n<li>Adaptateur secteur<\/li>\n<li>Broche d\u00e9montage rapide<\/li>\n<li>Rondelle de calibre de disque de frein<\/li>\n<li>Entretoise de cassette 1,8\u00a0mm<\/li>\n<li>Adaptateur c\u00f4t\u00e9 commande pour d\u00e9montage rapide 130\u00a0mm et 135\u00a0mm<\/li>\n<li>Entretoise de moyeu r\u00e9versible pour d\u00e9montage 130\u00a0mm et 135\u00a0mm<\/li>\n<li>Adaptateurs c\u00f4t\u00e9 cassette QR pour axe traversant 12\u00a0x\u00a0142 et 12\u00a0x\u00a0148<\/li>\n<li>Entretoise de moyeu r\u00e9versible pour axe traversant<\/li>\n<li>P\u00e9dales faciles et rigides AXIS<\/li>\n<\/ul>\n<\/div>\n<div><\/div>\n<div><\/div>\n<div><strong>Appareils compatibles Home Trainer Wahoo KICKR MOVE<\/strong><\/div>\n<div><\/div>\n<ul>\n<li><strong>iPhone\/iPad:<\/strong>\u00a0iOS 16 ou plus r\u00e9cent<\/li>\n<li><strong>Android:<\/strong>\u00a0Veuillez consulter notre site d\u2019assistance pour v\u00e9rifier la Compatibilit\u00e9 avec Android.<\/li>\n<li><strong>MacOS:<\/strong>\u00a0Connexion directe ou Wi-Fi au r\u00e9seau, Bluetooth activ\u00e9 ou dongle ANT+<\/li>\n<li><strong>PC Windows:\u00a0<\/strong>Connexion directe ou Wi-Fi au r\u00e9seau, Bluetooth activ\u00e9 ou dongle ANT+<\/li>\n<li><strong>Zwift Play:\u00a0<\/strong>Changements de vitesse virtuels<\/li>\n<\/ul>\n<p><strong>*Kickr (V6), Kickr Core, Kickr Move: Ces mod\u00e8les fonctionneront avec ou sans Zwift Cog and Click. Ils seront tous marqu\u00e9s comme Zwift Ready et seront r\u00e9pertori\u00e9s dans le r\u00e9pertoire de compatibilit\u00e9 Zwift. Zwift Ready est une marque pour les rouleaux intelligents qui sont compatibles avec Zwift Cog &amp; Click et, par cons\u00e9quent, avec le cadre intelligent Zwift.\u00a0<\/strong><\/p>\n<\/div>\n<\/div>","protected":false},"excerpt":{"rendered":"<div class=\"product attribute overview\">\n<div class=\"value\">\n<div class=\"elementor-widget elementor-element elementor-element-cenezrn elementor-widget-text-editor\" data-element_type=\"text-editor\">\n<div class=\"elementor-widget-container\">\n<div class=\"elementor-text-editor rte-content\">Avec son mouvement longitudinal, le Home Trainer Wahoo KICKR MOVE<strong>\u00a0<\/strong>permet au v\u00e9lo de bouger naturellement pour une exp\u00e9rience de p\u00e9dalage plus r\u00e9aliste et plus confortable que jamais auparavant.<\/div>\n<\/div>\n<\/div>\n<div class=\"elementor-widget elementor-element elementor-element-ki1x5cr elementor-widget-text-editor\" data-element_type=\"text-editor\">\n<div class=\"elementor-widget-container\">\n<div class=\"elementor-text-editor rte-content\"><a class=\"zReHs\" href=\"https:\/\/hemvelos.com\/produit\/velo-dinterieur-wahoo-fitness-kickr-bike-shift\/\" data-ved=\"2ahUKEwj2oNmc04KOAxXTUUEAHe9kDrYQFnoECB0QAQ\"><br \/>\n<\/a><\/p>\n<div class=\"notranslate ESMNde HGLrXd ojE3Fb\">\n<div class=\"q0vns\">\n<div class=\"eqA2re UnOTSe Vwoesf\" aria-hidden=\"true\"><\/div>\n<\/div>\n<\/div>\n<\/div>\n<\/div>\n<\/div>\n<\/div>\n<\/div>","protected":false},"featured_media":1450,"comment_status":"open","ping_status":"closed","template":"","meta":[],"product_brand":[66],"product_cat":[17,69,18,19],"product_tag":[71],"class_list":{"0":"post-1449","1":"product","2":"type-product","3":"status-publish","4":"has-post-thumbnail","6":"product_brand-wahoo-fitness","7":"product_cat-bons-plans","8":"product_cat-hometrainers","9":"product_cat-promotions","10":"product_cat-training-fitness","11":"product_tag-hometrainers","13":"first","14":"instock","15":"sale","16":"featured","17":"shipping-taxable","18":"purchasable","19":"product-type-simple"},"yoast_head":"<!-- This site is optimized with the Yoast SEO plugin v27.6 - https:\/\/yoast.com\/product\/yoast-seo-wordpress\/ -->\n<title>Home Trainer Wahoo KICKR MOVE - Promotion - Vente d&#039;\u00c9lectrom\u00e9nager Neuf et Garanti \u00e0 Paris<\/title>\n<meta name=\"description\" content=\"Home Trainer Wahoo KICKR MOVE - Avec son mouvement longitudinal, il\u00a0permet au v\u00e9lo de bouger naturellement pour une exp\u00e9rience de p\u00e9dalage plus r\u00e9aliste et plus confortable que jamais auparavant.\" \/>\n<meta name=\"robots\" content=\"index, follow, max-snippet:-1, max-image-preview:large, max-video-preview:-1\" \/>\n<link rel=\"canonical\" href=\"https:\/\/espacemenager2000.fr\/en\/product\/home-trainer-wahoo-kickr-move\/\" \/>\n<meta property=\"og:locale\" content=\"en_US\" \/>\n<meta property=\"og:type\" content=\"article\" \/>\n<meta property=\"og:title\" content=\"Home Trainer Wahoo KICKR MOVE - Promotion - Vente d&#039;\u00c9lectrom\u00e9nager Neuf et Garanti \u00e0 Paris\" \/>\n<meta property=\"og:description\" content=\"Home Trainer Wahoo KICKR MOVE - Avec son mouvement longitudinal, il\u00a0permet au v\u00e9lo de bouger naturellement pour une exp\u00e9rience de p\u00e9dalage plus r\u00e9aliste et plus confortable que jamais auparavant.\" \/>\n<meta property=\"og:url\" content=\"https:\/\/espacemenager2000.fr\/en\/product\/home-trainer-wahoo-kickr-move\/\" \/>\n<meta property=\"og:site_name\" content=\"Vente d&#039;\u00c9lectrom\u00e9nager Neuf et Garanti \u00e0 Paris\" \/>\n<meta property=\"article:publisher\" content=\"https:\/\/www.facebook.com\/p\/Espace-menager-2000-100068469618146\/\" \/>\n<meta property=\"article:modified_time\" content=\"2026-05-14T00:20:57+00:00\" \/>\n<meta property=\"og:image\" content=\"https:\/\/espacemenager2000.fr\/wp-content\/uploads\/2026\/05\/kickr_move_wfbktr123_left.jpg\" \/>\n\t<meta property=\"og:image:width\" content=\"600\" \/>\n\t<meta property=\"og:image:height\" content=\"450\" \/>\n\t<meta property=\"og:image:type\" content=\"image\/jpeg\" \/>\n<meta name=\"twitter:card\" content=\"summary_large_image\" \/>\n<meta name=\"twitter:label1\" content=\"Est. reading time\" \/>\n\t<meta name=\"twitter:data1\" content=\"5 minutes\" \/>\n<script type=\"application\/ld+json\" class=\"yoast-schema-graph\">{\"@context\":\"https:\\\/\\\/schema.org\",\"@graph\":[{\"@type\":\"WebPage\",\"@id\":\"https:\\\/\\\/espacemenager2000.fr\\\/produit\\\/home-trainer-wahoo-kickr-move\\\/\",\"url\":\"https:\\\/\\\/espacemenager2000.fr\\\/produit\\\/home-trainer-wahoo-kickr-move\\\/\",\"name\":\"Home Trainer Wahoo KICKR MOVE - Promotion - Vente d&#039;\u00c9lectrom\u00e9nager Neuf et Garanti \u00e0 Paris\",\"isPartOf\":{\"@id\":\"https:\\\/\\\/espacemenager2000.fr\\\/#website\"},\"primaryImageOfPage\":{\"@id\":\"https:\\\/\\\/espacemenager2000.fr\\\/produit\\\/home-trainer-wahoo-kickr-move\\\/#primaryimage\"},\"image\":{\"@id\":\"https:\\\/\\\/espacemenager2000.fr\\\/produit\\\/home-trainer-wahoo-kickr-move\\\/#primaryimage\"},\"thumbnailUrl\":\"https:\\\/\\\/espacemenager2000.fr\\\/wp-content\\\/uploads\\\/2026\\\/05\\\/kickr_move_wfbktr123_left.jpg\",\"datePublished\":\"2025-12-22T16:17:17+00:00\",\"dateModified\":\"2026-05-14T00:20:57+00:00\",\"description\":\"Home Trainer Wahoo KICKR MOVE - Avec son mouvement longitudinal, il\u00a0permet au v\u00e9lo de bouger naturellement pour une exp\u00e9rience de p\u00e9dalage plus r\u00e9aliste et plus confortable que jamais auparavant.\",\"breadcrumb\":{\"@id\":\"https:\\\/\\\/espacemenager2000.fr\\\/produit\\\/home-trainer-wahoo-kickr-move\\\/#breadcrumb\"},\"inLanguage\":\"en-US\",\"potentialAction\":[{\"@type\":\"ReadAction\",\"target\":[\"https:\\\/\\\/espacemenager2000.fr\\\/produit\\\/home-trainer-wahoo-kickr-move\\\/\"]}]},{\"@type\":\"ImageObject\",\"inLanguage\":\"en-US\",\"@id\":\"https:\\\/\\\/espacemenager2000.fr\\\/produit\\\/home-trainer-wahoo-kickr-move\\\/#primaryimage\",\"url\":\"https:\\\/\\\/espacemenager2000.fr\\\/wp-content\\\/uploads\\\/2026\\\/05\\\/kickr_move_wfbktr123_left.jpg\",\"contentUrl\":\"https:\\\/\\\/espacemenager2000.fr\\\/wp-content\\\/uploads\\\/2026\\\/05\\\/kickr_move_wfbktr123_left.jpg\",\"width\":600,\"height\":450},{\"@type\":\"BreadcrumbList\",\"@id\":\"https:\\\/\\\/espacemenager2000.fr\\\/produit\\\/home-trainer-wahoo-kickr-move\\\/#breadcrumb\",\"itemListElement\":[{\"@type\":\"ListItem\",\"position\":1,\"name\":\"Accueil\",\"item\":\"https:\\\/\\\/espacemenager2000.fr\\\/\"},{\"@type\":\"ListItem\",\"position\":2,\"name\":\"Boutique\",\"item\":\"https:\\\/\\\/espacemenager2000.fr\\\/boutique\\\/\"},{\"@type\":\"ListItem\",\"position\":3,\"name\":\"Home Trainer Wahoo KICKR MOVE\"}]},{\"@type\":\"WebSite\",\"@id\":\"https:\\\/\\\/espacemenager2000.fr\\\/#website\",\"url\":\"https:\\\/\\\/espacemenager2000.fr\\\/\",\"name\":\"Espace Menager 2000\",\"description\":\"Expert en \u00e9lectrom\u00e9nager depuis 2001, Espace M\u00e9nager 2000 vous propose une large gamme de produits : lave-linge, r\u00e9frig\u00e9rateurs, \u00e9lectronique et fitness. Profitez de notre savoir-faire en vente, r\u00e9paration et d\u00e9pannage. Livraison rapide dans toute la zone Euro. Qualit\u00e9 et service garantis.\",\"publisher\":{\"@id\":\"https:\\\/\\\/espacemenager2000.fr\\\/#organization\"},\"potentialAction\":[{\"@type\":\"SearchAction\",\"target\":{\"@type\":\"EntryPoint\",\"urlTemplate\":\"https:\\\/\\\/espacemenager2000.fr\\\/?s={search_term_string}\"},\"query-input\":{\"@type\":\"PropertyValueSpecification\",\"valueRequired\":true,\"valueName\":\"search_term_string\"}}],\"inLanguage\":\"en-US\"},{\"@type\":\"Organization\",\"@id\":\"https:\\\/\\\/espacemenager2000.fr\\\/#organization\",\"name\":\"Espace Menager 2000\",\"url\":\"https:\\\/\\\/espacemenager2000.fr\\\/\",\"logo\":{\"@type\":\"ImageObject\",\"inLanguage\":\"en-US\",\"@id\":\"https:\\\/\\\/espacemenager2000.fr\\\/#\\\/schema\\\/logo\\\/image\\\/\",\"url\":\"https:\\\/\\\/espacemenager2000.fr\\\/wp-content\\\/uploads\\\/2026\\\/05\\\/Fav-Em2000.png\",\"contentUrl\":\"https:\\\/\\\/espacemenager2000.fr\\\/wp-content\\\/uploads\\\/2026\\\/05\\\/Fav-Em2000.png\",\"width\":369,\"height\":369,\"caption\":\"Espace Menager 2000\"},\"image\":{\"@id\":\"https:\\\/\\\/espacemenager2000.fr\\\/#\\\/schema\\\/logo\\\/image\\\/\"},\"sameAs\":[\"https:\\\/\\\/www.facebook.com\\\/p\\\/Espace-menager-2000-100068469618146\\\/\"]}]}<\/script>\n<!-- \/ Yoast SEO plugin. -->","yoast_head_json":{"title":"Home Trainer Wahoo KICKR MOVE - Promotion - Vente d&#039;\u00c9lectrom\u00e9nager Neuf et Garanti \u00e0 Paris","description":"Home Trainer Wahoo KICKR MOVE - Avec son mouvement longitudinal, il\u00a0permet au v\u00e9lo de bouger naturellement pour une exp\u00e9rience de p\u00e9dalage plus r\u00e9aliste et plus confortable que jamais auparavant.","robots":{"index":"index","follow":"follow","max-snippet":"max-snippet:-1","max-image-preview":"max-image-preview:large","max-video-preview":"max-video-preview:-1"},"canonical":"https:\/\/espacemenager2000.fr\/en\/product\/home-trainer-wahoo-kickr-move\/","og_locale":"en_US","og_type":"article","og_title":"Home Trainer Wahoo KICKR MOVE - Promotion - Vente d&#039;\u00c9lectrom\u00e9nager Neuf et Garanti \u00e0 Paris","og_description":"Home Trainer Wahoo KICKR MOVE - Avec son mouvement longitudinal, il\u00a0permet au v\u00e9lo de bouger naturellement pour une exp\u00e9rience de p\u00e9dalage plus r\u00e9aliste et plus confortable que jamais auparavant.","og_url":"https:\/\/espacemenager2000.fr\/en\/product\/home-trainer-wahoo-kickr-move\/","og_site_name":"Vente d&#039;\u00c9lectrom\u00e9nager Neuf et Garanti \u00e0 Paris","article_publisher":"https:\/\/www.facebook.com\/p\/Espace-menager-2000-100068469618146\/","article_modified_time":"2026-05-14T00:20:57+00:00","og_image":[{"width":600,"height":450,"url":"https:\/\/espacemenager2000.fr\/wp-content\/uploads\/2026\/05\/kickr_move_wfbktr123_left.jpg","type":"image\/jpeg"}],"twitter_card":"summary_large_image","twitter_misc":{"Est. reading time":"5 minutes"},"schema":{"@context":"https:\/\/schema.org","@graph":[{"@type":"WebPage","@id":"https:\/\/espacemenager2000.fr\/produit\/home-trainer-wahoo-kickr-move\/","url":"https:\/\/espacemenager2000.fr\/produit\/home-trainer-wahoo-kickr-move\/","name":"Home Trainer Wahoo KICKR MOVE - Promotion - Vente d&#039;\u00c9lectrom\u00e9nager Neuf et Garanti \u00e0 Paris","isPartOf":{"@id":"https:\/\/espacemenager2000.fr\/#website"},"primaryImageOfPage":{"@id":"https:\/\/espacemenager2000.fr\/produit\/home-trainer-wahoo-kickr-move\/#primaryimage"},"image":{"@id":"https:\/\/espacemenager2000.fr\/produit\/home-trainer-wahoo-kickr-move\/#primaryimage"},"thumbnailUrl":"https:\/\/espacemenager2000.fr\/wp-content\/uploads\/2026\/05\/kickr_move_wfbktr123_left.jpg","datePublished":"2025-12-22T16:17:17+00:00","dateModified":"2026-05-14T00:20:57+00:00","description":"Home Trainer Wahoo KICKR MOVE - Avec son mouvement longitudinal, il\u00a0permet au v\u00e9lo de bouger naturellement pour une exp\u00e9rience de p\u00e9dalage plus r\u00e9aliste et plus confortable que jamais auparavant.","breadcrumb":{"@id":"https:\/\/espacemenager2000.fr\/produit\/home-trainer-wahoo-kickr-move\/#breadcrumb"},"inLanguage":"en-US","potentialAction":[{"@type":"ReadAction","target":["https:\/\/espacemenager2000.fr\/produit\/home-trainer-wahoo-kickr-move\/"]}]},{"@type":"ImageObject","inLanguage":"en-US","@id":"https:\/\/espacemenager2000.fr\/produit\/home-trainer-wahoo-kickr-move\/#primaryimage","url":"https:\/\/espacemenager2000.fr\/wp-content\/uploads\/2026\/05\/kickr_move_wfbktr123_left.jpg","contentUrl":"https:\/\/espacemenager2000.fr\/wp-content\/uploads\/2026\/05\/kickr_move_wfbktr123_left.jpg","width":600,"height":450},{"@type":"BreadcrumbList","@id":"https:\/\/espacemenager2000.fr\/produit\/home-trainer-wahoo-kickr-move\/#breadcrumb","itemListElement":[{"@type":"ListItem","position":1,"name":"Accueil","item":"https:\/\/espacemenager2000.fr\/"},{"@type":"ListItem","position":2,"name":"Boutique","item":"https:\/\/espacemenager2000.fr\/boutique\/"},{"@type":"ListItem","position":3,"name":"Home Trainer Wahoo KICKR MOVE"}]},{"@type":"WebSite","@id":"https:\/\/espacemenager2000.fr\/#website","url":"https:\/\/espacemenager2000.fr\/","name":"Espace Menager 2000","description":"Expert en \u00e9lectrom\u00e9nager depuis 2001, Espace M\u00e9nager 2000 vous propose une large gamme de produits : lave-linge, r\u00e9frig\u00e9rateurs, \u00e9lectronique et fitness. Profitez de notre savoir-faire en vente, r\u00e9paration et d\u00e9pannage. Livraison rapide dans toute la zone Euro. Qualit\u00e9 et service garantis.","publisher":{"@id":"https:\/\/espacemenager2000.fr\/#organization"},"potentialAction":[{"@type":"SearchAction","target":{"@type":"EntryPoint","urlTemplate":"https:\/\/espacemenager2000.fr\/?s={search_term_string}"},"query-input":{"@type":"PropertyValueSpecification","valueRequired":true,"valueName":"search_term_string"}}],"inLanguage":"en-US"},{"@type":"Organization","@id":"https:\/\/espacemenager2000.fr\/#organization","name":"Espace Menager 2000","url":"https:\/\/espacemenager2000.fr\/","logo":{"@type":"ImageObject","inLanguage":"en-US","@id":"https:\/\/espacemenager2000.fr\/#\/schema\/logo\/image\/","url":"https:\/\/espacemenager2000.fr\/wp-content\/uploads\/2026\/05\/Fav-Em2000.png","contentUrl":"https:\/\/espacemenager2000.fr\/wp-content\/uploads\/2026\/05\/Fav-Em2000.png","width":369,"height":369,"caption":"Espace Menager 2000"},"image":{"@id":"https:\/\/espacemenager2000.fr\/#\/schema\/logo\/image\/"},"sameAs":["https:\/\/www.facebook.com\/p\/Espace-menager-2000-100068469618146\/"]}]}},"_links":{"self":[{"href":"https:\/\/espacemenager2000.fr\/en\/wp-json\/wp\/v2\/product\/1449","targetHints":{"allow":["GET"]}}],"collection":[{"href":"https:\/\/espacemenager2000.fr\/en\/wp-json\/wp\/v2\/product"}],"about":[{"href":"https:\/\/espacemenager2000.fr\/en\/wp-json\/wp\/v2\/types\/product"}],"replies":[{"embeddable":true,"href":"https:\/\/espacemenager2000.fr\/en\/wp-json\/wp\/v2\/comments?post=1449"}],"wp:featuredmedia":[{"embeddable":true,"href":"https:\/\/espacemenager2000.fr\/en\/wp-json\/wp\/v2\/media\/1450"}],"wp:attachment":[{"href":"https:\/\/espacemenager2000.fr\/en\/wp-json\/wp\/v2\/media?parent=1449"}],"wp:term":[{"taxonomy":"product_brand","embeddable":true,"href":"https:\/\/espacemenager2000.fr\/en\/wp-json\/wp\/v2\/product_brand?post=1449"},{"taxonomy":"product_cat","embeddable":true,"href":"https:\/\/espacemenager2000.fr\/en\/wp-json\/wp\/v2\/product_cat?post=1449"},{"taxonomy":"product_tag","embeddable":true,"href":"https:\/\/espacemenager2000.fr\/en\/wp-json\/wp\/v2\/product_tag?post=1449"}],"curies":[{"name":"wp","href":"https:\/\/api.w.org\/{rel}","templated":true}]}}