{"id":1439,"date":"2025-12-22T16:17:17","date_gmt":"2025-12-22T16:17:17","guid":{"rendered":"https:\/\/espacemenager2000.fr\/?post_type=product&#038;p=1439"},"modified":"2026-05-10T20:42:36","modified_gmt":"2026-05-10T20:42:36","slug":"home-trainer-zycle-smart-zdrive-max","status":"publish","type":"product","link":"https:\/\/espacemenager2000.fr\/en\/product\/home-trainer-zycle-smart-zdrive-max\/","title":{"rendered":"Home Trainer Zycle Smart ZDrive MAX"},"content":{"rendered":"<h2>Home Trainer Zycle Smart ZDrive MAX<\/h2>\n<p><strong>ZDrive MAX ou Home Trainer Zycle Smart ZDrive MAX<\/strong>,\u00a0<strong>votre compagnon id\u00e9al pour chaque kilom\u00e8tre. ZDrive MAX<\/strong>\u00a0est le nouveau\u00a0<strong>ZYCLE\u00a0<\/strong>Wheel Off trainer. Son design a \u00e9t\u00e9 optimis\u00e9 pour vous aider \u00e0 tirer le meilleur parti de vos s\u00e9ances de cyclisme en salle et de tout type de v\u00e9lo de route, de VTT et de gravier gr\u00e2ce \u00e0 sa large compatibilit\u00e9 avec les roues de 26&#8242; \u00e0 29&#8242;.<\/p>\n<h3>Caract\u00e9ristiques Rouleau d&#8217;entra\u00eenement Zycle Smart ZDrive MAX<\/h3>\n<div class=\"contenido\">\n<div><\/div>\n<div><strong>ZDrive MAX<\/strong>,\u00a0<strong>votre compagnon id\u00e9al pour chaque kilom\u00e8tre. ZDrive MAX<\/strong>\u00a0est le nouveau\u00a0<strong>ZYCLE\u00a0<\/strong>Wheel Off trainer. Son design a \u00e9t\u00e9 optimis\u00e9 pour vous aider \u00e0 tirer le meilleur parti de vos s\u00e9ances de cyclisme en salle et de tout type de v\u00e9lo de route, de VTT et de gravier gr\u00e2ce \u00e0 sa large compatibilit\u00e9 avec les roues de 26&#8242; \u00e0 29&#8242;.<\/div>\n<div><\/div>\n<div>Il offre \u00e9galement des performances de freinage am\u00e9lior\u00e9es, en particulier \u00e0 faible cadence, pour simuler les conditions de mont\u00e9e les plus r\u00e9alistes et avec des rapports de vitesse plus courts.<\/div>\n<div><\/div>\n<div><strong>Le ZDrive MAX favorise le travail \u00e0 haute intensit\u00e9 gr\u00e2ce \u00e0 sa puissance maximale de 1800W (\u00e0 40 km\/h) et 375W (\u00e0 10 km\/h).\u00a0<\/strong>Si vous recherchez une exp\u00e9rience de p\u00e9dalage fluide et naturelle, ce trainer \u00e0 entra\u00eenement direct est fait pour vous. Il est facile \u00e0 configurer, compatible avec les principaux simulateurs de v\u00e9lo et applications de fitness. Et offre une estimation super pr\u00e9cise de la puissance de sortie gr\u00e2ce aux am\u00e9liorations mises en \u0153uvre pour rendre vos s\u00e9ances d&#8217;entra\u00eenement tr\u00e8s efficaces.<\/div>\n<div><\/div>\n<h4><strong>Points cl\u00e9s Home Trainer Zycle Smart ZDrive MAX<\/strong><\/h4>\n<h5><strong>Une grande compatibilit\u00e9 pour tous les types de v\u00e9los<\/strong><\/h5>\n<div><\/div>\n<div>Le\u00a0<strong>ZDrive MAX\u00a0<\/strong>a \u00e9t\u00e9 con\u00e7u pour s&#8217;adapter \u00e0 tous les types de v\u00e9los, qu&#8217;il s&#8217;agisse d&#8217;un v\u00e9lo de route, d&#8217;un VTT ou d&#8217;un v\u00e9lo de gravier, avec des roues de 26&#8242; \u00e0 29&#8242;. De plus, il est compatible avec les cassettes Shimano \/ SRAM 8, 9, 10, 11 et 12V pour les noyaux HG (Hyper Glide) (cassette non incluse avec ce rouleau) ; avec les cassettes SRAM XDR 11 et 12V, si vous achetez le noyau XDR pour le ZDrive (non inclus avec ce rouleau) ; et avec les axes de 9mm, 12mm et Boost.<\/div>\n<div><\/div>\n<h5><strong>Connectivit\u00e9 sans fil et par c\u00e2ble USB sans interf\u00e9rence<\/strong><\/h5>\n<div><\/div>\n<div>Le rouleau \u00e0 entra\u00eenement direct\u00a0<strong>ZYCLE\u00a0<\/strong>offre une connectivit\u00e9 sans fil Bluetooth FTMS et ANT+ de pointe. Il fonctionne \u00e9galement avec un c\u00e2ble USB PC pour une stabilit\u00e9 maximale et pour \u00e9viter toute perte de donn\u00e9es. Sa connexion polyvalente s&#8217;adapte \u00e0 tout utilisateur pour un entra\u00eenement ininterrompu.<\/div>\n<div><\/div>\n<h5><strong>Calibration am\u00e9lior\u00e9e et montage facile<\/strong><\/h5>\n<div><\/div>\n<div>L&#8217;\u00e9talonnage est effectu\u00e9 en usine, ce qui garantit les donn\u00e9es les plus pr\u00e9cises pour une formation efficace. Aucun \u00e9talonnage n&#8217;est requis de la part de l&#8217;utilisateur et le syst\u00e8me Plug &amp; Play est facile \u00e0 installer. Vous pourrez installer votre simulateur en quelques minutes seulement et de mani\u00e8re autonome.<\/div>\n<div><\/div>\n<h4><strong>Caract\u00e9ristiques Home Trainer Zycle Smart ZDrive MAX<\/strong><\/h4>\n<h5><strong>Am\u00e9lioration de la capacit\u00e9 de freinage<\/strong><\/h5>\n<div><\/div>\n<div>L&#8217;am\u00e9lioration de la capacit\u00e9 de freinage, en particulier \u00e0 faible cadence, vous permet de simuler les mont\u00e9es avec plus de pr\u00e9cision, offrant une sensation authentique de mont\u00e9e avec un braquet plus court. Profitez d&#8217;un contr\u00f4le sup\u00e9rieur \u00e0 chaque coup de p\u00e9dale en ajustant la r\u00e9sistance pour reproduire les conditions les plus difficiles.<\/div>\n<div><\/div>\n<div>Avec le\u00a0<strong>ZDrive MAX<\/strong>, vous ferez entrer le cyclisme d&#8217;int\u00e9rieur dans une toute nouvelle dimension. En b\u00e9n\u00e9ficiant de performances optimales et d&#8217;une exp\u00e9rience plus proche de la route ou de la montagne.<\/div>\n<div><\/div>\n<h5><strong>Plus l\u00e9ger et plus silencieux que jamais<\/strong><\/h5>\n<div><\/div>\n<div>Le<strong>\u00a0ZDrive MAX\u00a0<\/strong>est le choix id\u00e9al pour les cyclistes qui recherchent des performances sup\u00e9rieures \u00e0 chaque s\u00e9ance. Profitez d&#8217;une pr\u00e9cision in\u00e9gal\u00e9e dans l&#8217;estimation de la puissance de sortie, avec une marge d&#8217;erreur de seulement 2%. Ceci est rendu possible par les am\u00e9liorations apport\u00e9es \u00e0 la calibration en usine, garantissant que chaque donn\u00e9e de votre session est pr\u00e9cise et fiable.<\/div>\n<div><\/div>\n<div>Avec le\u00a0<strong>ZDrive MAX<\/strong>, vous pouvez vous entra\u00eener en toute confiance, en connaissant les estimations instantan\u00e9es de vitesse. De cadence et de freinage qui vous aideront \u00e0 atteindre vos objectifs plus efficacement et avec des performances optimis\u00e9es.<\/div>\n<div><\/div>\n<h5><strong>Une exp\u00e9rience de p\u00e9dalage douce et naturelle<\/strong><\/h5>\n<div><\/div>\n<div><strong>ZDrive MAX<\/strong> est votre compagnon id\u00e9al pour chaque kilom\u00e8tre. Son design renouvel\u00e9 et son poids r\u00e9duit, ses performances de freinage am\u00e9lior\u00e9es avec une simulation de mont\u00e9e plus r\u00e9aliste. Sa puissance pr\u00e9cise et la somme de toutes les autres caract\u00e9ristiques se traduisent par une exp\u00e9rience de p\u00e9dalage plus douce et plus naturelle.<\/div>\n<div><\/div>\n<h4><strong>Sp\u00e9cifications Home Trainer Zycle Smart ZDrive MAX<\/strong><\/h4>\n<div><\/div>\n<div>\n<ul>\n<li>Frein magn\u00e9tique.<\/li>\n<li>Mesure de la vitesse, de la cadence et du freinage.<\/li>\n<li><strong>Type de rouleau:<\/strong>\u00a0rouleau \u00e0 roue libre ou rouleau \u00e0 entra\u00eenement direct<\/li>\n<li><strong>Puissance maximale \u00e0 40 km\/h:\u00a0<\/strong>1800 W<\/li>\n<li><strong>Puissance maximale \u00e0 10 km\/h:\u00a0<\/strong>375 W<\/li>\n<li><strong>Pente maximale:\u00a0<\/strong>22%.<\/li>\n<li><strong>Pr\u00e9cision dans l&#8217;estimation de la puissance de sortie:<\/strong>\u00a02%.<\/li>\n<li><strong>Communication sans fil:\u00a0<\/strong>Bluetooth FTMS et ANT+<\/li>\n<li><strong>Communication filaire:\u00a0<\/strong>lien USB<\/li>\n<li><strong>\u00c9talonnage:<\/strong>\u00a0aucun \u00e9talonnage n&#8217;est n\u00e9cessaire.<\/li>\n<li><strong>Dimensions:\u00a0<\/strong>51 cm x 53 cm x 50 cm.<\/li>\n<li><strong>Poids:<\/strong>\u00a016 kg.<\/li>\n<li><strong>Alimentation:<\/strong>\u00a012V.<\/li>\n<li>Compatible avec ZPower (non inclus).<\/li>\n<\/ul>\n<\/div>\n<h5><strong>T\u00e9l\u00e9chargez la nouvelle application Zycle d\u00e8s maintenant !<\/strong><\/h5>\n<div><\/div>\n<div>\n<ul>\n<li>La nouvelle application\u00a0<strong>ZYCLE\u00a0<\/strong>vous offre une exp\u00e9rience compl\u00e8te et personnalis\u00e9e.<\/li>\n<li>En vous immergeant dans vos s\u00e9ances d&#8217;entra\u00eenement, vous pourrez suivre et ajuster vos performances instantan\u00e9ment, pour vous assurer d&#8217;atteindre vos objectifs et de repousser vos limites.<\/li>\n<li>Pr\u00e9parez-vous \u00e0 franchir une nouvelle \u00e9tape dans vos entra\u00eenements de cyclisme en salle avec la nouvelle application\u00a0<strong>Zycle<\/strong>, le compagnon id\u00e9al de votre ZBIKE2.0 !<\/li>\n<li>De plus, \u00e0 la fin de chaque s\u00e9ance d&#8217;entra\u00eenement, l&#8217;application vous fournit un r\u00e9sum\u00e9 complet de toutes les donn\u00e9es pertinentes, ce qui vous permet d&#8217;analyser vos progr\u00e8s et de c\u00e9l\u00e9brer vos r\u00e9ussites.<\/li>\n<\/ul>\n<\/div>\n<div><\/div>\n<div><img fetchpriority=\"high\" decoding=\"async\" class=\"lazy-content img-fluid\" src=\"https:\/\/www.fitnessdigital.fr\/images\/productos\/detalles\/zycle\/zycle-new-007.jpg\" alt=\"\" width=\"415\" height=\"440\" \/><\/div>\n<\/div>","protected":false},"excerpt":{"rendered":"<div class=\"product attribute overview\">\n<div class=\"value\">\n<div class=\"elementor-widget elementor-element elementor-element-cenezrn elementor-widget-text-editor\" data-element_type=\"text-editor\">\n<div class=\"elementor-widget-container\">\n<div class=\"elementor-text-editor rte-content\"><strong>ZDrive MAX<\/strong>,\u00a0<strong>votre compagnon id\u00e9al pour chaque kilom\u00e8tre. ZDrive MAX<\/strong>\u00a0est le nouveau\u00a0<strong>ZYCLE\u00a0<\/strong>Wheel Off trainer. Son design a \u00e9t\u00e9 optimis\u00e9 pour vous aider \u00e0 tirer le meilleur parti de vos s\u00e9ances de cyclisme en salle et de tout type de v\u00e9lo de route, de VTT et de gravier gr\u00e2ce \u00e0 sa large compatibilit\u00e9 avec les roues de 26&#8242; \u00e0 29&#8242;.<\/div>\n<\/div>\n<\/div>\n<div class=\"elementor-widget elementor-element elementor-element-ki1x5cr elementor-widget-text-editor\" data-element_type=\"text-editor\">\n<div class=\"elementor-widget-container\">\n<div class=\"elementor-text-editor rte-content\"><a class=\"zReHs\" href=\"https:\/\/hemvelos.com\/produit\/velo-dinterieur-wahoo-fitness-kickr-bike-shift\/\" data-ved=\"2ahUKEwj2oNmc04KOAxXTUUEAHe9kDrYQFnoECB0QAQ\"><br \/>\n<\/a><\/p>\n<div class=\"notranslate ESMNde HGLrXd ojE3Fb\">\n<div class=\"q0vns\">\n<div class=\"eqA2re UnOTSe Vwoesf\" aria-hidden=\"true\"><\/div>\n<\/div>\n<\/div>\n<\/div>\n<\/div>\n<\/div>\n<\/div>\n<\/div>","protected":false},"featured_media":1440,"comment_status":"open","ping_status":"closed","template":"","meta":[],"product_brand":[62],"product_cat":[17,69,18,19],"product_tag":[71],"class_list":{"0":"post-1439","1":"product","2":"type-product","3":"status-publish","4":"has-post-thumbnail","6":"product_brand-zycle","7":"product_cat-bons-plans","8":"product_cat-hometrainers","9":"product_cat-promotions","10":"product_cat-training-fitness","11":"product_tag-hometrainers","13":"first","14":"instock","15":"shipping-taxable","16":"purchasable","17":"product-type-simple"},"yoast_head":"<!-- This site is optimized with the Yoast SEO plugin v27.6 - https:\/\/yoast.com\/product\/yoast-seo-wordpress\/ -->\n<title>Home Trainer Zycle Smart ZDrive MAX - Promotion - Vente d&#039;\u00c9lectrom\u00e9nager Neuf et Garanti \u00e0 Paris<\/title>\n<meta name=\"description\" content=\"Home Trainer Zycle Smart ZDrive MAX - Son design a \u00e9t\u00e9 optimis\u00e9 pour vous aider \u00e0 tirer le meilleur parti de vos s\u00e9ances de cyclisme en salle et de tout type de v\u00e9lo de route, de VTT et de gravier gr\u00e2ce \u00e0 sa large compatibilit\u00e9 avec les roues de 26&#039; \u00e0 29&#039;.\" \/>\n<meta name=\"robots\" content=\"index, follow, max-snippet:-1, max-image-preview:large, max-video-preview:-1\" \/>\n<link rel=\"canonical\" href=\"https:\/\/espacemenager2000.fr\/en\/product\/home-trainer-zycle-smart-zdrive-max\/\" \/>\n<meta property=\"og:locale\" content=\"en_US\" \/>\n<meta property=\"og:type\" content=\"article\" \/>\n<meta property=\"og:title\" content=\"Home Trainer Zycle Smart ZDrive MAX - Promotion - Vente d&#039;\u00c9lectrom\u00e9nager Neuf et Garanti \u00e0 Paris\" \/>\n<meta property=\"og:description\" content=\"Home Trainer Zycle Smart ZDrive MAX - Son design a \u00e9t\u00e9 optimis\u00e9 pour vous aider \u00e0 tirer le meilleur parti de vos s\u00e9ances de cyclisme en salle et de tout type de v\u00e9lo de route, de VTT et de gravier gr\u00e2ce \u00e0 sa large compatibilit\u00e9 avec les roues de 26&#039; \u00e0 29&#039;.\" \/>\n<meta property=\"og:url\" content=\"https:\/\/espacemenager2000.fr\/en\/product\/home-trainer-zycle-smart-zdrive-max\/\" \/>\n<meta property=\"og:site_name\" content=\"Vente d&#039;\u00c9lectrom\u00e9nager Neuf et Garanti \u00e0 Paris\" \/>\n<meta property=\"article:publisher\" content=\"https:\/\/www.facebook.com\/p\/Espace-menager-2000-100068469618146\/\" \/>\n<meta property=\"article:modified_time\" content=\"2026-05-10T20:42:36+00:00\" \/>\n<meta property=\"og:image\" content=\"https:\/\/espacemenager2000.fr\/wp-content\/uploads\/2026\/05\/zycle-smart-zdrive-max-home-trainer-b-1759987.jpg\" \/>\n\t<meta property=\"og:image:width\" content=\"1000\" \/>\n\t<meta property=\"og:image:height\" content=\"1000\" \/>\n\t<meta property=\"og:image:type\" content=\"image\/jpeg\" \/>\n<meta name=\"twitter:card\" content=\"summary_large_image\" \/>\n<meta name=\"twitter:label1\" content=\"Est. reading time\" \/>\n\t<meta name=\"twitter:data1\" content=\"6 minutes\" \/>\n<script type=\"application\/ld+json\" class=\"yoast-schema-graph\">{\"@context\":\"https:\\\/\\\/schema.org\",\"@graph\":[{\"@type\":\"WebPage\",\"@id\":\"https:\\\/\\\/espacemenager2000.fr\\\/produit\\\/home-trainer-zycle-smart-zdrive-max\\\/\",\"url\":\"https:\\\/\\\/espacemenager2000.fr\\\/produit\\\/home-trainer-zycle-smart-zdrive-max\\\/\",\"name\":\"Home Trainer Zycle Smart ZDrive MAX - Promotion - Vente d&#039;\u00c9lectrom\u00e9nager Neuf et Garanti \u00e0 Paris\",\"isPartOf\":{\"@id\":\"https:\\\/\\\/espacemenager2000.fr\\\/#website\"},\"primaryImageOfPage\":{\"@id\":\"https:\\\/\\\/espacemenager2000.fr\\\/produit\\\/home-trainer-zycle-smart-zdrive-max\\\/#primaryimage\"},\"image\":{\"@id\":\"https:\\\/\\\/espacemenager2000.fr\\\/produit\\\/home-trainer-zycle-smart-zdrive-max\\\/#primaryimage\"},\"thumbnailUrl\":\"https:\\\/\\\/espacemenager2000.fr\\\/wp-content\\\/uploads\\\/2026\\\/05\\\/zycle-smart-zdrive-max-home-trainer-b-1759987.jpg\",\"datePublished\":\"2025-12-22T16:17:17+00:00\",\"dateModified\":\"2026-05-10T20:42:36+00:00\",\"description\":\"Home Trainer Zycle Smart ZDrive MAX - Son design a \u00e9t\u00e9 optimis\u00e9 pour vous aider \u00e0 tirer le meilleur parti de vos s\u00e9ances de cyclisme en salle et de tout type de v\u00e9lo de route, de VTT et de gravier gr\u00e2ce \u00e0 sa large compatibilit\u00e9 avec les roues de 26' \u00e0 29'.\",\"breadcrumb\":{\"@id\":\"https:\\\/\\\/espacemenager2000.fr\\\/produit\\\/home-trainer-zycle-smart-zdrive-max\\\/#breadcrumb\"},\"inLanguage\":\"en-US\",\"potentialAction\":[{\"@type\":\"ReadAction\",\"target\":[\"https:\\\/\\\/espacemenager2000.fr\\\/produit\\\/home-trainer-zycle-smart-zdrive-max\\\/\"]}]},{\"@type\":\"ImageObject\",\"inLanguage\":\"en-US\",\"@id\":\"https:\\\/\\\/espacemenager2000.fr\\\/produit\\\/home-trainer-zycle-smart-zdrive-max\\\/#primaryimage\",\"url\":\"https:\\\/\\\/espacemenager2000.fr\\\/wp-content\\\/uploads\\\/2026\\\/05\\\/zycle-smart-zdrive-max-home-trainer-b-1759987.jpg\",\"contentUrl\":\"https:\\\/\\\/espacemenager2000.fr\\\/wp-content\\\/uploads\\\/2026\\\/05\\\/zycle-smart-zdrive-max-home-trainer-b-1759987.jpg\",\"width\":1000,\"height\":1000},{\"@type\":\"BreadcrumbList\",\"@id\":\"https:\\\/\\\/espacemenager2000.fr\\\/produit\\\/home-trainer-zycle-smart-zdrive-max\\\/#breadcrumb\",\"itemListElement\":[{\"@type\":\"ListItem\",\"position\":1,\"name\":\"Accueil\",\"item\":\"https:\\\/\\\/espacemenager2000.fr\\\/\"},{\"@type\":\"ListItem\",\"position\":2,\"name\":\"Boutique\",\"item\":\"https:\\\/\\\/espacemenager2000.fr\\\/boutique\\\/\"},{\"@type\":\"ListItem\",\"position\":3,\"name\":\"Home Trainer Zycle Smart ZDrive MAX\"}]},{\"@type\":\"WebSite\",\"@id\":\"https:\\\/\\\/espacemenager2000.fr\\\/#website\",\"url\":\"https:\\\/\\\/espacemenager2000.fr\\\/\",\"name\":\"Espace Menager 2000\",\"description\":\"Expert en \u00e9lectrom\u00e9nager depuis 2001, Espace M\u00e9nager 2000 vous propose une large gamme de produits : lave-linge, r\u00e9frig\u00e9rateurs, \u00e9lectronique et fitness. Profitez de notre savoir-faire en vente, r\u00e9paration et d\u00e9pannage. Livraison rapide dans toute la zone Euro. Qualit\u00e9 et service garantis.\",\"publisher\":{\"@id\":\"https:\\\/\\\/espacemenager2000.fr\\\/#organization\"},\"potentialAction\":[{\"@type\":\"SearchAction\",\"target\":{\"@type\":\"EntryPoint\",\"urlTemplate\":\"https:\\\/\\\/espacemenager2000.fr\\\/?s={search_term_string}\"},\"query-input\":{\"@type\":\"PropertyValueSpecification\",\"valueRequired\":true,\"valueName\":\"search_term_string\"}}],\"inLanguage\":\"en-US\"},{\"@type\":\"Organization\",\"@id\":\"https:\\\/\\\/espacemenager2000.fr\\\/#organization\",\"name\":\"Espace Menager 2000\",\"url\":\"https:\\\/\\\/espacemenager2000.fr\\\/\",\"logo\":{\"@type\":\"ImageObject\",\"inLanguage\":\"en-US\",\"@id\":\"https:\\\/\\\/espacemenager2000.fr\\\/#\\\/schema\\\/logo\\\/image\\\/\",\"url\":\"https:\\\/\\\/espacemenager2000.fr\\\/wp-content\\\/uploads\\\/2026\\\/05\\\/Fav-Em2000.png\",\"contentUrl\":\"https:\\\/\\\/espacemenager2000.fr\\\/wp-content\\\/uploads\\\/2026\\\/05\\\/Fav-Em2000.png\",\"width\":369,\"height\":369,\"caption\":\"Espace Menager 2000\"},\"image\":{\"@id\":\"https:\\\/\\\/espacemenager2000.fr\\\/#\\\/schema\\\/logo\\\/image\\\/\"},\"sameAs\":[\"https:\\\/\\\/www.facebook.com\\\/p\\\/Espace-menager-2000-100068469618146\\\/\"]}]}<\/script>\n<!-- \/ Yoast SEO plugin. -->","yoast_head_json":{"title":"Home Trainer Zycle Smart ZDrive MAX - Promotion - Vente d&#039;\u00c9lectrom\u00e9nager Neuf et Garanti \u00e0 Paris","description":"Home Trainer Zycle Smart ZDrive MAX - Son design a \u00e9t\u00e9 optimis\u00e9 pour vous aider \u00e0 tirer le meilleur parti de vos s\u00e9ances de cyclisme en salle et de tout type de v\u00e9lo de route, de VTT et de gravier gr\u00e2ce \u00e0 sa large compatibilit\u00e9 avec les roues de 26' \u00e0 29'.","robots":{"index":"index","follow":"follow","max-snippet":"max-snippet:-1","max-image-preview":"max-image-preview:large","max-video-preview":"max-video-preview:-1"},"canonical":"https:\/\/espacemenager2000.fr\/en\/product\/home-trainer-zycle-smart-zdrive-max\/","og_locale":"en_US","og_type":"article","og_title":"Home Trainer Zycle Smart ZDrive MAX - Promotion - Vente d&#039;\u00c9lectrom\u00e9nager Neuf et Garanti \u00e0 Paris","og_description":"Home Trainer Zycle Smart ZDrive MAX - Son design a \u00e9t\u00e9 optimis\u00e9 pour vous aider \u00e0 tirer le meilleur parti de vos s\u00e9ances de cyclisme en salle et de tout type de v\u00e9lo de route, de VTT et de gravier gr\u00e2ce \u00e0 sa large compatibilit\u00e9 avec les roues de 26' \u00e0 29'.","og_url":"https:\/\/espacemenager2000.fr\/en\/product\/home-trainer-zycle-smart-zdrive-max\/","og_site_name":"Vente d&#039;\u00c9lectrom\u00e9nager Neuf et Garanti \u00e0 Paris","article_publisher":"https:\/\/www.facebook.com\/p\/Espace-menager-2000-100068469618146\/","article_modified_time":"2026-05-10T20:42:36+00:00","og_image":[{"width":1000,"height":1000,"url":"https:\/\/espacemenager2000.fr\/wp-content\/uploads\/2026\/05\/zycle-smart-zdrive-max-home-trainer-b-1759987.jpg","type":"image\/jpeg"}],"twitter_card":"summary_large_image","twitter_misc":{"Est. reading time":"6 minutes"},"schema":{"@context":"https:\/\/schema.org","@graph":[{"@type":"WebPage","@id":"https:\/\/espacemenager2000.fr\/produit\/home-trainer-zycle-smart-zdrive-max\/","url":"https:\/\/espacemenager2000.fr\/produit\/home-trainer-zycle-smart-zdrive-max\/","name":"Home Trainer Zycle Smart ZDrive MAX - Promotion - Vente d&#039;\u00c9lectrom\u00e9nager Neuf et Garanti \u00e0 Paris","isPartOf":{"@id":"https:\/\/espacemenager2000.fr\/#website"},"primaryImageOfPage":{"@id":"https:\/\/espacemenager2000.fr\/produit\/home-trainer-zycle-smart-zdrive-max\/#primaryimage"},"image":{"@id":"https:\/\/espacemenager2000.fr\/produit\/home-trainer-zycle-smart-zdrive-max\/#primaryimage"},"thumbnailUrl":"https:\/\/espacemenager2000.fr\/wp-content\/uploads\/2026\/05\/zycle-smart-zdrive-max-home-trainer-b-1759987.jpg","datePublished":"2025-12-22T16:17:17+00:00","dateModified":"2026-05-10T20:42:36+00:00","description":"Home Trainer Zycle Smart ZDrive MAX - Son design a \u00e9t\u00e9 optimis\u00e9 pour vous aider \u00e0 tirer le meilleur parti de vos s\u00e9ances de cyclisme en salle et de tout type de v\u00e9lo de route, de VTT et de gravier gr\u00e2ce \u00e0 sa large compatibilit\u00e9 avec les roues de 26' \u00e0 29'.","breadcrumb":{"@id":"https:\/\/espacemenager2000.fr\/produit\/home-trainer-zycle-smart-zdrive-max\/#breadcrumb"},"inLanguage":"en-US","potentialAction":[{"@type":"ReadAction","target":["https:\/\/espacemenager2000.fr\/produit\/home-trainer-zycle-smart-zdrive-max\/"]}]},{"@type":"ImageObject","inLanguage":"en-US","@id":"https:\/\/espacemenager2000.fr\/produit\/home-trainer-zycle-smart-zdrive-max\/#primaryimage","url":"https:\/\/espacemenager2000.fr\/wp-content\/uploads\/2026\/05\/zycle-smart-zdrive-max-home-trainer-b-1759987.jpg","contentUrl":"https:\/\/espacemenager2000.fr\/wp-content\/uploads\/2026\/05\/zycle-smart-zdrive-max-home-trainer-b-1759987.jpg","width":1000,"height":1000},{"@type":"BreadcrumbList","@id":"https:\/\/espacemenager2000.fr\/produit\/home-trainer-zycle-smart-zdrive-max\/#breadcrumb","itemListElement":[{"@type":"ListItem","position":1,"name":"Accueil","item":"https:\/\/espacemenager2000.fr\/"},{"@type":"ListItem","position":2,"name":"Boutique","item":"https:\/\/espacemenager2000.fr\/boutique\/"},{"@type":"ListItem","position":3,"name":"Home Trainer Zycle Smart ZDrive MAX"}]},{"@type":"WebSite","@id":"https:\/\/espacemenager2000.fr\/#website","url":"https:\/\/espacemenager2000.fr\/","name":"Espace Menager 2000","description":"Expert en \u00e9lectrom\u00e9nager depuis 2001, Espace M\u00e9nager 2000 vous propose une large gamme de produits : lave-linge, r\u00e9frig\u00e9rateurs, \u00e9lectronique et fitness. Profitez de notre savoir-faire en vente, r\u00e9paration et d\u00e9pannage. Livraison rapide dans toute la zone Euro. Qualit\u00e9 et service garantis.","publisher":{"@id":"https:\/\/espacemenager2000.fr\/#organization"},"potentialAction":[{"@type":"SearchAction","target":{"@type":"EntryPoint","urlTemplate":"https:\/\/espacemenager2000.fr\/?s={search_term_string}"},"query-input":{"@type":"PropertyValueSpecification","valueRequired":true,"valueName":"search_term_string"}}],"inLanguage":"en-US"},{"@type":"Organization","@id":"https:\/\/espacemenager2000.fr\/#organization","name":"Espace Menager 2000","url":"https:\/\/espacemenager2000.fr\/","logo":{"@type":"ImageObject","inLanguage":"en-US","@id":"https:\/\/espacemenager2000.fr\/#\/schema\/logo\/image\/","url":"https:\/\/espacemenager2000.fr\/wp-content\/uploads\/2026\/05\/Fav-Em2000.png","contentUrl":"https:\/\/espacemenager2000.fr\/wp-content\/uploads\/2026\/05\/Fav-Em2000.png","width":369,"height":369,"caption":"Espace Menager 2000"},"image":{"@id":"https:\/\/espacemenager2000.fr\/#\/schema\/logo\/image\/"},"sameAs":["https:\/\/www.facebook.com\/p\/Espace-menager-2000-100068469618146\/"]}]}},"_links":{"self":[{"href":"https:\/\/espacemenager2000.fr\/en\/wp-json\/wp\/v2\/product\/1439","targetHints":{"allow":["GET"]}}],"collection":[{"href":"https:\/\/espacemenager2000.fr\/en\/wp-json\/wp\/v2\/product"}],"about":[{"href":"https:\/\/espacemenager2000.fr\/en\/wp-json\/wp\/v2\/types\/product"}],"replies":[{"embeddable":true,"href":"https:\/\/espacemenager2000.fr\/en\/wp-json\/wp\/v2\/comments?post=1439"}],"wp:featuredmedia":[{"embeddable":true,"href":"https:\/\/espacemenager2000.fr\/en\/wp-json\/wp\/v2\/media\/1440"}],"wp:attachment":[{"href":"https:\/\/espacemenager2000.fr\/en\/wp-json\/wp\/v2\/media?parent=1439"}],"wp:term":[{"taxonomy":"product_brand","embeddable":true,"href":"https:\/\/espacemenager2000.fr\/en\/wp-json\/wp\/v2\/product_brand?post=1439"},{"taxonomy":"product_cat","embeddable":true,"href":"https:\/\/espacemenager2000.fr\/en\/wp-json\/wp\/v2\/product_cat?post=1439"},{"taxonomy":"product_tag","embeddable":true,"href":"https:\/\/espacemenager2000.fr\/en\/wp-json\/wp\/v2\/product_tag?post=1439"}],"curies":[{"name":"wp","href":"https:\/\/api.w.org\/{rel}","templated":true}]}}