{"id":1428,"date":"2025-12-22T16:17:16","date_gmt":"2025-12-22T16:17:16","guid":{"rendered":"https:\/\/espacemenager2000.fr\/?post_type=product&#038;p=1428"},"modified":"2026-05-14T00:21:04","modified_gmt":"2026-05-14T00:21:04","slug":"rouleau-dentrainement-tacx-boost","status":"publish","type":"product","link":"https:\/\/espacemenager2000.fr\/en\/product\/rouleau-dentrainement-tacx-boost\/","title":{"rendered":"Rouleau d&#8217;entra\u00eenement Tacx Boost"},"content":{"rendered":"<h2>Rouleau d&#8217;entra\u00eenement Tacx Boost<\/h2>\n<p>Le nouveau TACX Boost ou Rouleau d&#8217;entra\u00eenement Tacx Boost est le plus performant et le plus silencieux des trainers de base et peut g\u00e9n\u00e9rer une r\u00e9sistance \u00e9lev\u00e9e \u00e0 vitesses r\u00e9duites. Ce mod\u00e8le de base d&#8217;entrainement magn\u00e9tique est parfaitement adapt\u00e9 \u00e0 l\u2019entra\u00eenement en puissance.<\/p>\n<h2>Caract\u00e9ristiques Rouleau d&#8217;entra\u00eenement Tacx Boost<\/h2>\n<div class=\"contenido\">\n<div><\/div>\n<div><strong>Le Tacx Boost ANT+ trainer est simple, \u00e9conomique et silencieux. Vous pouvez d\u00e9sormais vous entra\u00eener toute l&#8217;ann\u00e9e<br \/>\n<\/strong><\/div>\n<div><\/div>\n<div>\n<p><img decoding=\"async\" class=\"lazy-content img-fluid\" src=\"https:\/\/www.fitnessdigital.fr\/images\/productos\/detalles\/garmin\/tacx-boost-prin-1.jpg\" alt=\"tacx-boost-01\" \/><\/p>\n<\/div>\n<div>\n<ul>\n<li>Augmentez la difficult\u00e9. Contr\u00f4lez manuellement la r\u00e9sistance avec 10 niveaux et jusqu&#8217;\u00e0 1050 watts.<\/li>\n<li>S&#8217;entra\u00eener sans r\u00e9veiller toute la famille.<\/li>\n<li>Incroyablement facile \u00e0 installer. Juste quelques op\u00e9rations simples. Sans blague.<\/li>\n<li>Appr\u00e9ciez la sensation de cyclisme r\u00e9aliste d&#8217;un v\u00e9ritable volant d&#8217;inertie.<\/li>\n<li>Le support de roue avant inclus permet de transporter et de ranger facilement le\u00a0<strong>trainer<\/strong>.<\/li>\n<\/ul>\n<div><\/div>\n<div><\/div>\n<div><\/div>\n<div>\n<p><img decoding=\"async\" class=\"lazy-content img-fluid\" src=\"https:\/\/www.fitnessdigital.fr\/images\/productos\/detalles\/garmin\/tacx-boost-01.jpg\" alt=\"tacx-boost-01\" \/><\/p>\n<\/div>\n<div>\n<div><strong>Une mise en place facile signifie plus de temps pour la formation<\/strong><\/div>\n<div><\/div>\n<div><strong>Facile \u00e0 installer<\/strong><\/div>\n<div>Il suffit de quelques op\u00e9rations simples et vous \u00eates pr\u00eat \u00e0 p\u00e9daler.<\/div>\n<div><\/div>\n<div><strong>Petit mais stable<\/strong><\/div>\n<div>Bien que cet entra\u00eeneur ANT+ prenne tr\u00e8s peu de place (675 x 650 mm), il est incroyablement solide.<\/div>\n<div><\/div>\n<div><strong>Facile \u00e0 stocker<\/strong><\/div>\n<div>\n<p>Le support multifonctionnel de la roue avant assure non seulement une position naturelle sur le v\u00e9lo, mais peut \u00e9galement \u00eatre utilis\u00e9 comme poign\u00e9e pour transporter le\u00a0<strong>trainer<\/strong>.<\/p>\n<\/div>\n<div><\/div>\n<div>\n<p><img decoding=\"async\" class=\"lazy-content img-fluid\" src=\"https:\/\/www.fitnessdigital.fr\/images\/productos\/detalles\/garmin\/tacx-boost-04.jpg\" alt=\"tacx-boost-01\" \/><\/p>\n<\/div>\n<div>\n<div><strong>Tirez le meilleur parti de chaque session.<\/strong><\/div>\n<div><\/div>\n<div><strong>Frein magn\u00e9tique<\/strong><\/div>\n<div>Gr\u00e2ce au puissant frein magn\u00e9tique, qui permet d&#8217;augmenter et de diminuer directement la r\u00e9sistance, il n&#8217;est pas n\u00e9cessaire d&#8217;utiliser une alimentation externe.<\/div>\n<div><\/div>\n<div><strong>Contr\u00f4le de la r\u00e9sistance<\/strong><\/div>\n<div>Gr\u00e2ce \u00e0 un simple levier sur le guidon, vous pouvez contr\u00f4ler la r\u00e9sistance sur 10 niveaux et jusqu&#8217;\u00e0 1050 watts.<\/div>\n<div><\/div>\n<div><strong>Une sensation de cyclisme r\u00e9aliste<\/strong><\/div>\n<div>Un v\u00e9ritable volant d&#8217;inertie g\u00e9n\u00e8re une sensation r\u00e9aliste et douce \u00e0 chaque coup de p\u00e9dale.<\/div>\n<div><\/div>\n<div><strong>Doux et silencieux<\/strong><\/div>\n<div>L&#8217;unit\u00e9 de r\u00e9sistance ferm\u00e9e r\u00e9duit le bruit, ce qui am\u00e9liore la s\u00e9ance de cyclisme.<\/div>\n<div><\/div>\n<div><strong>Distance et vitesse<\/strong><\/div>\n<div>Ajoutez un capteur de vitesse (vendu s\u00e9par\u00e9ment) pour surveiller la distance et la vitesse pour les s\u00e9ances de v\u00e9lo en int\u00e9rieur et utilisez certaines de vos applications d&#8217;entra\u00eenement pr\u00e9f\u00e9r\u00e9es.<\/div>\n<div><\/div>\n<div><\/div>\n<div>\n<p><strong>Sp\u00e9cifications<\/strong><\/p>\n<p>&nbsp;<\/p>\n<\/div>\n<div><strong>G\u00e9n\u00e9ral<br \/>\n<\/strong><\/div>\n<ul>\n<li><strong>Dimensions de l&#8217;unit\u00e9:<\/strong>\u00a0(LxHxP) 675 x 650 mm (26,6&#8243; x 25,6&#8243;)<\/li>\n<li><strong>Dimensions une fois pli\u00e9:<\/strong>\u00a0565 x 410 x 245 mm (22,2&#8243; x 16,1&#8243; x 9,7&#8243;)<\/li>\n<li><strong>Poids<\/strong>: 8,5 kg (18,8 lbs)<\/li>\n<li><strong>Hauteur<\/strong>: 410 mm (16.1&#8243;)<\/li>\n<\/ul>\n<div><\/div>\n<div>\n<p><strong>Connectivit\u00e9<\/strong><\/p>\n<p>&nbsp;<\/p>\n<\/div>\n<ul>\n<li><strong>M\u00e9thode de contr\u00f4le:<\/strong>\u00a0Levier de r\u00e9sistance \u00e0 10 positions sur le guidon<\/li>\n<\/ul>\n<div><\/div>\n<div>\n<p><strong>Fonctions d&#8217;entra\u00eenement en salle<\/strong><\/p>\n<p>&nbsp;<\/p>\n<\/div>\n<ul>\n<li><strong>Aimants<\/strong>: 2 x 8 aimants permanents en ferrite<\/li>\n<li><strong>Rouleau de transmission:<\/strong>\u00a030 mm<\/li>\n<li>Exigences \u00e9lectriques aucune alimentation \u00e9lectrique requise<\/li>\n<li><strong>Axes compatibles:<\/strong>\u00a0Largeur de la fourche arri\u00e8re: 130 mm sur les v\u00e9los de route et 135 mm sur les v\u00e9los de montagne. Des adaptateurs sont disponibles pour d&#8217;autres largeurs.<\/li>\n<li><strong>Couple maximal:<\/strong>\u00a017 nm<\/li>\n<li><strong>Force de freinage maximale:<\/strong>\u00a050 n<\/li>\n<li><strong>Masse du volant d&#8217;inertie:<\/strong>\u00a01,6 kg (3,5 lb)<\/li>\n<li><strong>Inertie de masse:<\/strong>\u00a09,2 kg (20,2 lb)<\/li>\n<\/ul>\n<div><\/div>\n<div><\/div>\n<div><strong>Dans la bo\u00eete<\/strong><\/div>\n<div><\/div>\n<ul>\n<li><strong>Home Trainer Tacx Boost<\/strong><\/li>\n<li>Montage de la roue avant<\/li>\n<li>Fixation rapide pour les v\u00e9los de route et de montagne (5 mm)<\/li>\n<\/ul>\n<\/div>\n<\/div>\n<\/div>\n<\/div>","protected":false},"excerpt":{"rendered":"<div class=\"product attribute overview\">\n<div class=\"value\">\n<div class=\"elementor-widget elementor-element elementor-element-cenezrn elementor-widget-text-editor\" data-element_type=\"text-editor\">\n<div class=\"elementor-widget-container\">\n<div class=\"elementor-text-editor rte-content\">\n<p>Le nouveau TACX Boost est le plus performant et le plus silencieux des trainers de base et peut g\u00e9n\u00e9rer une r\u00e9sistance \u00e9lev\u00e9e \u00e0 vitesses r\u00e9duites. Ce mod\u00e8le de base d&#8217;entrainement magn\u00e9tique est parfaitement adapt\u00e9 \u00e0 l\u2019entra\u00eenement en puissance.<\/p>\n<\/div>\n<\/div>\n<\/div>\n<div class=\"elementor-widget elementor-element elementor-element-ki1x5cr elementor-widget-text-editor\" data-element_type=\"text-editor\">\n<div class=\"elementor-widget-container\">\n<div class=\"elementor-text-editor rte-content\"><a class=\"zReHs\" href=\"https:\/\/hemvelos.com\/produit\/velo-dinterieur-wahoo-fitness-kickr-bike-shift\/\" data-ved=\"2ahUKEwj2oNmc04KOAxXTUUEAHe9kDrYQFnoECB0QAQ\"><br \/>\n<\/a><\/p>\n<div class=\"notranslate ESMNde HGLrXd ojE3Fb\">\n<div class=\"q0vns\">\n<div class=\"eqA2re UnOTSe Vwoesf\" aria-hidden=\"true\"><\/div>\n<\/div>\n<\/div>\n<\/div>\n<\/div>\n<\/div>\n<\/div>\n<\/div>","protected":false},"featured_media":1429,"comment_status":"open","ping_status":"closed","template":"","meta":[],"product_brand":[68],"product_cat":[17,69,18,19],"product_tag":[61,47],"class_list":{"0":"post-1428","1":"product","2":"type-product","3":"status-publish","4":"has-post-thumbnail","6":"product_brand-tacx","7":"product_cat-bons-plans","8":"product_cat-hometrainers","9":"product_cat-promotions","10":"product_cat-training-fitness","11":"product_tag-smart-bikes","12":"product_tag-velo-dappartement","14":"first","15":"instock","16":"featured","17":"shipping-taxable","18":"purchasable","19":"product-type-simple"},"yoast_head":"<!-- This site is optimized with the Yoast SEO plugin v27.6 - https:\/\/yoast.com\/product\/yoast-seo-wordpress\/ -->\n<title>Rouleau d&#039;entra\u00eenement Tacx Boost - Promotion - Vente d&#039;\u00c9lectrom\u00e9nager Neuf et Garanti \u00e0 Paris<\/title>\n<meta name=\"description\" content=\"Rouleau d&#039;entra\u00eenement Tacx Boost - le plus performant et le plus silencieux des trainers de base et peut g\u00e9n\u00e9rer une r\u00e9sistance \u00e9lev\u00e9e \u00e0 vitesses r\u00e9duites\" \/>\n<meta name=\"robots\" content=\"index, follow, max-snippet:-1, max-image-preview:large, max-video-preview:-1\" \/>\n<link rel=\"canonical\" href=\"https:\/\/espacemenager2000.fr\/en\/product\/rouleau-dentrainement-tacx-boost\/\" \/>\n<meta property=\"og:locale\" content=\"en_US\" \/>\n<meta property=\"og:type\" content=\"article\" \/>\n<meta property=\"og:title\" content=\"Rouleau d&#039;entra\u00eenement Tacx Boost - Promotion - Vente d&#039;\u00c9lectrom\u00e9nager Neuf et Garanti \u00e0 Paris\" \/>\n<meta property=\"og:description\" content=\"Rouleau d&#039;entra\u00eenement Tacx Boost - le plus performant et le plus silencieux des trainers de base et peut g\u00e9n\u00e9rer une r\u00e9sistance \u00e9lev\u00e9e \u00e0 vitesses r\u00e9duites\" \/>\n<meta property=\"og:url\" content=\"https:\/\/espacemenager2000.fr\/en\/product\/rouleau-dentrainement-tacx-boost\/\" \/>\n<meta property=\"og:site_name\" content=\"Vente d&#039;\u00c9lectrom\u00e9nager Neuf et Garanti \u00e0 Paris\" \/>\n<meta property=\"article:publisher\" content=\"https:\/\/www.facebook.com\/p\/Espace-menager-2000-100068469618146\/\" \/>\n<meta property=\"article:modified_time\" content=\"2026-05-14T00:21:04+00:00\" \/>\n<meta property=\"og:image\" content=\"https:\/\/espacemenager2000.fr\/wp-content\/uploads\/2026\/05\/tacx-boost-bundlecycletrainer-speedsensor-914837.jpg\" \/>\n\t<meta property=\"og:image:width\" content=\"1440\" \/>\n\t<meta property=\"og:image:height\" content=\"1440\" \/>\n\t<meta property=\"og:image:type\" content=\"image\/jpeg\" \/>\n<meta name=\"twitter:card\" content=\"summary_large_image\" \/>\n<meta name=\"twitter:label1\" content=\"Est. reading time\" \/>\n\t<meta name=\"twitter:data1\" content=\"4 minutes\" \/>\n<script type=\"application\/ld+json\" class=\"yoast-schema-graph\">{\"@context\":\"https:\\\/\\\/schema.org\",\"@graph\":[{\"@type\":\"WebPage\",\"@id\":\"https:\\\/\\\/espacemenager2000.fr\\\/produit\\\/rouleau-dentrainement-tacx-boost\\\/\",\"url\":\"https:\\\/\\\/espacemenager2000.fr\\\/produit\\\/rouleau-dentrainement-tacx-boost\\\/\",\"name\":\"Rouleau d'entra\u00eenement Tacx Boost - Promotion - Vente d&#039;\u00c9lectrom\u00e9nager Neuf et Garanti \u00e0 Paris\",\"isPartOf\":{\"@id\":\"https:\\\/\\\/espacemenager2000.fr\\\/#website\"},\"primaryImageOfPage\":{\"@id\":\"https:\\\/\\\/espacemenager2000.fr\\\/produit\\\/rouleau-dentrainement-tacx-boost\\\/#primaryimage\"},\"image\":{\"@id\":\"https:\\\/\\\/espacemenager2000.fr\\\/produit\\\/rouleau-dentrainement-tacx-boost\\\/#primaryimage\"},\"thumbnailUrl\":\"https:\\\/\\\/espacemenager2000.fr\\\/wp-content\\\/uploads\\\/2026\\\/05\\\/tacx-boost-bundlecycletrainer-speedsensor-914837.jpg\",\"datePublished\":\"2025-12-22T16:17:16+00:00\",\"dateModified\":\"2026-05-14T00:21:04+00:00\",\"description\":\"Rouleau d'entra\u00eenement Tacx Boost - le plus performant et le plus silencieux des trainers de base et peut g\u00e9n\u00e9rer une r\u00e9sistance \u00e9lev\u00e9e \u00e0 vitesses r\u00e9duites\",\"breadcrumb\":{\"@id\":\"https:\\\/\\\/espacemenager2000.fr\\\/produit\\\/rouleau-dentrainement-tacx-boost\\\/#breadcrumb\"},\"inLanguage\":\"en-US\",\"potentialAction\":[{\"@type\":\"ReadAction\",\"target\":[\"https:\\\/\\\/espacemenager2000.fr\\\/produit\\\/rouleau-dentrainement-tacx-boost\\\/\"]}]},{\"@type\":\"ImageObject\",\"inLanguage\":\"en-US\",\"@id\":\"https:\\\/\\\/espacemenager2000.fr\\\/produit\\\/rouleau-dentrainement-tacx-boost\\\/#primaryimage\",\"url\":\"https:\\\/\\\/espacemenager2000.fr\\\/wp-content\\\/uploads\\\/2026\\\/05\\\/tacx-boost-bundlecycletrainer-speedsensor-914837.jpg\",\"contentUrl\":\"https:\\\/\\\/espacemenager2000.fr\\\/wp-content\\\/uploads\\\/2026\\\/05\\\/tacx-boost-bundlecycletrainer-speedsensor-914837.jpg\",\"width\":1440,\"height\":1440},{\"@type\":\"BreadcrumbList\",\"@id\":\"https:\\\/\\\/espacemenager2000.fr\\\/produit\\\/rouleau-dentrainement-tacx-boost\\\/#breadcrumb\",\"itemListElement\":[{\"@type\":\"ListItem\",\"position\":1,\"name\":\"Accueil\",\"item\":\"https:\\\/\\\/espacemenager2000.fr\\\/\"},{\"@type\":\"ListItem\",\"position\":2,\"name\":\"Boutique\",\"item\":\"https:\\\/\\\/espacemenager2000.fr\\\/boutique\\\/\"},{\"@type\":\"ListItem\",\"position\":3,\"name\":\"Rouleau d&#8217;entra\u00eenement Tacx Boost\"}]},{\"@type\":\"WebSite\",\"@id\":\"https:\\\/\\\/espacemenager2000.fr\\\/#website\",\"url\":\"https:\\\/\\\/espacemenager2000.fr\\\/\",\"name\":\"Espace Menager 2000\",\"description\":\"Expert en \u00e9lectrom\u00e9nager depuis 2001, Espace M\u00e9nager 2000 vous propose une large gamme de produits : lave-linge, r\u00e9frig\u00e9rateurs, \u00e9lectronique et fitness. Profitez de notre savoir-faire en vente, r\u00e9paration et d\u00e9pannage. Livraison rapide dans toute la zone Euro. Qualit\u00e9 et service garantis.\",\"publisher\":{\"@id\":\"https:\\\/\\\/espacemenager2000.fr\\\/#organization\"},\"potentialAction\":[{\"@type\":\"SearchAction\",\"target\":{\"@type\":\"EntryPoint\",\"urlTemplate\":\"https:\\\/\\\/espacemenager2000.fr\\\/?s={search_term_string}\"},\"query-input\":{\"@type\":\"PropertyValueSpecification\",\"valueRequired\":true,\"valueName\":\"search_term_string\"}}],\"inLanguage\":\"en-US\"},{\"@type\":\"Organization\",\"@id\":\"https:\\\/\\\/espacemenager2000.fr\\\/#organization\",\"name\":\"Espace Menager 2000\",\"url\":\"https:\\\/\\\/espacemenager2000.fr\\\/\",\"logo\":{\"@type\":\"ImageObject\",\"inLanguage\":\"en-US\",\"@id\":\"https:\\\/\\\/espacemenager2000.fr\\\/#\\\/schema\\\/logo\\\/image\\\/\",\"url\":\"https:\\\/\\\/espacemenager2000.fr\\\/wp-content\\\/uploads\\\/2026\\\/05\\\/Fav-Em2000.png\",\"contentUrl\":\"https:\\\/\\\/espacemenager2000.fr\\\/wp-content\\\/uploads\\\/2026\\\/05\\\/Fav-Em2000.png\",\"width\":369,\"height\":369,\"caption\":\"Espace Menager 2000\"},\"image\":{\"@id\":\"https:\\\/\\\/espacemenager2000.fr\\\/#\\\/schema\\\/logo\\\/image\\\/\"},\"sameAs\":[\"https:\\\/\\\/www.facebook.com\\\/p\\\/Espace-menager-2000-100068469618146\\\/\"]}]}<\/script>\n<!-- \/ Yoast SEO plugin. -->","yoast_head_json":{"title":"Rouleau d'entra\u00eenement Tacx Boost - Promotion - Vente d&#039;\u00c9lectrom\u00e9nager Neuf et Garanti \u00e0 Paris","description":"Rouleau d'entra\u00eenement Tacx Boost - le plus performant et le plus silencieux des trainers de base et peut g\u00e9n\u00e9rer une r\u00e9sistance \u00e9lev\u00e9e \u00e0 vitesses r\u00e9duites","robots":{"index":"index","follow":"follow","max-snippet":"max-snippet:-1","max-image-preview":"max-image-preview:large","max-video-preview":"max-video-preview:-1"},"canonical":"https:\/\/espacemenager2000.fr\/en\/product\/rouleau-dentrainement-tacx-boost\/","og_locale":"en_US","og_type":"article","og_title":"Rouleau d'entra\u00eenement Tacx Boost - Promotion - Vente d&#039;\u00c9lectrom\u00e9nager Neuf et Garanti \u00e0 Paris","og_description":"Rouleau d'entra\u00eenement Tacx Boost - le plus performant et le plus silencieux des trainers de base et peut g\u00e9n\u00e9rer une r\u00e9sistance \u00e9lev\u00e9e \u00e0 vitesses r\u00e9duites","og_url":"https:\/\/espacemenager2000.fr\/en\/product\/rouleau-dentrainement-tacx-boost\/","og_site_name":"Vente d&#039;\u00c9lectrom\u00e9nager Neuf et Garanti \u00e0 Paris","article_publisher":"https:\/\/www.facebook.com\/p\/Espace-menager-2000-100068469618146\/","article_modified_time":"2026-05-14T00:21:04+00:00","og_image":[{"width":1440,"height":1440,"url":"https:\/\/espacemenager2000.fr\/wp-content\/uploads\/2026\/05\/tacx-boost-bundlecycletrainer-speedsensor-914837.jpg","type":"image\/jpeg"}],"twitter_card":"summary_large_image","twitter_misc":{"Est. reading time":"4 minutes"},"schema":{"@context":"https:\/\/schema.org","@graph":[{"@type":"WebPage","@id":"https:\/\/espacemenager2000.fr\/produit\/rouleau-dentrainement-tacx-boost\/","url":"https:\/\/espacemenager2000.fr\/produit\/rouleau-dentrainement-tacx-boost\/","name":"Rouleau d'entra\u00eenement Tacx Boost - Promotion - Vente d&#039;\u00c9lectrom\u00e9nager Neuf et Garanti \u00e0 Paris","isPartOf":{"@id":"https:\/\/espacemenager2000.fr\/#website"},"primaryImageOfPage":{"@id":"https:\/\/espacemenager2000.fr\/produit\/rouleau-dentrainement-tacx-boost\/#primaryimage"},"image":{"@id":"https:\/\/espacemenager2000.fr\/produit\/rouleau-dentrainement-tacx-boost\/#primaryimage"},"thumbnailUrl":"https:\/\/espacemenager2000.fr\/wp-content\/uploads\/2026\/05\/tacx-boost-bundlecycletrainer-speedsensor-914837.jpg","datePublished":"2025-12-22T16:17:16+00:00","dateModified":"2026-05-14T00:21:04+00:00","description":"Rouleau d'entra\u00eenement Tacx Boost - le plus performant et le plus silencieux des trainers de base et peut g\u00e9n\u00e9rer une r\u00e9sistance \u00e9lev\u00e9e \u00e0 vitesses r\u00e9duites","breadcrumb":{"@id":"https:\/\/espacemenager2000.fr\/produit\/rouleau-dentrainement-tacx-boost\/#breadcrumb"},"inLanguage":"en-US","potentialAction":[{"@type":"ReadAction","target":["https:\/\/espacemenager2000.fr\/produit\/rouleau-dentrainement-tacx-boost\/"]}]},{"@type":"ImageObject","inLanguage":"en-US","@id":"https:\/\/espacemenager2000.fr\/produit\/rouleau-dentrainement-tacx-boost\/#primaryimage","url":"https:\/\/espacemenager2000.fr\/wp-content\/uploads\/2026\/05\/tacx-boost-bundlecycletrainer-speedsensor-914837.jpg","contentUrl":"https:\/\/espacemenager2000.fr\/wp-content\/uploads\/2026\/05\/tacx-boost-bundlecycletrainer-speedsensor-914837.jpg","width":1440,"height":1440},{"@type":"BreadcrumbList","@id":"https:\/\/espacemenager2000.fr\/produit\/rouleau-dentrainement-tacx-boost\/#breadcrumb","itemListElement":[{"@type":"ListItem","position":1,"name":"Accueil","item":"https:\/\/espacemenager2000.fr\/"},{"@type":"ListItem","position":2,"name":"Boutique","item":"https:\/\/espacemenager2000.fr\/boutique\/"},{"@type":"ListItem","position":3,"name":"Rouleau d&#8217;entra\u00eenement Tacx Boost"}]},{"@type":"WebSite","@id":"https:\/\/espacemenager2000.fr\/#website","url":"https:\/\/espacemenager2000.fr\/","name":"Espace Menager 2000","description":"Expert en \u00e9lectrom\u00e9nager depuis 2001, Espace M\u00e9nager 2000 vous propose une large gamme de produits : lave-linge, r\u00e9frig\u00e9rateurs, \u00e9lectronique et fitness. Profitez de notre savoir-faire en vente, r\u00e9paration et d\u00e9pannage. Livraison rapide dans toute la zone Euro. Qualit\u00e9 et service garantis.","publisher":{"@id":"https:\/\/espacemenager2000.fr\/#organization"},"potentialAction":[{"@type":"SearchAction","target":{"@type":"EntryPoint","urlTemplate":"https:\/\/espacemenager2000.fr\/?s={search_term_string}"},"query-input":{"@type":"PropertyValueSpecification","valueRequired":true,"valueName":"search_term_string"}}],"inLanguage":"en-US"},{"@type":"Organization","@id":"https:\/\/espacemenager2000.fr\/#organization","name":"Espace Menager 2000","url":"https:\/\/espacemenager2000.fr\/","logo":{"@type":"ImageObject","inLanguage":"en-US","@id":"https:\/\/espacemenager2000.fr\/#\/schema\/logo\/image\/","url":"https:\/\/espacemenager2000.fr\/wp-content\/uploads\/2026\/05\/Fav-Em2000.png","contentUrl":"https:\/\/espacemenager2000.fr\/wp-content\/uploads\/2026\/05\/Fav-Em2000.png","width":369,"height":369,"caption":"Espace Menager 2000"},"image":{"@id":"https:\/\/espacemenager2000.fr\/#\/schema\/logo\/image\/"},"sameAs":["https:\/\/www.facebook.com\/p\/Espace-menager-2000-100068469618146\/"]}]}},"_links":{"self":[{"href":"https:\/\/espacemenager2000.fr\/en\/wp-json\/wp\/v2\/product\/1428","targetHints":{"allow":["GET"]}}],"collection":[{"href":"https:\/\/espacemenager2000.fr\/en\/wp-json\/wp\/v2\/product"}],"about":[{"href":"https:\/\/espacemenager2000.fr\/en\/wp-json\/wp\/v2\/types\/product"}],"replies":[{"embeddable":true,"href":"https:\/\/espacemenager2000.fr\/en\/wp-json\/wp\/v2\/comments?post=1428"}],"wp:featuredmedia":[{"embeddable":true,"href":"https:\/\/espacemenager2000.fr\/en\/wp-json\/wp\/v2\/media\/1429"}],"wp:attachment":[{"href":"https:\/\/espacemenager2000.fr\/en\/wp-json\/wp\/v2\/media?parent=1428"}],"wp:term":[{"taxonomy":"product_brand","embeddable":true,"href":"https:\/\/espacemenager2000.fr\/en\/wp-json\/wp\/v2\/product_brand?post=1428"},{"taxonomy":"product_cat","embeddable":true,"href":"https:\/\/espacemenager2000.fr\/en\/wp-json\/wp\/v2\/product_cat?post=1428"},{"taxonomy":"product_tag","embeddable":true,"href":"https:\/\/espacemenager2000.fr\/en\/wp-json\/wp\/v2\/product_tag?post=1428"}],"curies":[{"name":"wp","href":"https:\/\/api.w.org\/{rel}","templated":true}]}}