{"id":1421,"date":"2025-12-22T16:17:16","date_gmt":"2025-12-22T16:17:16","guid":{"rendered":"https:\/\/espacemenager2000.fr\/?post_type=product&#038;p=1421"},"modified":"2026-05-14T00:21:01","modified_gmt":"2026-05-14T00:21:01","slug":"home-trainer-tacx-flux-2","status":"publish","type":"product","link":"https:\/\/espacemenager2000.fr\/en\/product\/home-trainer-tacx-flux-2\/","title":{"rendered":"Home Trainer Tacx FLUX 2"},"content":{"rendered":"<h2>Home Trainer Tacx FLUX 2<\/h2>\n<div>Ce Home Trainer Tacx FLUX 2\u00a0connect\u00e9 offre des sensations plus r\u00e9alistes et des mesures plus pr\u00e9cises de la puissance en plus de toutes ses fonctions qui vous permettent de vous entra\u00eener efficacement et agr\u00e9ablement en int\u00e9rieur.<\/div>\n<div>\n<h3>Caract\u00e9ristiques Rouleau d&#8217;entra\u00eenement intelligent Tacx FLUX 2<\/h3>\n<h5 class=\"contenido\"><\/h5>\n<div>\n<div>\n<p><strong>Plus grand et plus robuste, pour une exp\u00e9rience optimale<\/strong><\/p>\n<p>&nbsp;<\/p>\n<\/div>\n<div>\n<p><img fetchpriority=\"high\" decoding=\"async\" class=\"lazy-content img-fluid alignnone\" src=\"https:\/\/www.fitnessdigital.fr\/images\/productos\/detalles\/garmin\/tacx-flux2smart-01.jpg\" alt=\"Home Trainer Tacx FLUX 2\" width=\"415\" height=\"440\" \/><\/p>\n<\/div>\n<p>Ce home\u00a0<strong>trainer<\/strong>\u00a0connect\u00e9 offre des sensations plus r\u00e9alistes et des mesures plus pr\u00e9cises de la puissance en plus de toutes ses fonctions qui vous permettent de vous entra\u00eener efficacement et agr\u00e9ablement en int\u00e9rieur.<\/p>\n<\/div>\n<div><\/div>\n<ul>\n<li>Enfin un home\u00a0<strong>trainer<\/strong>\u00a0qui ne r\u00e9veille pas toute la maisonn\u00e9e lorsque vous entamez un sprint.<\/li>\n<li>Il vous fera transpirer sur des pentes \u00e0 16% qui supportent vos sprints les plus puissants.<\/li>\n<li>Parce que la pr\u00e9cision compte. Mesurez votre puissance pr\u00e9cis\u00e9ment, \u00e0 2,5% pr\u00e8s.<\/li>\n<li>Am\u00e9liorez vos performances avec vos applications pr\u00e9f\u00e9r\u00e9es, y compris Zwift et\u00a0<strong>Tacx<\/strong>.<\/li>\n<li>Donnez-vous \u00e0 fond. Ce home\u00a0<strong>trainer<\/strong>\u00a0vous am\u00e8nera jusqu&#8217;\u00e0 des sprints de 2 000 watts.<\/li>\n<\/ul>\n<p><strong>Entra\u00eenez-vous comme vous l&#8217;entendez.<\/strong><\/p>\n<div><\/div>\n<div class=\"contenido\">\n<p><strong style=\"letter-spacing: 0.15px;\">Fiable et pr\u00e9cis<\/strong><\/p>\n<div>Ce home\u00a0<strong>trainer<\/strong>\u00a0a \u00e9t\u00e9 con\u00e7u pour vous permettre de suivre vos performances et progr\u00e8s \u00e0 l&#8217;aide de mesures fiables et coh\u00e9rentes, notamment de la puissance, de la vitesse et de la cadence, avec une exactitude de l&#8217;ordre de 2,5%.<\/div>\n<div><strong>\u00a0<\/strong><\/div>\n<div><strong>Pr\u00eat \u00e0 sprinter<\/strong><\/div>\n<div>Le design \u00e9quilibr\u00e9 du home\u00a0<strong>trainer<\/strong>\u00a0<strong>FLUX 2 Smart<\/strong>\u00a0ainsi que sa largeur lui assurent un maximum de stabilit\u00e9, m\u00eame durant vos sprints les plus explosifs, jusqu&#8217;\u00e0 2 000 watts.<\/div>\n<div><strong>\u00a0<\/strong><\/div>\n<h6><strong>Pour atteindre des sommets<\/strong><\/h6>\n<div><\/div>\n<div>Tirez le meilleur parti de vos entra\u00eenements intenses en p\u00e9dalant sur des pentes simul\u00e9es de fa\u00e7on r\u00e9aliste pouvant aller jusqu&#8217;\u00e0 16%.<\/div>\n<div><strong>\u00a0<\/strong><\/div>\n<div><strong>Une exp\u00e9rience plus r\u00e9aliste<\/strong><\/div>\n<div>Un lourd volant de 7,6 kg offre des sensations r\u00e9alistes et une bonne r\u00e9activit\u00e9.<\/div>\n<div><strong>\u00a0<\/strong><\/div>\n<h6><strong>Silencieux et fluide<\/strong><\/h6>\n<div><\/div>\n<div>Ce home\u00a0<strong>trainer<\/strong>\u00a0\u00e0 montage direct est con\u00e7u pour r\u00e9duire au maximum les vibrations et le bruit, ce qui en fait l&#8217;un des home\u00a0<strong>trainers<\/strong>\u00a0\u00e0 volant d&#8217;inertie les plus silencieux du march\u00e9.<\/div>\n<div><strong>\u00a0<\/strong><\/div>\n<div><strong>Compatibilit\u00e9 am\u00e9lior\u00e9e<\/strong><\/div>\n<div>Le home\u00a0<strong>trainer<\/strong>\u00a0est livr\u00e9 avec des adaptateurs pour axes suppl\u00e9mentaires afin d&#8217;optimiser la compatibilit\u00e9 avec l&#8217;axe. Il est compatible par d\u00e9faut avec les axes de 142 x 12 mm et de 148 x 12 mm.<\/div>\n<p><strong>Un home trainer d&#8217;une intelligence remarquable.<\/strong><\/p>\n<div><\/div>\n<div>\n<p><strong style=\"letter-spacing: 0.15px;\">Grande compatibilit\u00e9<\/strong><\/p>\n<div>\n<div>Le FLUX 2 Smart communique via la technologie BLUETOOTH\u00ae Smart et le protocole ANT+\u00ae FE-C. Ainsi, il fonctionne avec plusieurs applications d&#8217;entra\u00eenement populaires comme TrainerRoad et Zwift.<\/div>\n<div><strong>\u00a0<\/strong><\/div>\n<h5><strong>Parfaitement autonome<\/strong><\/h5>\n<div><\/div>\n<div>Vous pouvez \u00e9galement utiliser le home\u00a0<strong>trainer<\/strong>\u00a0en mode autonome. Quand il n&#8217;est pas connect\u00e9, il simule une route plate ; plus vous roulez vite, plus la r\u00e9sistance est \u00e9lev\u00e9e.<\/div>\n<div><strong>\u00a0<\/strong><\/div>\n<h5><strong>Compatible avec plusieurs appareils<\/strong><\/h5>\n<div><\/div>\n<div>Vous pouvez connecter votre FLUX 2 Smart \u00e0 plusieurs appareils simultan\u00e9ment, afin de profiter du logiciel\u00a0<strong>Tacx<\/strong>\u00a0et suivre vos performances sur votre ordinateur de v\u00e9lo Garmin en m\u00eame temps.<\/div>\n<div><strong>\u00a0<\/strong><\/div>\n<div><strong>Logiciel d&#8217;entra\u00eenement tacx<\/strong><\/div>\n<div>Profitez d&#8217;une biblioth\u00e8que de plus de 100 vid\u00e9os de paysages en HD qui vous permettront de d\u00e9couvrir les sensations excitantes de grimper les routes escarp\u00e9es des Alpes ou de parcourir les routes pav\u00e9es de Milan.<\/div>\n<div><strong>\u00a0<\/strong><\/div>\n<h5><strong>Programmes d&#8217;entra\u00eenement tacx<\/strong><\/h5>\n<div><\/div>\n<div>Tirez parti de programmes d&#8217;entra\u00eenement con\u00e7us pour s&#8217;adapter \u00e0 votre condition physique et pour vous aider \u00e0 atteindre vos objectifs personnels. Affrontez des adversaires en temps r\u00e9el, t\u00e9l\u00e9chargez des donn\u00e9es GPS, parcourez des cartes 3D et bien plus encore.<\/div>\n<\/div>\n<div><\/div>\n<div>\n<p><img decoding=\"async\" class=\"lazy-content img-fluid alignnone\" src=\"https:\/\/www.fitnessdigital.fr\/images\/productos\/detalles\/garmin\/tacx-flux2smart-02.jpg\" alt=\"Home Trainer Tacx FLUX 2\" width=\"415\" height=\"440\" \/><\/p>\n<\/div>\n<div>\n<p><img decoding=\"async\" class=\"lazy-content img-fluid alignnone\" src=\"https:\/\/www.fitnessdigital.fr\/images\/productos\/detalles\/garmin\/tacx-flux2smart-03.jpg\" alt=\"Home Trainer Tacx FLUX 2\" width=\"415\" height=\"440\" \/><\/p>\n<\/div>\n<p><strong>Sp\u00e9cifications<\/strong><\/p>\n<div><\/div>\n<h5><strong style=\"letter-spacing: 0.15px;\">G\u00e9n\u00e9ral<\/strong><\/h5>\n<div><strong>\u00a0<\/strong><\/div>\n<ul>\n<li><strong>Dimensions de l&#8217;unit\u00e9 (hauteur, largeur, profondeur):<\/strong>\u00a0670 x 642 mm (26,4 x 25,3 in)<\/li>\n<li><strong>Poids<\/strong>: 23,6 kg (52 lb)<\/li>\n<li><strong>Hauteur<\/strong>: 460 mm (18.1 in.)<\/li>\n<\/ul>\n<div><\/div>\n<div>\n<p><strong>Connectivit\u00e9<\/strong><\/p>\n<p>&nbsp;<\/p>\n<\/div>\n<div>\n<ul>\n<li><strong>Communication sans fil:<\/strong>\u00a0Connectivit\u00e9 ANT+ et technologie sans fil Bluetooth<\/li>\n<li><strong>M\u00e9thode de contr\u00f4le:<\/strong>\u00a0Smartphone, tablette, compteur de v\u00e9lo compatible ANT+, en mode autonome et avec une connexion \u00e0 un ordinateur via une antenne ANT+<\/li>\n<li><strong>Lecture<\/strong>: Cyclocomputer, ordinateur avec antenne ANT+, smartphone, montre de sport et tablette<\/li>\n<li><strong>Indicateur de connexion (ANT+\/BLUETOOTH) :<\/strong>\u00a02 indicateurs LED<\/li>\n<\/ul>\n<\/div>\n<div><\/div>\n<div>\n<div>\n<p><strong>Fonctionnalit\u00e9s d&#8217;entra\u00eenement en salle<\/strong><\/p>\n<p>&nbsp;<\/p>\n<\/div>\n<\/div>\n<div>\n<ul>\n<li><strong>Aimants:<\/strong>\u00a08 aimants permanents en ferrite et 8 \u00e9lectro-aimants<\/li>\n<li><strong>Exigences \u00e9lectriques:<\/strong>\u00a0110-240 V<\/li>\n<li><strong>Pignons compatibles:<\/strong>\u00a0Ne convient pas pour le syst\u00e8me sp\u00e9cialis\u00e9 SCS, Shimano et SRAM : vitesse 8-11. Corps Campagnolo, SRAM XD et XD-R vendus s\u00e9par\u00e9ment<\/li>\n<li><strong>Axes compatibles:<\/strong>\u00a0Largeur de la fourche arri\u00e8re : 130 mm sur les v\u00e9los de course ; 135 mm, 142 mm et 148 mm sur les v\u00e9los de montagne. Un adaptateur pour 135 x 10 mm est disponible<\/li>\n<\/ul>\n<div><strong>Caract\u00e9ristiques techniques<\/strong><\/div>\n<\/div>\n<div>\n<ul>\n<li><strong>Puissance maximale:\u00a0<\/strong>2000 watts<\/li>\n<li><strong>Inclinaison maximale:\u00a0<\/strong>16 %<\/li>\n<li><strong>Couple maximal:\u00a0<\/strong>41 n-m<\/li>\n<li><strong>Force de freinage maximale<\/strong>: 120 n<\/li>\n<li><strong>Inertie du volant d&#8217;inertie:<\/strong>\u00a07,6 kg (16,8 lb)<\/li>\n<li><strong>Inertie de masse:<\/strong>\u00a031,2 kg (68,8 lb)<\/li>\n<li><strong>Calibrage:\u00a0<\/strong>D\u00e9c\u00e9l\u00e9ration<\/li>\n<li><strong>Mesures:\u00a0<\/strong>vitesse, cadence et puissance<\/li>\n<li><strong>Pr\u00e9cision:\u00a0<\/strong>&lt; 2.5%<\/li>\n<li><strong>Vitesse mesur\u00e9e<\/strong><\/li>\n<li><strong>Cadence mesur\u00e9e<\/strong><\/li>\n<li><strong>Puissance mesur\u00e9e<\/strong><\/li>\n<\/ul>\n<div>\n<p><img decoding=\"async\" class=\"lazy-content img-fluid\" src=\"https:\/\/www.fitnessdigital.fr\/images\/productos\/detalles\/garmin\/tacx-flux2smart-04.jpg\" alt=\"tacx-flux2smart-01\" \/><\/p>\n<\/div>\n<div>\n<p><strong>Dans la bo\u00eete<\/strong><\/p>\n<ul>\n<li><strong>Trainer Flux 2 Smart<\/strong><\/li>\n<li><strong>D\u00e9gagement rapide pour v\u00e9los de route et VTT (5 mm)<\/strong><\/li>\n<li>Entra\u00eenement direct \u00e0 fixation rapide avec kit d&#8217;adaptation (142 x 12 mm et 148 x 12 mm)<\/li>\n<li>Logiciel\u00a0<strong>Tacx<\/strong>\u00a0Premium pour un mois<\/li>\n<\/ul>\n<p><strong>Software<\/strong><\/p>\n<div><\/div>\n<div><strong>Tacx Training App<\/strong><\/div>\n<div>\n<p><img decoding=\"async\" class=\"lazy-content img-fluid\" src=\"https:\/\/www.fitnessdigital.fr\/images\/productos\/detalles\/garmin\/tacx-app-prin-1.jpg\" alt=\"tacx-flux2smart-01\" \/><\/p>\n<\/div>\n<div><\/div>\n<ul>\n<li>Couplez votre appareil d&#8217;entra\u00eenement Tacx Smart avec l&#8217;application Tacx Training sur votre smartphone, tablette ou ordinateur de bureau compatible.<\/li>\n<li>Que ce soit sur votre t\u00e9l\u00e9phone, votre tablette ou votre ordinateur, une seule application vous offre la meilleure exp\u00e9rience de cyclisme virtuel.<\/li>\n<li>Synchronisation instantan\u00e9e. Vos donn\u00e9es d&#8217;entra\u00eenement en int\u00e9rieur sont automatiquement t\u00e9l\u00e9charg\u00e9es sur l&#8217;appli Garmin Connect\u2122.<\/li>\n<li>Faites des tours de man\u00e8ge c\u00e9l\u00e8bres et passionnants sans jamais quitter votre domicile.<\/li>\n<li>Votre terrain de jeu, tout autour de vous. Cr\u00e9ez ou synchronisez des trajets avec GPS1.<\/li>\n<li>Vitesse, puissance, cadence et plus encore. Suivez ces variables et visualisez-les \u00e0 l&#8217;\u00e9cran.<\/li>\n<li>Cr\u00e9ez vos propres entra\u00eenements et contr\u00f4lez la douleur que vous ressentirez demain.<\/li>\n<\/ul>\n<div><\/div>\n<div>L&#8217;application Tacx Training peut \u00eatre install\u00e9e sur un appareil Android ou iOS. La version de bureau appel\u00e9e Tacx Desktop peut \u00eatre install\u00e9e sur les ordinateurs Windows et Mac.<\/div>\n<div><\/div>\n<div><\/div>\n<div><strong>Tacx Utility App<\/strong><\/div>\n<div>\n<p><img decoding=\"async\" class=\"lazy-content img-fluid\" src=\"https:\/\/www.fitnessdigital.fr\/images\/productos\/detalles\/garmin\/tacx-app-1.jpg\" alt=\"tacx-flux2smart-01\" \/><\/p>\n<\/div>\n<div><\/div>\n<ul>\n<li>L&#8217;application Tacx Utility est compatible avec les appareils Tacx Smart et est utilis\u00e9e pour mettre \u00e0 jour, calibrer et d\u00e9panner votre appareil.<\/li>\n<\/ul>\n<div><\/div>\n<div>Vous pouvez t\u00e9l\u00e9charger cette application sur votre t\u00e9l\u00e9phone mobile ou votre tablette depuis la boutique Google Play (Android) ou App Store (iOS).<\/div>\n<div><\/div>\n<div><strong>Appareils compatibles pour les 2 applications<\/strong><\/div>\n<div><\/div>\n<ul>\n<li>Tacx\u00ae NEO Bike V\u00e9lo d&#8217;entra\u00eenement intelligent<\/li>\n<li>Tacx\u00ae FLUX S Appareil d&#8217;entra\u00eenement intelligent<\/li>\n<li>Tacx\u00ae NEO 2 Appareil d&#8217;entra\u00eenement intelligent<\/li>\n<li>Rouleau d&#8217;entra\u00eenement Tacx\u00ae Flow Smart<\/li>\n<li>Rouleau d&#8217;entra\u00eenement Tacx\u00ae FLUX 2 Smart<\/li>\n<li>Tacx\u00ae Satori Smart Training Roller<\/li>\n<li>Rouleau d&#8217;entra\u00eenement intelligent Tacx\u00ae NEO 2T<\/li>\n<\/ul>\n<\/div>\n<\/div>\n<\/div>\n<\/div>\n<\/div>","protected":false},"excerpt":{"rendered":"<div class=\"product attribute overview\">\n<div class=\"value\">\n<div class=\"elementor-widget elementor-element elementor-element-cenezrn elementor-widget-text-editor\" data-element_type=\"text-editor\">\n<div class=\"elementor-widget-container\">\n<div class=\"elementor-text-editor rte-content\">\n<div>Ce home\u00a0<strong>trainer<\/strong>\u00a0a \u00e9t\u00e9 con\u00e7u pour vous permettre de suivre vos performances et progr\u00e8s \u00e0 l&#8217;aide de mesures fiables et coh\u00e9rentes, notamment de la puissance, de la vitesse et de la cadence, avec une exactitude de l&#8217;ordre de 2,5%.<\/div>\n<\/div>\n<\/div>\n<\/div>\n<div class=\"elementor-widget elementor-element elementor-element-ki1x5cr elementor-widget-text-editor\" data-element_type=\"text-editor\">\n<div class=\"elementor-widget-container\">\n<div class=\"elementor-text-editor rte-content\"><a class=\"zReHs\" href=\"https:\/\/hemvelos.com\/produit\/velo-dinterieur-wahoo-fitness-kickr-bike-shift\/\" data-ved=\"2ahUKEwj2oNmc04KOAxXTUUEAHe9kDrYQFnoECB0QAQ\"><br \/>\n<\/a><\/p>\n<div class=\"notranslate ESMNde HGLrXd ojE3Fb\">\n<div class=\"q0vns\">\n<div class=\"eqA2re UnOTSe Vwoesf\" aria-hidden=\"true\"><\/div>\n<\/div>\n<\/div>\n<\/div>\n<\/div>\n<\/div>\n<\/div>\n<\/div>","protected":false},"featured_media":1422,"comment_status":"open","ping_status":"closed","template":"","meta":[],"product_brand":[68],"product_cat":[17,69,18,19],"product_tag":[61,47],"class_list":{"0":"post-1421","1":"product","2":"type-product","3":"status-publish","4":"has-post-thumbnail","6":"product_brand-tacx","7":"product_cat-bons-plans","8":"product_cat-hometrainers","9":"product_cat-promotions","10":"product_cat-training-fitness","11":"product_tag-smart-bikes","12":"product_tag-velo-dappartement","14":"first","15":"instock","16":"featured","17":"shipping-taxable","18":"purchasable","19":"product-type-simple"},"yoast_head":"<!-- This site is optimized with the Yoast SEO plugin v27.6 - https:\/\/yoast.com\/product\/yoast-seo-wordpress\/ -->\n<title>Home Trainer Tacx FLUX 2 - Promotion - Vente d&#039;\u00c9lectrom\u00e9nager Neuf et Garanti \u00e0 Paris<\/title>\n<meta name=\"description\" content=\"Home Trainer Tacx FLUX 2 - con\u00e7u pour vous permettre de suivre vos performances et progr\u00e8s \u00e0 l&#039;aide de mesures fiables et coh\u00e9rentes, notamment de la puissance, de la vitesse et de la cadence, avec une exactitude de l&#039;ordre de 2,5%.\" \/>\n<meta name=\"robots\" content=\"index, follow, max-snippet:-1, max-image-preview:large, max-video-preview:-1\" \/>\n<link rel=\"canonical\" href=\"https:\/\/espacemenager2000.fr\/en\/product\/home-trainer-tacx-flux-2\/\" \/>\n<meta property=\"og:locale\" content=\"en_US\" \/>\n<meta property=\"og:type\" content=\"article\" \/>\n<meta property=\"og:title\" content=\"Home Trainer Tacx FLUX 2 - Promotion - Vente d&#039;\u00c9lectrom\u00e9nager Neuf et Garanti \u00e0 Paris\" \/>\n<meta property=\"og:description\" content=\"Home Trainer Tacx FLUX 2 - con\u00e7u pour vous permettre de suivre vos performances et progr\u00e8s \u00e0 l&#039;aide de mesures fiables et coh\u00e9rentes, notamment de la puissance, de la vitesse et de la cadence, avec une exactitude de l&#039;ordre de 2,5%.\" \/>\n<meta property=\"og:url\" content=\"https:\/\/espacemenager2000.fr\/en\/product\/home-trainer-tacx-flux-2\/\" \/>\n<meta property=\"og:site_name\" content=\"Vente d&#039;\u00c9lectrom\u00e9nager Neuf et Garanti \u00e0 Paris\" \/>\n<meta property=\"article:publisher\" content=\"https:\/\/www.facebook.com\/p\/Espace-menager-2000-100068469618146\/\" \/>\n<meta property=\"article:modified_time\" content=\"2026-05-14T00:21:01+00:00\" \/>\n<meta property=\"og:image\" content=\"https:\/\/espacemenager2000.fr\/wp-content\/uploads\/2026\/05\/294104-01-d-599471.jpg\" \/>\n\t<meta property=\"og:image:width\" content=\"1024\" \/>\n\t<meta property=\"og:image:height\" content=\"1024\" \/>\n\t<meta property=\"og:image:type\" content=\"image\/jpeg\" \/>\n<meta name=\"twitter:card\" content=\"summary_large_image\" \/>\n<meta name=\"twitter:label1\" content=\"Est. reading time\" \/>\n\t<meta name=\"twitter:data1\" content=\"7 minutes\" \/>\n<script type=\"application\/ld+json\" class=\"yoast-schema-graph\">{\"@context\":\"https:\\\/\\\/schema.org\",\"@graph\":[{\"@type\":\"WebPage\",\"@id\":\"https:\\\/\\\/espacemenager2000.fr\\\/produit\\\/home-trainer-tacx-flux-2\\\/\",\"url\":\"https:\\\/\\\/espacemenager2000.fr\\\/produit\\\/home-trainer-tacx-flux-2\\\/\",\"name\":\"Home Trainer Tacx FLUX 2 - Promotion - Vente d&#039;\u00c9lectrom\u00e9nager Neuf et Garanti \u00e0 Paris\",\"isPartOf\":{\"@id\":\"https:\\\/\\\/espacemenager2000.fr\\\/#website\"},\"primaryImageOfPage\":{\"@id\":\"https:\\\/\\\/espacemenager2000.fr\\\/produit\\\/home-trainer-tacx-flux-2\\\/#primaryimage\"},\"image\":{\"@id\":\"https:\\\/\\\/espacemenager2000.fr\\\/produit\\\/home-trainer-tacx-flux-2\\\/#primaryimage\"},\"thumbnailUrl\":\"https:\\\/\\\/espacemenager2000.fr\\\/wp-content\\\/uploads\\\/2026\\\/05\\\/294104-01-d-599471.jpg\",\"datePublished\":\"2025-12-22T16:17:16+00:00\",\"dateModified\":\"2026-05-14T00:21:01+00:00\",\"description\":\"Home Trainer Tacx FLUX 2 - con\u00e7u pour vous permettre de suivre vos performances et progr\u00e8s \u00e0 l'aide de mesures fiables et coh\u00e9rentes, notamment de la puissance, de la vitesse et de la cadence, avec une exactitude de l'ordre de 2,5%.\",\"breadcrumb\":{\"@id\":\"https:\\\/\\\/espacemenager2000.fr\\\/produit\\\/home-trainer-tacx-flux-2\\\/#breadcrumb\"},\"inLanguage\":\"en-US\",\"potentialAction\":[{\"@type\":\"ReadAction\",\"target\":[\"https:\\\/\\\/espacemenager2000.fr\\\/produit\\\/home-trainer-tacx-flux-2\\\/\"]}]},{\"@type\":\"ImageObject\",\"inLanguage\":\"en-US\",\"@id\":\"https:\\\/\\\/espacemenager2000.fr\\\/produit\\\/home-trainer-tacx-flux-2\\\/#primaryimage\",\"url\":\"https:\\\/\\\/espacemenager2000.fr\\\/wp-content\\\/uploads\\\/2026\\\/05\\\/294104-01-d-599471.jpg\",\"contentUrl\":\"https:\\\/\\\/espacemenager2000.fr\\\/wp-content\\\/uploads\\\/2026\\\/05\\\/294104-01-d-599471.jpg\",\"width\":1024,\"height\":1024},{\"@type\":\"BreadcrumbList\",\"@id\":\"https:\\\/\\\/espacemenager2000.fr\\\/produit\\\/home-trainer-tacx-flux-2\\\/#breadcrumb\",\"itemListElement\":[{\"@type\":\"ListItem\",\"position\":1,\"name\":\"Accueil\",\"item\":\"https:\\\/\\\/espacemenager2000.fr\\\/\"},{\"@type\":\"ListItem\",\"position\":2,\"name\":\"Boutique\",\"item\":\"https:\\\/\\\/espacemenager2000.fr\\\/boutique\\\/\"},{\"@type\":\"ListItem\",\"position\":3,\"name\":\"Home Trainer Tacx FLUX 2\"}]},{\"@type\":\"WebSite\",\"@id\":\"https:\\\/\\\/espacemenager2000.fr\\\/#website\",\"url\":\"https:\\\/\\\/espacemenager2000.fr\\\/\",\"name\":\"Espace Menager 2000\",\"description\":\"Expert en \u00e9lectrom\u00e9nager depuis 2001, Espace M\u00e9nager 2000 vous propose une large gamme de produits : lave-linge, r\u00e9frig\u00e9rateurs, \u00e9lectronique et fitness. Profitez de notre savoir-faire en vente, r\u00e9paration et d\u00e9pannage. Livraison rapide dans toute la zone Euro. Qualit\u00e9 et service garantis.\",\"publisher\":{\"@id\":\"https:\\\/\\\/espacemenager2000.fr\\\/#organization\"},\"potentialAction\":[{\"@type\":\"SearchAction\",\"target\":{\"@type\":\"EntryPoint\",\"urlTemplate\":\"https:\\\/\\\/espacemenager2000.fr\\\/?s={search_term_string}\"},\"query-input\":{\"@type\":\"PropertyValueSpecification\",\"valueRequired\":true,\"valueName\":\"search_term_string\"}}],\"inLanguage\":\"en-US\"},{\"@type\":\"Organization\",\"@id\":\"https:\\\/\\\/espacemenager2000.fr\\\/#organization\",\"name\":\"Espace Menager 2000\",\"url\":\"https:\\\/\\\/espacemenager2000.fr\\\/\",\"logo\":{\"@type\":\"ImageObject\",\"inLanguage\":\"en-US\",\"@id\":\"https:\\\/\\\/espacemenager2000.fr\\\/#\\\/schema\\\/logo\\\/image\\\/\",\"url\":\"https:\\\/\\\/espacemenager2000.fr\\\/wp-content\\\/uploads\\\/2026\\\/05\\\/Fav-Em2000.png\",\"contentUrl\":\"https:\\\/\\\/espacemenager2000.fr\\\/wp-content\\\/uploads\\\/2026\\\/05\\\/Fav-Em2000.png\",\"width\":369,\"height\":369,\"caption\":\"Espace Menager 2000\"},\"image\":{\"@id\":\"https:\\\/\\\/espacemenager2000.fr\\\/#\\\/schema\\\/logo\\\/image\\\/\"},\"sameAs\":[\"https:\\\/\\\/www.facebook.com\\\/p\\\/Espace-menager-2000-100068469618146\\\/\"]}]}<\/script>\n<!-- \/ Yoast SEO plugin. -->","yoast_head_json":{"title":"Home Trainer Tacx FLUX 2 - Promotion - Vente d&#039;\u00c9lectrom\u00e9nager Neuf et Garanti \u00e0 Paris","description":"Home Trainer Tacx FLUX 2 - con\u00e7u pour vous permettre de suivre vos performances et progr\u00e8s \u00e0 l'aide de mesures fiables et coh\u00e9rentes, notamment de la puissance, de la vitesse et de la cadence, avec une exactitude de l'ordre de 2,5%.","robots":{"index":"index","follow":"follow","max-snippet":"max-snippet:-1","max-image-preview":"max-image-preview:large","max-video-preview":"max-video-preview:-1"},"canonical":"https:\/\/espacemenager2000.fr\/en\/product\/home-trainer-tacx-flux-2\/","og_locale":"en_US","og_type":"article","og_title":"Home Trainer Tacx FLUX 2 - Promotion - Vente d&#039;\u00c9lectrom\u00e9nager Neuf et Garanti \u00e0 Paris","og_description":"Home Trainer Tacx FLUX 2 - con\u00e7u pour vous permettre de suivre vos performances et progr\u00e8s \u00e0 l'aide de mesures fiables et coh\u00e9rentes, notamment de la puissance, de la vitesse et de la cadence, avec une exactitude de l'ordre de 2,5%.","og_url":"https:\/\/espacemenager2000.fr\/en\/product\/home-trainer-tacx-flux-2\/","og_site_name":"Vente d&#039;\u00c9lectrom\u00e9nager Neuf et Garanti \u00e0 Paris","article_publisher":"https:\/\/www.facebook.com\/p\/Espace-menager-2000-100068469618146\/","article_modified_time":"2026-05-14T00:21:01+00:00","og_image":[{"width":1024,"height":1024,"url":"https:\/\/espacemenager2000.fr\/wp-content\/uploads\/2026\/05\/294104-01-d-599471.jpg","type":"image\/jpeg"}],"twitter_card":"summary_large_image","twitter_misc":{"Est. reading time":"7 minutes"},"schema":{"@context":"https:\/\/schema.org","@graph":[{"@type":"WebPage","@id":"https:\/\/espacemenager2000.fr\/produit\/home-trainer-tacx-flux-2\/","url":"https:\/\/espacemenager2000.fr\/produit\/home-trainer-tacx-flux-2\/","name":"Home Trainer Tacx FLUX 2 - Promotion - Vente d&#039;\u00c9lectrom\u00e9nager Neuf et Garanti \u00e0 Paris","isPartOf":{"@id":"https:\/\/espacemenager2000.fr\/#website"},"primaryImageOfPage":{"@id":"https:\/\/espacemenager2000.fr\/produit\/home-trainer-tacx-flux-2\/#primaryimage"},"image":{"@id":"https:\/\/espacemenager2000.fr\/produit\/home-trainer-tacx-flux-2\/#primaryimage"},"thumbnailUrl":"https:\/\/espacemenager2000.fr\/wp-content\/uploads\/2026\/05\/294104-01-d-599471.jpg","datePublished":"2025-12-22T16:17:16+00:00","dateModified":"2026-05-14T00:21:01+00:00","description":"Home Trainer Tacx FLUX 2 - con\u00e7u pour vous permettre de suivre vos performances et progr\u00e8s \u00e0 l'aide de mesures fiables et coh\u00e9rentes, notamment de la puissance, de la vitesse et de la cadence, avec une exactitude de l'ordre de 2,5%.","breadcrumb":{"@id":"https:\/\/espacemenager2000.fr\/produit\/home-trainer-tacx-flux-2\/#breadcrumb"},"inLanguage":"en-US","potentialAction":[{"@type":"ReadAction","target":["https:\/\/espacemenager2000.fr\/produit\/home-trainer-tacx-flux-2\/"]}]},{"@type":"ImageObject","inLanguage":"en-US","@id":"https:\/\/espacemenager2000.fr\/produit\/home-trainer-tacx-flux-2\/#primaryimage","url":"https:\/\/espacemenager2000.fr\/wp-content\/uploads\/2026\/05\/294104-01-d-599471.jpg","contentUrl":"https:\/\/espacemenager2000.fr\/wp-content\/uploads\/2026\/05\/294104-01-d-599471.jpg","width":1024,"height":1024},{"@type":"BreadcrumbList","@id":"https:\/\/espacemenager2000.fr\/produit\/home-trainer-tacx-flux-2\/#breadcrumb","itemListElement":[{"@type":"ListItem","position":1,"name":"Accueil","item":"https:\/\/espacemenager2000.fr\/"},{"@type":"ListItem","position":2,"name":"Boutique","item":"https:\/\/espacemenager2000.fr\/boutique\/"},{"@type":"ListItem","position":3,"name":"Home Trainer Tacx FLUX 2"}]},{"@type":"WebSite","@id":"https:\/\/espacemenager2000.fr\/#website","url":"https:\/\/espacemenager2000.fr\/","name":"Espace Menager 2000","description":"Expert en \u00e9lectrom\u00e9nager depuis 2001, Espace M\u00e9nager 2000 vous propose une large gamme de produits : lave-linge, r\u00e9frig\u00e9rateurs, \u00e9lectronique et fitness. Profitez de notre savoir-faire en vente, r\u00e9paration et d\u00e9pannage. Livraison rapide dans toute la zone Euro. Qualit\u00e9 et service garantis.","publisher":{"@id":"https:\/\/espacemenager2000.fr\/#organization"},"potentialAction":[{"@type":"SearchAction","target":{"@type":"EntryPoint","urlTemplate":"https:\/\/espacemenager2000.fr\/?s={search_term_string}"},"query-input":{"@type":"PropertyValueSpecification","valueRequired":true,"valueName":"search_term_string"}}],"inLanguage":"en-US"},{"@type":"Organization","@id":"https:\/\/espacemenager2000.fr\/#organization","name":"Espace Menager 2000","url":"https:\/\/espacemenager2000.fr\/","logo":{"@type":"ImageObject","inLanguage":"en-US","@id":"https:\/\/espacemenager2000.fr\/#\/schema\/logo\/image\/","url":"https:\/\/espacemenager2000.fr\/wp-content\/uploads\/2026\/05\/Fav-Em2000.png","contentUrl":"https:\/\/espacemenager2000.fr\/wp-content\/uploads\/2026\/05\/Fav-Em2000.png","width":369,"height":369,"caption":"Espace Menager 2000"},"image":{"@id":"https:\/\/espacemenager2000.fr\/#\/schema\/logo\/image\/"},"sameAs":["https:\/\/www.facebook.com\/p\/Espace-menager-2000-100068469618146\/"]}]}},"_links":{"self":[{"href":"https:\/\/espacemenager2000.fr\/en\/wp-json\/wp\/v2\/product\/1421","targetHints":{"allow":["GET"]}}],"collection":[{"href":"https:\/\/espacemenager2000.fr\/en\/wp-json\/wp\/v2\/product"}],"about":[{"href":"https:\/\/espacemenager2000.fr\/en\/wp-json\/wp\/v2\/types\/product"}],"replies":[{"embeddable":true,"href":"https:\/\/espacemenager2000.fr\/en\/wp-json\/wp\/v2\/comments?post=1421"}],"wp:featuredmedia":[{"embeddable":true,"href":"https:\/\/espacemenager2000.fr\/en\/wp-json\/wp\/v2\/media\/1422"}],"wp:attachment":[{"href":"https:\/\/espacemenager2000.fr\/en\/wp-json\/wp\/v2\/media?parent=1421"}],"wp:term":[{"taxonomy":"product_brand","embeddable":true,"href":"https:\/\/espacemenager2000.fr\/en\/wp-json\/wp\/v2\/product_brand?post=1421"},{"taxonomy":"product_cat","embeddable":true,"href":"https:\/\/espacemenager2000.fr\/en\/wp-json\/wp\/v2\/product_cat?post=1421"},{"taxonomy":"product_tag","embeddable":true,"href":"https:\/\/espacemenager2000.fr\/en\/wp-json\/wp\/v2\/product_tag?post=1421"}],"curies":[{"name":"wp","href":"https:\/\/api.w.org\/{rel}","templated":true}]}}