{"id":13947,"date":"2026-05-10T20:50:51","date_gmt":"2026-05-10T20:50:51","guid":{"rendered":"https:\/\/espacemenager2000.fr\/?post_type=product&#038;p=13947"},"modified":"2026-05-14T00:30:54","modified_gmt":"2026-05-14T00:30:54","slug":"montre-garmin-instinct-2x-solar-tactical-edition","status":"publish","type":"product","link":"https:\/\/espacemenager2000.fr\/en\/product\/montre-garmin-instinct-2x-solar-tactical-edition\/","title":{"rendered":"Montre Garmin Instinct 2X Solar Tactical Edition"},"content":{"rendered":"<p>Taill\u00e9e pour les\u00a0<strong>aventures outdoor<\/strong>, la\u00a0<strong>montre Garmin Instinct 2X Solar Tactical Edition<\/strong>\u00a0est une alli\u00e9e\u00a0<strong>robuste<\/strong>\u00a0pour faire face \u00e0 tous les d\u00e9fis. Sa\u00a0<strong>polyvalence<\/strong>\u00a0la rend indispensable dans votre qu\u00eate de\u00a0<strong>fiabilit\u00e9<\/strong>\u00a0et d\u2019exigence.<\/p>\n<h2><span class=\"m-accordion__header\"><span class=\"m-accordion__header__title\">Description<\/span><\/span><\/h2>\n<div class=\"m-accordion__content js-readMore\">\n<div class=\"m-readMore__content js-readMore-container\">\n<div class=\"prdDtl__contentSection__content\">\n<p>Taill\u00e9e pour les\u00a0<strong>aventures outdoor<\/strong>, la\u00a0<strong>montre Garmin Instinct 2X Solar Tactical Edition<\/strong>\u00a0est une alli\u00e9e\u00a0<strong>robuste<\/strong>\u00a0pour faire face \u00e0 tous les d\u00e9fis. Sa\u00a0<strong>polyvalence<\/strong>\u00a0la rend indispensable dans votre qu\u00eate de\u00a0<strong>fiabilit\u00e9<\/strong>\u00a0et d\u2019exigence.<\/p>\n<p>&nbsp;<\/p>\n<p>Elle embarque un\u00a0<strong>GNSS multi-bandes<\/strong>\u00a0pour permettre une\u00a0<strong>pr\u00e9cision<\/strong>\u00a0GPS maximale dans chacune des zones explor\u00e9es, m\u00eame les plus isol\u00e9es. Un\u00a0<strong>rapport matinal<\/strong>\u00a0est transmis \u00e0 votre r\u00e9veil et affiche les informations dont vous avez besoin comme les conditions\u00a0m\u00e9t\u00e9orologiques du jour.<\/p>\n<p>&nbsp;<\/p>\n<p>Le\u00a0<strong>capteur de fr\u00e9quence cardiaque<\/strong>\u00a0int\u00e9gr\u00e9 vous donne acc\u00e8s \u00e0 des donn\u00e9es essentielles sur votre \u00e9tat de forme et \u00e0 votre statut VFC. Le proc\u00e9d\u00e9 Body Battery s&#8217;appuie sur ces valeurs pour vous aider \u00e0 optimiser vos r\u00e9serves \u00e9nerg\u00e9tiques.<\/p>\n<p>&nbsp;<\/p>\n<p>Plusieurs\u00a0disciplines comme le\u00a0<strong>trail<\/strong>, le\u00a0<strong>running<\/strong>\u00a0ou l&#8217;aviron sont pr\u00e9charg\u00e9es et personnalisables pour g\u00e9rer au mieux votre progression. Des dispositifs de\u00a0<strong>s\u00e9curit\u00e9<\/strong>\u00a0sont pr\u00e9sents pour d\u00e9tecter les incidents et pr\u00e9venir vos proches. Vous retrouvez facilement votre chemin gr\u00e2ce au Tracback qui vous guide jusqu&#8217;\u00e0 votre point de d\u00e9part.<\/p>\n<p>&nbsp;<\/p>\n<p>Vous acc\u00e9dez \u00e0 une multitude d&#8217;applications via Connect IQ. Recevez toutes vos notifications et profitez d&#8217;une <strong>lampe torche \u00e0 LED<\/strong>\u00a0pour vos sorties par basse luminosit\u00e9. Cette \u00e9dition Tactical met \u00e0 votre dispositions des fonctionnalit\u00e9s uniques pour b\u00e9n\u00e9ficier d&#8217;<strong>innovations militaires de pointes<\/strong>.<\/p>\n<p>&nbsp;<\/p>\n<p>L&#8217;autonomie s&#8217;\u00e9l\u00e8ve \u00e0\u00a0<strong>40 heures avec le GPS<\/strong>, 27 si vous le compl\u00e9tez par le multi-bandes. Comptez\u00a0<strong>100 jours<\/strong>\u00a0avec le mode \u00e9conomie d&#8217;\u00e9nergie et bien plus par le biais de la\u00a0<strong>recharge solaire<\/strong>\u00a0obtenue avec le verre Power Glass.<\/p>\n<h3>Points cl\u00e9s de la\u00a0<strong>montre Garmin Instinct 2X Solar Tactical Edition<\/strong><\/h3>\n<ul>\n<li><strong>GNSS multi-bandes<\/strong>\u00a0: pr\u00e9cisions GPS accrue, m\u00eame dans les environnements isol\u00e9s<\/li>\n<li><strong>Rapport matinal<\/strong>\u00a0: chaque matin un rapport personnalisable sur l&#8217;analyse de votre sommeil, votre statut VFC, le Body Battery, objectifs, m\u00e9t\u00e9o etc.<\/li>\n<li><strong>Capteur de fr\u00e9quence cardiaque int\u00e9gr\u00e9<\/strong>\u00a0:\u00a0surveillance du rythme cardiaque et de sa variabilit\u00e9<\/li>\n<li><strong>VFC<\/strong>\u00a0: variabilit\u00e9 de la fr\u00e9quence cardiaque, \u00e9tude de votre \u00e9tat de sant\u00e9, de vos performances et de votre r\u00e9cup\u00e9ration<\/li>\n<li><strong>Pulse OX<\/strong>\u00a0: niveau d&#8217;absorption de l\u2019oxyg\u00e8ne par le corps<\/li>\n<li><strong>Body Battery<\/strong>\u00a0: optimisation de vos r\u00e9serves en \u00e9nergie via l&#8217;\u00e9tude de la VFC, du stress, du sommeil etc.<\/li>\n<li><strong>Plusieurs disciplines pr\u00e9charg\u00e9es et personnalisables<\/strong>\u00a0: trail, course \u00e0 pied, natation, cyclisme, randonn\u00e9e, aviron, golf, ski etc.<\/li>\n<li><strong>Suggestions d&#8217;entra\u00eenements au quotidien<\/strong><\/li>\n<li><strong>Entra\u00eenements HIIT<\/strong><\/li>\n<li><strong>MTB Dynamics<\/strong>\u00a0: donn\u00e9es sp\u00e9cifiques pour le VTT<\/li>\n<li><strong>VO2 Max<\/strong>\u00a0: indication sur votre niveau de performance<\/li>\n<li><strong>Dispositifs de s\u00e9curit\u00e9 et de suivi<\/strong>\u00a0: d\u00e9tection d&#8217;incident, assistance, contact des proches et des secours, partage de votre position<\/li>\n<li><strong>Tracback<\/strong>\u00a0: retour \u00e0 votre point de d\u00e9part<\/li>\n<li><strong>Altim\u00e8tre<\/strong><\/li>\n<li><strong>Barom\u00e8tre<\/strong><\/li>\n<li><strong>Boussole \u00e9lectronique 3 axes<\/strong><\/li>\n<li><strong>Point de r\u00e9f\u00e9rence<\/strong>\u00a0: marquage d&#8217;un point GPS<\/li>\n<li><strong>Notifications<\/strong>\u00a0: r\u00e9ception des mails, SMS, alertes et envoi possible de messages si connexion \u00e0 un smartphone compatible<\/li>\n<li><strong>Connect IQ<\/strong>\u00a0: applications et personnalisation de la montre<\/li>\n<li><strong>Connect<\/strong>\u00a0: consultation de vos informations via l&#8217;application gratuite<\/li>\n<li><strong>Garmin Pay<\/strong>\u00a0: paiement sans contact<\/li>\n<li><strong>Lampe torche \u00e0 LED int\u00e9gr\u00e9e<\/strong><\/li>\n<li><strong>Calculateur balistique<\/strong>\u00a0: \u00e0 d\u00e9verrouiller via l&#8217;application payante AB Synapse<\/li>\n<li><strong>Mode furtif<\/strong>\u00a0: arr\u00eat du partage de position, des connexions et communications sans fil<\/li>\n<li><strong>Jumpmaster<\/strong>\u00a0: navigation vers le point d&#8217;atterrissage lors des sauts en parachute<\/li>\n<li><strong>Tactical<\/strong>\u00a0: affichage de l&#8217;heure, de l&#8217;allure, de l&#8217;altitude et de votre emplacement dans les deux types de coordonn\u00e9es<\/li>\n<li><strong>Kill Switch<\/strong>\u00a0: effacement des donn\u00e9es de la montre<\/li>\n<li><strong>\u00c9tanch\u00e9it\u00e9<\/strong>\u00a0: 10 ATM<\/li>\n<li><strong>Autonomie<\/strong>\u00a0:\u00a0GPS : 60 heures \/ 145 heures avec solar ; multi GNSS + multi-bandes : 27 heures \/ 36 heures avec solar ; mode \u00e9conomie d\u2019\u00e9nergie: 100 jours \/ illimit\u00e9 avec solar<\/li>\n<li><strong>Verre Power Glass<\/strong><\/li>\n<li><strong>Bo\u00eetier polym\u00e8re renforc\u00e9 de fibres<\/strong><\/li>\n<li><strong>Taille de l&#8217;\u00e9cran<\/strong>\u00a0: 1.1&#8243;<\/li>\n<li><strong>R\u00e9solution<\/strong>\u00a0: 176 x 176<\/li>\n<li><strong>Taille du bo\u00eetier (largeur x longueur x hauteur)<\/strong>\u00a0: 5 x 5 x 1.45 cm<\/li>\n<li><strong>Poids<\/strong>\u00a0: 67 g<\/li>\n<li><strong>Coloris<\/strong>\u00a0:\u00a0beige et noir<\/li>\n<\/ul>\n<h2><span class=\"m-accordion__header\"><span class=\"m-accordion__header__title\">Points cl\u00e9s<\/span><\/span><\/h2>\n<div class=\"m-accordion__content js-readMore\">\n<div class=\"m-readMore__content js-readMore-container\">\n<div class=\"prdDtl__contentSection__content\">\n<h3><strong>Caract\u00e9ristiques physiques :<\/strong><\/h3>\n<ul>\n<li>Taille du bo\u00eetier (largeur x longueur x hauteur)\u00a0: 5 x 5 x 1.45 cm<\/li>\n<li>Mat\u00e9riaux du verre : Power Glass<\/li>\n<li>de la lunette : polym\u00e8re renforc\u00e9 de fibres<\/li>\n<li>du bo\u00eetier : polym\u00e8re renforc\u00e9 de fibres<\/li>\n<li>Taille de l&#8217;\u00e9cran\u00a0:\u00a01.1\u201d x 1.1\u201d (28 x 28 mm)<\/li>\n<li>R\u00e9solution de l&#8217;\u00e9cran : 176 x 176 pixels<\/li>\n<li>Type d&#8217;\u00e9cran : m\u00e9moire en pixel (MIP) monochrome transflectif, visible \u00e0 la lumi\u00e8re du soleil<\/li>\n<li>Deux \u00e9crans personnalisables<\/li>\n<li>Batterie lithium-ion interne rechargeable<\/li>\n<li>Certification MIL-STD-810G : altitude, basse pression, pluie, humidit\u00e9, chute et gel \/ d\u00e9gel<\/li>\n<li>\u00c9tanch\u00e9it\u00e9 : 10 ATM<\/li>\n<li>Poids : 67 g<\/li>\n<\/ul>\n<p>&nbsp;<\/p>\n<h3><strong>Bracelet (compatible QuickFit) :<\/strong><\/h3>\n<ul>\n<li>Bracelet silicone 26mm inclus<\/li>\n<li>Longueur bracelet de r\u00e9glage: 123.7 mm<\/li>\n<li>bracelet avec boucle: 102.2 mm<\/li>\n<li>Longueur totale du bracelet : 225.9 mm<\/li>\n<li>S\u2019adapte au poignet d\u2019une circonf\u00e9rence de 145 \u00e0 228 mm<\/li>\n<\/ul>\n<p>&nbsp;<\/p>\n<h3><strong>Autonomie :<\/strong><\/h3>\n<ul>\n<li>Mode connect\u00e9e : jusqu\u2019\u00e0 40 jours \/ illimit\u00e9 avec solar<\/li>\n<li>GPS : jusqu\u2019\u00e0 60 heures \/ 145 heures avec solar<\/li>\n<li>Multi GNSS : 40 heures \/ 65 heures avec solar<\/li>\n<li>Multi GNSS + multi-bandes : 27 heures \/ 36 heures avec solar<\/li>\n<li>Mode GPS de la batterie maximale : jusqu\u2019\u00e0 150 heures \/ illimit\u00e9 avec solar<\/li>\n<li>Exp\u00e9dition : jusqu\u2019\u00e0 60 jours \/ illimit\u00e9 avec solar<\/li>\n<li>Mode \u00e9conomie d\u2019\u00e9nergie : jusqu\u2019\u00e0 100 jours \/ illimit\u00e9 avec solar<\/li>\n<\/ul>\n<p>&nbsp;<\/p>\n<h3><strong>Caract\u00e9ristiques principales :<\/strong><\/h3>\n<ul>\n<li>Calculateur balistique (via l&#8217;application payante AB Synapse)<\/li>\n<li>Mode furtif<\/li>\n<li>Jumpmaster<\/li>\n<li>Double format de position<\/li>\n<li>Jumpmaster<\/li>\n<li>Tactical<\/li>\n<li>Kill Switch<\/li>\n<li>Lampe torche int\u00e9gr\u00e9e<\/li>\n<li>GNSS multi-bandes<\/li>\n<li>Application course \u00e0 obstances<\/li>\n<li>Rapport matinal<\/li>\n<li>Statut VFC<\/li>\n<li>Capteurs ABC<\/li>\n<li>Tracback<\/li>\n<li>Point de r\u00e9f\u00e9rence<\/li>\n<li>Notifications intelligentes<\/li>\n<li>Connect IQ<\/li>\n<li>Garmin Pay<\/li>\n<li>Dispositifs de s\u00e9curit\u00e9 et de suivi<\/li>\n<li>Calendrier<\/li>\n<li>Garmin Connect<\/li>\n<li>Multisports, plus de 50 profils d&#8217;activit\u00e9 : sports outdoor, course \u00e0 pied, cyclisme, natation, salle de sport dont HIIT, sports d\u2019hiver, sports nautiques, sports d\u2019\u00e9quipe, sports de raquette, motorsports et plus<\/li>\n<li>Entra\u00eenements HIIT<\/li>\n<li>VO2 Max<\/li>\n<li>Suggestions quotidiennes d&#8217;entra\u00eenement<\/li>\n<li>Gestion de la r\u00e9cup\u00e9ration MTB Dynamics<\/li>\n<li>Fr\u00e9quence cardiaque au poignet<\/li>\n<li>Analyse avanc\u00e9e et score du sommeil<\/li>\n<li>Body Battery<\/li>\n<li>Pulse OX<\/li>\n<li>Bluetooth et ANT+<\/li>\n<li>Nouveaux profils d&#8217;activit\u00e9<\/li>\n<li>Activit\u00e9 gaming<\/li>\n<li>My workouts app<\/li>\n<\/ul>\n<p>&nbsp;<\/p>\n<\/div>\n<\/div>\n<\/div>\n<\/div>\n<\/div>\n<\/div>","protected":false},"excerpt":{"rendered":"<div class=\"app__overview__intro__description\">\n<p>Taill\u00e9e pour les\u00a0<strong>aventures outdoor<\/strong>, la\u00a0<strong>montre Garmin Instinct 2X Solar Tactical Edition<\/strong>\u00a0est une alli\u00e9e\u00a0<strong>robuste<\/strong>\u00a0pour faire face \u00e0 tous les d\u00e9fis. Sa\u00a0<strong>polyvalence<\/strong>\u00a0la rend indispensable dans votre qu\u00eate de\u00a0<strong>fiabilit\u00e9<\/strong>\u00a0et d\u2019exigence.<\/p>\n<\/div>\n<div class=\"app__column-layout app__column-layout__column--6 app__column-layout__column__mobile--2 app__overview__intro__icons\"><\/div>","protected":false},"featured_media":13973,"comment_status":"open","ping_status":"closed","template":"","meta":[],"product_brand":[64],"product_cat":[17,87,98,99,97,106,84,18,85],"product_tag":[100,101],"class_list":{"0":"post-13947","1":"product","2":"type-product","3":"status-publish","4":"has-post-thumbnail","6":"product_brand-garmin","7":"product_cat-bons-plans","8":"product_cat-electronique","9":"product_cat-montres-connectees","10":"product_cat-montres-de-sport","11":"product_cat-montres-et-bracelets-connectes","12":"product_cat-montres-gps","13":"product_cat-nouveautes","14":"product_cat-promotions","15":"product_cat-top-ventes","16":"product_tag-montres-connectees","17":"product_tag-montres-de-sport","19":"first","20":"instock","21":"featured","22":"shipping-taxable","23":"purchasable","24":"product-type-variable"},"yoast_head":"<!-- This site is optimized with the Yoast SEO plugin v27.6 - https:\/\/yoast.com\/product\/yoast-seo-wordpress\/ -->\n<title>Montre Garmin Instinct 2X Solar Tactical Edition - 449 \u20ac - Vente d&#039;\u00c9lectrom\u00e9nager Neuf et Garanti \u00e0 Paris<\/title>\n<meta name=\"description\" content=\"Taill\u00e9e pour les\u00a0aventures outdoor, la\u00a0montre Garmin Instinct 2X Solar Tactical Edition\u00a0est une alli\u00e9e\u00a0robuste\u00a0pour faire face \u00e0 tous les d\u00e9fis. Sa\u00a0polyvalence\u00a0la rend indispensable dans votre qu\u00eate de\u00a0fiabilit\u00e9\u00a0et d\u2019exigence.\" \/>\n<meta name=\"robots\" content=\"index, follow, max-snippet:-1, max-image-preview:large, max-video-preview:-1\" \/>\n<link rel=\"canonical\" href=\"https:\/\/espacemenager2000.fr\/en\/product\/montre-garmin-instinct-2x-solar-tactical-edition\/\" \/>\n<meta property=\"og:locale\" content=\"en_US\" \/>\n<meta property=\"og:type\" content=\"article\" \/>\n<meta property=\"og:title\" content=\"Montre Garmin Instinct 2X Solar Tactical Edition - 449 \u20ac - Vente d&#039;\u00c9lectrom\u00e9nager Neuf et Garanti \u00e0 Paris\" \/>\n<meta property=\"og:description\" content=\"Taill\u00e9e pour les\u00a0aventures outdoor, la\u00a0montre Garmin Instinct 2X Solar Tactical Edition\u00a0est une alli\u00e9e\u00a0robuste\u00a0pour faire face \u00e0 tous les d\u00e9fis. Sa\u00a0polyvalence\u00a0la rend indispensable dans votre qu\u00eate de\u00a0fiabilit\u00e9\u00a0et d\u2019exigence.\" \/>\n<meta property=\"og:url\" content=\"https:\/\/espacemenager2000.fr\/en\/product\/montre-garmin-instinct-2x-solar-tactical-edition\/\" \/>\n<meta property=\"og:site_name\" content=\"Vente d&#039;\u00c9lectrom\u00e9nager Neuf et Garanti \u00e0 Paris\" \/>\n<meta property=\"article:publisher\" content=\"https:\/\/www.facebook.com\/p\/Espace-menager-2000-100068469618146\/\" \/>\n<meta property=\"article:modified_time\" content=\"2026-05-14T00:30:54+00:00\" \/>\n<meta property=\"og:image\" content=\"https:\/\/espacemenager2000.fr\/wp-content\/uploads\/2026\/05\/Montre-Garmin-Instinct-2X-Solar-Tactical-Edition-1.jpg\" \/>\n\t<meta property=\"og:image:width\" content=\"802\" \/>\n\t<meta property=\"og:image:height\" content=\"802\" \/>\n\t<meta property=\"og:image:type\" content=\"image\/jpeg\" \/>\n<meta name=\"twitter:card\" content=\"summary_large_image\" \/>\n<meta name=\"twitter:label1\" content=\"Est. reading time\" \/>\n\t<meta name=\"twitter:data1\" content=\"6 minutes\" \/>\n<script type=\"application\/ld+json\" class=\"yoast-schema-graph\">{\"@context\":\"https:\\\/\\\/schema.org\",\"@graph\":[{\"@type\":\"WebPage\",\"@id\":\"https:\\\/\\\/espacemenager2000.fr\\\/produit\\\/montre-garmin-instinct-2x-solar-tactical-edition\\\/\",\"url\":\"https:\\\/\\\/espacemenager2000.fr\\\/produit\\\/montre-garmin-instinct-2x-solar-tactical-edition\\\/\",\"name\":\"Montre Garmin Instinct 2X Solar Tactical Edition - 449 \u20ac - Vente d&#039;\u00c9lectrom\u00e9nager Neuf et Garanti \u00e0 Paris\",\"isPartOf\":{\"@id\":\"https:\\\/\\\/espacemenager2000.fr\\\/#website\"},\"primaryImageOfPage\":{\"@id\":\"https:\\\/\\\/espacemenager2000.fr\\\/produit\\\/montre-garmin-instinct-2x-solar-tactical-edition\\\/#primaryimage\"},\"image\":{\"@id\":\"https:\\\/\\\/espacemenager2000.fr\\\/produit\\\/montre-garmin-instinct-2x-solar-tactical-edition\\\/#primaryimage\"},\"thumbnailUrl\":\"https:\\\/\\\/espacemenager2000.fr\\\/wp-content\\\/uploads\\\/2026\\\/05\\\/Montre-Garmin-Instinct-2X-Solar-Tactical-Edition-1.jpg\",\"datePublished\":\"2026-05-10T20:50:51+00:00\",\"dateModified\":\"2026-05-14T00:30:54+00:00\",\"description\":\"Taill\u00e9e pour les\u00a0aventures outdoor, la\u00a0montre Garmin Instinct 2X Solar Tactical Edition\u00a0est une alli\u00e9e\u00a0robuste\u00a0pour faire face \u00e0 tous les d\u00e9fis. Sa\u00a0polyvalence\u00a0la rend indispensable dans votre qu\u00eate de\u00a0fiabilit\u00e9\u00a0et d\u2019exigence.\",\"breadcrumb\":{\"@id\":\"https:\\\/\\\/espacemenager2000.fr\\\/produit\\\/montre-garmin-instinct-2x-solar-tactical-edition\\\/#breadcrumb\"},\"inLanguage\":\"en-US\",\"potentialAction\":[{\"@type\":\"ReadAction\",\"target\":[\"https:\\\/\\\/espacemenager2000.fr\\\/produit\\\/montre-garmin-instinct-2x-solar-tactical-edition\\\/\"]}]},{\"@type\":\"ImageObject\",\"inLanguage\":\"en-US\",\"@id\":\"https:\\\/\\\/espacemenager2000.fr\\\/produit\\\/montre-garmin-instinct-2x-solar-tactical-edition\\\/#primaryimage\",\"url\":\"https:\\\/\\\/espacemenager2000.fr\\\/wp-content\\\/uploads\\\/2026\\\/05\\\/Montre-Garmin-Instinct-2X-Solar-Tactical-Edition-1.jpg\",\"contentUrl\":\"https:\\\/\\\/espacemenager2000.fr\\\/wp-content\\\/uploads\\\/2026\\\/05\\\/Montre-Garmin-Instinct-2X-Solar-Tactical-Edition-1.jpg\",\"width\":802,\"height\":802},{\"@type\":\"BreadcrumbList\",\"@id\":\"https:\\\/\\\/espacemenager2000.fr\\\/produit\\\/montre-garmin-instinct-2x-solar-tactical-edition\\\/#breadcrumb\",\"itemListElement\":[{\"@type\":\"ListItem\",\"position\":1,\"name\":\"Accueil\",\"item\":\"https:\\\/\\\/espacemenager2000.fr\\\/\"},{\"@type\":\"ListItem\",\"position\":2,\"name\":\"Boutique\",\"item\":\"https:\\\/\\\/espacemenager2000.fr\\\/boutique\\\/\"},{\"@type\":\"ListItem\",\"position\":3,\"name\":\"Montre Garmin Instinct 2X Solar Tactical Edition\"}]},{\"@type\":\"WebSite\",\"@id\":\"https:\\\/\\\/espacemenager2000.fr\\\/#website\",\"url\":\"https:\\\/\\\/espacemenager2000.fr\\\/\",\"name\":\"Espace Menager 2000\",\"description\":\"Expert en \u00e9lectrom\u00e9nager depuis 2001, Espace M\u00e9nager 2000 vous propose une large gamme de produits : lave-linge, r\u00e9frig\u00e9rateurs, \u00e9lectronique et fitness. Profitez de notre savoir-faire en vente, r\u00e9paration et d\u00e9pannage. Livraison rapide dans toute la zone Euro. Qualit\u00e9 et service garantis.\",\"publisher\":{\"@id\":\"https:\\\/\\\/espacemenager2000.fr\\\/#organization\"},\"potentialAction\":[{\"@type\":\"SearchAction\",\"target\":{\"@type\":\"EntryPoint\",\"urlTemplate\":\"https:\\\/\\\/espacemenager2000.fr\\\/?s={search_term_string}\"},\"query-input\":{\"@type\":\"PropertyValueSpecification\",\"valueRequired\":true,\"valueName\":\"search_term_string\"}}],\"inLanguage\":\"en-US\"},{\"@type\":\"Organization\",\"@id\":\"https:\\\/\\\/espacemenager2000.fr\\\/#organization\",\"name\":\"Espace Menager 2000\",\"url\":\"https:\\\/\\\/espacemenager2000.fr\\\/\",\"logo\":{\"@type\":\"ImageObject\",\"inLanguage\":\"en-US\",\"@id\":\"https:\\\/\\\/espacemenager2000.fr\\\/#\\\/schema\\\/logo\\\/image\\\/\",\"url\":\"https:\\\/\\\/espacemenager2000.fr\\\/wp-content\\\/uploads\\\/2026\\\/05\\\/Fav-Em2000.png\",\"contentUrl\":\"https:\\\/\\\/espacemenager2000.fr\\\/wp-content\\\/uploads\\\/2026\\\/05\\\/Fav-Em2000.png\",\"width\":369,\"height\":369,\"caption\":\"Espace Menager 2000\"},\"image\":{\"@id\":\"https:\\\/\\\/espacemenager2000.fr\\\/#\\\/schema\\\/logo\\\/image\\\/\"},\"sameAs\":[\"https:\\\/\\\/www.facebook.com\\\/p\\\/Espace-menager-2000-100068469618146\\\/\"]}]}<\/script>\n<!-- \/ Yoast SEO plugin. -->","yoast_head_json":{"title":"Montre Garmin Instinct 2X Solar Tactical Edition - 449 \u20ac - Vente d&#039;\u00c9lectrom\u00e9nager Neuf et Garanti \u00e0 Paris","description":"Taill\u00e9e pour les\u00a0aventures outdoor, la\u00a0montre Garmin Instinct 2X Solar Tactical Edition\u00a0est une alli\u00e9e\u00a0robuste\u00a0pour faire face \u00e0 tous les d\u00e9fis. Sa\u00a0polyvalence\u00a0la rend indispensable dans votre qu\u00eate de\u00a0fiabilit\u00e9\u00a0et d\u2019exigence.","robots":{"index":"index","follow":"follow","max-snippet":"max-snippet:-1","max-image-preview":"max-image-preview:large","max-video-preview":"max-video-preview:-1"},"canonical":"https:\/\/espacemenager2000.fr\/en\/product\/montre-garmin-instinct-2x-solar-tactical-edition\/","og_locale":"en_US","og_type":"article","og_title":"Montre Garmin Instinct 2X Solar Tactical Edition - 449 \u20ac - Vente d&#039;\u00c9lectrom\u00e9nager Neuf et Garanti \u00e0 Paris","og_description":"Taill\u00e9e pour les\u00a0aventures outdoor, la\u00a0montre Garmin Instinct 2X Solar Tactical Edition\u00a0est une alli\u00e9e\u00a0robuste\u00a0pour faire face \u00e0 tous les d\u00e9fis. Sa\u00a0polyvalence\u00a0la rend indispensable dans votre qu\u00eate de\u00a0fiabilit\u00e9\u00a0et d\u2019exigence.","og_url":"https:\/\/espacemenager2000.fr\/en\/product\/montre-garmin-instinct-2x-solar-tactical-edition\/","og_site_name":"Vente d&#039;\u00c9lectrom\u00e9nager Neuf et Garanti \u00e0 Paris","article_publisher":"https:\/\/www.facebook.com\/p\/Espace-menager-2000-100068469618146\/","article_modified_time":"2026-05-14T00:30:54+00:00","og_image":[{"width":802,"height":802,"url":"https:\/\/espacemenager2000.fr\/wp-content\/uploads\/2026\/05\/Montre-Garmin-Instinct-2X-Solar-Tactical-Edition-1.jpg","type":"image\/jpeg"}],"twitter_card":"summary_large_image","twitter_misc":{"Est. reading time":"6 minutes"},"schema":{"@context":"https:\/\/schema.org","@graph":[{"@type":"WebPage","@id":"https:\/\/espacemenager2000.fr\/produit\/montre-garmin-instinct-2x-solar-tactical-edition\/","url":"https:\/\/espacemenager2000.fr\/produit\/montre-garmin-instinct-2x-solar-tactical-edition\/","name":"Montre Garmin Instinct 2X Solar Tactical Edition - 449 \u20ac - Vente d&#039;\u00c9lectrom\u00e9nager Neuf et Garanti \u00e0 Paris","isPartOf":{"@id":"https:\/\/espacemenager2000.fr\/#website"},"primaryImageOfPage":{"@id":"https:\/\/espacemenager2000.fr\/produit\/montre-garmin-instinct-2x-solar-tactical-edition\/#primaryimage"},"image":{"@id":"https:\/\/espacemenager2000.fr\/produit\/montre-garmin-instinct-2x-solar-tactical-edition\/#primaryimage"},"thumbnailUrl":"https:\/\/espacemenager2000.fr\/wp-content\/uploads\/2026\/05\/Montre-Garmin-Instinct-2X-Solar-Tactical-Edition-1.jpg","datePublished":"2026-05-10T20:50:51+00:00","dateModified":"2026-05-14T00:30:54+00:00","description":"Taill\u00e9e pour les\u00a0aventures outdoor, la\u00a0montre Garmin Instinct 2X Solar Tactical Edition\u00a0est une alli\u00e9e\u00a0robuste\u00a0pour faire face \u00e0 tous les d\u00e9fis. Sa\u00a0polyvalence\u00a0la rend indispensable dans votre qu\u00eate de\u00a0fiabilit\u00e9\u00a0et d\u2019exigence.","breadcrumb":{"@id":"https:\/\/espacemenager2000.fr\/produit\/montre-garmin-instinct-2x-solar-tactical-edition\/#breadcrumb"},"inLanguage":"en-US","potentialAction":[{"@type":"ReadAction","target":["https:\/\/espacemenager2000.fr\/produit\/montre-garmin-instinct-2x-solar-tactical-edition\/"]}]},{"@type":"ImageObject","inLanguage":"en-US","@id":"https:\/\/espacemenager2000.fr\/produit\/montre-garmin-instinct-2x-solar-tactical-edition\/#primaryimage","url":"https:\/\/espacemenager2000.fr\/wp-content\/uploads\/2026\/05\/Montre-Garmin-Instinct-2X-Solar-Tactical-Edition-1.jpg","contentUrl":"https:\/\/espacemenager2000.fr\/wp-content\/uploads\/2026\/05\/Montre-Garmin-Instinct-2X-Solar-Tactical-Edition-1.jpg","width":802,"height":802},{"@type":"BreadcrumbList","@id":"https:\/\/espacemenager2000.fr\/produit\/montre-garmin-instinct-2x-solar-tactical-edition\/#breadcrumb","itemListElement":[{"@type":"ListItem","position":1,"name":"Accueil","item":"https:\/\/espacemenager2000.fr\/"},{"@type":"ListItem","position":2,"name":"Boutique","item":"https:\/\/espacemenager2000.fr\/boutique\/"},{"@type":"ListItem","position":3,"name":"Montre Garmin Instinct 2X Solar Tactical Edition"}]},{"@type":"WebSite","@id":"https:\/\/espacemenager2000.fr\/#website","url":"https:\/\/espacemenager2000.fr\/","name":"Espace Menager 2000","description":"Expert en \u00e9lectrom\u00e9nager depuis 2001, Espace M\u00e9nager 2000 vous propose une large gamme de produits : lave-linge, r\u00e9frig\u00e9rateurs, \u00e9lectronique et fitness. Profitez de notre savoir-faire en vente, r\u00e9paration et d\u00e9pannage. Livraison rapide dans toute la zone Euro. Qualit\u00e9 et service garantis.","publisher":{"@id":"https:\/\/espacemenager2000.fr\/#organization"},"potentialAction":[{"@type":"SearchAction","target":{"@type":"EntryPoint","urlTemplate":"https:\/\/espacemenager2000.fr\/?s={search_term_string}"},"query-input":{"@type":"PropertyValueSpecification","valueRequired":true,"valueName":"search_term_string"}}],"inLanguage":"en-US"},{"@type":"Organization","@id":"https:\/\/espacemenager2000.fr\/#organization","name":"Espace Menager 2000","url":"https:\/\/espacemenager2000.fr\/","logo":{"@type":"ImageObject","inLanguage":"en-US","@id":"https:\/\/espacemenager2000.fr\/#\/schema\/logo\/image\/","url":"https:\/\/espacemenager2000.fr\/wp-content\/uploads\/2026\/05\/Fav-Em2000.png","contentUrl":"https:\/\/espacemenager2000.fr\/wp-content\/uploads\/2026\/05\/Fav-Em2000.png","width":369,"height":369,"caption":"Espace Menager 2000"},"image":{"@id":"https:\/\/espacemenager2000.fr\/#\/schema\/logo\/image\/"},"sameAs":["https:\/\/www.facebook.com\/p\/Espace-menager-2000-100068469618146\/"]}]}},"_links":{"self":[{"href":"https:\/\/espacemenager2000.fr\/en\/wp-json\/wp\/v2\/product\/13947","targetHints":{"allow":["GET"]}}],"collection":[{"href":"https:\/\/espacemenager2000.fr\/en\/wp-json\/wp\/v2\/product"}],"about":[{"href":"https:\/\/espacemenager2000.fr\/en\/wp-json\/wp\/v2\/types\/product"}],"replies":[{"embeddable":true,"href":"https:\/\/espacemenager2000.fr\/en\/wp-json\/wp\/v2\/comments?post=13947"}],"wp:featuredmedia":[{"embeddable":true,"href":"https:\/\/espacemenager2000.fr\/en\/wp-json\/wp\/v2\/media\/13973"}],"wp:attachment":[{"href":"https:\/\/espacemenager2000.fr\/en\/wp-json\/wp\/v2\/media?parent=13947"}],"wp:term":[{"taxonomy":"product_brand","embeddable":true,"href":"https:\/\/espacemenager2000.fr\/en\/wp-json\/wp\/v2\/product_brand?post=13947"},{"taxonomy":"product_cat","embeddable":true,"href":"https:\/\/espacemenager2000.fr\/en\/wp-json\/wp\/v2\/product_cat?post=13947"},{"taxonomy":"product_tag","embeddable":true,"href":"https:\/\/espacemenager2000.fr\/en\/wp-json\/wp\/v2\/product_tag?post=13947"}],"curies":[{"name":"wp","href":"https:\/\/api.w.org\/{rel}","templated":true}]}}