{"id":13913,"date":"2026-05-10T20:50:34","date_gmt":"2026-05-10T20:50:34","guid":{"rendered":"https:\/\/espacemenager2000.fr\/?post_type=product&#038;p=13913"},"modified":"2026-05-10T20:50:50","modified_gmt":"2026-05-10T20:50:50","slug":"montre-connectee-coros-nomad","status":"publish","type":"product","link":"https:\/\/espacemenager2000.fr\/en\/product\/montre-connectee-coros-nomad\/","title":{"rendered":"Montre connect\u00e9e Coros Nomad"},"content":{"rendered":"<p>Pens\u00e9e pour des\u00a0<strong>randonn\u00e9es<\/strong>\u00a0et des\u00a0<strong>aventures outdoor<\/strong> r\u00e9ussies, la <strong>Montre connect\u00e9e Coros Nomad<\/strong>\u00a0vous offre un large panel de\u00a0possibilit\u00e9s pour r\u00e9pondre \u00e0 toutes vos envies.<\/p>\n<h2><span class=\"m-accordion__header\"><span class=\"m-accordion__header__title\">Description Montre connect\u00e9e Coros Nomad<\/span><\/span><\/h2>\n<div class=\"m-accordion__content js-readMore\">\n<div class=\"m-readMore__content js-readMore-container\">\n<div class=\"prdDtl__contentSection__content\">\n<p>Pens\u00e9e pour des\u00a0<strong>randonn\u00e9es<\/strong>\u00a0et des\u00a0<strong>aventures outdoor<\/strong>\u00a0r\u00e9ussies, la\u00a0<strong>montre COROS Nomad<\/strong>\u00a0vous offre un large panel de\u00a0possibilit\u00e9s pour r\u00e9pondre \u00e0 toutes vos envies.<\/p>\n<p>&nbsp;<\/p>\n<p>Vous obtenez rapidement des\u00a0<strong>informations essentielles sur l&#8217;environnement<\/strong>\u00a0qui vous entoure gr\u00e2ce \u00e0 l&#8217;int\u00e9gration de\u00a0<strong>cartes mondiales<\/strong>\u00a0et de donn\u00e9es\u00a0<strong>m\u00e9t\u00e9orologiques<\/strong>. Une fonction retour est pr\u00e9sente pour vous aider \u00e0 toujours retrouver votre chemin et votre point de d\u00e9part.<\/p>\n<p>&nbsp;<\/p>\n<p>Vous enregistrez des\u00a0<strong>notes vocales<\/strong>\u00a0qui sont \u00e9pingl\u00e9es \u00e0 votre itin\u00e9raire dans l&#8217;application. Vous\u00a0<strong>sauvegardez vos lieux pr\u00e9f\u00e9r\u00e9s<\/strong>, vous partagez vos photos et consultez les moindres d\u00e9tails de vos sorties, notamment avec le\u00a0<strong>survol de l&#8217;activit\u00e9<\/strong>.<\/p>\n<p>&nbsp;<\/p>\n<p>Son\u00a0<strong>GPS<\/strong>\u00a0vous promet une localisation pr\u00e9cise \u00e0 chaque instant et vous b\u00e9n\u00e9ficiez d&#8217;un suivi de votre \u00e9tat de forme gr\u00e2ce au\u00a0<strong>capteur de fr\u00e9quence cardiaque<\/strong>. Plus de\u00a0<strong>40 disciplines sportives<\/strong>\u00a0sont prises en charge et vous \u00eates inform\u00e9 du temps de r\u00e9cup\u00e9ration conseill\u00e9.<\/p>\n<p>&nbsp;<\/p>\n<p>Les\u00a0<strong>p\u00eacheurs<\/strong>\u00a0ont acc\u00e8s aux tendances climatiques, aux phases lunaires et \u00e0 une surveillance en temps r\u00e9el des mar\u00e9es. Pratique et ludique, ils peuvent\u00a0noter chacune de leurs prises.\u00a0Un\u00a0<strong>mode nuit<\/strong>\u00a0est\u00a0pr\u00e9vu pour une visibilit\u00e9 optimale\u00a0par basse luminosit\u00e9.<\/p>\n<p>&nbsp;<\/p>\n<p>La\u00a0<strong>charge d&#8217;entra\u00eenement<\/strong>\u00a0affiche l&#8217;intensit\u00e9 de chacune de vos sessions et une analyse de votre\u00a0<strong>condition physique<\/strong>\u00a0vous indique si vous \u00eates pr\u00eat\u00a0\u00e0 recommencer un effort aussi important.<\/p>\n<p>&nbsp;<\/p>\n<p>La\u00a0<strong>lunette robuste<\/strong>\u00a0arbore une double couche pour une r\u00e9sistance accrue aux chocs. Le\u00a0<strong>cadran en acier<\/strong>\u00a0apporte un surplus de\u00a0<strong>fiabilit\u00e9<\/strong>\u00a0pour vous permettre d&#8217;affronter la pluie, la neige et bien plus encore.<\/p>\n<p>&nbsp;<\/p>\n<p>Vous profitez d&#8217;une\u00a0<strong>autonomie<\/strong>\u00a0capable de s&#8217;\u00e9tendre\u00a0<strong>jusqu&#8217;\u00e0 22 jours<\/strong>\u00a0pour un usage quotidien et\u00a0<strong>50 heures<\/strong>\u00a0avec tous les syst\u00e8mes satellitaires actifs.<\/p>\n<p>&nbsp;<\/p>\n<h3>Points cl\u00e9s de la\u00a0<strong>montre COROS Nomad<\/strong><\/h3>\n<ul>\n<li><strong>Cartes mondiales int\u00e9gr\u00e9es<\/strong><\/li>\n<li><strong>Donn\u00e9es m\u00e9t\u00e9orologiques en temps r\u00e9el<\/strong><\/li>\n<li><strong>Autonomie<\/strong>\u00a0: jusqu&#8217;\u00e0 22 jours\u00a0(usage quotidien), 50h (tous syst\u00e8mes satellitaires actifs), 34h (double fr\u00e9quence)<\/li>\n<li><strong>Fonction retour<\/strong>\u00a0: itin\u00e9raire pour revenir au point de d\u00e9part<\/li>\n<li><strong>Enregistrement de notes vocales<\/strong><\/li>\n<li><strong>Fonctions d\u00e9di\u00e9es \u00e0 la p\u00eache<\/strong>\u00a0: pr\u00e9visions m\u00e9t\u00e9o, donn\u00e9es des mar\u00e9es, conseils sur les horaires, enregistrement des prises<\/li>\n<li><strong>Sauvegarde des lieux de pr\u00e9dilection ou rep\u00e8res<\/strong><\/li>\n<li><strong>GPS\u00a0double fr\u00e9quence<\/strong><\/li>\n<li><strong>Capteur de fr\u00e9quence cardiaque int\u00e9gr\u00e9<\/strong><\/li>\n<li><strong>Application COROS<\/strong>\u00a0: notes vocales \u00e9pingl\u00e9es sur les itin\u00e9raires, synchronisation des lieux enregistr\u00e9s, photos, vid\u00e9os etc.<\/li>\n<li><strong>Altim\u00e8tre barom\u00e8trique<\/strong><\/li>\n<li><strong>Boussole 3D<\/strong><\/li>\n<li><strong>Thermom\u00e8tre<\/strong><\/li>\n<li><strong>Oxym\u00e8tre de pouls optique<\/strong><\/li>\n<li><strong>40 sports int\u00e9gr\u00e9s<\/strong>\u00a0: running, trail, cyclisme, natation etc.<\/li>\n<li><strong>Mode nuit<\/strong>\u00a0: lisibilit\u00e9 optimale par basse luminosit\u00e9<\/li>\n<li><strong>Charge d&#8217;entra\u00eenement<\/strong>\u00a0: affiche l&#8217;intensit\u00e9 des entra\u00eenement<\/li>\n<li><strong>Condition physique<\/strong>\u00a0: indique si le corps est pr\u00eat \u00e0 refaire un effort intense<\/li>\n<li><strong>Niveau d&#8217;entra\u00eenement<\/strong>\u00a0: indique l&#8217;impact des sessions sportives sur votre organisme<\/li>\n<li><strong>Minuteur de r\u00e9cup\u00e9ration<\/strong>\u00a0: conseils personnalis\u00e9s selon votre \u00e9tat de forme<\/li>\n<li><strong>Lunette avec double couche, dont une couche en aluminium<\/strong>\u00a0: robustesse et l\u00e9g\u00e8ret\u00e9<\/li>\n<li><strong>Stockage de musique<\/strong>\u00a0: 32 Go<\/li>\n<li><strong>Cadran en acier<\/strong>\u00a0:\u00a0r\u00e9sistance \u00e0 la pluie, au froid, au chaud, \u00e0 la boue et \u00e0 la neige<\/li>\n<li><strong>Le c\u00e2ble USB-C n&#8217;est pas inclus<\/strong><\/li>\n<\/ul>\n<h2><span class=\"m-accordion__header\"><span class=\"m-accordion__header__title\">Technologies Montre connect\u00e9e Coros Nomad<\/span><\/span><\/h2>\n<div class=\"m-accordion__content js-readMore\">\n<div class=\"m-readMore__content js-readMore-container\">\n<div class=\"prdDtl__contentSection__content\">\n<dl>\n<dt>Charge d&#8217;entra\u00eenement<\/dt>\n<dd>La charge d&#8217;entra\u00eenement montre \u00e0 quel point une activit\u00e9 \u00e9tait intense en fonction de sa dur\u00e9e et de son intensit\u00e9. Plus le chiffre est \u00e9lev\u00e9, plus l&#8217;entra\u00eenement \u00e9tait dur.<\/dd>\n<dt>Condition physique<\/dt>\n<dd>La condition physique\u00a0 montre si vous \u00eates pr\u00eat pour un entra\u00eenement plus intense en suivant votre charge d&#8217;entra\u00eenement des 42 derniers jours (en donnant plus de poids aux activit\u00e9s r\u00e9centes).<\/dd>\n<dt>Minuteur de r\u00e9cup\u00e9ration<\/dt>\n<dd>Le minuteur de r\u00e9cup\u00e9ration vous aide \u00e0 vous entra\u00eener plus intelligemment en indiquant quand se reposer, ralentir ou acc\u00e9l\u00e9rer, en fonction de des donn\u00e9es de forme, de vos entra\u00eenements r\u00e9cents et de votre niveau de r\u00e9cup\u00e9ration.<\/dd>\n<dt>Niveau d&#8217;entra\u00eenement<\/dt>\n<dd>Le niveau d&#8217;entra\u00eenement montre comment les entra\u00eenements r\u00e9cents affectent votre corps en suivant votre forme physique \u00e0 long terme, l&#8217;impact des entra\u00eenements \u00e0 court terme et l&#8217;intensit\u00e9 des efforts par rapport \u00e0 d&#8217;habitude.<\/dd>\n<dt>Suivi du sommeil<\/dt>\n<dd>Suivez chacune de vos phases de sommeil et leur qualit\u00e9 pour savoir si vous r\u00e9cup\u00e9rez bien entre deux sorties.<\/dd>\n<dt>Sp02<\/dt>\n<dd>Le SpO2 aide \u00e0 savoir comment le corps r\u00e9agit \u00e0 l&#8217;altitude : mesure du taux d&#8217;oxyg\u00e8ne dans le sang aide pour rep\u00e9rer les baisses d&#8217;oxyg\u00e8ne avant qu&#8217;elles ne vous ralentissent.<\/dd>\n<dt>Fr\u00e9quence cardiaque au repos<\/dt>\n<dd>Un changement dans la fr\u00e9quence cardiaque au repos peut signaler une fatigue avant m\u00eame de la ressentir.<\/p>\n<p>&nbsp;<\/dd>\n<dt>Stress quotidien<\/dt>\n<dd>Longues randonn\u00e9es, mauvais sommeil, journ\u00e9es difficiles&#8230; COROS enregistre tout pour savoir quand votre corps a besoin d&#8217;une pause.<\/p>\n<p>&nbsp;<\/dd>\n<dt>Bilan de sant\u00e9<\/dt>\n<dd>Aper\u00e7u rapide de votre \u00e9tat physique : fr\u00e9quence respiratoire, VFC, SpO2, etc.<\/p>\n<p>&nbsp;<\/dd>\n<\/dl>\n<\/div>\n<\/div>\n<\/div>\n<\/div>\n<\/div>\n<\/div>","protected":false},"excerpt":{"rendered":"<div class=\"app__overview__intro__description\">\n<p>Pens\u00e9e pour des\u00a0<strong>randonn\u00e9es<\/strong>\u00a0et des\u00a0<strong>aventures outdoor<\/strong> r\u00e9ussies, la\u00a0<strong>Montre de sport Coros Nomad<\/strong>\u00a0vous offre un large panel de\u00a0possibilit\u00e9s pour r\u00e9pondre \u00e0 toutes vos envies.<\/p>\n<\/div>\n<div class=\"app__column-layout app__column-layout__column--6 app__column-layout__column__mobile--2 app__overview__intro__icons\"><\/div>","protected":false},"featured_media":13941,"comment_status":"open","ping_status":"closed","template":"","meta":[],"product_brand":[386],"product_cat":[17,87,98,99,97,106,84,18,85],"product_tag":[100,101],"class_list":{"0":"post-13913","1":"product","2":"type-product","3":"status-publish","4":"has-post-thumbnail","6":"product_brand-coros","7":"product_cat-bons-plans","8":"product_cat-electronique","9":"product_cat-montres-connectees","10":"product_cat-montres-de-sport","11":"product_cat-montres-et-bracelets-connectes","12":"product_cat-montres-gps","13":"product_cat-nouveautes","14":"product_cat-promotions","15":"product_cat-top-ventes","16":"product_tag-montres-connectees","17":"product_tag-montres-de-sport","19":"first","20":"instock","21":"sale","22":"shipping-taxable","23":"purchasable","24":"product-type-variable"},"yoast_head":"<!-- This site is optimized with the Yoast SEO plugin v27.6 - https:\/\/yoast.com\/product\/yoast-seo-wordpress\/ -->\n<title>Montre connect\u00e9e Coros Nomad - 299 \u20ac - Vente d&#039;\u00c9lectrom\u00e9nager Neuf et Garanti \u00e0 Paris<\/title>\n<meta name=\"description\" content=\"Pens\u00e9e pour des\u00a0randonn\u00e9es\u00a0et des\u00a0aventures outdoor r\u00e9ussies, la\u00a0Montre connect\u00e9e Coros Nomad\u00a0vous offre un large panel de\u00a0possibilit\u00e9s pour r\u00e9pondre \u00e0 toutes vos envies.\" \/>\n<meta name=\"robots\" content=\"index, follow, max-snippet:-1, max-image-preview:large, max-video-preview:-1\" \/>\n<link rel=\"canonical\" href=\"https:\/\/espacemenager2000.fr\/en\/product\/montre-connectee-coros-nomad\/\" \/>\n<meta property=\"og:locale\" content=\"en_US\" \/>\n<meta property=\"og:type\" content=\"article\" \/>\n<meta property=\"og:title\" content=\"Montre connect\u00e9e Coros Nomad - 299 \u20ac - Vente d&#039;\u00c9lectrom\u00e9nager Neuf et Garanti \u00e0 Paris\" \/>\n<meta property=\"og:description\" content=\"Pens\u00e9e pour des\u00a0randonn\u00e9es\u00a0et des\u00a0aventures outdoor r\u00e9ussies, la\u00a0Montre connect\u00e9e Coros Nomad\u00a0vous offre un large panel de\u00a0possibilit\u00e9s pour r\u00e9pondre \u00e0 toutes vos envies.\" \/>\n<meta property=\"og:url\" content=\"https:\/\/espacemenager2000.fr\/en\/product\/montre-connectee-coros-nomad\/\" \/>\n<meta property=\"og:site_name\" content=\"Vente d&#039;\u00c9lectrom\u00e9nager Neuf et Garanti \u00e0 Paris\" \/>\n<meta property=\"article:publisher\" content=\"https:\/\/www.facebook.com\/p\/Espace-menager-2000-100068469618146\/\" \/>\n<meta property=\"article:modified_time\" content=\"2026-05-10T20:50:50+00:00\" \/>\n<meta property=\"og:image\" content=\"https:\/\/espacemenager2000.fr\/wp-content\/uploads\/2026\/05\/Montre-de-sport-Coros-Nomad.jpg\" \/>\n\t<meta property=\"og:image:width\" content=\"800\" \/>\n\t<meta property=\"og:image:height\" content=\"800\" \/>\n\t<meta property=\"og:image:type\" content=\"image\/jpeg\" \/>\n<meta name=\"twitter:card\" content=\"summary_large_image\" \/>\n<meta name=\"twitter:label1\" content=\"Est. reading time\" \/>\n\t<meta name=\"twitter:data1\" content=\"5 minutes\" \/>\n<script type=\"application\/ld+json\" class=\"yoast-schema-graph\">{\"@context\":\"https:\\\/\\\/schema.org\",\"@graph\":[{\"@type\":\"WebPage\",\"@id\":\"https:\\\/\\\/espacemenager2000.fr\\\/produit\\\/montre-connectee-coros-nomad\\\/\",\"url\":\"https:\\\/\\\/espacemenager2000.fr\\\/produit\\\/montre-connectee-coros-nomad\\\/\",\"name\":\"Montre connect\u00e9e Coros Nomad - 299 \u20ac - Vente d&#039;\u00c9lectrom\u00e9nager Neuf et Garanti \u00e0 Paris\",\"isPartOf\":{\"@id\":\"https:\\\/\\\/espacemenager2000.fr\\\/#website\"},\"primaryImageOfPage\":{\"@id\":\"https:\\\/\\\/espacemenager2000.fr\\\/produit\\\/montre-connectee-coros-nomad\\\/#primaryimage\"},\"image\":{\"@id\":\"https:\\\/\\\/espacemenager2000.fr\\\/produit\\\/montre-connectee-coros-nomad\\\/#primaryimage\"},\"thumbnailUrl\":\"https:\\\/\\\/espacemenager2000.fr\\\/wp-content\\\/uploads\\\/2026\\\/05\\\/Montre-de-sport-Coros-Nomad.jpg\",\"datePublished\":\"2026-05-10T20:50:34+00:00\",\"dateModified\":\"2026-05-10T20:50:50+00:00\",\"description\":\"Pens\u00e9e pour des\u00a0randonn\u00e9es\u00a0et des\u00a0aventures outdoor r\u00e9ussies, la\u00a0Montre connect\u00e9e Coros Nomad\u00a0vous offre un large panel de\u00a0possibilit\u00e9s pour r\u00e9pondre \u00e0 toutes vos envies.\",\"breadcrumb\":{\"@id\":\"https:\\\/\\\/espacemenager2000.fr\\\/produit\\\/montre-connectee-coros-nomad\\\/#breadcrumb\"},\"inLanguage\":\"en-US\",\"potentialAction\":[{\"@type\":\"ReadAction\",\"target\":[\"https:\\\/\\\/espacemenager2000.fr\\\/produit\\\/montre-connectee-coros-nomad\\\/\"]}]},{\"@type\":\"ImageObject\",\"inLanguage\":\"en-US\",\"@id\":\"https:\\\/\\\/espacemenager2000.fr\\\/produit\\\/montre-connectee-coros-nomad\\\/#primaryimage\",\"url\":\"https:\\\/\\\/espacemenager2000.fr\\\/wp-content\\\/uploads\\\/2026\\\/05\\\/Montre-de-sport-Coros-Nomad.jpg\",\"contentUrl\":\"https:\\\/\\\/espacemenager2000.fr\\\/wp-content\\\/uploads\\\/2026\\\/05\\\/Montre-de-sport-Coros-Nomad.jpg\",\"width\":800,\"height\":800},{\"@type\":\"BreadcrumbList\",\"@id\":\"https:\\\/\\\/espacemenager2000.fr\\\/produit\\\/montre-connectee-coros-nomad\\\/#breadcrumb\",\"itemListElement\":[{\"@type\":\"ListItem\",\"position\":1,\"name\":\"Accueil\",\"item\":\"https:\\\/\\\/espacemenager2000.fr\\\/\"},{\"@type\":\"ListItem\",\"position\":2,\"name\":\"Boutique\",\"item\":\"https:\\\/\\\/espacemenager2000.fr\\\/boutique\\\/\"},{\"@type\":\"ListItem\",\"position\":3,\"name\":\"Montre connect\u00e9e Coros Nomad\"}]},{\"@type\":\"WebSite\",\"@id\":\"https:\\\/\\\/espacemenager2000.fr\\\/#website\",\"url\":\"https:\\\/\\\/espacemenager2000.fr\\\/\",\"name\":\"Espace Menager 2000\",\"description\":\"Expert en \u00e9lectrom\u00e9nager depuis 2001, Espace M\u00e9nager 2000 vous propose une large gamme de produits : lave-linge, r\u00e9frig\u00e9rateurs, \u00e9lectronique et fitness. Profitez de notre savoir-faire en vente, r\u00e9paration et d\u00e9pannage. Livraison rapide dans toute la zone Euro. Qualit\u00e9 et service garantis.\",\"publisher\":{\"@id\":\"https:\\\/\\\/espacemenager2000.fr\\\/#organization\"},\"potentialAction\":[{\"@type\":\"SearchAction\",\"target\":{\"@type\":\"EntryPoint\",\"urlTemplate\":\"https:\\\/\\\/espacemenager2000.fr\\\/?s={search_term_string}\"},\"query-input\":{\"@type\":\"PropertyValueSpecification\",\"valueRequired\":true,\"valueName\":\"search_term_string\"}}],\"inLanguage\":\"en-US\"},{\"@type\":\"Organization\",\"@id\":\"https:\\\/\\\/espacemenager2000.fr\\\/#organization\",\"name\":\"Espace Menager 2000\",\"url\":\"https:\\\/\\\/espacemenager2000.fr\\\/\",\"logo\":{\"@type\":\"ImageObject\",\"inLanguage\":\"en-US\",\"@id\":\"https:\\\/\\\/espacemenager2000.fr\\\/#\\\/schema\\\/logo\\\/image\\\/\",\"url\":\"https:\\\/\\\/espacemenager2000.fr\\\/wp-content\\\/uploads\\\/2026\\\/05\\\/Fav-Em2000.png\",\"contentUrl\":\"https:\\\/\\\/espacemenager2000.fr\\\/wp-content\\\/uploads\\\/2026\\\/05\\\/Fav-Em2000.png\",\"width\":369,\"height\":369,\"caption\":\"Espace Menager 2000\"},\"image\":{\"@id\":\"https:\\\/\\\/espacemenager2000.fr\\\/#\\\/schema\\\/logo\\\/image\\\/\"},\"sameAs\":[\"https:\\\/\\\/www.facebook.com\\\/p\\\/Espace-menager-2000-100068469618146\\\/\"]}]}<\/script>\n<!-- \/ Yoast SEO plugin. -->","yoast_head_json":{"title":"Montre connect\u00e9e Coros Nomad - 299 \u20ac - Vente d&#039;\u00c9lectrom\u00e9nager Neuf et Garanti \u00e0 Paris","description":"Pens\u00e9e pour des\u00a0randonn\u00e9es\u00a0et des\u00a0aventures outdoor r\u00e9ussies, la\u00a0Montre connect\u00e9e Coros Nomad\u00a0vous offre un large panel de\u00a0possibilit\u00e9s pour r\u00e9pondre \u00e0 toutes vos envies.","robots":{"index":"index","follow":"follow","max-snippet":"max-snippet:-1","max-image-preview":"max-image-preview:large","max-video-preview":"max-video-preview:-1"},"canonical":"https:\/\/espacemenager2000.fr\/en\/product\/montre-connectee-coros-nomad\/","og_locale":"en_US","og_type":"article","og_title":"Montre connect\u00e9e Coros Nomad - 299 \u20ac - Vente d&#039;\u00c9lectrom\u00e9nager Neuf et Garanti \u00e0 Paris","og_description":"Pens\u00e9e pour des\u00a0randonn\u00e9es\u00a0et des\u00a0aventures outdoor r\u00e9ussies, la\u00a0Montre connect\u00e9e Coros Nomad\u00a0vous offre un large panel de\u00a0possibilit\u00e9s pour r\u00e9pondre \u00e0 toutes vos envies.","og_url":"https:\/\/espacemenager2000.fr\/en\/product\/montre-connectee-coros-nomad\/","og_site_name":"Vente d&#039;\u00c9lectrom\u00e9nager Neuf et Garanti \u00e0 Paris","article_publisher":"https:\/\/www.facebook.com\/p\/Espace-menager-2000-100068469618146\/","article_modified_time":"2026-05-10T20:50:50+00:00","og_image":[{"width":800,"height":800,"url":"https:\/\/espacemenager2000.fr\/wp-content\/uploads\/2026\/05\/Montre-de-sport-Coros-Nomad.jpg","type":"image\/jpeg"}],"twitter_card":"summary_large_image","twitter_misc":{"Est. reading time":"5 minutes"},"schema":{"@context":"https:\/\/schema.org","@graph":[{"@type":"WebPage","@id":"https:\/\/espacemenager2000.fr\/produit\/montre-connectee-coros-nomad\/","url":"https:\/\/espacemenager2000.fr\/produit\/montre-connectee-coros-nomad\/","name":"Montre connect\u00e9e Coros Nomad - 299 \u20ac - Vente d&#039;\u00c9lectrom\u00e9nager Neuf et Garanti \u00e0 Paris","isPartOf":{"@id":"https:\/\/espacemenager2000.fr\/#website"},"primaryImageOfPage":{"@id":"https:\/\/espacemenager2000.fr\/produit\/montre-connectee-coros-nomad\/#primaryimage"},"image":{"@id":"https:\/\/espacemenager2000.fr\/produit\/montre-connectee-coros-nomad\/#primaryimage"},"thumbnailUrl":"https:\/\/espacemenager2000.fr\/wp-content\/uploads\/2026\/05\/Montre-de-sport-Coros-Nomad.jpg","datePublished":"2026-05-10T20:50:34+00:00","dateModified":"2026-05-10T20:50:50+00:00","description":"Pens\u00e9e pour des\u00a0randonn\u00e9es\u00a0et des\u00a0aventures outdoor r\u00e9ussies, la\u00a0Montre connect\u00e9e Coros Nomad\u00a0vous offre un large panel de\u00a0possibilit\u00e9s pour r\u00e9pondre \u00e0 toutes vos envies.","breadcrumb":{"@id":"https:\/\/espacemenager2000.fr\/produit\/montre-connectee-coros-nomad\/#breadcrumb"},"inLanguage":"en-US","potentialAction":[{"@type":"ReadAction","target":["https:\/\/espacemenager2000.fr\/produit\/montre-connectee-coros-nomad\/"]}]},{"@type":"ImageObject","inLanguage":"en-US","@id":"https:\/\/espacemenager2000.fr\/produit\/montre-connectee-coros-nomad\/#primaryimage","url":"https:\/\/espacemenager2000.fr\/wp-content\/uploads\/2026\/05\/Montre-de-sport-Coros-Nomad.jpg","contentUrl":"https:\/\/espacemenager2000.fr\/wp-content\/uploads\/2026\/05\/Montre-de-sport-Coros-Nomad.jpg","width":800,"height":800},{"@type":"BreadcrumbList","@id":"https:\/\/espacemenager2000.fr\/produit\/montre-connectee-coros-nomad\/#breadcrumb","itemListElement":[{"@type":"ListItem","position":1,"name":"Accueil","item":"https:\/\/espacemenager2000.fr\/"},{"@type":"ListItem","position":2,"name":"Boutique","item":"https:\/\/espacemenager2000.fr\/boutique\/"},{"@type":"ListItem","position":3,"name":"Montre connect\u00e9e Coros Nomad"}]},{"@type":"WebSite","@id":"https:\/\/espacemenager2000.fr\/#website","url":"https:\/\/espacemenager2000.fr\/","name":"Espace Menager 2000","description":"Expert en \u00e9lectrom\u00e9nager depuis 2001, Espace M\u00e9nager 2000 vous propose une large gamme de produits : lave-linge, r\u00e9frig\u00e9rateurs, \u00e9lectronique et fitness. Profitez de notre savoir-faire en vente, r\u00e9paration et d\u00e9pannage. Livraison rapide dans toute la zone Euro. Qualit\u00e9 et service garantis.","publisher":{"@id":"https:\/\/espacemenager2000.fr\/#organization"},"potentialAction":[{"@type":"SearchAction","target":{"@type":"EntryPoint","urlTemplate":"https:\/\/espacemenager2000.fr\/?s={search_term_string}"},"query-input":{"@type":"PropertyValueSpecification","valueRequired":true,"valueName":"search_term_string"}}],"inLanguage":"en-US"},{"@type":"Organization","@id":"https:\/\/espacemenager2000.fr\/#organization","name":"Espace Menager 2000","url":"https:\/\/espacemenager2000.fr\/","logo":{"@type":"ImageObject","inLanguage":"en-US","@id":"https:\/\/espacemenager2000.fr\/#\/schema\/logo\/image\/","url":"https:\/\/espacemenager2000.fr\/wp-content\/uploads\/2026\/05\/Fav-Em2000.png","contentUrl":"https:\/\/espacemenager2000.fr\/wp-content\/uploads\/2026\/05\/Fav-Em2000.png","width":369,"height":369,"caption":"Espace Menager 2000"},"image":{"@id":"https:\/\/espacemenager2000.fr\/#\/schema\/logo\/image\/"},"sameAs":["https:\/\/www.facebook.com\/p\/Espace-menager-2000-100068469618146\/"]}]}},"_links":{"self":[{"href":"https:\/\/espacemenager2000.fr\/en\/wp-json\/wp\/v2\/product\/13913","targetHints":{"allow":["GET"]}}],"collection":[{"href":"https:\/\/espacemenager2000.fr\/en\/wp-json\/wp\/v2\/product"}],"about":[{"href":"https:\/\/espacemenager2000.fr\/en\/wp-json\/wp\/v2\/types\/product"}],"replies":[{"embeddable":true,"href":"https:\/\/espacemenager2000.fr\/en\/wp-json\/wp\/v2\/comments?post=13913"}],"wp:featuredmedia":[{"embeddable":true,"href":"https:\/\/espacemenager2000.fr\/en\/wp-json\/wp\/v2\/media\/13941"}],"wp:attachment":[{"href":"https:\/\/espacemenager2000.fr\/en\/wp-json\/wp\/v2\/media?parent=13913"}],"wp:term":[{"taxonomy":"product_brand","embeddable":true,"href":"https:\/\/espacemenager2000.fr\/en\/wp-json\/wp\/v2\/product_brand?post=13913"},{"taxonomy":"product_cat","embeddable":true,"href":"https:\/\/espacemenager2000.fr\/en\/wp-json\/wp\/v2\/product_cat?post=13913"},{"taxonomy":"product_tag","embeddable":true,"href":"https:\/\/espacemenager2000.fr\/en\/wp-json\/wp\/v2\/product_tag?post=13913"}],"curies":[{"name":"wp","href":"https:\/\/api.w.org\/{rel}","templated":true}]}}