{"id":139,"date":"2025-12-22T16:10:26","date_gmt":"2025-12-22T16:10:26","guid":{"rendered":"https:\/\/espacemenager2000.fr\/?post_type=product&#038;p=139"},"modified":"2026-05-14T00:18:51","modified_gmt":"2026-05-14T00:18:51","slug":"tapis-de-course-adidas-t-23-bluetooth","status":"publish","type":"product","link":"https:\/\/espacemenager2000.fr\/en\/product\/tapis-de-course-adidas-t-23-bluetooth\/","title":{"rendered":"Tapis de Course Adidas T-23 + Bluetooth"},"content":{"rendered":"<h3>Tapis de Course Adidas T-23 + Bluetooth<\/h3>\n<div>Con\u00e7u pour am\u00e9liorer les s\u00e9ances d&#8217;entra\u00eenement cardio \u00e0 domicile,\u00a0<strong>le adidas T-23<\/strong>\u00a0int\u00e8gre la toute derni\u00e8re technologie de tapis de course ainsi que la fiabilit\u00e9 que vous \u00eates en droit d&#8217;attendre d&#8217;un appareil de gym commercial. \u00c9quip\u00e9 d&#8217;un puissant moteur de 4,5 ch au c\u0153ur de la structure \u00e9l\u00e9gante et minimaliste du tapis de course,<strong> le Tapis de Course Adidas T-23 + Bluetooth<\/strong>\u00a0offre une performance plus silencieuse et plus \u00e9conome en \u00e9nergie qui rivalise avec n&#8217;importe quel moteur haut de gamme.<\/div>\n<div><\/div>\n<div>\n<h3>Caract\u00e9ristiques Tapis de Course Adidas T-23 + Bluetooth<\/h3>\n<\/div>\n<div>\n<div>Con\u00e7u pour am\u00e9liorer les s\u00e9ances d&#8217;entra\u00eenement cardio \u00e0 domicile,\u00a0<strong>le adidas T-23<\/strong>\u00a0int\u00e8gre la toute derni\u00e8re technologie de tapis de course ainsi que la fiabilit\u00e9 que vous \u00eates en droit d&#8217;attendre d&#8217;un appareil de gym commercial. \u00c9quip\u00e9 d&#8217;un puissant moteur de 4,5 ch au c\u0153ur de la structure \u00e9l\u00e9gante et minimaliste du tapis de course,<strong>\u00a0le T-23<\/strong>\u00a0offre une performance plus silencieuse et plus \u00e9conome en \u00e9nergie qui rivalise avec n&#8217;importe quel moteur haut de gamme.<\/div>\n<div><\/div>\n<div><strong>N&#8217;est pas livr\u00e9 avec un r\u00e9cepteur pour l&#8217;utilisation de sangles de poitrine.<\/strong><\/div>\n<\/div>\n<div><\/div>\n<div><img fetchpriority=\"high\" decoding=\"async\" class=\"alignnone size-medium wp-image-21706\" src=\"https:\/\/rodeosport.fr\/wp-content\/uploads\/2025\/05\/Tapis-de-Course-Adidas-T-23-Bluetooth--300x300.jpg\" alt=\"Tapis de Course Adidas T-23 + Bluetooth\" width=\"300\" height=\"300\" \/><\/div>\n<div>\n<div><strong>Les points forts Tapis de Course Adidas T-23 + Bluetooth<\/strong><\/div>\n<div><\/div>\n<div>\n<ul>\n<li><strong>Les applications Kinomap et Zwift vous offrent des entra\u00eenements interactifs \u00e0 appr\u00e9cier pendant que vous vous entra\u00eenez.<\/strong><\/li>\n<li><strong>Une grande surface de course de 150&#215;52 cm dot\u00e9e d&#8217;un coussin NRG, qui permet d&#8217;att\u00e9nuer l&#8217;impact sur les articulations sensibles.<\/strong><\/li>\n<li><strong>15 niveaux d&#8217;inclinaison, un moteur de 4,5 ch et une vitesse maximale de 1-20km\/h.<\/strong><\/li>\n<li><strong>Les haut-parleurs Bluetooth offrent un son de haute qualit\u00e9<\/strong>.<\/li>\n<li><strong>Moteur continu: 2,5 ch et Moteur de pointe: 4,5 ch.<\/strong><\/li>\n<\/ul>\n<div>\n<h3><strong>Sp\u00e9cifications Adidas T-23<\/strong><\/h3>\n<\/div>\n<div><strong>La plage de vitesse de 1 \u00e0 20 km\/h (0,6 \u00e0 12,4 mph) vous permet de passer d&#8217;une marche douce \u00e0 un sprint rapide<\/strong><\/div>\n<div>15 niveaux d&#8217;inclinaison \u00e9lectronique vous permettent d&#8217;ajuster l&#8217;\u00e9l\u00e9vation et d&#8217;augmenter le d\u00e9fi.<\/div>\n<div><\/div>\n<div><strong>Le puissant moteur sans balais de 4,5 HP<\/strong><\/div>\n<div>Plus l\u00e9ger, plus silencieux et plus efficace qu&#8217;un moteur standard.<\/div>\n<div><strong>Les programmes de remise en forme comprennent 24 programmes pr\u00e9d\u00e9finis, 3 personnalis\u00e9s et 3 cibles<\/strong><\/div>\n<div>Les boutons de vitesse et d&#8217;inclinaison rapides sur les poign\u00e9es cr\u00e9ent des transitions d&#8217;intervalle nettes.<\/div>\n<div><\/div>\n<div><strong>Le support rotatif int\u00e9gr\u00e9 pour tablette\/t\u00e9l\u00e9phone<\/strong><\/div>\n<div>Vous permet de suivre les entra\u00eenements sur et hors du T-23.<\/div>\n<div>\n<div><\/div>\n<div><strong>Console LED \u00e9l\u00e9gante<\/strong><\/div>\n<div>Avec r\u00e9troaction sur la vitesse, le temps, la distance, les calories, le pouls, l&#8217;inclinaison et la fr\u00e9quence cardiaque.<\/div>\n<\/div>\n<\/div>\n<\/div>\n<div><\/div>\n<div>\n<div><strong>La qualit\u00e9 de construction fiable se traduit par un maximum \u00e9lev\u00e9.\u00a0poids de l&#8217;utilisateur de 150 kg<\/strong><\/div>\n<div>Les roues de transport int\u00e9gr\u00e9es facilitent le d\u00e9placement du tapis roulant dans votre maison.<\/div>\n<\/div>\n<div><\/div>\n<div><strong>Haut-parleurs Bluetooth<\/strong><br \/>\nqui se connectent sans fil \u00e0 votre t\u00e9l\u00e9phone ou \u00e0 votre tablette.<\/div>\n<div><\/div>\n<div>\n<div><strong>Un emballage 100% recyclable et sans polystyr\u00e8ne<\/strong><br \/>\nLe polystyr\u00e8ne expans\u00e9 n&#8217;est pas biod\u00e9gradable \u00e0 100% dans la nature et n&#8217;est pas durable.<\/div>\n<div>\n<div><\/div>\n<div><strong>Console et programmes<\/strong><\/div>\n<div><\/div>\n<div><strong>LCD r\u00e9tro-\u00e9clairage blanche et rouge<\/strong><\/div>\n<div>\n<p>24 programmes, 3 utilisateurs et graisse corporelle.<\/p>\n<div>\n<p><strong>Grande vari\u00e9t\u00e9 de programmes<\/strong><br \/>\nDistance cible, calories cibles, temps cible, 24 programmes pr\u00e9d\u00e9finis, graisse corporelle, syst\u00e8me de sommeil, 3 programmes d\u00e9finis par l&#8217;utilisateur, touches de vitesse rapide, touches d&#8217;inclinaison rapide et capteur de pouls manuel.<\/p>\n<p><strong>Une grande vari\u00e9t\u00e9 de fonctions<\/strong><br \/>\nTemps, distance, calories, vitesse, pouls, inclinaison, fr\u00e9quence cardiaque, graisse corporelle et graisse corporelle.<\/p>\n<\/div>\n<div>\n<p><strong><b>Autres avantages Tapis de Course Adidas T-23 + Bluetooth<\/b><\/strong><\/p>\n<p>&nbsp;<\/p>\n<table>\n<tbody>\n<tr>\n<td>Haut-parleurs<\/td>\n<td>\u2714\ufe0f<\/td>\n<\/tr>\n<tr>\n<td>USB<\/td>\n<td>\u2714\ufe0f<\/td>\n<\/tr>\n<tr>\n<td>Porte-bouteille<\/td>\n<td>\u2714\ufe0f<\/td>\n<\/tr>\n<tr>\n<td>Roues de transport<\/td>\n<td>\u2714\ufe0f<\/td>\n<\/tr>\n<tr>\n<td>R\u00e9glage du niveau du sol<\/td>\n<td>\u2714\ufe0f<\/td>\n<\/tr>\n<tr>\n<td>Dongle Bluetooth<\/td>\n<td>\u2714\ufe0f<\/td>\n<\/tr>\n<tr>\n<td>APP (connection BT)<\/td>\n<td>\u2714\ufe0f<\/td>\n<\/tr>\n<tr>\n<td>Musique Bluetooth<\/td>\n<td>\u2714\ufe0f<\/td>\n<\/tr>\n<tr>\n<td>Support de tablette rotatif<\/td>\n<td>\u2714\ufe0f<\/td>\n<\/tr>\n<\/tbody>\n<\/table>\n<p>&nbsp;<\/p>\n<h3 style=\"font-weight: 600;\"><b><strong>Dimensions et poids Adidas T-23<\/strong><\/b><\/h3>\n<table>\n<tbody>\n<tr>\n<td>Longueur<\/td>\n<td>192.5cm<\/td>\n<\/tr>\n<tr>\n<td>Largeur<\/td>\n<td>81.5cm<\/td>\n<\/tr>\n<tr>\n<td>Hauteur<\/td>\n<td>138.5cm<\/td>\n<\/tr>\n<tr>\n<td>Poids maximal de l&#8217;utilisateur<\/td>\n<td>150kg<\/td>\n<\/tr>\n<tr>\n<td>Surface de roulement<\/td>\n<td>150x52cm<\/td>\n<\/tr>\n<tr>\n<td>Dimensions dans la bo\u00eete<\/td>\n<td>213&#215;88.5x37cm<\/td>\n<\/tr>\n<tr>\n<td>Poids net dans la bo\u00eete<\/td>\n<td>109kg<\/td>\n<\/tr>\n<tr>\n<td>Poids brut dans la bo\u00eete<\/td>\n<td>124kg<\/td>\n<\/tr>\n<\/tbody>\n<\/table>\n<\/div>\n<\/div>\n<\/div>\n<\/div>\n<div><\/div>\n<div>\n<div>\n<div><strong>Entra\u00eenements interactifs avec Zwift et Kinomap<\/strong><\/div>\n<div><\/div>\n<div><strong>App de Kinomap Tapis de Course Adidas T-23 + Bluetooth<\/strong><\/div>\n<div>\n<ul>\n<li>Entra\u00eenez-vous dans le monde entier gr\u00e2ce \u00e0 des milliers de vid\u00e9os disponibles.<\/li>\n<li>Entra\u00eenements structur\u00e9s, y compris l&#8217;entra\u00eenement par intervalles et le coaching.<\/li>\n<li>Partagez vos r\u00e9sultats avec la communaut\u00e9 kinomap.<\/li>\n<li>D\u00e9fiez vos amis avec le mode multijoueur de kinomap.<\/li>\n<\/ul>\n<\/div>\n<div><strong>App de Zwift Tapis de Course Adidas T-23 + Bluetooth<\/strong><\/div>\n<div>\n<ul>\n<li>Motivateur de type jeu vid\u00e9o.<\/li>\n<li>Plus de 1000 entra\u00eenements s\u00e9lectionn\u00e9s par les entra\u00eeneurs.<\/li>\n<li>Courses de groupe, comp\u00e9titions et courses.<\/li>\n<li>Connectivit\u00e9 et communaut\u00e9 mondiales.<\/li>\n<\/ul>\n<\/div>\n<\/div>\n<div><strong>Adidas Console+ App<\/strong><\/div>\n<\/div>\n<div><\/div>\n<div><\/div>\n<div>\n<div><strong>D\u00e9couvrez adidas Console+, le compagnon ultime pour vos entra\u00eenements cardio<\/strong><\/div>\n<div><\/div>\n<div>\n<ul>\n<li>Am\u00e9liorez votre entra\u00eenement gr\u00e2ce \u00e0 une application facile \u00e0 utiliser qui apporte vari\u00e9t\u00e9 et dynamisme \u00e0 vos s\u00e9ances. Acc\u00e9dez \u00e0 des applications populaires comme Zwift, Peloton et Kinomap pour participer \u00e0 des cours interactifs et plonger dans des environnements d&#8217;entra\u00eenement ludiques.<\/li>\n<li>D\u00e9couvrez une large s\u00e9lection de programmes d&#8217;entra\u00eenement pr\u00e9\u00e9tablis sp\u00e9cialement con\u00e7us pour les tapis de course, v\u00e9los et elliptiques adidas. Am\u00e9liorez vos performances en analysant vos donn\u00e9es avec des rapports d\u00e9taill\u00e9s, en suivant votre progression au fil du temps et en obtenant des informations pr\u00e9cieuses sur votre \u00e9volution. Vous pouvez m\u00eame c\u00e9l\u00e9brer vos r\u00e9ussites en partageant vos exploits directement sur vos r\u00e9seaux sociaux.<\/li>\n<li>Utilisez l&#8217;application sur votre t\u00e9l\u00e9phone ou tablette avec toute la gamme cardio adidas et gardez un historique d\u00e9taill\u00e9 de vos entra\u00eenements tout au long de votre progression vers vos objectifs de fitness. De plus, vous pouvez synchroniser vos donn\u00e9es avec des applications tierces et plateformes de sant\u00e9 s\u00e9lectionn\u00e9es, vous permettant d\u2019int\u00e9grer vos outils de fitness pr\u00e9f\u00e9r\u00e9s en toute s\u00e9curit\u00e9, gr\u00e2ce au chiffrement TLS qui garantit la protection et la confidentialit\u00e9 de vos informations.<\/li>\n<\/ul>\n<\/div>\n<\/div>\n<div><\/div>\n<div><\/div>\n<div><\/div>\n<div><\/div>\n<div><\/div>\n<div><\/div>\n<div><\/div>\n<div><\/div>\n<div><\/div>","protected":false},"excerpt":{"rendered":"<div class=\"product attribute overview\">\n<div class=\"value\">\n<div>Con\u00e7u pour am\u00e9liorer les s\u00e9ances d&#8217;entra\u00eenement cardio \u00e0 domicile,\u00a0<strong>le adidas T-23<\/strong>\u00a0int\u00e8gre la toute derni\u00e8re technologie de tapis de course ainsi que la fiabilit\u00e9 que vous \u00eates en droit d&#8217;attendre d&#8217;un appareil de gym commercial. \u00c9quip\u00e9 d&#8217;un puissant moteur de 4,5 ch au c\u0153ur de la structure \u00e9l\u00e9gante et minimaliste du tapis de course,<strong>\u00a0le T-23<\/strong>\u00a0offre une performance plus silencieuse et plus \u00e9conome en \u00e9nergie qui rivalise avec n&#8217;importe quel moteur haut de gamme.<\/div>\n<\/div>\n<\/div>","protected":false},"featured_media":140,"comment_status":"open","ping_status":"closed","template":"","meta":[],"product_brand":[21],"product_cat":[17,18,20,19],"product_tag":[22,23],"class_list":{"0":"post-139","1":"product","2":"type-product","3":"status-publish","4":"has-post-thumbnail","6":"product_brand-adidas","7":"product_cat-bons-plans","8":"product_cat-promotions","9":"product_cat-tapis-de-course","10":"product_cat-training-fitness","11":"product_tag-tapis-de-course","12":"product_tag-tapis-de-course-bh","14":"first","15":"instock","16":"sale","17":"featured","18":"shipping-taxable","19":"purchasable","20":"product-type-simple"},"yoast_head":"<!-- This site is optimized with the Yoast SEO plugin v27.6 - https:\/\/yoast.com\/product\/yoast-seo-wordpress\/ -->\n<title>Tapis de Course Adidas T-23 + Bluetooth - Vente d&#039;\u00c9lectrom\u00e9nager Neuf et Garanti \u00e0 Paris<\/title>\n<meta name=\"description\" content=\"Tapis de Course Adidas T-23 + Bluetooth - Con\u00e7u pour am\u00e9liorer les s\u00e9ances d&#039;entra\u00eenement cardio \u00e0 domicile - \u00c9quip\u00e9 d&#039;un puissant moteur de 4,5 ch\" \/>\n<meta name=\"robots\" content=\"index, follow, max-snippet:-1, max-image-preview:large, max-video-preview:-1\" \/>\n<link rel=\"canonical\" href=\"https:\/\/espacemenager2000.fr\/en\/product\/tapis-de-course-adidas-t-23-bluetooth\/\" \/>\n<meta property=\"og:locale\" content=\"en_US\" \/>\n<meta property=\"og:type\" content=\"article\" \/>\n<meta property=\"og:title\" content=\"Tapis de Course Adidas T-23 + Bluetooth - Vente d&#039;\u00c9lectrom\u00e9nager Neuf et Garanti \u00e0 Paris\" \/>\n<meta property=\"og:description\" content=\"Tapis de Course Adidas T-23 + Bluetooth - Con\u00e7u pour am\u00e9liorer les s\u00e9ances d&#039;entra\u00eenement cardio \u00e0 domicile - \u00c9quip\u00e9 d&#039;un puissant moteur de 4,5 ch\" \/>\n<meta property=\"og:url\" content=\"https:\/\/espacemenager2000.fr\/en\/product\/tapis-de-course-adidas-t-23-bluetooth\/\" \/>\n<meta property=\"og:site_name\" content=\"Vente d&#039;\u00c9lectrom\u00e9nager Neuf et Garanti \u00e0 Paris\" \/>\n<meta property=\"article:publisher\" content=\"https:\/\/www.facebook.com\/p\/Espace-menager-2000-100068469618146\/\" \/>\n<meta property=\"article:modified_time\" content=\"2026-05-14T00:18:51+00:00\" \/>\n<meta property=\"og:image\" content=\"https:\/\/espacemenager2000.fr\/wp-content\/uploads\/2026\/05\/Tapis-de-Course-Adidas-T-23-Bluetooth-.jpg\" \/>\n\t<meta property=\"og:image:width\" content=\"800\" \/>\n\t<meta property=\"og:image:height\" content=\"800\" \/>\n\t<meta property=\"og:image:type\" content=\"image\/jpeg\" \/>\n<meta name=\"twitter:card\" content=\"summary_large_image\" \/>\n<meta name=\"twitter:label1\" content=\"Est. reading time\" \/>\n\t<meta name=\"twitter:data1\" content=\"7 minutes\" \/>\n<script type=\"application\/ld+json\" class=\"yoast-schema-graph\">{\"@context\":\"https:\\\/\\\/schema.org\",\"@graph\":[{\"@type\":\"WebPage\",\"@id\":\"https:\\\/\\\/espacemenager2000.fr\\\/produit\\\/tapis-de-course-adidas-t-23-bluetooth\\\/\",\"url\":\"https:\\\/\\\/espacemenager2000.fr\\\/produit\\\/tapis-de-course-adidas-t-23-bluetooth\\\/\",\"name\":\"Tapis de Course Adidas T-23 + Bluetooth - Vente d&#039;\u00c9lectrom\u00e9nager Neuf et Garanti \u00e0 Paris\",\"isPartOf\":{\"@id\":\"https:\\\/\\\/espacemenager2000.fr\\\/#website\"},\"primaryImageOfPage\":{\"@id\":\"https:\\\/\\\/espacemenager2000.fr\\\/produit\\\/tapis-de-course-adidas-t-23-bluetooth\\\/#primaryimage\"},\"image\":{\"@id\":\"https:\\\/\\\/espacemenager2000.fr\\\/produit\\\/tapis-de-course-adidas-t-23-bluetooth\\\/#primaryimage\"},\"thumbnailUrl\":\"https:\\\/\\\/espacemenager2000.fr\\\/wp-content\\\/uploads\\\/2026\\\/05\\\/Tapis-de-Course-Adidas-T-23-Bluetooth-.jpg\",\"datePublished\":\"2025-12-22T16:10:26+00:00\",\"dateModified\":\"2026-05-14T00:18:51+00:00\",\"description\":\"Tapis de Course Adidas T-23 + Bluetooth - Con\u00e7u pour am\u00e9liorer les s\u00e9ances d'entra\u00eenement cardio \u00e0 domicile - \u00c9quip\u00e9 d'un puissant moteur de 4,5 ch\",\"breadcrumb\":{\"@id\":\"https:\\\/\\\/espacemenager2000.fr\\\/produit\\\/tapis-de-course-adidas-t-23-bluetooth\\\/#breadcrumb\"},\"inLanguage\":\"en-US\",\"potentialAction\":[{\"@type\":\"ReadAction\",\"target\":[\"https:\\\/\\\/espacemenager2000.fr\\\/produit\\\/tapis-de-course-adidas-t-23-bluetooth\\\/\"]}]},{\"@type\":\"ImageObject\",\"inLanguage\":\"en-US\",\"@id\":\"https:\\\/\\\/espacemenager2000.fr\\\/produit\\\/tapis-de-course-adidas-t-23-bluetooth\\\/#primaryimage\",\"url\":\"https:\\\/\\\/espacemenager2000.fr\\\/wp-content\\\/uploads\\\/2026\\\/05\\\/Tapis-de-Course-Adidas-T-23-Bluetooth-.jpg\",\"contentUrl\":\"https:\\\/\\\/espacemenager2000.fr\\\/wp-content\\\/uploads\\\/2026\\\/05\\\/Tapis-de-Course-Adidas-T-23-Bluetooth-.jpg\",\"width\":800,\"height\":800},{\"@type\":\"BreadcrumbList\",\"@id\":\"https:\\\/\\\/espacemenager2000.fr\\\/produit\\\/tapis-de-course-adidas-t-23-bluetooth\\\/#breadcrumb\",\"itemListElement\":[{\"@type\":\"ListItem\",\"position\":1,\"name\":\"Accueil\",\"item\":\"https:\\\/\\\/espacemenager2000.fr\\\/\"},{\"@type\":\"ListItem\",\"position\":2,\"name\":\"Boutique\",\"item\":\"https:\\\/\\\/espacemenager2000.fr\\\/boutique\\\/\"},{\"@type\":\"ListItem\",\"position\":3,\"name\":\"Tapis de Course Adidas T-23 + Bluetooth\"}]},{\"@type\":\"WebSite\",\"@id\":\"https:\\\/\\\/espacemenager2000.fr\\\/#website\",\"url\":\"https:\\\/\\\/espacemenager2000.fr\\\/\",\"name\":\"Espace Menager 2000\",\"description\":\"Expert en \u00e9lectrom\u00e9nager depuis 2001, Espace M\u00e9nager 2000 vous propose une large gamme de produits : lave-linge, r\u00e9frig\u00e9rateurs, \u00e9lectronique et fitness. Profitez de notre savoir-faire en vente, r\u00e9paration et d\u00e9pannage. Livraison rapide dans toute la zone Euro. Qualit\u00e9 et service garantis.\",\"publisher\":{\"@id\":\"https:\\\/\\\/espacemenager2000.fr\\\/#organization\"},\"potentialAction\":[{\"@type\":\"SearchAction\",\"target\":{\"@type\":\"EntryPoint\",\"urlTemplate\":\"https:\\\/\\\/espacemenager2000.fr\\\/?s={search_term_string}\"},\"query-input\":{\"@type\":\"PropertyValueSpecification\",\"valueRequired\":true,\"valueName\":\"search_term_string\"}}],\"inLanguage\":\"en-US\"},{\"@type\":\"Organization\",\"@id\":\"https:\\\/\\\/espacemenager2000.fr\\\/#organization\",\"name\":\"Espace Menager 2000\",\"url\":\"https:\\\/\\\/espacemenager2000.fr\\\/\",\"logo\":{\"@type\":\"ImageObject\",\"inLanguage\":\"en-US\",\"@id\":\"https:\\\/\\\/espacemenager2000.fr\\\/#\\\/schema\\\/logo\\\/image\\\/\",\"url\":\"https:\\\/\\\/espacemenager2000.fr\\\/wp-content\\\/uploads\\\/2026\\\/05\\\/Fav-Em2000.png\",\"contentUrl\":\"https:\\\/\\\/espacemenager2000.fr\\\/wp-content\\\/uploads\\\/2026\\\/05\\\/Fav-Em2000.png\",\"width\":369,\"height\":369,\"caption\":\"Espace Menager 2000\"},\"image\":{\"@id\":\"https:\\\/\\\/espacemenager2000.fr\\\/#\\\/schema\\\/logo\\\/image\\\/\"},\"sameAs\":[\"https:\\\/\\\/www.facebook.com\\\/p\\\/Espace-menager-2000-100068469618146\\\/\"]}]}<\/script>\n<!-- \/ Yoast SEO plugin. -->","yoast_head_json":{"title":"Tapis de Course Adidas T-23 + Bluetooth - Vente d&#039;\u00c9lectrom\u00e9nager Neuf et Garanti \u00e0 Paris","description":"Tapis de Course Adidas T-23 + Bluetooth - Con\u00e7u pour am\u00e9liorer les s\u00e9ances d'entra\u00eenement cardio \u00e0 domicile - \u00c9quip\u00e9 d'un puissant moteur de 4,5 ch","robots":{"index":"index","follow":"follow","max-snippet":"max-snippet:-1","max-image-preview":"max-image-preview:large","max-video-preview":"max-video-preview:-1"},"canonical":"https:\/\/espacemenager2000.fr\/en\/product\/tapis-de-course-adidas-t-23-bluetooth\/","og_locale":"en_US","og_type":"article","og_title":"Tapis de Course Adidas T-23 + Bluetooth - Vente d&#039;\u00c9lectrom\u00e9nager Neuf et Garanti \u00e0 Paris","og_description":"Tapis de Course Adidas T-23 + Bluetooth - Con\u00e7u pour am\u00e9liorer les s\u00e9ances d'entra\u00eenement cardio \u00e0 domicile - \u00c9quip\u00e9 d'un puissant moteur de 4,5 ch","og_url":"https:\/\/espacemenager2000.fr\/en\/product\/tapis-de-course-adidas-t-23-bluetooth\/","og_site_name":"Vente d&#039;\u00c9lectrom\u00e9nager Neuf et Garanti \u00e0 Paris","article_publisher":"https:\/\/www.facebook.com\/p\/Espace-menager-2000-100068469618146\/","article_modified_time":"2026-05-14T00:18:51+00:00","og_image":[{"width":800,"height":800,"url":"https:\/\/espacemenager2000.fr\/wp-content\/uploads\/2026\/05\/Tapis-de-Course-Adidas-T-23-Bluetooth-.jpg","type":"image\/jpeg"}],"twitter_card":"summary_large_image","twitter_misc":{"Est. reading time":"7 minutes"},"schema":{"@context":"https:\/\/schema.org","@graph":[{"@type":"WebPage","@id":"https:\/\/espacemenager2000.fr\/produit\/tapis-de-course-adidas-t-23-bluetooth\/","url":"https:\/\/espacemenager2000.fr\/produit\/tapis-de-course-adidas-t-23-bluetooth\/","name":"Tapis de Course Adidas T-23 + Bluetooth - Vente d&#039;\u00c9lectrom\u00e9nager Neuf et Garanti \u00e0 Paris","isPartOf":{"@id":"https:\/\/espacemenager2000.fr\/#website"},"primaryImageOfPage":{"@id":"https:\/\/espacemenager2000.fr\/produit\/tapis-de-course-adidas-t-23-bluetooth\/#primaryimage"},"image":{"@id":"https:\/\/espacemenager2000.fr\/produit\/tapis-de-course-adidas-t-23-bluetooth\/#primaryimage"},"thumbnailUrl":"https:\/\/espacemenager2000.fr\/wp-content\/uploads\/2026\/05\/Tapis-de-Course-Adidas-T-23-Bluetooth-.jpg","datePublished":"2025-12-22T16:10:26+00:00","dateModified":"2026-05-14T00:18:51+00:00","description":"Tapis de Course Adidas T-23 + Bluetooth - Con\u00e7u pour am\u00e9liorer les s\u00e9ances d'entra\u00eenement cardio \u00e0 domicile - \u00c9quip\u00e9 d'un puissant moteur de 4,5 ch","breadcrumb":{"@id":"https:\/\/espacemenager2000.fr\/produit\/tapis-de-course-adidas-t-23-bluetooth\/#breadcrumb"},"inLanguage":"en-US","potentialAction":[{"@type":"ReadAction","target":["https:\/\/espacemenager2000.fr\/produit\/tapis-de-course-adidas-t-23-bluetooth\/"]}]},{"@type":"ImageObject","inLanguage":"en-US","@id":"https:\/\/espacemenager2000.fr\/produit\/tapis-de-course-adidas-t-23-bluetooth\/#primaryimage","url":"https:\/\/espacemenager2000.fr\/wp-content\/uploads\/2026\/05\/Tapis-de-Course-Adidas-T-23-Bluetooth-.jpg","contentUrl":"https:\/\/espacemenager2000.fr\/wp-content\/uploads\/2026\/05\/Tapis-de-Course-Adidas-T-23-Bluetooth-.jpg","width":800,"height":800},{"@type":"BreadcrumbList","@id":"https:\/\/espacemenager2000.fr\/produit\/tapis-de-course-adidas-t-23-bluetooth\/#breadcrumb","itemListElement":[{"@type":"ListItem","position":1,"name":"Accueil","item":"https:\/\/espacemenager2000.fr\/"},{"@type":"ListItem","position":2,"name":"Boutique","item":"https:\/\/espacemenager2000.fr\/boutique\/"},{"@type":"ListItem","position":3,"name":"Tapis de Course Adidas T-23 + Bluetooth"}]},{"@type":"WebSite","@id":"https:\/\/espacemenager2000.fr\/#website","url":"https:\/\/espacemenager2000.fr\/","name":"Espace Menager 2000","description":"Expert en \u00e9lectrom\u00e9nager depuis 2001, Espace M\u00e9nager 2000 vous propose une large gamme de produits : lave-linge, r\u00e9frig\u00e9rateurs, \u00e9lectronique et fitness. Profitez de notre savoir-faire en vente, r\u00e9paration et d\u00e9pannage. Livraison rapide dans toute la zone Euro. Qualit\u00e9 et service garantis.","publisher":{"@id":"https:\/\/espacemenager2000.fr\/#organization"},"potentialAction":[{"@type":"SearchAction","target":{"@type":"EntryPoint","urlTemplate":"https:\/\/espacemenager2000.fr\/?s={search_term_string}"},"query-input":{"@type":"PropertyValueSpecification","valueRequired":true,"valueName":"search_term_string"}}],"inLanguage":"en-US"},{"@type":"Organization","@id":"https:\/\/espacemenager2000.fr\/#organization","name":"Espace Menager 2000","url":"https:\/\/espacemenager2000.fr\/","logo":{"@type":"ImageObject","inLanguage":"en-US","@id":"https:\/\/espacemenager2000.fr\/#\/schema\/logo\/image\/","url":"https:\/\/espacemenager2000.fr\/wp-content\/uploads\/2026\/05\/Fav-Em2000.png","contentUrl":"https:\/\/espacemenager2000.fr\/wp-content\/uploads\/2026\/05\/Fav-Em2000.png","width":369,"height":369,"caption":"Espace Menager 2000"},"image":{"@id":"https:\/\/espacemenager2000.fr\/#\/schema\/logo\/image\/"},"sameAs":["https:\/\/www.facebook.com\/p\/Espace-menager-2000-100068469618146\/"]}]}},"_links":{"self":[{"href":"https:\/\/espacemenager2000.fr\/en\/wp-json\/wp\/v2\/product\/139","targetHints":{"allow":["GET"]}}],"collection":[{"href":"https:\/\/espacemenager2000.fr\/en\/wp-json\/wp\/v2\/product"}],"about":[{"href":"https:\/\/espacemenager2000.fr\/en\/wp-json\/wp\/v2\/types\/product"}],"replies":[{"embeddable":true,"href":"https:\/\/espacemenager2000.fr\/en\/wp-json\/wp\/v2\/comments?post=139"}],"wp:featuredmedia":[{"embeddable":true,"href":"https:\/\/espacemenager2000.fr\/en\/wp-json\/wp\/v2\/media\/140"}],"wp:attachment":[{"href":"https:\/\/espacemenager2000.fr\/en\/wp-json\/wp\/v2\/media?parent=139"}],"wp:term":[{"taxonomy":"product_brand","embeddable":true,"href":"https:\/\/espacemenager2000.fr\/en\/wp-json\/wp\/v2\/product_brand?post=139"},{"taxonomy":"product_cat","embeddable":true,"href":"https:\/\/espacemenager2000.fr\/en\/wp-json\/wp\/v2\/product_cat?post=139"},{"taxonomy":"product_tag","embeddable":true,"href":"https:\/\/espacemenager2000.fr\/en\/wp-json\/wp\/v2\/product_tag?post=139"}],"curies":[{"name":"wp","href":"https:\/\/api.w.org\/{rel}","templated":true}]}}