{"id":1385,"date":"2025-12-22T16:16:54","date_gmt":"2025-12-22T16:16:54","guid":{"rendered":"https:\/\/espacemenager2000.fr\/?post_type=product&#038;p=1385"},"modified":"2026-05-14T00:21:03","modified_gmt":"2026-05-14T00:21:03","slug":"rouleau-dentrainement-tacx-flow","status":"publish","type":"product","link":"https:\/\/espacemenager2000.fr\/en\/product\/rouleau-dentrainement-tacx-flow\/","title":{"rendered":"Rouleau d&#8217;entra\u00eenement Tacx Flow"},"content":{"rendered":"<h2>Rouleau d&#8217;entra\u00eenement intelligent Tacx Flow<\/h2>\n<div>Le Rouleau d&#8217;entra\u00eenement Tacx Flow est con\u00e7u pour fournir une mesure fiable, pr\u00e9cise et coh\u00e9rente de la vitesse, de la puissance et de la cadence sans avoir besoin de capteurs externes.<\/div>\n<div><\/div>\n<div>\n<h3>Caract\u00e9ristiques Rouleau d&#8217;entra\u00eenement intelligent Tacx Flow<\/h3>\n<div class=\"contenido\">\n<div><strong>Rouleau d&#8217;entra\u00eenement intelligent et interactif compatible avec les applications de cyclisme<\/strong><\/div>\n<div><\/div>\n<div><img decoding=\"async\" class=\"lazy-content img-fluid\" src=\"https:\/\/www.fitnessdigital.fr\/images\/productos\/detalles\/garmin\/tacx-flowsmart-01.jpg\" alt=\"tacx-flowsmart-01\" \/><\/div>\n<ul>\n<li>La conception du support de roue s&#8217;installe en deux clics et se verrouille en toute s\u00e9curit\u00e9.<\/li>\n<li>Mesure la vitesse, la puissance et la cadence<\/li>\n<li>Le volant silencieux vous permet de rouler sans d\u00e9ranger les autres.<\/li>\n<li>Fonctionne avec les applications d&#8217;entra\u00eenement tierces les plus populaires, telles que Zwift et Tacx\u00ae.<\/li>\n<li>S&#8217;entra\u00eene sur des pentes simul\u00e9es r\u00e9alistes, avec des inclinaisons allant jusqu&#8217;\u00e0 6 %.<\/li>\n<li>L&#8217;entra\u00eeneur Tacx Flow Smart vous offre tout ce dont vous avez besoin pour vous entra\u00eener toute l&#8217;ann\u00e9e et profiter d&#8217;une exp\u00e9rience de cyclisme en salle enti\u00e8rement interactive.<\/li>\n<li>La conception du support de roue le rend facile \u00e0 installer et \u00e0 ranger. Il se connecte m\u00eame \u00e0 vos applications pr\u00e9f\u00e9r\u00e9es, telles que Zwift, Tacx et TrainerRoad.<\/li>\n<\/ul>\n<div><\/div>\n<h4><strong>P\u00e9daler en toute s\u00e9curit\u00e9<\/strong><\/h4>\n<div><\/div>\n<div>Le Flow Smart est con\u00e7u pour fournir une mesure fiable, pr\u00e9cise et coh\u00e9rente de la vitesse, de la puissance et de la cadence sans avoir besoin de capteurs externes.<\/div>\n<div><\/div>\n<div><strong>Un design puissant<\/strong><\/div>\n<div>Bien que le Flow Smart dispose d&#8217;un volant d&#8217;inertie compact, il est capable de reproduire un effet d&#8217;inertie de masse de 11,8 kg pour vous donner la m\u00eame sensation que lorsque vous p\u00e9dalez en plein air. De plus, il peut simuler des pentes r\u00e9alistes avec une inclinaison allant jusqu&#8217;\u00e0 6 %.<\/div>\n<div><\/div>\n<h4><strong>Construit pour durer<\/strong><\/h4>\n<div><\/div>\n<div>Ce v\u00e9lo d&#8217;entra\u00eenement est stable et con\u00e7u pour durer, quelle que soit l&#8217;intensit\u00e9 de votre entra\u00eenement. Le v\u00e9lo se verrouille en deux clics simples. Vous pouvez donc p\u00e9daler \u00e0 fond en sachant que vous resterez en place. Le rouleau d&#8217;entra\u00eenement Flow Smart est \u00e9galement dot\u00e9 d&#8217;un rouleau unique constitu\u00e9 d&#8217;un manchon en acier tremp\u00e9 pour \u00e9viter l&#8217;usure.<\/div>\n<div><\/div>\n<h5><strong>Fonctionnement souple et silencieux<\/strong><\/h5>\n<div><\/div>\n<div>Avec une roue d&#8217;inertie compacte de 1,6 kg et un noyau de rouleau en plastique souple pour absorber les vibrations, le Flow Smart est l&#8217;un des rouleaux de v\u00e9lo d&#8217;entra\u00eenement \u00e0 roue d&#8217;inertie les plus silencieux du march\u00e9.<\/div>\n<div><\/div>\n<div><strong>Connectivit\u00e9 compl\u00e8te<\/strong><\/div>\n<div>Le rouleau d&#8217;entra\u00eenement est compatible avec un large \u00e9ventail d&#8217;applications d&#8217;entra\u00eenement populaires. Que vous souhaitiez vous lancer dans les mondes virtuels de Zwift ou utiliser d&#8217;autres plateformes comme Strava et TrainerRoad, ce v\u00e9lo d&#8217;entra\u00eenement vous permettra de rouler plus intelligemment que jamais.<\/div>\n<div><\/div>\n<h4><strong>Formation personnalis\u00e9e<\/strong><\/h4>\n<div><\/div>\n<div>Le mod\u00e8le Flow Smart utilise les capacit\u00e9s innovantes du logiciel d&#8217;entra\u00eenement indoor de Tacx. Commencez par profiter de plans d&#8217;entra\u00eenement structur\u00e9s, con\u00e7us en fonction de votre niveau de forme physique pour vous aider \u00e0 atteindre vos propres objectifs. Profitez encore plus de votre temps en selle gr\u00e2ce \u00e0 une biblioth\u00e8que de vid\u00e9os d&#8217;entra\u00eenement de haute qualit\u00e9 qui vous permettent de ressentir les sensations que vous procure l&#8217;escalade des pentes abruptes des Alpes ou la conduite dans les rues pav\u00e9es de Milan.<\/div>\n<div><\/div>\n<div>Affrontez des adversaires en direct et des partenaires d&#8217;entra\u00eenement virtuels, associez votre compte Strava \u00e0 des cartes en 3D et cr\u00e9ez m\u00eame vos propres s\u00e9ances d&#8217;entra\u00eenement en fonction de param\u00e8tres tels que l&#8217;inclinaison, la puissance, la fr\u00e9quence cardiaque ou la puissance seuil fonctionnelle (FTP). Vous pouvez \u00e9galement utiliser le v\u00e9lo d&#8217;entra\u00eenement sans logiciel.<\/div>\n<div><\/div>\n<div>Si vous le faites, il suivra une courbe de puissance progressive. La r\u00e9sistance augmente progressivement au fur et \u00e0 mesure que vous acc\u00e9l\u00e9rez pour simuler le p\u00e9dalage sur un parcours plat.<\/div>\n<div><\/div>\n<div><\/div>\n<div><img decoding=\"async\" class=\"lazy-content img-fluid\" src=\"https:\/\/www.fitnessdigital.fr\/images\/productos\/detalles\/garmin\/tacx-flowsmart-02.jpg\" alt=\"tacx-flowsmart-01\" \/><\/div>\n<h4><strong>Sp\u00e9cifications<\/strong><\/h4>\n<p><strong>G\u00e9n\u00e9ral<br \/>\n<\/strong><\/p>\n<ul>\n<li><strong>Dimensions de l&#8217;unit\u00e9 (LxHxP):\u00a0<\/strong>675 x 650 mm (26,6 x 25,6 in)<\/li>\n<li><strong>Dimensions une fois pli\u00e9:<\/strong>\u00a0565 x 410 x 245 mm (22.2 x 16.1 x 9.7 in)<\/li>\n<li><strong>Poids<\/strong>: 9,4 kg (20,7 lbs)<\/li>\n<li><strong>Hauteur<\/strong>: 410 mm (16.1 in)<\/li>\n<\/ul>\n<div><\/div>\n<div>\n<p><strong>Connectivit\u00e9<\/strong><\/p>\n<p>&nbsp;<\/p>\n<\/div>\n<ul>\n<li><strong>Communication sans fil:<\/strong>\u00a0Connectivit\u00e9 ant+ et technologie sans fil bluetooth<\/li>\n<li><strong>M\u00e9thode de contr\u00f4le:<\/strong>\u00a0Smartphone, tablette, ordinateur de v\u00e9lo avec ant+, mode autonome et avec connexion \u00e0 un ordinateur via l&#8217;antenne ant+<\/li>\n<li><strong>Lecture:<\/strong>\u00a0Smartphone, tablette, cyclocomputer, ordinateur avec antenne ant+<\/li>\n<\/ul>\n<div><\/div>\n<h5><strong>Fonctions d&#8217;entra\u00eenement \u00e0 l&#8217;int\u00e9rieur<\/strong><\/h5>\n<p>&nbsp;<\/p>\n<ul>\n<li><strong>Aimants<\/strong>: 6 aimants<\/li>\n<li><strong>Transmission \u00e0 rouleaux<\/strong>: 30 mm<\/li>\n<li><strong>Exigences \u00e9lectriques:<\/strong>\u00a0110-240 v<\/li>\n<li><strong>Essieux compatibles:<\/strong>\u00a0Largeur de la fourche arri\u00e8re : 130 mm sur les v\u00e9los de course, 135 mm sur les v\u00e9los de montagne. Adaptateurs disponibles pour d&#8217;autres largeurs<\/li>\n<li><strong>Puissance maximale:<\/strong>\u00a0800 watts<\/li>\n<li><strong>Carrossage maximal:<\/strong>\u00a0de 6 %.<\/li>\n<li><strong>Couple maximal:<\/strong>\u00a015,3 n-m<\/li>\n<li><strong>Force de freinage maximale:<\/strong>\u00a045 n<\/li>\n<li><strong>Masse du volant d&#8217;inertie:<\/strong>\u00a01,6 kg (3,5 lb)<\/li>\n<li><strong>Masse d&#8217;inertie:<\/strong>\u00a011,8 kg (26,0 lb)<\/li>\n<li>Calibrage de la d\u00e9c\u00e9l\u00e9ration<\/li>\n<li>Mesures de la vitesse, de la cadence et de la puissance<\/li>\n<li><strong>Pr\u00e9cision<\/strong>: &lt; 5%<\/li>\n<li>Vitesse mesur\u00e9e<\/li>\n<li>Cadence mesur\u00e9e<\/li>\n<li>Puissance mesur\u00e9e<\/li>\n<\/ul>\n<h5><strong>Dans la bo\u00eete<\/strong><\/h5>\n<ul>\n<li>Trainer Flow Smart<\/li>\n<li>Support de roue avant<\/li>\n<li>D\u00e9gagement rapide pour v\u00e9los de route et VTT (5 mm)<\/li>\n<\/ul>\n<div>\n<div>\n<div>\n<p><strong>Software<\/strong><\/p>\n<div><\/div>\n<div><strong>Tacx Training App<\/strong><\/div>\n<div><img decoding=\"async\" class=\"lazy-content img-fluid\" src=\"https:\/\/www.fitnessdigital.fr\/images\/productos\/detalles\/garmin\/tacx-app-prin-1.jpg\" alt=\"tacx-flowsmart-01\" \/><\/div>\n<div><\/div>\n<ul>\n<li>Couplez votre appareil d&#8217;entra\u00eenement Tacx Smart avec l&#8217;application Tacx Training sur votre smartphone, tablette ou ordinateur de bureau compatible.<\/li>\n<li>Que ce soit sur votre t\u00e9l\u00e9phone, votre tablette ou votre ordinateur, une seule application vous offre la meilleure exp\u00e9rience de cyclisme virtuel.<\/li>\n<li>Synchronisation instantan\u00e9e. Vos donn\u00e9es d&#8217;entra\u00eenement en int\u00e9rieur sont automatiquement t\u00e9l\u00e9charg\u00e9es sur l&#8217;appli Garmin Connect\u2122.<\/li>\n<li>Faites des tours de man\u00e8ge c\u00e9l\u00e8bres et passionnants sans jamais quitter votre domicile.<\/li>\n<li>Votre terrain de jeu, tout autour de vous. Cr\u00e9ez ou synchronisez des trajets avec GPS1.<\/li>\n<li>Vitesse, puissance, cadence et plus encore. Suivez ces variables et visualisez-les \u00e0 l&#8217;\u00e9cran.<\/li>\n<li>Cr\u00e9ez vos propres entra\u00eenements et contr\u00f4lez la douleur que vous ressentirez demain.<\/li>\n<\/ul>\n<div><\/div>\n<div>L&#8217;application Tacx Training peut \u00eatre install\u00e9e sur un appareil Android ou iOS. La version de bureau appel\u00e9e Tacx Desktop peut \u00eatre install\u00e9e sur les ordinateurs Windows et Mac.<\/div>\n<div><\/div>\n<div><\/div>\n<div><strong>Tacx Utility App<\/strong><\/div>\n<div><img decoding=\"async\" class=\"lazy-content img-fluid\" src=\"https:\/\/www.fitnessdigital.fr\/images\/productos\/detalles\/garmin\/tacx-app-1.jpg\" alt=\"tacx-flowsmart-01\" \/><\/div>\n<div><\/div>\n<ul>\n<li>L&#8217;application Tacx Utility est compatible avec les appareils Tacx Smart et est utilis\u00e9e pour mettre \u00e0 jour, calibrer et d\u00e9panner votre appareil.<\/li>\n<\/ul>\n<div><\/div>\n<div>Vous pouvez t\u00e9l\u00e9charger cette application sur votre t\u00e9l\u00e9phone mobile ou votre tablette depuis la boutique Google Play (Android) ou App Store (iOS).<\/div>\n<div><\/div>\n<div><strong>Appareils compatibles pour les 2 applications<\/strong><\/div>\n<div><\/div>\n<ul>\n<li>Tacx\u00ae NEO Bike V\u00e9lo d&#8217;entra\u00eenement intelligent<\/li>\n<li>Tacx\u00ae FLUX S Appareil d&#8217;entra\u00eenement intelligent<\/li>\n<li>Tacx\u00ae NEO 2 Appareil d&#8217;entra\u00eenement intelligent<\/li>\n<li>Rouleau d&#8217;entra\u00eenement Tacx\u00ae Flow Smart<\/li>\n<li>Rouleau d&#8217;entra\u00eenement Tacx\u00ae FLUX 2 Smart<\/li>\n<li>Tacx\u00ae Satori Smart Training Roller<\/li>\n<li>Rouleau d&#8217;entra\u00eenement intelligent Tacx\u00ae NEO 2T<\/li>\n<\/ul>\n<\/div>\n<\/div>\n<\/div>\n<\/div>\n<\/div>","protected":false},"excerpt":{"rendered":"<div class=\"product attribute overview\">\n<div class=\"value\">\n<div class=\"elementor-widget elementor-element elementor-element-cenezrn elementor-widget-text-editor\" data-element_type=\"text-editor\">\n<div class=\"elementor-widget-container\">\n<div class=\"elementor-text-editor rte-content\">\n<div>Le Flow Smart est con\u00e7u pour fournir une mesure fiable, pr\u00e9cise et coh\u00e9rente de la vitesse, de la puissance et de la cadence sans avoir besoin de capteurs externes.<\/div>\n<\/div>\n<\/div>\n<\/div>\n<div class=\"elementor-widget elementor-element elementor-element-ki1x5cr elementor-widget-text-editor\" data-element_type=\"text-editor\">\n<div class=\"elementor-widget-container\">\n<div class=\"elementor-text-editor rte-content\"><a class=\"zReHs\" href=\"https:\/\/hemvelos.com\/produit\/velo-dinterieur-wahoo-fitness-kickr-bike-shift\/\" data-ved=\"2ahUKEwj2oNmc04KOAxXTUUEAHe9kDrYQFnoECB0QAQ\"><br \/>\n<\/a><\/p>\n<div class=\"notranslate ESMNde HGLrXd ojE3Fb\">\n<div class=\"q0vns\">\n<div class=\"eqA2re UnOTSe Vwoesf\" aria-hidden=\"true\"><\/div>\n<\/div>\n<\/div>\n<\/div>\n<\/div>\n<\/div>\n<\/div>\n<\/div>","protected":false},"featured_media":1386,"comment_status":"open","ping_status":"closed","template":"","meta":[],"product_brand":[68],"product_cat":[17,69,18,19],"product_tag":[61,47],"class_list":{"0":"post-1385","1":"product","2":"type-product","3":"status-publish","4":"has-post-thumbnail","6":"product_brand-tacx","7":"product_cat-bons-plans","8":"product_cat-hometrainers","9":"product_cat-promotions","10":"product_cat-training-fitness","11":"product_tag-smart-bikes","12":"product_tag-velo-dappartement","14":"first","15":"instock","16":"featured","17":"shipping-taxable","18":"purchasable","19":"product-type-simple"},"yoast_head":"<!-- This site is optimized with the Yoast SEO plugin v27.6 - https:\/\/yoast.com\/product\/yoast-seo-wordpress\/ -->\n<title>Rouleau d&#039;entra\u00eenement Tacx Flow - Promotion - Vente d&#039;\u00c9lectrom\u00e9nager Neuf et Garanti \u00e0 Paris<\/title>\n<meta name=\"description\" content=\"Rouleau d&#039;entra\u00eenement Tacx Flow - Le Flow Smart est con\u00e7u pour fournir une mesure fiable, pr\u00e9cise et coh\u00e9rente de la vitesse, de la puissance et de la cadence sans avoir besoin de capteurs externes.\" \/>\n<meta name=\"robots\" content=\"index, follow, max-snippet:-1, max-image-preview:large, max-video-preview:-1\" \/>\n<link rel=\"canonical\" href=\"https:\/\/espacemenager2000.fr\/en\/product\/rouleau-dentrainement-tacx-flow\/\" \/>\n<meta property=\"og:locale\" content=\"en_US\" \/>\n<meta property=\"og:type\" content=\"article\" \/>\n<meta property=\"og:title\" content=\"Rouleau d&#039;entra\u00eenement Tacx Flow - Promotion - Vente d&#039;\u00c9lectrom\u00e9nager Neuf et Garanti \u00e0 Paris\" \/>\n<meta property=\"og:description\" content=\"Rouleau d&#039;entra\u00eenement Tacx Flow - Le Flow Smart est con\u00e7u pour fournir une mesure fiable, pr\u00e9cise et coh\u00e9rente de la vitesse, de la puissance et de la cadence sans avoir besoin de capteurs externes.\" \/>\n<meta property=\"og:url\" content=\"https:\/\/espacemenager2000.fr\/en\/product\/rouleau-dentrainement-tacx-flow\/\" \/>\n<meta property=\"og:site_name\" content=\"Vente d&#039;\u00c9lectrom\u00e9nager Neuf et Garanti \u00e0 Paris\" \/>\n<meta property=\"article:publisher\" content=\"https:\/\/www.facebook.com\/p\/Espace-menager-2000-100068469618146\/\" \/>\n<meta property=\"article:modified_time\" content=\"2026-05-14T00:21:03+00:00\" \/>\n<meta property=\"og:image\" content=\"https:\/\/espacemenager2000.fr\/wp-content\/uploads\/2026\/05\/tacx-flow-smart-t2240-cycletrainer-1-847794.jpg\" \/>\n\t<meta property=\"og:image:width\" content=\"1200\" \/>\n\t<meta property=\"og:image:height\" content=\"1200\" \/>\n\t<meta property=\"og:image:type\" content=\"image\/jpeg\" \/>\n<meta name=\"twitter:card\" content=\"summary_large_image\" \/>\n<meta name=\"twitter:label1\" content=\"Est. reading time\" \/>\n\t<meta name=\"twitter:data1\" content=\"8 minutes\" \/>\n<script type=\"application\/ld+json\" class=\"yoast-schema-graph\">{\"@context\":\"https:\\\/\\\/schema.org\",\"@graph\":[{\"@type\":\"WebPage\",\"@id\":\"https:\\\/\\\/espacemenager2000.fr\\\/produit\\\/rouleau-dentrainement-tacx-flow\\\/\",\"url\":\"https:\\\/\\\/espacemenager2000.fr\\\/produit\\\/rouleau-dentrainement-tacx-flow\\\/\",\"name\":\"Rouleau d'entra\u00eenement Tacx Flow - Promotion - Vente d&#039;\u00c9lectrom\u00e9nager Neuf et Garanti \u00e0 Paris\",\"isPartOf\":{\"@id\":\"https:\\\/\\\/espacemenager2000.fr\\\/#website\"},\"primaryImageOfPage\":{\"@id\":\"https:\\\/\\\/espacemenager2000.fr\\\/produit\\\/rouleau-dentrainement-tacx-flow\\\/#primaryimage\"},\"image\":{\"@id\":\"https:\\\/\\\/espacemenager2000.fr\\\/produit\\\/rouleau-dentrainement-tacx-flow\\\/#primaryimage\"},\"thumbnailUrl\":\"https:\\\/\\\/espacemenager2000.fr\\\/wp-content\\\/uploads\\\/2026\\\/05\\\/tacx-flow-smart-t2240-cycletrainer-1-847794.jpg\",\"datePublished\":\"2025-12-22T16:16:54+00:00\",\"dateModified\":\"2026-05-14T00:21:03+00:00\",\"description\":\"Rouleau d'entra\u00eenement Tacx Flow - Le Flow Smart est con\u00e7u pour fournir une mesure fiable, pr\u00e9cise et coh\u00e9rente de la vitesse, de la puissance et de la cadence sans avoir besoin de capteurs externes.\",\"breadcrumb\":{\"@id\":\"https:\\\/\\\/espacemenager2000.fr\\\/produit\\\/rouleau-dentrainement-tacx-flow\\\/#breadcrumb\"},\"inLanguage\":\"en-US\",\"potentialAction\":[{\"@type\":\"ReadAction\",\"target\":[\"https:\\\/\\\/espacemenager2000.fr\\\/produit\\\/rouleau-dentrainement-tacx-flow\\\/\"]}]},{\"@type\":\"ImageObject\",\"inLanguage\":\"en-US\",\"@id\":\"https:\\\/\\\/espacemenager2000.fr\\\/produit\\\/rouleau-dentrainement-tacx-flow\\\/#primaryimage\",\"url\":\"https:\\\/\\\/espacemenager2000.fr\\\/wp-content\\\/uploads\\\/2026\\\/05\\\/tacx-flow-smart-t2240-cycletrainer-1-847794.jpg\",\"contentUrl\":\"https:\\\/\\\/espacemenager2000.fr\\\/wp-content\\\/uploads\\\/2026\\\/05\\\/tacx-flow-smart-t2240-cycletrainer-1-847794.jpg\",\"width\":1200,\"height\":1200},{\"@type\":\"BreadcrumbList\",\"@id\":\"https:\\\/\\\/espacemenager2000.fr\\\/produit\\\/rouleau-dentrainement-tacx-flow\\\/#breadcrumb\",\"itemListElement\":[{\"@type\":\"ListItem\",\"position\":1,\"name\":\"Accueil\",\"item\":\"https:\\\/\\\/espacemenager2000.fr\\\/\"},{\"@type\":\"ListItem\",\"position\":2,\"name\":\"Boutique\",\"item\":\"https:\\\/\\\/espacemenager2000.fr\\\/boutique\\\/\"},{\"@type\":\"ListItem\",\"position\":3,\"name\":\"Rouleau d&#8217;entra\u00eenement Tacx Flow\"}]},{\"@type\":\"WebSite\",\"@id\":\"https:\\\/\\\/espacemenager2000.fr\\\/#website\",\"url\":\"https:\\\/\\\/espacemenager2000.fr\\\/\",\"name\":\"Espace Menager 2000\",\"description\":\"Expert en \u00e9lectrom\u00e9nager depuis 2001, Espace M\u00e9nager 2000 vous propose une large gamme de produits : lave-linge, r\u00e9frig\u00e9rateurs, \u00e9lectronique et fitness. Profitez de notre savoir-faire en vente, r\u00e9paration et d\u00e9pannage. Livraison rapide dans toute la zone Euro. Qualit\u00e9 et service garantis.\",\"publisher\":{\"@id\":\"https:\\\/\\\/espacemenager2000.fr\\\/#organization\"},\"potentialAction\":[{\"@type\":\"SearchAction\",\"target\":{\"@type\":\"EntryPoint\",\"urlTemplate\":\"https:\\\/\\\/espacemenager2000.fr\\\/?s={search_term_string}\"},\"query-input\":{\"@type\":\"PropertyValueSpecification\",\"valueRequired\":true,\"valueName\":\"search_term_string\"}}],\"inLanguage\":\"en-US\"},{\"@type\":\"Organization\",\"@id\":\"https:\\\/\\\/espacemenager2000.fr\\\/#organization\",\"name\":\"Espace Menager 2000\",\"url\":\"https:\\\/\\\/espacemenager2000.fr\\\/\",\"logo\":{\"@type\":\"ImageObject\",\"inLanguage\":\"en-US\",\"@id\":\"https:\\\/\\\/espacemenager2000.fr\\\/#\\\/schema\\\/logo\\\/image\\\/\",\"url\":\"https:\\\/\\\/espacemenager2000.fr\\\/wp-content\\\/uploads\\\/2026\\\/05\\\/Fav-Em2000.png\",\"contentUrl\":\"https:\\\/\\\/espacemenager2000.fr\\\/wp-content\\\/uploads\\\/2026\\\/05\\\/Fav-Em2000.png\",\"width\":369,\"height\":369,\"caption\":\"Espace Menager 2000\"},\"image\":{\"@id\":\"https:\\\/\\\/espacemenager2000.fr\\\/#\\\/schema\\\/logo\\\/image\\\/\"},\"sameAs\":[\"https:\\\/\\\/www.facebook.com\\\/p\\\/Espace-menager-2000-100068469618146\\\/\"]}]}<\/script>\n<!-- \/ Yoast SEO plugin. -->","yoast_head_json":{"title":"Rouleau d'entra\u00eenement Tacx Flow - Promotion - Vente d&#039;\u00c9lectrom\u00e9nager Neuf et Garanti \u00e0 Paris","description":"Rouleau d'entra\u00eenement Tacx Flow - Le Flow Smart est con\u00e7u pour fournir une mesure fiable, pr\u00e9cise et coh\u00e9rente de la vitesse, de la puissance et de la cadence sans avoir besoin de capteurs externes.","robots":{"index":"index","follow":"follow","max-snippet":"max-snippet:-1","max-image-preview":"max-image-preview:large","max-video-preview":"max-video-preview:-1"},"canonical":"https:\/\/espacemenager2000.fr\/en\/product\/rouleau-dentrainement-tacx-flow\/","og_locale":"en_US","og_type":"article","og_title":"Rouleau d'entra\u00eenement Tacx Flow - Promotion - Vente d&#039;\u00c9lectrom\u00e9nager Neuf et Garanti \u00e0 Paris","og_description":"Rouleau d'entra\u00eenement Tacx Flow - Le Flow Smart est con\u00e7u pour fournir une mesure fiable, pr\u00e9cise et coh\u00e9rente de la vitesse, de la puissance et de la cadence sans avoir besoin de capteurs externes.","og_url":"https:\/\/espacemenager2000.fr\/en\/product\/rouleau-dentrainement-tacx-flow\/","og_site_name":"Vente d&#039;\u00c9lectrom\u00e9nager Neuf et Garanti \u00e0 Paris","article_publisher":"https:\/\/www.facebook.com\/p\/Espace-menager-2000-100068469618146\/","article_modified_time":"2026-05-14T00:21:03+00:00","og_image":[{"width":1200,"height":1200,"url":"https:\/\/espacemenager2000.fr\/wp-content\/uploads\/2026\/05\/tacx-flow-smart-t2240-cycletrainer-1-847794.jpg","type":"image\/jpeg"}],"twitter_card":"summary_large_image","twitter_misc":{"Est. reading time":"8 minutes"},"schema":{"@context":"https:\/\/schema.org","@graph":[{"@type":"WebPage","@id":"https:\/\/espacemenager2000.fr\/produit\/rouleau-dentrainement-tacx-flow\/","url":"https:\/\/espacemenager2000.fr\/produit\/rouleau-dentrainement-tacx-flow\/","name":"Rouleau d'entra\u00eenement Tacx Flow - Promotion - Vente d&#039;\u00c9lectrom\u00e9nager Neuf et Garanti \u00e0 Paris","isPartOf":{"@id":"https:\/\/espacemenager2000.fr\/#website"},"primaryImageOfPage":{"@id":"https:\/\/espacemenager2000.fr\/produit\/rouleau-dentrainement-tacx-flow\/#primaryimage"},"image":{"@id":"https:\/\/espacemenager2000.fr\/produit\/rouleau-dentrainement-tacx-flow\/#primaryimage"},"thumbnailUrl":"https:\/\/espacemenager2000.fr\/wp-content\/uploads\/2026\/05\/tacx-flow-smart-t2240-cycletrainer-1-847794.jpg","datePublished":"2025-12-22T16:16:54+00:00","dateModified":"2026-05-14T00:21:03+00:00","description":"Rouleau d'entra\u00eenement Tacx Flow - Le Flow Smart est con\u00e7u pour fournir une mesure fiable, pr\u00e9cise et coh\u00e9rente de la vitesse, de la puissance et de la cadence sans avoir besoin de capteurs externes.","breadcrumb":{"@id":"https:\/\/espacemenager2000.fr\/produit\/rouleau-dentrainement-tacx-flow\/#breadcrumb"},"inLanguage":"en-US","potentialAction":[{"@type":"ReadAction","target":["https:\/\/espacemenager2000.fr\/produit\/rouleau-dentrainement-tacx-flow\/"]}]},{"@type":"ImageObject","inLanguage":"en-US","@id":"https:\/\/espacemenager2000.fr\/produit\/rouleau-dentrainement-tacx-flow\/#primaryimage","url":"https:\/\/espacemenager2000.fr\/wp-content\/uploads\/2026\/05\/tacx-flow-smart-t2240-cycletrainer-1-847794.jpg","contentUrl":"https:\/\/espacemenager2000.fr\/wp-content\/uploads\/2026\/05\/tacx-flow-smart-t2240-cycletrainer-1-847794.jpg","width":1200,"height":1200},{"@type":"BreadcrumbList","@id":"https:\/\/espacemenager2000.fr\/produit\/rouleau-dentrainement-tacx-flow\/#breadcrumb","itemListElement":[{"@type":"ListItem","position":1,"name":"Accueil","item":"https:\/\/espacemenager2000.fr\/"},{"@type":"ListItem","position":2,"name":"Boutique","item":"https:\/\/espacemenager2000.fr\/boutique\/"},{"@type":"ListItem","position":3,"name":"Rouleau d&#8217;entra\u00eenement Tacx Flow"}]},{"@type":"WebSite","@id":"https:\/\/espacemenager2000.fr\/#website","url":"https:\/\/espacemenager2000.fr\/","name":"Espace Menager 2000","description":"Expert en \u00e9lectrom\u00e9nager depuis 2001, Espace M\u00e9nager 2000 vous propose une large gamme de produits : lave-linge, r\u00e9frig\u00e9rateurs, \u00e9lectronique et fitness. Profitez de notre savoir-faire en vente, r\u00e9paration et d\u00e9pannage. Livraison rapide dans toute la zone Euro. Qualit\u00e9 et service garantis.","publisher":{"@id":"https:\/\/espacemenager2000.fr\/#organization"},"potentialAction":[{"@type":"SearchAction","target":{"@type":"EntryPoint","urlTemplate":"https:\/\/espacemenager2000.fr\/?s={search_term_string}"},"query-input":{"@type":"PropertyValueSpecification","valueRequired":true,"valueName":"search_term_string"}}],"inLanguage":"en-US"},{"@type":"Organization","@id":"https:\/\/espacemenager2000.fr\/#organization","name":"Espace Menager 2000","url":"https:\/\/espacemenager2000.fr\/","logo":{"@type":"ImageObject","inLanguage":"en-US","@id":"https:\/\/espacemenager2000.fr\/#\/schema\/logo\/image\/","url":"https:\/\/espacemenager2000.fr\/wp-content\/uploads\/2026\/05\/Fav-Em2000.png","contentUrl":"https:\/\/espacemenager2000.fr\/wp-content\/uploads\/2026\/05\/Fav-Em2000.png","width":369,"height":369,"caption":"Espace Menager 2000"},"image":{"@id":"https:\/\/espacemenager2000.fr\/#\/schema\/logo\/image\/"},"sameAs":["https:\/\/www.facebook.com\/p\/Espace-menager-2000-100068469618146\/"]}]}},"_links":{"self":[{"href":"https:\/\/espacemenager2000.fr\/en\/wp-json\/wp\/v2\/product\/1385","targetHints":{"allow":["GET"]}}],"collection":[{"href":"https:\/\/espacemenager2000.fr\/en\/wp-json\/wp\/v2\/product"}],"about":[{"href":"https:\/\/espacemenager2000.fr\/en\/wp-json\/wp\/v2\/types\/product"}],"replies":[{"embeddable":true,"href":"https:\/\/espacemenager2000.fr\/en\/wp-json\/wp\/v2\/comments?post=1385"}],"wp:featuredmedia":[{"embeddable":true,"href":"https:\/\/espacemenager2000.fr\/en\/wp-json\/wp\/v2\/media\/1386"}],"wp:attachment":[{"href":"https:\/\/espacemenager2000.fr\/en\/wp-json\/wp\/v2\/media?parent=1385"}],"wp:term":[{"taxonomy":"product_brand","embeddable":true,"href":"https:\/\/espacemenager2000.fr\/en\/wp-json\/wp\/v2\/product_brand?post=1385"},{"taxonomy":"product_cat","embeddable":true,"href":"https:\/\/espacemenager2000.fr\/en\/wp-json\/wp\/v2\/product_cat?post=1385"},{"taxonomy":"product_tag","embeddable":true,"href":"https:\/\/espacemenager2000.fr\/en\/wp-json\/wp\/v2\/product_tag?post=1385"}],"curies":[{"name":"wp","href":"https:\/\/api.w.org\/{rel}","templated":true}]}}