{"id":13725,"date":"2026-05-10T20:49:31","date_gmt":"2026-05-10T20:49:31","guid":{"rendered":"https:\/\/espacemenager2000.fr\/?post_type=product&#038;p=13725"},"modified":"2026-05-10T20:49:32","modified_gmt":"2026-05-10T20:49:32","slug":"velo-indoor-cycling-bh-h925-duke-magnetic","status":"publish","type":"product","link":"https:\/\/espacemenager2000.fr\/en\/product\/velo-indoor-cycling-bh-h925-duke-magnetic\/","title":{"rendered":"V\u00e9lo Indoor Cycling BH H925 Duke Magnetic"},"content":{"rendered":"<h2>V\u00e9lo Indoor Cycling BH H925 Duke Magnetic<\/h2>\n<p>Le\u00a0<strong>v\u00e9lo de cycle indoor Duke Magnetic<\/strong> ou BH H925 Duke Magnetic r\u00e9pond aux besoins des sportifs les plus exigeants. Il est la derni\u00e8re cr\u00e9ation BH sur le secteur du cycle indoor professionnel. C&#8217;est un produit int\u00e9grant les technologies les plus innovantes ainsi que la plus haute ma\u00eetrise de conception biom\u00e9canique sur un entra\u00eenement cardiovasculaire.<\/p>\n<h3>Caract\u00e9ristiques V\u00e9lo Indoor Cycling BH H925 Duke Magnetic<\/h3>\n<div class=\"inner entradilla\">\n<h4 class=\"title-level2\">Pour quel type de client est con\u00e7u ce produit professionnel?<\/h4>\n<ul class=\"lista-bloques\">\n<li>Pour les\u00a0<strong>particuliers<\/strong>\u00a0qui d\u00e9sirent poss\u00e9der la gamme\u00a0<strong>la plus performante possible<\/strong>.<\/li>\n<li><strong>Pour le secteur professionnel<\/strong>. Il s` agit de produits sp\u00e9cialement de qualit\u00e9, avec une garantie et un prix adapt\u00e9s aux besoins de ce secteur.<\/li>\n<li>Si vous voulez plus d\u2019informations, visitez notre section sp\u00e9cifique\u00a0<a href=\"https:\/\/www.fitnessdigital.fr\/salles-de-sports-professionnelles\/pro\/gen\/\">professionnel<\/a>.<\/li>\n<\/ul>\n<\/div>\n<div class=\"contenido\">\n<div align=\"justify\">\n<p><strong>V\u00e9lo Indoor Cycling BH H925 DUKE Magnetic<\/strong>: Produit BH avec\u00a0<strong>garantie professionnel<\/strong><\/p>\n<\/div>\n<div align=\"justify\">\n<div>\n<p><img decoding=\"async\" class=\"lazy-content img-fluid\" src=\"https:\/\/www.fitnessdigital.com\/images\/productos\/detalles\/bh\/bh-duke-magnetic.jpg\" alt=\"\" \/><\/p>\n<\/div>\n<\/div>\n<p>Le\u00a0<strong>v\u00e9lo de cycle indoor Duke Magnetic<\/strong>\u00a0r\u00e9pond aux besoins des sportifs les plus exigeants. Il est la derni\u00e8re cr\u00e9ation BH sur le secteur du cycle indoor professionnel. C&#8217;est un produit int\u00e9grant les technologies les plus innovantes ainsi que la plus haute ma\u00eetrise de conception biom\u00e9canique sur un entra\u00eenement cardiovasculaire.<\/p>\n<\/div>\n<div><\/div>\n<h5 class=\"contenido\">Le soin des d\u00e9tails, sa conception minutieuse et son innovant syst\u00e8me de frein magn\u00e9tique vont enti\u00e8rement r\u00e9volutionner les classes de cycle indoor dans votre gymnase et attireront de nouveaux utilisateurs. BH a d\u00e9velopp\u00e9 un syst\u00e8me avec frein magn\u00e9tique qui va totalement modifier et r\u00e9volutionner les sensations de p\u00e9dalage, pour que l&#8217;utilisateur puisse b\u00e9n\u00e9ficier au maximum des classes et vivre une exp\u00e9rience sensationnelle.<\/h5>\n<p><strong>\u00b7 Syst\u00e8me de frein magn\u00e9tique<\/strong>\u00a0avec levier de 16 niveaux. P\u00e9dalage silencieux et en douceur avec diff\u00e9rentes tensions.<\/p>\n<p><strong>\u00b7 Moniteur LCD auto-aliment\u00e9 avec Backlighting<\/strong>\u00a0\u00e1u guidon central. Information montr\u00e9e sur l&#8217;\u00e9cran:<br \/>\n&#8211; Niveau<br \/>\n&#8211; Tours par minute<br \/>\n&#8211; Pouls<br \/>\n&#8211; Calories<br \/>\n&#8211; Watts<br \/>\n&#8211; Distancie<br \/>\n&#8211; Temps<br \/>\n&#8211; Horloge<br \/>\n<strong><br \/>\n\u00b7 Design avec importante \u00e9tude biom\u00e9canique.<\/strong><br \/>\nGaranti des mouvements souples, naturels, et avec une grande concentration musculaire.<\/p>\n<p>\u00b7 Con\u00e7u pour un nettoyage,\u00a0<strong>rangement et transport<\/strong>\u00a0des plus faciles.<\/p>\n<p><strong>\u00b7 Guidon central de triathlon r\u00e9glable en hauteur<\/strong>\u00a0jusqu\u2019\u00e0 17 niveaux et en profondeur jusqu\u2019\u00e0 19 niveaux. Avec des poign\u00e9es multi-position et recouvrement sp\u00e9cial anti-sueur.<br \/>\n<strong><br \/>\n\u00b7 Selle r\u00e9glable en hauteur\u00a0<\/strong>jusqu\u2019\u00e0 17 niveaux et en profondeur jusqu\u2019\u00e0 19 niveaux.<\/p>\n<p><strong>\u00b7 Garde-boue<\/strong>\u00a0sur roue avant, contre le sueur.<\/p>\n<p><strong>\u00b7 Blocage rapide d\u2019urgence,<\/strong>\u00a0pour un exercice plus s\u00fbr.<\/p>\n<p><strong>\u00b7 P\u00e9dales mixtes SPD-trekking:<\/strong>\u00a0Ajustables \u00e0 tout type de chaussure<\/p>\n<p><strong>\u00b7 Pedalier:<\/strong>\u00a0Extremement r\u00e9sistant en acier<\/p>\n<p><strong>\u00b7 Peinture:<\/strong>\u00a0Rev\u00eatue de 2 couches de peinture en poudre<\/p>\n<p><strong>\u00b7 Protection:\u00a0<\/strong>Traitement complet anti-corrosion. Acier inoxydable sur toutes les parties mobiles<\/p>\n<p><strong>\u00b7 Pattes ajustables<\/strong>\u00a0pour garantir un equilibre optimal<\/p>\n<div>\n<div class=\"wrap\">\n<div class=\"col-5-8 tb-col-5-8 center-block txt-center\">\n<div class=\"video-item\">\n<div class=\"video-container iframe-container text-center no-panoramic\">\n<div class=\"youtube-player\" data-id=\"https:\/\/www.youtube.com\/embed\/xyHPD7ra_Lk?rel=0&amp;autoplay=1&amp;wmode=opaque\">\n<div class=\"youtube-thumb\"><img decoding=\"async\" class=\"lazy-content img-fluid\" src=\"https:\/\/i1.ytimg.com\/vi\/xyHPD7ra_Lk\/hqdefault.jpg\" alt=\"https:\/\/i1.ytimg.com\/vi\/xyHPD7ra_Lk\/hqdefault.jpg\" \/><\/div>\n<div class=\"play-button\"><\/div>\n<\/div>\n<\/div>\n<\/div>\n<\/div>\n<\/div>\n<\/div>\n<h5 class=\"contenido\"><span style=\"color: ff6600;\"><strong>Sp\u00e9cification<\/strong><\/span><\/h5>\n<div><\/div>\n<div class=\"contenido\">Resistance: Magn\u00e9tique<br \/>\n\u00b7 S\u00e9lecteur: Levier de 16 niveaux<br \/>\n\u00b7 Ergom\u00e8tre r\u00e9el de watts : Oui<br \/>\n\u00b7 Hauteur: 117 cm<br \/>\n\u00b7 Longueur: 104 cm<br \/>\n\u00b7 Distance entre la selle et les p\u00e9dales: 76-107 cm<br \/>\n\u00b7 Distance entre la selle et le guidon: 68-90 cm<br \/>\n\u00b7 Largeur: 63 cm<br \/>\n\u00b7 Surface occup\u00e9e: 0,66 m2<br \/>\n\u00b7 Poids: 43Kg.<br \/>\n\u00b7 Poids maximum de l\u2019utilisateur: 115 kg.<br \/>\n\u00b7 Type de volant: Aluminium<br \/>\n\u00b7 Flywheel: Volant d&#8217;inertie avant<br \/>\n\u00b7 Garde-boue sur volant: Oui<br \/>\n\u00b7 Structure: Acier<br \/>\n\u00b7 Transmission: Courroie Poli-V<br \/>\n\u00b7 P\u00e9dales: Mixtes SPD-trekking<br \/>\n\u00b7 R\u00e9glage vertical de la selle: Oui<br \/>\n\u00b7 R\u00e9glage horizontal de la selle: Oui<br \/>\n\u00b7 Horiz. Adjust. Handlebar: Oui<br \/>\n\u00b7 Vert. Adjust. Handlebar: Oui<br \/>\n\u00b7 \u00c9cran: Moniteur LCD auto-aliment\u00e9 avec Backlighting \u00e1u guidon central. Information montr\u00e9e sur l&#8217;\u00e9cran: &#8211; Niveau &#8211; Tours par minute &#8211; Pouls &#8211; Calories &#8211; Watts &#8211; Distancie &#8211; Temps &#8211; Horloge<br \/>\n\u00b7 Roues: Oui<br \/>\n\u00b7 Porte-bidons: Oui<\/p>\n<div id=\"first-video\"><\/div>\n<\/div>","protected":false},"excerpt":{"rendered":"<div class=\"product attribute overview\">\n<div class=\"value\">Le\u00a0<strong>v\u00e9lo de cycle indoor Duke Magnetic<\/strong>\u00a0r\u00e9pond aux besoins des sportifs les plus exigeants. Il est la derni\u00e8re cr\u00e9ation BH sur le secteur du cycle indoor professionnel. C&#8217;est un produit int\u00e9grant les technologies les plus innovantes ainsi que la plus haute ma\u00eetrise de conception biom\u00e9canique sur un entra\u00eenement cardiovasculaire.<\/div>\n<\/div>","protected":false},"featured_media":13729,"comment_status":"open","ping_status":"closed","template":"","meta":[],"product_brand":[16],"product_cat":[17,18,19,50],"product_tag":[47],"class_list":{"0":"post-13725","1":"product","2":"type-product","3":"status-publish","4":"has-post-thumbnail","6":"product_brand-bh","7":"product_cat-bons-plans","8":"product_cat-promotions","9":"product_cat-training-fitness","10":"product_cat-velos-de-biking","11":"product_tag-velo-dappartement","13":"first","14":"instock","15":"shipping-taxable","16":"purchasable","17":"product-type-simple"},"yoast_head":"<!-- This site is optimized with the Yoast SEO plugin v27.6 - https:\/\/yoast.com\/product\/yoast-seo-wordpress\/ -->\n<title>BH H925 Duke Magnetic - Promotion - Vente d&#039;\u00c9lectrom\u00e9nager Neuf et Garanti \u00e0 Paris<\/title>\n<meta name=\"description\" content=\"V\u00e9lo Indoor Cycling BH H925 Duke Magnetic - Il est la derni\u00e8re cr\u00e9ation BH sur le secteur du cycle indoor professionnel. C&#039;est un produit int\u00e9grant les technologies les plus innovantes ainsi que la plus haute ma\u00eetrise de conception biom\u00e9canique sur un entra\u00eenement cardiovasculaire.\" \/>\n<meta name=\"robots\" content=\"index, follow, max-snippet:-1, max-image-preview:large, max-video-preview:-1\" \/>\n<link rel=\"canonical\" href=\"https:\/\/espacemenager2000.fr\/en\/product\/velo-indoor-cycling-bh-h925-duke-magnetic\/\" \/>\n<meta property=\"og:locale\" content=\"en_US\" \/>\n<meta property=\"og:type\" content=\"article\" \/>\n<meta property=\"og:title\" content=\"BH H925 Duke Magnetic - Promotion - Vente d&#039;\u00c9lectrom\u00e9nager Neuf et Garanti \u00e0 Paris\" \/>\n<meta property=\"og:description\" content=\"V\u00e9lo Indoor Cycling BH H925 Duke Magnetic - Il est la derni\u00e8re cr\u00e9ation BH sur le secteur du cycle indoor professionnel. C&#039;est un produit int\u00e9grant les technologies les plus innovantes ainsi que la plus haute ma\u00eetrise de conception biom\u00e9canique sur un entra\u00eenement cardiovasculaire.\" \/>\n<meta property=\"og:url\" content=\"https:\/\/espacemenager2000.fr\/en\/product\/velo-indoor-cycling-bh-h925-duke-magnetic\/\" \/>\n<meta property=\"og:site_name\" content=\"Vente d&#039;\u00c9lectrom\u00e9nager Neuf et Garanti \u00e0 Paris\" \/>\n<meta property=\"article:publisher\" content=\"https:\/\/www.facebook.com\/p\/Espace-menager-2000-100068469618146\/\" \/>\n<meta property=\"article:modified_time\" content=\"2026-05-10T20:49:32+00:00\" \/>\n<meta property=\"og:image\" content=\"https:\/\/espacemenager2000.fr\/wp-content\/uploads\/2026\/05\/Velo-Indoor-Cycling-BH-H925-Duke-Magnetic-.jpg\" \/>\n\t<meta property=\"og:image:width\" content=\"800\" \/>\n\t<meta property=\"og:image:height\" content=\"800\" \/>\n\t<meta property=\"og:image:type\" content=\"image\/jpeg\" \/>\n<meta name=\"twitter:card\" content=\"summary_large_image\" \/>\n<meta name=\"twitter:label1\" content=\"Est. reading time\" \/>\n\t<meta name=\"twitter:data1\" content=\"5 minutes\" \/>\n<script type=\"application\/ld+json\" class=\"yoast-schema-graph\">{\"@context\":\"https:\\\/\\\/schema.org\",\"@graph\":[{\"@type\":\"WebPage\",\"@id\":\"https:\\\/\\\/espacemenager2000.fr\\\/produit\\\/velo-indoor-cycling-bh-h925-duke-magnetic\\\/\",\"url\":\"https:\\\/\\\/espacemenager2000.fr\\\/produit\\\/velo-indoor-cycling-bh-h925-duke-magnetic\\\/\",\"name\":\"BH H925 Duke Magnetic - Promotion - Vente d&#039;\u00c9lectrom\u00e9nager Neuf et Garanti \u00e0 Paris\",\"isPartOf\":{\"@id\":\"https:\\\/\\\/espacemenager2000.fr\\\/#website\"},\"primaryImageOfPage\":{\"@id\":\"https:\\\/\\\/espacemenager2000.fr\\\/produit\\\/velo-indoor-cycling-bh-h925-duke-magnetic\\\/#primaryimage\"},\"image\":{\"@id\":\"https:\\\/\\\/espacemenager2000.fr\\\/produit\\\/velo-indoor-cycling-bh-h925-duke-magnetic\\\/#primaryimage\"},\"thumbnailUrl\":\"https:\\\/\\\/espacemenager2000.fr\\\/wp-content\\\/uploads\\\/2026\\\/05\\\/Velo-Indoor-Cycling-BH-H925-Duke-Magnetic-.jpg\",\"datePublished\":\"2026-05-10T20:49:31+00:00\",\"dateModified\":\"2026-05-10T20:49:32+00:00\",\"description\":\"V\u00e9lo Indoor Cycling BH H925 Duke Magnetic - Il est la derni\u00e8re cr\u00e9ation BH sur le secteur du cycle indoor professionnel. C'est un produit int\u00e9grant les technologies les plus innovantes ainsi que la plus haute ma\u00eetrise de conception biom\u00e9canique sur un entra\u00eenement cardiovasculaire.\",\"breadcrumb\":{\"@id\":\"https:\\\/\\\/espacemenager2000.fr\\\/produit\\\/velo-indoor-cycling-bh-h925-duke-magnetic\\\/#breadcrumb\"},\"inLanguage\":\"en-US\",\"potentialAction\":[{\"@type\":\"ReadAction\",\"target\":[\"https:\\\/\\\/espacemenager2000.fr\\\/produit\\\/velo-indoor-cycling-bh-h925-duke-magnetic\\\/\"]}]},{\"@type\":\"ImageObject\",\"inLanguage\":\"en-US\",\"@id\":\"https:\\\/\\\/espacemenager2000.fr\\\/produit\\\/velo-indoor-cycling-bh-h925-duke-magnetic\\\/#primaryimage\",\"url\":\"https:\\\/\\\/espacemenager2000.fr\\\/wp-content\\\/uploads\\\/2026\\\/05\\\/Velo-Indoor-Cycling-BH-H925-Duke-Magnetic-.jpg\",\"contentUrl\":\"https:\\\/\\\/espacemenager2000.fr\\\/wp-content\\\/uploads\\\/2026\\\/05\\\/Velo-Indoor-Cycling-BH-H925-Duke-Magnetic-.jpg\",\"width\":800,\"height\":800},{\"@type\":\"BreadcrumbList\",\"@id\":\"https:\\\/\\\/espacemenager2000.fr\\\/produit\\\/velo-indoor-cycling-bh-h925-duke-magnetic\\\/#breadcrumb\",\"itemListElement\":[{\"@type\":\"ListItem\",\"position\":1,\"name\":\"Accueil\",\"item\":\"https:\\\/\\\/espacemenager2000.fr\\\/\"},{\"@type\":\"ListItem\",\"position\":2,\"name\":\"Boutique\",\"item\":\"https:\\\/\\\/espacemenager2000.fr\\\/boutique\\\/\"},{\"@type\":\"ListItem\",\"position\":3,\"name\":\"V\u00e9lo Indoor Cycling BH H925 Duke Magnetic\"}]},{\"@type\":\"WebSite\",\"@id\":\"https:\\\/\\\/espacemenager2000.fr\\\/#website\",\"url\":\"https:\\\/\\\/espacemenager2000.fr\\\/\",\"name\":\"Espace Menager 2000\",\"description\":\"Expert en \u00e9lectrom\u00e9nager depuis 2001, Espace M\u00e9nager 2000 vous propose une large gamme de produits : lave-linge, r\u00e9frig\u00e9rateurs, \u00e9lectronique et fitness. Profitez de notre savoir-faire en vente, r\u00e9paration et d\u00e9pannage. Livraison rapide dans toute la zone Euro. Qualit\u00e9 et service garantis.\",\"publisher\":{\"@id\":\"https:\\\/\\\/espacemenager2000.fr\\\/#organization\"},\"potentialAction\":[{\"@type\":\"SearchAction\",\"target\":{\"@type\":\"EntryPoint\",\"urlTemplate\":\"https:\\\/\\\/espacemenager2000.fr\\\/?s={search_term_string}\"},\"query-input\":{\"@type\":\"PropertyValueSpecification\",\"valueRequired\":true,\"valueName\":\"search_term_string\"}}],\"inLanguage\":\"en-US\"},{\"@type\":\"Organization\",\"@id\":\"https:\\\/\\\/espacemenager2000.fr\\\/#organization\",\"name\":\"Espace Menager 2000\",\"url\":\"https:\\\/\\\/espacemenager2000.fr\\\/\",\"logo\":{\"@type\":\"ImageObject\",\"inLanguage\":\"en-US\",\"@id\":\"https:\\\/\\\/espacemenager2000.fr\\\/#\\\/schema\\\/logo\\\/image\\\/\",\"url\":\"https:\\\/\\\/espacemenager2000.fr\\\/wp-content\\\/uploads\\\/2026\\\/05\\\/Fav-Em2000.png\",\"contentUrl\":\"https:\\\/\\\/espacemenager2000.fr\\\/wp-content\\\/uploads\\\/2026\\\/05\\\/Fav-Em2000.png\",\"width\":369,\"height\":369,\"caption\":\"Espace Menager 2000\"},\"image\":{\"@id\":\"https:\\\/\\\/espacemenager2000.fr\\\/#\\\/schema\\\/logo\\\/image\\\/\"},\"sameAs\":[\"https:\\\/\\\/www.facebook.com\\\/p\\\/Espace-menager-2000-100068469618146\\\/\"]}]}<\/script>\n<!-- \/ Yoast SEO plugin. -->","yoast_head_json":{"title":"BH H925 Duke Magnetic - Promotion - Vente d&#039;\u00c9lectrom\u00e9nager Neuf et Garanti \u00e0 Paris","description":"V\u00e9lo Indoor Cycling BH H925 Duke Magnetic - Il est la derni\u00e8re cr\u00e9ation BH sur le secteur du cycle indoor professionnel. C'est un produit int\u00e9grant les technologies les plus innovantes ainsi que la plus haute ma\u00eetrise de conception biom\u00e9canique sur un entra\u00eenement cardiovasculaire.","robots":{"index":"index","follow":"follow","max-snippet":"max-snippet:-1","max-image-preview":"max-image-preview:large","max-video-preview":"max-video-preview:-1"},"canonical":"https:\/\/espacemenager2000.fr\/en\/product\/velo-indoor-cycling-bh-h925-duke-magnetic\/","og_locale":"en_US","og_type":"article","og_title":"BH H925 Duke Magnetic - Promotion - Vente d&#039;\u00c9lectrom\u00e9nager Neuf et Garanti \u00e0 Paris","og_description":"V\u00e9lo Indoor Cycling BH H925 Duke Magnetic - Il est la derni\u00e8re cr\u00e9ation BH sur le secteur du cycle indoor professionnel. C'est un produit int\u00e9grant les technologies les plus innovantes ainsi que la plus haute ma\u00eetrise de conception biom\u00e9canique sur un entra\u00eenement cardiovasculaire.","og_url":"https:\/\/espacemenager2000.fr\/en\/product\/velo-indoor-cycling-bh-h925-duke-magnetic\/","og_site_name":"Vente d&#039;\u00c9lectrom\u00e9nager Neuf et Garanti \u00e0 Paris","article_publisher":"https:\/\/www.facebook.com\/p\/Espace-menager-2000-100068469618146\/","article_modified_time":"2026-05-10T20:49:32+00:00","og_image":[{"width":800,"height":800,"url":"https:\/\/espacemenager2000.fr\/wp-content\/uploads\/2026\/05\/Velo-Indoor-Cycling-BH-H925-Duke-Magnetic-.jpg","type":"image\/jpeg"}],"twitter_card":"summary_large_image","twitter_misc":{"Est. reading time":"5 minutes"},"schema":{"@context":"https:\/\/schema.org","@graph":[{"@type":"WebPage","@id":"https:\/\/espacemenager2000.fr\/produit\/velo-indoor-cycling-bh-h925-duke-magnetic\/","url":"https:\/\/espacemenager2000.fr\/produit\/velo-indoor-cycling-bh-h925-duke-magnetic\/","name":"BH H925 Duke Magnetic - Promotion - Vente d&#039;\u00c9lectrom\u00e9nager Neuf et Garanti \u00e0 Paris","isPartOf":{"@id":"https:\/\/espacemenager2000.fr\/#website"},"primaryImageOfPage":{"@id":"https:\/\/espacemenager2000.fr\/produit\/velo-indoor-cycling-bh-h925-duke-magnetic\/#primaryimage"},"image":{"@id":"https:\/\/espacemenager2000.fr\/produit\/velo-indoor-cycling-bh-h925-duke-magnetic\/#primaryimage"},"thumbnailUrl":"https:\/\/espacemenager2000.fr\/wp-content\/uploads\/2026\/05\/Velo-Indoor-Cycling-BH-H925-Duke-Magnetic-.jpg","datePublished":"2026-05-10T20:49:31+00:00","dateModified":"2026-05-10T20:49:32+00:00","description":"V\u00e9lo Indoor Cycling BH H925 Duke Magnetic - Il est la derni\u00e8re cr\u00e9ation BH sur le secteur du cycle indoor professionnel. C'est un produit int\u00e9grant les technologies les plus innovantes ainsi que la plus haute ma\u00eetrise de conception biom\u00e9canique sur un entra\u00eenement cardiovasculaire.","breadcrumb":{"@id":"https:\/\/espacemenager2000.fr\/produit\/velo-indoor-cycling-bh-h925-duke-magnetic\/#breadcrumb"},"inLanguage":"en-US","potentialAction":[{"@type":"ReadAction","target":["https:\/\/espacemenager2000.fr\/produit\/velo-indoor-cycling-bh-h925-duke-magnetic\/"]}]},{"@type":"ImageObject","inLanguage":"en-US","@id":"https:\/\/espacemenager2000.fr\/produit\/velo-indoor-cycling-bh-h925-duke-magnetic\/#primaryimage","url":"https:\/\/espacemenager2000.fr\/wp-content\/uploads\/2026\/05\/Velo-Indoor-Cycling-BH-H925-Duke-Magnetic-.jpg","contentUrl":"https:\/\/espacemenager2000.fr\/wp-content\/uploads\/2026\/05\/Velo-Indoor-Cycling-BH-H925-Duke-Magnetic-.jpg","width":800,"height":800},{"@type":"BreadcrumbList","@id":"https:\/\/espacemenager2000.fr\/produit\/velo-indoor-cycling-bh-h925-duke-magnetic\/#breadcrumb","itemListElement":[{"@type":"ListItem","position":1,"name":"Accueil","item":"https:\/\/espacemenager2000.fr\/"},{"@type":"ListItem","position":2,"name":"Boutique","item":"https:\/\/espacemenager2000.fr\/boutique\/"},{"@type":"ListItem","position":3,"name":"V\u00e9lo Indoor Cycling BH H925 Duke Magnetic"}]},{"@type":"WebSite","@id":"https:\/\/espacemenager2000.fr\/#website","url":"https:\/\/espacemenager2000.fr\/","name":"Espace Menager 2000","description":"Expert en \u00e9lectrom\u00e9nager depuis 2001, Espace M\u00e9nager 2000 vous propose une large gamme de produits : lave-linge, r\u00e9frig\u00e9rateurs, \u00e9lectronique et fitness. Profitez de notre savoir-faire en vente, r\u00e9paration et d\u00e9pannage. Livraison rapide dans toute la zone Euro. Qualit\u00e9 et service garantis.","publisher":{"@id":"https:\/\/espacemenager2000.fr\/#organization"},"potentialAction":[{"@type":"SearchAction","target":{"@type":"EntryPoint","urlTemplate":"https:\/\/espacemenager2000.fr\/?s={search_term_string}"},"query-input":{"@type":"PropertyValueSpecification","valueRequired":true,"valueName":"search_term_string"}}],"inLanguage":"en-US"},{"@type":"Organization","@id":"https:\/\/espacemenager2000.fr\/#organization","name":"Espace Menager 2000","url":"https:\/\/espacemenager2000.fr\/","logo":{"@type":"ImageObject","inLanguage":"en-US","@id":"https:\/\/espacemenager2000.fr\/#\/schema\/logo\/image\/","url":"https:\/\/espacemenager2000.fr\/wp-content\/uploads\/2026\/05\/Fav-Em2000.png","contentUrl":"https:\/\/espacemenager2000.fr\/wp-content\/uploads\/2026\/05\/Fav-Em2000.png","width":369,"height":369,"caption":"Espace Menager 2000"},"image":{"@id":"https:\/\/espacemenager2000.fr\/#\/schema\/logo\/image\/"},"sameAs":["https:\/\/www.facebook.com\/p\/Espace-menager-2000-100068469618146\/"]}]}},"_links":{"self":[{"href":"https:\/\/espacemenager2000.fr\/en\/wp-json\/wp\/v2\/product\/13725","targetHints":{"allow":["GET"]}}],"collection":[{"href":"https:\/\/espacemenager2000.fr\/en\/wp-json\/wp\/v2\/product"}],"about":[{"href":"https:\/\/espacemenager2000.fr\/en\/wp-json\/wp\/v2\/types\/product"}],"replies":[{"embeddable":true,"href":"https:\/\/espacemenager2000.fr\/en\/wp-json\/wp\/v2\/comments?post=13725"}],"wp:featuredmedia":[{"embeddable":true,"href":"https:\/\/espacemenager2000.fr\/en\/wp-json\/wp\/v2\/media\/13729"}],"wp:attachment":[{"href":"https:\/\/espacemenager2000.fr\/en\/wp-json\/wp\/v2\/media?parent=13725"}],"wp:term":[{"taxonomy":"product_brand","embeddable":true,"href":"https:\/\/espacemenager2000.fr\/en\/wp-json\/wp\/v2\/product_brand?post=13725"},{"taxonomy":"product_cat","embeddable":true,"href":"https:\/\/espacemenager2000.fr\/en\/wp-json\/wp\/v2\/product_cat?post=13725"},{"taxonomy":"product_tag","embeddable":true,"href":"https:\/\/espacemenager2000.fr\/en\/wp-json\/wp\/v2\/product_tag?post=13725"}],"curies":[{"name":"wp","href":"https:\/\/api.w.org\/{rel}","templated":true}]}}